{"id":8808,"date":"2016-01-31T17:52:41","date_gmt":"2016-01-31T16:52:41","guid":{"rendered":"https:\/\/cuciroma.com\/product\/juki-2280a-zig-zag-industriale-2\/"},"modified":"2024-06-01T19:20:40","modified_gmt":"2024-06-01T17:20:40","slug":"juki-2280a-zig-zag-industriale","status":"publish","type":"product","link":"https:\/\/cuciroma.com\/en\/prodotto\/juki-2280a-zig-zag-industriale\/","title":{"rendered":"Juki 2280A Zig-Zag Industriale"},"content":{"rendered":"<p>La Juki 2280A \u00e8 una macchina industriale con punto annodato e zig-zag standard ad alta velocit\u00e0, la larghezza generalmente \u00e8 di 5 mm, mentre la versione 2280AB arriva a 8 mm , la velocit\u00e0 massima di cucitura \u00e8 di 5000 punti al minuto, viene montata con tavolo, sostegno e motore elettronico di ultima generazione.<\/p>\n","protected":false},"excerpt":{"rendered":"<p>La Juki 2280A \u00e8 una macchina industriale con punto annodato e zig-zag standard ad alta velocit\u00e0, la larghezza generalmente \u00e8 di 5 mm, mentre la versione 2280AB arriva a 8 mm , la velocit\u00e0 massima di cucitura \u00e8 di 5000 punti al minuto, viene montata con tavolo, sostegno e motore elettronico di ultima generazione.<\/p>\n","protected":false},"featured_media":8732,"comment_status":"closed","ping_status":"closed","template":"","meta":[],"product_brand":[],"product_cat":[165],"product_tag":[],"class_list":{"0":"post-8808","1":"product","2":"type-product","3":"status-publish","4":"has-post-thumbnail","6":"product_cat-juki-lineari-en","7":"pa_trovaprezzi-pubblicato-en","9":"first","10":"instock","11":"taxable","12":"shipping-taxable","13":"product-type-simple"},"yoast_head":"<!-- This site is optimized with the Yoast SEO plugin v27.2 - https:\/\/yoast.com\/product\/yoast-seo-wordpress\/ -->\n<title>Juki 2280A Zig-Zag Industriale - Cuciroma | Macchine da cucire e accessori per il ricamo<\/title>\n<meta name=\"robots\" content=\"index, follow, max-snippet:-1, max-image-preview:large, max-video-preview:-1\" \/>\n<link rel=\"canonical\" href=\"https:\/\/cuciroma.com\/en\/prodotto\/juki-2280a-zig-zag-industriale\/\" \/>\n<meta property=\"og:locale\" content=\"en_US\" \/>\n<meta property=\"og:type\" content=\"article\" \/>\n<meta property=\"og:title\" content=\"Juki 2280A Zig-Zag Industriale - Cuciroma | Macchine da cucire e accessori per il ricamo\" \/>\n<meta property=\"og:description\" content=\"La Juki 2280A \u00e8 una macchina industriale con punto annodato e zig-zag standard ad alta velocit\u00e0, la larghezza generalmente \u00e8 di 5 mm, mentre la versione 2280AB arriva a 8 mm , la velocit\u00e0 massima di cucitura \u00e8 di 5000 punti al minuto, viene montata con tavolo, sostegno e motore elettronico di ultima generazione.\" \/>\n<meta property=\"og:url\" content=\"https:\/\/cuciroma.com\/en\/prodotto\/juki-2280a-zig-zag-industriale\/\" \/>\n<meta property=\"og:site_name\" content=\"Cuciroma | Macchine da cucire e accessori per il ricamo\" \/>\n<meta property=\"article:publisher\" content=\"https:\/\/www.facebook.com\/cuciroma\/\" \/>\n<meta property=\"article:modified_time\" content=\"2024-06-01T17:20:40+00:00\" \/>\n<meta property=\"og:image\" content=\"https:\/\/cuciroma.com\/wp-content\/uploads\/2016\/01\/zig_zag_juki__LZ-2280.jpg\" \/>\n\t<meta property=\"og:image:width\" content=\"550\" \/>\n\t<meta property=\"og:image:height\" content=\"331\" \/>\n\t<meta property=\"og:image:type\" content=\"image\/jpeg\" \/>\n<meta name=\"twitter:card\" content=\"summary_large_image\" \/>\n<script type=\"application\/ld+json\" class=\"yoast-schema-graph\">{\"@context\":\"https:\/\/schema.org\",\"@graph\":[{\"@type\":\"WebPage\",\"@id\":\"https:\/\/cuciroma.com\/en\/prodotto\/juki-2280a-zig-zag-industriale\/\",\"url\":\"https:\/\/cuciroma.com\/en\/prodotto\/juki-2280a-zig-zag-industriale\/\",\"name\":\"Juki 2280A Zig-Zag Industriale - Cuciroma | Macchine da cucire e accessori per il ricamo\",\"isPartOf\":{\"@id\":\"https:\/\/cuciroma.com\/#website\"},\"primaryImageOfPage\":{\"@id\":\"https:\/\/cuciroma.com\/en\/prodotto\/juki-2280a-zig-zag-industriale\/#primaryimage\"},\"image\":{\"@id\":\"https:\/\/cuciroma.com\/en\/prodotto\/juki-2280a-zig-zag-industriale\/#primaryimage\"},\"thumbnailUrl\":\"https:\/\/cuciroma.com\/wp-content\/uploads\/2016\/01\/zig_zag_juki__LZ-2280.jpg\",\"datePublished\":\"2016-01-31T16:52:41+00:00\",\"dateModified\":\"2024-06-01T17:20:40+00:00\",\"breadcrumb\":{\"@id\":\"https:\/\/cuciroma.com\/en\/prodotto\/juki-2280a-zig-zag-industriale\/#breadcrumb\"},\"inLanguage\":\"en-US\",\"potentialAction\":[{\"@type\":\"ReadAction\",\"target\":[\"https:\/\/cuciroma.com\/en\/prodotto\/juki-2280a-zig-zag-industriale\/\"]}]},{\"@type\":\"ImageObject\",\"inLanguage\":\"en-US\",\"@id\":\"https:\/\/cuciroma.com\/en\/prodotto\/juki-2280a-zig-zag-industriale\/#primaryimage\",\"url\":\"https:\/\/cuciroma.com\/wp-content\/uploads\/2016\/01\/zig_zag_juki__LZ-2280.jpg\",\"contentUrl\":\"https:\/\/cuciroma.com\/wp-content\/uploads\/2016\/01\/zig_zag_juki__LZ-2280.jpg\",\"width\":550,\"height\":331},{\"@type\":\"BreadcrumbList\",\"@id\":\"https:\/\/cuciroma.com\/en\/prodotto\/juki-2280a-zig-zag-industriale\/#breadcrumb\",\"itemListElement\":[{\"@type\":\"ListItem\",\"position\":1,\"name\":\"Shop On line\",\"item\":\"https:\/\/cuciroma.com\/shop\/\"},{\"@type\":\"ListItem\",\"position\":2,\"name\":\"Juki 2280A Zig-Zag Industriale\"}]},{\"@type\":\"WebSite\",\"@id\":\"https:\/\/cuciroma.com\/#website\",\"url\":\"https:\/\/cuciroma.com\/\",\"name\":\"Cuciroma | Macchine da cucire e accessori per il ricamo\",\"description\":\"Rivenditore e Assistenza autorizzata Macchine da Cucire Professionali\",\"publisher\":{\"@id\":\"https:\/\/cuciroma.com\/#organization\"},\"potentialAction\":[{\"@type\":\"SearchAction\",\"target\":{\"@type\":\"EntryPoint\",\"urlTemplate\":\"https:\/\/cuciroma.com\/?s={search_term_string}\"},\"query-input\":{\"@type\":\"PropertyValueSpecification\",\"valueRequired\":true,\"valueName\":\"search_term_string\"}}],\"inLanguage\":\"en-US\"},{\"@type\":\"Organization\",\"@id\":\"https:\/\/cuciroma.com\/#organization\",\"name\":\"Cuciroma\",\"url\":\"https:\/\/cuciroma.com\/\",\"logo\":{\"@type\":\"ImageObject\",\"inLanguage\":\"en-US\",\"@id\":\"https:\/\/cuciroma.com\/#\/schema\/logo\/image\/\",\"url\":\"https:\/\/cuciroma.com\/wp-content\/uploads\/2020\/07\/logo-cuciroma.png\",\"contentUrl\":\"https:\/\/cuciroma.com\/wp-content\/uploads\/2020\/07\/logo-cuciroma.png\",\"width\":565,\"height\":159,\"caption\":\"Cuciroma\"},\"image\":{\"@id\":\"https:\/\/cuciroma.com\/#\/schema\/logo\/image\/\"},\"sameAs\":[\"https:\/\/www.facebook.com\/cuciroma\/\",\"https:\/\/www.instagram.com\/cuciroma\/\"]}]}<\/script>\n<!-- \/ Yoast SEO plugin. -->","yoast_head_json":{"title":"Juki 2280A Zig-Zag Industriale - Cuciroma | Macchine da cucire e accessori per il ricamo","robots":{"index":"index","follow":"follow","max-snippet":"max-snippet:-1","max-image-preview":"max-image-preview:large","max-video-preview":"max-video-preview:-1"},"canonical":"https:\/\/cuciroma.com\/en\/prodotto\/juki-2280a-zig-zag-industriale\/","og_locale":"en_US","og_type":"article","og_title":"Juki 2280A Zig-Zag Industriale - Cuciroma | Macchine da cucire e accessori per il ricamo","og_description":"La Juki 2280A \u00e8 una macchina industriale con punto annodato e zig-zag standard ad alta velocit\u00e0, la larghezza generalmente \u00e8 di 5 mm, mentre la versione 2280AB arriva a 8 mm , la velocit\u00e0 massima di cucitura \u00e8 di 5000 punti al minuto, viene montata con tavolo, sostegno e motore elettronico di ultima generazione.","og_url":"https:\/\/cuciroma.com\/en\/prodotto\/juki-2280a-zig-zag-industriale\/","og_site_name":"Cuciroma | Macchine da cucire e accessori per il ricamo","article_publisher":"https:\/\/www.facebook.com\/cuciroma\/","article_modified_time":"2024-06-01T17:20:40+00:00","og_image":[{"width":550,"height":331,"url":"https:\/\/cuciroma.com\/wp-content\/uploads\/2016\/01\/zig_zag_juki__LZ-2280.jpg","type":"image\/jpeg"}],"twitter_card":"summary_large_image","schema":{"@context":"https:\/\/schema.org","@graph":[{"@type":"WebPage","@id":"https:\/\/cuciroma.com\/en\/prodotto\/juki-2280a-zig-zag-industriale\/","url":"https:\/\/cuciroma.com\/en\/prodotto\/juki-2280a-zig-zag-industriale\/","name":"Juki 2280A Zig-Zag Industriale - Cuciroma | Macchine da cucire e accessori per il ricamo","isPartOf":{"@id":"https:\/\/cuciroma.com\/#website"},"primaryImageOfPage":{"@id":"https:\/\/cuciroma.com\/en\/prodotto\/juki-2280a-zig-zag-industriale\/#primaryimage"},"image":{"@id":"https:\/\/cuciroma.com\/en\/prodotto\/juki-2280a-zig-zag-industriale\/#primaryimage"},"thumbnailUrl":"https:\/\/cuciroma.com\/wp-content\/uploads\/2016\/01\/zig_zag_juki__LZ-2280.jpg","datePublished":"2016-01-31T16:52:41+00:00","dateModified":"2024-06-01T17:20:40+00:00","breadcrumb":{"@id":"https:\/\/cuciroma.com\/en\/prodotto\/juki-2280a-zig-zag-industriale\/#breadcrumb"},"inLanguage":"en-US","potentialAction":[{"@type":"ReadAction","target":["https:\/\/cuciroma.com\/en\/prodotto\/juki-2280a-zig-zag-industriale\/"]}]},{"@type":"ImageObject","inLanguage":"en-US","@id":"https:\/\/cuciroma.com\/en\/prodotto\/juki-2280a-zig-zag-industriale\/#primaryimage","url":"https:\/\/cuciroma.com\/wp-content\/uploads\/2016\/01\/zig_zag_juki__LZ-2280.jpg","contentUrl":"https:\/\/cuciroma.com\/wp-content\/uploads\/2016\/01\/zig_zag_juki__LZ-2280.jpg","width":550,"height":331},{"@type":"BreadcrumbList","@id":"https:\/\/cuciroma.com\/en\/prodotto\/juki-2280a-zig-zag-industriale\/#breadcrumb","itemListElement":[{"@type":"ListItem","position":1,"name":"Shop On line","item":"https:\/\/cuciroma.com\/shop\/"},{"@type":"ListItem","position":2,"name":"Juki 2280A Zig-Zag Industriale"}]},{"@type":"WebSite","@id":"https:\/\/cuciroma.com\/#website","url":"https:\/\/cuciroma.com\/","name":"Cuciroma | Macchine da cucire e accessori per il ricamo","description":"Rivenditore e Assistenza autorizzata Macchine da Cucire Professionali","publisher":{"@id":"https:\/\/cuciroma.com\/#organization"},"potentialAction":[{"@type":"SearchAction","target":{"@type":"EntryPoint","urlTemplate":"https:\/\/cuciroma.com\/?s={search_term_string}"},"query-input":{"@type":"PropertyValueSpecification","valueRequired":true,"valueName":"search_term_string"}}],"inLanguage":"en-US"},{"@type":"Organization","@id":"https:\/\/cuciroma.com\/#organization","name":"Cuciroma","url":"https:\/\/cuciroma.com\/","logo":{"@type":"ImageObject","inLanguage":"en-US","@id":"https:\/\/cuciroma.com\/#\/schema\/logo\/image\/","url":"https:\/\/cuciroma.com\/wp-content\/uploads\/2020\/07\/logo-cuciroma.png","contentUrl":"https:\/\/cuciroma.com\/wp-content\/uploads\/2020\/07\/logo-cuciroma.png","width":565,"height":159,"caption":"Cuciroma"},"image":{"@id":"https:\/\/cuciroma.com\/#\/schema\/logo\/image\/"},"sameAs":["https:\/\/www.facebook.com\/cuciroma\/","https:\/\/www.instagram.com\/cuciroma\/"]}]}},"df_price":"","df_sale_price":"","df_regular_price":"","df_image_link":"https:\/\/cuciroma.com\/wp-content\/uploads\/2016\/01\/zig_zag_juki__LZ-2280-300x181.jpg","_links":{"self":[{"href":"https:\/\/cuciroma.com\/en\/wp-json\/wp\/v2\/product\/8808","targetHints":{"allow":["GET"]}}],"collection":[{"href":"https:\/\/cuciroma.com\/en\/wp-json\/wp\/v2\/product"}],"about":[{"href":"https:\/\/cuciroma.com\/en\/wp-json\/wp\/v2\/types\/product"}],"replies":[{"embeddable":true,"href":"https:\/\/cuciroma.com\/en\/wp-json\/wp\/v2\/comments?post=8808"}],"wp:featuredmedia":[{"embeddable":true,"href":"https:\/\/cuciroma.com\/en\/wp-json\/wp\/v2\/media\/8732"}],"wp:attachment":[{"href":"https:\/\/cuciroma.com\/en\/wp-json\/wp\/v2\/media?parent=8808"}],"wp:term":[{"taxonomy":"product_brand","embeddable":true,"href":"https:\/\/cuciroma.com\/en\/wp-json\/wp\/v2\/product_brand?post=8808"},{"taxonomy":"product_cat","embeddable":true,"href":"https:\/\/cuciroma.com\/en\/wp-json\/wp\/v2\/product_cat?post=8808"},{"taxonomy":"product_tag","embeddable":true,"href":"https:\/\/cuciroma.com\/en\/wp-json\/wp\/v2\/product_tag?post=8808"}],"curies":[{"name":"wp","href":"https:\/\/api.w.org\/{rel}","templated":true}]}}