{"id":6962,"date":"2015-05-22T18:19:20","date_gmt":"2015-05-22T16:19:20","guid":{"rendered":"https:\/\/cuciroma.com\/prodotto\/necchi-650-3\/"},"modified":"2016-12-02T19:17:03","modified_gmt":"2016-12-02T18:17:03","slug":"necchi-650","status":"publish","type":"product","link":"https:\/\/cuciroma.com\/en\/prodotto\/necchi-650\/","title":{"rendered":"Necchi 650"},"content":{"rendered":"<p><strong>Macchina per cucire elettronica, 200 punti tra cui diversi per il patchwork e quilting, 7 tipi di asole, regolazione della lunghezza del punto fino a 5mm, mentre la larghezza del punto fino a 7mm \u00e8 molto utile per chi vuole utilizzare il doppio ago fino a 6mm, schermo a led, regolazione della velocit\u00e0 utile anche per le meno esperte, penetrazione costante dell&#8217;ago su ogni tipo di tessuto, questa macchina affidabile e di ottima qualit\u00e0 come da sempre il marchio necchi a contraddistinto i suoi prodotti, possiede come caratteristica la regolazione della pressione del piedino in 3 posizioni, il sollevamento extra del piedino che permette alla macchina di poter cucire ogni sorta di tessuto, l&#8217;infilatura automatica dell&#8217;ago e la semplicit\u00e0 dell&#8217;infilatura contradistingue questo modello, il braccio libero \u00e8 una prerogativa che non pu\u00f2 mancare sulle macchine per cucire di nuova generazione.<\/strong><\/p>\n<p><strong><span style=\"color: #800000;\">Specifiche:<\/span><\/strong><\/p>\n<div data-canvas-width=\"388.5815655259072\"><strong>&#8211; 200 programmi di cucitura pi\u00f9 3 caratteri di scrittura<\/strong><\/div>\n<div data-canvas-width=\"460.0665237637669\"><strong>&#8211; Selezione automatica ottimale di lunghezza e larghezza punto<\/strong><\/div>\n<div data-canvas-width=\"315.48673220489337\"><strong>&#8211; 7 tipi di asole in una fase: quadrata, tonda<\/strong><\/div>\n<div data-canvas-width=\"125.6190405794959\"><strong>occhiello, stretch<\/strong><\/div>\n<div data-canvas-width=\"325.389903170966\"><strong>&#8211; Larghezza del punto regolabile fino a 7 mm<\/strong><\/div>\n<div data-canvas-width=\"329.0161874491833\"><strong>&#8211; Lunghezza del punto regolabile fino a 5 m<\/strong><\/div>\n<div data-canvas-width=\"329.0161874491833\">\n<div data-canvas-width=\"300.054697316875\"><strong>&#8211; Pulsante ago alto\/basso programmabile<\/strong><\/div>\n<div data-canvas-width=\"327.1949146278366\"><strong>&#8211; Pulsante fermatura automatica\/fine disegno<\/strong><\/div>\n<div data-canvas-width=\"301.85970877374535\"><strong>&#8211; Pulsante marcia indietro &#8211; rinforzo punto<\/strong><\/div>\n<div data-canvas-width=\"300.1034814103039\"><strong>&#8211; 13 pulsanti a selezione diretta del punto<\/strong><\/div>\n<div data-canvas-width=\"115.6670855199941\"><strong>&#8211; Schermo LCD<\/strong><\/div>\n<div data-canvas-width=\"115.6670855199941\">\n<div data-canvas-width=\"168.10998595609436\"><strong>&#8211; Infila ago automatico<\/strong><\/div>\n<div data-canvas-width=\"242.21302387463976\"><strong>&#8211; Regolazione velocit\u00e0 di cucitura<\/strong><\/div>\n<div data-canvas-width=\"398.5985660433146\"><strong>&#8211; Regolazione manuale e automatica della\u00a0 tensione filo<\/strong><\/div>\n<div data-canvas-width=\"302.81912927784765\"><strong>&#8211; Penetrazione ago su ogni tipo di tessuto<\/strong><\/div>\n<div data-canvas-width=\"235.90361445783137\"><strong>&#8211; Sollevamento extra del piedino<\/strong><\/div>\n<div data-canvas-width=\"178.9725774262695\"><strong>&#8211; Sgancio rapido piedino<\/strong><\/div>\n<div data-canvas-width=\"403.99733904944947\"><strong>&#8211; Crochet rotativo orizzontale con coperchio\u00a0 trasparente<\/strong><\/div>\n<div data-canvas-width=\"371.1819055362555\"><strong>&#8211; Avvolgimento della spolina con blocco automatico<\/strong><\/div>\n<div data-canvas-width=\"81.04664054992979\"><strong>&#8211; Taglia filo<\/strong><\/div>\n<div data-canvas-width=\"372.4015078719789\"><strong>&#8211; Linee guida in cm sulla placca ago e allunga base<\/strong><\/div>\n<div data-canvas-width=\"334.41496045531835\"><strong>&#8211; Regolazione pressione piedino in 3 posizioni<\/strong><\/div>\n<div data-canvas-width=\"112.05706260625325\"><strong>&#8211; Braccio libero<\/strong><\/div>\n<div data-canvas-width=\"341.58622218937103\"><strong>&#8211; Porta spola orizzontale e verticale (rimovibile)<\/strong><\/div>\n<div data-canvas-width=\"201.26690812329073\"><strong>&#8211; Esclusione griffa trasporto<\/strong><\/div>\n<div data-canvas-width=\"80.4449700643063\"><strong>&#8211; Salvadito<\/strong><\/div>\n<div data-canvas-width=\"159.9793037179393\"><strong>&#8211; Bilanciamento punti<\/strong><\/div>\n<div data-canvas-width=\"254.88062680168534\"><strong>&#8211; Reostato con controllo elettronico<\/strong><\/div>\n<div data-canvas-width=\"254.88062680168534\"><\/div>\n<div data-canvas-width=\"254.88062680168534\"><strong><span style=\"color: #800000;\">Accessori in dotazione:<\/span><\/strong><\/div>\n<div data-canvas-width=\"254.88062680168534\">\n<div data-canvas-width=\"472.66908123290733\"><strong>Piedino zig zag &#8211; Piedino sopraggitto &#8211; Piedino cerniera lampo &#8211; Piedino punto satin &#8211; Piedino orlo invisibile &#8211; Piedino punto dritto &#8211; Piedino asola &#8211; Piedino overlock &#8211; Piedino ricamo\/rammendo &#8211; Spoline &#8211; Scucitore\/apri asola &#8211; Spazzolino per pulizia &#8211; Cacciavite &#8211;\u00a0<\/strong><strong>Barra quilting &#8211; Porta rocchetto supplementare &#8211; Aghi assortiti &#8211; Copertina rigida per il trasporto.<\/strong><\/div>\n<\/div>\n<\/div>\n<\/div>\n<p>&nbsp;<\/p>\n","protected":false},"excerpt":{"rendered":"<p><strong>La Necchi 650 possiede caratteristiche uniche al confronto dei suoi pari modello, tra i suoi 200 punti ci sono sia utili, che elastici per il quilting, ed il patchwork, una vasta scelta di asole ( 7 ), ampia gamma e di accessori inclusi, braccio libero per tutte le cuciture tubolari, con valigia rigida.<\/strong><\/p>\n","protected":false},"featured_media":10569,"comment_status":"open","ping_status":"closed","template":"","meta":[],"product_brand":[],"product_cat":[178],"product_tag":[],"class_list":{"0":"post-6962","1":"product","2":"type-product","3":"status-publish","4":"has-post-thumbnail","6":"product_cat-necchi-elettroniche-en","7":"pa_trovaprezzi-pubblicato","9":"first","10":"instock","11":"taxable","12":"shipping-taxable","13":"product-type-simple"},"yoast_head":"<!-- This site is optimized with the Yoast SEO plugin v27.2 - https:\/\/yoast.com\/product\/yoast-seo-wordpress\/ -->\n<title>Necchi 650 - Cuciroma | Macchine da cucire e accessori per il ricamo<\/title>\n<meta name=\"description\" content=\"Necchi 650 completa nei suoi, 200 punti tra cui diversi per il patchwork e quilting, 7 tipi di asole, Contattaci per un Prezzo Straordinario......\" \/>\n<meta name=\"robots\" content=\"index, follow, max-snippet:-1, max-image-preview:large, max-video-preview:-1\" \/>\n<link rel=\"canonical\" href=\"https:\/\/cuciroma.com\/en\/prodotto\/necchi-650\/\" \/>\n<meta property=\"og:locale\" content=\"en_US\" \/>\n<meta property=\"og:type\" content=\"article\" \/>\n<meta property=\"og:title\" content=\"Necchi 650 - Cuciroma | Macchine da cucire e accessori per il ricamo\" \/>\n<meta property=\"og:description\" content=\"Necchi 650 completa nei suoi, 200 punti tra cui diversi per il patchwork e quilting, 7 tipi di asole, Contattaci per un Prezzo Straordinario......\" \/>\n<meta property=\"og:url\" content=\"https:\/\/cuciroma.com\/en\/prodotto\/necchi-650\/\" \/>\n<meta property=\"og:site_name\" content=\"Cuciroma | Macchine da cucire e accessori per il ricamo\" \/>\n<meta property=\"article:publisher\" content=\"https:\/\/www.facebook.com\/cuciroma\/\" \/>\n<meta property=\"article:modified_time\" content=\"2016-12-02T18:17:03+00:00\" \/>\n<meta property=\"og:image\" content=\"https:\/\/cuciroma.com\/wp-content\/uploads\/2015\/05\/necchi-650.png\" \/>\n\t<meta property=\"og:image:width\" content=\"600\" \/>\n\t<meta property=\"og:image:height\" content=\"536\" \/>\n\t<meta property=\"og:image:type\" content=\"image\/png\" \/>\n<meta name=\"twitter:card\" content=\"summary_large_image\" \/>\n<meta name=\"twitter:label1\" content=\"Est. reading time\" \/>\n\t<meta name=\"twitter:data1\" content=\"2 minutes\" \/>\n<script type=\"application\/ld+json\" class=\"yoast-schema-graph\">{\"@context\":\"https:\/\/schema.org\",\"@graph\":[{\"@type\":\"WebPage\",\"@id\":\"https:\/\/cuciroma.com\/en\/prodotto\/necchi-650\/\",\"url\":\"https:\/\/cuciroma.com\/en\/prodotto\/necchi-650\/\",\"name\":\"Necchi 650 - Cuciroma | Macchine da cucire e accessori per il ricamo\",\"isPartOf\":{\"@id\":\"https:\/\/cuciroma.com\/#website\"},\"primaryImageOfPage\":{\"@id\":\"https:\/\/cuciroma.com\/en\/prodotto\/necchi-650\/#primaryimage\"},\"image\":{\"@id\":\"https:\/\/cuciroma.com\/en\/prodotto\/necchi-650\/#primaryimage\"},\"thumbnailUrl\":\"https:\/\/cuciroma.com\/wp-content\/uploads\/2015\/05\/necchi-650.png\",\"datePublished\":\"2015-05-22T16:19:20+00:00\",\"dateModified\":\"2016-12-02T18:17:03+00:00\",\"description\":\"Necchi 650 completa nei suoi, 200 punti tra cui diversi per il patchwork e quilting, 7 tipi di asole, Contattaci per un Prezzo Straordinario......\",\"breadcrumb\":{\"@id\":\"https:\/\/cuciroma.com\/en\/prodotto\/necchi-650\/#breadcrumb\"},\"inLanguage\":\"en-US\",\"potentialAction\":[{\"@type\":\"ReadAction\",\"target\":[\"https:\/\/cuciroma.com\/en\/prodotto\/necchi-650\/\"]}]},{\"@type\":\"ImageObject\",\"inLanguage\":\"en-US\",\"@id\":\"https:\/\/cuciroma.com\/en\/prodotto\/necchi-650\/#primaryimage\",\"url\":\"https:\/\/cuciroma.com\/wp-content\/uploads\/2015\/05\/necchi-650.png\",\"contentUrl\":\"https:\/\/cuciroma.com\/wp-content\/uploads\/2015\/05\/necchi-650.png\",\"width\":600,\"height\":536},{\"@type\":\"BreadcrumbList\",\"@id\":\"https:\/\/cuciroma.com\/en\/prodotto\/necchi-650\/#breadcrumb\",\"itemListElement\":[{\"@type\":\"ListItem\",\"position\":1,\"name\":\"Shop On line\",\"item\":\"https:\/\/cuciroma.com\/shop\/\"},{\"@type\":\"ListItem\",\"position\":2,\"name\":\"Necchi 650\"}]},{\"@type\":\"WebSite\",\"@id\":\"https:\/\/cuciroma.com\/#website\",\"url\":\"https:\/\/cuciroma.com\/\",\"name\":\"Cuciroma | Macchine da cucire e accessori per il ricamo\",\"description\":\"Rivenditore e Assistenza autorizzata Macchine da Cucire Professionali\",\"publisher\":{\"@id\":\"https:\/\/cuciroma.com\/#organization\"},\"potentialAction\":[{\"@type\":\"SearchAction\",\"target\":{\"@type\":\"EntryPoint\",\"urlTemplate\":\"https:\/\/cuciroma.com\/?s={search_term_string}\"},\"query-input\":{\"@type\":\"PropertyValueSpecification\",\"valueRequired\":true,\"valueName\":\"search_term_string\"}}],\"inLanguage\":\"en-US\"},{\"@type\":\"Organization\",\"@id\":\"https:\/\/cuciroma.com\/#organization\",\"name\":\"Cuciroma\",\"url\":\"https:\/\/cuciroma.com\/\",\"logo\":{\"@type\":\"ImageObject\",\"inLanguage\":\"en-US\",\"@id\":\"https:\/\/cuciroma.com\/#\/schema\/logo\/image\/\",\"url\":\"https:\/\/cuciroma.com\/wp-content\/uploads\/2020\/07\/logo-cuciroma.png\",\"contentUrl\":\"https:\/\/cuciroma.com\/wp-content\/uploads\/2020\/07\/logo-cuciroma.png\",\"width\":565,\"height\":159,\"caption\":\"Cuciroma\"},\"image\":{\"@id\":\"https:\/\/cuciroma.com\/#\/schema\/logo\/image\/\"},\"sameAs\":[\"https:\/\/www.facebook.com\/cuciroma\/\",\"https:\/\/www.instagram.com\/cuciroma\/\"]}]}<\/script>\n<!-- \/ Yoast SEO plugin. -->","yoast_head_json":{"title":"Necchi 650 - Cuciroma | Macchine da cucire e accessori per il ricamo","description":"Necchi 650 completa nei suoi, 200 punti tra cui diversi per il patchwork e quilting, 7 tipi di asole, Contattaci per un Prezzo Straordinario......","robots":{"index":"index","follow":"follow","max-snippet":"max-snippet:-1","max-image-preview":"max-image-preview:large","max-video-preview":"max-video-preview:-1"},"canonical":"https:\/\/cuciroma.com\/en\/prodotto\/necchi-650\/","og_locale":"en_US","og_type":"article","og_title":"Necchi 650 - Cuciroma | Macchine da cucire e accessori per il ricamo","og_description":"Necchi 650 completa nei suoi, 200 punti tra cui diversi per il patchwork e quilting, 7 tipi di asole, Contattaci per un Prezzo Straordinario......","og_url":"https:\/\/cuciroma.com\/en\/prodotto\/necchi-650\/","og_site_name":"Cuciroma | Macchine da cucire e accessori per il ricamo","article_publisher":"https:\/\/www.facebook.com\/cuciroma\/","article_modified_time":"2016-12-02T18:17:03+00:00","og_image":[{"width":600,"height":536,"url":"https:\/\/cuciroma.com\/wp-content\/uploads\/2015\/05\/necchi-650.png","type":"image\/png"}],"twitter_card":"summary_large_image","twitter_misc":{"Est. reading time":"2 minutes"},"schema":{"@context":"https:\/\/schema.org","@graph":[{"@type":"WebPage","@id":"https:\/\/cuciroma.com\/en\/prodotto\/necchi-650\/","url":"https:\/\/cuciroma.com\/en\/prodotto\/necchi-650\/","name":"Necchi 650 - Cuciroma | Macchine da cucire e accessori per il ricamo","isPartOf":{"@id":"https:\/\/cuciroma.com\/#website"},"primaryImageOfPage":{"@id":"https:\/\/cuciroma.com\/en\/prodotto\/necchi-650\/#primaryimage"},"image":{"@id":"https:\/\/cuciroma.com\/en\/prodotto\/necchi-650\/#primaryimage"},"thumbnailUrl":"https:\/\/cuciroma.com\/wp-content\/uploads\/2015\/05\/necchi-650.png","datePublished":"2015-05-22T16:19:20+00:00","dateModified":"2016-12-02T18:17:03+00:00","description":"Necchi 650 completa nei suoi, 200 punti tra cui diversi per il patchwork e quilting, 7 tipi di asole, Contattaci per un Prezzo Straordinario......","breadcrumb":{"@id":"https:\/\/cuciroma.com\/en\/prodotto\/necchi-650\/#breadcrumb"},"inLanguage":"en-US","potentialAction":[{"@type":"ReadAction","target":["https:\/\/cuciroma.com\/en\/prodotto\/necchi-650\/"]}]},{"@type":"ImageObject","inLanguage":"en-US","@id":"https:\/\/cuciroma.com\/en\/prodotto\/necchi-650\/#primaryimage","url":"https:\/\/cuciroma.com\/wp-content\/uploads\/2015\/05\/necchi-650.png","contentUrl":"https:\/\/cuciroma.com\/wp-content\/uploads\/2015\/05\/necchi-650.png","width":600,"height":536},{"@type":"BreadcrumbList","@id":"https:\/\/cuciroma.com\/en\/prodotto\/necchi-650\/#breadcrumb","itemListElement":[{"@type":"ListItem","position":1,"name":"Shop On line","item":"https:\/\/cuciroma.com\/shop\/"},{"@type":"ListItem","position":2,"name":"Necchi 650"}]},{"@type":"WebSite","@id":"https:\/\/cuciroma.com\/#website","url":"https:\/\/cuciroma.com\/","name":"Cuciroma | Macchine da cucire e accessori per il ricamo","description":"Rivenditore e Assistenza autorizzata Macchine da Cucire Professionali","publisher":{"@id":"https:\/\/cuciroma.com\/#organization"},"potentialAction":[{"@type":"SearchAction","target":{"@type":"EntryPoint","urlTemplate":"https:\/\/cuciroma.com\/?s={search_term_string}"},"query-input":{"@type":"PropertyValueSpecification","valueRequired":true,"valueName":"search_term_string"}}],"inLanguage":"en-US"},{"@type":"Organization","@id":"https:\/\/cuciroma.com\/#organization","name":"Cuciroma","url":"https:\/\/cuciroma.com\/","logo":{"@type":"ImageObject","inLanguage":"en-US","@id":"https:\/\/cuciroma.com\/#\/schema\/logo\/image\/","url":"https:\/\/cuciroma.com\/wp-content\/uploads\/2020\/07\/logo-cuciroma.png","contentUrl":"https:\/\/cuciroma.com\/wp-content\/uploads\/2020\/07\/logo-cuciroma.png","width":565,"height":159,"caption":"Cuciroma"},"image":{"@id":"https:\/\/cuciroma.com\/#\/schema\/logo\/image\/"},"sameAs":["https:\/\/www.facebook.com\/cuciroma\/","https:\/\/www.instagram.com\/cuciroma\/"]}]}},"df_price":"","df_sale_price":"","df_regular_price":"","df_image_link":"https:\/\/cuciroma.com\/wp-content\/uploads\/2015\/05\/necchi-650-300x268.png","_links":{"self":[{"href":"https:\/\/cuciroma.com\/en\/wp-json\/wp\/v2\/product\/6962","targetHints":{"allow":["GET"]}}],"collection":[{"href":"https:\/\/cuciroma.com\/en\/wp-json\/wp\/v2\/product"}],"about":[{"href":"https:\/\/cuciroma.com\/en\/wp-json\/wp\/v2\/types\/product"}],"replies":[{"embeddable":true,"href":"https:\/\/cuciroma.com\/en\/wp-json\/wp\/v2\/comments?post=6962"}],"wp:featuredmedia":[{"embeddable":true,"href":"https:\/\/cuciroma.com\/en\/wp-json\/wp\/v2\/media\/10569"}],"wp:attachment":[{"href":"https:\/\/cuciroma.com\/en\/wp-json\/wp\/v2\/media?parent=6962"}],"wp:term":[{"taxonomy":"product_brand","embeddable":true,"href":"https:\/\/cuciroma.com\/en\/wp-json\/wp\/v2\/product_brand?post=6962"},{"taxonomy":"product_cat","embeddable":true,"href":"https:\/\/cuciroma.com\/en\/wp-json\/wp\/v2\/product_cat?post=6962"},{"taxonomy":"product_tag","embeddable":true,"href":"https:\/\/cuciroma.com\/en\/wp-json\/wp\/v2\/product_tag?post=6962"}],"curies":[{"name":"wp","href":"https:\/\/api.w.org\/{rel}","templated":true}]}}