{"id":6947,"date":"2015-05-23T18:15:43","date_gmt":"2015-05-23T16:15:43","guid":{"rendered":"https:\/\/cuciroma.com\/prodotto\/necchi-420e-2-2\/"},"modified":"2020-09-08T16:44:45","modified_gmt":"2020-09-08T14:44:45","slug":"necchi-420e-2","status":"publish","type":"product","link":"https:\/\/cuciroma.com\/en\/prodotto\/necchi-420e-2\/","title":{"rendered":"Necchi 420E"},"content":{"rendered":"<p><strong>Macchina per cucire elettronica con display retroilluminato, questa serie di modelli fanno parte di una linea di macchine rotative, il gancio rotativo rende\u00a0 questa macchina veloce e silenziosa, gli innumerevoli punti in dotazione possono essere regolati millimetricamente, 100 sono i programmi di cucitura tra cui punti speciali, patchwork e quilting, i punti sono trasformabili tra loro rendendoli pi\u00f9 numerosi, 4 tipi di asole in un tempo solo ( basta l&#8217;inserimento di un bottone ed eseguir\u00e0 l&#8217;asola per quanto \u00e8 grande il bottone ), la regolazione della velocit\u00e0 di cucitura, sollevamento extra del piedino, utile per cucire tessuti di spessore, posizionamento elettronico dell&#8217;ago, si pu\u00f2 rimuovere il piano di lavoro in questo modo diventer\u00e0 a braccio libero molto utile per tutte le cuciture circolari, esclusione griffa di trasporto, ampia gamma di piedini e accessori\u00a0 in dotazione.<\/strong><\/p>\n<p><strong><span style=\"color: #800000;\">Specifiche:<\/span><\/strong><\/p>\n<p><strong>\u2013 100 punti<\/strong><\/p>\n<p><strong>\u2013 4 Varianti asole in un\u2019unica fase<\/strong><\/p>\n<p><strong>\u2013 Regolazione larghezza del punto da 0\/7<\/strong><\/p>\n<p><strong>\u2013 Regolazione lunghezza del punto da 0\/5<\/strong><\/p>\n<p><strong>\u2013 Larghezza\/Lunghezza ottimale del punto<\/strong><\/p>\n<p><strong>\u2013 Pulsante Start\/Stop<\/strong><\/p>\n<p><strong>\u2013 Pulsante ago alto\/basso<\/strong><\/p>\n<p><strong>\u2013 Pulsante rinforzo automatico cucitura<\/strong><\/p>\n<p><strong>\u2013 Pulsante cucitura indietro<\/strong><\/p>\n<p><strong>\u2013 Pulsante ago gemello<\/strong><\/p>\n<p><strong>\u2013 Indicatore punto selezionato<\/strong><\/p>\n<p><strong>\u2013 Cursore regolazione velocit\u00e0<\/strong><\/p>\n<p><strong>\u2013 Infila ago automatico<\/strong><\/p>\n<p><strong>\u2013 Crochet rotativo con coperchio trasparente<\/strong><\/p>\n<p><strong>\u2013 Avvolgimento spolina con blocco automatico<\/strong><\/p>\n<p><strong>\u2013 Taglia filo e sgancio rapido del piedino<\/strong><\/p>\n<p><strong>\u2013 Esclusione griffa trasporto<\/strong><\/p>\n<p><strong>\u2013 Sollevamento extra del piedino<\/strong><\/p>\n<p><strong>\u2013 Linee guide su placca ago<\/strong><\/p>\n<p><strong>\u2013 Bilanciamento punti<\/strong><\/p>\n<p><strong>\u2013 Braccio libero e maniglia trasporto<\/strong><\/p>\n<p><strong>\u2013 Dispositivo attacco unit\u00e0 di ricamo<\/strong><\/p>\n<p><strong><span style=\"color: #800000;\">Accessori in dotazione:<\/span><\/strong><\/p>\n<p><strong>4 Spoline \u2013 Tagliasole \u2013 Spazzolina \u2013 Portarocchetto supplementare \u2013 Feltrino \u2013 Cacciavite \u2013 Chiave per placca ago \u2013 Piedino standard \u2013 Piedino sopraggitto \u2013 Piedino asola \u2013 Piedino orlo invisibile \u2013 Piedino per cerniere \u2013 Piedino per punto satin \u2013 Guida per quilting \u2013\u00a0 Copertura anti polvere.<\/strong><\/p>\n<p>&nbsp;<\/p>\n","protected":false},"excerpt":{"rendered":"<p><strong>Macchina per cucire elettronica,100 punti di cucitura sia speciali che elastici, 4 tipi di asole in un tempo solo, infilatura dell&#8217;ago, regolazione della velocit\u00e0 direttamente sulla macchina, bilanciamento dei punti. Il gancio rotativo rende\u00a0 questa macchina veloce e silenziosa, gli innumerevoli punti in dotazione possono essere regolati millimetricamente.<\/strong><\/p>\n","protected":false},"featured_media":10561,"comment_status":"open","ping_status":"closed","template":"","meta":[],"product_brand":[],"product_cat":[178],"product_tag":[],"class_list":{"0":"post-6947","1":"product","2":"type-product","3":"status-publish","4":"has-post-thumbnail","6":"product_cat-necchi-elettroniche-en","7":"pa_trovaprezzi-pubblicato","9":"first","10":"instock","11":"taxable","12":"shipping-taxable","13":"purchasable","14":"product-type-simple"},"yoast_head":"<!-- This site is optimized with the Yoast SEO plugin v27.2 - https:\/\/yoast.com\/product\/yoast-seo-wordpress\/ -->\n<title>Necchi 420E - Cuciroma | Macchine da cucire e accessori per il ricamo<\/title>\n<meta name=\"description\" content=\"Macchina per cucire elettronica con display retroilluminato, 100 punti elastici ed utili. Chiamaci per ricevere un Prezzo Super Scontato con Spedizione Gratuita\" \/>\n<meta name=\"robots\" content=\"index, follow, max-snippet:-1, max-image-preview:large, max-video-preview:-1\" \/>\n<link rel=\"canonical\" href=\"https:\/\/cuciroma.com\/en\/prodotto\/necchi-420e-2\/\" \/>\n<meta property=\"og:locale\" content=\"en_US\" \/>\n<meta property=\"og:type\" content=\"article\" \/>\n<meta property=\"og:title\" content=\"Necchi 420E - Cuciroma | Macchine da cucire e accessori per il ricamo\" \/>\n<meta property=\"og:description\" content=\"Macchina per cucire elettronica con display retroilluminato, 100 punti elastici ed utili. Chiamaci per ricevere un Prezzo Super Scontato con Spedizione Gratuita\" \/>\n<meta property=\"og:url\" content=\"https:\/\/cuciroma.com\/en\/prodotto\/necchi-420e-2\/\" \/>\n<meta property=\"og:site_name\" content=\"Cuciroma | Macchine da cucire e accessori per il ricamo\" \/>\n<meta property=\"article:publisher\" content=\"https:\/\/www.facebook.com\/cuciroma\/\" \/>\n<meta property=\"article:modified_time\" content=\"2020-09-08T14:44:45+00:00\" \/>\n<meta property=\"og:image\" content=\"https:\/\/cuciroma.com\/wp-content\/uploads\/2015\/05\/necchi-420e.png\" \/>\n\t<meta property=\"og:image:width\" content=\"600\" \/>\n\t<meta property=\"og:image:height\" content=\"536\" \/>\n\t<meta property=\"og:image:type\" content=\"image\/png\" \/>\n<meta name=\"twitter:card\" content=\"summary_large_image\" \/>\n<meta name=\"twitter:label1\" content=\"Est. reading time\" \/>\n\t<meta name=\"twitter:data1\" content=\"1 minute\" \/>\n<script type=\"application\/ld+json\" class=\"yoast-schema-graph\">{\"@context\":\"https:\/\/schema.org\",\"@graph\":[{\"@type\":\"WebPage\",\"@id\":\"https:\/\/cuciroma.com\/en\/prodotto\/necchi-420e-2\/\",\"url\":\"https:\/\/cuciroma.com\/en\/prodotto\/necchi-420e-2\/\",\"name\":\"Necchi 420E - Cuciroma | Macchine da cucire e accessori per il ricamo\",\"isPartOf\":{\"@id\":\"https:\/\/cuciroma.com\/#website\"},\"primaryImageOfPage\":{\"@id\":\"https:\/\/cuciroma.com\/en\/prodotto\/necchi-420e-2\/#primaryimage\"},\"image\":{\"@id\":\"https:\/\/cuciroma.com\/en\/prodotto\/necchi-420e-2\/#primaryimage\"},\"thumbnailUrl\":\"https:\/\/cuciroma.com\/wp-content\/uploads\/2015\/05\/necchi-420e.png\",\"datePublished\":\"2015-05-23T16:15:43+00:00\",\"dateModified\":\"2020-09-08T14:44:45+00:00\",\"description\":\"Macchina per cucire elettronica con display retroilluminato, 100 punti elastici ed utili. Chiamaci per ricevere un Prezzo Super Scontato con Spedizione Gratuita\",\"breadcrumb\":{\"@id\":\"https:\/\/cuciroma.com\/en\/prodotto\/necchi-420e-2\/#breadcrumb\"},\"inLanguage\":\"en-US\",\"potentialAction\":[{\"@type\":\"ReadAction\",\"target\":[\"https:\/\/cuciroma.com\/en\/prodotto\/necchi-420e-2\/\"]}]},{\"@type\":\"ImageObject\",\"inLanguage\":\"en-US\",\"@id\":\"https:\/\/cuciroma.com\/en\/prodotto\/necchi-420e-2\/#primaryimage\",\"url\":\"https:\/\/cuciroma.com\/wp-content\/uploads\/2015\/05\/necchi-420e.png\",\"contentUrl\":\"https:\/\/cuciroma.com\/wp-content\/uploads\/2015\/05\/necchi-420e.png\",\"width\":600,\"height\":536},{\"@type\":\"BreadcrumbList\",\"@id\":\"https:\/\/cuciroma.com\/en\/prodotto\/necchi-420e-2\/#breadcrumb\",\"itemListElement\":[{\"@type\":\"ListItem\",\"position\":1,\"name\":\"Shop On line\",\"item\":\"https:\/\/cuciroma.com\/shop\/\"},{\"@type\":\"ListItem\",\"position\":2,\"name\":\"Necchi 420E\"}]},{\"@type\":\"WebSite\",\"@id\":\"https:\/\/cuciroma.com\/#website\",\"url\":\"https:\/\/cuciroma.com\/\",\"name\":\"Cuciroma | Macchine da cucire e accessori per il ricamo\",\"description\":\"Rivenditore e Assistenza autorizzata Macchine da Cucire Professionali\",\"publisher\":{\"@id\":\"https:\/\/cuciroma.com\/#organization\"},\"potentialAction\":[{\"@type\":\"SearchAction\",\"target\":{\"@type\":\"EntryPoint\",\"urlTemplate\":\"https:\/\/cuciroma.com\/?s={search_term_string}\"},\"query-input\":{\"@type\":\"PropertyValueSpecification\",\"valueRequired\":true,\"valueName\":\"search_term_string\"}}],\"inLanguage\":\"en-US\"},{\"@type\":\"Organization\",\"@id\":\"https:\/\/cuciroma.com\/#organization\",\"name\":\"Cuciroma\",\"url\":\"https:\/\/cuciroma.com\/\",\"logo\":{\"@type\":\"ImageObject\",\"inLanguage\":\"en-US\",\"@id\":\"https:\/\/cuciroma.com\/#\/schema\/logo\/image\/\",\"url\":\"https:\/\/cuciroma.com\/wp-content\/uploads\/2020\/07\/logo-cuciroma.png\",\"contentUrl\":\"https:\/\/cuciroma.com\/wp-content\/uploads\/2020\/07\/logo-cuciroma.png\",\"width\":565,\"height\":159,\"caption\":\"Cuciroma\"},\"image\":{\"@id\":\"https:\/\/cuciroma.com\/#\/schema\/logo\/image\/\"},\"sameAs\":[\"https:\/\/www.facebook.com\/cuciroma\/\",\"https:\/\/www.instagram.com\/cuciroma\/\"]}]}<\/script>\n<!-- \/ Yoast SEO plugin. -->","yoast_head_json":{"title":"Necchi 420E - Cuciroma | Macchine da cucire e accessori per il ricamo","description":"Macchina per cucire elettronica con display retroilluminato, 100 punti elastici ed utili. Chiamaci per ricevere un Prezzo Super Scontato con Spedizione Gratuita","robots":{"index":"index","follow":"follow","max-snippet":"max-snippet:-1","max-image-preview":"max-image-preview:large","max-video-preview":"max-video-preview:-1"},"canonical":"https:\/\/cuciroma.com\/en\/prodotto\/necchi-420e-2\/","og_locale":"en_US","og_type":"article","og_title":"Necchi 420E - Cuciroma | Macchine da cucire e accessori per il ricamo","og_description":"Macchina per cucire elettronica con display retroilluminato, 100 punti elastici ed utili. Chiamaci per ricevere un Prezzo Super Scontato con Spedizione Gratuita","og_url":"https:\/\/cuciroma.com\/en\/prodotto\/necchi-420e-2\/","og_site_name":"Cuciroma | Macchine da cucire e accessori per il ricamo","article_publisher":"https:\/\/www.facebook.com\/cuciroma\/","article_modified_time":"2020-09-08T14:44:45+00:00","og_image":[{"width":600,"height":536,"url":"https:\/\/cuciroma.com\/wp-content\/uploads\/2015\/05\/necchi-420e.png","type":"image\/png"}],"twitter_card":"summary_large_image","twitter_misc":{"Est. reading time":"1 minute"},"schema":{"@context":"https:\/\/schema.org","@graph":[{"@type":"WebPage","@id":"https:\/\/cuciroma.com\/en\/prodotto\/necchi-420e-2\/","url":"https:\/\/cuciroma.com\/en\/prodotto\/necchi-420e-2\/","name":"Necchi 420E - Cuciroma | Macchine da cucire e accessori per il ricamo","isPartOf":{"@id":"https:\/\/cuciroma.com\/#website"},"primaryImageOfPage":{"@id":"https:\/\/cuciroma.com\/en\/prodotto\/necchi-420e-2\/#primaryimage"},"image":{"@id":"https:\/\/cuciroma.com\/en\/prodotto\/necchi-420e-2\/#primaryimage"},"thumbnailUrl":"https:\/\/cuciroma.com\/wp-content\/uploads\/2015\/05\/necchi-420e.png","datePublished":"2015-05-23T16:15:43+00:00","dateModified":"2020-09-08T14:44:45+00:00","description":"Macchina per cucire elettronica con display retroilluminato, 100 punti elastici ed utili. Chiamaci per ricevere un Prezzo Super Scontato con Spedizione Gratuita","breadcrumb":{"@id":"https:\/\/cuciroma.com\/en\/prodotto\/necchi-420e-2\/#breadcrumb"},"inLanguage":"en-US","potentialAction":[{"@type":"ReadAction","target":["https:\/\/cuciroma.com\/en\/prodotto\/necchi-420e-2\/"]}]},{"@type":"ImageObject","inLanguage":"en-US","@id":"https:\/\/cuciroma.com\/en\/prodotto\/necchi-420e-2\/#primaryimage","url":"https:\/\/cuciroma.com\/wp-content\/uploads\/2015\/05\/necchi-420e.png","contentUrl":"https:\/\/cuciroma.com\/wp-content\/uploads\/2015\/05\/necchi-420e.png","width":600,"height":536},{"@type":"BreadcrumbList","@id":"https:\/\/cuciroma.com\/en\/prodotto\/necchi-420e-2\/#breadcrumb","itemListElement":[{"@type":"ListItem","position":1,"name":"Shop On line","item":"https:\/\/cuciroma.com\/shop\/"},{"@type":"ListItem","position":2,"name":"Necchi 420E"}]},{"@type":"WebSite","@id":"https:\/\/cuciroma.com\/#website","url":"https:\/\/cuciroma.com\/","name":"Cuciroma | Macchine da cucire e accessori per il ricamo","description":"Rivenditore e Assistenza autorizzata Macchine da Cucire Professionali","publisher":{"@id":"https:\/\/cuciroma.com\/#organization"},"potentialAction":[{"@type":"SearchAction","target":{"@type":"EntryPoint","urlTemplate":"https:\/\/cuciroma.com\/?s={search_term_string}"},"query-input":{"@type":"PropertyValueSpecification","valueRequired":true,"valueName":"search_term_string"}}],"inLanguage":"en-US"},{"@type":"Organization","@id":"https:\/\/cuciroma.com\/#organization","name":"Cuciroma","url":"https:\/\/cuciroma.com\/","logo":{"@type":"ImageObject","inLanguage":"en-US","@id":"https:\/\/cuciroma.com\/#\/schema\/logo\/image\/","url":"https:\/\/cuciroma.com\/wp-content\/uploads\/2020\/07\/logo-cuciroma.png","contentUrl":"https:\/\/cuciroma.com\/wp-content\/uploads\/2020\/07\/logo-cuciroma.png","width":565,"height":159,"caption":"Cuciroma"},"image":{"@id":"https:\/\/cuciroma.com\/#\/schema\/logo\/image\/"},"sameAs":["https:\/\/www.facebook.com\/cuciroma\/","https:\/\/www.instagram.com\/cuciroma\/"]}]}},"df_price":390,"df_sale_price":"","df_regular_price":390,"df_image_link":"https:\/\/cuciroma.com\/wp-content\/uploads\/2015\/05\/necchi-420e-300x268.png","_links":{"self":[{"href":"https:\/\/cuciroma.com\/en\/wp-json\/wp\/v2\/product\/6947","targetHints":{"allow":["GET"]}}],"collection":[{"href":"https:\/\/cuciroma.com\/en\/wp-json\/wp\/v2\/product"}],"about":[{"href":"https:\/\/cuciroma.com\/en\/wp-json\/wp\/v2\/types\/product"}],"replies":[{"embeddable":true,"href":"https:\/\/cuciroma.com\/en\/wp-json\/wp\/v2\/comments?post=6947"}],"wp:featuredmedia":[{"embeddable":true,"href":"https:\/\/cuciroma.com\/en\/wp-json\/wp\/v2\/media\/10561"}],"wp:attachment":[{"href":"https:\/\/cuciroma.com\/en\/wp-json\/wp\/v2\/media?parent=6947"}],"wp:term":[{"taxonomy":"product_brand","embeddable":true,"href":"https:\/\/cuciroma.com\/en\/wp-json\/wp\/v2\/product_brand?post=6947"},{"taxonomy":"product_cat","embeddable":true,"href":"https:\/\/cuciroma.com\/en\/wp-json\/wp\/v2\/product_cat?post=6947"},{"taxonomy":"product_tag","embeddable":true,"href":"https:\/\/cuciroma.com\/en\/wp-json\/wp\/v2\/product_tag?post=6947"}],"curies":[{"name":"wp","href":"https:\/\/api.w.org\/{rel}","templated":true}]}}