{"id":6940,"date":"2015-05-26T19:38:53","date_gmt":"2015-05-26T17:38:53","guid":{"rendered":"https:\/\/cuciroma.com\/prodotto\/necchi-n161-3\/"},"modified":"2016-12-03T11:03:28","modified_gmt":"2016-12-03T10:03:28","slug":"necchi-n161","status":"publish","type":"product","link":"https:\/\/cuciroma.com\/en\/prodotto\/necchi-n161\/","title":{"rendered":"Necchi N161"},"content":{"rendered":"<p><strong>La Tagliacuce adatta per la casa, compatta versatile e leggera pu\u00f2 cucire 2 \/ 3 \/ 4 fili, con il trasporto differenziale che permette di ridurrere tutte le grinze del tessuto, l&#8217;infilatura facilit\u00e0, il reostato elettronico permette alla macchina di mantenere una velocit\u00e0 costante, la velocit\u00e0 di cucitura da 1300 punti al minuto, il contenitore porta ritagli render\u00e0 il vostro piano di lavoro sempre pulito, la guida fili con antenna telescopica per occupare meno spazio possibile, la regolazione della lunghezza punto da 1 a 5 mm, la larghezza del taglio da 4 a 7mm.<\/strong><\/p>\n<p><strong><span style=\"color: #800000;\">Specifiche:<\/span><\/strong><\/p>\n<div class=\"std\">\n<p align=\"LEFT\"><strong><em>\u2022 <\/em>Overlock a 3 o 4 fili<\/strong><\/p>\n<p align=\"LEFT\"><strong><em>\u2022 <\/em>Orlo arrotolato<\/strong><\/p>\n<p align=\"LEFT\"><strong><em>\u2022 <\/em>Orlo stretto<\/strong><\/p>\n<p align=\"LEFT\"><strong><em>\u2022 <\/em>Bordo picot<\/strong><\/p>\n<p align=\"LEFT\"><strong><em>\u2022 <\/em>Overlock a cordoncino<\/strong><\/p>\n<p align=\"LEFT\"><strong><em>\u2022 <\/em>Finiture decorative<\/strong><\/p>\n<p align=\"LEFT\"><strong><em>\u2022 <\/em>Regolazione trasporto differenziale<\/strong><\/p>\n<p><strong><em>\u2022 <\/em>Regolazione lunghezza punto<\/strong><\/p>\n<p align=\"LEFT\"><strong><em>\u2022 <\/em>Regolazione ampiezza taglio<\/strong><\/p>\n<p align=\"LEFT\"><strong><em>\u2022 <\/em>Regolazione pressione piedino<\/strong><\/p>\n<p align=\"LEFT\"><strong><em>\u2022 <\/em>Velocit\u00e0 cucitura 1300 punti\/minuto<\/strong><\/p>\n<p><strong><em>\u2022 <\/em>Crochet con infilatura semplificata<\/strong><\/p>\n<p><strong><span style=\"color: #800000;\">Accessori in dotazione:<\/span><\/strong><\/p>\n<p><strong>Aghi assortiti &#8211; Cacciavite &#8211; Spazzolina di pulizia &#8211; Guida del punto &#8211; Pinzette &#8211; 4 coni porta bobina &#8211; 4 fermi per bobina &#8211; 4 retine per bobina &#8211;<\/strong><\/p>\n<\/div>\n","protected":false},"excerpt":{"rendered":"<p><strong>La Necchi 161 \u00e8 adatta per chi \u00e8 intenzionata ad acquistare per la prima volta una\u00a0 tagliacuci, ma vuole un prodotto che duri nel tempo, pu\u00f2 eseguire diverse lavorazioni con i suoi 11 programmi, orlo arrotolato, orlo stretto, bordo picot, overlock cordoncino.<\/strong><\/p>\n","protected":false},"featured_media":10599,"comment_status":"open","ping_status":"closed","template":"","meta":[],"product_brand":[],"product_cat":[204],"product_tag":[],"class_list":{"0":"post-6940","1":"product","2":"type-product","3":"status-publish","4":"has-post-thumbnail","6":"product_cat-necchi-tagliacuci-en","7":"pa_trovaprezzi-pubblicato","9":"first","10":"instock","11":"taxable","12":"shipping-taxable","13":"product-type-simple"},"yoast_head":"<!-- This site is optimized with the Yoast SEO plugin v27.2 - https:\/\/yoast.com\/product\/yoast-seo-wordpress\/ -->\n<title>Necchi N161 - Cuciroma | Macchine da cucire e accessori per il ricamo<\/title>\n<meta name=\"description\" content=\"La Taglia cuce adatta per la casa, compatta versatile e leggera pu\u00f2 cucire 2 \/ 3 \/ 4 fili. Chiama subito per ricevere il tuo Prezzo Riservato con Spedizione Gratuita\" \/>\n<meta name=\"robots\" content=\"index, follow, max-snippet:-1, max-image-preview:large, max-video-preview:-1\" \/>\n<link rel=\"canonical\" href=\"https:\/\/cuciroma.com\/en\/prodotto\/necchi-n161\/\" \/>\n<meta property=\"og:locale\" content=\"en_US\" \/>\n<meta property=\"og:type\" content=\"article\" \/>\n<meta property=\"og:title\" content=\"Necchi N161 - Cuciroma | Macchine da cucire e accessori per il ricamo\" \/>\n<meta property=\"og:description\" content=\"La Taglia cuce adatta per la casa, compatta versatile e leggera pu\u00f2 cucire 2 \/ 3 \/ 4 fili. Chiama subito per ricevere il tuo Prezzo Riservato con Spedizione Gratuita\" \/>\n<meta property=\"og:url\" content=\"https:\/\/cuciroma.com\/en\/prodotto\/necchi-n161\/\" \/>\n<meta property=\"og:site_name\" content=\"Cuciroma | Macchine da cucire e accessori per il ricamo\" \/>\n<meta property=\"article:publisher\" content=\"https:\/\/www.facebook.com\/cuciroma\/\" \/>\n<meta property=\"article:modified_time\" content=\"2016-12-03T10:03:28+00:00\" \/>\n<meta property=\"og:image\" content=\"https:\/\/cuciroma.com\/wp-content\/uploads\/2015\/05\/necchi-161.png\" \/>\n\t<meta property=\"og:image:width\" content=\"600\" \/>\n\t<meta property=\"og:image:height\" content=\"536\" \/>\n\t<meta property=\"og:image:type\" content=\"image\/png\" \/>\n<meta name=\"twitter:card\" content=\"summary_large_image\" \/>\n<meta name=\"twitter:label1\" content=\"Est. reading time\" \/>\n\t<meta name=\"twitter:data1\" content=\"1 minute\" \/>\n<script type=\"application\/ld+json\" class=\"yoast-schema-graph\">{\"@context\":\"https:\/\/schema.org\",\"@graph\":[{\"@type\":\"WebPage\",\"@id\":\"https:\/\/cuciroma.com\/en\/prodotto\/necchi-n161\/\",\"url\":\"https:\/\/cuciroma.com\/en\/prodotto\/necchi-n161\/\",\"name\":\"Necchi N161 - Cuciroma | Macchine da cucire e accessori per il ricamo\",\"isPartOf\":{\"@id\":\"https:\/\/cuciroma.com\/#website\"},\"primaryImageOfPage\":{\"@id\":\"https:\/\/cuciroma.com\/en\/prodotto\/necchi-n161\/#primaryimage\"},\"image\":{\"@id\":\"https:\/\/cuciroma.com\/en\/prodotto\/necchi-n161\/#primaryimage\"},\"thumbnailUrl\":\"https:\/\/cuciroma.com\/wp-content\/uploads\/2015\/05\/necchi-161.png\",\"datePublished\":\"2015-05-26T17:38:53+00:00\",\"dateModified\":\"2016-12-03T10:03:28+00:00\",\"description\":\"La Taglia cuce adatta per la casa, compatta versatile e leggera pu\u00f2 cucire 2 \/ 3 \/ 4 fili. Chiama subito per ricevere il tuo Prezzo Riservato con Spedizione Gratuita\",\"breadcrumb\":{\"@id\":\"https:\/\/cuciroma.com\/en\/prodotto\/necchi-n161\/#breadcrumb\"},\"inLanguage\":\"en-US\",\"potentialAction\":[{\"@type\":\"ReadAction\",\"target\":[\"https:\/\/cuciroma.com\/en\/prodotto\/necchi-n161\/\"]}]},{\"@type\":\"ImageObject\",\"inLanguage\":\"en-US\",\"@id\":\"https:\/\/cuciroma.com\/en\/prodotto\/necchi-n161\/#primaryimage\",\"url\":\"https:\/\/cuciroma.com\/wp-content\/uploads\/2015\/05\/necchi-161.png\",\"contentUrl\":\"https:\/\/cuciroma.com\/wp-content\/uploads\/2015\/05\/necchi-161.png\",\"width\":600,\"height\":536},{\"@type\":\"BreadcrumbList\",\"@id\":\"https:\/\/cuciroma.com\/en\/prodotto\/necchi-n161\/#breadcrumb\",\"itemListElement\":[{\"@type\":\"ListItem\",\"position\":1,\"name\":\"Shop On line\",\"item\":\"https:\/\/cuciroma.com\/shop\/\"},{\"@type\":\"ListItem\",\"position\":2,\"name\":\"Necchi N161\"}]},{\"@type\":\"WebSite\",\"@id\":\"https:\/\/cuciroma.com\/#website\",\"url\":\"https:\/\/cuciroma.com\/\",\"name\":\"Cuciroma | Macchine da cucire e accessori per il ricamo\",\"description\":\"Rivenditore e Assistenza autorizzata Macchine da Cucire Professionali\",\"publisher\":{\"@id\":\"https:\/\/cuciroma.com\/#organization\"},\"potentialAction\":[{\"@type\":\"SearchAction\",\"target\":{\"@type\":\"EntryPoint\",\"urlTemplate\":\"https:\/\/cuciroma.com\/?s={search_term_string}\"},\"query-input\":{\"@type\":\"PropertyValueSpecification\",\"valueRequired\":true,\"valueName\":\"search_term_string\"}}],\"inLanguage\":\"en-US\"},{\"@type\":\"Organization\",\"@id\":\"https:\/\/cuciroma.com\/#organization\",\"name\":\"Cuciroma\",\"url\":\"https:\/\/cuciroma.com\/\",\"logo\":{\"@type\":\"ImageObject\",\"inLanguage\":\"en-US\",\"@id\":\"https:\/\/cuciroma.com\/#\/schema\/logo\/image\/\",\"url\":\"https:\/\/cuciroma.com\/wp-content\/uploads\/2020\/07\/logo-cuciroma.png\",\"contentUrl\":\"https:\/\/cuciroma.com\/wp-content\/uploads\/2020\/07\/logo-cuciroma.png\",\"width\":565,\"height\":159,\"caption\":\"Cuciroma\"},\"image\":{\"@id\":\"https:\/\/cuciroma.com\/#\/schema\/logo\/image\/\"},\"sameAs\":[\"https:\/\/www.facebook.com\/cuciroma\/\",\"https:\/\/www.instagram.com\/cuciroma\/\"]}]}<\/script>\n<!-- \/ Yoast SEO plugin. -->","yoast_head_json":{"title":"Necchi N161 - Cuciroma | Macchine da cucire e accessori per il ricamo","description":"La Taglia cuce adatta per la casa, compatta versatile e leggera pu\u00f2 cucire 2 \/ 3 \/ 4 fili. Chiama subito per ricevere il tuo Prezzo Riservato con Spedizione Gratuita","robots":{"index":"index","follow":"follow","max-snippet":"max-snippet:-1","max-image-preview":"max-image-preview:large","max-video-preview":"max-video-preview:-1"},"canonical":"https:\/\/cuciroma.com\/en\/prodotto\/necchi-n161\/","og_locale":"en_US","og_type":"article","og_title":"Necchi N161 - Cuciroma | Macchine da cucire e accessori per il ricamo","og_description":"La Taglia cuce adatta per la casa, compatta versatile e leggera pu\u00f2 cucire 2 \/ 3 \/ 4 fili. Chiama subito per ricevere il tuo Prezzo Riservato con Spedizione Gratuita","og_url":"https:\/\/cuciroma.com\/en\/prodotto\/necchi-n161\/","og_site_name":"Cuciroma | Macchine da cucire e accessori per il ricamo","article_publisher":"https:\/\/www.facebook.com\/cuciroma\/","article_modified_time":"2016-12-03T10:03:28+00:00","og_image":[{"width":600,"height":536,"url":"https:\/\/cuciroma.com\/wp-content\/uploads\/2015\/05\/necchi-161.png","type":"image\/png"}],"twitter_card":"summary_large_image","twitter_misc":{"Est. reading time":"1 minute"},"schema":{"@context":"https:\/\/schema.org","@graph":[{"@type":"WebPage","@id":"https:\/\/cuciroma.com\/en\/prodotto\/necchi-n161\/","url":"https:\/\/cuciroma.com\/en\/prodotto\/necchi-n161\/","name":"Necchi N161 - Cuciroma | Macchine da cucire e accessori per il ricamo","isPartOf":{"@id":"https:\/\/cuciroma.com\/#website"},"primaryImageOfPage":{"@id":"https:\/\/cuciroma.com\/en\/prodotto\/necchi-n161\/#primaryimage"},"image":{"@id":"https:\/\/cuciroma.com\/en\/prodotto\/necchi-n161\/#primaryimage"},"thumbnailUrl":"https:\/\/cuciroma.com\/wp-content\/uploads\/2015\/05\/necchi-161.png","datePublished":"2015-05-26T17:38:53+00:00","dateModified":"2016-12-03T10:03:28+00:00","description":"La Taglia cuce adatta per la casa, compatta versatile e leggera pu\u00f2 cucire 2 \/ 3 \/ 4 fili. Chiama subito per ricevere il tuo Prezzo Riservato con Spedizione Gratuita","breadcrumb":{"@id":"https:\/\/cuciroma.com\/en\/prodotto\/necchi-n161\/#breadcrumb"},"inLanguage":"en-US","potentialAction":[{"@type":"ReadAction","target":["https:\/\/cuciroma.com\/en\/prodotto\/necchi-n161\/"]}]},{"@type":"ImageObject","inLanguage":"en-US","@id":"https:\/\/cuciroma.com\/en\/prodotto\/necchi-n161\/#primaryimage","url":"https:\/\/cuciroma.com\/wp-content\/uploads\/2015\/05\/necchi-161.png","contentUrl":"https:\/\/cuciroma.com\/wp-content\/uploads\/2015\/05\/necchi-161.png","width":600,"height":536},{"@type":"BreadcrumbList","@id":"https:\/\/cuciroma.com\/en\/prodotto\/necchi-n161\/#breadcrumb","itemListElement":[{"@type":"ListItem","position":1,"name":"Shop On line","item":"https:\/\/cuciroma.com\/shop\/"},{"@type":"ListItem","position":2,"name":"Necchi N161"}]},{"@type":"WebSite","@id":"https:\/\/cuciroma.com\/#website","url":"https:\/\/cuciroma.com\/","name":"Cuciroma | Macchine da cucire e accessori per il ricamo","description":"Rivenditore e Assistenza autorizzata Macchine da Cucire Professionali","publisher":{"@id":"https:\/\/cuciroma.com\/#organization"},"potentialAction":[{"@type":"SearchAction","target":{"@type":"EntryPoint","urlTemplate":"https:\/\/cuciroma.com\/?s={search_term_string}"},"query-input":{"@type":"PropertyValueSpecification","valueRequired":true,"valueName":"search_term_string"}}],"inLanguage":"en-US"},{"@type":"Organization","@id":"https:\/\/cuciroma.com\/#organization","name":"Cuciroma","url":"https:\/\/cuciroma.com\/","logo":{"@type":"ImageObject","inLanguage":"en-US","@id":"https:\/\/cuciroma.com\/#\/schema\/logo\/image\/","url":"https:\/\/cuciroma.com\/wp-content\/uploads\/2020\/07\/logo-cuciroma.png","contentUrl":"https:\/\/cuciroma.com\/wp-content\/uploads\/2020\/07\/logo-cuciroma.png","width":565,"height":159,"caption":"Cuciroma"},"image":{"@id":"https:\/\/cuciroma.com\/#\/schema\/logo\/image\/"},"sameAs":["https:\/\/www.facebook.com\/cuciroma\/","https:\/\/www.instagram.com\/cuciroma\/"]}]}},"df_price":"","df_sale_price":"","df_regular_price":"","df_image_link":"https:\/\/cuciroma.com\/wp-content\/uploads\/2015\/05\/necchi-161-300x268.png","_links":{"self":[{"href":"https:\/\/cuciroma.com\/en\/wp-json\/wp\/v2\/product\/6940","targetHints":{"allow":["GET"]}}],"collection":[{"href":"https:\/\/cuciroma.com\/en\/wp-json\/wp\/v2\/product"}],"about":[{"href":"https:\/\/cuciroma.com\/en\/wp-json\/wp\/v2\/types\/product"}],"replies":[{"embeddable":true,"href":"https:\/\/cuciroma.com\/en\/wp-json\/wp\/v2\/comments?post=6940"}],"wp:featuredmedia":[{"embeddable":true,"href":"https:\/\/cuciroma.com\/en\/wp-json\/wp\/v2\/media\/10599"}],"wp:attachment":[{"href":"https:\/\/cuciroma.com\/en\/wp-json\/wp\/v2\/media?parent=6940"}],"wp:term":[{"taxonomy":"product_brand","embeddable":true,"href":"https:\/\/cuciroma.com\/en\/wp-json\/wp\/v2\/product_brand?post=6940"},{"taxonomy":"product_cat","embeddable":true,"href":"https:\/\/cuciroma.com\/en\/wp-json\/wp\/v2\/product_cat?post=6940"},{"taxonomy":"product_tag","embeddable":true,"href":"https:\/\/cuciroma.com\/en\/wp-json\/wp\/v2\/product_tag?post=6940"}],"curies":[{"name":"wp","href":"https:\/\/api.w.org\/{rel}","templated":true}]}}