{"id":6936,"date":"2015-05-28T19:10:24","date_gmt":"2015-05-28T17:10:24","guid":{"rendered":"https:\/\/cuciroma.com\/prodotto\/necchi-n620-2\/"},"modified":"2017-02-01T16:38:04","modified_gmt":"2017-02-01T15:38:04","slug":"necchi-n620","status":"publish","type":"product","link":"https:\/\/cuciroma.com\/en\/prodotto\/necchi-n620\/","title":{"rendered":"Necchi N620 Experience"},"content":{"rendered":"<p><strong>Macchina per cucire elettronica. Crochet rotativo. Un totale di 60 punti che ti consentono di realizzare ogni tipo di cucitura, quelle di servizio per tutti i lavori e quelle decorative per personalizzare e impreziosire i tuoi capi. I punti sono facilmente selezionabili grazie ai pulsanti posti sul frontale della macchina e sono anche pre &#8211; impostate la lunghezza e l\u2019ampiezza dei punti ma all\u2019occorrenza modificabili. Sulla macchina sono presenti due vani portaoggetti, il primo sul piano di lavoro che pu\u00f2 essere rimosso per dare vita al braccio libero, utilissimo per lavorare il tubolare. Il secondo vano si trova frontale ed \u00e8 parte integrante del design della macchina;\u00a0 all\u2019interno sono inseriti tutti i piedini in dotazione con relativa tabella riguardante l\u2019uso degli stessi. Tra i supporti della macchina \u00e8 presente l\u2019infila ago che sar\u00e0 di grande aiuto Sempre sul frontale della macchina\u00a0 ci sono\u00a0 i pulsanti per il ferma punto, per la retromarcia e il pulsante per la regolazione della posizione dell\u2019ago ed ultimo ma importantissimo il cursore per la regolazione della velocit\u00e0.\u00a0 Presente anche il sollevamento extra del piedino per facilitare l\u2019inserimento di ogni tipo di materiale\u00a0 e la grande qualit\u00e0 di questa macchina far\u00e0 il resto. Niente pi\u00f9 punti saltati n\u00e9 tessuti difficili, senza problemi il trasporto della seta,\u00a0 jersey, del jeans o della spugna.<\/strong><\/p>\n<p><strong><span style=\"color: #800000;\">Specifiche:<\/span><\/strong><\/p>\n<div data-canvas-width=\"143.45600000000002\"><strong>&#8211; Infila ago automatico<\/strong><\/div>\n<div data-canvas-width=\"192.67199999999997\"><strong>&#8211; Pressione piedino regolabile<\/strong><\/div>\n<div data-canvas-width=\"378.4960000000001\"><strong>&#8211; Regolazione velocit\u00e0 cucitura fi no a 820 punti al minuto<\/strong><\/div>\n<div data-canvas-width=\"260.36800000000005\"><strong>&#8211; Esclusione griffa trasporto automatica<\/strong><\/div>\n<div data-canvas-width=\"270.9120000000001\"><strong>&#8211; Regolazione manuale della tensione filo<\/strong><\/div>\n<div data-canvas-width=\"212.06400000000008\"><strong>&#8211; Sollevamento extra del piedino<\/strong><\/div>\n<div data-canvas-width=\"428.944\"><strong>&#8211; Crochet rotativo orizzontale con coperchio spolina trasparente<\/strong><\/div>\n<div data-canvas-width=\"157.392\"><strong>&#8211; Portaspola orizzontale<\/strong><\/div>\n<div data-canvas-width=\"143.76000000000002\"><strong>&#8211; Tagliafilo con lametta<\/strong><\/div>\n<div data-canvas-width=\"203.584\"><strong>&#8211; Disinnesto fi larello automatico<\/strong><\/div>\n<div data-canvas-width=\"341.31199999999984\"><strong>&#8211; Linee guida del margine di cucitura in cm e pollici<\/strong><\/div>\n<div data-canvas-width=\"99.32800000000002\"><strong>&#8211; Braccio libero<\/strong><\/div>\n<div data-canvas-width=\"333.488\"><strong>&#8211; Predisposizione fori per perno cucitura circolare.<\/strong><\/div>\n<div data-canvas-width=\"333.488\"><strong>&#8211; 60 Punti comprese asole<\/strong><\/div>\n<div data-canvas-width=\"333.488\"><strong>&#8211; 4 Asole<\/strong><\/div>\n<div data-canvas-width=\"333.488\"><strong>&#8211; Larghezza massima del punto 7mm<\/strong><\/div>\n<div data-canvas-width=\"333.488\"><strong>&#8211; Lunghezza massima del punto 5mm<\/strong><\/div>\n<div data-canvas-width=\"333.488\"><strong>&#8211; Pulsante ago Alto\/basso<\/strong><\/div>\n<div data-canvas-width=\"333.488\"><strong>&#8211; Pulsante di blocco automatico<\/strong><\/div>\n<div data-canvas-width=\"333.488\"><strong>&#8211; Pulsante di marcia indietro<\/strong><\/div>\n<div data-canvas-width=\"333.488\"><strong>\u00a0<\/strong><\/div>\n<div data-canvas-width=\"333.488\"><strong><span style=\"color: #800000;\">Accessori in dotazione<\/span><\/strong><\/div>\n<div data-canvas-width=\"333.488\">\n<div data-canvas-width=\"456.91199999999986\"><strong>\u00a0<\/strong><\/div>\n<div data-canvas-width=\"456.91199999999986\"><strong>Piedino standard in metallo &#8211; Piedino per overlock (sopraggitto elastico) &#8211; Piedino per cerniere &#8211; Piedino per punto satin &#8211; Piedino orlatore &#8211; Piedino per orlo invisibile &#8211; Piedino cordoncino &#8211; Piedino asolatore automatico &#8211; Portaspola supplementare &#8211; Fermaspola &#8211; Spoline &#8211; Aghi &#8211; Cacciavite &#8211; Taglia asole &#8211;\u00a0<\/strong><strong>Spazzolino per la pulizia &#8211; Fori predisposti per perno cucitura circolare &#8211; Pedale con cavo retraibile.<\/strong><\/div>\n<\/div>\n<p>&nbsp;<\/p>\n","protected":false},"excerpt":{"rendered":"<p><strong>La Necchi 620 \u00e8 una delle macchine per cucire elettroniche che riesce ad unire la variet\u00e0 di punti alla qualit\u00e0 del prodotto, la 620 \u00e8 particolarmente adatta per una clientela che ama avere un prodotto affidabile, e che possa cucire su qualsiasi tipo di tessuto sia pesante che leggero.<\/strong><\/p>\n","protected":false},"featured_media":10559,"comment_status":"open","ping_status":"closed","template":"","meta":[],"product_brand":[],"product_cat":[178],"product_tag":[],"class_list":{"0":"post-6936","1":"product","2":"type-product","3":"status-publish","4":"has-post-thumbnail","6":"product_cat-necchi-elettroniche-en","7":"pa_trovaprezzi-pubblicato","9":"first","10":"instock","11":"taxable","12":"shipping-taxable","13":"product-type-simple"},"yoast_head":"<!-- This site is optimized with the Yoast SEO plugin v27.2 - https:\/\/yoast.com\/product\/yoast-seo-wordpress\/ -->\n<title>Necchi N620 Experience - Cuciroma | Macchine da cucire e accessori per il ricamo<\/title>\n<meta name=\"description\" content=\"Macchina per cucire elettronica. 60 punti per realizzare ogni tipo di cucitura. Chiama subito per ricevere un Prezzo super scontato con Spedizione Gratuita\" \/>\n<meta name=\"robots\" content=\"index, follow, max-snippet:-1, max-image-preview:large, max-video-preview:-1\" \/>\n<link rel=\"canonical\" href=\"https:\/\/cuciroma.com\/en\/prodotto\/necchi-n620\/\" \/>\n<meta property=\"og:locale\" content=\"en_US\" \/>\n<meta property=\"og:type\" content=\"article\" \/>\n<meta property=\"og:title\" content=\"Necchi N620 Experience - Cuciroma | Macchine da cucire e accessori per il ricamo\" \/>\n<meta property=\"og:description\" content=\"Macchina per cucire elettronica. 60 punti per realizzare ogni tipo di cucitura. Chiama subito per ricevere un Prezzo super scontato con Spedizione Gratuita\" \/>\n<meta property=\"og:url\" content=\"https:\/\/cuciroma.com\/en\/prodotto\/necchi-n620\/\" \/>\n<meta property=\"og:site_name\" content=\"Cuciroma | Macchine da cucire e accessori per il ricamo\" \/>\n<meta property=\"article:publisher\" content=\"https:\/\/www.facebook.com\/cuciroma\/\" \/>\n<meta property=\"article:modified_time\" content=\"2017-02-01T15:38:04+00:00\" \/>\n<meta property=\"og:image\" content=\"https:\/\/cuciroma.com\/wp-content\/uploads\/2015\/05\/necchi-620.png\" \/>\n\t<meta property=\"og:image:width\" content=\"600\" \/>\n\t<meta property=\"og:image:height\" content=\"536\" \/>\n\t<meta property=\"og:image:type\" content=\"image\/png\" \/>\n<meta name=\"twitter:card\" content=\"summary_large_image\" \/>\n<meta name=\"twitter:label1\" content=\"Est. reading time\" \/>\n\t<meta name=\"twitter:data1\" content=\"2 minutes\" \/>\n<script type=\"application\/ld+json\" class=\"yoast-schema-graph\">{\"@context\":\"https:\/\/schema.org\",\"@graph\":[{\"@type\":\"WebPage\",\"@id\":\"https:\/\/cuciroma.com\/en\/prodotto\/necchi-n620\/\",\"url\":\"https:\/\/cuciroma.com\/en\/prodotto\/necchi-n620\/\",\"name\":\"Necchi N620 Experience - Cuciroma | Macchine da cucire e accessori per il ricamo\",\"isPartOf\":{\"@id\":\"https:\/\/cuciroma.com\/#website\"},\"primaryImageOfPage\":{\"@id\":\"https:\/\/cuciroma.com\/en\/prodotto\/necchi-n620\/#primaryimage\"},\"image\":{\"@id\":\"https:\/\/cuciroma.com\/en\/prodotto\/necchi-n620\/#primaryimage\"},\"thumbnailUrl\":\"https:\/\/cuciroma.com\/wp-content\/uploads\/2015\/05\/necchi-620.png\",\"datePublished\":\"2015-05-28T17:10:24+00:00\",\"dateModified\":\"2017-02-01T15:38:04+00:00\",\"description\":\"Macchina per cucire elettronica. 60 punti per realizzare ogni tipo di cucitura. Chiama subito per ricevere un Prezzo super scontato con Spedizione Gratuita\",\"breadcrumb\":{\"@id\":\"https:\/\/cuciroma.com\/en\/prodotto\/necchi-n620\/#breadcrumb\"},\"inLanguage\":\"en-US\",\"potentialAction\":[{\"@type\":\"ReadAction\",\"target\":[\"https:\/\/cuciroma.com\/en\/prodotto\/necchi-n620\/\"]}]},{\"@type\":\"ImageObject\",\"inLanguage\":\"en-US\",\"@id\":\"https:\/\/cuciroma.com\/en\/prodotto\/necchi-n620\/#primaryimage\",\"url\":\"https:\/\/cuciroma.com\/wp-content\/uploads\/2015\/05\/necchi-620.png\",\"contentUrl\":\"https:\/\/cuciroma.com\/wp-content\/uploads\/2015\/05\/necchi-620.png\",\"width\":600,\"height\":536},{\"@type\":\"BreadcrumbList\",\"@id\":\"https:\/\/cuciroma.com\/en\/prodotto\/necchi-n620\/#breadcrumb\",\"itemListElement\":[{\"@type\":\"ListItem\",\"position\":1,\"name\":\"Shop On line\",\"item\":\"https:\/\/cuciroma.com\/shop\/\"},{\"@type\":\"ListItem\",\"position\":2,\"name\":\"Necchi N620 Experience\"}]},{\"@type\":\"WebSite\",\"@id\":\"https:\/\/cuciroma.com\/#website\",\"url\":\"https:\/\/cuciroma.com\/\",\"name\":\"Cuciroma | Macchine da cucire e accessori per il ricamo\",\"description\":\"Rivenditore e Assistenza autorizzata Macchine da Cucire Professionali\",\"publisher\":{\"@id\":\"https:\/\/cuciroma.com\/#organization\"},\"potentialAction\":[{\"@type\":\"SearchAction\",\"target\":{\"@type\":\"EntryPoint\",\"urlTemplate\":\"https:\/\/cuciroma.com\/?s={search_term_string}\"},\"query-input\":{\"@type\":\"PropertyValueSpecification\",\"valueRequired\":true,\"valueName\":\"search_term_string\"}}],\"inLanguage\":\"en-US\"},{\"@type\":\"Organization\",\"@id\":\"https:\/\/cuciroma.com\/#organization\",\"name\":\"Cuciroma\",\"url\":\"https:\/\/cuciroma.com\/\",\"logo\":{\"@type\":\"ImageObject\",\"inLanguage\":\"en-US\",\"@id\":\"https:\/\/cuciroma.com\/#\/schema\/logo\/image\/\",\"url\":\"https:\/\/cuciroma.com\/wp-content\/uploads\/2020\/07\/logo-cuciroma.png\",\"contentUrl\":\"https:\/\/cuciroma.com\/wp-content\/uploads\/2020\/07\/logo-cuciroma.png\",\"width\":565,\"height\":159,\"caption\":\"Cuciroma\"},\"image\":{\"@id\":\"https:\/\/cuciroma.com\/#\/schema\/logo\/image\/\"},\"sameAs\":[\"https:\/\/www.facebook.com\/cuciroma\/\",\"https:\/\/www.instagram.com\/cuciroma\/\"]}]}<\/script>\n<!-- \/ Yoast SEO plugin. -->","yoast_head_json":{"title":"Necchi N620 Experience - Cuciroma | Macchine da cucire e accessori per il ricamo","description":"Macchina per cucire elettronica. 60 punti per realizzare ogni tipo di cucitura. Chiama subito per ricevere un Prezzo super scontato con Spedizione Gratuita","robots":{"index":"index","follow":"follow","max-snippet":"max-snippet:-1","max-image-preview":"max-image-preview:large","max-video-preview":"max-video-preview:-1"},"canonical":"https:\/\/cuciroma.com\/en\/prodotto\/necchi-n620\/","og_locale":"en_US","og_type":"article","og_title":"Necchi N620 Experience - Cuciroma | Macchine da cucire e accessori per il ricamo","og_description":"Macchina per cucire elettronica. 60 punti per realizzare ogni tipo di cucitura. Chiama subito per ricevere un Prezzo super scontato con Spedizione Gratuita","og_url":"https:\/\/cuciroma.com\/en\/prodotto\/necchi-n620\/","og_site_name":"Cuciroma | Macchine da cucire e accessori per il ricamo","article_publisher":"https:\/\/www.facebook.com\/cuciroma\/","article_modified_time":"2017-02-01T15:38:04+00:00","og_image":[{"width":600,"height":536,"url":"https:\/\/cuciroma.com\/wp-content\/uploads\/2015\/05\/necchi-620.png","type":"image\/png"}],"twitter_card":"summary_large_image","twitter_misc":{"Est. reading time":"2 minutes"},"schema":{"@context":"https:\/\/schema.org","@graph":[{"@type":"WebPage","@id":"https:\/\/cuciroma.com\/en\/prodotto\/necchi-n620\/","url":"https:\/\/cuciroma.com\/en\/prodotto\/necchi-n620\/","name":"Necchi N620 Experience - Cuciroma | Macchine da cucire e accessori per il ricamo","isPartOf":{"@id":"https:\/\/cuciroma.com\/#website"},"primaryImageOfPage":{"@id":"https:\/\/cuciroma.com\/en\/prodotto\/necchi-n620\/#primaryimage"},"image":{"@id":"https:\/\/cuciroma.com\/en\/prodotto\/necchi-n620\/#primaryimage"},"thumbnailUrl":"https:\/\/cuciroma.com\/wp-content\/uploads\/2015\/05\/necchi-620.png","datePublished":"2015-05-28T17:10:24+00:00","dateModified":"2017-02-01T15:38:04+00:00","description":"Macchina per cucire elettronica. 60 punti per realizzare ogni tipo di cucitura. Chiama subito per ricevere un Prezzo super scontato con Spedizione Gratuita","breadcrumb":{"@id":"https:\/\/cuciroma.com\/en\/prodotto\/necchi-n620\/#breadcrumb"},"inLanguage":"en-US","potentialAction":[{"@type":"ReadAction","target":["https:\/\/cuciroma.com\/en\/prodotto\/necchi-n620\/"]}]},{"@type":"ImageObject","inLanguage":"en-US","@id":"https:\/\/cuciroma.com\/en\/prodotto\/necchi-n620\/#primaryimage","url":"https:\/\/cuciroma.com\/wp-content\/uploads\/2015\/05\/necchi-620.png","contentUrl":"https:\/\/cuciroma.com\/wp-content\/uploads\/2015\/05\/necchi-620.png","width":600,"height":536},{"@type":"BreadcrumbList","@id":"https:\/\/cuciroma.com\/en\/prodotto\/necchi-n620\/#breadcrumb","itemListElement":[{"@type":"ListItem","position":1,"name":"Shop On line","item":"https:\/\/cuciroma.com\/shop\/"},{"@type":"ListItem","position":2,"name":"Necchi N620 Experience"}]},{"@type":"WebSite","@id":"https:\/\/cuciroma.com\/#website","url":"https:\/\/cuciroma.com\/","name":"Cuciroma | Macchine da cucire e accessori per il ricamo","description":"Rivenditore e Assistenza autorizzata Macchine da Cucire Professionali","publisher":{"@id":"https:\/\/cuciroma.com\/#organization"},"potentialAction":[{"@type":"SearchAction","target":{"@type":"EntryPoint","urlTemplate":"https:\/\/cuciroma.com\/?s={search_term_string}"},"query-input":{"@type":"PropertyValueSpecification","valueRequired":true,"valueName":"search_term_string"}}],"inLanguage":"en-US"},{"@type":"Organization","@id":"https:\/\/cuciroma.com\/#organization","name":"Cuciroma","url":"https:\/\/cuciroma.com\/","logo":{"@type":"ImageObject","inLanguage":"en-US","@id":"https:\/\/cuciroma.com\/#\/schema\/logo\/image\/","url":"https:\/\/cuciroma.com\/wp-content\/uploads\/2020\/07\/logo-cuciroma.png","contentUrl":"https:\/\/cuciroma.com\/wp-content\/uploads\/2020\/07\/logo-cuciroma.png","width":565,"height":159,"caption":"Cuciroma"},"image":{"@id":"https:\/\/cuciroma.com\/#\/schema\/logo\/image\/"},"sameAs":["https:\/\/www.facebook.com\/cuciroma\/","https:\/\/www.instagram.com\/cuciroma\/"]}]}},"df_price":"","df_sale_price":"","df_regular_price":"","df_image_link":"https:\/\/cuciroma.com\/wp-content\/uploads\/2015\/05\/necchi-620-300x268.png","_links":{"self":[{"href":"https:\/\/cuciroma.com\/en\/wp-json\/wp\/v2\/product\/6936","targetHints":{"allow":["GET"]}}],"collection":[{"href":"https:\/\/cuciroma.com\/en\/wp-json\/wp\/v2\/product"}],"about":[{"href":"https:\/\/cuciroma.com\/en\/wp-json\/wp\/v2\/types\/product"}],"replies":[{"embeddable":true,"href":"https:\/\/cuciroma.com\/en\/wp-json\/wp\/v2\/comments?post=6936"}],"wp:featuredmedia":[{"embeddable":true,"href":"https:\/\/cuciroma.com\/en\/wp-json\/wp\/v2\/media\/10559"}],"wp:attachment":[{"href":"https:\/\/cuciroma.com\/en\/wp-json\/wp\/v2\/media?parent=6936"}],"wp:term":[{"taxonomy":"product_brand","embeddable":true,"href":"https:\/\/cuciroma.com\/en\/wp-json\/wp\/v2\/product_brand?post=6936"},{"taxonomy":"product_cat","embeddable":true,"href":"https:\/\/cuciroma.com\/en\/wp-json\/wp\/v2\/product_cat?post=6936"},{"taxonomy":"product_tag","embeddable":true,"href":"https:\/\/cuciroma.com\/en\/wp-json\/wp\/v2\/product_tag?post=6936"}],"curies":[{"name":"wp","href":"https:\/\/api.w.org\/{rel}","templated":true}]}}