{"id":6910,"date":"2015-06-12T17:04:51","date_gmt":"2015-06-12T15:04:51","guid":{"rendered":"https:\/\/cuciroma.com\/prodotto\/elna-expressive-860-2\/"},"modified":"2021-02-04T09:47:15","modified_gmt":"2021-02-04T08:47:15","slug":"elna-expressive-860","status":"publish","type":"product","link":"https:\/\/cuciroma.com\/en\/prodotto\/elna-expressive-860\/","title":{"rendered":"Elna Expressive 860"},"content":{"rendered":"<p>Macchina per cucire e ricamare elettronica, dotata di display LCD a colori ad alta definizione a sfioramento. 200 i punti incorporati ordinatamente suddivisi nelle diverse categorie, 6 stili di asole, punti Elna esclusivi, decorativi, quilting, punti patchwork e solo per quanto concerne la modalit\u00e0 cucito. Tutti questi punti sono inoltre visibili nella dimensione reale sul display una volta selezionati con la comoda Penna touch. Ulteriori 4 programmi per trapuntare sono disponibili inserendo la placca ago per punto diritto. Dotata di tutti le capacit\u00e0 per rendere facile e rapido il tuo lavoro come il rasafilo con la possibilit\u00e0 di acquistare il\u00a0 pedale opzionale, la ginocchiera alza piedino, la porta USB. Parte integrante della macchina anche durante la funzione cucito \u00e8 poi l\u2019unit\u00e0 di ricamo, compatta e semplice da rimuovere \u00e8 assemblata con componenti metallici per mantenere e migliorare la qualit\u00e0 del prodotto. 170 ricami incorporati e vari alfabeti, alta velocit\u00e0 di esecuzione delle impostazioni grazie alla nuova CPU (central processing unit), display LCD ad alta velocit\u00e0 per posizionare i ricami con un dito. I telai in dotazione sono di 170 x 200 mm e 140 x 140 mm. Ti permetter\u00e0 di raggiungere la perfezione!<\/p>\n<p>&#8211; Display a colori ad alta risoluzione<br \/>\n&#8211; Pannello di controllo touch screen al alta velocit\u00e0 per posizionare i ricami con un dito<br \/>\n&#8211; Display LCD touch screen ad alta velocit\u00e0<br \/>\n-Unit\u00e0 da ricamo compatta, semplice da rimuovere<br \/>\n-Alta velocit\u00e0 di esecuzione delle impostazioni grazie al<br \/>\nnuovo processore interno nuova CPU ( central processing unit)<br \/>\n&#8211; Sostituzione della placca con un semplice tocco<br \/>\n-Porta USB per caricare file in modo veloce<br \/>\n&#8211; Controllo automatico delle tensioni ogni punto \u00e8 controllato automaticamente<br \/>\n&#8211; La larghezza di 9 mm cucito offre una vasta scelta e fornisce<br \/>\nun grande impatto visivo<br \/>\n&#8211; Velocit\u00e0 di cucitura massima: 1000 punti al minuto, \u00e8 possibile impostare il rasafilo<br \/>\n&#8211; Ginocchiera alza piedino per sollevare il piedino senza usare le mani.<br \/>\n&#8211; Una guida con doppio sistema di blocco incluso per stabilizzare e rendere pi\u00f9 preciso il movimento verticale.<br \/>\n&#8211; L&#8217;unit\u00e0 di ricamo \u00e8 assemblata meticolosamente con componenti metallici al fine di mantenere e migliorare la qualit\u00e0 dell&#8217;unit\u00e0.<br \/>\n&#8211; Possibilit\u00e0 di cucire senza rimuovere l\u2019unit\u00e0 di ricamo<br \/>\n&#8211; L&#8217;unit\u00e0 di ricamo \u00e8 rimovibile per un facile trasporto.<\/p>\n<p><span style=\"color: #800000;\">Specifiche:<\/span><\/p>\n<p>\u2022 Macchina per cucire e ricamare elettronica dotata di display LCD a colori ad alta definizione a sfioramento<\/p>\n<p>\u2022 200 punti incorporati con possibilit\u00e0 di creazione di nuovi punti<\/p>\n<p>\u2022 6 tipi di asola<\/p>\n<p>\u2022 Punti esclusivi ricamo, patchwork e quilting<\/p>\n<p>\u2022 Istruzioni interattive su display per 12 selezioni punto<\/p>\n<p>\u2022 Memorizzazione punti preferiti<\/p>\n<p>\u2022 Placca ago a 9 mm<\/p>\n<p>\u2022 Ginocchiera<\/p>\n<p>\u2022 Area ricamo 200&#215;170 mm<\/p>\n<p>\u2022 Porta USB<\/p>\n<p>\u2022 170 ricami incorporati e vari alfabeti<\/p>\n<p>\u2022 Funzione cucitura\/ricamo senza rimuovere braccio.<\/p>\n","protected":false},"excerpt":{"rendered":"<p><strong>Macchina per cucire e ricamare elettronica, 200 i punti incorporati nella modalit\u00e0 cucito e 170 i ricami pi\u00f9 vari alfabeti. Alta velocit\u00e0 delle impostazioni grazie alla nuova CPU (central processing unit) e il display a sfioramento che permette di posizionare i ricami con un dito! La porta USB ti permette inoltre di caricare file tanti altri file e in modo veloce. Ora che sai che c\u2019\u00e8 \u2026 non puoi pi\u00f9 farne a meno!<\/strong><\/p>\n","protected":false},"featured_media":6911,"comment_status":"closed","ping_status":"closed","template":"","meta":[],"product_brand":[],"product_cat":[211],"product_tag":[],"class_list":{"0":"post-6910","1":"product","2":"type-product","3":"status-publish","4":"has-post-thumbnail","6":"product_cat-elna-ricamatrici-en","7":"pa_trovaprezzi-pubblicato","9":"first","10":"instock","11":"taxable","12":"shipping-taxable","13":"product-type-simple"},"yoast_head":"<!-- This site is optimized with the Yoast SEO plugin v27.2 - https:\/\/yoast.com\/product\/yoast-seo-wordpress\/ -->\n<title>Elna Expressive 860 - Cuciroma | Macchine da cucire e accessori per il ricamo<\/title>\n<meta name=\"description\" content=\"Macchina per cucire e ricamare elettronica, dotata di display LCD a colori ad alta definizione a sfioramento. Contattaci telefonicamente per un SUPER SCONTO\" \/>\n<meta name=\"robots\" content=\"index, follow, max-snippet:-1, max-image-preview:large, max-video-preview:-1\" \/>\n<link rel=\"canonical\" href=\"https:\/\/cuciroma.com\/prodotto\/elna-expressive-860\/\" \/>\n<meta property=\"og:locale\" content=\"en_US\" \/>\n<meta property=\"og:type\" content=\"article\" \/>\n<meta property=\"og:title\" content=\"Elna Expressive 860 - Cuciroma | Macchine da cucire e accessori per il ricamo\" \/>\n<meta property=\"og:description\" content=\"Macchina per cucire e ricamare elettronica, dotata di display LCD a colori ad alta definizione a sfioramento. Contattaci telefonicamente per un SUPER SCONTO\" \/>\n<meta property=\"og:url\" content=\"https:\/\/cuciroma.com\/prodotto\/elna-expressive-860\/\" \/>\n<meta property=\"og:site_name\" content=\"Cuciroma | Macchine da cucire e accessori per il ricamo\" \/>\n<meta property=\"article:publisher\" content=\"https:\/\/www.facebook.com\/cuciroma\/\" \/>\n<meta property=\"article:modified_time\" content=\"2021-02-04T08:47:15+00:00\" \/>\n<meta property=\"og:image\" content=\"https:\/\/cuciroma.com\/wp-content\/uploads\/2015\/06\/elna-860-a.jpg\" \/>\n\t<meta property=\"og:image:width\" content=\"473\" \/>\n\t<meta property=\"og:image:height\" content=\"348\" \/>\n\t<meta property=\"og:image:type\" content=\"image\/jpeg\" \/>\n<meta name=\"twitter:card\" content=\"summary_large_image\" \/>\n<meta name=\"twitter:label1\" content=\"Est. reading time\" \/>\n\t<meta name=\"twitter:data1\" content=\"2 minutes\" \/>\n<script type=\"application\/ld+json\" class=\"yoast-schema-graph\">{\"@context\":\"https:\/\/schema.org\",\"@graph\":[{\"@type\":\"WebPage\",\"@id\":\"https:\/\/cuciroma.com\/prodotto\/elna-expressive-860\/\",\"url\":\"https:\/\/cuciroma.com\/prodotto\/elna-expressive-860\/\",\"name\":\"Elna Expressive 860 - Cuciroma | Macchine da cucire e accessori per il ricamo\",\"isPartOf\":{\"@id\":\"https:\/\/cuciroma.com\/#website\"},\"primaryImageOfPage\":{\"@id\":\"https:\/\/cuciroma.com\/prodotto\/elna-expressive-860\/#primaryimage\"},\"image\":{\"@id\":\"https:\/\/cuciroma.com\/prodotto\/elna-expressive-860\/#primaryimage\"},\"thumbnailUrl\":\"https:\/\/cuciroma.com\/wp-content\/uploads\/2015\/06\/elna-860-a.jpg\",\"datePublished\":\"2015-06-12T15:04:51+00:00\",\"dateModified\":\"2021-02-04T08:47:15+00:00\",\"description\":\"Macchina per cucire e ricamare elettronica, dotata di display LCD a colori ad alta definizione a sfioramento. Contattaci telefonicamente per un SUPER SCONTO\",\"breadcrumb\":{\"@id\":\"https:\/\/cuciroma.com\/prodotto\/elna-expressive-860\/#breadcrumb\"},\"inLanguage\":\"en-US\",\"potentialAction\":[{\"@type\":\"ReadAction\",\"target\":[\"https:\/\/cuciroma.com\/prodotto\/elna-expressive-860\/\"]}]},{\"@type\":\"ImageObject\",\"inLanguage\":\"en-US\",\"@id\":\"https:\/\/cuciroma.com\/prodotto\/elna-expressive-860\/#primaryimage\",\"url\":\"https:\/\/cuciroma.com\/wp-content\/uploads\/2015\/06\/elna-860-a.jpg\",\"contentUrl\":\"https:\/\/cuciroma.com\/wp-content\/uploads\/2015\/06\/elna-860-a.jpg\",\"width\":473,\"height\":348},{\"@type\":\"BreadcrumbList\",\"@id\":\"https:\/\/cuciroma.com\/prodotto\/elna-expressive-860\/#breadcrumb\",\"itemListElement\":[{\"@type\":\"ListItem\",\"position\":1,\"name\":\"Shop On line\",\"item\":\"https:\/\/cuciroma.com\/shop\/\"},{\"@type\":\"ListItem\",\"position\":2,\"name\":\"Elna Expressive 860\"}]},{\"@type\":\"WebSite\",\"@id\":\"https:\/\/cuciroma.com\/#website\",\"url\":\"https:\/\/cuciroma.com\/\",\"name\":\"Cuciroma | Macchine da cucire e accessori per il ricamo\",\"description\":\"Rivenditore e Assistenza autorizzata Macchine da Cucire Professionali\",\"publisher\":{\"@id\":\"https:\/\/cuciroma.com\/#organization\"},\"potentialAction\":[{\"@type\":\"SearchAction\",\"target\":{\"@type\":\"EntryPoint\",\"urlTemplate\":\"https:\/\/cuciroma.com\/?s={search_term_string}\"},\"query-input\":{\"@type\":\"PropertyValueSpecification\",\"valueRequired\":true,\"valueName\":\"search_term_string\"}}],\"inLanguage\":\"en-US\"},{\"@type\":\"Organization\",\"@id\":\"https:\/\/cuciroma.com\/#organization\",\"name\":\"Cuciroma\",\"url\":\"https:\/\/cuciroma.com\/\",\"logo\":{\"@type\":\"ImageObject\",\"inLanguage\":\"en-US\",\"@id\":\"https:\/\/cuciroma.com\/#\/schema\/logo\/image\/\",\"url\":\"https:\/\/cuciroma.com\/wp-content\/uploads\/2020\/07\/logo-cuciroma.png\",\"contentUrl\":\"https:\/\/cuciroma.com\/wp-content\/uploads\/2020\/07\/logo-cuciroma.png\",\"width\":565,\"height\":159,\"caption\":\"Cuciroma\"},\"image\":{\"@id\":\"https:\/\/cuciroma.com\/#\/schema\/logo\/image\/\"},\"sameAs\":[\"https:\/\/www.facebook.com\/cuciroma\/\",\"https:\/\/www.instagram.com\/cuciroma\/\"]}]}<\/script>\n<!-- \/ Yoast SEO plugin. -->","yoast_head_json":{"title":"Elna Expressive 860 - Cuciroma | Macchine da cucire e accessori per il ricamo","description":"Macchina per cucire e ricamare elettronica, dotata di display LCD a colori ad alta definizione a sfioramento. Contattaci telefonicamente per un SUPER SCONTO","robots":{"index":"index","follow":"follow","max-snippet":"max-snippet:-1","max-image-preview":"max-image-preview:large","max-video-preview":"max-video-preview:-1"},"canonical":"https:\/\/cuciroma.com\/prodotto\/elna-expressive-860\/","og_locale":"en_US","og_type":"article","og_title":"Elna Expressive 860 - Cuciroma | Macchine da cucire e accessori per il ricamo","og_description":"Macchina per cucire e ricamare elettronica, dotata di display LCD a colori ad alta definizione a sfioramento. Contattaci telefonicamente per un SUPER SCONTO","og_url":"https:\/\/cuciroma.com\/prodotto\/elna-expressive-860\/","og_site_name":"Cuciroma | Macchine da cucire e accessori per il ricamo","article_publisher":"https:\/\/www.facebook.com\/cuciroma\/","article_modified_time":"2021-02-04T08:47:15+00:00","og_image":[{"width":473,"height":348,"url":"https:\/\/cuciroma.com\/wp-content\/uploads\/2015\/06\/elna-860-a.jpg","type":"image\/jpeg"}],"twitter_card":"summary_large_image","twitter_misc":{"Est. reading time":"2 minutes"},"schema":{"@context":"https:\/\/schema.org","@graph":[{"@type":"WebPage","@id":"https:\/\/cuciroma.com\/prodotto\/elna-expressive-860\/","url":"https:\/\/cuciroma.com\/prodotto\/elna-expressive-860\/","name":"Elna Expressive 860 - Cuciroma | Macchine da cucire e accessori per il ricamo","isPartOf":{"@id":"https:\/\/cuciroma.com\/#website"},"primaryImageOfPage":{"@id":"https:\/\/cuciroma.com\/prodotto\/elna-expressive-860\/#primaryimage"},"image":{"@id":"https:\/\/cuciroma.com\/prodotto\/elna-expressive-860\/#primaryimage"},"thumbnailUrl":"https:\/\/cuciroma.com\/wp-content\/uploads\/2015\/06\/elna-860-a.jpg","datePublished":"2015-06-12T15:04:51+00:00","dateModified":"2021-02-04T08:47:15+00:00","description":"Macchina per cucire e ricamare elettronica, dotata di display LCD a colori ad alta definizione a sfioramento. Contattaci telefonicamente per un SUPER SCONTO","breadcrumb":{"@id":"https:\/\/cuciroma.com\/prodotto\/elna-expressive-860\/#breadcrumb"},"inLanguage":"en-US","potentialAction":[{"@type":"ReadAction","target":["https:\/\/cuciroma.com\/prodotto\/elna-expressive-860\/"]}]},{"@type":"ImageObject","inLanguage":"en-US","@id":"https:\/\/cuciroma.com\/prodotto\/elna-expressive-860\/#primaryimage","url":"https:\/\/cuciroma.com\/wp-content\/uploads\/2015\/06\/elna-860-a.jpg","contentUrl":"https:\/\/cuciroma.com\/wp-content\/uploads\/2015\/06\/elna-860-a.jpg","width":473,"height":348},{"@type":"BreadcrumbList","@id":"https:\/\/cuciroma.com\/prodotto\/elna-expressive-860\/#breadcrumb","itemListElement":[{"@type":"ListItem","position":1,"name":"Shop On line","item":"https:\/\/cuciroma.com\/shop\/"},{"@type":"ListItem","position":2,"name":"Elna Expressive 860"}]},{"@type":"WebSite","@id":"https:\/\/cuciroma.com\/#website","url":"https:\/\/cuciroma.com\/","name":"Cuciroma | Macchine da cucire e accessori per il ricamo","description":"Rivenditore e Assistenza autorizzata Macchine da Cucire Professionali","publisher":{"@id":"https:\/\/cuciroma.com\/#organization"},"potentialAction":[{"@type":"SearchAction","target":{"@type":"EntryPoint","urlTemplate":"https:\/\/cuciroma.com\/?s={search_term_string}"},"query-input":{"@type":"PropertyValueSpecification","valueRequired":true,"valueName":"search_term_string"}}],"inLanguage":"en-US"},{"@type":"Organization","@id":"https:\/\/cuciroma.com\/#organization","name":"Cuciroma","url":"https:\/\/cuciroma.com\/","logo":{"@type":"ImageObject","inLanguage":"en-US","@id":"https:\/\/cuciroma.com\/#\/schema\/logo\/image\/","url":"https:\/\/cuciroma.com\/wp-content\/uploads\/2020\/07\/logo-cuciroma.png","contentUrl":"https:\/\/cuciroma.com\/wp-content\/uploads\/2020\/07\/logo-cuciroma.png","width":565,"height":159,"caption":"Cuciroma"},"image":{"@id":"https:\/\/cuciroma.com\/#\/schema\/logo\/image\/"},"sameAs":["https:\/\/www.facebook.com\/cuciroma\/","https:\/\/www.instagram.com\/cuciroma\/"]}]}},"df_price":"","df_sale_price":"","df_regular_price":"","df_image_link":"https:\/\/cuciroma.com\/wp-content\/uploads\/2015\/06\/elna-860-a-300x221.jpg","_links":{"self":[{"href":"https:\/\/cuciroma.com\/en\/wp-json\/wp\/v2\/product\/6910","targetHints":{"allow":["GET"]}}],"collection":[{"href":"https:\/\/cuciroma.com\/en\/wp-json\/wp\/v2\/product"}],"about":[{"href":"https:\/\/cuciroma.com\/en\/wp-json\/wp\/v2\/types\/product"}],"replies":[{"embeddable":true,"href":"https:\/\/cuciroma.com\/en\/wp-json\/wp\/v2\/comments?post=6910"}],"wp:featuredmedia":[{"embeddable":true,"href":"https:\/\/cuciroma.com\/en\/wp-json\/wp\/v2\/media\/6911"}],"wp:attachment":[{"href":"https:\/\/cuciroma.com\/en\/wp-json\/wp\/v2\/media?parent=6910"}],"wp:term":[{"taxonomy":"product_brand","embeddable":true,"href":"https:\/\/cuciroma.com\/en\/wp-json\/wp\/v2\/product_brand?post=6910"},{"taxonomy":"product_cat","embeddable":true,"href":"https:\/\/cuciroma.com\/en\/wp-json\/wp\/v2\/product_cat?post=6910"},{"taxonomy":"product_tag","embeddable":true,"href":"https:\/\/cuciroma.com\/en\/wp-json\/wp\/v2\/product_tag?post=6910"}],"curies":[{"name":"wp","href":"https:\/\/api.w.org\/{rel}","templated":true}]}}