{"id":6894,"date":"2015-06-15T17:28:38","date_gmt":"2015-06-15T15:28:38","guid":{"rendered":"https:\/\/cuciroma.com\/prodotto\/elna-expressive-820-2\/"},"modified":"2021-02-04T09:44:00","modified_gmt":"2021-02-04T08:44:00","slug":"elna-expressive-820","status":"publish","type":"product","link":"https:\/\/cuciroma.com\/en\/prodotto\/elna-expressive-820\/","title":{"rendered":"Elna Expressive 820"},"content":{"rendered":"<p>Macchina ricamatrice elettronica con unit\u00e0 ricamo incorporata dotata di display LCD (94x71mm) a sfioramento e a colori. Potrai dare spazio alla tua fantasia e personalizzare ogni tuo capo, anche il pi\u00f9 piccolo con semplicit\u00e0 e maestria. 100 ricami predefiniti a tua disposizione, 3 diversi tipi di carattere: Gothic, Script e Cheltenham, oltre ai monogrammi a 2 e 3 lettere. \u00c8 possibile inoltre ricamare i motivi contenuti nella scheda PC e nella Penna USB Opzionali oltre ai propri preferiti memorizzati. La tecnologia Elna consente inoltre alla macchina di identificare la misura di telaio (telai in dotazione 110x126mm e 140x200mm) appropriato in base ai motivi visualizzati sullo schermo. A completamento di questo competitivo prodotto l\u2019infila ago automatico, il pulsante rasa filo manuale e\/o programmabile, sensore rottura filo, pulsante tracciato ricamo. Tu metti la fantasia, Elna ti dagli strumenti.<\/p>\n<p>Grazie al modello Expressive 820 puoi facilmente personalizzare tutti i tuoi progetti. Personalizza scarpe e jeans e ricama con questa macchina cos\u00ec intuitiva \u00e8 facile da usare. Metti al tuo fianco l&#8217;Expressive 820 e fatti guidare per i lavori pi\u00f9 semplici fino a quelli pi\u00f9 complessi. Proprio come gli stilisti e gli arredatori, potrai inventare, personalizzare e adattare tutto quello che vuoi con piccoli gesti o grandi metamorfosi. Persino per le creazioni pi\u00f9 raffinate, l&#8217;Expressive 820 ha il dono di rendere il ricamo tanto semplice da consentirti di<\/p>\n<p>passare da un progetto all&#8217;altro con la leggerezza di una farfalla.<\/p>\n<p><span style=\"color: #800000;\">Specifiche:<\/span><\/p>\n<p>&#8211; 100 motivi incorporati<br \/>\n&#8211; Alfabeti: 3 stili in 3 grandezze<br \/>\n&#8211; Monogrammi: 2 o 3 lettere in 4 formati<br \/>\n&#8211; Funzioni modifica ricamo: combinazione di motivi,alfabeti,rotazione -Ingrandimento\/riduzione, immagine a specchio, immagine faccia a faccia<br \/>\n&#8211; Informazioni sui motivi di ricamo: area coperta e tavola colori, tempo rimanente (espresso in minuti) del ricamo da eseguire, pulsante tracciato con ricamo, contatore punti.<br \/>\n&#8211; Memoria: memorizzazione diretta in macchina, su chiavetta USB o su schede disegni PC.<br \/>\n&#8211; Preferenze impostate: pollici\/millimetri, regolazione del volume, scelta del filato e<br \/>\nlingua.<br \/>\n&#8211; Touch screen LCD con retroilluminazione &#8211; 94 mm x 71 mm<br \/>\n&#8211; Porta USB<br \/>\n&#8211; Infila ago automatico<br \/>\n&#8211; Sensore filo<br \/>\n&#8211; Rasafilo automatico<br \/>\n&#8211; Sensore leva alza piedino<br \/>\n&#8211; Sollevamento extra del piedino<br \/>\n&#8211; Placca ago con foro piccolo<br \/>\n&#8211; Crochet rotativo orizzontale con coperchio spolina trasparente<br \/>\n&#8211; Ricami a mano libera con telaio opzionale<br \/>\n&#8211; Unit\u00e0 ricamo incorporata<br \/>\n&#8211; Coperchio di protezione superiore con tavola motivi<br \/>\n&#8211; 11 lingue tra cui scegliere<br \/>\n&#8211; Voltaggio universale<br \/>\nAccessori in dotazione:<br \/>\nTelaio standard A: 126 mm x 110 mm &#8211; Telaio grande B: 140 mm x 200 mm &#8211; Spoline &#8211; Forbici &#8211; Fermaspole &#8211; Aghi per ricamo assortiti &#8211; Portaspola &#8211; Spazzolino per pulizia<\/p>\n","protected":false},"excerpt":{"rendered":"<p><strong>Macchina ricamatrice elettronica con unit\u00e0 ricamo incorporata dotata di display LCD (94x71mm) a sfioramento. 100 sono soltanto i ricami incorporati ai quali vanno aggiunti quelli che potrai introdurre attraverso la Penna USB e la scheda PC . Grazie alla capacit\u00e0 di questo semplice ma evoluto prodotto, sarai in grado di realizzare in un attimo tanti lavori che cambieranno i connotati ai tuoi capi!<\/strong><\/p>\n","protected":false},"featured_media":6895,"comment_status":"closed","ping_status":"closed","template":"","meta":[],"product_brand":[],"product_cat":[211],"product_tag":[],"class_list":{"0":"post-6894","1":"product","2":"type-product","3":"status-publish","4":"has-post-thumbnail","6":"product_cat-elna-ricamatrici-en","7":"pa_trovaprezzi-pubblicato","9":"first","10":"instock","11":"taxable","12":"shipping-taxable","13":"product-type-simple"},"yoast_head":"<!-- This site is optimized with the Yoast SEO plugin v27.2 - https:\/\/yoast.com\/product\/yoast-seo-wordpress\/ -->\n<title>Elna Expressive 820 - Cuciroma | Macchine da cucire e accessori per il ricamo<\/title>\n<meta name=\"robots\" content=\"index, follow, max-snippet:-1, max-image-preview:large, max-video-preview:-1\" \/>\n<link rel=\"canonical\" href=\"https:\/\/cuciroma.com\/prodotto\/elna-expressive-820\/\" \/>\n<meta property=\"og:locale\" content=\"en_US\" \/>\n<meta property=\"og:type\" content=\"article\" \/>\n<meta property=\"og:title\" content=\"Elna Expressive 820 - Cuciroma | Macchine da cucire e accessori per il ricamo\" \/>\n<meta property=\"og:description\" content=\"Macchina ricamatrice elettronica con unit\u00e0 ricamo incorporata dotata di display LCD (94x71mm) a sfioramento. 100 sono soltanto i ricami incorporati ai quali vanno aggiunti quelli che potrai introdurre attraverso la Penna USB e la scheda PC . Grazie alla capacit\u00e0 di questo semplice ma evoluto prodotto, sarai in grado di realizzare in un attimo tanti lavori che cambieranno i connotati ai tuoi capi!\" \/>\n<meta property=\"og:url\" content=\"https:\/\/cuciroma.com\/prodotto\/elna-expressive-820\/\" \/>\n<meta property=\"og:site_name\" content=\"Cuciroma | Macchine da cucire e accessori per il ricamo\" \/>\n<meta property=\"article:publisher\" content=\"https:\/\/www.facebook.com\/cuciroma\/\" \/>\n<meta property=\"article:modified_time\" content=\"2021-02-04T08:44:00+00:00\" \/>\n<meta property=\"og:image\" content=\"https:\/\/cuciroma.com\/wp-content\/uploads\/2015\/06\/elna-820-a.jpg\" \/>\n\t<meta property=\"og:image:width\" content=\"500\" \/>\n\t<meta property=\"og:image:height\" content=\"500\" \/>\n\t<meta property=\"og:image:type\" content=\"image\/jpeg\" \/>\n<meta name=\"twitter:card\" content=\"summary_large_image\" \/>\n<meta name=\"twitter:label1\" content=\"Est. reading time\" \/>\n\t<meta name=\"twitter:data1\" content=\"2 minutes\" \/>\n<script type=\"application\/ld+json\" class=\"yoast-schema-graph\">{\"@context\":\"https:\/\/schema.org\",\"@graph\":[{\"@type\":\"WebPage\",\"@id\":\"https:\/\/cuciroma.com\/prodotto\/elna-expressive-820\/\",\"url\":\"https:\/\/cuciroma.com\/prodotto\/elna-expressive-820\/\",\"name\":\"Elna Expressive 820 - Cuciroma | Macchine da cucire e accessori per il ricamo\",\"isPartOf\":{\"@id\":\"https:\/\/cuciroma.com\/#website\"},\"primaryImageOfPage\":{\"@id\":\"https:\/\/cuciroma.com\/prodotto\/elna-expressive-820\/#primaryimage\"},\"image\":{\"@id\":\"https:\/\/cuciroma.com\/prodotto\/elna-expressive-820\/#primaryimage\"},\"thumbnailUrl\":\"https:\/\/cuciroma.com\/wp-content\/uploads\/2015\/06\/elna-820-a.jpg\",\"datePublished\":\"2015-06-15T15:28:38+00:00\",\"dateModified\":\"2021-02-04T08:44:00+00:00\",\"breadcrumb\":{\"@id\":\"https:\/\/cuciroma.com\/prodotto\/elna-expressive-820\/#breadcrumb\"},\"inLanguage\":\"en-US\",\"potentialAction\":[{\"@type\":\"ReadAction\",\"target\":[\"https:\/\/cuciroma.com\/prodotto\/elna-expressive-820\/\"]}]},{\"@type\":\"ImageObject\",\"inLanguage\":\"en-US\",\"@id\":\"https:\/\/cuciroma.com\/prodotto\/elna-expressive-820\/#primaryimage\",\"url\":\"https:\/\/cuciroma.com\/wp-content\/uploads\/2015\/06\/elna-820-a.jpg\",\"contentUrl\":\"https:\/\/cuciroma.com\/wp-content\/uploads\/2015\/06\/elna-820-a.jpg\",\"width\":500,\"height\":500},{\"@type\":\"BreadcrumbList\",\"@id\":\"https:\/\/cuciroma.com\/prodotto\/elna-expressive-820\/#breadcrumb\",\"itemListElement\":[{\"@type\":\"ListItem\",\"position\":1,\"name\":\"Shop On line\",\"item\":\"https:\/\/cuciroma.com\/shop\/\"},{\"@type\":\"ListItem\",\"position\":2,\"name\":\"Elna Expressive 820\"}]},{\"@type\":\"WebSite\",\"@id\":\"https:\/\/cuciroma.com\/#website\",\"url\":\"https:\/\/cuciroma.com\/\",\"name\":\"Cuciroma | Macchine da cucire e accessori per il ricamo\",\"description\":\"Rivenditore e Assistenza autorizzata Macchine da Cucire Professionali\",\"publisher\":{\"@id\":\"https:\/\/cuciroma.com\/#organization\"},\"potentialAction\":[{\"@type\":\"SearchAction\",\"target\":{\"@type\":\"EntryPoint\",\"urlTemplate\":\"https:\/\/cuciroma.com\/?s={search_term_string}\"},\"query-input\":{\"@type\":\"PropertyValueSpecification\",\"valueRequired\":true,\"valueName\":\"search_term_string\"}}],\"inLanguage\":\"en-US\"},{\"@type\":\"Organization\",\"@id\":\"https:\/\/cuciroma.com\/#organization\",\"name\":\"Cuciroma\",\"url\":\"https:\/\/cuciroma.com\/\",\"logo\":{\"@type\":\"ImageObject\",\"inLanguage\":\"en-US\",\"@id\":\"https:\/\/cuciroma.com\/#\/schema\/logo\/image\/\",\"url\":\"https:\/\/cuciroma.com\/wp-content\/uploads\/2020\/07\/logo-cuciroma.png\",\"contentUrl\":\"https:\/\/cuciroma.com\/wp-content\/uploads\/2020\/07\/logo-cuciroma.png\",\"width\":565,\"height\":159,\"caption\":\"Cuciroma\"},\"image\":{\"@id\":\"https:\/\/cuciroma.com\/#\/schema\/logo\/image\/\"},\"sameAs\":[\"https:\/\/www.facebook.com\/cuciroma\/\",\"https:\/\/www.instagram.com\/cuciroma\/\"]}]}<\/script>\n<!-- \/ Yoast SEO plugin. -->","yoast_head_json":{"title":"Elna Expressive 820 - Cuciroma | Macchine da cucire e accessori per il ricamo","robots":{"index":"index","follow":"follow","max-snippet":"max-snippet:-1","max-image-preview":"max-image-preview:large","max-video-preview":"max-video-preview:-1"},"canonical":"https:\/\/cuciroma.com\/prodotto\/elna-expressive-820\/","og_locale":"en_US","og_type":"article","og_title":"Elna Expressive 820 - Cuciroma | Macchine da cucire e accessori per il ricamo","og_description":"Macchina ricamatrice elettronica con unit\u00e0 ricamo incorporata dotata di display LCD (94x71mm) a sfioramento. 100 sono soltanto i ricami incorporati ai quali vanno aggiunti quelli che potrai introdurre attraverso la Penna USB e la scheda PC . Grazie alla capacit\u00e0 di questo semplice ma evoluto prodotto, sarai in grado di realizzare in un attimo tanti lavori che cambieranno i connotati ai tuoi capi!","og_url":"https:\/\/cuciroma.com\/prodotto\/elna-expressive-820\/","og_site_name":"Cuciroma | Macchine da cucire e accessori per il ricamo","article_publisher":"https:\/\/www.facebook.com\/cuciroma\/","article_modified_time":"2021-02-04T08:44:00+00:00","og_image":[{"width":500,"height":500,"url":"https:\/\/cuciroma.com\/wp-content\/uploads\/2015\/06\/elna-820-a.jpg","type":"image\/jpeg"}],"twitter_card":"summary_large_image","twitter_misc":{"Est. reading time":"2 minutes"},"schema":{"@context":"https:\/\/schema.org","@graph":[{"@type":"WebPage","@id":"https:\/\/cuciroma.com\/prodotto\/elna-expressive-820\/","url":"https:\/\/cuciroma.com\/prodotto\/elna-expressive-820\/","name":"Elna Expressive 820 - Cuciroma | Macchine da cucire e accessori per il ricamo","isPartOf":{"@id":"https:\/\/cuciroma.com\/#website"},"primaryImageOfPage":{"@id":"https:\/\/cuciroma.com\/prodotto\/elna-expressive-820\/#primaryimage"},"image":{"@id":"https:\/\/cuciroma.com\/prodotto\/elna-expressive-820\/#primaryimage"},"thumbnailUrl":"https:\/\/cuciroma.com\/wp-content\/uploads\/2015\/06\/elna-820-a.jpg","datePublished":"2015-06-15T15:28:38+00:00","dateModified":"2021-02-04T08:44:00+00:00","breadcrumb":{"@id":"https:\/\/cuciroma.com\/prodotto\/elna-expressive-820\/#breadcrumb"},"inLanguage":"en-US","potentialAction":[{"@type":"ReadAction","target":["https:\/\/cuciroma.com\/prodotto\/elna-expressive-820\/"]}]},{"@type":"ImageObject","inLanguage":"en-US","@id":"https:\/\/cuciroma.com\/prodotto\/elna-expressive-820\/#primaryimage","url":"https:\/\/cuciroma.com\/wp-content\/uploads\/2015\/06\/elna-820-a.jpg","contentUrl":"https:\/\/cuciroma.com\/wp-content\/uploads\/2015\/06\/elna-820-a.jpg","width":500,"height":500},{"@type":"BreadcrumbList","@id":"https:\/\/cuciroma.com\/prodotto\/elna-expressive-820\/#breadcrumb","itemListElement":[{"@type":"ListItem","position":1,"name":"Shop On line","item":"https:\/\/cuciroma.com\/shop\/"},{"@type":"ListItem","position":2,"name":"Elna Expressive 820"}]},{"@type":"WebSite","@id":"https:\/\/cuciroma.com\/#website","url":"https:\/\/cuciroma.com\/","name":"Cuciroma | Macchine da cucire e accessori per il ricamo","description":"Rivenditore e Assistenza autorizzata Macchine da Cucire Professionali","publisher":{"@id":"https:\/\/cuciroma.com\/#organization"},"potentialAction":[{"@type":"SearchAction","target":{"@type":"EntryPoint","urlTemplate":"https:\/\/cuciroma.com\/?s={search_term_string}"},"query-input":{"@type":"PropertyValueSpecification","valueRequired":true,"valueName":"search_term_string"}}],"inLanguage":"en-US"},{"@type":"Organization","@id":"https:\/\/cuciroma.com\/#organization","name":"Cuciroma","url":"https:\/\/cuciroma.com\/","logo":{"@type":"ImageObject","inLanguage":"en-US","@id":"https:\/\/cuciroma.com\/#\/schema\/logo\/image\/","url":"https:\/\/cuciroma.com\/wp-content\/uploads\/2020\/07\/logo-cuciroma.png","contentUrl":"https:\/\/cuciroma.com\/wp-content\/uploads\/2020\/07\/logo-cuciroma.png","width":565,"height":159,"caption":"Cuciroma"},"image":{"@id":"https:\/\/cuciroma.com\/#\/schema\/logo\/image\/"},"sameAs":["https:\/\/www.facebook.com\/cuciroma\/","https:\/\/www.instagram.com\/cuciroma\/"]}]}},"df_price":"","df_sale_price":"","df_regular_price":"","df_image_link":"https:\/\/cuciroma.com\/wp-content\/uploads\/2015\/06\/elna-820-a-300x300.jpg","_links":{"self":[{"href":"https:\/\/cuciroma.com\/en\/wp-json\/wp\/v2\/product\/6894","targetHints":{"allow":["GET"]}}],"collection":[{"href":"https:\/\/cuciroma.com\/en\/wp-json\/wp\/v2\/product"}],"about":[{"href":"https:\/\/cuciroma.com\/en\/wp-json\/wp\/v2\/types\/product"}],"replies":[{"embeddable":true,"href":"https:\/\/cuciroma.com\/en\/wp-json\/wp\/v2\/comments?post=6894"}],"wp:featuredmedia":[{"embeddable":true,"href":"https:\/\/cuciroma.com\/en\/wp-json\/wp\/v2\/media\/6895"}],"wp:attachment":[{"href":"https:\/\/cuciroma.com\/en\/wp-json\/wp\/v2\/media?parent=6894"}],"wp:term":[{"taxonomy":"product_brand","embeddable":true,"href":"https:\/\/cuciroma.com\/en\/wp-json\/wp\/v2\/product_brand?post=6894"},{"taxonomy":"product_cat","embeddable":true,"href":"https:\/\/cuciroma.com\/en\/wp-json\/wp\/v2\/product_cat?post=6894"},{"taxonomy":"product_tag","embeddable":true,"href":"https:\/\/cuciroma.com\/en\/wp-json\/wp\/v2\/product_tag?post=6894"}],"curies":[{"name":"wp","href":"https:\/\/api.w.org\/{rel}","templated":true}]}}