{"id":6889,"date":"2015-06-15T18:10:39","date_gmt":"2015-06-15T16:10:39","guid":{"rendered":"https:\/\/cuciroma.com\/prodotto\/elna-expressive-900-2\/"},"modified":"2021-02-04T09:51:40","modified_gmt":"2021-02-04T08:51:40","slug":"elna-expressive-900","status":"publish","type":"product","link":"https:\/\/cuciroma.com\/en\/prodotto\/elna-expressive-900\/","title":{"rendered":"Elna Expressive 900"},"content":{"rendered":"<p>Macchina per cucire e ricamare elettronica dotata di display LCD a colori ad alta definizione a sfioramento. 425 punti incorporati per un cucito nuovo, creativo e professionale. Il piano di lavoro extra-large (280 mm) agevola l\u2019inserimento di capi di grandi dimensioni, la ginocchiera per alza piedino automatico ti permette di lavorare mantenendo le mani libere, la luce retrattile illumina esattamente l\u2019area che interessa. Con questa macchina hai anche la possibilit\u00e0 di creare nuovi punti grazie al software incluso stitch composer e modificare immagini, disegni foto e tanto altro ancora con il Software Digitizer Junior e Digitizer EX Versione 4. La funzione cucitura e la funzione ricamo sono poi utilizzabili senza la necessit\u00e0 di rimuovere il braccio. Il touch screen ad alta definizione e ad alta velocit\u00e0, la porta usb e soprattutto il PC-link , sono tutti importanti dettagli che rendono questa macchina fantastica e senza rivali. L\u2019area di ricamo \u00e8 di 230&#215;300 mm con 4 telai in dotazione e 338 sono i ricami incorporati con 10 alfabeti e monogrammi con 2 e 3 lettere. L\u2019 Expressive 900 \u00e8 una macchina facile da usare ed intuitiva e ti condurr\u00e0 piacevolmente verso risultati sbalorditivi.<\/p>\n<p>Secondo le vostre scelte, sapr\u00e0 adattarsi alle impostazioni preferite e diventando la vostra migliore assistente. Potrete personalizzare i punti a disposizione, creare la vostra sequenza di disegni o inventare esattamente il disegno che vi serviva. Lo schermo touch screen di ultima generazione vi permetter\u00e0 di lavorare ad alta velocit\u00e0. Modificare ricami e punti sar\u00e0 rapido ed intuitivo. Inoltre utilizzando<br \/>\nPC-Link diretto sar\u00e0 possibile collegare l\u2019Expressive 900 direttamente al proprio computer e trasmettere tutte le informazioni dalla macchina al PC.<\/p>\n<p><span style=\"color: #800000;\">Specifiche:<\/span><\/p>\n<p>&#8211; 425 punti inclusi 13 asole e 3 alfabeti<br \/>\n&#8211; Lunghezza massima del punto 5 mm<br \/>\n&#8211; Larghezza massima del punto 9 mm<br \/>\n&#8211; Alzata automatica piedino premistoffa<br \/>\n&#8211; Piano di lavoro extra largo 280mm x 120mm<br \/>\n&#8211; Placca ago removibile in un click<br \/>\n&#8211; Tasti fermatura punto, ago alto\/basso, nodo automatico, start\/stop.<br \/>\n&#8211; Funzione richiamo inizio disegno, immagine faccia a faccia e a specchio<br \/>\n&#8211; Guida tessuto con posizionamento automatico nell\u2019unit\u00e0 ricamo<br \/>\n&#8211; Velocit\u00e0 di cucitura regolabile fino a 1000 punti\/minuto<br \/>\n&#8211; Ginocchiera<br \/>\n&#8211; 338 ricami incorporati e 10 alfabeti<br \/>\n&#8211; Monogrammi a 2 o 3 lettere in diversi stili e grandezze<br \/>\n&#8211; Funzioni per combinare ricami e alfabeto, spostare o modificare la posizione del ricamo, la dimensione, i colori, copia\/incolla e raggruppare stesso colore<br \/>\n&#8211; Unit\u00e0 ricamo amovibile con valigetta di trasporto<br \/>\n&#8211; Telai inclusi: GR: 230 x 300 mm SQ23: 230 x 230 mm SQ14: 140 x 140 mm fA10-braccio libero : 100 x 40 mm<br \/>\n&#8211; Rasa-filo automatico e programmabile<br \/>\n&#8211; Ritorno automatico dei punti dopo la rottura del filo<br \/>\n&#8211; Velocit\u00e0 massima di ricamo: 800 punti\/minuto<br \/>\n&#8211; Memoria ricamo da 4M<br \/>\n&#8211; Connessione porta USB<br \/>\n&#8211; Software \u201cStitch Composer\u201d incluso<br \/>\n&#8211; Schermo LCD a sfioramento ad alta definizione<br \/>\n&#8211; Crochet rotativo orizzontale con coperchio trasparente<br \/>\n&#8211; Infila-ago incorporato<br \/>\n&#8211; Rasa filo automatico<br \/>\n&#8211; Inserimento guidato e facilitato della spolina<br \/>\n&#8211; 10 lampadine Led disposte in 5 differenti entrate<br \/>\n&#8211; Pressione piedino automatica<br \/>\n&#8211; Interfaccia lingue a scelta<br \/>\n&#8211; Copertura in tessuto semi rigido e maniglia di trasporto<br \/>\n&#8211; Griffa trasporto retrattile automaticamente<\/p>\n","protected":false},"excerpt":{"rendered":"<p><strong>Macchina per cucire e ricamare elettronica dotata di display LCD. 425 punti e 338 ricami pi\u00f9 10alfabeti e monogrammi 2e 3 lettere. Puoi inventare il tuo punto con lo stitch composer e scaricare o modificare ogni ricamo con il Software Digitizer Junior e Digitizer EX Versione 4 e il PC-link. Con questa macchina Sarete in grado di esaudire ogni volo della vostra creativit\u00e0.<\/strong><\/p>\n","protected":false},"featured_media":6890,"comment_status":"closed","ping_status":"closed","template":"","meta":[],"product_brand":[],"product_cat":[211],"product_tag":[],"class_list":{"0":"post-6889","1":"product","2":"type-product","3":"status-publish","4":"has-post-thumbnail","6":"product_cat-elna-ricamatrici-en","7":"pa_trovaprezzi-pubblicato","9":"first","10":"instock","11":"taxable","12":"shipping-taxable","13":"product-type-simple"},"yoast_head":"<!-- This site is optimized with the Yoast SEO plugin v27.2 - https:\/\/yoast.com\/product\/yoast-seo-wordpress\/ -->\n<title>Elna Expressive 900 - Cuciroma | Macchine da cucire e accessori per il ricamo<\/title>\n<meta name=\"robots\" content=\"index, follow, max-snippet:-1, max-image-preview:large, max-video-preview:-1\" \/>\n<link rel=\"canonical\" href=\"https:\/\/cuciroma.com\/prodotto\/elna-expressive-900\/\" \/>\n<meta property=\"og:locale\" content=\"en_US\" \/>\n<meta property=\"og:type\" content=\"article\" \/>\n<meta property=\"og:title\" content=\"Elna Expressive 900 - Cuciroma | Macchine da cucire e accessori per il ricamo\" \/>\n<meta property=\"og:description\" content=\"Macchina per cucire e ricamare elettronica dotata di display LCD. 425 punti e 338 ricami pi\u00f9 10alfabeti e monogrammi 2e 3 lettere. Puoi inventare il tuo punto con lo stitch composer e scaricare o modificare ogni ricamo con il Software Digitizer Junior e Digitizer EX Versione 4 e il PC-link. Con questa macchina Sarete in grado di esaudire ogni volo della vostra creativit\u00e0.\" \/>\n<meta property=\"og:url\" content=\"https:\/\/cuciroma.com\/prodotto\/elna-expressive-900\/\" \/>\n<meta property=\"og:site_name\" content=\"Cuciroma | Macchine da cucire e accessori per il ricamo\" \/>\n<meta property=\"article:publisher\" content=\"https:\/\/www.facebook.com\/cuciroma\/\" \/>\n<meta property=\"article:modified_time\" content=\"2021-02-04T08:51:40+00:00\" \/>\n<meta property=\"og:image\" content=\"https:\/\/cuciroma.com\/wp-content\/uploads\/2015\/06\/elna-exp.900-a.jpg\" \/>\n\t<meta property=\"og:image:width\" content=\"475\" \/>\n\t<meta property=\"og:image:height\" content=\"289\" \/>\n\t<meta property=\"og:image:type\" content=\"image\/jpeg\" \/>\n<meta name=\"twitter:card\" content=\"summary_large_image\" \/>\n<meta name=\"twitter:label1\" content=\"Est. reading time\" \/>\n\t<meta name=\"twitter:data1\" content=\"3 minutes\" \/>\n<script type=\"application\/ld+json\" class=\"yoast-schema-graph\">{\"@context\":\"https:\/\/schema.org\",\"@graph\":[{\"@type\":\"WebPage\",\"@id\":\"https:\/\/cuciroma.com\/prodotto\/elna-expressive-900\/\",\"url\":\"https:\/\/cuciroma.com\/prodotto\/elna-expressive-900\/\",\"name\":\"Elna Expressive 900 - Cuciroma | Macchine da cucire e accessori per il ricamo\",\"isPartOf\":{\"@id\":\"https:\/\/cuciroma.com\/#website\"},\"primaryImageOfPage\":{\"@id\":\"https:\/\/cuciroma.com\/prodotto\/elna-expressive-900\/#primaryimage\"},\"image\":{\"@id\":\"https:\/\/cuciroma.com\/prodotto\/elna-expressive-900\/#primaryimage\"},\"thumbnailUrl\":\"https:\/\/cuciroma.com\/wp-content\/uploads\/2015\/06\/elna-exp.900-a.jpg\",\"datePublished\":\"2015-06-15T16:10:39+00:00\",\"dateModified\":\"2021-02-04T08:51:40+00:00\",\"breadcrumb\":{\"@id\":\"https:\/\/cuciroma.com\/prodotto\/elna-expressive-900\/#breadcrumb\"},\"inLanguage\":\"en-US\",\"potentialAction\":[{\"@type\":\"ReadAction\",\"target\":[\"https:\/\/cuciroma.com\/prodotto\/elna-expressive-900\/\"]}]},{\"@type\":\"ImageObject\",\"inLanguage\":\"en-US\",\"@id\":\"https:\/\/cuciroma.com\/prodotto\/elna-expressive-900\/#primaryimage\",\"url\":\"https:\/\/cuciroma.com\/wp-content\/uploads\/2015\/06\/elna-exp.900-a.jpg\",\"contentUrl\":\"https:\/\/cuciroma.com\/wp-content\/uploads\/2015\/06\/elna-exp.900-a.jpg\",\"width\":475,\"height\":289},{\"@type\":\"BreadcrumbList\",\"@id\":\"https:\/\/cuciroma.com\/prodotto\/elna-expressive-900\/#breadcrumb\",\"itemListElement\":[{\"@type\":\"ListItem\",\"position\":1,\"name\":\"Shop On line\",\"item\":\"https:\/\/cuciroma.com\/shop\/\"},{\"@type\":\"ListItem\",\"position\":2,\"name\":\"Elna Expressive 900\"}]},{\"@type\":\"WebSite\",\"@id\":\"https:\/\/cuciroma.com\/#website\",\"url\":\"https:\/\/cuciroma.com\/\",\"name\":\"Cuciroma | Macchine da cucire e accessori per il ricamo\",\"description\":\"Rivenditore e Assistenza autorizzata Macchine da Cucire Professionali\",\"publisher\":{\"@id\":\"https:\/\/cuciroma.com\/#organization\"},\"potentialAction\":[{\"@type\":\"SearchAction\",\"target\":{\"@type\":\"EntryPoint\",\"urlTemplate\":\"https:\/\/cuciroma.com\/?s={search_term_string}\"},\"query-input\":{\"@type\":\"PropertyValueSpecification\",\"valueRequired\":true,\"valueName\":\"search_term_string\"}}],\"inLanguage\":\"en-US\"},{\"@type\":\"Organization\",\"@id\":\"https:\/\/cuciroma.com\/#organization\",\"name\":\"Cuciroma\",\"url\":\"https:\/\/cuciroma.com\/\",\"logo\":{\"@type\":\"ImageObject\",\"inLanguage\":\"en-US\",\"@id\":\"https:\/\/cuciroma.com\/#\/schema\/logo\/image\/\",\"url\":\"https:\/\/cuciroma.com\/wp-content\/uploads\/2020\/07\/logo-cuciroma.png\",\"contentUrl\":\"https:\/\/cuciroma.com\/wp-content\/uploads\/2020\/07\/logo-cuciroma.png\",\"width\":565,\"height\":159,\"caption\":\"Cuciroma\"},\"image\":{\"@id\":\"https:\/\/cuciroma.com\/#\/schema\/logo\/image\/\"},\"sameAs\":[\"https:\/\/www.facebook.com\/cuciroma\/\",\"https:\/\/www.instagram.com\/cuciroma\/\"]}]}<\/script>\n<!-- \/ Yoast SEO plugin. -->","yoast_head_json":{"title":"Elna Expressive 900 - Cuciroma | Macchine da cucire e accessori per il ricamo","robots":{"index":"index","follow":"follow","max-snippet":"max-snippet:-1","max-image-preview":"max-image-preview:large","max-video-preview":"max-video-preview:-1"},"canonical":"https:\/\/cuciroma.com\/prodotto\/elna-expressive-900\/","og_locale":"en_US","og_type":"article","og_title":"Elna Expressive 900 - Cuciroma | Macchine da cucire e accessori per il ricamo","og_description":"Macchina per cucire e ricamare elettronica dotata di display LCD. 425 punti e 338 ricami pi\u00f9 10alfabeti e monogrammi 2e 3 lettere. Puoi inventare il tuo punto con lo stitch composer e scaricare o modificare ogni ricamo con il Software Digitizer Junior e Digitizer EX Versione 4 e il PC-link. Con questa macchina Sarete in grado di esaudire ogni volo della vostra creativit\u00e0.","og_url":"https:\/\/cuciroma.com\/prodotto\/elna-expressive-900\/","og_site_name":"Cuciroma | Macchine da cucire e accessori per il ricamo","article_publisher":"https:\/\/www.facebook.com\/cuciroma\/","article_modified_time":"2021-02-04T08:51:40+00:00","og_image":[{"width":475,"height":289,"url":"https:\/\/cuciroma.com\/wp-content\/uploads\/2015\/06\/elna-exp.900-a.jpg","type":"image\/jpeg"}],"twitter_card":"summary_large_image","twitter_misc":{"Est. reading time":"3 minutes"},"schema":{"@context":"https:\/\/schema.org","@graph":[{"@type":"WebPage","@id":"https:\/\/cuciroma.com\/prodotto\/elna-expressive-900\/","url":"https:\/\/cuciroma.com\/prodotto\/elna-expressive-900\/","name":"Elna Expressive 900 - Cuciroma | Macchine da cucire e accessori per il ricamo","isPartOf":{"@id":"https:\/\/cuciroma.com\/#website"},"primaryImageOfPage":{"@id":"https:\/\/cuciroma.com\/prodotto\/elna-expressive-900\/#primaryimage"},"image":{"@id":"https:\/\/cuciroma.com\/prodotto\/elna-expressive-900\/#primaryimage"},"thumbnailUrl":"https:\/\/cuciroma.com\/wp-content\/uploads\/2015\/06\/elna-exp.900-a.jpg","datePublished":"2015-06-15T16:10:39+00:00","dateModified":"2021-02-04T08:51:40+00:00","breadcrumb":{"@id":"https:\/\/cuciroma.com\/prodotto\/elna-expressive-900\/#breadcrumb"},"inLanguage":"en-US","potentialAction":[{"@type":"ReadAction","target":["https:\/\/cuciroma.com\/prodotto\/elna-expressive-900\/"]}]},{"@type":"ImageObject","inLanguage":"en-US","@id":"https:\/\/cuciroma.com\/prodotto\/elna-expressive-900\/#primaryimage","url":"https:\/\/cuciroma.com\/wp-content\/uploads\/2015\/06\/elna-exp.900-a.jpg","contentUrl":"https:\/\/cuciroma.com\/wp-content\/uploads\/2015\/06\/elna-exp.900-a.jpg","width":475,"height":289},{"@type":"BreadcrumbList","@id":"https:\/\/cuciroma.com\/prodotto\/elna-expressive-900\/#breadcrumb","itemListElement":[{"@type":"ListItem","position":1,"name":"Shop On line","item":"https:\/\/cuciroma.com\/shop\/"},{"@type":"ListItem","position":2,"name":"Elna Expressive 900"}]},{"@type":"WebSite","@id":"https:\/\/cuciroma.com\/#website","url":"https:\/\/cuciroma.com\/","name":"Cuciroma | Macchine da cucire e accessori per il ricamo","description":"Rivenditore e Assistenza autorizzata Macchine da Cucire Professionali","publisher":{"@id":"https:\/\/cuciroma.com\/#organization"},"potentialAction":[{"@type":"SearchAction","target":{"@type":"EntryPoint","urlTemplate":"https:\/\/cuciroma.com\/?s={search_term_string}"},"query-input":{"@type":"PropertyValueSpecification","valueRequired":true,"valueName":"search_term_string"}}],"inLanguage":"en-US"},{"@type":"Organization","@id":"https:\/\/cuciroma.com\/#organization","name":"Cuciroma","url":"https:\/\/cuciroma.com\/","logo":{"@type":"ImageObject","inLanguage":"en-US","@id":"https:\/\/cuciroma.com\/#\/schema\/logo\/image\/","url":"https:\/\/cuciroma.com\/wp-content\/uploads\/2020\/07\/logo-cuciroma.png","contentUrl":"https:\/\/cuciroma.com\/wp-content\/uploads\/2020\/07\/logo-cuciroma.png","width":565,"height":159,"caption":"Cuciroma"},"image":{"@id":"https:\/\/cuciroma.com\/#\/schema\/logo\/image\/"},"sameAs":["https:\/\/www.facebook.com\/cuciroma\/","https:\/\/www.instagram.com\/cuciroma\/"]}]}},"df_price":"","df_sale_price":"","df_regular_price":"","df_image_link":"https:\/\/cuciroma.com\/wp-content\/uploads\/2015\/06\/elna-exp.900-a-300x183.jpg","_links":{"self":[{"href":"https:\/\/cuciroma.com\/en\/wp-json\/wp\/v2\/product\/6889","targetHints":{"allow":["GET"]}}],"collection":[{"href":"https:\/\/cuciroma.com\/en\/wp-json\/wp\/v2\/product"}],"about":[{"href":"https:\/\/cuciroma.com\/en\/wp-json\/wp\/v2\/types\/product"}],"replies":[{"embeddable":true,"href":"https:\/\/cuciroma.com\/en\/wp-json\/wp\/v2\/comments?post=6889"}],"wp:featuredmedia":[{"embeddable":true,"href":"https:\/\/cuciroma.com\/en\/wp-json\/wp\/v2\/media\/6890"}],"wp:attachment":[{"href":"https:\/\/cuciroma.com\/en\/wp-json\/wp\/v2\/media?parent=6889"}],"wp:term":[{"taxonomy":"product_brand","embeddable":true,"href":"https:\/\/cuciroma.com\/en\/wp-json\/wp\/v2\/product_brand?post=6889"},{"taxonomy":"product_cat","embeddable":true,"href":"https:\/\/cuciroma.com\/en\/wp-json\/wp\/v2\/product_cat?post=6889"},{"taxonomy":"product_tag","embeddable":true,"href":"https:\/\/cuciroma.com\/en\/wp-json\/wp\/v2\/product_tag?post=6889"}],"curies":[{"name":"wp","href":"https:\/\/api.w.org\/{rel}","templated":true}]}}