{"id":6873,"date":"2015-06-16T18:09:59","date_gmt":"2015-06-16T16:09:59","guid":{"rendered":"https:\/\/cuciroma.com\/prodotto\/singer-esp-2-2\/"},"modified":"2024-03-06T14:03:24","modified_gmt":"2024-03-06T13:03:24","slug":"singer-esp-2","status":"publish","type":"product","link":"https:\/\/cuciroma.com\/en\/prodotto\/singer-esp-2\/","title":{"rendered":"Pressa da stiro Singer ESP 2"},"content":{"rendered":"<p><strong>Ottimi risultati con la met\u00e0 del tempo e comodamente seduti,la pressione di questa pressa \u00e8 pari a 10 ferri con un semplice movimento,il getto vapore \u00e8 sempre disponibile grazie al suo serbatoio incorporato, non avrai timore di lasciare accesa la tua\u00a0 pressa Singer, con lo spengimento automatico e con allarme acustico, ti dar\u00e0 pi\u00f9 sicurezza a te e alla tua famiglia, la stiratura sar\u00e0 sempre perfetta con la quantit\u00e0 di vapore sempre disponibile.<\/strong><\/p>\n<p><strong>Il vantaggio di stirare con una pressa Singer \u00e8 di avere una superficie di lavoro extra-larga,10 volte pi\u00f9 larga di un ferro da stiro, la sua base pressofusa in alluminio permette una temperatura omogenea per tutta la piastra, in oltre minimo ingombro e una grande facilit\u00e0 di trasporto.<\/strong><\/p>\n<p><strong>\u00a0<span style=\"color: #800000;\">Specifiche:<\/span><\/strong><\/p>\n<p><strong>&#8211; Pressa da stiro a vapore<\/strong><br \/>\n<strong>&#8211; Potenza 1350W<\/strong><br \/>\n<strong>&#8211; Piastra riscaldante<\/strong><br \/>\n<strong>&#8211; Serbatoio 300 ml.<\/strong><br \/>\n<strong>&#8211; Vapore in verticale per il ritocco dei capi<\/strong><br \/>\n<strong>&#8211; Regolazione temperatura<\/strong><br \/>\n<strong>&#8211; Spegnimento automatico con allarme acustico<\/strong><br \/>\n<strong>&#8211; Chiusura di sicurezza<\/strong><\/p>\n<p><strong><span style=\"color: #800000;\">GARANZIA DI 2 ANNI<\/span><\/strong><\/p>\n<p>&nbsp;<\/p>\n<p>&nbsp;<\/p>\n","protected":false},"excerpt":{"rendered":"<p><strong>Ottimi risultati con la met\u00e0 del tempo e comodamente seduti,la pressione di questa pressa \u00e8 pari a 10 ferri con un semplice movimento, il getto vapore \u00e8 sempre disponibile grazie al suo serbatoio incorporato,non avrai timore di lasciare accesa la tua\u00a0 pressa Singer perch\u00e8 con lo spengimento automatico con allarme acustico, ti dar\u00e0 pi\u00f9 sicurezza a te e alla tua famiglia, la stiratura sar\u00e0 sempre perfetta con la quantit\u00e0 di vapore sempre disponibile.<\/strong><\/p>\n","protected":false},"featured_media":8127,"comment_status":"closed","ping_status":"closed","template":"","meta":[],"product_brand":[],"product_cat":[296],"product_tag":[],"class_list":{"0":"post-6873","1":"product","2":"type-product","3":"status-publish","4":"has-post-thumbnail","6":"product_cat-singer-2-en","7":"pa_trovaprezzi-pubblicato-en","9":"first","10":"outofstock","11":"taxable","12":"shipping-taxable","13":"purchasable","14":"product-type-simple"},"yoast_head":"<!-- This site is optimized with the Yoast SEO plugin v27.2 - https:\/\/yoast.com\/product\/yoast-seo-wordpress\/ -->\n<title>Pressa da stiro Singer ESP 2 - Cuciroma | Macchine da cucire e accessori per il ricamo<\/title>\n<meta name=\"description\" content=\"Ottimi risultati con la met\u00e0 del tempo e comodamente seduti,la pressione di questa pressa \u00e8 pari a 10 ferri con un semplice movimento, il getto vapore \u00e8 sempre disponibile grazie al suo serbatoio incorporato\" \/>\n<meta name=\"robots\" content=\"index, follow, max-snippet:-1, max-image-preview:large, max-video-preview:-1\" \/>\n<link rel=\"canonical\" href=\"https:\/\/cuciroma.com\/prodotto\/singer-esp-2\/\" \/>\n<meta property=\"og:locale\" content=\"en_US\" \/>\n<meta property=\"og:type\" content=\"article\" \/>\n<meta property=\"og:title\" content=\"Pressa da stiro Singer ESP 2 - Cuciroma | Macchine da cucire e accessori per il ricamo\" \/>\n<meta property=\"og:description\" content=\"Ottimi risultati con la met\u00e0 del tempo e comodamente seduti,la pressione di questa pressa \u00e8 pari a 10 ferri con un semplice movimento, il getto vapore \u00e8 sempre disponibile grazie al suo serbatoio incorporato\" \/>\n<meta property=\"og:url\" content=\"https:\/\/cuciroma.com\/prodotto\/singer-esp-2\/\" \/>\n<meta property=\"og:site_name\" content=\"Cuciroma | Macchine da cucire e accessori per il ricamo\" \/>\n<meta property=\"article:publisher\" content=\"https:\/\/www.facebook.com\/cuciroma\/\" \/>\n<meta property=\"article:modified_time\" content=\"2024-03-06T13:03:24+00:00\" \/>\n<meta property=\"og:image\" content=\"https:\/\/cuciroma.com\/wp-content\/uploads\/2015\/06\/esp2-a.jpg\" \/>\n\t<meta property=\"og:image:width\" content=\"700\" \/>\n\t<meta property=\"og:image:height\" content=\"520\" \/>\n\t<meta property=\"og:image:type\" content=\"image\/jpeg\" \/>\n<meta name=\"twitter:card\" content=\"summary_large_image\" \/>\n<meta name=\"twitter:label1\" content=\"Est. reading time\" \/>\n\t<meta name=\"twitter:data1\" content=\"1 minute\" \/>\n<script type=\"application\/ld+json\" class=\"yoast-schema-graph\">{\"@context\":\"https:\/\/schema.org\",\"@graph\":[{\"@type\":\"WebPage\",\"@id\":\"https:\/\/cuciroma.com\/prodotto\/singer-esp-2\/\",\"url\":\"https:\/\/cuciroma.com\/prodotto\/singer-esp-2\/\",\"name\":\"Pressa da stiro Singer ESP 2 - Cuciroma | Macchine da cucire e accessori per il ricamo\",\"isPartOf\":{\"@id\":\"https:\/\/cuciroma.com\/#website\"},\"primaryImageOfPage\":{\"@id\":\"https:\/\/cuciroma.com\/prodotto\/singer-esp-2\/#primaryimage\"},\"image\":{\"@id\":\"https:\/\/cuciroma.com\/prodotto\/singer-esp-2\/#primaryimage\"},\"thumbnailUrl\":\"https:\/\/cuciroma.com\/wp-content\/uploads\/2015\/06\/esp2-a.jpg\",\"datePublished\":\"2015-06-16T16:09:59+00:00\",\"dateModified\":\"2024-03-06T13:03:24+00:00\",\"description\":\"Ottimi risultati con la met\u00e0 del tempo e comodamente seduti,la pressione di questa pressa \u00e8 pari a 10 ferri con un semplice movimento, il getto vapore \u00e8 sempre disponibile grazie al suo serbatoio incorporato\",\"breadcrumb\":{\"@id\":\"https:\/\/cuciroma.com\/prodotto\/singer-esp-2\/#breadcrumb\"},\"inLanguage\":\"en-US\",\"potentialAction\":[{\"@type\":\"ReadAction\",\"target\":[\"https:\/\/cuciroma.com\/prodotto\/singer-esp-2\/\"]}]},{\"@type\":\"ImageObject\",\"inLanguage\":\"en-US\",\"@id\":\"https:\/\/cuciroma.com\/prodotto\/singer-esp-2\/#primaryimage\",\"url\":\"https:\/\/cuciroma.com\/wp-content\/uploads\/2015\/06\/esp2-a.jpg\",\"contentUrl\":\"https:\/\/cuciroma.com\/wp-content\/uploads\/2015\/06\/esp2-a.jpg\",\"width\":700,\"height\":520},{\"@type\":\"BreadcrumbList\",\"@id\":\"https:\/\/cuciroma.com\/prodotto\/singer-esp-2\/#breadcrumb\",\"itemListElement\":[{\"@type\":\"ListItem\",\"position\":1,\"name\":\"Shop On line\",\"item\":\"https:\/\/cuciroma.com\/shop\/\"},{\"@type\":\"ListItem\",\"position\":2,\"name\":\"Pressa da stiro Singer ESP 2\"}]},{\"@type\":\"WebSite\",\"@id\":\"https:\/\/cuciroma.com\/#website\",\"url\":\"https:\/\/cuciroma.com\/\",\"name\":\"Cuciroma | Macchine da cucire e accessori per il ricamo\",\"description\":\"Rivenditore e Assistenza autorizzata Macchine da Cucire Professionali\",\"publisher\":{\"@id\":\"https:\/\/cuciroma.com\/#organization\"},\"potentialAction\":[{\"@type\":\"SearchAction\",\"target\":{\"@type\":\"EntryPoint\",\"urlTemplate\":\"https:\/\/cuciroma.com\/?s={search_term_string}\"},\"query-input\":{\"@type\":\"PropertyValueSpecification\",\"valueRequired\":true,\"valueName\":\"search_term_string\"}}],\"inLanguage\":\"en-US\"},{\"@type\":\"Organization\",\"@id\":\"https:\/\/cuciroma.com\/#organization\",\"name\":\"Cuciroma\",\"url\":\"https:\/\/cuciroma.com\/\",\"logo\":{\"@type\":\"ImageObject\",\"inLanguage\":\"en-US\",\"@id\":\"https:\/\/cuciroma.com\/#\/schema\/logo\/image\/\",\"url\":\"https:\/\/cuciroma.com\/wp-content\/uploads\/2020\/07\/logo-cuciroma.png\",\"contentUrl\":\"https:\/\/cuciroma.com\/wp-content\/uploads\/2020\/07\/logo-cuciroma.png\",\"width\":565,\"height\":159,\"caption\":\"Cuciroma\"},\"image\":{\"@id\":\"https:\/\/cuciroma.com\/#\/schema\/logo\/image\/\"},\"sameAs\":[\"https:\/\/www.facebook.com\/cuciroma\/\",\"https:\/\/www.instagram.com\/cuciroma\/\"]}]}<\/script>\n<!-- \/ Yoast SEO plugin. -->","yoast_head_json":{"title":"Pressa da stiro Singer ESP 2 - Cuciroma | Macchine da cucire e accessori per il ricamo","description":"Ottimi risultati con la met\u00e0 del tempo e comodamente seduti,la pressione di questa pressa \u00e8 pari a 10 ferri con un semplice movimento, il getto vapore \u00e8 sempre disponibile grazie al suo serbatoio incorporato","robots":{"index":"index","follow":"follow","max-snippet":"max-snippet:-1","max-image-preview":"max-image-preview:large","max-video-preview":"max-video-preview:-1"},"canonical":"https:\/\/cuciroma.com\/prodotto\/singer-esp-2\/","og_locale":"en_US","og_type":"article","og_title":"Pressa da stiro Singer ESP 2 - Cuciroma | Macchine da cucire e accessori per il ricamo","og_description":"Ottimi risultati con la met\u00e0 del tempo e comodamente seduti,la pressione di questa pressa \u00e8 pari a 10 ferri con un semplice movimento, il getto vapore \u00e8 sempre disponibile grazie al suo serbatoio incorporato","og_url":"https:\/\/cuciroma.com\/prodotto\/singer-esp-2\/","og_site_name":"Cuciroma | Macchine da cucire e accessori per il ricamo","article_publisher":"https:\/\/www.facebook.com\/cuciroma\/","article_modified_time":"2024-03-06T13:03:24+00:00","og_image":[{"width":700,"height":520,"url":"https:\/\/cuciroma.com\/wp-content\/uploads\/2015\/06\/esp2-a.jpg","type":"image\/jpeg"}],"twitter_card":"summary_large_image","twitter_misc":{"Est. reading time":"1 minute"},"schema":{"@context":"https:\/\/schema.org","@graph":[{"@type":"WebPage","@id":"https:\/\/cuciroma.com\/prodotto\/singer-esp-2\/","url":"https:\/\/cuciroma.com\/prodotto\/singer-esp-2\/","name":"Pressa da stiro Singer ESP 2 - Cuciroma | Macchine da cucire e accessori per il ricamo","isPartOf":{"@id":"https:\/\/cuciroma.com\/#website"},"primaryImageOfPage":{"@id":"https:\/\/cuciroma.com\/prodotto\/singer-esp-2\/#primaryimage"},"image":{"@id":"https:\/\/cuciroma.com\/prodotto\/singer-esp-2\/#primaryimage"},"thumbnailUrl":"https:\/\/cuciroma.com\/wp-content\/uploads\/2015\/06\/esp2-a.jpg","datePublished":"2015-06-16T16:09:59+00:00","dateModified":"2024-03-06T13:03:24+00:00","description":"Ottimi risultati con la met\u00e0 del tempo e comodamente seduti,la pressione di questa pressa \u00e8 pari a 10 ferri con un semplice movimento, il getto vapore \u00e8 sempre disponibile grazie al suo serbatoio incorporato","breadcrumb":{"@id":"https:\/\/cuciroma.com\/prodotto\/singer-esp-2\/#breadcrumb"},"inLanguage":"en-US","potentialAction":[{"@type":"ReadAction","target":["https:\/\/cuciroma.com\/prodotto\/singer-esp-2\/"]}]},{"@type":"ImageObject","inLanguage":"en-US","@id":"https:\/\/cuciroma.com\/prodotto\/singer-esp-2\/#primaryimage","url":"https:\/\/cuciroma.com\/wp-content\/uploads\/2015\/06\/esp2-a.jpg","contentUrl":"https:\/\/cuciroma.com\/wp-content\/uploads\/2015\/06\/esp2-a.jpg","width":700,"height":520},{"@type":"BreadcrumbList","@id":"https:\/\/cuciroma.com\/prodotto\/singer-esp-2\/#breadcrumb","itemListElement":[{"@type":"ListItem","position":1,"name":"Shop On line","item":"https:\/\/cuciroma.com\/shop\/"},{"@type":"ListItem","position":2,"name":"Pressa da stiro Singer ESP 2"}]},{"@type":"WebSite","@id":"https:\/\/cuciroma.com\/#website","url":"https:\/\/cuciroma.com\/","name":"Cuciroma | Macchine da cucire e accessori per il ricamo","description":"Rivenditore e Assistenza autorizzata Macchine da Cucire Professionali","publisher":{"@id":"https:\/\/cuciroma.com\/#organization"},"potentialAction":[{"@type":"SearchAction","target":{"@type":"EntryPoint","urlTemplate":"https:\/\/cuciroma.com\/?s={search_term_string}"},"query-input":{"@type":"PropertyValueSpecification","valueRequired":true,"valueName":"search_term_string"}}],"inLanguage":"en-US"},{"@type":"Organization","@id":"https:\/\/cuciroma.com\/#organization","name":"Cuciroma","url":"https:\/\/cuciroma.com\/","logo":{"@type":"ImageObject","inLanguage":"en-US","@id":"https:\/\/cuciroma.com\/#\/schema\/logo\/image\/","url":"https:\/\/cuciroma.com\/wp-content\/uploads\/2020\/07\/logo-cuciroma.png","contentUrl":"https:\/\/cuciroma.com\/wp-content\/uploads\/2020\/07\/logo-cuciroma.png","width":565,"height":159,"caption":"Cuciroma"},"image":{"@id":"https:\/\/cuciroma.com\/#\/schema\/logo\/image\/"},"sameAs":["https:\/\/www.facebook.com\/cuciroma\/","https:\/\/www.instagram.com\/cuciroma\/"]}]}},"df_price":269,"df_sale_price":"","df_regular_price":269,"df_image_link":"https:\/\/cuciroma.com\/wp-content\/uploads\/2015\/06\/esp2-a-300x223.jpg","_links":{"self":[{"href":"https:\/\/cuciroma.com\/en\/wp-json\/wp\/v2\/product\/6873","targetHints":{"allow":["GET"]}}],"collection":[{"href":"https:\/\/cuciroma.com\/en\/wp-json\/wp\/v2\/product"}],"about":[{"href":"https:\/\/cuciroma.com\/en\/wp-json\/wp\/v2\/types\/product"}],"replies":[{"embeddable":true,"href":"https:\/\/cuciroma.com\/en\/wp-json\/wp\/v2\/comments?post=6873"}],"wp:featuredmedia":[{"embeddable":true,"href":"https:\/\/cuciroma.com\/en\/wp-json\/wp\/v2\/media\/8127"}],"wp:attachment":[{"href":"https:\/\/cuciroma.com\/en\/wp-json\/wp\/v2\/media?parent=6873"}],"wp:term":[{"taxonomy":"product_brand","embeddable":true,"href":"https:\/\/cuciroma.com\/en\/wp-json\/wp\/v2\/product_brand?post=6873"},{"taxonomy":"product_cat","embeddable":true,"href":"https:\/\/cuciroma.com\/en\/wp-json\/wp\/v2\/product_cat?post=6873"},{"taxonomy":"product_tag","embeddable":true,"href":"https:\/\/cuciroma.com\/en\/wp-json\/wp\/v2\/product_tag?post=6873"}],"curies":[{"name":"wp","href":"https:\/\/api.w.org\/{rel}","templated":true}]}}