{"id":6857,"date":"2015-06-20T11:44:03","date_gmt":"2015-06-20T09:44:03","guid":{"rendered":"https:\/\/cuciroma.com\/prodotto\/elnapress-720-2-2\/"},"modified":"2023-10-31T12:09:32","modified_gmt":"2023-10-31T11:09:32","slug":"elnapress-720-2","status":"publish","type":"product","link":"https:\/\/cuciroma.com\/en\/prodotto\/elnapress-720-2\/","title":{"rendered":"Elnapress 720"},"content":{"rendered":"<p><em><strong>Elnapress Limited Edition vi permette di stirare velocemente, con la massima semplicit\u00e0 e comodit\u00e0, ogni tipo di tessuto e capo d&#8217;abbigliamento. Con risultati sempre impeccabili. Il sistema vapojet produce vapore grazie al calore della piastra, umidificando il capo. \u00c8 alimentato con acqua normale del rubinetto.<br \/>\nElnapress 720 \u00e8 dotato di uno stiramaniche integrato che permette di stirare con la massima facilit\u00e0 le maniche delle camicie, i punti pi\u00f9 difficili o i capi di piccole dimensioni, come i vestitini dei bambini.<br \/>\nLa grande piastra scaldante (7 volte la superficie di un normale ferro da stiro), con i suoi 45 kg di pressione automatica, vi permette di stirare ogni capo &#8211; dalla t-shirt in jersey al delicato tricot fatto a mano fino all&#8217;abito da uomo &#8211; con una comodit\u00e0 e semplicit\u00e0 senza confronti. Senza false pieghe, segni lucidi o deformazioni del tessuto. E con un risultato professionale. Elnapress non vi offre soltanto una qualit\u00e0 professionale nella stiratura ma anche tanti altri vantaggi: risparmio di energia, praticit\u00e0 (facilit\u00e0 da riporre e da trasportare), stirare seduti e rilassati, risparmio di tempo. Non appena imparate ad utilizzarla, elnapress vi permette di guadagnare davvero tempo prezioso (fino al 50%). Grazie alla sua ampia piastra scaldante e ai suoi 45 kg di pressione automatica, potrete stirare ogni tessuto a capo d&#8217;abbigliamento con straordinari risultati. Elnapress consuma pochissima energia: da 600 a 800 watt, ossia molto meno di un ferro da stiro convenzionale, o la met\u00e0 di una caldaia a vapore. Una soluzione tre volte vincente: al risparmio di tempo si aggiunge quello di energia e di denaro.<br \/>\n<\/strong><\/em><\/p>\n<p><strong><span style=\"color: #800000;\">Specifiche:<\/span><\/strong><\/p>\n<p><strong>Elnapress \u00e8 compatta facile da trasportare (da 10,5 a 12 kg, a seconda del modello) e da riporre. Non \u00e8 necessaria praticamente nessuna manutenzione e ha quindi una durata di vita eccezionale.<\/strong><br \/>\n<strong> Prendete la vostra elnapress dall&#8217;armadio e posatela semplicemente su un tavolo. Collegatela ad una presa di corrente e sedetevi comodamente: la pressa \u00e8 gi\u00e0 pronta a facilitarvi la vita. Non dovete aprire l&#8217;asse o versare acqua demineralizzata. E addio al rumore: stirare diventa un piacere!<\/strong><br \/>\n<strong> Tutto \u00e8 a portata di mano, per stirare senza sforzo: spingete sull&#8217;impugnatura e il gioco \u00e8 fatto! Facile, veloce e piacevole. seduti e rilassati, potrete stirare senza effetti negativi per la salute.<\/strong><br \/>\n<strong> Elnapress \u00e8 dotata di un controllo elettronico della temperatura da 90\u00b0C a 220\u00b0C e di un sistema di sicurezza. Un allarme elettronico e un interruttore di sicurezza disattivano il riscaldamento della pressa dopo 10 secondi in posizione chiusa. Nessun rischio di bruciare i vostri capi pi\u00f9 delicati. Inoltre, si spegne automaticamente dopo 15 minuti di inattivit\u00e0<\/strong><\/p>\n<p><em><br \/>\n<\/em><\/p>\n","protected":false},"excerpt":{"rendered":"<p><strong>Con elnapress, guadagnate tempo libero riducendo di 50 % le fastidiose ore di stiro. Stirate rilassati e senza sforzo seduti al tavolo. Una volta finito, la pressa si arrangia facilmente nell&#8217;armadio. \u00c8 facile veloce e piacevole<\/strong><\/p>\n","protected":false},"featured_media":6858,"comment_status":"closed","ping_status":"closed","template":"","meta":[],"product_brand":[],"product_cat":[209],"product_tag":[],"class_list":{"0":"post-6857","1":"product","2":"type-product","3":"status-publish","4":"has-post-thumbnail","6":"product_cat-elnapress-en","7":"pa_trovaprezzi-pubblicato-en","9":"first","10":"outofstock","11":"taxable","12":"shipping-taxable","13":"purchasable","14":"product-type-simple"},"yoast_head":"<!-- This site is optimized with the Yoast SEO plugin v27.2 - https:\/\/yoast.com\/product\/yoast-seo-wordpress\/ -->\n<title>Elnapress 720 - Cuciroma | Macchine da cucire e accessori per il ricamo<\/title>\n<meta name=\"description\" content=\"Elnapress Limited Edition con 5 anni di garanzia vi permette di stirare velocemente e da seduti, richiedi uno sconto personalizzato\" \/>\n<meta name=\"robots\" content=\"index, follow, max-snippet:-1, max-image-preview:large, max-video-preview:-1\" \/>\n<link rel=\"canonical\" href=\"https:\/\/cuciroma.com\/prodotto\/elnapress-720-2\/\" \/>\n<meta property=\"og:locale\" content=\"en_US\" \/>\n<meta property=\"og:type\" content=\"article\" \/>\n<meta property=\"og:title\" content=\"Elnapress 720 - Cuciroma | Macchine da cucire e accessori per il ricamo\" \/>\n<meta property=\"og:description\" content=\"Elnapress Limited Edition con 5 anni di garanzia vi permette di stirare velocemente e da seduti, richiedi uno sconto personalizzato\" \/>\n<meta property=\"og:url\" content=\"https:\/\/cuciroma.com\/prodotto\/elnapress-720-2\/\" \/>\n<meta property=\"og:site_name\" content=\"Cuciroma | Macchine da cucire e accessori per il ricamo\" \/>\n<meta property=\"article:publisher\" content=\"https:\/\/www.facebook.com\/cuciroma\/\" \/>\n<meta property=\"article:modified_time\" content=\"2023-10-31T11:09:32+00:00\" \/>\n<meta property=\"og:image\" content=\"https:\/\/cuciroma.com\/wp-content\/uploads\/2015\/06\/elnapress-720-a.jpg\" \/>\n\t<meta property=\"og:image:width\" content=\"490\" \/>\n\t<meta property=\"og:image:height\" content=\"360\" \/>\n\t<meta property=\"og:image:type\" content=\"image\/jpeg\" \/>\n<meta name=\"twitter:card\" content=\"summary_large_image\" \/>\n<meta name=\"twitter:label1\" content=\"Est. reading time\" \/>\n\t<meta name=\"twitter:data1\" content=\"2 minutes\" \/>\n<script type=\"application\/ld+json\" class=\"yoast-schema-graph\">{\"@context\":\"https:\/\/schema.org\",\"@graph\":[{\"@type\":\"WebPage\",\"@id\":\"https:\/\/cuciroma.com\/prodotto\/elnapress-720-2\/\",\"url\":\"https:\/\/cuciroma.com\/prodotto\/elnapress-720-2\/\",\"name\":\"Elnapress 720 - Cuciroma | Macchine da cucire e accessori per il ricamo\",\"isPartOf\":{\"@id\":\"https:\/\/cuciroma.com\/#website\"},\"primaryImageOfPage\":{\"@id\":\"https:\/\/cuciroma.com\/prodotto\/elnapress-720-2\/#primaryimage\"},\"image\":{\"@id\":\"https:\/\/cuciroma.com\/prodotto\/elnapress-720-2\/#primaryimage\"},\"thumbnailUrl\":\"https:\/\/cuciroma.com\/wp-content\/uploads\/2015\/06\/elnapress-720-a.jpg\",\"datePublished\":\"2015-06-20T09:44:03+00:00\",\"dateModified\":\"2023-10-31T11:09:32+00:00\",\"description\":\"Elnapress Limited Edition con 5 anni di garanzia vi permette di stirare velocemente e da seduti, richiedi uno sconto personalizzato\",\"breadcrumb\":{\"@id\":\"https:\/\/cuciroma.com\/prodotto\/elnapress-720-2\/#breadcrumb\"},\"inLanguage\":\"en-US\",\"potentialAction\":[{\"@type\":\"ReadAction\",\"target\":[\"https:\/\/cuciroma.com\/prodotto\/elnapress-720-2\/\"]}]},{\"@type\":\"ImageObject\",\"inLanguage\":\"en-US\",\"@id\":\"https:\/\/cuciroma.com\/prodotto\/elnapress-720-2\/#primaryimage\",\"url\":\"https:\/\/cuciroma.com\/wp-content\/uploads\/2015\/06\/elnapress-720-a.jpg\",\"contentUrl\":\"https:\/\/cuciroma.com\/wp-content\/uploads\/2015\/06\/elnapress-720-a.jpg\",\"width\":490,\"height\":360},{\"@type\":\"BreadcrumbList\",\"@id\":\"https:\/\/cuciroma.com\/prodotto\/elnapress-720-2\/#breadcrumb\",\"itemListElement\":[{\"@type\":\"ListItem\",\"position\":1,\"name\":\"Shop On line\",\"item\":\"https:\/\/cuciroma.com\/shop\/\"},{\"@type\":\"ListItem\",\"position\":2,\"name\":\"Elnapress 720\"}]},{\"@type\":\"WebSite\",\"@id\":\"https:\/\/cuciroma.com\/#website\",\"url\":\"https:\/\/cuciroma.com\/\",\"name\":\"Cuciroma | Macchine da cucire e accessori per il ricamo\",\"description\":\"Rivenditore e Assistenza autorizzata Macchine da Cucire Professionali\",\"publisher\":{\"@id\":\"https:\/\/cuciroma.com\/#organization\"},\"potentialAction\":[{\"@type\":\"SearchAction\",\"target\":{\"@type\":\"EntryPoint\",\"urlTemplate\":\"https:\/\/cuciroma.com\/?s={search_term_string}\"},\"query-input\":{\"@type\":\"PropertyValueSpecification\",\"valueRequired\":true,\"valueName\":\"search_term_string\"}}],\"inLanguage\":\"en-US\"},{\"@type\":\"Organization\",\"@id\":\"https:\/\/cuciroma.com\/#organization\",\"name\":\"Cuciroma\",\"url\":\"https:\/\/cuciroma.com\/\",\"logo\":{\"@type\":\"ImageObject\",\"inLanguage\":\"en-US\",\"@id\":\"https:\/\/cuciroma.com\/#\/schema\/logo\/image\/\",\"url\":\"https:\/\/cuciroma.com\/wp-content\/uploads\/2020\/07\/logo-cuciroma.png\",\"contentUrl\":\"https:\/\/cuciroma.com\/wp-content\/uploads\/2020\/07\/logo-cuciroma.png\",\"width\":565,\"height\":159,\"caption\":\"Cuciroma\"},\"image\":{\"@id\":\"https:\/\/cuciroma.com\/#\/schema\/logo\/image\/\"},\"sameAs\":[\"https:\/\/www.facebook.com\/cuciroma\/\",\"https:\/\/www.instagram.com\/cuciroma\/\"]}]}<\/script>\n<!-- \/ Yoast SEO plugin. -->","yoast_head_json":{"title":"Elnapress 720 - Cuciroma | Macchine da cucire e accessori per il ricamo","description":"Elnapress Limited Edition con 5 anni di garanzia vi permette di stirare velocemente e da seduti, richiedi uno sconto personalizzato","robots":{"index":"index","follow":"follow","max-snippet":"max-snippet:-1","max-image-preview":"max-image-preview:large","max-video-preview":"max-video-preview:-1"},"canonical":"https:\/\/cuciroma.com\/prodotto\/elnapress-720-2\/","og_locale":"en_US","og_type":"article","og_title":"Elnapress 720 - Cuciroma | Macchine da cucire e accessori per il ricamo","og_description":"Elnapress Limited Edition con 5 anni di garanzia vi permette di stirare velocemente e da seduti, richiedi uno sconto personalizzato","og_url":"https:\/\/cuciroma.com\/prodotto\/elnapress-720-2\/","og_site_name":"Cuciroma | Macchine da cucire e accessori per il ricamo","article_publisher":"https:\/\/www.facebook.com\/cuciroma\/","article_modified_time":"2023-10-31T11:09:32+00:00","og_image":[{"width":490,"height":360,"url":"https:\/\/cuciroma.com\/wp-content\/uploads\/2015\/06\/elnapress-720-a.jpg","type":"image\/jpeg"}],"twitter_card":"summary_large_image","twitter_misc":{"Est. reading time":"2 minutes"},"schema":{"@context":"https:\/\/schema.org","@graph":[{"@type":"WebPage","@id":"https:\/\/cuciroma.com\/prodotto\/elnapress-720-2\/","url":"https:\/\/cuciroma.com\/prodotto\/elnapress-720-2\/","name":"Elnapress 720 - Cuciroma | Macchine da cucire e accessori per il ricamo","isPartOf":{"@id":"https:\/\/cuciroma.com\/#website"},"primaryImageOfPage":{"@id":"https:\/\/cuciroma.com\/prodotto\/elnapress-720-2\/#primaryimage"},"image":{"@id":"https:\/\/cuciroma.com\/prodotto\/elnapress-720-2\/#primaryimage"},"thumbnailUrl":"https:\/\/cuciroma.com\/wp-content\/uploads\/2015\/06\/elnapress-720-a.jpg","datePublished":"2015-06-20T09:44:03+00:00","dateModified":"2023-10-31T11:09:32+00:00","description":"Elnapress Limited Edition con 5 anni di garanzia vi permette di stirare velocemente e da seduti, richiedi uno sconto personalizzato","breadcrumb":{"@id":"https:\/\/cuciroma.com\/prodotto\/elnapress-720-2\/#breadcrumb"},"inLanguage":"en-US","potentialAction":[{"@type":"ReadAction","target":["https:\/\/cuciroma.com\/prodotto\/elnapress-720-2\/"]}]},{"@type":"ImageObject","inLanguage":"en-US","@id":"https:\/\/cuciroma.com\/prodotto\/elnapress-720-2\/#primaryimage","url":"https:\/\/cuciroma.com\/wp-content\/uploads\/2015\/06\/elnapress-720-a.jpg","contentUrl":"https:\/\/cuciroma.com\/wp-content\/uploads\/2015\/06\/elnapress-720-a.jpg","width":490,"height":360},{"@type":"BreadcrumbList","@id":"https:\/\/cuciroma.com\/prodotto\/elnapress-720-2\/#breadcrumb","itemListElement":[{"@type":"ListItem","position":1,"name":"Shop On line","item":"https:\/\/cuciroma.com\/shop\/"},{"@type":"ListItem","position":2,"name":"Elnapress 720"}]},{"@type":"WebSite","@id":"https:\/\/cuciroma.com\/#website","url":"https:\/\/cuciroma.com\/","name":"Cuciroma | Macchine da cucire e accessori per il ricamo","description":"Rivenditore e Assistenza autorizzata Macchine da Cucire Professionali","publisher":{"@id":"https:\/\/cuciroma.com\/#organization"},"potentialAction":[{"@type":"SearchAction","target":{"@type":"EntryPoint","urlTemplate":"https:\/\/cuciroma.com\/?s={search_term_string}"},"query-input":{"@type":"PropertyValueSpecification","valueRequired":true,"valueName":"search_term_string"}}],"inLanguage":"en-US"},{"@type":"Organization","@id":"https:\/\/cuciroma.com\/#organization","name":"Cuciroma","url":"https:\/\/cuciroma.com\/","logo":{"@type":"ImageObject","inLanguage":"en-US","@id":"https:\/\/cuciroma.com\/#\/schema\/logo\/image\/","url":"https:\/\/cuciroma.com\/wp-content\/uploads\/2020\/07\/logo-cuciroma.png","contentUrl":"https:\/\/cuciroma.com\/wp-content\/uploads\/2020\/07\/logo-cuciroma.png","width":565,"height":159,"caption":"Cuciroma"},"image":{"@id":"https:\/\/cuciroma.com\/#\/schema\/logo\/image\/"},"sameAs":["https:\/\/www.facebook.com\/cuciroma\/","https:\/\/www.instagram.com\/cuciroma\/"]}]}},"df_price":1189,"df_sale_price":"","df_regular_price":1189,"df_image_link":"https:\/\/cuciroma.com\/wp-content\/uploads\/2015\/06\/elnapress-720-a-300x220.jpg","_links":{"self":[{"href":"https:\/\/cuciroma.com\/en\/wp-json\/wp\/v2\/product\/6857","targetHints":{"allow":["GET"]}}],"collection":[{"href":"https:\/\/cuciroma.com\/en\/wp-json\/wp\/v2\/product"}],"about":[{"href":"https:\/\/cuciroma.com\/en\/wp-json\/wp\/v2\/types\/product"}],"replies":[{"embeddable":true,"href":"https:\/\/cuciroma.com\/en\/wp-json\/wp\/v2\/comments?post=6857"}],"wp:featuredmedia":[{"embeddable":true,"href":"https:\/\/cuciroma.com\/en\/wp-json\/wp\/v2\/media\/6858"}],"wp:attachment":[{"href":"https:\/\/cuciroma.com\/en\/wp-json\/wp\/v2\/media?parent=6857"}],"wp:term":[{"taxonomy":"product_brand","embeddable":true,"href":"https:\/\/cuciroma.com\/en\/wp-json\/wp\/v2\/product_brand?post=6857"},{"taxonomy":"product_cat","embeddable":true,"href":"https:\/\/cuciroma.com\/en\/wp-json\/wp\/v2\/product_cat?post=6857"},{"taxonomy":"product_tag","embeddable":true,"href":"https:\/\/cuciroma.com\/en\/wp-json\/wp\/v2\/product_tag?post=6857"}],"curies":[{"name":"wp","href":"https:\/\/api.w.org\/{rel}","templated":true}]}}