{"id":6822,"date":"2015-06-23T17:41:19","date_gmt":"2015-06-23T15:41:19","guid":{"rendered":"https:\/\/cuciroma.com\/prodotto\/elna-240-explore-2-2\/"},"modified":"2021-02-04T09:59:22","modified_gmt":"2021-02-04T08:59:22","slug":"elna-240-explore-2","status":"publish","type":"product","link":"https:\/\/cuciroma.com\/en\/prodotto\/elna-240-explore-2\/","title":{"rendered":"Elna 240 Explore"},"content":{"rendered":"<p>Explore 240 \u00e8 una macchina per cucire portatile ma completa. Adatta soprattutto alle principianti perch\u00e9 molto semplice da usare, richiama l\u2019interesse anche delle pi\u00f9 appassionate. Questo prodotto unisce alle dimensioni contenute e alla facilit\u00e0 di trasporto grazie alla maniglia anche una grande variet\u00e0 di punti, da quelli di servizio quali impunture e zig zag a quelli decorativi per arricchire e personalizzare ogni vostro capo. Munita di asolatore ad un tempo che permette il confezionamento di asole perfette e soprattutto tutte uguali e in un lampo! La macchina \u00e8 predisposta per lavorare anche con il doppio ago col quale potrete fare delle belle impunture che daranno un tocco professionale al vostro lavoro.<\/p>\n<p><span style=\"color: #800000;\">Specifiche:<\/span><\/p>\n<p>&#8211; 23 Punti comprese asole<br \/>\n&#8211; Asola in 4 tempi<br \/>\n&#8211; Larghezza massima del punto 5 mm 5 mm<br \/>\n&#8211; Lunghezza massima del punto 4 mm 4 mm<br \/>\n&#8211; Posizione ago punto dritto: sinistra e centro<br \/>\n&#8211; Ampio e comodo pannello visualizzazione punti<br \/>\n&#8211; Leva marcia indietro<br \/>\n&#8211; Penetrazione ago su ogni tipo di tessuto<br \/>\n&#8211; Semplice disinnesto filarello<br \/>\n&#8211; Infila ago automatico<br \/>\n&#8211; Piedini a scatto<br \/>\n&#8211; Pressione piedino regolabile<br \/>\n&#8211; Sollevamento extra del piedino<br \/>\n&#8211; Crochet oscillante frontale<br \/>\n&#8211; 2 portaspole verticali<br \/>\n&#8211; Tagliafilo a lametta<br \/>\n&#8211; Luce di cucitura<br \/>\n&#8211; Predisposizione fori per perno cucitura circolare<br \/>\n&#8211; Braccio libero<br \/>\n&#8211; Esclusione griffa di trasporto<br \/>\n&#8211; Copertina antipolvere<br \/>\n&#8211; Maniglia di trasporto<\/p>\n<p><span style=\"color: #800000;\">Accessori in dotazione:<\/span><\/p>\n<p>Ampio vano porta accessori &#8211; Piedino per orlo invisibile &#8211; Piedino asolatore automatico &#8211; Piedino per cerniere &#8211; Spoline &#8211; Aghi assortiti &#8211;<br \/>\nCacciavite &#8211; Taglia asole<\/p>\n","protected":false},"excerpt":{"rendered":"<p><strong>Explore 240 \u00e8 una macchina per cucire con crochet oscillante pratica e maneggevole, 22 i punti a disposizione come punti utili, elasticizzati, ricami e in pi\u00f9 l\u2019asolatore automatico ad un tempo col quale non dovrete pi\u00f9 preoccuparvi di misurare inizio e fine delle asole n\u00e9 la lunghezza, fa tutto lui!<\/strong><\/p>\n","protected":false},"featured_media":10628,"comment_status":"closed","ping_status":"closed","template":"","meta":[],"product_brand":[],"product_cat":[205,206],"product_tag":[],"class_list":{"0":"post-6822","1":"product","2":"type-product","3":"status-publish","4":"has-post-thumbnail","6":"product_cat-elna-en","7":"product_cat-elna-meccaniche-en","8":"pa_trovaprezzi-pubblicato","10":"first","11":"instock","12":"taxable","13":"shipping-taxable","14":"purchasable","15":"product-type-simple"},"yoast_head":"<!-- This site is optimized with the Yoast SEO plugin v27.2 - https:\/\/yoast.com\/product\/yoast-seo-wordpress\/ -->\n<title>Elna 240 Explore - Cuciroma | Macchine da cucire e accessori per il ricamo<\/title>\n<meta name=\"description\" content=\"Explore 240 \u00e8 una macchina per cucire portatile ma completa, punti elastici, utili e asole automatiche.Chiamaci per avere uno Sconto eccezionale\" \/>\n<meta name=\"robots\" content=\"index, follow, max-snippet:-1, max-image-preview:large, max-video-preview:-1\" \/>\n<link rel=\"canonical\" href=\"https:\/\/cuciroma.com\/prodotto\/elna-240-explore-2\/\" \/>\n<meta property=\"og:locale\" content=\"en_US\" \/>\n<meta property=\"og:type\" content=\"article\" \/>\n<meta property=\"og:title\" content=\"Elna 240 Explore - Cuciroma | Macchine da cucire e accessori per il ricamo\" \/>\n<meta property=\"og:description\" content=\"Explore 240 \u00e8 una macchina per cucire portatile ma completa, punti elastici, utili e asole automatiche.Chiamaci per avere uno Sconto eccezionale\" \/>\n<meta property=\"og:url\" content=\"https:\/\/cuciroma.com\/prodotto\/elna-240-explore-2\/\" \/>\n<meta property=\"og:site_name\" content=\"Cuciroma | Macchine da cucire e accessori per il ricamo\" \/>\n<meta property=\"article:publisher\" content=\"https:\/\/www.facebook.com\/cuciroma\/\" \/>\n<meta property=\"article:modified_time\" content=\"2021-02-04T08:59:22+00:00\" \/>\n<meta property=\"og:image\" content=\"https:\/\/cuciroma.com\/wp-content\/uploads\/2015\/06\/elna-240.jpg\" \/>\n\t<meta property=\"og:image:width\" content=\"745\" \/>\n\t<meta property=\"og:image:height\" content=\"600\" \/>\n\t<meta property=\"og:image:type\" content=\"image\/jpeg\" \/>\n<meta name=\"twitter:card\" content=\"summary_large_image\" \/>\n<meta name=\"twitter:label1\" content=\"Est. reading time\" \/>\n\t<meta name=\"twitter:data1\" content=\"1 minute\" \/>\n<script type=\"application\/ld+json\" class=\"yoast-schema-graph\">{\"@context\":\"https:\/\/schema.org\",\"@graph\":[{\"@type\":\"WebPage\",\"@id\":\"https:\/\/cuciroma.com\/prodotto\/elna-240-explore-2\/\",\"url\":\"https:\/\/cuciroma.com\/prodotto\/elna-240-explore-2\/\",\"name\":\"Elna 240 Explore - Cuciroma | Macchine da cucire e accessori per il ricamo\",\"isPartOf\":{\"@id\":\"https:\/\/cuciroma.com\/#website\"},\"primaryImageOfPage\":{\"@id\":\"https:\/\/cuciroma.com\/prodotto\/elna-240-explore-2\/#primaryimage\"},\"image\":{\"@id\":\"https:\/\/cuciroma.com\/prodotto\/elna-240-explore-2\/#primaryimage\"},\"thumbnailUrl\":\"https:\/\/cuciroma.com\/wp-content\/uploads\/2015\/06\/elna-240.jpg\",\"datePublished\":\"2015-06-23T15:41:19+00:00\",\"dateModified\":\"2021-02-04T08:59:22+00:00\",\"description\":\"Explore 240 \u00e8 una macchina per cucire portatile ma completa, punti elastici, utili e asole automatiche.Chiamaci per avere uno Sconto eccezionale\",\"breadcrumb\":{\"@id\":\"https:\/\/cuciroma.com\/prodotto\/elna-240-explore-2\/#breadcrumb\"},\"inLanguage\":\"en-US\",\"potentialAction\":[{\"@type\":\"ReadAction\",\"target\":[\"https:\/\/cuciroma.com\/prodotto\/elna-240-explore-2\/\"]}]},{\"@type\":\"ImageObject\",\"inLanguage\":\"en-US\",\"@id\":\"https:\/\/cuciroma.com\/prodotto\/elna-240-explore-2\/#primaryimage\",\"url\":\"https:\/\/cuciroma.com\/wp-content\/uploads\/2015\/06\/elna-240.jpg\",\"contentUrl\":\"https:\/\/cuciroma.com\/wp-content\/uploads\/2015\/06\/elna-240.jpg\",\"width\":745,\"height\":600},{\"@type\":\"BreadcrumbList\",\"@id\":\"https:\/\/cuciroma.com\/prodotto\/elna-240-explore-2\/#breadcrumb\",\"itemListElement\":[{\"@type\":\"ListItem\",\"position\":1,\"name\":\"Shop On line\",\"item\":\"https:\/\/cuciroma.com\/shop\/\"},{\"@type\":\"ListItem\",\"position\":2,\"name\":\"Elna 240 Explore\"}]},{\"@type\":\"WebSite\",\"@id\":\"https:\/\/cuciroma.com\/#website\",\"url\":\"https:\/\/cuciroma.com\/\",\"name\":\"Cuciroma | Macchine da cucire e accessori per il ricamo\",\"description\":\"Rivenditore e Assistenza autorizzata Macchine da Cucire Professionali\",\"publisher\":{\"@id\":\"https:\/\/cuciroma.com\/#organization\"},\"potentialAction\":[{\"@type\":\"SearchAction\",\"target\":{\"@type\":\"EntryPoint\",\"urlTemplate\":\"https:\/\/cuciroma.com\/?s={search_term_string}\"},\"query-input\":{\"@type\":\"PropertyValueSpecification\",\"valueRequired\":true,\"valueName\":\"search_term_string\"}}],\"inLanguage\":\"en-US\"},{\"@type\":\"Organization\",\"@id\":\"https:\/\/cuciroma.com\/#organization\",\"name\":\"Cuciroma\",\"url\":\"https:\/\/cuciroma.com\/\",\"logo\":{\"@type\":\"ImageObject\",\"inLanguage\":\"en-US\",\"@id\":\"https:\/\/cuciroma.com\/#\/schema\/logo\/image\/\",\"url\":\"https:\/\/cuciroma.com\/wp-content\/uploads\/2020\/07\/logo-cuciroma.png\",\"contentUrl\":\"https:\/\/cuciroma.com\/wp-content\/uploads\/2020\/07\/logo-cuciroma.png\",\"width\":565,\"height\":159,\"caption\":\"Cuciroma\"},\"image\":{\"@id\":\"https:\/\/cuciroma.com\/#\/schema\/logo\/image\/\"},\"sameAs\":[\"https:\/\/www.facebook.com\/cuciroma\/\",\"https:\/\/www.instagram.com\/cuciroma\/\"]}]}<\/script>\n<!-- \/ Yoast SEO plugin. -->","yoast_head_json":{"title":"Elna 240 Explore - Cuciroma | Macchine da cucire e accessori per il ricamo","description":"Explore 240 \u00e8 una macchina per cucire portatile ma completa, punti elastici, utili e asole automatiche.Chiamaci per avere uno Sconto eccezionale","robots":{"index":"index","follow":"follow","max-snippet":"max-snippet:-1","max-image-preview":"max-image-preview:large","max-video-preview":"max-video-preview:-1"},"canonical":"https:\/\/cuciroma.com\/prodotto\/elna-240-explore-2\/","og_locale":"en_US","og_type":"article","og_title":"Elna 240 Explore - Cuciroma | Macchine da cucire e accessori per il ricamo","og_description":"Explore 240 \u00e8 una macchina per cucire portatile ma completa, punti elastici, utili e asole automatiche.Chiamaci per avere uno Sconto eccezionale","og_url":"https:\/\/cuciroma.com\/prodotto\/elna-240-explore-2\/","og_site_name":"Cuciroma | Macchine da cucire e accessori per il ricamo","article_publisher":"https:\/\/www.facebook.com\/cuciroma\/","article_modified_time":"2021-02-04T08:59:22+00:00","og_image":[{"width":745,"height":600,"url":"https:\/\/cuciroma.com\/wp-content\/uploads\/2015\/06\/elna-240.jpg","type":"image\/jpeg"}],"twitter_card":"summary_large_image","twitter_misc":{"Est. reading time":"1 minute"},"schema":{"@context":"https:\/\/schema.org","@graph":[{"@type":"WebPage","@id":"https:\/\/cuciroma.com\/prodotto\/elna-240-explore-2\/","url":"https:\/\/cuciroma.com\/prodotto\/elna-240-explore-2\/","name":"Elna 240 Explore - Cuciroma | Macchine da cucire e accessori per il ricamo","isPartOf":{"@id":"https:\/\/cuciroma.com\/#website"},"primaryImageOfPage":{"@id":"https:\/\/cuciroma.com\/prodotto\/elna-240-explore-2\/#primaryimage"},"image":{"@id":"https:\/\/cuciroma.com\/prodotto\/elna-240-explore-2\/#primaryimage"},"thumbnailUrl":"https:\/\/cuciroma.com\/wp-content\/uploads\/2015\/06\/elna-240.jpg","datePublished":"2015-06-23T15:41:19+00:00","dateModified":"2021-02-04T08:59:22+00:00","description":"Explore 240 \u00e8 una macchina per cucire portatile ma completa, punti elastici, utili e asole automatiche.Chiamaci per avere uno Sconto eccezionale","breadcrumb":{"@id":"https:\/\/cuciroma.com\/prodotto\/elna-240-explore-2\/#breadcrumb"},"inLanguage":"en-US","potentialAction":[{"@type":"ReadAction","target":["https:\/\/cuciroma.com\/prodotto\/elna-240-explore-2\/"]}]},{"@type":"ImageObject","inLanguage":"en-US","@id":"https:\/\/cuciroma.com\/prodotto\/elna-240-explore-2\/#primaryimage","url":"https:\/\/cuciroma.com\/wp-content\/uploads\/2015\/06\/elna-240.jpg","contentUrl":"https:\/\/cuciroma.com\/wp-content\/uploads\/2015\/06\/elna-240.jpg","width":745,"height":600},{"@type":"BreadcrumbList","@id":"https:\/\/cuciroma.com\/prodotto\/elna-240-explore-2\/#breadcrumb","itemListElement":[{"@type":"ListItem","position":1,"name":"Shop On line","item":"https:\/\/cuciroma.com\/shop\/"},{"@type":"ListItem","position":2,"name":"Elna 240 Explore"}]},{"@type":"WebSite","@id":"https:\/\/cuciroma.com\/#website","url":"https:\/\/cuciroma.com\/","name":"Cuciroma | Macchine da cucire e accessori per il ricamo","description":"Rivenditore e Assistenza autorizzata Macchine da Cucire Professionali","publisher":{"@id":"https:\/\/cuciroma.com\/#organization"},"potentialAction":[{"@type":"SearchAction","target":{"@type":"EntryPoint","urlTemplate":"https:\/\/cuciroma.com\/?s={search_term_string}"},"query-input":{"@type":"PropertyValueSpecification","valueRequired":true,"valueName":"search_term_string"}}],"inLanguage":"en-US"},{"@type":"Organization","@id":"https:\/\/cuciroma.com\/#organization","name":"Cuciroma","url":"https:\/\/cuciroma.com\/","logo":{"@type":"ImageObject","inLanguage":"en-US","@id":"https:\/\/cuciroma.com\/#\/schema\/logo\/image\/","url":"https:\/\/cuciroma.com\/wp-content\/uploads\/2020\/07\/logo-cuciroma.png","contentUrl":"https:\/\/cuciroma.com\/wp-content\/uploads\/2020\/07\/logo-cuciroma.png","width":565,"height":159,"caption":"Cuciroma"},"image":{"@id":"https:\/\/cuciroma.com\/#\/schema\/logo\/image\/"},"sameAs":["https:\/\/www.facebook.com\/cuciroma\/","https:\/\/www.instagram.com\/cuciroma\/"]}]}},"df_price":490,"df_sale_price":"","df_regular_price":490,"df_image_link":"https:\/\/cuciroma.com\/wp-content\/uploads\/2015\/06\/elna-240-300x242.jpg","_links":{"self":[{"href":"https:\/\/cuciroma.com\/en\/wp-json\/wp\/v2\/product\/6822","targetHints":{"allow":["GET"]}}],"collection":[{"href":"https:\/\/cuciroma.com\/en\/wp-json\/wp\/v2\/product"}],"about":[{"href":"https:\/\/cuciroma.com\/en\/wp-json\/wp\/v2\/types\/product"}],"replies":[{"embeddable":true,"href":"https:\/\/cuciroma.com\/en\/wp-json\/wp\/v2\/comments?post=6822"}],"wp:featuredmedia":[{"embeddable":true,"href":"https:\/\/cuciroma.com\/en\/wp-json\/wp\/v2\/media\/10628"}],"wp:attachment":[{"href":"https:\/\/cuciroma.com\/en\/wp-json\/wp\/v2\/media?parent=6822"}],"wp:term":[{"taxonomy":"product_brand","embeddable":true,"href":"https:\/\/cuciroma.com\/en\/wp-json\/wp\/v2\/product_brand?post=6822"},{"taxonomy":"product_cat","embeddable":true,"href":"https:\/\/cuciroma.com\/en\/wp-json\/wp\/v2\/product_cat?post=6822"},{"taxonomy":"product_tag","embeddable":true,"href":"https:\/\/cuciroma.com\/en\/wp-json\/wp\/v2\/product_tag?post=6822"}],"curies":[{"name":"wp","href":"https:\/\/api.w.org\/{rel}","templated":true}]}}