{"id":6816,"date":"2015-06-23T18:38:05","date_gmt":"2015-06-23T16:38:05","guid":{"rendered":"https:\/\/cuciroma.com\/prodotto\/necchi-n-171-2\/"},"modified":"2017-01-27T17:39:21","modified_gmt":"2017-01-27T16:39:21","slug":"necchi-n-171","status":"publish","type":"product","link":"https:\/\/cuciroma.com\/en\/prodotto\/necchi-n-171\/","title":{"rendered":"Necchi N 171"},"content":{"rendered":"<p><strong>Necchi 171 \u00e8 la tua collaboratrice preferita pi\u00f9 dinamica ed energica della tua macchina per cucire, taglia, rifila, esegue orli arrotolati e rifiniture di un abile professionista. I tuoi progetti acquisteranno nuove linee e proporzioni: lasciate la vostra impronta e raccoglierete ovunque complimenti e ammirazioni, l&#8217;equilibrio e la precisione rendono cose sempre pi\u00f9 naturali: cuciture simmetriche o sagome sinuose, ogni capo si pu\u00f2 realizzare con straordinaria semplicit\u00e0, con quattro fili oppure con tre qualunque sia la combinazione il risultato \u00e8 sempre eccellente, cucitura 2 \/ 3 \/ 4 fili orlo arrotolato, orlo stretto, bordo picot, arricciatura, nervatura e finiture decorative.<\/strong><\/p>\n<p><strong><span style=\"color: #800000;\">Specifiche:<\/span><\/strong><br \/>\n<strong> \u2022 Regolazione trasporto differenziale da 0.5 a 2.2<\/strong><br \/>\n<strong> \u2022 Regolazione lunghezza punto da 1 a 4 mm<\/strong><br \/>\n<strong> \u2022 Regolazione larghezza taglio da 3 a 5 mm<\/strong><br \/>\n<strong> \u2022 Regolazione manuale dischi tensione da 0 a 9<\/strong><br \/>\n<strong> \u2022 Regolazione pressione piedino<\/strong><br \/>\n<strong> \u2022 Innesto\/disinnesto manuale coltello superiore<\/strong><br \/>\n<strong> \u2022 Convertitore a 2 fili<\/strong><br \/>\n<strong> \u2022 Apertura\/chiusura coperchio laterale<\/strong><br \/>\n<strong> \u2022 Apertura\/chiusura coperchio crochet<\/strong><br \/>\n<strong> \u2022 Velocit\u00e0 di cucitura di 1000 punti\/minuto<\/strong><br \/>\n<strong> \u2022 Taglia filo<\/strong><br \/>\n<strong> \u2022 Reostato elettronico<\/strong><br \/>\n<strong> \u2022 Crochet con infilatura facilitata<\/strong><br \/>\n<strong> \u2022 Guida fili con antenne telescopiche<\/strong><br \/>\n<strong> \u2022 Impugnatura di trasporto a scomparsa<\/strong><br \/>\n<strong> \u2022 Copertina morbida antipolvere<\/strong><\/p>\n<p><strong><span style=\"color: #800000;\">Accessori in dotazione:<\/span><\/strong><\/p>\n<p><strong>Aghi assortiti &#8211; Convertitore a 2 fili &#8211; Cacciavite piccolo e grande &#8211; Pinzetta &#8211; 4 Coni porta bobina &#8211; 4 Fermi per bobina &#8211; 4 Retine per bobina &#8211;<\/strong><\/p>\n","protected":false},"excerpt":{"rendered":"<p><strong>La Necchi 171 \u00e8 la taglia cuci \u00e8 molto semplice nel suo utilizzo, il differenziale regolabile rende le cuciture perfette su ogni tessuto,1000 sono i punti al minuto garantiscono una qualit\u00e0 di cucitura fuori dal comune.<\/strong><\/p>\n","protected":false},"featured_media":10597,"comment_status":"closed","ping_status":"closed","template":"","meta":[],"product_brand":[],"product_cat":[204],"product_tag":[],"class_list":{"0":"post-6816","1":"product","2":"type-product","3":"status-publish","4":"has-post-thumbnail","6":"product_cat-necchi-tagliacuci-en","7":"pa_trovaprezzi-pubblicato","9":"first","10":"instock","11":"taxable","12":"shipping-taxable","13":"product-type-simple"},"yoast_head":"<!-- This site is optimized with the Yoast SEO plugin v27.2 - https:\/\/yoast.com\/product\/yoast-seo-wordpress\/ -->\n<title>Necchi N 171 - Cuciroma | Macchine da cucire e accessori per il ricamo<\/title>\n<meta name=\"description\" content=\"Necchi 171 \u00e8 la tua collaboratrice preferita pi\u00f9 dinamica, taglia, e rifila. Chiama subito per ricevere il tuo Prezzo Riservato con Spedizione Gratuita\" \/>\n<meta name=\"robots\" content=\"index, follow, max-snippet:-1, max-image-preview:large, max-video-preview:-1\" \/>\n<link rel=\"canonical\" href=\"https:\/\/cuciroma.com\/en\/prodotto\/necchi-n-171\/\" \/>\n<meta property=\"og:locale\" content=\"en_US\" \/>\n<meta property=\"og:type\" content=\"article\" \/>\n<meta property=\"og:title\" content=\"Necchi N 171 - Cuciroma | Macchine da cucire e accessori per il ricamo\" \/>\n<meta property=\"og:description\" content=\"Necchi 171 \u00e8 la tua collaboratrice preferita pi\u00f9 dinamica, taglia, e rifila. Chiama subito per ricevere il tuo Prezzo Riservato con Spedizione Gratuita\" \/>\n<meta property=\"og:url\" content=\"https:\/\/cuciroma.com\/en\/prodotto\/necchi-n-171\/\" \/>\n<meta property=\"og:site_name\" content=\"Cuciroma | Macchine da cucire e accessori per il ricamo\" \/>\n<meta property=\"article:publisher\" content=\"https:\/\/www.facebook.com\/cuciroma\/\" \/>\n<meta property=\"article:modified_time\" content=\"2017-01-27T16:39:21+00:00\" \/>\n<meta property=\"og:image\" content=\"https:\/\/cuciroma.com\/wp-content\/uploads\/2015\/06\/necchi-171.jpg\" \/>\n\t<meta property=\"og:image:width\" content=\"600\" \/>\n\t<meta property=\"og:image:height\" content=\"536\" \/>\n\t<meta property=\"og:image:type\" content=\"image\/jpeg\" \/>\n<meta name=\"twitter:card\" content=\"summary_large_image\" \/>\n<meta name=\"twitter:label1\" content=\"Est. reading time\" \/>\n\t<meta name=\"twitter:data1\" content=\"1 minute\" \/>\n<script type=\"application\/ld+json\" class=\"yoast-schema-graph\">{\"@context\":\"https:\/\/schema.org\",\"@graph\":[{\"@type\":\"WebPage\",\"@id\":\"https:\/\/cuciroma.com\/en\/prodotto\/necchi-n-171\/\",\"url\":\"https:\/\/cuciroma.com\/en\/prodotto\/necchi-n-171\/\",\"name\":\"Necchi N 171 - Cuciroma | Macchine da cucire e accessori per il ricamo\",\"isPartOf\":{\"@id\":\"https:\/\/cuciroma.com\/#website\"},\"primaryImageOfPage\":{\"@id\":\"https:\/\/cuciroma.com\/en\/prodotto\/necchi-n-171\/#primaryimage\"},\"image\":{\"@id\":\"https:\/\/cuciroma.com\/en\/prodotto\/necchi-n-171\/#primaryimage\"},\"thumbnailUrl\":\"https:\/\/cuciroma.com\/wp-content\/uploads\/2015\/06\/necchi-171.jpg\",\"datePublished\":\"2015-06-23T16:38:05+00:00\",\"dateModified\":\"2017-01-27T16:39:21+00:00\",\"description\":\"Necchi 171 \u00e8 la tua collaboratrice preferita pi\u00f9 dinamica, taglia, e rifila. Chiama subito per ricevere il tuo Prezzo Riservato con Spedizione Gratuita\",\"breadcrumb\":{\"@id\":\"https:\/\/cuciroma.com\/en\/prodotto\/necchi-n-171\/#breadcrumb\"},\"inLanguage\":\"en-US\",\"potentialAction\":[{\"@type\":\"ReadAction\",\"target\":[\"https:\/\/cuciroma.com\/en\/prodotto\/necchi-n-171\/\"]}]},{\"@type\":\"ImageObject\",\"inLanguage\":\"en-US\",\"@id\":\"https:\/\/cuciroma.com\/en\/prodotto\/necchi-n-171\/#primaryimage\",\"url\":\"https:\/\/cuciroma.com\/wp-content\/uploads\/2015\/06\/necchi-171.jpg\",\"contentUrl\":\"https:\/\/cuciroma.com\/wp-content\/uploads\/2015\/06\/necchi-171.jpg\",\"width\":600,\"height\":536},{\"@type\":\"BreadcrumbList\",\"@id\":\"https:\/\/cuciroma.com\/en\/prodotto\/necchi-n-171\/#breadcrumb\",\"itemListElement\":[{\"@type\":\"ListItem\",\"position\":1,\"name\":\"Shop On line\",\"item\":\"https:\/\/cuciroma.com\/shop\/\"},{\"@type\":\"ListItem\",\"position\":2,\"name\":\"Necchi N 171\"}]},{\"@type\":\"WebSite\",\"@id\":\"https:\/\/cuciroma.com\/#website\",\"url\":\"https:\/\/cuciroma.com\/\",\"name\":\"Cuciroma | Macchine da cucire e accessori per il ricamo\",\"description\":\"Rivenditore e Assistenza autorizzata Macchine da Cucire Professionali\",\"publisher\":{\"@id\":\"https:\/\/cuciroma.com\/#organization\"},\"potentialAction\":[{\"@type\":\"SearchAction\",\"target\":{\"@type\":\"EntryPoint\",\"urlTemplate\":\"https:\/\/cuciroma.com\/?s={search_term_string}\"},\"query-input\":{\"@type\":\"PropertyValueSpecification\",\"valueRequired\":true,\"valueName\":\"search_term_string\"}}],\"inLanguage\":\"en-US\"},{\"@type\":\"Organization\",\"@id\":\"https:\/\/cuciroma.com\/#organization\",\"name\":\"Cuciroma\",\"url\":\"https:\/\/cuciroma.com\/\",\"logo\":{\"@type\":\"ImageObject\",\"inLanguage\":\"en-US\",\"@id\":\"https:\/\/cuciroma.com\/#\/schema\/logo\/image\/\",\"url\":\"https:\/\/cuciroma.com\/wp-content\/uploads\/2020\/07\/logo-cuciroma.png\",\"contentUrl\":\"https:\/\/cuciroma.com\/wp-content\/uploads\/2020\/07\/logo-cuciroma.png\",\"width\":565,\"height\":159,\"caption\":\"Cuciroma\"},\"image\":{\"@id\":\"https:\/\/cuciroma.com\/#\/schema\/logo\/image\/\"},\"sameAs\":[\"https:\/\/www.facebook.com\/cuciroma\/\",\"https:\/\/www.instagram.com\/cuciroma\/\"]}]}<\/script>\n<!-- \/ Yoast SEO plugin. -->","yoast_head_json":{"title":"Necchi N 171 - Cuciroma | Macchine da cucire e accessori per il ricamo","description":"Necchi 171 \u00e8 la tua collaboratrice preferita pi\u00f9 dinamica, taglia, e rifila. Chiama subito per ricevere il tuo Prezzo Riservato con Spedizione Gratuita","robots":{"index":"index","follow":"follow","max-snippet":"max-snippet:-1","max-image-preview":"max-image-preview:large","max-video-preview":"max-video-preview:-1"},"canonical":"https:\/\/cuciroma.com\/en\/prodotto\/necchi-n-171\/","og_locale":"en_US","og_type":"article","og_title":"Necchi N 171 - Cuciroma | Macchine da cucire e accessori per il ricamo","og_description":"Necchi 171 \u00e8 la tua collaboratrice preferita pi\u00f9 dinamica, taglia, e rifila. Chiama subito per ricevere il tuo Prezzo Riservato con Spedizione Gratuita","og_url":"https:\/\/cuciroma.com\/en\/prodotto\/necchi-n-171\/","og_site_name":"Cuciroma | Macchine da cucire e accessori per il ricamo","article_publisher":"https:\/\/www.facebook.com\/cuciroma\/","article_modified_time":"2017-01-27T16:39:21+00:00","og_image":[{"width":600,"height":536,"url":"https:\/\/cuciroma.com\/wp-content\/uploads\/2015\/06\/necchi-171.jpg","type":"image\/jpeg"}],"twitter_card":"summary_large_image","twitter_misc":{"Est. reading time":"1 minute"},"schema":{"@context":"https:\/\/schema.org","@graph":[{"@type":"WebPage","@id":"https:\/\/cuciroma.com\/en\/prodotto\/necchi-n-171\/","url":"https:\/\/cuciroma.com\/en\/prodotto\/necchi-n-171\/","name":"Necchi N 171 - Cuciroma | Macchine da cucire e accessori per il ricamo","isPartOf":{"@id":"https:\/\/cuciroma.com\/#website"},"primaryImageOfPage":{"@id":"https:\/\/cuciroma.com\/en\/prodotto\/necchi-n-171\/#primaryimage"},"image":{"@id":"https:\/\/cuciroma.com\/en\/prodotto\/necchi-n-171\/#primaryimage"},"thumbnailUrl":"https:\/\/cuciroma.com\/wp-content\/uploads\/2015\/06\/necchi-171.jpg","datePublished":"2015-06-23T16:38:05+00:00","dateModified":"2017-01-27T16:39:21+00:00","description":"Necchi 171 \u00e8 la tua collaboratrice preferita pi\u00f9 dinamica, taglia, e rifila. Chiama subito per ricevere il tuo Prezzo Riservato con Spedizione Gratuita","breadcrumb":{"@id":"https:\/\/cuciroma.com\/en\/prodotto\/necchi-n-171\/#breadcrumb"},"inLanguage":"en-US","potentialAction":[{"@type":"ReadAction","target":["https:\/\/cuciroma.com\/en\/prodotto\/necchi-n-171\/"]}]},{"@type":"ImageObject","inLanguage":"en-US","@id":"https:\/\/cuciroma.com\/en\/prodotto\/necchi-n-171\/#primaryimage","url":"https:\/\/cuciroma.com\/wp-content\/uploads\/2015\/06\/necchi-171.jpg","contentUrl":"https:\/\/cuciroma.com\/wp-content\/uploads\/2015\/06\/necchi-171.jpg","width":600,"height":536},{"@type":"BreadcrumbList","@id":"https:\/\/cuciroma.com\/en\/prodotto\/necchi-n-171\/#breadcrumb","itemListElement":[{"@type":"ListItem","position":1,"name":"Shop On line","item":"https:\/\/cuciroma.com\/shop\/"},{"@type":"ListItem","position":2,"name":"Necchi N 171"}]},{"@type":"WebSite","@id":"https:\/\/cuciroma.com\/#website","url":"https:\/\/cuciroma.com\/","name":"Cuciroma | Macchine da cucire e accessori per il ricamo","description":"Rivenditore e Assistenza autorizzata Macchine da Cucire Professionali","publisher":{"@id":"https:\/\/cuciroma.com\/#organization"},"potentialAction":[{"@type":"SearchAction","target":{"@type":"EntryPoint","urlTemplate":"https:\/\/cuciroma.com\/?s={search_term_string}"},"query-input":{"@type":"PropertyValueSpecification","valueRequired":true,"valueName":"search_term_string"}}],"inLanguage":"en-US"},{"@type":"Organization","@id":"https:\/\/cuciroma.com\/#organization","name":"Cuciroma","url":"https:\/\/cuciroma.com\/","logo":{"@type":"ImageObject","inLanguage":"en-US","@id":"https:\/\/cuciroma.com\/#\/schema\/logo\/image\/","url":"https:\/\/cuciroma.com\/wp-content\/uploads\/2020\/07\/logo-cuciroma.png","contentUrl":"https:\/\/cuciroma.com\/wp-content\/uploads\/2020\/07\/logo-cuciroma.png","width":565,"height":159,"caption":"Cuciroma"},"image":{"@id":"https:\/\/cuciroma.com\/#\/schema\/logo\/image\/"},"sameAs":["https:\/\/www.facebook.com\/cuciroma\/","https:\/\/www.instagram.com\/cuciroma\/"]}]}},"df_price":"","df_sale_price":"","df_regular_price":"","df_image_link":"https:\/\/cuciroma.com\/wp-content\/uploads\/2015\/06\/necchi-171-300x268.jpg","_links":{"self":[{"href":"https:\/\/cuciroma.com\/en\/wp-json\/wp\/v2\/product\/6816","targetHints":{"allow":["GET"]}}],"collection":[{"href":"https:\/\/cuciroma.com\/en\/wp-json\/wp\/v2\/product"}],"about":[{"href":"https:\/\/cuciroma.com\/en\/wp-json\/wp\/v2\/types\/product"}],"replies":[{"embeddable":true,"href":"https:\/\/cuciroma.com\/en\/wp-json\/wp\/v2\/comments?post=6816"}],"wp:featuredmedia":[{"embeddable":true,"href":"https:\/\/cuciroma.com\/en\/wp-json\/wp\/v2\/media\/10597"}],"wp:attachment":[{"href":"https:\/\/cuciroma.com\/en\/wp-json\/wp\/v2\/media?parent=6816"}],"wp:term":[{"taxonomy":"product_brand","embeddable":true,"href":"https:\/\/cuciroma.com\/en\/wp-json\/wp\/v2\/product_brand?post=6816"},{"taxonomy":"product_cat","embeddable":true,"href":"https:\/\/cuciroma.com\/en\/wp-json\/wp\/v2\/product_cat?post=6816"},{"taxonomy":"product_tag","embeddable":true,"href":"https:\/\/cuciroma.com\/en\/wp-json\/wp\/v2\/product_tag?post=6816"}],"curies":[{"name":"wp","href":"https:\/\/api.w.org\/{rel}","templated":true}]}}