{"id":6811,"date":"2015-06-24T19:02:37","date_gmt":"2015-06-24T17:02:37","guid":{"rendered":"https:\/\/cuciroma.com\/prodotto\/pfaff-select-3-2-2-2\/"},"modified":"2026-01-03T12:31:08","modified_gmt":"2026-01-03T11:31:08","slug":"pfaff-select-3-2-2","status":"publish","type":"product","link":"https:\/\/cuciroma.com\/en\/prodotto\/pfaff-select-3-2-2\/","title":{"rendered":"Pfaff Select 3.2 + Piedini in Omaggio"},"content":{"rendered":"<h3><strong><span style=\"color: #800000;\">Inserisci per Pfaff il Coupon cuci15 riceverai uno sconto del 15%<\/span> <\/strong><\/h3>\n<p>&nbsp;<\/p>\n<p>Scegliere una macchina per cucire Pfaff Select 3.2 significa scegliere quella comodit\u00e0 in pi\u00f9 che milioni di esperte di cucito in tutto il mondo hanno apprezzato, e a cui non vogliono pi\u00f9 rinunciare: il sistema IDT, trasporto perfetto del tessuto da sopra e da sotto, niente pi\u00f9 grinze anche su chiffon o seta e niente inceppamenti nel cucire l&#8217;orlo dei jeans. Il sistema IDT trasporta il tessuto in modo uniforme dalla parte superiore e da quella inferiore contemporaneamente, in qualsiasi lunghezza e in avanti e indietro, eliminando cos\u00ec lo slittamento del tessuto, alle clienti lo paragoniamo sempre ad un&#8217;auto con le 4 ruote motrici sul ghiaccio. Un esempio per capirne meglio le potenzialit\u00e0 \u00e8 quello di prendere 8\/10 capi di diversi fili colorati, impostare il punto zig-zag e con i fili posti sotto il piedino, inserire il sistema IDT e iniziare a cucire guidandoli sotto il piedino. Il risultato \u00e8 un cordoncino decorativo esclusivo. Provate a immaginare di utilizzare questo su tessuti di seta.<\/p>\n<p><span style=\"color: #800000;\"><strong>Caratteristiche Tecniche:<\/strong><\/span><\/p>\n<p><strong>&#8211; Luci LED<\/strong><br \/>\nSorgente luminosa a lunga durata che illumina i tuoi progetti con luce viva.<br \/>\n<strong>&#8211; Posizione ago regolabile<\/strong><br \/>\nPer posizionare con precisione il punto diritto.<br \/>\n<strong>&#8211; Caricamento della bobina<\/strong><br \/>\nNon \u00e8 necessario sfilare la macchina per cucire, ma \u00e8 possibile caricare le bobine direttamente dall&#8217;ago. L&#8217;operazione si arresta automaticamente quando la bobina \u00e8 piena.<br \/>\n<strong>&#8211; Larghezza del punto<\/strong><br \/>\nLarghezza punto variabile. Ottima per le tecniche decorative come le applicazioni o il tapering.<br \/>\n<strong>&#8211; Cucitura lenta<\/strong><br \/>\nImposta la velocit\u00e0 desiderata per ottenere un maggiore controllo sulla cucitura. Usa il pedale per scegliere piena velocit\u00e0 o mezza velocit\u00e0.<br \/>\n<strong>&#8211; Braccio libero extra slanciato<\/strong><br \/>\nL&#8217;ago \u00e8 accanto al bordo del braccio libero per un maggiore controllo durante la cucitura. Il design snello \u00e8 perfetto per la cucitura di polsini, colletti, per orlare i pantaloni e altro.<br \/>\n<strong>&#8211; Piedini a innesto<\/strong><br \/>\nPer cambiare il piedino \u00e8 sufficiente rimuoverlo e innestare quello nuovo. Non sono necessarie viti o altri attrezzi. \u00c8 facile lavorare con la macchina per cucire<br \/>\n<strong>&#8211; Piastrina di cucitura a innesto<\/strong><br \/>\nConsente una sostituzione facile e rapida.<br \/>\n<strong>&#8211; Due porta-spola<\/strong><br \/>\nIl porta-spola principale si inclina facilmente in modo da far scivolare il filo in posizione. \u00c8 disponibile il porta-spola aggiuntivo per cuciture ad ago doppio.<br \/>\n<strong>&#8211; Taglia-filo facile da usare<\/strong><br \/>\nIl taglia filo \u00e8 collocato sul lato della select per facilitare il taglio dei filo.<br \/>\n<strong>&#8211; L&#8217;originale sistema IDT\u00a0<\/strong> \u00a0 \u00a0 \u00a0 \u00a0 \u00a0 \u00a0 \u00a0 \u00a0 \u00a0 \u00a0 \u00a0 \u00a0 \u00a0 \u00a0 \u00a0 \u00a0 \u00a0 \u00a0 \u00a0 \u00a0 \u00a0 \u00a0 \u00a0 \u00a0 \u00a0 \u00a0 \u00a0 \u00a0 \u00a0 \u00a0 \u00a0 \u00a0 \u00a0 \u00a0 \u00a0 \u00a0 \u00a0 \u00a0 \u00a0 \u00a0 \u00a0 \u00a0 \u00a0 \u00a0 \u00a0 \u00a0 \u00a0 \u00a0 \u00a0 \u00a0 \u00a0 \u00a0 \u00a0 \u00a0 \u00a0 \u00a0 \u00a0 \u00a0 \u00a0 \u00a0 \u00a0 \u00a0 \u00a0 \u00a0 \u00a0 \u00a0 \u00a0 \u00a0 \u00a0 \u00a0 \u00a0 \u00a0 Il Doppio Trasporto Integrato, solo da PFAFF per oltre 40 anni! Il trasporto del tessuto \u00e8 assolutamente uniforme dall&#8217;alto e dal basso.<br \/>\n<strong>&#8211; Sistema Easy<\/strong><br \/>\nScegli velocemente un punto con la pressione di un pulsante. Per una maggiore variet\u00e0 \u00e8 anche possibile combinarli.<br \/>\n<strong>&#8211; Potenza di perforazione costante dell\u2019 ago<\/strong><br \/>\nFornisce il controllo punto per punto e piena potenza di perforazione a qualsiasi velocit\u00e0.<br \/>\n<strong>&#8211; Vasta gamma di punti<\/strong><br \/>\nInclude 27 punti di utilit\u00e0, per asole, decorativi ed elastici<br \/>\n<strong>&#8211; Cucito a mano libera<\/strong><br \/>\nPer tutte le esigenze di impuntura, rammendo o ricamo a mano libera.\u00c8 sufficiente mettere il piedino in posizione di cucito a mano libera e utilizzare qualsiasi punto.<br \/>\n<strong>&#8211; Piedini accessori inclusi<\/strong><br \/>\nDiversi piedini per tutte le tue esigenze di base.<br \/>\n<strong>&#8211; Alzata extra alta del piedino<\/strong><br \/>\nPer gestire con maggiore facilit\u00e0 strati multipli e tessuti spessi o ingombranti.<\/p>\n<p><span style=\"color: #800000;\"><strong>Garanzia 5 Anni<\/strong><\/span><\/p>\n<p><span style=\"color: #800000;\"><strong>Accessori in dotazione:<\/strong><\/span><\/p>\n<p>Piedino standard &#8211; Piedino trasparente &#8211; Piedino per l&#8217;orlo invisibile &#8211; Piedino per cerniere &#8211; Piedino per asole &#8211; Piedino cucitura \/quilt &#8211; Tagliasole &#8211; Aghi &#8211; Spoline &#8211; Reostato 2 velocit\u00e0 &#8211; Custodia in plastica morbida<\/p>\n<p>&nbsp;<\/p>\n<p>&nbsp;<\/p>\n<p><span style=\"color: #800000;\"><strong>Omaggio Cuciroma<br \/>\n<\/strong><\/span><\/p>\n<p><strong>Piedino per cordoncino singolo da 6mm cod. 820530096<\/strong><\/p>\n<p><strong>Piedino orlatore 2mm\u00a0 cod. 820220096<\/strong><\/p>\n<p><strong>Piedino per cerniere invisibili cod. 820474096<\/strong><\/p>\n<p><strong>Piedino a rulli per cucire tutti i tessuti difficili come pelle, vilpelle, ecc cod. 820663096<\/strong><\/p>\n<p><strong>Soletta per cucire i passanti e i spessori doppi degli orli<\/strong><\/p>\n<p><strong>Set di aghi di varie misure e tipologie<\/strong><\/p>\n<p><img loading=\"lazy\" decoding=\"async\" class=\"size-medium wp-image-31634 aligncenter\" src=\"https:\/\/cuciroma.com\/wp-content\/uploads\/2015\/06\/20210206_171040_copy_600x800-1-300x225.jpg\" alt=\"\" width=\"300\" height=\"225\" srcset=\"https:\/\/cuciroma.com\/wp-content\/uploads\/2015\/06\/20210206_171040_copy_600x800-1-300x225.jpg 300w, https:\/\/cuciroma.com\/wp-content\/uploads\/2015\/06\/20210206_171040_copy_600x800-1-700x525.jpg 700w, https:\/\/cuciroma.com\/wp-content\/uploads\/2015\/06\/20210206_171040_copy_600x800-1-768x576.jpg 768w, https:\/\/cuciroma.com\/wp-content\/uploads\/2015\/06\/20210206_171040_copy_600x800-1-rotated.jpg 800w\" sizes=\"auto, (max-width: 300px) 100vw, 300px\" \/><\/p>\n","protected":false},"excerpt":{"rendered":"<p><strong>Scegliere una macchina per cucire Pfaff Select 3.2 significa scegliere quella comodit\u00e0 in pi\u00f9 che milioni di esperte di cucito in tutto il mondo hanno apprezzato, e a cui non vogliono pi\u00f9 rinunciare: il sistema IDT, trasporto perfetto del tessuto da sopra e da sotto, niente pi\u00f9 grinze anche su chiffon o seta e niente inceppamenti nel cucire l&#8217;orlo dei jeans. Il sistema IDT trasporta il tessuto in modo uniforme dalla parte superiore<\/strong><\/p>\n","protected":false},"featured_media":11333,"comment_status":"closed","ping_status":"closed","template":"","meta":[],"product_brand":[],"product_cat":[200,242],"product_tag":[],"class_list":{"0":"post-6811","1":"product","2":"type-product","3":"status-publish","4":"has-post-thumbnail","6":"product_cat-pfaff-meccaniche-en","7":"product_cat-offer","8":"pa_trovaprezzi-pubblicato-en","10":"first","11":"instock","12":"taxable","13":"shipping-taxable","14":"purchasable","15":"product-type-simple"},"yoast_head":"<!-- This site is optimized with the Yoast SEO plugin v27.2 - https:\/\/yoast.com\/product\/yoast-seo-wordpress\/ -->\n<title>Pfaff Select 3.2 + Piedini in Omaggio - Cuciroma | Macchine da cucire e accessori per il ricamo<\/title>\n<meta name=\"description\" content=\"Scegliere una macchina per cucire Pfaff Select 3.2 significa scegliere quella comodit\u00e0 in pi\u00f9 che milioni di esperte di cucito ha scelto....Contattaci..\" \/>\n<meta name=\"robots\" content=\"index, follow, max-snippet:-1, max-image-preview:large, max-video-preview:-1\" \/>\n<link rel=\"canonical\" href=\"https:\/\/cuciroma.com\/en\/prodotto\/pfaff-select-3-2-2\/\" \/>\n<meta property=\"og:locale\" content=\"en_US\" \/>\n<meta property=\"og:type\" content=\"article\" \/>\n<meta property=\"og:title\" content=\"Pfaff Select 3.2 + Piedini in Omaggio - Cuciroma | Macchine da cucire e accessori per il ricamo\" \/>\n<meta property=\"og:description\" content=\"Scegliere una macchina per cucire Pfaff Select 3.2 significa scegliere quella comodit\u00e0 in pi\u00f9 che milioni di esperte di cucito ha scelto....Contattaci..\" \/>\n<meta property=\"og:url\" content=\"https:\/\/cuciroma.com\/en\/prodotto\/pfaff-select-3-2-2\/\" \/>\n<meta property=\"og:site_name\" content=\"Cuciroma | Macchine da cucire e accessori per il ricamo\" \/>\n<meta property=\"article:publisher\" content=\"https:\/\/www.facebook.com\/cuciroma\/\" \/>\n<meta property=\"article:modified_time\" content=\"2026-01-03T11:31:08+00:00\" \/>\n<meta property=\"og:image\" content=\"https:\/\/cuciroma.com\/wp-content\/uploads\/2015\/06\/pfaff-select-3.21.jpg\" \/>\n\t<meta property=\"og:image:width\" content=\"650\" \/>\n\t<meta property=\"og:image:height\" content=\"650\" \/>\n\t<meta property=\"og:image:type\" content=\"image\/jpeg\" \/>\n<meta name=\"twitter:card\" content=\"summary_large_image\" \/>\n<meta name=\"twitter:label1\" content=\"Est. reading time\" \/>\n\t<meta name=\"twitter:data1\" content=\"4 minutes\" \/>\n<script type=\"application\/ld+json\" class=\"yoast-schema-graph\">{\"@context\":\"https:\/\/schema.org\",\"@graph\":[{\"@type\":\"WebPage\",\"@id\":\"https:\/\/cuciroma.com\/en\/prodotto\/pfaff-select-3-2-2\/\",\"url\":\"https:\/\/cuciroma.com\/en\/prodotto\/pfaff-select-3-2-2\/\",\"name\":\"Pfaff Select 3.2 + Piedini in Omaggio - Cuciroma | Macchine da cucire e accessori per il ricamo\",\"isPartOf\":{\"@id\":\"https:\/\/cuciroma.com\/#website\"},\"primaryImageOfPage\":{\"@id\":\"https:\/\/cuciroma.com\/en\/prodotto\/pfaff-select-3-2-2\/#primaryimage\"},\"image\":{\"@id\":\"https:\/\/cuciroma.com\/en\/prodotto\/pfaff-select-3-2-2\/#primaryimage\"},\"thumbnailUrl\":\"https:\/\/cuciroma.com\/wp-content\/uploads\/2015\/06\/pfaff-select-3.21.jpg\",\"datePublished\":\"2015-06-24T17:02:37+00:00\",\"dateModified\":\"2026-01-03T11:31:08+00:00\",\"description\":\"Scegliere una macchina per cucire Pfaff Select 3.2 significa scegliere quella comodit\u00e0 in pi\u00f9 che milioni di esperte di cucito ha scelto....Contattaci..\",\"breadcrumb\":{\"@id\":\"https:\/\/cuciroma.com\/en\/prodotto\/pfaff-select-3-2-2\/#breadcrumb\"},\"inLanguage\":\"en-US\",\"potentialAction\":[{\"@type\":\"ReadAction\",\"target\":[\"https:\/\/cuciroma.com\/en\/prodotto\/pfaff-select-3-2-2\/\"]}]},{\"@type\":\"ImageObject\",\"inLanguage\":\"en-US\",\"@id\":\"https:\/\/cuciroma.com\/en\/prodotto\/pfaff-select-3-2-2\/#primaryimage\",\"url\":\"https:\/\/cuciroma.com\/wp-content\/uploads\/2015\/06\/pfaff-select-3.21.jpg\",\"contentUrl\":\"https:\/\/cuciroma.com\/wp-content\/uploads\/2015\/06\/pfaff-select-3.21.jpg\",\"width\":650,\"height\":650},{\"@type\":\"BreadcrumbList\",\"@id\":\"https:\/\/cuciroma.com\/en\/prodotto\/pfaff-select-3-2-2\/#breadcrumb\",\"itemListElement\":[{\"@type\":\"ListItem\",\"position\":1,\"name\":\"Shop On line\",\"item\":\"https:\/\/cuciroma.com\/shop\/\"},{\"@type\":\"ListItem\",\"position\":2,\"name\":\"Pfaff Select 3.2 + Piedini in Omaggio\"}]},{\"@type\":\"WebSite\",\"@id\":\"https:\/\/cuciroma.com\/#website\",\"url\":\"https:\/\/cuciroma.com\/\",\"name\":\"Cuciroma | Macchine da cucire e accessori per il ricamo\",\"description\":\"Rivenditore e Assistenza autorizzata Macchine da Cucire Professionali\",\"publisher\":{\"@id\":\"https:\/\/cuciroma.com\/#organization\"},\"potentialAction\":[{\"@type\":\"SearchAction\",\"target\":{\"@type\":\"EntryPoint\",\"urlTemplate\":\"https:\/\/cuciroma.com\/?s={search_term_string}\"},\"query-input\":{\"@type\":\"PropertyValueSpecification\",\"valueRequired\":true,\"valueName\":\"search_term_string\"}}],\"inLanguage\":\"en-US\"},{\"@type\":\"Organization\",\"@id\":\"https:\/\/cuciroma.com\/#organization\",\"name\":\"Cuciroma\",\"url\":\"https:\/\/cuciroma.com\/\",\"logo\":{\"@type\":\"ImageObject\",\"inLanguage\":\"en-US\",\"@id\":\"https:\/\/cuciroma.com\/#\/schema\/logo\/image\/\",\"url\":\"https:\/\/cuciroma.com\/wp-content\/uploads\/2020\/07\/logo-cuciroma.png\",\"contentUrl\":\"https:\/\/cuciroma.com\/wp-content\/uploads\/2020\/07\/logo-cuciroma.png\",\"width\":565,\"height\":159,\"caption\":\"Cuciroma\"},\"image\":{\"@id\":\"https:\/\/cuciroma.com\/#\/schema\/logo\/image\/\"},\"sameAs\":[\"https:\/\/www.facebook.com\/cuciroma\/\",\"https:\/\/www.instagram.com\/cuciroma\/\"]}]}<\/script>\n<!-- \/ Yoast SEO plugin. -->","yoast_head_json":{"title":"Pfaff Select 3.2 + Piedini in Omaggio - Cuciroma | Macchine da cucire e accessori per il ricamo","description":"Scegliere una macchina per cucire Pfaff Select 3.2 significa scegliere quella comodit\u00e0 in pi\u00f9 che milioni di esperte di cucito ha scelto....Contattaci..","robots":{"index":"index","follow":"follow","max-snippet":"max-snippet:-1","max-image-preview":"max-image-preview:large","max-video-preview":"max-video-preview:-1"},"canonical":"https:\/\/cuciroma.com\/en\/prodotto\/pfaff-select-3-2-2\/","og_locale":"en_US","og_type":"article","og_title":"Pfaff Select 3.2 + Piedini in Omaggio - Cuciroma | Macchine da cucire e accessori per il ricamo","og_description":"Scegliere una macchina per cucire Pfaff Select 3.2 significa scegliere quella comodit\u00e0 in pi\u00f9 che milioni di esperte di cucito ha scelto....Contattaci..","og_url":"https:\/\/cuciroma.com\/en\/prodotto\/pfaff-select-3-2-2\/","og_site_name":"Cuciroma | Macchine da cucire e accessori per il ricamo","article_publisher":"https:\/\/www.facebook.com\/cuciroma\/","article_modified_time":"2026-01-03T11:31:08+00:00","og_image":[{"width":650,"height":650,"url":"https:\/\/cuciroma.com\/wp-content\/uploads\/2015\/06\/pfaff-select-3.21.jpg","type":"image\/jpeg"}],"twitter_card":"summary_large_image","twitter_misc":{"Est. reading time":"4 minutes"},"schema":{"@context":"https:\/\/schema.org","@graph":[{"@type":"WebPage","@id":"https:\/\/cuciroma.com\/en\/prodotto\/pfaff-select-3-2-2\/","url":"https:\/\/cuciroma.com\/en\/prodotto\/pfaff-select-3-2-2\/","name":"Pfaff Select 3.2 + Piedini in Omaggio - Cuciroma | Macchine da cucire e accessori per il ricamo","isPartOf":{"@id":"https:\/\/cuciroma.com\/#website"},"primaryImageOfPage":{"@id":"https:\/\/cuciroma.com\/en\/prodotto\/pfaff-select-3-2-2\/#primaryimage"},"image":{"@id":"https:\/\/cuciroma.com\/en\/prodotto\/pfaff-select-3-2-2\/#primaryimage"},"thumbnailUrl":"https:\/\/cuciroma.com\/wp-content\/uploads\/2015\/06\/pfaff-select-3.21.jpg","datePublished":"2015-06-24T17:02:37+00:00","dateModified":"2026-01-03T11:31:08+00:00","description":"Scegliere una macchina per cucire Pfaff Select 3.2 significa scegliere quella comodit\u00e0 in pi\u00f9 che milioni di esperte di cucito ha scelto....Contattaci..","breadcrumb":{"@id":"https:\/\/cuciroma.com\/en\/prodotto\/pfaff-select-3-2-2\/#breadcrumb"},"inLanguage":"en-US","potentialAction":[{"@type":"ReadAction","target":["https:\/\/cuciroma.com\/en\/prodotto\/pfaff-select-3-2-2\/"]}]},{"@type":"ImageObject","inLanguage":"en-US","@id":"https:\/\/cuciroma.com\/en\/prodotto\/pfaff-select-3-2-2\/#primaryimage","url":"https:\/\/cuciroma.com\/wp-content\/uploads\/2015\/06\/pfaff-select-3.21.jpg","contentUrl":"https:\/\/cuciroma.com\/wp-content\/uploads\/2015\/06\/pfaff-select-3.21.jpg","width":650,"height":650},{"@type":"BreadcrumbList","@id":"https:\/\/cuciroma.com\/en\/prodotto\/pfaff-select-3-2-2\/#breadcrumb","itemListElement":[{"@type":"ListItem","position":1,"name":"Shop On line","item":"https:\/\/cuciroma.com\/shop\/"},{"@type":"ListItem","position":2,"name":"Pfaff Select 3.2 + Piedini in Omaggio"}]},{"@type":"WebSite","@id":"https:\/\/cuciroma.com\/#website","url":"https:\/\/cuciroma.com\/","name":"Cuciroma | Macchine da cucire e accessori per il ricamo","description":"Rivenditore e Assistenza autorizzata Macchine da Cucire Professionali","publisher":{"@id":"https:\/\/cuciroma.com\/#organization"},"potentialAction":[{"@type":"SearchAction","target":{"@type":"EntryPoint","urlTemplate":"https:\/\/cuciroma.com\/?s={search_term_string}"},"query-input":{"@type":"PropertyValueSpecification","valueRequired":true,"valueName":"search_term_string"}}],"inLanguage":"en-US"},{"@type":"Organization","@id":"https:\/\/cuciroma.com\/#organization","name":"Cuciroma","url":"https:\/\/cuciroma.com\/","logo":{"@type":"ImageObject","inLanguage":"en-US","@id":"https:\/\/cuciroma.com\/#\/schema\/logo\/image\/","url":"https:\/\/cuciroma.com\/wp-content\/uploads\/2020\/07\/logo-cuciroma.png","contentUrl":"https:\/\/cuciroma.com\/wp-content\/uploads\/2020\/07\/logo-cuciroma.png","width":565,"height":159,"caption":"Cuciroma"},"image":{"@id":"https:\/\/cuciroma.com\/#\/schema\/logo\/image\/"},"sameAs":["https:\/\/www.facebook.com\/cuciroma\/","https:\/\/www.instagram.com\/cuciroma\/"]}]}},"df_price":650,"df_sale_price":"","df_regular_price":650,"df_image_link":"https:\/\/cuciroma.com\/wp-content\/uploads\/2015\/06\/pfaff-select-3.21-300x300.jpg","_links":{"self":[{"href":"https:\/\/cuciroma.com\/en\/wp-json\/wp\/v2\/product\/6811","targetHints":{"allow":["GET"]}}],"collection":[{"href":"https:\/\/cuciroma.com\/en\/wp-json\/wp\/v2\/product"}],"about":[{"href":"https:\/\/cuciroma.com\/en\/wp-json\/wp\/v2\/types\/product"}],"replies":[{"embeddable":true,"href":"https:\/\/cuciroma.com\/en\/wp-json\/wp\/v2\/comments?post=6811"}],"wp:featuredmedia":[{"embeddable":true,"href":"https:\/\/cuciroma.com\/en\/wp-json\/wp\/v2\/media\/11333"}],"wp:attachment":[{"href":"https:\/\/cuciroma.com\/en\/wp-json\/wp\/v2\/media?parent=6811"}],"wp:term":[{"taxonomy":"product_brand","embeddable":true,"href":"https:\/\/cuciroma.com\/en\/wp-json\/wp\/v2\/product_brand?post=6811"},{"taxonomy":"product_cat","embeddable":true,"href":"https:\/\/cuciroma.com\/en\/wp-json\/wp\/v2\/product_cat?post=6811"},{"taxonomy":"product_tag","embeddable":true,"href":"https:\/\/cuciroma.com\/en\/wp-json\/wp\/v2\/product_tag?post=6811"}],"curies":[{"name":"wp","href":"https:\/\/api.w.org\/{rel}","templated":true}]}}