{"id":6806,"date":"2015-06-25T19:26:43","date_gmt":"2015-06-25T17:26:43","guid":{"rendered":"https:\/\/cuciroma.com\/prodotto\/pfaff-ambition-1-5-2\/"},"modified":"2018-11-06T22:17:08","modified_gmt":"2018-11-06T21:17:08","slug":"pfaff-ambition-1-5","status":"publish","type":"product","link":"https:\/\/cuciroma.com\/en\/prodotto\/pfaff-ambition-1-5\/","title":{"rendered":"Pfaff Ambition 1.5"},"content":{"rendered":"<p><strong><span id=\"result_box\" class=\"\" lang=\"it\" style=\"color: #800000;\" tabindex=\"-1\"><\/span>\u00a0Macchina per cucire elettronica. Ben 195 punti con una ampiezza di 7mm. Oltre ai punti utili, quelli che si usano per lavorare e rifinire, ci sono 7 tipi diversi di occhielli per ogni tipologia di lavoro, dai piccoli per le camicie ai grandi per i jeans a quelle a goccia per i cappotti e giacche. Innumerevoli poi gli altri punti , tanti quelli per il quilting, i punti croce e i punti satin. Ben 4 alfabeti per personalizzare i tuoi capi dal carattere corsivo al contornato allo stampatello fino al cirillico tutti in maiuscolo e minuscolo e tanti simboli e numeri. Tutta questa grande quantit\u00e0 di punti, selezionabili attraverso lo schermo ad alta risoluzione, \u00e8 inoltre accompagnata da una gran numero di accorgimenti che fanno diventare il tuo lavoro piacevole, rapido e scorrevole. Fantastico e indispensabile il Doppio Trasporto Integrato IDT, ti permette di lavorare su pi\u00f9 strati ad esempio una trapunta o semplicemente di cucire una tenda, senza che alla fine del lavoro avanzi della stoffa. Il piano di lavoro a destra dell\u2019ago \u00e8 inoltre molto ampio (200mm) e perfettamente illuminato; \u00e8 anche per questo che la Pfaff Ambition 1.5 \u00e8 scelta dalle amanti del quilting. Per una lavorazione estremamente precisa c\u2019\u00e8 poi la possibilit\u00e0 di regolare la velocit\u00e0 dei punti, un sensore ti avvisa quando il filo in bobina si sta esaurendo, hai il sollevamento supplementare e la pressione regolabile del piedino e poi l\u2019indispensabile infila ago automatico. La fermatura del punto \u00e8 programmabile, e alcuni disegni possono essere allungati o specchiati Tanti gli accessori a disposizione compresa la valigia rigida per proteggerla.<\/strong><\/p>\n<p><strong><span style=\"color: #800000;\">Caratteristiche Tecniche:<\/span><\/strong><\/p>\n<p><strong>Ottieni il massimo controllo regolando la velocit\u00e0 con il cursore.<br \/>\n&#8211; Fermatura programmata con indicatore<br \/>\n\u00c8 possibile selezionare una o pi\u00f9 opzioni di fermatura.<br \/>\n&#8211; Programma ago doppio<br \/>\nRegola automaticamente la larghezza del punto per evitare rotture dell&#8217;ago.<br \/>\n&#8211; Sicurezza larghezza punto<br \/>\nLimita la larghezza del punto per centrare il punto diritto durante l&#8217;uso della placca e\/o il piedino per punto diritto e impedire la rottura dell&#8217;ago.<br \/>\n&#8211; Allungamento<br \/>\nAllunga il punto piatto pur mantenendo la stessa densit\u00e0.<br \/>\n&#8211; Salva punti personali<br \/>\nModifica le impostazioni dei punti incorporati a tuo piacere e salvale.<br \/>\n&#8211; Sorgenti di luce led<br \/>\nLuci brillanti ottimizzate illuminano l&#8217;intera area di lavoro senza ombre<br \/>\n&#8211; Progettato per facilitare il cucito e ottenere i risultati professionali richiesti dalle appassionate di cucito.<br \/>\n&#8211; Cucito a mano libera<br \/>\n\u00c8 sufficiente innestare l&#8217;apposito piedino (incluso con la quilt ambition) per eseguire con facilit\u00e0 il quilt e il cucito a mano libera.<br \/>\n&#8211; Abbassamento griffe esterno<br \/>\nAbbassa le griffe per eseguire impunture, ricamo a mano libera o rammendi.<br \/>\n&#8211; Piedino con alzata extra<br \/>\nSolleva il piedino alla massima altezza in modo da posizionare senza sforzi i tessuti spessi.<br \/>\n&#8211; Pressione piedino<br \/>\nRegolabile durante l&#8217;uso di tecniche speciali o per cucire tessuti leggeri o pesanti.<br \/>\n&#8211; Tensione del filo regolabile<br \/>\nSecondo il tipo di tessuto, imbottitura, filo, ecc. il selettore di tensione del filo pu\u00f2 essere regolato per fare incontrare uniformemente i fili tra due strati di tessuto.<br \/>\n&#8211; Ago su\/gi\u00f9<br \/>\nCon la sola pressione di un pulsante \u00e8 possibile impostare l&#8217;ago per arrestarsi su o gi\u00f9 nel tessuto, per ruotarlo, eseguire applicazioni e altro.<br \/>\n&#8211; Fermatura immediata<br \/>\nSelezionandola, la macchina eseguir\u00e0 una fermatura automatica al termine della cucitura.<br \/>\n&#8211; 29 posizioni dell&#8217;ago<br \/>\nPerfette per impunture, quilt, inserimento cerniere e altro.<br \/>\n&#8211; Disegno a Specchio<br \/>\nCapovolge orizzontalmente e\/o verticalmente il punto, per offrire pi\u00f9 possibilit\u00e0.<br \/>\n&#8211; Memorie<br \/>\nPer memorizzare le combinazioni personali di punti<br \/>\n&#8211; Programmi<br \/>\nUnisci e salva punti e\/o lettere in memoria.<br \/>\n&#8211; Infila ago integrato<br \/>\nFacilita e velocizza l&#8217;infilatura dell&#8217;ago.<br \/>\n&#8211; Piastrina<br \/>\nI contrassegni a destra e a sinistra dell&#8217;ago aiutano a guidare il tessuto.<br \/>\n&#8211; Piedino con innesto a scatto<br \/>\nFacile da sostituire senza usare cacciaviti o altri attrezzi.<br \/>\n&#8211; Bobina con carica dall&#8217;alto<br \/>\nAccesso facilitato.<br \/>\n&#8211; Marcia indietro permanente<br \/>\nLe mani sono libere per guidare la stoffa<br \/>\n<\/strong><\/p>\n<p>&nbsp;<\/p>\n","protected":false},"excerpt":{"rendered":"<p><strong><span id=\"result_box\" class=\"\" lang=\"it\" style=\"color: #800000;\" tabindex=\"-1\"><\/span>Macchina per cucire elettronica. 195 punti a tua disposizione per tutti i lavori che la tua fantasia ti suggerisce. Il Sistema di Doppio Trasporto Integrato permette lavorazioni professionali su ogni tipo di tessuto fino o multistrato, l\u2019ampio piano di lavoro, il sollevamento extra del piedino, l\u2019illuminazione estesa e senza ombre, lo schermo tattile ad alta risoluzione e tante, tante altre sottigliezze ne completano l\u2019efficienza.<\/strong><\/p>\n<p><strong>\u00a0<\/strong><\/p>\n","protected":false},"featured_media":10302,"comment_status":"closed","ping_status":"closed","template":"","meta":[],"product_brand":[],"product_cat":[197],"product_tag":[],"class_list":{"0":"post-6806","1":"product","2":"type-product","3":"status-publish","4":"has-post-thumbnail","6":"product_cat-pfaff-elettroniche-en","7":"pa_trovaprezzi-pubblicato","9":"first","10":"instock","11":"taxable","12":"shipping-taxable","13":"purchasable","14":"product-type-simple"},"yoast_head":"<!-- This site is optimized with the Yoast SEO plugin v27.2 - https:\/\/yoast.com\/product\/yoast-seo-wordpress\/ -->\n<title>Pfaff Ambition 1.5 - Cuciroma | Macchine da cucire e accessori per il ricamo<\/title>\n<meta name=\"robots\" content=\"index, follow, max-snippet:-1, max-image-preview:large, max-video-preview:-1\" \/>\n<link rel=\"canonical\" href=\"https:\/\/cuciroma.com\/en\/prodotto\/pfaff-ambition-1-5\/\" \/>\n<meta property=\"og:locale\" content=\"en_US\" \/>\n<meta property=\"og:type\" content=\"article\" \/>\n<meta property=\"og:title\" content=\"Pfaff Ambition 1.5 - Cuciroma | Macchine da cucire e accessori per il ricamo\" \/>\n<meta property=\"og:description\" content=\"Macchina per cucire elettronica. 195 punti a tua disposizione per tutti i lavori che la tua fantasia ti suggerisce. Il Sistema di Doppio Trasporto Integrato permette lavorazioni professionali su ogni tipo di tessuto fino o multistrato, l\u2019ampio piano di lavoro, il sollevamento extra del piedino, l\u2019illuminazione estesa e senza ombre, lo schermo tattile ad alta risoluzione e tante, tante altre sottigliezze ne completano l\u2019efficienza.  \u00a0\" \/>\n<meta property=\"og:url\" content=\"https:\/\/cuciroma.com\/en\/prodotto\/pfaff-ambition-1-5\/\" \/>\n<meta property=\"og:site_name\" content=\"Cuciroma | Macchine da cucire e accessori per il ricamo\" \/>\n<meta property=\"article:publisher\" content=\"https:\/\/www.facebook.com\/cuciroma\/\" \/>\n<meta property=\"article:modified_time\" content=\"2018-11-06T21:17:08+00:00\" \/>\n<meta property=\"og:image\" content=\"https:\/\/cuciroma.com\/wp-content\/uploads\/2015\/06\/pfaff-1.5.jpg\" \/>\n\t<meta property=\"og:image:width\" content=\"665\" \/>\n\t<meta property=\"og:image:height\" content=\"665\" \/>\n\t<meta property=\"og:image:type\" content=\"image\/jpeg\" \/>\n<meta name=\"twitter:card\" content=\"summary_large_image\" \/>\n<meta name=\"twitter:label1\" content=\"Est. reading time\" \/>\n\t<meta name=\"twitter:data1\" content=\"3 minutes\" \/>\n<script type=\"application\/ld+json\" class=\"yoast-schema-graph\">{\"@context\":\"https:\/\/schema.org\",\"@graph\":[{\"@type\":\"WebPage\",\"@id\":\"https:\/\/cuciroma.com\/en\/prodotto\/pfaff-ambition-1-5\/\",\"url\":\"https:\/\/cuciroma.com\/en\/prodotto\/pfaff-ambition-1-5\/\",\"name\":\"Pfaff Ambition 1.5 - Cuciroma | Macchine da cucire e accessori per il ricamo\",\"isPartOf\":{\"@id\":\"https:\/\/cuciroma.com\/#website\"},\"primaryImageOfPage\":{\"@id\":\"https:\/\/cuciroma.com\/en\/prodotto\/pfaff-ambition-1-5\/#primaryimage\"},\"image\":{\"@id\":\"https:\/\/cuciroma.com\/en\/prodotto\/pfaff-ambition-1-5\/#primaryimage\"},\"thumbnailUrl\":\"https:\/\/cuciroma.com\/wp-content\/uploads\/2015\/06\/pfaff-1.5.jpg\",\"datePublished\":\"2015-06-25T17:26:43+00:00\",\"dateModified\":\"2018-11-06T21:17:08+00:00\",\"breadcrumb\":{\"@id\":\"https:\/\/cuciroma.com\/en\/prodotto\/pfaff-ambition-1-5\/#breadcrumb\"},\"inLanguage\":\"en-US\",\"potentialAction\":[{\"@type\":\"ReadAction\",\"target\":[\"https:\/\/cuciroma.com\/en\/prodotto\/pfaff-ambition-1-5\/\"]}]},{\"@type\":\"ImageObject\",\"inLanguage\":\"en-US\",\"@id\":\"https:\/\/cuciroma.com\/en\/prodotto\/pfaff-ambition-1-5\/#primaryimage\",\"url\":\"https:\/\/cuciroma.com\/wp-content\/uploads\/2015\/06\/pfaff-1.5.jpg\",\"contentUrl\":\"https:\/\/cuciroma.com\/wp-content\/uploads\/2015\/06\/pfaff-1.5.jpg\",\"width\":665,\"height\":665},{\"@type\":\"BreadcrumbList\",\"@id\":\"https:\/\/cuciroma.com\/en\/prodotto\/pfaff-ambition-1-5\/#breadcrumb\",\"itemListElement\":[{\"@type\":\"ListItem\",\"position\":1,\"name\":\"Shop On line\",\"item\":\"https:\/\/cuciroma.com\/shop\/\"},{\"@type\":\"ListItem\",\"position\":2,\"name\":\"Pfaff Ambition 1.5\"}]},{\"@type\":\"WebSite\",\"@id\":\"https:\/\/cuciroma.com\/#website\",\"url\":\"https:\/\/cuciroma.com\/\",\"name\":\"Cuciroma | Macchine da cucire e accessori per il ricamo\",\"description\":\"Rivenditore e Assistenza autorizzata Macchine da Cucire Professionali\",\"publisher\":{\"@id\":\"https:\/\/cuciroma.com\/#organization\"},\"potentialAction\":[{\"@type\":\"SearchAction\",\"target\":{\"@type\":\"EntryPoint\",\"urlTemplate\":\"https:\/\/cuciroma.com\/?s={search_term_string}\"},\"query-input\":{\"@type\":\"PropertyValueSpecification\",\"valueRequired\":true,\"valueName\":\"search_term_string\"}}],\"inLanguage\":\"en-US\"},{\"@type\":\"Organization\",\"@id\":\"https:\/\/cuciroma.com\/#organization\",\"name\":\"Cuciroma\",\"url\":\"https:\/\/cuciroma.com\/\",\"logo\":{\"@type\":\"ImageObject\",\"inLanguage\":\"en-US\",\"@id\":\"https:\/\/cuciroma.com\/#\/schema\/logo\/image\/\",\"url\":\"https:\/\/cuciroma.com\/wp-content\/uploads\/2020\/07\/logo-cuciroma.png\",\"contentUrl\":\"https:\/\/cuciroma.com\/wp-content\/uploads\/2020\/07\/logo-cuciroma.png\",\"width\":565,\"height\":159,\"caption\":\"Cuciroma\"},\"image\":{\"@id\":\"https:\/\/cuciroma.com\/#\/schema\/logo\/image\/\"},\"sameAs\":[\"https:\/\/www.facebook.com\/cuciroma\/\",\"https:\/\/www.instagram.com\/cuciroma\/\"]}]}<\/script>\n<!-- \/ Yoast SEO plugin. -->","yoast_head_json":{"title":"Pfaff Ambition 1.5 - Cuciroma | Macchine da cucire e accessori per il ricamo","robots":{"index":"index","follow":"follow","max-snippet":"max-snippet:-1","max-image-preview":"max-image-preview:large","max-video-preview":"max-video-preview:-1"},"canonical":"https:\/\/cuciroma.com\/en\/prodotto\/pfaff-ambition-1-5\/","og_locale":"en_US","og_type":"article","og_title":"Pfaff Ambition 1.5 - Cuciroma | Macchine da cucire e accessori per il ricamo","og_description":"Macchina per cucire elettronica. 195 punti a tua disposizione per tutti i lavori che la tua fantasia ti suggerisce. Il Sistema di Doppio Trasporto Integrato permette lavorazioni professionali su ogni tipo di tessuto fino o multistrato, l\u2019ampio piano di lavoro, il sollevamento extra del piedino, l\u2019illuminazione estesa e senza ombre, lo schermo tattile ad alta risoluzione e tante, tante altre sottigliezze ne completano l\u2019efficienza.  \u00a0","og_url":"https:\/\/cuciroma.com\/en\/prodotto\/pfaff-ambition-1-5\/","og_site_name":"Cuciroma | Macchine da cucire e accessori per il ricamo","article_publisher":"https:\/\/www.facebook.com\/cuciroma\/","article_modified_time":"2018-11-06T21:17:08+00:00","og_image":[{"width":665,"height":665,"url":"https:\/\/cuciroma.com\/wp-content\/uploads\/2015\/06\/pfaff-1.5.jpg","type":"image\/jpeg"}],"twitter_card":"summary_large_image","twitter_misc":{"Est. reading time":"3 minutes"},"schema":{"@context":"https:\/\/schema.org","@graph":[{"@type":"WebPage","@id":"https:\/\/cuciroma.com\/en\/prodotto\/pfaff-ambition-1-5\/","url":"https:\/\/cuciroma.com\/en\/prodotto\/pfaff-ambition-1-5\/","name":"Pfaff Ambition 1.5 - Cuciroma | Macchine da cucire e accessori per il ricamo","isPartOf":{"@id":"https:\/\/cuciroma.com\/#website"},"primaryImageOfPage":{"@id":"https:\/\/cuciroma.com\/en\/prodotto\/pfaff-ambition-1-5\/#primaryimage"},"image":{"@id":"https:\/\/cuciroma.com\/en\/prodotto\/pfaff-ambition-1-5\/#primaryimage"},"thumbnailUrl":"https:\/\/cuciroma.com\/wp-content\/uploads\/2015\/06\/pfaff-1.5.jpg","datePublished":"2015-06-25T17:26:43+00:00","dateModified":"2018-11-06T21:17:08+00:00","breadcrumb":{"@id":"https:\/\/cuciroma.com\/en\/prodotto\/pfaff-ambition-1-5\/#breadcrumb"},"inLanguage":"en-US","potentialAction":[{"@type":"ReadAction","target":["https:\/\/cuciroma.com\/en\/prodotto\/pfaff-ambition-1-5\/"]}]},{"@type":"ImageObject","inLanguage":"en-US","@id":"https:\/\/cuciroma.com\/en\/prodotto\/pfaff-ambition-1-5\/#primaryimage","url":"https:\/\/cuciroma.com\/wp-content\/uploads\/2015\/06\/pfaff-1.5.jpg","contentUrl":"https:\/\/cuciroma.com\/wp-content\/uploads\/2015\/06\/pfaff-1.5.jpg","width":665,"height":665},{"@type":"BreadcrumbList","@id":"https:\/\/cuciroma.com\/en\/prodotto\/pfaff-ambition-1-5\/#breadcrumb","itemListElement":[{"@type":"ListItem","position":1,"name":"Shop On line","item":"https:\/\/cuciroma.com\/shop\/"},{"@type":"ListItem","position":2,"name":"Pfaff Ambition 1.5"}]},{"@type":"WebSite","@id":"https:\/\/cuciroma.com\/#website","url":"https:\/\/cuciroma.com\/","name":"Cuciroma | Macchine da cucire e accessori per il ricamo","description":"Rivenditore e Assistenza autorizzata Macchine da Cucire Professionali","publisher":{"@id":"https:\/\/cuciroma.com\/#organization"},"potentialAction":[{"@type":"SearchAction","target":{"@type":"EntryPoint","urlTemplate":"https:\/\/cuciroma.com\/?s={search_term_string}"},"query-input":{"@type":"PropertyValueSpecification","valueRequired":true,"valueName":"search_term_string"}}],"inLanguage":"en-US"},{"@type":"Organization","@id":"https:\/\/cuciroma.com\/#organization","name":"Cuciroma","url":"https:\/\/cuciroma.com\/","logo":{"@type":"ImageObject","inLanguage":"en-US","@id":"https:\/\/cuciroma.com\/#\/schema\/logo\/image\/","url":"https:\/\/cuciroma.com\/wp-content\/uploads\/2020\/07\/logo-cuciroma.png","contentUrl":"https:\/\/cuciroma.com\/wp-content\/uploads\/2020\/07\/logo-cuciroma.png","width":565,"height":159,"caption":"Cuciroma"},"image":{"@id":"https:\/\/cuciroma.com\/#\/schema\/logo\/image\/"},"sameAs":["https:\/\/www.facebook.com\/cuciroma\/","https:\/\/www.instagram.com\/cuciroma\/"]}]}},"df_price":639,"df_sale_price":"","df_regular_price":639,"df_image_link":"https:\/\/cuciroma.com\/wp-content\/uploads\/2015\/06\/pfaff-1.5-300x300.jpg","_links":{"self":[{"href":"https:\/\/cuciroma.com\/en\/wp-json\/wp\/v2\/product\/6806","targetHints":{"allow":["GET"]}}],"collection":[{"href":"https:\/\/cuciroma.com\/en\/wp-json\/wp\/v2\/product"}],"about":[{"href":"https:\/\/cuciroma.com\/en\/wp-json\/wp\/v2\/types\/product"}],"replies":[{"embeddable":true,"href":"https:\/\/cuciroma.com\/en\/wp-json\/wp\/v2\/comments?post=6806"}],"wp:featuredmedia":[{"embeddable":true,"href":"https:\/\/cuciroma.com\/en\/wp-json\/wp\/v2\/media\/10302"}],"wp:attachment":[{"href":"https:\/\/cuciroma.com\/en\/wp-json\/wp\/v2\/media?parent=6806"}],"wp:term":[{"taxonomy":"product_brand","embeddable":true,"href":"https:\/\/cuciroma.com\/en\/wp-json\/wp\/v2\/product_brand?post=6806"},{"taxonomy":"product_cat","embeddable":true,"href":"https:\/\/cuciroma.com\/en\/wp-json\/wp\/v2\/product_cat?post=6806"},{"taxonomy":"product_tag","embeddable":true,"href":"https:\/\/cuciroma.com\/en\/wp-json\/wp\/v2\/product_tag?post=6806"}],"curies":[{"name":"wp","href":"https:\/\/api.w.org\/{rel}","templated":true}]}}