{"id":6801,"date":"2015-06-25T19:45:53","date_gmt":"2015-06-25T17:45:53","guid":{"rendered":"https:\/\/cuciroma.com\/prodotto\/pfaff-ambition-essential-2\/"},"modified":"2019-11-27T19:20:16","modified_gmt":"2019-11-27T18:20:16","slug":"pfaff-ambition-essential","status":"publish","type":"product","link":"https:\/\/cuciroma.com\/en\/prodotto\/pfaff-ambition-essential\/","title":{"rendered":"Pfaff Ambition Essential"},"content":{"rendered":"<p><a href=\"https:\/\/cuciroma.com\/wp-content\/uploads\/2017\/09\/telefono-rosso1.jpg\"><img loading=\"lazy\" decoding=\"async\" class=\" size-full wp-image-13539 aligncenter\" src=\"https:\/\/cuciroma.com\/wp-content\/uploads\/2017\/09\/telefono-rosso1.jpg\" alt=\"telefono rosso\" width=\"131\" height=\"138\" \/><\/a><br \/>\n<strong><span id=\"result_box\" class=\"\" lang=\"it\" tabindex=\"-1\"><span title=\"Imagine a sewing machine compact enough to whisk away to a sewing class or fit in your book shelf.&lt;br \/&gt;&lt;br \/&gt;&lt;br \/&gt;&lt;br \/&gt;&lt;br \/&gt;&lt;br \/&gt;&lt;br \/&gt;&lt;br \/&gt;&lt;br \/&gt;&lt;br \/&gt;&lt;br \/&gt;&lt;br \/&gt;&lt;br \/&gt;&lt;br \/&gt;&lt;br \/&gt;&lt;br \/&gt;\n\">\u00a0<\/span><\/span>Pfaff Ambition Essenzial \u00e8 una macchina per cucire elettronica di ultima generazione. Dietro la linea pulita ed essenziale si nasconde tutta una serie di accorgimenti studiati proprio per te. Il display a cristalli liquidi ad alta risoluzione, incastonato nella parte anteriore della macchina ti permette con un semplice tocco di selezionare il punto necessario e modificarlo come la tua fantasia ti suggerisce. 110 punti che raggiungono la larghezza di 7mm tra cui 2 alfabeti ti consentiranno di creare qualsiasi progetto , piccolo o grande, su ogni tipo di tessuto, punti utili professionali, asole perfette e una grande variet\u00e0 di incantevoli punti decorativi, quilt, croce e orli a giorno per dare alle tue creazioni finiture speciali. Tanti poi gli accorgimenti per agevolare al massimo il tuo cucito, primo il sistema IDT che ti permette di cucire pi\u00f9 strati di tessuto mantenendoli allineati perfettamente. Niente pi\u00f9 cuciture con grinze e niente pi\u00f9 linee che non combaciano sui vostri lavori. Lo spazio di lavoro \u00e8 molto bene illuminato, la tua intera area di cucitura senza ombre e a destra della macchina talmente largo che permette l\u2019inserimento anche dei capi pi\u00f9 ingombranti i quali agevolati anche dal sollevamento extra del piedino, non saranno pi\u00f9 un fastidio. Grazie al selettore esterno per abbassare le griffe di trasporto, potrai facilmente ricamare a mano libera e non solo. A tua disposizione il comodissimo tasto che ti permette di impostare automaticamente lo stop dell\u2019ago in alto o in basso quando devi per esempio girare il tessuto e per dei lavori pi\u00f9 professionali e sicuri anche la fermatura automaticamente alla fine di una cucitura per una finitura rapida e facile. Insomma manca solo la tua creativit\u00e0!<\/strong><\/p>\n<p><strong><span style=\"color: #800000;\">Caratteristiche Tecniche:<\/span><\/strong><\/p>\n<p><strong>&#8211; Originale sistema IDT(Integrated Dual Feed)<\/strong><br \/>\n<strong>Trasporto del tessuto assolutamente uniforme dall&#8217;alto e dal basso. L&#8217;originale sistema IDT<\/strong><strong> \u00e8 ideale per quilt e cucito.<\/strong><br \/>\n<strong>&#8211; Ampio spazio di lavoro<\/strong><br \/>\n<strong>L&#8217;area di lavoro a destra dell&#8217;ago \u00e8 ampia 200 mm, ottima per grandi progetti di cucito.<\/strong><br \/>\n<strong>&#8211; 110 Punti<\/strong><br \/>\n<strong>Una grande variet\u00e0 di bellissimi punti da 7 mm, incluso punti di utilit\u00e0, asole, decorativi, quilt, a croce e per orlo<\/strong><br \/>\n<strong>&#8211; Alfabeti<\/strong><br \/>\n<strong>Scegli tra 2 diversi stili di font<\/strong><br \/>\n<strong>&#8211; 2 Sorgenti di luce led<\/strong><br \/>\n<strong>Luci brillanti ottimizzate illuminano l&#8217;intera area di lavoro senza ombre<\/strong><br \/>\n<strong>&#8211; Progettato per facilitare il cucito e ottenere i risultati professionali richiesti dalle appassionate di cucito.<\/strong><br \/>\n<strong>&#8211; Cucito a mano libera<\/strong><br \/>\n<strong>\u00c8 sufficiente innestare l&#8217;apposito piedino per eseguire con facilit\u00e0 il quilt e il cucito a <\/strong><strong>mano libera.<\/strong><br \/>\n<strong>&#8211; Abbassamento griffe esterno<\/strong><br \/>\n<strong>Abbassa le griffe per eseguire impunture, ricamo a mano libera o rammendi.<\/strong><br \/>\n<strong>&#8211; Piedino con alzata extra<\/strong><br \/>\n<strong>Solleva il piedino alla massima altezza in modo da posizionare senza sforzi i tessuti spessi.<\/strong><br \/>\n<strong>&#8211; Pressione piedino<\/strong><br \/>\n<strong> Regolabile durante l&#8217;uso di tecniche speciali o per cucire tessuti leggeri o pesanti.<\/strong><br \/>\n<strong>&#8211; Tensione del filo regolabile<\/strong><br \/>\n<strong>Secondo il tipo di tessuto, imbottitura, filo, ecc. il selettore di tensione del filo pu\u00f2 essere regolato per fare incontrare uniformemente i fili tra due strati di tessuto.<\/strong><br \/>\n<strong>&#8211; Ago su\/gi\u00f9<\/strong><br \/>\n<strong>Con la sola pressione di un pulsante \u00e8 possibile impostare l&#8217;ago per arrestarsi su o gi\u00f9 nel tessuto, per ruotarlo, eseguire applicazioni e altro.<\/strong><br \/>\n<strong>&#8211; Fermatura immediata<\/strong><br \/>\n<strong>Selezionandola, la macchina eseguir\u00e0 una fermatura automatica al termine della cucitura.<\/strong><br \/>\n<strong>&#8211; 29 posizioni dell&#8217;ago<\/strong><br \/>\n<strong>Perfette per impunture, quilt, inserimento cerniere e altro.<\/strong><br \/>\n<strong>&#8211; Specchiatura<\/strong><br \/>\n<strong>Capovolge orizzontalmente e\/o verticalmente il punto, per offrire pi\u00f9 possibilit\u00e0. (Nella macchina per cucire ambition essential solo specchiatura verticale )<\/strong><br \/>\n<strong>&#8211; 1 Memoria<\/strong><br \/>\n<strong> Per memorizzare le combinazioni personali di punti.<\/strong><br \/>\n<strong>&#8211; 30 Programmi<\/strong><br \/>\n<strong>Unisci e salva punti e\/o lettere in memoria<\/strong><br \/>\n<strong>&#8211; Infila ago integrato<\/strong><br \/>\n<strong> Facilita e velocizza l&#8217;infilatura dell&#8217;ago.<\/strong><br \/>\n<strong>&#8211; Piastrina<\/strong><br \/>\n<strong>I contrassegni a destra e a sinistra dell&#8217;ago aiutano a guidare il tessuto.<\/strong><br \/>\n<strong>&#8211; Piedino con innesto a scatto<\/strong><br \/>\n<strong>Facile da sostituire senza usare cacciaviti o altri attrezzi.<\/strong><br \/>\n<strong>&#8211; Bobina con carica dall&#8217;alto<\/strong><br \/>\n<strong>Accesso facilitato.<\/strong><br \/>\n<strong>&#8211; Marcia indietro permanente<\/strong><br \/>\n<strong>Le mani sono libere per guidare la stoffa<\/strong><\/p>\n<p><span style=\"color: #800000;\"><strong>Accessori in dotazione:<\/strong><\/span><br \/>\n<strong>Piedino standard 0A con sistema IDT &#8211; Piedino per punti decorativi 1A con sistema IDT &#8211; Piedino per punti decorativi 2A &#8211; Piedino per orlo invisibile 3 con sistema IDT &#8211; Piedino per cerniera 4 con sistema IDT &#8211; Piedino per asole ad un tempo 5B &#8211; Bobine (5) &#8211; Feltrino &#8211; Cacciavite per placca ago &#8211; Accessorio multi-funzione &#8211; Ferma rocchetto, grande (2) &#8211; Ferma rocchetto, piccolo &#8211; Taglia asole e pennello &#8211; Secondo porta rocchetto &#8211; Reostato &#8211; Aghi<\/strong><\/p>\n","protected":false},"excerpt":{"rendered":"<p><strong>RICHIEDI IL NOSTRO COUPON DI SCONTO SPEDIZIONE GRATUITA 5 ANNI DI GARANZIA&#8230;&#8230;Macchina per cucire elettronica con 110 punti compresi due caratteri di alfabeto. Spazio di lavoro ampio e bene illuminato con due luci led per un lavoro senza ombre. Il sistema del doppio trasporto automatico ti permette poi di cucire agevolmente tessuti molto fini senza grinze e tessuti grossi o sovrapposti mantenendoli in allineamento perfetto. Diversi gli accessori in dotazione che ti consentiranno di metterti subito all\u2019opera.<\/strong><\/p>\n","protected":false},"featured_media":11280,"comment_status":"closed","ping_status":"closed","template":"","meta":[],"product_brand":[],"product_cat":[197],"product_tag":[],"class_list":{"0":"post-6801","1":"product","2":"type-product","3":"status-publish","4":"has-post-thumbnail","6":"product_cat-pfaff-elettroniche-en","7":"pa_trovaprezzi-pubblicato","9":"first","10":"instock","11":"taxable","12":"shipping-taxable","13":"product-type-simple"},"yoast_head":"<!-- This site is optimized with the Yoast SEO plugin v27.2 - https:\/\/yoast.com\/product\/yoast-seo-wordpress\/ -->\n<title>Pfaff Ambition Essential - Cuciroma | Macchine da cucire e accessori per il ricamo<\/title>\n<meta name=\"robots\" content=\"index, follow, max-snippet:-1, max-image-preview:large, max-video-preview:-1\" \/>\n<link rel=\"canonical\" href=\"https:\/\/cuciroma.com\/en\/prodotto\/pfaff-ambition-essential\/\" \/>\n<meta property=\"og:locale\" content=\"en_US\" \/>\n<meta property=\"og:type\" content=\"article\" \/>\n<meta property=\"og:title\" content=\"Pfaff Ambition Essential - Cuciroma | Macchine da cucire e accessori per il ricamo\" \/>\n<meta property=\"og:description\" content=\"RICHIEDI IL NOSTRO COUPON DI SCONTO SPEDIZIONE GRATUITA 5 ANNI DI GARANZIA......Macchina per cucire elettronica con 110 punti compresi due caratteri di alfabeto. Spazio di lavoro ampio e bene illuminato con due luci led per un lavoro senza ombre. Il sistema del doppio trasporto automatico ti permette poi di cucire agevolmente tessuti molto fini senza grinze e tessuti grossi o sovrapposti mantenendoli in allineamento perfetto. Diversi gli accessori in dotazione che ti consentiranno di metterti subito all\u2019opera.\" \/>\n<meta property=\"og:url\" content=\"https:\/\/cuciroma.com\/en\/prodotto\/pfaff-ambition-essential\/\" \/>\n<meta property=\"og:site_name\" content=\"Cuciroma | Macchine da cucire e accessori per il ricamo\" \/>\n<meta property=\"article:publisher\" content=\"https:\/\/www.facebook.com\/cuciroma\/\" \/>\n<meta property=\"article:modified_time\" content=\"2019-11-27T18:20:16+00:00\" \/>\n<meta property=\"og:image\" content=\"https:\/\/cuciroma.com\/wp-content\/uploads\/2015\/06\/pfaff-amb-essential.jpg\" \/>\n\t<meta property=\"og:image:width\" content=\"720\" \/>\n\t<meta property=\"og:image:height\" content=\"509\" \/>\n\t<meta property=\"og:image:type\" content=\"image\/jpeg\" \/>\n<meta name=\"twitter:card\" content=\"summary_large_image\" \/>\n<meta name=\"twitter:label1\" content=\"Est. reading time\" \/>\n\t<meta name=\"twitter:data1\" content=\"4 minutes\" \/>\n<script type=\"application\/ld+json\" class=\"yoast-schema-graph\">{\"@context\":\"https:\/\/schema.org\",\"@graph\":[{\"@type\":\"WebPage\",\"@id\":\"https:\/\/cuciroma.com\/en\/prodotto\/pfaff-ambition-essential\/\",\"url\":\"https:\/\/cuciroma.com\/en\/prodotto\/pfaff-ambition-essential\/\",\"name\":\"Pfaff Ambition Essential - Cuciroma | Macchine da cucire e accessori per il ricamo\",\"isPartOf\":{\"@id\":\"https:\/\/cuciroma.com\/#website\"},\"primaryImageOfPage\":{\"@id\":\"https:\/\/cuciroma.com\/en\/prodotto\/pfaff-ambition-essential\/#primaryimage\"},\"image\":{\"@id\":\"https:\/\/cuciroma.com\/en\/prodotto\/pfaff-ambition-essential\/#primaryimage\"},\"thumbnailUrl\":\"https:\/\/cuciroma.com\/wp-content\/uploads\/2015\/06\/pfaff-amb-essential.jpg\",\"datePublished\":\"2015-06-25T17:45:53+00:00\",\"dateModified\":\"2019-11-27T18:20:16+00:00\",\"breadcrumb\":{\"@id\":\"https:\/\/cuciroma.com\/en\/prodotto\/pfaff-ambition-essential\/#breadcrumb\"},\"inLanguage\":\"en-US\",\"potentialAction\":[{\"@type\":\"ReadAction\",\"target\":[\"https:\/\/cuciroma.com\/en\/prodotto\/pfaff-ambition-essential\/\"]}]},{\"@type\":\"ImageObject\",\"inLanguage\":\"en-US\",\"@id\":\"https:\/\/cuciroma.com\/en\/prodotto\/pfaff-ambition-essential\/#primaryimage\",\"url\":\"https:\/\/cuciroma.com\/wp-content\/uploads\/2015\/06\/pfaff-amb-essential.jpg\",\"contentUrl\":\"https:\/\/cuciroma.com\/wp-content\/uploads\/2015\/06\/pfaff-amb-essential.jpg\",\"width\":720,\"height\":509},{\"@type\":\"BreadcrumbList\",\"@id\":\"https:\/\/cuciroma.com\/en\/prodotto\/pfaff-ambition-essential\/#breadcrumb\",\"itemListElement\":[{\"@type\":\"ListItem\",\"position\":1,\"name\":\"Shop On line\",\"item\":\"https:\/\/cuciroma.com\/shop\/\"},{\"@type\":\"ListItem\",\"position\":2,\"name\":\"Pfaff Ambition Essential\"}]},{\"@type\":\"WebSite\",\"@id\":\"https:\/\/cuciroma.com\/#website\",\"url\":\"https:\/\/cuciroma.com\/\",\"name\":\"Cuciroma | Macchine da cucire e accessori per il ricamo\",\"description\":\"Rivenditore e Assistenza autorizzata Macchine da Cucire Professionali\",\"publisher\":{\"@id\":\"https:\/\/cuciroma.com\/#organization\"},\"potentialAction\":[{\"@type\":\"SearchAction\",\"target\":{\"@type\":\"EntryPoint\",\"urlTemplate\":\"https:\/\/cuciroma.com\/?s={search_term_string}\"},\"query-input\":{\"@type\":\"PropertyValueSpecification\",\"valueRequired\":true,\"valueName\":\"search_term_string\"}}],\"inLanguage\":\"en-US\"},{\"@type\":\"Organization\",\"@id\":\"https:\/\/cuciroma.com\/#organization\",\"name\":\"Cuciroma\",\"url\":\"https:\/\/cuciroma.com\/\",\"logo\":{\"@type\":\"ImageObject\",\"inLanguage\":\"en-US\",\"@id\":\"https:\/\/cuciroma.com\/#\/schema\/logo\/image\/\",\"url\":\"https:\/\/cuciroma.com\/wp-content\/uploads\/2020\/07\/logo-cuciroma.png\",\"contentUrl\":\"https:\/\/cuciroma.com\/wp-content\/uploads\/2020\/07\/logo-cuciroma.png\",\"width\":565,\"height\":159,\"caption\":\"Cuciroma\"},\"image\":{\"@id\":\"https:\/\/cuciroma.com\/#\/schema\/logo\/image\/\"},\"sameAs\":[\"https:\/\/www.facebook.com\/cuciroma\/\",\"https:\/\/www.instagram.com\/cuciroma\/\"]}]}<\/script>\n<!-- \/ Yoast SEO plugin. -->","yoast_head_json":{"title":"Pfaff Ambition Essential - Cuciroma | Macchine da cucire e accessori per il ricamo","robots":{"index":"index","follow":"follow","max-snippet":"max-snippet:-1","max-image-preview":"max-image-preview:large","max-video-preview":"max-video-preview:-1"},"canonical":"https:\/\/cuciroma.com\/en\/prodotto\/pfaff-ambition-essential\/","og_locale":"en_US","og_type":"article","og_title":"Pfaff Ambition Essential - Cuciroma | Macchine da cucire e accessori per il ricamo","og_description":"RICHIEDI IL NOSTRO COUPON DI SCONTO SPEDIZIONE GRATUITA 5 ANNI DI GARANZIA......Macchina per cucire elettronica con 110 punti compresi due caratteri di alfabeto. Spazio di lavoro ampio e bene illuminato con due luci led per un lavoro senza ombre. Il sistema del doppio trasporto automatico ti permette poi di cucire agevolmente tessuti molto fini senza grinze e tessuti grossi o sovrapposti mantenendoli in allineamento perfetto. Diversi gli accessori in dotazione che ti consentiranno di metterti subito all\u2019opera.","og_url":"https:\/\/cuciroma.com\/en\/prodotto\/pfaff-ambition-essential\/","og_site_name":"Cuciroma | Macchine da cucire e accessori per il ricamo","article_publisher":"https:\/\/www.facebook.com\/cuciroma\/","article_modified_time":"2019-11-27T18:20:16+00:00","og_image":[{"width":720,"height":509,"url":"https:\/\/cuciroma.com\/wp-content\/uploads\/2015\/06\/pfaff-amb-essential.jpg","type":"image\/jpeg"}],"twitter_card":"summary_large_image","twitter_misc":{"Est. reading time":"4 minutes"},"schema":{"@context":"https:\/\/schema.org","@graph":[{"@type":"WebPage","@id":"https:\/\/cuciroma.com\/en\/prodotto\/pfaff-ambition-essential\/","url":"https:\/\/cuciroma.com\/en\/prodotto\/pfaff-ambition-essential\/","name":"Pfaff Ambition Essential - Cuciroma | Macchine da cucire e accessori per il ricamo","isPartOf":{"@id":"https:\/\/cuciroma.com\/#website"},"primaryImageOfPage":{"@id":"https:\/\/cuciroma.com\/en\/prodotto\/pfaff-ambition-essential\/#primaryimage"},"image":{"@id":"https:\/\/cuciroma.com\/en\/prodotto\/pfaff-ambition-essential\/#primaryimage"},"thumbnailUrl":"https:\/\/cuciroma.com\/wp-content\/uploads\/2015\/06\/pfaff-amb-essential.jpg","datePublished":"2015-06-25T17:45:53+00:00","dateModified":"2019-11-27T18:20:16+00:00","breadcrumb":{"@id":"https:\/\/cuciroma.com\/en\/prodotto\/pfaff-ambition-essential\/#breadcrumb"},"inLanguage":"en-US","potentialAction":[{"@type":"ReadAction","target":["https:\/\/cuciroma.com\/en\/prodotto\/pfaff-ambition-essential\/"]}]},{"@type":"ImageObject","inLanguage":"en-US","@id":"https:\/\/cuciroma.com\/en\/prodotto\/pfaff-ambition-essential\/#primaryimage","url":"https:\/\/cuciroma.com\/wp-content\/uploads\/2015\/06\/pfaff-amb-essential.jpg","contentUrl":"https:\/\/cuciroma.com\/wp-content\/uploads\/2015\/06\/pfaff-amb-essential.jpg","width":720,"height":509},{"@type":"BreadcrumbList","@id":"https:\/\/cuciroma.com\/en\/prodotto\/pfaff-ambition-essential\/#breadcrumb","itemListElement":[{"@type":"ListItem","position":1,"name":"Shop On line","item":"https:\/\/cuciroma.com\/shop\/"},{"@type":"ListItem","position":2,"name":"Pfaff Ambition Essential"}]},{"@type":"WebSite","@id":"https:\/\/cuciroma.com\/#website","url":"https:\/\/cuciroma.com\/","name":"Cuciroma | Macchine da cucire e accessori per il ricamo","description":"Rivenditore e Assistenza autorizzata Macchine da Cucire Professionali","publisher":{"@id":"https:\/\/cuciroma.com\/#organization"},"potentialAction":[{"@type":"SearchAction","target":{"@type":"EntryPoint","urlTemplate":"https:\/\/cuciroma.com\/?s={search_term_string}"},"query-input":{"@type":"PropertyValueSpecification","valueRequired":true,"valueName":"search_term_string"}}],"inLanguage":"en-US"},{"@type":"Organization","@id":"https:\/\/cuciroma.com\/#organization","name":"Cuciroma","url":"https:\/\/cuciroma.com\/","logo":{"@type":"ImageObject","inLanguage":"en-US","@id":"https:\/\/cuciroma.com\/#\/schema\/logo\/image\/","url":"https:\/\/cuciroma.com\/wp-content\/uploads\/2020\/07\/logo-cuciroma.png","contentUrl":"https:\/\/cuciroma.com\/wp-content\/uploads\/2020\/07\/logo-cuciroma.png","width":565,"height":159,"caption":"Cuciroma"},"image":{"@id":"https:\/\/cuciroma.com\/#\/schema\/logo\/image\/"},"sameAs":["https:\/\/www.facebook.com\/cuciroma\/","https:\/\/www.instagram.com\/cuciroma\/"]}]}},"df_price":"","df_sale_price":"","df_regular_price":"","df_image_link":"https:\/\/cuciroma.com\/wp-content\/uploads\/2015\/06\/pfaff-amb-essential-300x212.jpg","_links":{"self":[{"href":"https:\/\/cuciroma.com\/en\/wp-json\/wp\/v2\/product\/6801","targetHints":{"allow":["GET"]}}],"collection":[{"href":"https:\/\/cuciroma.com\/en\/wp-json\/wp\/v2\/product"}],"about":[{"href":"https:\/\/cuciroma.com\/en\/wp-json\/wp\/v2\/types\/product"}],"replies":[{"embeddable":true,"href":"https:\/\/cuciroma.com\/en\/wp-json\/wp\/v2\/comments?post=6801"}],"wp:featuredmedia":[{"embeddable":true,"href":"https:\/\/cuciroma.com\/en\/wp-json\/wp\/v2\/media\/11280"}],"wp:attachment":[{"href":"https:\/\/cuciroma.com\/en\/wp-json\/wp\/v2\/media?parent=6801"}],"wp:term":[{"taxonomy":"product_brand","embeddable":true,"href":"https:\/\/cuciroma.com\/en\/wp-json\/wp\/v2\/product_brand?post=6801"},{"taxonomy":"product_cat","embeddable":true,"href":"https:\/\/cuciroma.com\/en\/wp-json\/wp\/v2\/product_cat?post=6801"},{"taxonomy":"product_tag","embeddable":true,"href":"https:\/\/cuciroma.com\/en\/wp-json\/wp\/v2\/product_tag?post=6801"}],"curies":[{"name":"wp","href":"https:\/\/api.w.org\/{rel}","templated":true}]}}