{"id":6796,"date":"2015-06-30T18:12:28","date_gmt":"2015-06-30T16:12:28","guid":{"rendered":"https:\/\/cuciroma.com\/prodotto\/pfaff-performance-5-0-2\/"},"modified":"2018-12-11T19:07:19","modified_gmt":"2018-12-11T18:07:19","slug":"pfaff-performance-5-0","status":"publish","type":"product","link":"https:\/\/cuciroma.com\/en\/prodotto\/pfaff-performance-5-0\/","title":{"rendered":"Pfaff Performance 5.0"},"content":{"rendered":"<p><a href=\"https:\/\/cuciroma.com\/wp-content\/uploads\/2017\/09\/telefono-rosso1.jpg\"><img loading=\"lazy\" decoding=\"async\" class=\" size-full wp-image-13539 aligncenter\" src=\"https:\/\/cuciroma.com\/wp-content\/uploads\/2017\/09\/telefono-rosso1.jpg\" alt=\"telefono rosso\" width=\"131\" height=\"138\" \/><\/a><br \/>\n<strong><span id=\"result_box\" class=\"\" lang=\"it\" tabindex=\"-1\"><span title=\"Imagine a sewing machine compact enough to whisk away to a sewing class or fit in your book shelf.&lt;br \/&gt;&lt;br \/&gt;&lt;br \/&gt;&lt;br \/&gt;&lt;br \/&gt;&lt;br \/&gt;&lt;br \/&gt;&lt;br \/&gt;&lt;br \/&gt;&lt;br \/&gt;&lt;br \/&gt; \">\u00a0<\/span><\/span>Macchina per cucire elettronica . Con oltre 300 punti di cui puoi modificare la densit\u00e0 senza variare la lunghezza. Punti di alta qualit\u00e0 e dimensioni fino a 9 mm, monogrammi larghi fino a 48 mm. A tua disposizione l&#8217;esclusiva funzione Stitch Creator per inventare nuovi punti da 9 mm e modificare i punti gi\u00e0 esistenti. Lo schermo interattivo a colori ad alta risoluzione ti mostra i punti in dimensioni reali. Il layout intuitivo \u00e8 facile da comprendere. Presente la funzione Tapering su tutti i punti decorativi da 9 mm. Tapering all&#8217;inizio e\/o alla fine di qualsiasi punto, grazie al quale puoi creare anche gli angoli . La Funzione Patchwork grazie alla quale puoi eseguire le cuciture programmando la loro lunghezza per ripeterle tante e tante volte, da usare con i punti di utilit\u00e0 o decorativi per ottenere effetti speciali. Hai la possibilit\u00e0 di impostare il numero esatto di punti o ripetizioni o fermature all\u2019interno della sequenza che hai memorizzato. Hai a disposizione la specchiatura punti per capovolgere il punto verticalmente o orizzontalmente e inventare sempre nuovi motivi. Questa macchina \u00e8 la scelta perfetta per le amanti del quilt, del patch, per tutti coloro che amano creare e sperimentare con diversi materiali e su grandi progetti. L&#8217;originale sistema IDT ti offre il Doppio Trasporto Integrato per un camminamento del tessuto assolutamente uniforme sia nella parte superiore che in quella inferiore. Mette a tua disposizione poi un ampio spazio di lavoro a destra dell&#8217;ago per la cucitura di grandi quantit\u00e0 di tessuto o imbottiture agevolate anche dal sollevamento automatico del piedino . Infilatura automatica dell\u2019 ago e avvio\/ arresto della cucitura senza l\u2019uso del pedale. Tanti piedini e tanti in dotazione con la macchina. Attraverso le fantastiche funzioni di questa macchina ogni tuo lavoro sar\u00e0 un\u2019opera d\u2019arte esclusiva elaborata e perfetta.<\/strong><\/p>\n<p><strong><span style=\"color: #800000;\">Caratteristiche Tecniche:<\/span><\/strong><\/p>\n<div class=\"textLayer\">\n<div data-canvas-width=\"16.32234459309631\"><strong>&#8211; Punti maxi<\/strong><\/div>\n<div data-canvas-width=\"160.20371054771232\"><strong>\u00a0Aggiungi meravigliosi accenti ai tuoi progetti con punti e\u00a0monogrammi larghi fino a 48 mm.<\/strong><\/div>\n<div data-canvas-width=\"45.54824451178949\"><strong>&#8211; L&#8217;esclusiva funzione stitch creator<\/strong><\/div>\n<div data-canvas-width=\"263.242220415404\"><strong>\u00a0Crea nuovi punti da 9 mm o\u00a0modifica i punti incorporati per scatenare la tua creativit\u00e0.<\/strong><\/div>\n<div data-canvas-width=\"18.292896740335575\"><strong>&#8211; L&#8217;originale sistema idt<\/strong><\/div>\n<div data-canvas-width=\"92.15640476014487\"><strong>\u00a0Il Doppio Trasporto Integrato, solo da Pfaff per oltre 40 anni! Il trasporto del tessuto \u00e8 assolutamente uniforme dall&#8217;alto e dal basso.<\/strong><\/div>\n<div data-canvas-width=\"74.16873383102966\"><strong>&#8211; Oltre 300 punti<\/strong><\/div>\n<div data-canvas-width=\"283.93643284795627\"><strong>Fatti stupire dall&#8217;affascinante selezione dei punti di alta qualit\u00e0 da 9 mm Pfaff. Abbellimenti unici, cuciti perfettamente.<\/strong><\/div>\n<div data-canvas-width=\"118.589252716387\"><strong>&#8211; Ampio spazio di lavoro<\/strong><\/div>\n<div data-canvas-width=\"139.70300835242818\"><strong>La macchina per cucire Pfaff \u00e8 la scelta perfetta per le amanti del quilt, dell&#8217;arredo per interni, per le creatrici di moda: insomma, per tutti coloro che creano. L&#8217;area di lavoro a destra dell&#8217;ago \u00e8 sovradimensionata per la cucitura di grandi quantit\u00e0 di tessuto o imbottitura.<\/strong><\/div>\n<div data-canvas-width=\"189.49205410599458\"><strong>&#8211; 4 font per cucito incorporati<\/strong><\/div>\n<div data-canvas-width=\"60.44349175844483\"><strong>Scegli uno dei 4 font per personalizzare i tuoi progetti.<\/strong><\/div>\n<div data-canvas-width=\"207.72706038879446\"><strong>&#8211; Trasporto ottimizzato e migliorato per fornire ancora pi\u00f9 controllo nella cucitura di strati spessi o pezze di piccole dimensioni. Funzioni di cucito creative signature:<\/strong><\/div>\n<div data-canvas-width=\"23.300909158104815\"><strong>&#8211; Tapering su tutti i punti decorativi da 9\u00a0mm<\/strong><\/div>\n<div data-canvas-width=\"336.20696282060754\"><strong>Tapering all&#8217;inizio e\/o alla fine di qualsiasi punto. Modifica l&#8217;angolo di tapering per ottenere possibilit\u00e0 illimitate.<\/strong><\/div>\n<div data-canvas-width=\"45.22448074506616\"><strong>&#8211; Funzione Patchwork<\/strong><\/div>\n<div data-canvas-width=\"297.2886392194546\"><strong>Esegui le cuciture e la macchina per cucire Pfaff ne ricorder\u00e0 la lunghezza per ripeterle ancora e ancora. Da\u00a0usare con punti di utilit\u00e0 o decorativi per ottenere effetti speciali.<\/strong><\/div>\n<div data-canvas-width=\"31.883657328701307\"><strong>&#8211; Funzione punt singolo<\/strong><\/div>\n<div data-canvas-width=\"141.75194027644318\"><strong>Imposta il numero esatto di punti o ripetizioni di\u00a0sequenza che desideri cucire.<\/strong><\/div>\n<div data-canvas-width=\"21.399955650824158\"><strong>&#8211; Specchiatura punti<\/strong><\/div>\n<div data-canvas-width=\"147.80767240742114\"><strong>Capovolge il punto verticalmente o orizzontalmente consentendo maggiori possibilit\u00e0.<\/strong><\/div>\n<div data-canvas-width=\"21.399955650824158\"><strong>&#8211; Posizionamento punti<\/strong><\/div>\n<div data-canvas-width=\"164.51785054327743\"><strong>Sposta il punto completo a destra o sinistra per allineare facilmente i punti decorativi.<\/strong><\/div>\n<div data-canvas-width=\"21.399955650824158\"><strong>&#8211; Densit\u00e0 dei punti<\/strong><\/div>\n<div data-canvas-width=\"326.40623845073543\"><strong>Il controllo di densit\u00e0 dei punti regola la densit\u00e0, la\u00a0distanza tra punti di cucito che compongono la cucitura. \u00c8 possibile aumentare o diminuire la densit\u00e0 senza incidere sulla lunghezza dei punti.<\/strong><\/div>\n<div data-canvas-width=\"183.52250720674107\"><strong>&#8211; Sollevamento automatico piedino<\/strong><\/div>\n<div data-canvas-width=\"138.06386281321608\"><strong>Solleva istantaneamente il\u00a0piedino quando l&#8217;ago \u00e8 impostato per fermarsi in basso e\/o al termine della cucitura dopo un taglio del filo.<\/strong><\/div>\n<div data-canvas-width=\"117.50901027422576\"><strong>&#8211; Modalit\u00e0 a mano libera<\/strong><\/div>\n<div data-canvas-width=\"19.53933032744475\"><strong>\u00a0Tre modalit\u00e0 per quilt a mano libera, effetti pittorici o rammendo. Seleziona la modalit\u00e0 pi\u00f9 adatta alla tecnica specifica.<\/strong><\/div>\n<div data-canvas-width=\"52.219631901840486\"><strong>&#8211; Ago su\/gi\u00f9<\/strong><\/div>\n<div data-canvas-width=\"19.53933032744475\"><strong>Imposta l&#8217;ago per arrestarsi su o gi\u00f9 nel tessuto, per ruotarlo,eseguire applicazioni e altro.<\/strong><\/div>\n<div data-canvas-width=\"60.7428634784537\"><strong>&#8211; Asole sensormatic<\/strong><\/div>\n<div data-canvas-width=\"202.79872865695913\"><strong>Le colonne delle asole vengono cucite nella stessa direzione per la massima qualit\u00e0 e precisione.<\/strong><\/div>\n<div data-canvas-width=\"32.407273264838494\"><strong>&#8211; Avvio\/arresto<\/strong><\/div>\n<div data-canvas-width=\"171.4956020400621\"><strong>Cuci senza usare il pedale. Facilita l&#8217;esecuzione di cuciture lunghe, a mano libera e asole.<\/strong><\/div>\n<div data-canvas-width=\"113.53229359154408\"><strong>&#8211; 37 posizioni dell&#8217;ago<\/strong><\/div>\n<div data-canvas-width=\"215.94604183605594\"><strong>\u00a0Per il posizionamento preciso del punto diritto.<\/strong><\/div>\n<div data-canvas-width=\"138.19980782023802\"><strong>&#8211; Sicurezza larghezza punto<\/strong><\/div>\n<div data-canvas-width=\"341.238228989578\"><strong>Limita la larghezza del punto per centrare il punto diritto durante l&#8217;uso del relativo piedino e impedire la rottura dell&#8217;ago.<\/strong><\/div>\n<div data-canvas-width=\"108.91455392120632\"><strong>&#8211; Funzione ago doppio<\/strong><\/div>\n<div data-canvas-width=\"341.0447187523099\"><strong>Inserisci il formato dell&#8217;ago doppio per regolare automaticamente la larghezza del punto. Visualizza l&#8217;ago doppio sullo schermo.<\/strong><\/div>\n<div data-canvas-width=\"69.64596052923349\"><strong>&#8211; Ripresa punto<\/strong><\/div>\n<div data-canvas-width=\"185.57631754009907\"><strong>Torna all&#8217;inizio del punto o della sequenza senza dover ripristinare eventuali impostazioni speciali.<\/strong><\/div>\n<div data-canvas-width=\"152.68217902283985\"><strong>&#8211; Grande piastrina di cucitura<\/strong><\/div>\n<div data-canvas-width=\"136.59546160100524\"><strong>Dotata di contrassegni ai lati dell&#8217;ago per aiutarti a guidare il tessuto<\/strong><\/div>\n<div data-canvas-width=\"136.59546160100524\">\n<div data-canvas-width=\"113.06933254490355\"><strong>&#8211; Fermatura immediata<\/strong><\/div>\n<div data-canvas-width=\"322.5360337053736\"><strong>Premendola, la macchina eseguir\u00e0 una fermatura e si arrester\u00e0 automaticamente per una finitura rapida e facile.<\/strong><\/div>\n<div data-canvas-width=\"127.12435508906792\"><strong>&#8211; Piedini accessori inclusi<\/strong><\/div>\n<div data-canvas-width=\"45.133417103998816\"><strong>10 diversi piedini per tutte le esigenze essenziali<\/strong><\/div>\n<div data-canvas-width=\"45.133417103998816\">\n<div data-canvas-width=\"61.81123512454728\"><strong>&#8211; Lo schermo interattivo a colori Pfaff creative<\/strong><\/div>\n<div data-canvas-width=\"209.75371424347694\"><strong>\u00e8 brillante! Questo luminoso display ad alta risoluzione ti mostra i punti in dimensioni reali. Il layout intuitivo \u00e8 facile da comprendere.<\/strong><\/div>\n<div data-canvas-width=\"184.43655850395447\"><strong>&#8211; Sensore piastrina per punto diritto<\/strong><\/div>\n<div data-canvas-width=\"182.6736639810777\"><strong>\u00a0La macchina per cucire avvisa se si cerca di selezionare un punto diverso dal punto diritto nel caso sia attaccata la piastrina ago diritto.<\/strong><\/div>\n<div data-canvas-width=\"15.052169413851725\"><strong>&#8211; Luci Led<\/strong><\/div>\n<div data-canvas-width=\"278.1311257299135\"><strong>Luci ottimizzate illuminano l&#8217;intera area di lavoro senza ombre.<\/strong><\/div>\n<div data-canvas-width=\"100.35570995638997\"><strong>&#8211; Sensore filo bobina<\/strong><\/div>\n<div data-canvas-width=\"214.2613644763102\"><strong>Ti avvisa quando la bobina sta per finire il filo.<\/strong><\/div>\n<div data-canvas-width=\"48.29039840342968\"><strong>-Taglia filo<\/strong><\/div>\n<div data-canvas-width=\"199.8960750979378\"><strong>Taglia automaticamente il filo dell&#8217;ago e il filo della bobina, tirandone le estremit\u00e0 sul rovescio del tessuto.<\/strong><\/div>\n<div data-canvas-width=\"153.79803385320423\"><strong>&#8211; Leva elettronica a ginocchio<\/strong><\/div>\n<div data-canvas-width=\"133.3057875674477\"><strong>Solleva il pedale mentre hai le mani impegnate a guidare la stoffa.<\/strong><\/div>\n<div data-canvas-width=\"71.18916401803534\"><strong>&#8211; Guida rapida<\/strong><\/div>\n<div><strong>Tocca l&#8217;icona della guida per ottenere informazioni istantanee<\/strong><\/div>\n<div data-canvas-width=\"117.54462266242888\"><strong>&#8211; Impostazione velocit\u00e0<\/strong><\/div>\n<div data-canvas-width=\"136.67514228693915\"><strong>Regola la velocit\u00e0 di cucito e la macchina per cucire e ricamare Pfaff si ricorder\u00e0 le tue impostazioni preferite fino allo spegnimento.<\/strong><\/div>\n<div data-canvas-width=\"67.17683494715057\"><strong>&#8211; File personali<\/strong><\/div>\n<div data-canvas-width=\"209.07073693547198\"><strong>Salva i tuoi punti, sequenze o disegni personali in una cartella per cucirli di nuovo quando lo desideri.<\/strong><\/div>\n<div data-canvas-width=\"149.74277478010202\"><strong>&#8211; Portastilo incorporato.<\/strong><\/div>\n<div data-canvas-width=\"63.5443713504324\"><strong>Tiene lo stilo a portata di mano aggiornabile<\/strong><\/div>\n<\/div>\n<\/div>\n<\/div>\n","protected":false},"excerpt":{"rendered":"<p><strong>RICHIEDI IL NOSTRO COUPON DI SCONTO SPEDIZIONE GRATUITA 5 ANNI DI GARANZIA&#8230;&#8230;..Macchina per cucire elettronica. Ideata per le amanti del quilting ma non solo. Questa macchina mette a disposizione tanti e tali accorgimenti che cucire, inventare, decorare, per te sar\u00e0 un piacere. Dall\u2019infilatura automatica dell\u2019ago al trasporto IDT passando per la leva ginocchio per il sollevamento automatico del piedino, questa macchina \u00e8 pronta e sempre a tua disposizione per tutti i tuoi progetti di lavoro e non.<\/strong><\/p>\n","protected":false},"featured_media":10298,"comment_status":"closed","ping_status":"closed","template":"","meta":[],"product_brand":[],"product_cat":[197],"product_tag":[],"class_list":{"0":"post-6796","1":"product","2":"type-product","3":"status-publish","4":"has-post-thumbnail","6":"product_cat-pfaff-elettroniche-en","7":"pa_trovaprezzi-pubblicato","9":"first","10":"instock","11":"taxable","12":"shipping-taxable","13":"purchasable","14":"product-type-simple"},"yoast_head":"<!-- This site is optimized with the Yoast SEO plugin v27.2 - https:\/\/yoast.com\/product\/yoast-seo-wordpress\/ -->\n<title>Pfaff Performance 5.0 - Cuciroma | Macchine da cucire e accessori per il ricamo<\/title>\n<meta name=\"robots\" content=\"index, follow, max-snippet:-1, max-image-preview:large, max-video-preview:-1\" \/>\n<link rel=\"canonical\" href=\"https:\/\/cuciroma.com\/en\/prodotto\/pfaff-performance-5-0\/\" \/>\n<meta property=\"og:locale\" content=\"en_US\" \/>\n<meta property=\"og:type\" content=\"article\" \/>\n<meta property=\"og:title\" content=\"Pfaff Performance 5.0 - Cuciroma | Macchine da cucire e accessori per il ricamo\" \/>\n<meta property=\"og:description\" content=\"RICHIEDI IL NOSTRO COUPON DI SCONTO SPEDIZIONE GRATUITA 5 ANNI DI GARANZIA........Macchina per cucire elettronica. Ideata per le amanti del quilting ma non solo. Questa macchina mette a disposizione tanti e tali accorgimenti che cucire, inventare, decorare, per te sar\u00e0 un piacere. Dall\u2019infilatura automatica dell\u2019ago al trasporto IDT passando per la leva ginocchio per il sollevamento automatico del piedino, questa macchina \u00e8 pronta e sempre a tua disposizione per tutti i tuoi progetti di lavoro e non.\" \/>\n<meta property=\"og:url\" content=\"https:\/\/cuciroma.com\/en\/prodotto\/pfaff-performance-5-0\/\" \/>\n<meta property=\"og:site_name\" content=\"Cuciroma | Macchine da cucire e accessori per il ricamo\" \/>\n<meta property=\"article:publisher\" content=\"https:\/\/www.facebook.com\/cuciroma\/\" \/>\n<meta property=\"article:modified_time\" content=\"2018-12-11T18:07:19+00:00\" \/>\n<meta property=\"og:image\" content=\"https:\/\/cuciroma.com\/wp-content\/uploads\/2015\/06\/pfaff-5.0.jpg\" \/>\n\t<meta property=\"og:image:width\" content=\"587\" \/>\n\t<meta property=\"og:image:height\" content=\"329\" \/>\n\t<meta property=\"og:image:type\" content=\"image\/jpeg\" \/>\n<meta name=\"twitter:card\" content=\"summary_large_image\" \/>\n<meta name=\"twitter:label1\" content=\"Est. reading time\" \/>\n\t<meta name=\"twitter:data1\" content=\"5 minutes\" \/>\n<script type=\"application\/ld+json\" class=\"yoast-schema-graph\">{\"@context\":\"https:\/\/schema.org\",\"@graph\":[{\"@type\":\"WebPage\",\"@id\":\"https:\/\/cuciroma.com\/en\/prodotto\/pfaff-performance-5-0\/\",\"url\":\"https:\/\/cuciroma.com\/en\/prodotto\/pfaff-performance-5-0\/\",\"name\":\"Pfaff Performance 5.0 - Cuciroma | Macchine da cucire e accessori per il ricamo\",\"isPartOf\":{\"@id\":\"https:\/\/cuciroma.com\/#website\"},\"primaryImageOfPage\":{\"@id\":\"https:\/\/cuciroma.com\/en\/prodotto\/pfaff-performance-5-0\/#primaryimage\"},\"image\":{\"@id\":\"https:\/\/cuciroma.com\/en\/prodotto\/pfaff-performance-5-0\/#primaryimage\"},\"thumbnailUrl\":\"https:\/\/cuciroma.com\/wp-content\/uploads\/2015\/06\/pfaff-5.0.jpg\",\"datePublished\":\"2015-06-30T16:12:28+00:00\",\"dateModified\":\"2018-12-11T18:07:19+00:00\",\"breadcrumb\":{\"@id\":\"https:\/\/cuciroma.com\/en\/prodotto\/pfaff-performance-5-0\/#breadcrumb\"},\"inLanguage\":\"en-US\",\"potentialAction\":[{\"@type\":\"ReadAction\",\"target\":[\"https:\/\/cuciroma.com\/en\/prodotto\/pfaff-performance-5-0\/\"]}]},{\"@type\":\"ImageObject\",\"inLanguage\":\"en-US\",\"@id\":\"https:\/\/cuciroma.com\/en\/prodotto\/pfaff-performance-5-0\/#primaryimage\",\"url\":\"https:\/\/cuciroma.com\/wp-content\/uploads\/2015\/06\/pfaff-5.0.jpg\",\"contentUrl\":\"https:\/\/cuciroma.com\/wp-content\/uploads\/2015\/06\/pfaff-5.0.jpg\",\"width\":587,\"height\":329},{\"@type\":\"BreadcrumbList\",\"@id\":\"https:\/\/cuciroma.com\/en\/prodotto\/pfaff-performance-5-0\/#breadcrumb\",\"itemListElement\":[{\"@type\":\"ListItem\",\"position\":1,\"name\":\"Shop On line\",\"item\":\"https:\/\/cuciroma.com\/shop\/\"},{\"@type\":\"ListItem\",\"position\":2,\"name\":\"Pfaff Performance 5.0\"}]},{\"@type\":\"WebSite\",\"@id\":\"https:\/\/cuciroma.com\/#website\",\"url\":\"https:\/\/cuciroma.com\/\",\"name\":\"Cuciroma | Macchine da cucire e accessori per il ricamo\",\"description\":\"Rivenditore e Assistenza autorizzata Macchine da Cucire Professionali\",\"publisher\":{\"@id\":\"https:\/\/cuciroma.com\/#organization\"},\"potentialAction\":[{\"@type\":\"SearchAction\",\"target\":{\"@type\":\"EntryPoint\",\"urlTemplate\":\"https:\/\/cuciroma.com\/?s={search_term_string}\"},\"query-input\":{\"@type\":\"PropertyValueSpecification\",\"valueRequired\":true,\"valueName\":\"search_term_string\"}}],\"inLanguage\":\"en-US\"},{\"@type\":\"Organization\",\"@id\":\"https:\/\/cuciroma.com\/#organization\",\"name\":\"Cuciroma\",\"url\":\"https:\/\/cuciroma.com\/\",\"logo\":{\"@type\":\"ImageObject\",\"inLanguage\":\"en-US\",\"@id\":\"https:\/\/cuciroma.com\/#\/schema\/logo\/image\/\",\"url\":\"https:\/\/cuciroma.com\/wp-content\/uploads\/2020\/07\/logo-cuciroma.png\",\"contentUrl\":\"https:\/\/cuciroma.com\/wp-content\/uploads\/2020\/07\/logo-cuciroma.png\",\"width\":565,\"height\":159,\"caption\":\"Cuciroma\"},\"image\":{\"@id\":\"https:\/\/cuciroma.com\/#\/schema\/logo\/image\/\"},\"sameAs\":[\"https:\/\/www.facebook.com\/cuciroma\/\",\"https:\/\/www.instagram.com\/cuciroma\/\"]}]}<\/script>\n<!-- \/ Yoast SEO plugin. -->","yoast_head_json":{"title":"Pfaff Performance 5.0 - Cuciroma | Macchine da cucire e accessori per il ricamo","robots":{"index":"index","follow":"follow","max-snippet":"max-snippet:-1","max-image-preview":"max-image-preview:large","max-video-preview":"max-video-preview:-1"},"canonical":"https:\/\/cuciroma.com\/en\/prodotto\/pfaff-performance-5-0\/","og_locale":"en_US","og_type":"article","og_title":"Pfaff Performance 5.0 - Cuciroma | Macchine da cucire e accessori per il ricamo","og_description":"RICHIEDI IL NOSTRO COUPON DI SCONTO SPEDIZIONE GRATUITA 5 ANNI DI GARANZIA........Macchina per cucire elettronica. Ideata per le amanti del quilting ma non solo. Questa macchina mette a disposizione tanti e tali accorgimenti che cucire, inventare, decorare, per te sar\u00e0 un piacere. Dall\u2019infilatura automatica dell\u2019ago al trasporto IDT passando per la leva ginocchio per il sollevamento automatico del piedino, questa macchina \u00e8 pronta e sempre a tua disposizione per tutti i tuoi progetti di lavoro e non.","og_url":"https:\/\/cuciroma.com\/en\/prodotto\/pfaff-performance-5-0\/","og_site_name":"Cuciroma | Macchine da cucire e accessori per il ricamo","article_publisher":"https:\/\/www.facebook.com\/cuciroma\/","article_modified_time":"2018-12-11T18:07:19+00:00","og_image":[{"width":587,"height":329,"url":"https:\/\/cuciroma.com\/wp-content\/uploads\/2015\/06\/pfaff-5.0.jpg","type":"image\/jpeg"}],"twitter_card":"summary_large_image","twitter_misc":{"Est. reading time":"5 minutes"},"schema":{"@context":"https:\/\/schema.org","@graph":[{"@type":"WebPage","@id":"https:\/\/cuciroma.com\/en\/prodotto\/pfaff-performance-5-0\/","url":"https:\/\/cuciroma.com\/en\/prodotto\/pfaff-performance-5-0\/","name":"Pfaff Performance 5.0 - Cuciroma | Macchine da cucire e accessori per il ricamo","isPartOf":{"@id":"https:\/\/cuciroma.com\/#website"},"primaryImageOfPage":{"@id":"https:\/\/cuciroma.com\/en\/prodotto\/pfaff-performance-5-0\/#primaryimage"},"image":{"@id":"https:\/\/cuciroma.com\/en\/prodotto\/pfaff-performance-5-0\/#primaryimage"},"thumbnailUrl":"https:\/\/cuciroma.com\/wp-content\/uploads\/2015\/06\/pfaff-5.0.jpg","datePublished":"2015-06-30T16:12:28+00:00","dateModified":"2018-12-11T18:07:19+00:00","breadcrumb":{"@id":"https:\/\/cuciroma.com\/en\/prodotto\/pfaff-performance-5-0\/#breadcrumb"},"inLanguage":"en-US","potentialAction":[{"@type":"ReadAction","target":["https:\/\/cuciroma.com\/en\/prodotto\/pfaff-performance-5-0\/"]}]},{"@type":"ImageObject","inLanguage":"en-US","@id":"https:\/\/cuciroma.com\/en\/prodotto\/pfaff-performance-5-0\/#primaryimage","url":"https:\/\/cuciroma.com\/wp-content\/uploads\/2015\/06\/pfaff-5.0.jpg","contentUrl":"https:\/\/cuciroma.com\/wp-content\/uploads\/2015\/06\/pfaff-5.0.jpg","width":587,"height":329},{"@type":"BreadcrumbList","@id":"https:\/\/cuciroma.com\/en\/prodotto\/pfaff-performance-5-0\/#breadcrumb","itemListElement":[{"@type":"ListItem","position":1,"name":"Shop On line","item":"https:\/\/cuciroma.com\/shop\/"},{"@type":"ListItem","position":2,"name":"Pfaff Performance 5.0"}]},{"@type":"WebSite","@id":"https:\/\/cuciroma.com\/#website","url":"https:\/\/cuciroma.com\/","name":"Cuciroma | Macchine da cucire e accessori per il ricamo","description":"Rivenditore e Assistenza autorizzata Macchine da Cucire Professionali","publisher":{"@id":"https:\/\/cuciroma.com\/#organization"},"potentialAction":[{"@type":"SearchAction","target":{"@type":"EntryPoint","urlTemplate":"https:\/\/cuciroma.com\/?s={search_term_string}"},"query-input":{"@type":"PropertyValueSpecification","valueRequired":true,"valueName":"search_term_string"}}],"inLanguage":"en-US"},{"@type":"Organization","@id":"https:\/\/cuciroma.com\/#organization","name":"Cuciroma","url":"https:\/\/cuciroma.com\/","logo":{"@type":"ImageObject","inLanguage":"en-US","@id":"https:\/\/cuciroma.com\/#\/schema\/logo\/image\/","url":"https:\/\/cuciroma.com\/wp-content\/uploads\/2020\/07\/logo-cuciroma.png","contentUrl":"https:\/\/cuciroma.com\/wp-content\/uploads\/2020\/07\/logo-cuciroma.png","width":565,"height":159,"caption":"Cuciroma"},"image":{"@id":"https:\/\/cuciroma.com\/#\/schema\/logo\/image\/"},"sameAs":["https:\/\/www.facebook.com\/cuciroma\/","https:\/\/www.instagram.com\/cuciroma\/"]}]}},"df_price":1350,"df_sale_price":"","df_regular_price":1350,"df_image_link":"https:\/\/cuciroma.com\/wp-content\/uploads\/2015\/06\/pfaff-5.0-300x168.jpg","_links":{"self":[{"href":"https:\/\/cuciroma.com\/en\/wp-json\/wp\/v2\/product\/6796","targetHints":{"allow":["GET"]}}],"collection":[{"href":"https:\/\/cuciroma.com\/en\/wp-json\/wp\/v2\/product"}],"about":[{"href":"https:\/\/cuciroma.com\/en\/wp-json\/wp\/v2\/types\/product"}],"replies":[{"embeddable":true,"href":"https:\/\/cuciroma.com\/en\/wp-json\/wp\/v2\/comments?post=6796"}],"wp:featuredmedia":[{"embeddable":true,"href":"https:\/\/cuciroma.com\/en\/wp-json\/wp\/v2\/media\/10298"}],"wp:attachment":[{"href":"https:\/\/cuciroma.com\/en\/wp-json\/wp\/v2\/media?parent=6796"}],"wp:term":[{"taxonomy":"product_brand","embeddable":true,"href":"https:\/\/cuciroma.com\/en\/wp-json\/wp\/v2\/product_brand?post=6796"},{"taxonomy":"product_cat","embeddable":true,"href":"https:\/\/cuciroma.com\/en\/wp-json\/wp\/v2\/product_cat?post=6796"},{"taxonomy":"product_tag","embeddable":true,"href":"https:\/\/cuciroma.com\/en\/wp-json\/wp\/v2\/product_tag?post=6796"}],"curies":[{"name":"wp","href":"https:\/\/api.w.org\/{rel}","templated":true}]}}