{"id":6785,"date":"2015-07-01T11:04:27","date_gmt":"2015-07-01T09:04:27","guid":{"rendered":"https:\/\/cuciroma.com\/prodotto\/pfaff-expression-4-2-2\/"},"modified":"2022-02-28T19:06:32","modified_gmt":"2022-02-28T18:06:32","slug":"pfaff-expression-4-2","status":"publish","type":"product","link":"https:\/\/cuciroma.com\/en\/prodotto\/pfaff-expression-4-2\/","title":{"rendered":"Pfaff Quilt Expression 4.2"},"content":{"rendered":"<p><a href=\"https:\/\/cuciroma.com\/wp-content\/uploads\/2017\/09\/telefono-rosso1.jpg\"><img loading=\"lazy\" decoding=\"async\" class=\" size-full wp-image-13539 aligncenter\" src=\"https:\/\/cuciroma.com\/wp-content\/uploads\/2017\/09\/telefono-rosso1.jpg\" alt=\"telefono rosso\" width=\"131\" height=\"138\" \/><\/a><br \/>\n<strong><span id=\"result_box\" class=\"\" lang=\"it\" style=\"color: #800000;\" tabindex=\"-1\">\u00a0<\/span>Macchina per cucire elettronica. Tutto ci\u00f2 che potevi desiderare per i tuoi lavori creativi, 254 sono i punti a tua disposizione che raggiungono l\u2019ampiezza di 9mm. Particolare attenzione \u00e8 stata accordata, in questa macchina, alle amanti del quilting, l&#8217;area di lavoro a destra dell&#8217;ago infatti \u00e8 sovradimensionata e permette la cucitura di grandi quantit\u00e0 di tessuto e imbottiture, il trascinamento perfetto del tessuto sia superiore che inferiore grazie al Doppio Trasporto Integrato IDT, l&#8217;Originale, solo di Pfaff, da oltre 45 anni! E poi ancora, il sollevamento extra del piedino, l\u2019illuminazione dell&#8217;intera area di lavoro senza ombre, \u00e8 inoltre in dotazione un tavolo prolunga per lavorare il pi\u00f9 comodamente possibile e poi ben 47 sono i diversi punti specifici per il quilt, con splendidi font effetto a mano. Lo schermo sul frontalino della macchina mostra il punto in scala reale e tutte le informazioni pi\u00f9 importanti per una esecuzione perfetta e professionale. Il Tapering \u00e8 utilizzabile su tutti i punti decorativi da 9 mm cos\u00ec puoi Aumentare o ridurre gradualmente la larghezza all&#8217;inizio e\/o alla fine di qualsiasi punto. Gli angoli possono essere modificati, per offrirti ancora pi\u00f9 opportunit\u00e0 creative.<\/strong><br \/>\n<strong> Di grande aiuto il sollevamento del piedino con la leva a ginocchio elettronica che consente di controllare il lavoro con entrambe e mani o il pulsante Avvio\/Arresto per una cucitura senza pedale. Innumerevoli ulteriori sono le prestazioni che questa macchina ti offre per rendere piacevole e professionale il tuo lavoro come la specchiatura dell\u2019immagine o la possibilit\u00e0 di salvare in memoria diversi punti, lettere comprese, puoi programmare arresti le fermature e il taglio del filo in una unica sequenza. Irrinunciabile poi l\u2019infila ago automatico e la piastrina di cucitura dotata di contrassegni per una guida perfetta. La macchina viene consegnata con una bella dotazione di accessori e piedini che ti permette di lavorare immediatamente. Cosa puoi desiderare di pi\u00f9!<\/strong><\/p>\n<p><strong><span style=\"color: #800000;\">Caratteristiche Tecniche:<\/span><\/strong><\/p>\n<div data-canvas-width=\"37.4613053440757\"><strong>&#8211; Pfaff Original IDT System<\/strong><\/div>\n<div data-canvas-width=\"332.8808633306231\"><strong>Il trasporto del tessuto \u00e8 assolutamente uniforme dall&#8217;alto e dal basso.<\/strong><\/div>\n<div data-canvas-width=\"114.455613866509\"><strong>&#8211; Ampio spazio di cucito<\/strong><\/div>\n<div data-canvas-width=\"440.71387390050995\"><strong>L&#8217;area di lavoro a destra dell&#8217;ago \u00e8 sovradimensionata, adatta per grandi progetti di cucito.<\/strong><\/div>\n<div data-canvas-width=\"116.93709808559389\"><strong>&#8211; 254 splendidi punti incluso punti utili, asole, punti decorativi larghezza 9 mm, punti croce, punti per orli e per quilt.<\/strong><\/div>\n<div data-canvas-width=\"66.30571365215464\"><strong>&#8211; Taglio del filo<\/strong><\/div>\n<div data-canvas-width=\"149.08256338236382\"><strong>Taglia automaticamente il filo di ago e bobina. Il taglio \u00e8 automatico dopo il completamento delle asole, i tagli avvengono in sequenza.<\/strong><\/div>\n<div data-canvas-width=\"40.0680020696282\"><strong>&#8211; Luci LED<\/strong><\/div>\n<div data-canvas-width=\"338.5632345332248\"><strong>Luci brillanti ottimizzate illuminano l&#8217;intera area di lavoro senza ombre.<\/strong><\/div>\n<div data-canvas-width=\"125.75888831399219\"><strong>&#8211; Display grafico illuminato<\/strong><\/div>\n<div data-canvas-width=\"72.8053810333358\"><strong>Lo schermo, chiaro e intuitivo, mostra il punto in scala reale e l&#8217;impostazione consigliata, con tutte le informazioni.<\/strong><\/div>\n<div data-canvas-width=\"117.82496858600047\"><strong>&#8211; Modalit\u00e0 a mano libera<\/strong><\/div>\n<div data-canvas-width=\"278.2221893709808\"><strong>Per realizzare facilmente quilt e bellissimi ricami a mano.<\/strong><\/div>\n<div data-canvas-width=\"168.1137260699239\"><strong>&#8211; Abbassamento esterno delle griffe<\/strong><\/div>\n<div data-canvas-width=\"367.30519624510305\"><strong>Il meccanismo per abbassare le griffe \u00e8 facilmente accessibile, sul lato anteriore della macchina. \u00c8 l&#8217;ideale per impunturare, rammendare o ricamare a mano libera.<\/strong><\/div>\n<div data-canvas-width=\"101.43351319387983\"><strong>&#8211; Alzata extra piedino<\/strong><\/div>\n<div data-canvas-width=\"71.55325596865991\"><strong>Solleva il piedino alla massima altezza in modo da posizionare senza sforzi i tessuti spessi o pi\u00f9 strati di tessuto.<\/strong><\/div>\n<div data-canvas-width=\"123.89208367211177\"><strong>&#8211; Posizionamento dei punti<\/strong><\/div>\n<div data-canvas-width=\"380.99889127060413\"><strong>Con questa funzione \u00e8 possibile modificare la posizione dell&#8217;ago di tutti i punti.<\/strong><\/div>\n<div data-canvas-width=\"124.64335871091733\"><strong>&#8211; Selezione facile dei punti<\/strong><\/div>\n<div data-canvas-width=\"346.3036440239488\"><strong>Con i pulsanti di selezione diretta, scegliere i punti \u00e8 semplice e veloce.<\/strong><\/div>\n<div data-canvas-width=\"107.5461601005248\"><strong>&#8211; Fermatura automatica<\/strong><\/div>\n<div data-canvas-width=\"76.51622440682976\"><strong>Esegue automaticamente la fermatura all&#8217;inizio e\/o alla fine della cucitura per una finitura rapida e facile.<\/strong><\/div>\n<div data-canvas-width=\"56.73264838495085\"><strong>&#8211; Ago su\/gi\u00f9<\/strong><\/div>\n<div data-canvas-width=\"138.12077758888321\"><strong>Con la sola pressione di un pulsante \u00e8 possibile impostare l&#8217;ago perch\u00e9 si arresti su o gi\u00f9 nel tessuto, per ruotarlo, eseguire applicazioni e altro.<\/strong><\/div>\n<div data-canvas-width=\"102.79946780988988\"><strong>&#8211; Regolazione velocit\u00e0<\/strong><\/div>\n<div data-canvas-width=\"271.4493310665977\"><strong>Regola la velocit\u00e0 di cucito per filati o tecniche speciali.<\/strong><\/div>\n<div data-canvas-width=\"116.21997191218864\"><strong>&#8211; Specchiatura immagine<\/strong><\/div>\n<div data-canvas-width=\"286.3496193362407\"><strong>Capovolgi il punto per avere maggiori possibilit\u00e0 creative.<\/strong><\/div>\n<div data-canvas-width=\"101.82053366841599\"><strong>&#8211; Pulsante informazioni<\/strong><\/div>\n<div data-canvas-width=\"45.69118190553626\"><strong>Ti basta sfiorare il pulsante delle informazioni per visualizzare preziosi consigli di cucito sullo schermo illuminato.<\/strong><\/div>\n<div data-canvas-width=\"106.30541799098235\"><strong>&#8211; 37 posizioni dell&#8217;ago<\/strong><\/div>\n<div data-canvas-width=\"486.5962894522877\"><strong>Diverse posizioni dell&#8217;ago per impunture perfette. L&#8217;ideale per realizzare quilt e cucire cerniere lampo.<\/strong><\/div>\n<div data-canvas-width=\"94.11427304309262\"><strong>&#8211; Infila ago integrato<\/strong><\/div>\n<div data-canvas-width=\"271.5176287973982\"><strong>Infilare l&#8217;ago nella cruna \u00e8 sempre un gioco da ragazzi.<\/strong><\/div>\n<div data-canvas-width=\"139.62332766649428\"><strong>&#8211; Grande piastrina di cucitura<\/strong><\/div>\n<div data-canvas-width=\"41.82097716017445\"><strong>Dotata di contrassegni per le cuciture che offrono una guida perfetta a sinistra o a destra dell&#8217;ago.<\/strong><\/div>\n<div data-canvas-width=\"94.62536772858306\"><strong>&#8211; Asola Sensormatic.<\/strong><\/div>\n<div data-canvas-width=\"167.56848251903327\"><strong>L&#8217;esclusivo piedino per asole Sensormatic garantisce asole professionali su qualsiasi tessuto. Entrambe le colonne delle asole vengono cucite nella stessa direzione, per la massima qualit\u00e0 e precisione. Ogni asola viene cucita con la stessa esatta lunghezza, ogni volta.<\/strong><\/div>\n<div data-canvas-width=\"149.48096681203344\"><strong>&#8211; Programmi di punti e memorie<\/strong><\/div>\n<div data-canvas-width=\"177.42612166457246\"><strong>Punti e\/o lettere possono essere combinati e salvati in memoria, per essere poi cuciti ripetutamente in un unico passaggio.<\/strong><\/div>\n<div data-canvas-width=\"191.5182201197428\"><strong>&#8211; Impostazioni personalizzabili dei punti<\/strong><\/div>\n<div data-canvas-width=\"247.2150195875527\"><strong>Tutte le impostazioni dei punti incorporati possono essere modificate in base ai gusti personali e salvate in una memoria punti personale.<\/strong><\/div>\n<div data-canvas-width=\"106.7493532411856\"><strong>&#8211; Comandi programma<\/strong><\/div>\n<div data-canvas-width=\"338.2092246285757\"><strong>Puoi programmare arresti, fermature ed altro in una sequenza di punti.<\/strong><\/div>\n<div data-canvas-width=\"82.25323379407202\"><strong>&#8211; Alfabeti integrati<\/strong><\/div>\n<div data-canvas-width=\"271.9957129130017\"><strong>Aggiungi un tocco personale con un alfabeto integrato.<\/strong><\/div>\n<div data-canvas-width=\"211.46115751348958\"><strong>&#8211; Tapering su tutti i punti decorativi da 9 mm<\/strong><\/div>\n<div data-canvas-width=\"412.22916697464706\"><strong>Aumenta o riduce gradualmente la larghezza all&#8217;inizio e\/o alla fine di qualsiasi punto. Gli angoli possono essere modificati, per offrirti ancora pi\u00f9 opportunit\u00e0 creative.<\/strong><\/div>\n<div data-canvas-width=\"106.54446004878412\"><strong>&#8211; Funzione ago doppio<\/strong><\/div>\n<div data-canvas-width=\"73.84122995047676\"><strong>Regola automaticamente la larghezza del punto per evitare rotture dell&#8217;ago.<\/strong><\/div>\n<div data-canvas-width=\"133.11227733017964\"><strong>&#8211; Sicurezza larghezza punto<\/strong><\/div>\n<div data-canvas-width=\"270.5386946559243\"><strong>Limita la larghezza del punto per centrare l&#8217;ago nel punto dritto eseguito con la placchetta e\/o il piedino per punto diritto, per impedire la rottura dell&#8217;ago.<\/strong><\/div>\n<div data-canvas-width=\"86.81779880257227\"><strong>&#8211; Ripresa dal punto<\/strong><\/div>\n<div data-canvas-width=\"302.0808633306232\"><strong>Ritorna all&#8217;istante all&#8217;inizio del punto o della sequenza di punti.<\/strong><\/div>\n<div data-canvas-width=\"112.47384137778108\"><strong>&#8211; Pulsante Avvio\/Arresto<\/strong><\/div>\n<div data-canvas-width=\"117.30135264986325\"><strong>Cucitura senza pedale.<\/strong><\/div>\n<div data-canvas-width=\"114.92231502697913\"><strong>&#8211; Tensione filo elettronica<\/strong><\/div>\n<div data-canvas-width=\"209.11626875600564\"><strong>Cucire \u00e8 facile: la tensione ottimale viene regolata elettronicamente per diversi punti e tecniche.<\/strong><\/div>\n<div data-canvas-width=\"178.9514376524503\"><strong>&#8211; Sollevamento automatico del piedino<\/strong><\/div>\n<div data-canvas-width=\"394.39435287160916\"><strong>Solleva istantaneamente il piedino quando l&#8217;ago \u00e8 impostato per fermarsi in basso e\/o al termine della cucitura, dopo il taglio<\/strong><\/div>\n<div data-canvas-width=\"38.9297065562865\"><strong>del filo.<\/strong><\/div>\n<div data-canvas-width=\"138.37120260181834\"><strong>&#8211; Leva elettronica a ginocchio<\/strong><\/div>\n<div data-canvas-width=\"220.10082045975318\"><strong>Solleva il pedale con un movimento agevole.<\/strong><\/div>\n<div data-canvas-width=\"142.21864143691332\"><strong>&#8211; Sensore del filo della bobina<\/strong><\/div>\n<div data-canvas-width=\"244.41481262473212\"><strong>Ti avvisa quando il filo della bobina \u00e8 quasi finito<\/strong><\/div>\n<div data-canvas-width=\"244.41481262473212\"><strong>\u00a0<\/strong><\/div>\n<div data-canvas-width=\"244.41481262473212\"><strong><span style=\"color: #800000;\">Accessori in dotazione:<\/span><\/strong><\/div>\n<div data-canvas-width=\"244.41481262473212\">\n<div id=\"stcpDiv\">\n<div class=\"col\">\n<p><strong>0A Piedino standard con sistema\u00a0<em>IDT &#8211;\u00a0<\/em> 1A Piedino per punti decorativi con sistema\u00a0<em>IDT<\/em> &#8211; <\/strong><strong>2A Piedino per punti decorativi &#8211; 3 Piedino per orlo invisibile con sistema\u00a0<em>IDT &#8211; <\/em>4 Piedino per cerniera con sistema\u00a0<em>IDT<\/em>\u00a0 &#8211; 5A Piedino sensore per asole &#8211; 5M Piedino per asole manuali <\/strong><strong>&#8211; 6A Piedino da ricamo\/ ricamo a mano libera <\/strong><strong>&#8211; Sensormatic free-motion foot 6A 1\/4\u201d\u00a0piedino per quilt con sistema\u00a0<em>IDT &#8211; <\/em>Guida &#8211; Feltrini &#8211; Cacciavite &#8211; Taglia asole &#8211; Pennello &#8211; Ferma rocchetto grande &#8211; Ferma rocchetto medio &#8211; Ferma rocchetto piccolo &#8211; Attrezzo multiuso &#8211; <\/strong><strong>Bobine &#8211; Leva alza ginocchio &#8211; Placca ago per cucitura dritta &#8211; Reostato &#8211; Cavo elettrico &#8211; <\/strong><strong>Aghi &#8211; Attrezzo per rimuovere la lampadina<\/strong><\/p>\n<\/div>\n<\/div>\n<\/div>\n","protected":false},"excerpt":{"rendered":"<p><strong>SEI INTERESSATA A QUESTO MODELLO INVIACI LA TUA PROPOSTA ANCHE TELEFONICA TEL 06 43532966 TI SORPRENDEREMO!!!!!!! SPEDIZIONE GRATUITA 5 ANNI DI GARANZIA&#8230;..Macchina per cucire elettronica con 254 punti a tua disposizione compresi di tapering, specchiatura immagine e memoria per creare punti esclusivi. Trasporto integrato IDT, piano lavoro extra large, illuminazione piena, cucitura senza pedale, tagliafilo programmabile. Non solo per le amanti del quilting, ma per tutte quelle persone che si dedicano al cucito con amore ed estro e pretendono la perfezione dal loro strumento di lavoro.<\/strong><\/p>\n","protected":false},"featured_media":10294,"comment_status":"closed","ping_status":"closed","template":"","meta":[],"product_brand":[],"product_cat":[197],"product_tag":[],"class_list":{"0":"post-6785","1":"product","2":"type-product","3":"status-publish","4":"has-post-thumbnail","6":"product_cat-pfaff-elettroniche-en","7":"pa_trovaprezzi-pubblicato","9":"first","10":"outofstock","11":"taxable","12":"shipping-taxable","13":"purchasable","14":"product-type-simple"},"yoast_head":"<!-- This site is optimized with the Yoast SEO plugin v27.2 - https:\/\/yoast.com\/product\/yoast-seo-wordpress\/ -->\n<title>Pfaff Quilt Expression 4.2 - Cuciroma | Macchine da cucire e accessori per il ricamo<\/title>\n<meta name=\"description\" content=\"Pfaff Quilt Expression 4.2, tutto ci\u00f2 che potevi desiderare per i tuoi lavori creativi, ad un prezzo incredibile di \u20ac 1249,00 con consegna gratuita\" \/>\n<meta name=\"robots\" content=\"index, follow, max-snippet:-1, max-image-preview:large, max-video-preview:-1\" \/>\n<link rel=\"canonical\" href=\"https:\/\/cuciroma.com\/prodotto\/pfaff-expression-4-2\/\" \/>\n<meta property=\"og:locale\" content=\"en_US\" \/>\n<meta property=\"og:type\" content=\"article\" \/>\n<meta property=\"og:title\" content=\"Pfaff Quilt Expression 4.2 - Cuciroma | Macchine da cucire e accessori per il ricamo\" \/>\n<meta property=\"og:description\" content=\"Pfaff Quilt Expression 4.2, tutto ci\u00f2 che potevi desiderare per i tuoi lavori creativi, ad un prezzo incredibile di \u20ac 1249,00 con consegna gratuita\" \/>\n<meta property=\"og:url\" content=\"https:\/\/cuciroma.com\/prodotto\/pfaff-expression-4-2\/\" \/>\n<meta property=\"og:site_name\" content=\"Cuciroma | Macchine da cucire e accessori per il ricamo\" \/>\n<meta property=\"article:publisher\" content=\"https:\/\/www.facebook.com\/cuciroma\/\" \/>\n<meta property=\"article:modified_time\" content=\"2022-02-28T18:06:32+00:00\" \/>\n<meta property=\"og:image\" content=\"https:\/\/cuciroma.com\/wp-content\/uploads\/2015\/07\/pfaff-4.24.jpg\" \/>\n\t<meta property=\"og:image:width\" content=\"800\" \/>\n\t<meta property=\"og:image:height\" content=\"600\" \/>\n\t<meta property=\"og:image:type\" content=\"image\/jpeg\" \/>\n<meta name=\"twitter:card\" content=\"summary_large_image\" \/>\n<meta name=\"twitter:label1\" content=\"Est. reading time\" \/>\n\t<meta name=\"twitter:data1\" content=\"5 minutes\" \/>\n<script type=\"application\/ld+json\" class=\"yoast-schema-graph\">{\"@context\":\"https:\/\/schema.org\",\"@graph\":[{\"@type\":\"WebPage\",\"@id\":\"https:\/\/cuciroma.com\/prodotto\/pfaff-expression-4-2\/\",\"url\":\"https:\/\/cuciroma.com\/prodotto\/pfaff-expression-4-2\/\",\"name\":\"Pfaff Quilt Expression 4.2 - Cuciroma | Macchine da cucire e accessori per il ricamo\",\"isPartOf\":{\"@id\":\"https:\/\/cuciroma.com\/#website\"},\"primaryImageOfPage\":{\"@id\":\"https:\/\/cuciroma.com\/prodotto\/pfaff-expression-4-2\/#primaryimage\"},\"image\":{\"@id\":\"https:\/\/cuciroma.com\/prodotto\/pfaff-expression-4-2\/#primaryimage\"},\"thumbnailUrl\":\"https:\/\/cuciroma.com\/wp-content\/uploads\/2015\/07\/pfaff-4.24.jpg\",\"datePublished\":\"2015-07-01T09:04:27+00:00\",\"dateModified\":\"2022-02-28T18:06:32+00:00\",\"description\":\"Pfaff Quilt Expression 4.2, tutto ci\u00f2 che potevi desiderare per i tuoi lavori creativi, ad un prezzo incredibile di \u20ac 1249,00 con consegna gratuita\",\"breadcrumb\":{\"@id\":\"https:\/\/cuciroma.com\/prodotto\/pfaff-expression-4-2\/#breadcrumb\"},\"inLanguage\":\"en-US\",\"potentialAction\":[{\"@type\":\"ReadAction\",\"target\":[\"https:\/\/cuciroma.com\/prodotto\/pfaff-expression-4-2\/\"]}]},{\"@type\":\"ImageObject\",\"inLanguage\":\"en-US\",\"@id\":\"https:\/\/cuciroma.com\/prodotto\/pfaff-expression-4-2\/#primaryimage\",\"url\":\"https:\/\/cuciroma.com\/wp-content\/uploads\/2015\/07\/pfaff-4.24.jpg\",\"contentUrl\":\"https:\/\/cuciroma.com\/wp-content\/uploads\/2015\/07\/pfaff-4.24.jpg\",\"width\":800,\"height\":600},{\"@type\":\"BreadcrumbList\",\"@id\":\"https:\/\/cuciroma.com\/prodotto\/pfaff-expression-4-2\/#breadcrumb\",\"itemListElement\":[{\"@type\":\"ListItem\",\"position\":1,\"name\":\"Shop On line\",\"item\":\"https:\/\/cuciroma.com\/shop\/\"},{\"@type\":\"ListItem\",\"position\":2,\"name\":\"Pfaff Quilt Expression 4.2\"}]},{\"@type\":\"WebSite\",\"@id\":\"https:\/\/cuciroma.com\/#website\",\"url\":\"https:\/\/cuciroma.com\/\",\"name\":\"Cuciroma | Macchine da cucire e accessori per il ricamo\",\"description\":\"Rivenditore e Assistenza autorizzata Macchine da Cucire Professionali\",\"publisher\":{\"@id\":\"https:\/\/cuciroma.com\/#organization\"},\"potentialAction\":[{\"@type\":\"SearchAction\",\"target\":{\"@type\":\"EntryPoint\",\"urlTemplate\":\"https:\/\/cuciroma.com\/?s={search_term_string}\"},\"query-input\":{\"@type\":\"PropertyValueSpecification\",\"valueRequired\":true,\"valueName\":\"search_term_string\"}}],\"inLanguage\":\"en-US\"},{\"@type\":\"Organization\",\"@id\":\"https:\/\/cuciroma.com\/#organization\",\"name\":\"Cuciroma\",\"url\":\"https:\/\/cuciroma.com\/\",\"logo\":{\"@type\":\"ImageObject\",\"inLanguage\":\"en-US\",\"@id\":\"https:\/\/cuciroma.com\/#\/schema\/logo\/image\/\",\"url\":\"https:\/\/cuciroma.com\/wp-content\/uploads\/2020\/07\/logo-cuciroma.png\",\"contentUrl\":\"https:\/\/cuciroma.com\/wp-content\/uploads\/2020\/07\/logo-cuciroma.png\",\"width\":565,\"height\":159,\"caption\":\"Cuciroma\"},\"image\":{\"@id\":\"https:\/\/cuciroma.com\/#\/schema\/logo\/image\/\"},\"sameAs\":[\"https:\/\/www.facebook.com\/cuciroma\/\",\"https:\/\/www.instagram.com\/cuciroma\/\"]}]}<\/script>\n<!-- \/ Yoast SEO plugin. -->","yoast_head_json":{"title":"Pfaff Quilt Expression 4.2 - Cuciroma | Macchine da cucire e accessori per il ricamo","description":"Pfaff Quilt Expression 4.2, tutto ci\u00f2 che potevi desiderare per i tuoi lavori creativi, ad un prezzo incredibile di \u20ac 1249,00 con consegna gratuita","robots":{"index":"index","follow":"follow","max-snippet":"max-snippet:-1","max-image-preview":"max-image-preview:large","max-video-preview":"max-video-preview:-1"},"canonical":"https:\/\/cuciroma.com\/prodotto\/pfaff-expression-4-2\/","og_locale":"en_US","og_type":"article","og_title":"Pfaff Quilt Expression 4.2 - Cuciroma | Macchine da cucire e accessori per il ricamo","og_description":"Pfaff Quilt Expression 4.2, tutto ci\u00f2 che potevi desiderare per i tuoi lavori creativi, ad un prezzo incredibile di \u20ac 1249,00 con consegna gratuita","og_url":"https:\/\/cuciroma.com\/prodotto\/pfaff-expression-4-2\/","og_site_name":"Cuciroma | Macchine da cucire e accessori per il ricamo","article_publisher":"https:\/\/www.facebook.com\/cuciroma\/","article_modified_time":"2022-02-28T18:06:32+00:00","og_image":[{"width":800,"height":600,"url":"https:\/\/cuciroma.com\/wp-content\/uploads\/2015\/07\/pfaff-4.24.jpg","type":"image\/jpeg"}],"twitter_card":"summary_large_image","twitter_misc":{"Est. reading time":"5 minutes"},"schema":{"@context":"https:\/\/schema.org","@graph":[{"@type":"WebPage","@id":"https:\/\/cuciroma.com\/prodotto\/pfaff-expression-4-2\/","url":"https:\/\/cuciroma.com\/prodotto\/pfaff-expression-4-2\/","name":"Pfaff Quilt Expression 4.2 - Cuciroma | Macchine da cucire e accessori per il ricamo","isPartOf":{"@id":"https:\/\/cuciroma.com\/#website"},"primaryImageOfPage":{"@id":"https:\/\/cuciroma.com\/prodotto\/pfaff-expression-4-2\/#primaryimage"},"image":{"@id":"https:\/\/cuciroma.com\/prodotto\/pfaff-expression-4-2\/#primaryimage"},"thumbnailUrl":"https:\/\/cuciroma.com\/wp-content\/uploads\/2015\/07\/pfaff-4.24.jpg","datePublished":"2015-07-01T09:04:27+00:00","dateModified":"2022-02-28T18:06:32+00:00","description":"Pfaff Quilt Expression 4.2, tutto ci\u00f2 che potevi desiderare per i tuoi lavori creativi, ad un prezzo incredibile di \u20ac 1249,00 con consegna gratuita","breadcrumb":{"@id":"https:\/\/cuciroma.com\/prodotto\/pfaff-expression-4-2\/#breadcrumb"},"inLanguage":"en-US","potentialAction":[{"@type":"ReadAction","target":["https:\/\/cuciroma.com\/prodotto\/pfaff-expression-4-2\/"]}]},{"@type":"ImageObject","inLanguage":"en-US","@id":"https:\/\/cuciroma.com\/prodotto\/pfaff-expression-4-2\/#primaryimage","url":"https:\/\/cuciroma.com\/wp-content\/uploads\/2015\/07\/pfaff-4.24.jpg","contentUrl":"https:\/\/cuciroma.com\/wp-content\/uploads\/2015\/07\/pfaff-4.24.jpg","width":800,"height":600},{"@type":"BreadcrumbList","@id":"https:\/\/cuciroma.com\/prodotto\/pfaff-expression-4-2\/#breadcrumb","itemListElement":[{"@type":"ListItem","position":1,"name":"Shop On line","item":"https:\/\/cuciroma.com\/shop\/"},{"@type":"ListItem","position":2,"name":"Pfaff Quilt Expression 4.2"}]},{"@type":"WebSite","@id":"https:\/\/cuciroma.com\/#website","url":"https:\/\/cuciroma.com\/","name":"Cuciroma | Macchine da cucire e accessori per il ricamo","description":"Rivenditore e Assistenza autorizzata Macchine da Cucire Professionali","publisher":{"@id":"https:\/\/cuciroma.com\/#organization"},"potentialAction":[{"@type":"SearchAction","target":{"@type":"EntryPoint","urlTemplate":"https:\/\/cuciroma.com\/?s={search_term_string}"},"query-input":{"@type":"PropertyValueSpecification","valueRequired":true,"valueName":"search_term_string"}}],"inLanguage":"en-US"},{"@type":"Organization","@id":"https:\/\/cuciroma.com\/#organization","name":"Cuciroma","url":"https:\/\/cuciroma.com\/","logo":{"@type":"ImageObject","inLanguage":"en-US","@id":"https:\/\/cuciroma.com\/#\/schema\/logo\/image\/","url":"https:\/\/cuciroma.com\/wp-content\/uploads\/2020\/07\/logo-cuciroma.png","contentUrl":"https:\/\/cuciroma.com\/wp-content\/uploads\/2020\/07\/logo-cuciroma.png","width":565,"height":159,"caption":"Cuciroma"},"image":{"@id":"https:\/\/cuciroma.com\/#\/schema\/logo\/image\/"},"sameAs":["https:\/\/www.facebook.com\/cuciroma\/","https:\/\/www.instagram.com\/cuciroma\/"]}]}},"df_price":1150,"df_sale_price":"","df_regular_price":1150,"df_image_link":"https:\/\/cuciroma.com\/wp-content\/uploads\/2015\/07\/pfaff-4.24-300x225.jpg","_links":{"self":[{"href":"https:\/\/cuciroma.com\/en\/wp-json\/wp\/v2\/product\/6785","targetHints":{"allow":["GET"]}}],"collection":[{"href":"https:\/\/cuciroma.com\/en\/wp-json\/wp\/v2\/product"}],"about":[{"href":"https:\/\/cuciroma.com\/en\/wp-json\/wp\/v2\/types\/product"}],"replies":[{"embeddable":true,"href":"https:\/\/cuciroma.com\/en\/wp-json\/wp\/v2\/comments?post=6785"}],"wp:featuredmedia":[{"embeddable":true,"href":"https:\/\/cuciroma.com\/en\/wp-json\/wp\/v2\/media\/10294"}],"wp:attachment":[{"href":"https:\/\/cuciroma.com\/en\/wp-json\/wp\/v2\/media?parent=6785"}],"wp:term":[{"taxonomy":"product_brand","embeddable":true,"href":"https:\/\/cuciroma.com\/en\/wp-json\/wp\/v2\/product_brand?post=6785"},{"taxonomy":"product_cat","embeddable":true,"href":"https:\/\/cuciroma.com\/en\/wp-json\/wp\/v2\/product_cat?post=6785"},{"taxonomy":"product_tag","embeddable":true,"href":"https:\/\/cuciroma.com\/en\/wp-json\/wp\/v2\/product_tag?post=6785"}],"curies":[{"name":"wp","href":"https:\/\/api.w.org\/{rel}","templated":true}]}}