{"id":6776,"date":"2015-07-01T19:43:30","date_gmt":"2015-07-01T17:43:30","guid":{"rendered":"https:\/\/cuciroma.com\/prodotto\/pfaff-select-4-2-2\/"},"modified":"2026-03-26T18:36:29","modified_gmt":"2026-03-26T17:36:29","slug":"pfaff-select-4-2","status":"publish","type":"product","link":"https:\/\/cuciroma.com\/en\/prodotto\/pfaff-select-4-2\/","title":{"rendered":"Pfaff Select 4.2 + Piedini in Omaggio"},"content":{"rendered":"<p>&nbsp;<\/p>\n<p>Macchina per cucire meccanica, 40 diversi punti compresi i punti decorativi a tua disposizione per affrontare ogni situazione lavorativa dalla seta al jeans elasticizzato ed ottenere risultati perfetti. La selezione rapida e diretta dei punti \u00e8 solo una delle caratteristiche peculiari di questa macchina insieme all&#8217;esclusivo sistema di trasporto IDT che ti permette di cucire pi\u00f9 tessuti sovrapposti trasportando contemporaneamente il tessuto superiore e quello inferiore. Niente pi\u00f9 ricerca affannosa degli occhiali perch\u00e9 grazie all&#8217;infila ago incorporato questa operazione sar\u00e0 veloce e semplicissima e poi con l\u2019aiuto del braccio libero ultra sottile potrete lavorare agevolmente sui capi tubolari come ad esempio i polsini. Questa macchina ha poi un ulteriore particolarit\u00e0, il caricamento della bobina tramite l\u2019ago, veloce e comodissimo. Tanti sono poi gli accessori in dotazione come ad esempio il piedino per il rammendo o il piedino per i punti decorativi. Utilissimo \u00e8 anche il piedino per orlo arrotolato con il quale potrai rifinire in maniera professionale, soprattutto i tessuti pi\u00f9 delicati, mentre per quelli pi\u00f9 pesanti hai l\u2019efficacissimo sollevamento extra del piedino. Insomma devi solo mettere la tua fantasia.<\/p>\n<p><span style=\"color: #800000;\"><strong>Caratteristiche Tecniche:<\/strong><\/span><\/p>\n<p><strong>&#8211; Luci LED<\/strong><\/p>\n<p>Sorgente luminosa a lunga durata che illumina i tuoi progetti con luce viva.<\/p>\n<p><strong>&#8211; Posizione ago regolabile<\/strong><\/p>\n<p>Per posizionare con precisione il punto diritto.<\/p>\n<p><strong>&#8211; Caricamento della bobina<\/strong><\/p>\n<p>Non \u00e8 necessario sfilare la macchina per cucire ma \u00e8 possibile caricare le bobine direttamente dall&#8217;ago. L&#8217;operazione si arresta automaticamente quando la bobina \u00e8 piena.<\/p>\n<p><strong>&#8211; Larghezza del punto<\/strong><\/p>\n<p>Larghezza punto variabile. Ottima per le tecniche decorative come le applicazioni o il tapering.<\/p>\n<p><strong>&#8211; Cucitura lenta<\/strong><\/p>\n<p>Imposta la velocit\u00e0 desiderata per ottenere un maggiore controllo sulla cucitura. Usa il pedale per scegliere piena velocit\u00e0 o mezza velocit\u00e0.<\/p>\n<p><strong>&#8211; Braccio libero extra slanciato<\/strong><\/p>\n<p>L&#8217;ago \u00e8 accanto al bordo del braccio libero per un maggiore controllo durante la cucitura. Il design snello \u00e8 perfetto per la cucitura di polsini, colletti, per orlare i pantaloni e altro.<\/p>\n<p><strong>&#8211; Piedini a innesto<\/strong><\/p>\n<p>Per cambiare il piedino \u00e8 sufficiente rimuoverlo e innestare quello nuovo. Non sono necessarie viti o altri attrezzi. \u00c8 facile lavorare con la macchina per cucire Pfaff Select<\/p>\n<p><strong>&#8211; Piastrina di cucitura a innesto<\/strong><\/p>\n<p>Consente una sostituzione facile e rapida.<\/p>\n<p><strong>&#8211; Due porta-spola<\/strong><\/p>\n<p>Il porta-spola principale si inclina facilmente in modo da far scivolare il filo in posizione. \u00c8 disponibile il porta-spola aggiuntivo per cuciture ad ago doppio.<\/p>\n<p><strong>&#8211; Taglia-filo facile da usare<\/strong><\/p>\n<p>Il taglia filo \u00e8 collocato sul lato della Select per facilitare il taglio dei fili.<\/p>\n<p><strong>&#8211; L&#8217;originale sistema IDT<\/strong><\/p>\n<p>Il Doppio Trasporto Integrato, solo da Pfaff per oltre 40 anni! Il trasporto del tessuto \u00e8 assolutamente uniforme dall&#8217;alto e dal basso.<\/p>\n<p><strong>&#8211; Sistema Easy Select<\/strong><\/p>\n<p>Scegli velocemente un punto con la pressione di un pulsante. Per una maggiore variet\u00e0 \u00e8 anche possibile combinarli.<\/p>\n<p><strong>&#8211; Infila ago integrato<\/strong><\/p>\n<p>Facilita e velocizza l&#8217;infilatura dell&#8217;ago.<\/p>\n<p><strong>&#8211; Potenza di perforazione costante dell\u2019 ago<\/strong><\/p>\n<p>Fornisce il controllo punto per punto e piena potenza di perforazione a qualsiasi velocit\u00e0.<\/p>\n<p><strong>&#8211; Vasta gamma di punti<\/strong><\/p>\n<p>Include 40 punti di utilit\u00e0, per asole, decorativi ed elastici.<\/p>\n<p><strong>&#8211; Box accessori scorrevole con inserto<\/strong><\/p>\n<p>Per tenere tutti gli accessori in ordine.<\/p>\n<p><strong>&#8211; Cucito a mano libera<\/strong><\/p>\n<p>Per tutte le esigenze di impuntura, rammendo o ricamo a mano libera.<\/p>\n<p>\u00c8 sufficiente mettere il piedino in posizione di cucito a mano libera e utilizzare qualsiasi punto.<\/p>\n<p><strong>&#8211; Piedini accessori inclusi<\/strong><\/p>\n<p>8 diversi piedini per tutte le tue esigenze di base.<\/p>\n<p><strong>&#8211; Alzata extra alta del piedino<\/strong><\/p>\n<p>Per gestire con maggiore facilit\u00e0 strati multipli e tessuti spessi o ingombranti.<\/p>\n<p>&nbsp;<\/p>\n<p><span style=\"color: #800000;\"><strong>Accessori in dotazione:<\/strong><\/span><\/p>\n<p>Piedino standard con sistema\u00a0<em>IDT &#8211; <\/em>Piedino punto fantasia con sistema\u00a0<em>IDT &#8211; <\/em>Piedino trasparente &#8211; Piedino orlo invisibile\/Overlock con sistema\u00a0<em>IDT &#8211; <\/em>Piedino con cerniere con sistema\u00a0<em>IDT &#8211; <\/em>Piedino per asole &#8211; Piedino rammendo &#8211; Piedino orlo arrotolato, 3mm con sistema\u00a0<em>IDT- <\/em>Barra per bordi\/guida per quilting &#8211; Feltrino &#8211; Ferma spoline,piccolo\/medio\/largo &#8211; Aghi &#8211; Porta spola ausiliario &#8211; Taglia asole &#8211; Spazzolino &#8211; Bobine<\/p>\n<p><strong><span style=\"color: #800000;\">Omaggio Cuciroma<\/span><br \/>\n<\/strong><\/p>\n<p><strong>Piedino per cordoncino singolo da 6mm cod. 820530096<\/strong><\/p>\n<p><strong>Piedino orlatore 2mm\u00a0 cod. 820220096<\/strong><\/p>\n<p><strong>Piedino per cerniere invisibili cod. 820474096<\/strong><\/p>\n<p><strong>Piedino a rulli per cucire tutti i tessuti difficili come pelle, vilpelle, ecc cod. 820663096<\/strong><\/p>\n<p><strong>Soletta per cucire i passanti e i spessori doppi degli orli<\/strong><\/p>\n<p><strong>Set di aghi di varie misure e tipologie<\/strong><\/p>\n<p><img loading=\"lazy\" decoding=\"async\" class=\"size-medium wp-image-31634 aligncenter\" src=\"https:\/\/cuciroma.com\/wp-content\/uploads\/2015\/06\/20210206_171040_copy_600x800-1-300x225.jpg\" alt=\"\" width=\"300\" height=\"225\" srcset=\"https:\/\/cuciroma.com\/wp-content\/uploads\/2015\/06\/20210206_171040_copy_600x800-1-300x225.jpg 300w, https:\/\/cuciroma.com\/wp-content\/uploads\/2015\/06\/20210206_171040_copy_600x800-1-700x525.jpg 700w, https:\/\/cuciroma.com\/wp-content\/uploads\/2015\/06\/20210206_171040_copy_600x800-1-768x576.jpg 768w, https:\/\/cuciroma.com\/wp-content\/uploads\/2015\/06\/20210206_171040_copy_600x800-1-rotated.jpg 800w\" sizes=\"auto, (max-width: 300px) 100vw, 300px\" \/><\/p>\n","protected":false},"excerpt":{"rendered":"<p>RICHIEDI IL NOSTO INCREDIBILE SCONTO CON SPEDIZIONE GRATUITA 5 ANNI DI GARANZIA&#8230;..Macchina per cucire meccanica. 40 i punti a disposizione compresi quelli decorativi per rinnovare tutto il tuo guardaroba . Il fantastico sistema IDT di cui \u00e8 munita ti permette poi di lavorare su capi molto spessi come quelli affrontati dalle amanti del quilting per esempio e di mantenere il lavoro perfettamente allineato. Infila ago automatico, sollevamento extra del piedino, il braccio libero, sono solo alcuni dei tanti particolari che la Select 4.2 mette a disposizione per te.<\/p>\n","protected":false},"featured_media":31003,"comment_status":"closed","ping_status":"closed","template":"","meta":[],"product_brand":[],"product_cat":[200],"product_tag":[],"class_list":{"0":"post-6776","1":"product","2":"type-product","3":"status-publish","4":"has-post-thumbnail","6":"product_cat-pfaff-meccaniche-en","7":"pa_trovaprezzi-pubblicato-en","9":"first","10":"instock","11":"taxable","12":"shipping-taxable","13":"purchasable","14":"product-type-simple"},"yoast_head":"<!-- This site is optimized with the Yoast SEO plugin v27.2 - https:\/\/yoast.com\/product\/yoast-seo-wordpress\/ -->\n<title>Pfaff Select 4.2 + Piedini in Omaggio - Cuciroma | Macchine da cucire e accessori per il ricamo<\/title>\n<meta name=\"description\" content=\"Macchina per cucire meccanica, 40 diversi punti compresi i punti decorativi, elastici, utili e ricamo a tua disposizione, contattaci per un prezzo riservato\" \/>\n<meta name=\"robots\" content=\"index, follow, max-snippet:-1, max-image-preview:large, max-video-preview:-1\" \/>\n<link rel=\"canonical\" href=\"https:\/\/cuciroma.com\/en\/prodotto\/pfaff-select-4-2\/\" \/>\n<meta property=\"og:locale\" content=\"en_US\" \/>\n<meta property=\"og:type\" content=\"article\" \/>\n<meta property=\"og:title\" content=\"Pfaff Select 4.2 + Piedini in Omaggio - Cuciroma | Macchine da cucire e accessori per il ricamo\" \/>\n<meta property=\"og:description\" content=\"Macchina per cucire meccanica, 40 diversi punti compresi i punti decorativi, elastici, utili e ricamo a tua disposizione, contattaci per un prezzo riservato\" \/>\n<meta property=\"og:url\" content=\"https:\/\/cuciroma.com\/en\/prodotto\/pfaff-select-4-2\/\" \/>\n<meta property=\"og:site_name\" content=\"Cuciroma | Macchine da cucire e accessori per il ricamo\" \/>\n<meta property=\"article:publisher\" content=\"https:\/\/www.facebook.com\/cuciroma\/\" \/>\n<meta property=\"article:modified_time\" content=\"2026-03-26T17:36:29+00:00\" \/>\n<meta property=\"og:image\" content=\"https:\/\/cuciroma.com\/wp-content\/uploads\/2015\/07\/pfaff-select-4.2.jpg\" \/>\n\t<meta property=\"og:image:width\" content=\"450\" \/>\n\t<meta property=\"og:image:height\" content=\"344\" \/>\n\t<meta property=\"og:image:type\" content=\"image\/jpeg\" \/>\n<meta name=\"twitter:card\" content=\"summary_large_image\" \/>\n<meta name=\"twitter:label1\" content=\"Est. reading time\" \/>\n\t<meta name=\"twitter:data1\" content=\"4 minutes\" \/>\n<script type=\"application\/ld+json\" class=\"yoast-schema-graph\">{\"@context\":\"https:\/\/schema.org\",\"@graph\":[{\"@type\":\"WebPage\",\"@id\":\"https:\/\/cuciroma.com\/en\/prodotto\/pfaff-select-4-2\/\",\"url\":\"https:\/\/cuciroma.com\/en\/prodotto\/pfaff-select-4-2\/\",\"name\":\"Pfaff Select 4.2 + Piedini in Omaggio - Cuciroma | Macchine da cucire e accessori per il ricamo\",\"isPartOf\":{\"@id\":\"https:\/\/cuciroma.com\/#website\"},\"primaryImageOfPage\":{\"@id\":\"https:\/\/cuciroma.com\/en\/prodotto\/pfaff-select-4-2\/#primaryimage\"},\"image\":{\"@id\":\"https:\/\/cuciroma.com\/en\/prodotto\/pfaff-select-4-2\/#primaryimage\"},\"thumbnailUrl\":\"https:\/\/cuciroma.com\/wp-content\/uploads\/2015\/07\/pfaff-select-4.2.jpg\",\"datePublished\":\"2015-07-01T17:43:30+00:00\",\"dateModified\":\"2026-03-26T17:36:29+00:00\",\"description\":\"Macchina per cucire meccanica, 40 diversi punti compresi i punti decorativi, elastici, utili e ricamo a tua disposizione, contattaci per un prezzo riservato\",\"breadcrumb\":{\"@id\":\"https:\/\/cuciroma.com\/en\/prodotto\/pfaff-select-4-2\/#breadcrumb\"},\"inLanguage\":\"en-US\",\"potentialAction\":[{\"@type\":\"ReadAction\",\"target\":[\"https:\/\/cuciroma.com\/en\/prodotto\/pfaff-select-4-2\/\"]}]},{\"@type\":\"ImageObject\",\"inLanguage\":\"en-US\",\"@id\":\"https:\/\/cuciroma.com\/en\/prodotto\/pfaff-select-4-2\/#primaryimage\",\"url\":\"https:\/\/cuciroma.com\/wp-content\/uploads\/2015\/07\/pfaff-select-4.2.jpg\",\"contentUrl\":\"https:\/\/cuciroma.com\/wp-content\/uploads\/2015\/07\/pfaff-select-4.2.jpg\",\"width\":450,\"height\":344},{\"@type\":\"BreadcrumbList\",\"@id\":\"https:\/\/cuciroma.com\/en\/prodotto\/pfaff-select-4-2\/#breadcrumb\",\"itemListElement\":[{\"@type\":\"ListItem\",\"position\":1,\"name\":\"Shop On line\",\"item\":\"https:\/\/cuciroma.com\/shop\/\"},{\"@type\":\"ListItem\",\"position\":2,\"name\":\"Pfaff Select 4.2 + Piedini in Omaggio\"}]},{\"@type\":\"WebSite\",\"@id\":\"https:\/\/cuciroma.com\/#website\",\"url\":\"https:\/\/cuciroma.com\/\",\"name\":\"Cuciroma | Macchine da cucire e accessori per il ricamo\",\"description\":\"Rivenditore e Assistenza autorizzata Macchine da Cucire Professionali\",\"publisher\":{\"@id\":\"https:\/\/cuciroma.com\/#organization\"},\"potentialAction\":[{\"@type\":\"SearchAction\",\"target\":{\"@type\":\"EntryPoint\",\"urlTemplate\":\"https:\/\/cuciroma.com\/?s={search_term_string}\"},\"query-input\":{\"@type\":\"PropertyValueSpecification\",\"valueRequired\":true,\"valueName\":\"search_term_string\"}}],\"inLanguage\":\"en-US\"},{\"@type\":\"Organization\",\"@id\":\"https:\/\/cuciroma.com\/#organization\",\"name\":\"Cuciroma\",\"url\":\"https:\/\/cuciroma.com\/\",\"logo\":{\"@type\":\"ImageObject\",\"inLanguage\":\"en-US\",\"@id\":\"https:\/\/cuciroma.com\/#\/schema\/logo\/image\/\",\"url\":\"https:\/\/cuciroma.com\/wp-content\/uploads\/2020\/07\/logo-cuciroma.png\",\"contentUrl\":\"https:\/\/cuciroma.com\/wp-content\/uploads\/2020\/07\/logo-cuciroma.png\",\"width\":565,\"height\":159,\"caption\":\"Cuciroma\"},\"image\":{\"@id\":\"https:\/\/cuciroma.com\/#\/schema\/logo\/image\/\"},\"sameAs\":[\"https:\/\/www.facebook.com\/cuciroma\/\",\"https:\/\/www.instagram.com\/cuciroma\/\"]}]}<\/script>\n<!-- \/ Yoast SEO plugin. -->","yoast_head_json":{"title":"Pfaff Select 4.2 + Piedini in Omaggio - Cuciroma | Macchine da cucire e accessori per il ricamo","description":"Macchina per cucire meccanica, 40 diversi punti compresi i punti decorativi, elastici, utili e ricamo a tua disposizione, contattaci per un prezzo riservato","robots":{"index":"index","follow":"follow","max-snippet":"max-snippet:-1","max-image-preview":"max-image-preview:large","max-video-preview":"max-video-preview:-1"},"canonical":"https:\/\/cuciroma.com\/en\/prodotto\/pfaff-select-4-2\/","og_locale":"en_US","og_type":"article","og_title":"Pfaff Select 4.2 + Piedini in Omaggio - Cuciroma | Macchine da cucire e accessori per il ricamo","og_description":"Macchina per cucire meccanica, 40 diversi punti compresi i punti decorativi, elastici, utili e ricamo a tua disposizione, contattaci per un prezzo riservato","og_url":"https:\/\/cuciroma.com\/en\/prodotto\/pfaff-select-4-2\/","og_site_name":"Cuciroma | Macchine da cucire e accessori per il ricamo","article_publisher":"https:\/\/www.facebook.com\/cuciroma\/","article_modified_time":"2026-03-26T17:36:29+00:00","og_image":[{"width":450,"height":344,"url":"https:\/\/cuciroma.com\/wp-content\/uploads\/2015\/07\/pfaff-select-4.2.jpg","type":"image\/jpeg"}],"twitter_card":"summary_large_image","twitter_misc":{"Est. reading time":"4 minutes"},"schema":{"@context":"https:\/\/schema.org","@graph":[{"@type":"WebPage","@id":"https:\/\/cuciroma.com\/en\/prodotto\/pfaff-select-4-2\/","url":"https:\/\/cuciroma.com\/en\/prodotto\/pfaff-select-4-2\/","name":"Pfaff Select 4.2 + Piedini in Omaggio - Cuciroma | Macchine da cucire e accessori per il ricamo","isPartOf":{"@id":"https:\/\/cuciroma.com\/#website"},"primaryImageOfPage":{"@id":"https:\/\/cuciroma.com\/en\/prodotto\/pfaff-select-4-2\/#primaryimage"},"image":{"@id":"https:\/\/cuciroma.com\/en\/prodotto\/pfaff-select-4-2\/#primaryimage"},"thumbnailUrl":"https:\/\/cuciroma.com\/wp-content\/uploads\/2015\/07\/pfaff-select-4.2.jpg","datePublished":"2015-07-01T17:43:30+00:00","dateModified":"2026-03-26T17:36:29+00:00","description":"Macchina per cucire meccanica, 40 diversi punti compresi i punti decorativi, elastici, utili e ricamo a tua disposizione, contattaci per un prezzo riservato","breadcrumb":{"@id":"https:\/\/cuciroma.com\/en\/prodotto\/pfaff-select-4-2\/#breadcrumb"},"inLanguage":"en-US","potentialAction":[{"@type":"ReadAction","target":["https:\/\/cuciroma.com\/en\/prodotto\/pfaff-select-4-2\/"]}]},{"@type":"ImageObject","inLanguage":"en-US","@id":"https:\/\/cuciroma.com\/en\/prodotto\/pfaff-select-4-2\/#primaryimage","url":"https:\/\/cuciroma.com\/wp-content\/uploads\/2015\/07\/pfaff-select-4.2.jpg","contentUrl":"https:\/\/cuciroma.com\/wp-content\/uploads\/2015\/07\/pfaff-select-4.2.jpg","width":450,"height":344},{"@type":"BreadcrumbList","@id":"https:\/\/cuciroma.com\/en\/prodotto\/pfaff-select-4-2\/#breadcrumb","itemListElement":[{"@type":"ListItem","position":1,"name":"Shop On line","item":"https:\/\/cuciroma.com\/shop\/"},{"@type":"ListItem","position":2,"name":"Pfaff Select 4.2 + Piedini in Omaggio"}]},{"@type":"WebSite","@id":"https:\/\/cuciroma.com\/#website","url":"https:\/\/cuciroma.com\/","name":"Cuciroma | Macchine da cucire e accessori per il ricamo","description":"Rivenditore e Assistenza autorizzata Macchine da Cucire Professionali","publisher":{"@id":"https:\/\/cuciroma.com\/#organization"},"potentialAction":[{"@type":"SearchAction","target":{"@type":"EntryPoint","urlTemplate":"https:\/\/cuciroma.com\/?s={search_term_string}"},"query-input":{"@type":"PropertyValueSpecification","valueRequired":true,"valueName":"search_term_string"}}],"inLanguage":"en-US"},{"@type":"Organization","@id":"https:\/\/cuciroma.com\/#organization","name":"Cuciroma","url":"https:\/\/cuciroma.com\/","logo":{"@type":"ImageObject","inLanguage":"en-US","@id":"https:\/\/cuciroma.com\/#\/schema\/logo\/image\/","url":"https:\/\/cuciroma.com\/wp-content\/uploads\/2020\/07\/logo-cuciroma.png","contentUrl":"https:\/\/cuciroma.com\/wp-content\/uploads\/2020\/07\/logo-cuciroma.png","width":565,"height":159,"caption":"Cuciroma"},"image":{"@id":"https:\/\/cuciroma.com\/#\/schema\/logo\/image\/"},"sameAs":["https:\/\/www.facebook.com\/cuciroma\/","https:\/\/www.instagram.com\/cuciroma\/"]}]}},"df_price":750,"df_sale_price":"","df_regular_price":750,"df_image_link":"https:\/\/cuciroma.com\/wp-content\/uploads\/2015\/07\/pfaff-select-4.2-300x229.jpg","_links":{"self":[{"href":"https:\/\/cuciroma.com\/en\/wp-json\/wp\/v2\/product\/6776","targetHints":{"allow":["GET"]}}],"collection":[{"href":"https:\/\/cuciroma.com\/en\/wp-json\/wp\/v2\/product"}],"about":[{"href":"https:\/\/cuciroma.com\/en\/wp-json\/wp\/v2\/types\/product"}],"replies":[{"embeddable":true,"href":"https:\/\/cuciroma.com\/en\/wp-json\/wp\/v2\/comments?post=6776"}],"wp:featuredmedia":[{"embeddable":true,"href":"https:\/\/cuciroma.com\/en\/wp-json\/wp\/v2\/media\/31003"}],"wp:attachment":[{"href":"https:\/\/cuciroma.com\/en\/wp-json\/wp\/v2\/media?parent=6776"}],"wp:term":[{"taxonomy":"product_brand","embeddable":true,"href":"https:\/\/cuciroma.com\/en\/wp-json\/wp\/v2\/product_brand?post=6776"},{"taxonomy":"product_cat","embeddable":true,"href":"https:\/\/cuciroma.com\/en\/wp-json\/wp\/v2\/product_cat?post=6776"},{"taxonomy":"product_tag","embeddable":true,"href":"https:\/\/cuciroma.com\/en\/wp-json\/wp\/v2\/product_tag?post=6776"}],"curies":[{"name":"wp","href":"https:\/\/api.w.org\/{rel}","templated":true}]}}