{"id":6757,"date":"2015-07-03T12:10:50","date_gmt":"2015-07-03T10:10:50","guid":{"rendered":"https:\/\/cuciroma.com\/prodotto\/pfaff-creative-3-0-2\/"},"modified":"2026-03-26T18:17:30","modified_gmt":"2026-03-26T17:17:30","slug":"pfaff-creative-3-0","status":"publish","type":"product","link":"https:\/\/cuciroma.com\/en\/prodotto\/pfaff-creative-3-0\/","title":{"rendered":"Pfaff Creative 3.0"},"content":{"rendered":"<h3><strong><span style=\"color: #800000;\">Inserisci per Pfaff il Coupon cuci15 riceverai uno sconto del 15%<\/span> <\/strong><\/h3>\n<p>&nbsp;<\/p>\n<p>Macchina per cucire e per ricamare elettronica. L\u2019evoluzione della macchina per cucire \u00e8 oggi anche a tua disposizione. La possibilit\u00e0 di esprimere totalmente ogni tua capacit\u00e0 creativa in fatto di cucito e ricamo con una macchina che segue passo passo il tuo stile e le tue esigenze. Un&#8217;affascinante selezione di oltre 250 punti di alta qualit\u00e0 da 9 mm, 4 font per cucito incorporati, l&#8217;esclusiva funzione Stitch Creator per creare nuovi punti da 9 mm o modificare i punti incorporati, tapering su tutti i punti decorativi da 9 mm all&#8217;inizio e\/o alla fine di qualsiasi punto. Specchiatura punti per creare decorazioni illimitate ed effetti interessanti. Possibilit\u00e0 di aumentare o diminuire la densit\u00e0 del punto senza incidere sulla lunghezza, e poi la funzione patchwork per memorizzare la lunghezza di una cucitura e ripeterla tante e tante volte ancora e ancora tre modalit\u00e0 per quilt a mano libera e la possibilit\u00e0 di memorizzare ogni sequenza che desideri compresa di punti, stop e ripetizioni. E tutto questo solo per la funzione cucito! Monta il telaio e la tua macchina per cucire diventer\u00e0 una grande ricamatrice. 157 fantastici disegni e 2 font di ricamo, ciascuno in tre diverse dimensioni, sono solo quelli registrati nella memoria della macchina che possono essere tranquillamente personalizzati, unendo magari pi\u00f9 disegni e controllandoli direttamente dallo schermo. Questa macchina offre inoltre un grande spazio per il ricamo mettendo a tua disposizione ben due telai: creative\u2122 120 SQUARE (120&#215;120) e creative\u2122 ELITE (260&#215;200) e ti permette una precisione assoluta nel tuo lavoro grazie al posizionamento di base dei tuoi disegni in un punto specifico sul tessuto, grazie all\u2019imbastitura nel telaio del tessuto sullo stabilizzatore e grazie anche al taglio automatico dei punti di ricamo saltati . Eccezionali poi tutte le accortezze messe a punto per voi su questo prodotto, dall\u2019 originale sistema IDT\u2122,il Doppio Trasporto Integrato all\u2019ampio spazio di lavoro a destra dell&#8217;ago, di estrema necessit\u00e0 soprattutto per i tessuti pi\u00f9 ingombranti o per le imbottiture motivo che la fa suggerire alle amanti del quilt e del patch.<\/p>\n<p><span style=\"color: #800000;\"><strong>Caratteristiche Tecniche:<\/strong><\/span><\/p>\n<p>&#8211; Ampio spazio di cucito 250 mm<\/p>\n<p>&#8211; L&#8217;originale sistema IDT<\/p>\n<p>&#8211; 254 di splendidi punti<\/p>\n<p>&#8211; 4 Font di cucito inclusi<\/p>\n<p>&#8211; Esclusiva Stitch Creator<\/p>\n<p>&#8211; Funzione Patchwork<\/p>\n<p>&#8211; Funzione punto singolo<\/p>\n<p>&#8211; Tapering su tutti i punti decorativi da 9 mm<\/p>\n<p>&#8211; Specchiatura immagine<\/p>\n<p>&#8211; Posizionamento dei punti<\/p>\n<p>&#8211; Sollevamento autom. piedino<\/p>\n<p>&#8211; Pressione del piedino regolabile<\/p>\n<p>&#8211; Avvio\/Arresto, per cucire senza usare il pedale<\/p>\n<p>&#8211; Ago su\/gi\u00f9<\/p>\n<p>&#8211; 3 Opzioni a mano libera<\/p>\n<p>&#8211; Alzata extra piedino<\/p>\n<p>&#8211; Programma<\/p>\n<p>&#8211; Comandi programma<\/p>\n<p>&#8211; Asola Sensormatic<\/p>\n<p>&#8211; Programma ago doppio<\/p>\n<p>&#8211; Ripresa dal punto<\/p>\n<p>&#8211; Sicurezza larghezza punto<\/p>\n<p>&#8211; 8 Piedini accessori inclusi<\/p>\n<p>&#8211; Tecnologia ActivStitch<\/p>\n<p>&#8211; Schermo interattivo a colori,angolo visuale di180\u00b0<\/p>\n<p>&#8211; Formato schermo 70x53mm<\/p>\n<p>&#8211; Guida rapida<\/p>\n<p>&#8211; Salva schermo con schermata di avvio<\/p>\n<p>&#8211; Luci Led Personalizzate<\/p>\n<p>&#8211; Stilo e portastilo integrato<\/p>\n<p>&#8211; File personali<\/p>\n<p>&#8211; Taglia filo<\/p>\n<p>&#8211; Sensore del filo di ago e bobina<\/p>\n<p>&#8211; Caricamento della bobina dall&#8217;ago<\/p>\n<p>&#8211; 2 Vani accessori integrati<\/p>\n<p>&#8211; Due porta-spole incorporati<\/p>\n<p>&#8211; Grande piastrina di cucitura<\/p>\n<p>&#8211; Tutte le informazioni sono mostrate a schermo<\/p>\n<p>con icone facili di facile comprensione<\/p>\n<p>&#8211; Menu Personale 3&#215;10<\/p>\n<p>&#8211; Intervallo velocit\u00e0<\/p>\n<p>&#8211; Aggiornabile<\/p>\n<p>&#8211; Connettivit\u00e0 USB<\/p>\n<p>&#8211; Dimensioni unit\u00e0 di ricamo 260&#215;200<\/p>\n<p>&#8211; Multi-selezione disegni selezionare uno\/tutti<\/p>\n<p>&#8211; Scala disegni ricami<\/p>\n<p>&#8211; Rotazione disegni in incrementi di 1<\/p>\n<p>&#8211; Specchiatura disegni<\/p>\n<p>&#8211; Monocromatico<\/p>\n<p>&#8211; Imbastitura (FiX) nel telaio<\/p>\n<p>&#8211; Posizionamento preciso Base<\/p>\n<p>&#8211; Taglio punti saltati in ricamo<\/p>\n<p>&#8211; 157 disegni di ricamo inclusi<\/p>\n<p>&#8211; 2 Font di ricamo inclusi<\/p>\n<p>&#8211; 2 Telai per ricamo inclusi<\/p>\n<p>&#8211; Programma QuickFont<\/p>\n<p>&#8211; Programma per la visualizzazione\/<\/p>\n<p>l\u2019organizzazione dei disegn<\/p>\n<p>&nbsp;<\/p>\n<p><span style=\"color: #800000;\"><strong>Accessori in dotazione:<\/strong><\/span><\/p>\n<p>0A Piedino standard con sistema\u00a0<em>IDT<\/em> &#8211; 1A Piedino per punti decorativi con sistema\u00a0<em>IDT &#8211; <\/em>2A Piedino per punti decorativi &#8211; 3 Piedino per orlo invisibile con sistema\u00a0<em>IDT<\/em> &#8211; 4 Piedino per cerniera con sistema\u00a0<em>IDT &#8211; <\/em>5A Piedino sensore per asole &#8211; 5M Piedino per asole manuali &#8211; 6A Piedino da ricamo\/ ricamo a mano libera &#8211;<em> Creative <\/em>120 Square hoop (120&#215;120) &#8211; <em>Creative<\/em> Elite hoop (260&#215;200) &#8211; Stilo &#8211; Retine per rocchetti (2) &#8211; Guida &#8211; Feltrini (2) &#8211; USB Embroidery stick &#8211; Cacciavite &#8211; Taglia asole &#8211; Pennello &#8211; Ferma rocchetto grande (2) &#8211; Ferma rocchetto medio &#8211; Ferma rocchetto piccolo &#8211; Attrezzo multiuso &#8211; Bobine (10) &#8211; Clips per telaio &#8211; Reostato &#8211; Cavo elettrico &#8211; Aghi &#8211; Panno in microfibra &#8211; Custodia rigida &#8211; C<em>reative<\/em> 3.0 &#8211; Embroidery collection &#8211; Kit iniziale per ricamare<\/p>\n<p><strong>Le nostre macchine al momento dell\u2019acquisto verranno corredate di un kit da ricamo che comprende: Filati da ricamo Madeira, Spole Madeira preavvolte, Aghi da ricamo Schmetz, Flisellina<\/strong><\/p>\n<p>&nbsp;<\/p>\n<p><span style=\"color: #800000;\"><strong><span id=\"result_box\" class=\"\" lang=\"it\" tabindex=\"-1\"><span title=\"Imagine a sewing machine compact enough to whisk away to a sewing class or fit in your book shelf.&lt;br \/&gt;&lt;br \/&gt;&lt;br \/&gt;&lt;br \/&gt;&lt;br \/&gt;&lt;br \/&gt;&lt;br \/&gt;&lt;br \/&gt;&lt;br \/&gt;&lt;br \/&gt; \">\u00a0<\/span><\/span><\/strong><\/span><\/p>\n","protected":false},"excerpt":{"rendered":"<p><strong>RICHIEDI IL NOSTRO COUPON DI SCONTO&#8230;&#8230;.Macchina per cucire elettronica e ricamatrice. Oltre 250 punti nella funzione cucito e ben 157 motivi nella funzione ricamo, tutti personalizzabili! Ti seguir\u00e0 ovunque e ti stupir\u00e0 per la sua bravura e semplicit\u00e0 d\u2019uso! Fantastica e all\u2019altezza di ogni progetto tu abbia in mente di realizzare.<\/strong><\/p>\n","protected":false},"featured_media":10330,"comment_status":"closed","ping_status":"closed","template":"","meta":[],"product_brand":[],"product_cat":[202],"product_tag":[],"class_list":{"0":"post-6757","1":"product","2":"type-product","3":"status-publish","4":"has-post-thumbnail","6":"product_cat-pfaff-ricamatrici-en","7":"pa_trovaprezzi-pubblicato-en","9":"first","10":"instock","11":"taxable","12":"shipping-taxable","13":"purchasable","14":"product-type-simple"},"yoast_head":"<!-- This site is optimized with the Yoast SEO plugin v27.2 - https:\/\/yoast.com\/product\/yoast-seo-wordpress\/ -->\n<title>Pfaff Creative 3.0 - Cuciroma | Macchine da cucire e accessori per il ricamo<\/title>\n<meta name=\"description\" content=\"Macchina per cucire e per ricamare elettronica. L\u2019evoluzione della macchina per cucire \u00e8 oggi anche a tua disposizione. Contattaci per un extra sconto.\" \/>\n<meta name=\"robots\" content=\"index, follow, max-snippet:-1, max-image-preview:large, max-video-preview:-1\" \/>\n<link rel=\"canonical\" href=\"https:\/\/cuciroma.com\/en\/prodotto\/pfaff-creative-3-0\/\" \/>\n<meta property=\"og:locale\" content=\"en_US\" \/>\n<meta property=\"og:type\" content=\"article\" \/>\n<meta property=\"og:title\" content=\"Pfaff Creative 3.0 - Cuciroma | Macchine da cucire e accessori per il ricamo\" \/>\n<meta property=\"og:description\" content=\"Macchina per cucire e per ricamare elettronica. L\u2019evoluzione della macchina per cucire \u00e8 oggi anche a tua disposizione. Contattaci per un extra sconto.\" \/>\n<meta property=\"og:url\" content=\"https:\/\/cuciroma.com\/en\/prodotto\/pfaff-creative-3-0\/\" \/>\n<meta property=\"og:site_name\" content=\"Cuciroma | Macchine da cucire e accessori per il ricamo\" \/>\n<meta property=\"article:publisher\" content=\"https:\/\/www.facebook.com\/cuciroma\/\" \/>\n<meta property=\"article:modified_time\" content=\"2026-03-26T17:17:30+00:00\" \/>\n<meta property=\"og:image\" content=\"https:\/\/cuciroma.com\/wp-content\/uploads\/2015\/07\/pfaff-creative-3.0.jpg\" \/>\n\t<meta property=\"og:image:width\" content=\"400\" \/>\n\t<meta property=\"og:image:height\" content=\"248\" \/>\n\t<meta property=\"og:image:type\" content=\"image\/jpeg\" \/>\n<meta name=\"twitter:card\" content=\"summary_large_image\" \/>\n<meta name=\"twitter:label1\" content=\"Est. reading time\" \/>\n\t<meta name=\"twitter:data1\" content=\"4 minutes\" \/>\n<script type=\"application\/ld+json\" class=\"yoast-schema-graph\">{\"@context\":\"https:\/\/schema.org\",\"@graph\":[{\"@type\":\"WebPage\",\"@id\":\"https:\/\/cuciroma.com\/en\/prodotto\/pfaff-creative-3-0\/\",\"url\":\"https:\/\/cuciroma.com\/en\/prodotto\/pfaff-creative-3-0\/\",\"name\":\"Pfaff Creative 3.0 - Cuciroma | Macchine da cucire e accessori per il ricamo\",\"isPartOf\":{\"@id\":\"https:\/\/cuciroma.com\/#website\"},\"primaryImageOfPage\":{\"@id\":\"https:\/\/cuciroma.com\/en\/prodotto\/pfaff-creative-3-0\/#primaryimage\"},\"image\":{\"@id\":\"https:\/\/cuciroma.com\/en\/prodotto\/pfaff-creative-3-0\/#primaryimage\"},\"thumbnailUrl\":\"https:\/\/cuciroma.com\/wp-content\/uploads\/2015\/07\/pfaff-creative-3.0.jpg\",\"datePublished\":\"2015-07-03T10:10:50+00:00\",\"dateModified\":\"2026-03-26T17:17:30+00:00\",\"description\":\"Macchina per cucire e per ricamare elettronica. L\u2019evoluzione della macchina per cucire \u00e8 oggi anche a tua disposizione. Contattaci per un extra sconto.\",\"breadcrumb\":{\"@id\":\"https:\/\/cuciroma.com\/en\/prodotto\/pfaff-creative-3-0\/#breadcrumb\"},\"inLanguage\":\"en-US\",\"potentialAction\":[{\"@type\":\"ReadAction\",\"target\":[\"https:\/\/cuciroma.com\/en\/prodotto\/pfaff-creative-3-0\/\"]}]},{\"@type\":\"ImageObject\",\"inLanguage\":\"en-US\",\"@id\":\"https:\/\/cuciroma.com\/en\/prodotto\/pfaff-creative-3-0\/#primaryimage\",\"url\":\"https:\/\/cuciroma.com\/wp-content\/uploads\/2015\/07\/pfaff-creative-3.0.jpg\",\"contentUrl\":\"https:\/\/cuciroma.com\/wp-content\/uploads\/2015\/07\/pfaff-creative-3.0.jpg\",\"width\":400,\"height\":248},{\"@type\":\"BreadcrumbList\",\"@id\":\"https:\/\/cuciroma.com\/en\/prodotto\/pfaff-creative-3-0\/#breadcrumb\",\"itemListElement\":[{\"@type\":\"ListItem\",\"position\":1,\"name\":\"Shop On line\",\"item\":\"https:\/\/cuciroma.com\/shop\/\"},{\"@type\":\"ListItem\",\"position\":2,\"name\":\"Pfaff Creative 3.0\"}]},{\"@type\":\"WebSite\",\"@id\":\"https:\/\/cuciroma.com\/#website\",\"url\":\"https:\/\/cuciroma.com\/\",\"name\":\"Cuciroma | Macchine da cucire e accessori per il ricamo\",\"description\":\"Rivenditore e Assistenza autorizzata Macchine da Cucire Professionali\",\"publisher\":{\"@id\":\"https:\/\/cuciroma.com\/#organization\"},\"potentialAction\":[{\"@type\":\"SearchAction\",\"target\":{\"@type\":\"EntryPoint\",\"urlTemplate\":\"https:\/\/cuciroma.com\/?s={search_term_string}\"},\"query-input\":{\"@type\":\"PropertyValueSpecification\",\"valueRequired\":true,\"valueName\":\"search_term_string\"}}],\"inLanguage\":\"en-US\"},{\"@type\":\"Organization\",\"@id\":\"https:\/\/cuciroma.com\/#organization\",\"name\":\"Cuciroma\",\"url\":\"https:\/\/cuciroma.com\/\",\"logo\":{\"@type\":\"ImageObject\",\"inLanguage\":\"en-US\",\"@id\":\"https:\/\/cuciroma.com\/#\/schema\/logo\/image\/\",\"url\":\"https:\/\/cuciroma.com\/wp-content\/uploads\/2020\/07\/logo-cuciroma.png\",\"contentUrl\":\"https:\/\/cuciroma.com\/wp-content\/uploads\/2020\/07\/logo-cuciroma.png\",\"width\":565,\"height\":159,\"caption\":\"Cuciroma\"},\"image\":{\"@id\":\"https:\/\/cuciroma.com\/#\/schema\/logo\/image\/\"},\"sameAs\":[\"https:\/\/www.facebook.com\/cuciroma\/\",\"https:\/\/www.instagram.com\/cuciroma\/\"]}]}<\/script>\n<!-- \/ Yoast SEO plugin. -->","yoast_head_json":{"title":"Pfaff Creative 3.0 - Cuciroma | Macchine da cucire e accessori per il ricamo","description":"Macchina per cucire e per ricamare elettronica. L\u2019evoluzione della macchina per cucire \u00e8 oggi anche a tua disposizione. Contattaci per un extra sconto.","robots":{"index":"index","follow":"follow","max-snippet":"max-snippet:-1","max-image-preview":"max-image-preview:large","max-video-preview":"max-video-preview:-1"},"canonical":"https:\/\/cuciroma.com\/en\/prodotto\/pfaff-creative-3-0\/","og_locale":"en_US","og_type":"article","og_title":"Pfaff Creative 3.0 - Cuciroma | Macchine da cucire e accessori per il ricamo","og_description":"Macchina per cucire e per ricamare elettronica. L\u2019evoluzione della macchina per cucire \u00e8 oggi anche a tua disposizione. Contattaci per un extra sconto.","og_url":"https:\/\/cuciroma.com\/en\/prodotto\/pfaff-creative-3-0\/","og_site_name":"Cuciroma | Macchine da cucire e accessori per il ricamo","article_publisher":"https:\/\/www.facebook.com\/cuciroma\/","article_modified_time":"2026-03-26T17:17:30+00:00","og_image":[{"width":400,"height":248,"url":"https:\/\/cuciroma.com\/wp-content\/uploads\/2015\/07\/pfaff-creative-3.0.jpg","type":"image\/jpeg"}],"twitter_card":"summary_large_image","twitter_misc":{"Est. reading time":"4 minutes"},"schema":{"@context":"https:\/\/schema.org","@graph":[{"@type":"WebPage","@id":"https:\/\/cuciroma.com\/en\/prodotto\/pfaff-creative-3-0\/","url":"https:\/\/cuciroma.com\/en\/prodotto\/pfaff-creative-3-0\/","name":"Pfaff Creative 3.0 - Cuciroma | Macchine da cucire e accessori per il ricamo","isPartOf":{"@id":"https:\/\/cuciroma.com\/#website"},"primaryImageOfPage":{"@id":"https:\/\/cuciroma.com\/en\/prodotto\/pfaff-creative-3-0\/#primaryimage"},"image":{"@id":"https:\/\/cuciroma.com\/en\/prodotto\/pfaff-creative-3-0\/#primaryimage"},"thumbnailUrl":"https:\/\/cuciroma.com\/wp-content\/uploads\/2015\/07\/pfaff-creative-3.0.jpg","datePublished":"2015-07-03T10:10:50+00:00","dateModified":"2026-03-26T17:17:30+00:00","description":"Macchina per cucire e per ricamare elettronica. L\u2019evoluzione della macchina per cucire \u00e8 oggi anche a tua disposizione. Contattaci per un extra sconto.","breadcrumb":{"@id":"https:\/\/cuciroma.com\/en\/prodotto\/pfaff-creative-3-0\/#breadcrumb"},"inLanguage":"en-US","potentialAction":[{"@type":"ReadAction","target":["https:\/\/cuciroma.com\/en\/prodotto\/pfaff-creative-3-0\/"]}]},{"@type":"ImageObject","inLanguage":"en-US","@id":"https:\/\/cuciroma.com\/en\/prodotto\/pfaff-creative-3-0\/#primaryimage","url":"https:\/\/cuciroma.com\/wp-content\/uploads\/2015\/07\/pfaff-creative-3.0.jpg","contentUrl":"https:\/\/cuciroma.com\/wp-content\/uploads\/2015\/07\/pfaff-creative-3.0.jpg","width":400,"height":248},{"@type":"BreadcrumbList","@id":"https:\/\/cuciroma.com\/en\/prodotto\/pfaff-creative-3-0\/#breadcrumb","itemListElement":[{"@type":"ListItem","position":1,"name":"Shop On line","item":"https:\/\/cuciroma.com\/shop\/"},{"@type":"ListItem","position":2,"name":"Pfaff Creative 3.0"}]},{"@type":"WebSite","@id":"https:\/\/cuciroma.com\/#website","url":"https:\/\/cuciroma.com\/","name":"Cuciroma | Macchine da cucire e accessori per il ricamo","description":"Rivenditore e Assistenza autorizzata Macchine da Cucire Professionali","publisher":{"@id":"https:\/\/cuciroma.com\/#organization"},"potentialAction":[{"@type":"SearchAction","target":{"@type":"EntryPoint","urlTemplate":"https:\/\/cuciroma.com\/?s={search_term_string}"},"query-input":{"@type":"PropertyValueSpecification","valueRequired":true,"valueName":"search_term_string"}}],"inLanguage":"en-US"},{"@type":"Organization","@id":"https:\/\/cuciroma.com\/#organization","name":"Cuciroma","url":"https:\/\/cuciroma.com\/","logo":{"@type":"ImageObject","inLanguage":"en-US","@id":"https:\/\/cuciroma.com\/#\/schema\/logo\/image\/","url":"https:\/\/cuciroma.com\/wp-content\/uploads\/2020\/07\/logo-cuciroma.png","contentUrl":"https:\/\/cuciroma.com\/wp-content\/uploads\/2020\/07\/logo-cuciroma.png","width":565,"height":159,"caption":"Cuciroma"},"image":{"@id":"https:\/\/cuciroma.com\/#\/schema\/logo\/image\/"},"sameAs":["https:\/\/www.facebook.com\/cuciroma\/","https:\/\/www.instagram.com\/cuciroma\/"]}]}},"df_price":2050,"df_sale_price":"","df_regular_price":2050,"df_image_link":"https:\/\/cuciroma.com\/wp-content\/uploads\/2015\/07\/pfaff-creative-3.0-300x186.jpg","_links":{"self":[{"href":"https:\/\/cuciroma.com\/en\/wp-json\/wp\/v2\/product\/6757","targetHints":{"allow":["GET"]}}],"collection":[{"href":"https:\/\/cuciroma.com\/en\/wp-json\/wp\/v2\/product"}],"about":[{"href":"https:\/\/cuciroma.com\/en\/wp-json\/wp\/v2\/types\/product"}],"replies":[{"embeddable":true,"href":"https:\/\/cuciroma.com\/en\/wp-json\/wp\/v2\/comments?post=6757"}],"wp:featuredmedia":[{"embeddable":true,"href":"https:\/\/cuciroma.com\/en\/wp-json\/wp\/v2\/media\/10330"}],"wp:attachment":[{"href":"https:\/\/cuciroma.com\/en\/wp-json\/wp\/v2\/media?parent=6757"}],"wp:term":[{"taxonomy":"product_brand","embeddable":true,"href":"https:\/\/cuciroma.com\/en\/wp-json\/wp\/v2\/product_brand?post=6757"},{"taxonomy":"product_cat","embeddable":true,"href":"https:\/\/cuciroma.com\/en\/wp-json\/wp\/v2\/product_cat?post=6757"},{"taxonomy":"product_tag","embeddable":true,"href":"https:\/\/cuciroma.com\/en\/wp-json\/wp\/v2\/product_tag?post=6757"}],"curies":[{"name":"wp","href":"https:\/\/api.w.org\/{rel}","templated":true}]}}