{"id":6738,"date":"2015-07-04T12:59:51","date_gmt":"2015-07-04T10:59:51","guid":{"rendered":"https:\/\/cuciroma.com\/prodotto\/juki-hzl-353z-2\/"},"modified":"2025-05-02T09:05:26","modified_gmt":"2025-05-02T07:05:26","slug":"juki-hzl-353z","status":"publish","type":"product","link":"https:\/\/cuciroma.com\/en\/prodotto\/juki-hzl-353z\/","title":{"rendered":"Juki HZL-353Z + Omaggio Kit 15 piedini e Set di cucito"},"content":{"rendered":"<p>La Juki HZL-353Z \u00e8 una macchina per cucire meccanica con sistema rotativo, completa di 21 punti sia utili che elastici, esegue asole in un solo tempo basta inserire il bottone nell&#8217;apposito piedino che troverete in dotazione, in modo da avere delle asole perfette, l&#8217;infila ago incorporato vi eviter\u00e0 di sforzare la vista, il zig-zag \u00e8 regolabile e la sua larghezza pu\u00f2 arrivare fino a 7mm, mentre la lunghezza del punto fino a 4mm, il trasporto \u00e8 di 7 ranghi di cui 2 anteriori vi aiuteranno nel trasportare qualsiasi tipologia di tessuto, la pressione del piedino pu\u00f2 essere regolabile molto utile sia per i tessuti leggeri che di forte spessore, disinnesto del trasporto utilizzato per chi vuole quiltare, valigia rigida utilissima per preservare la macchina da urti accidentali,luce fredda a LED<\/p>\n<p><span style=\"color: #800000;\">Accessori in dotazione<\/span><\/p>\n<p>Piedino standard<br \/>\nPiedino asolatore<br \/>\n3 aghi<br \/>\n3 Spoline<br \/>\nGiravite piccolo<br \/>\nGiravite grande<br \/>\nTaglia-asole-Spazzolino<br \/>\n2\u00b0 Portarocchetto per cucire con il doppio ago<br \/>\n2 feltrini Fermarocchetto<br \/>\nCustodia rigida<\/p>\n","protected":false},"excerpt":{"rendered":"<p>La Juki HZL-353Z \u00e8 una macchina per cucire meccanica con sistema rotativo, completa di 21 punti sia utili che elastici, esegue asole in un solo tempo basta inserire il bottone nell&#8217;apposito piedino che troverete in dotazione, in modo da avere delle asole perfette, l&#8217;infila ago incorporato vi eviter\u00e0 di sforzare la vista, il zig-zag \u00e8 regolabile e la sua larghezza pu\u00f2 arrivare fino a 7mm, mentre la lunghezza del punto fino a 4mm, il trasporto \u00e8 di 7 ranghi di cui 2 anteriori vi aiuteranno nel trasportare<\/p>\n","protected":false},"featured_media":34653,"comment_status":"closed","ping_status":"closed","template":"","meta":[],"product_brand":[],"product_cat":[201],"product_tag":[],"class_list":{"0":"post-6738","1":"product","2":"type-product","3":"status-publish","4":"has-post-thumbnail","6":"product_cat-juki-meccaniche-en","7":"pa_trovaprezzi-pubblicato-en","9":"first","10":"instock","11":"taxable","12":"shipping-taxable","13":"purchasable","14":"product-type-simple"},"yoast_head":"<!-- This site is optimized with the Yoast SEO plugin v27.2 - https:\/\/yoast.com\/product\/yoast-seo-wordpress\/ -->\n<title>Juki HZL-353Z + Omaggio Kit 15 piedini e Set di cucito - Cuciroma | Macchine da cucire e accessori per il ricamo<\/title>\n<meta name=\"description\" content=\"La Juki HZL-353Z \u00e8 una macchina per cucire meccanica con sistema rotativo, completa di 21 punti sia utili che elastici, esegue asole in un solo tempo\" \/>\n<meta name=\"robots\" content=\"index, follow, max-snippet:-1, max-image-preview:large, max-video-preview:-1\" \/>\n<link rel=\"canonical\" href=\"https:\/\/cuciroma.com\/prodotto\/juki-hzl-353z\/\" \/>\n<meta property=\"og:locale\" content=\"en_US\" \/>\n<meta property=\"og:type\" content=\"article\" \/>\n<meta property=\"og:title\" content=\"Juki HZL-353Z + Omaggio Kit 15 piedini e Set di cucito - Cuciroma | Macchine da cucire e accessori per il ricamo\" \/>\n<meta property=\"og:description\" content=\"La Juki HZL-353Z \u00e8 una macchina per cucire meccanica con sistema rotativo, completa di 21 punti sia utili che elastici, esegue asole in un solo tempo\" \/>\n<meta property=\"og:url\" content=\"https:\/\/cuciroma.com\/prodotto\/juki-hzl-353z\/\" \/>\n<meta property=\"og:site_name\" content=\"Cuciroma | Macchine da cucire e accessori per il ricamo\" \/>\n<meta property=\"article:publisher\" content=\"https:\/\/www.facebook.com\/cuciroma\/\" \/>\n<meta property=\"article:modified_time\" content=\"2025-05-02T07:05:26+00:00\" \/>\n<meta property=\"og:image\" content=\"https:\/\/cuciroma.com\/wp-content\/uploads\/2015\/07\/Juki-HZL-353-b.jpg\" \/>\n\t<meta property=\"og:image:width\" content=\"700\" \/>\n\t<meta property=\"og:image:height\" content=\"573\" \/>\n\t<meta property=\"og:image:type\" content=\"image\/jpeg\" \/>\n<meta name=\"twitter:card\" content=\"summary_large_image\" \/>\n<meta name=\"twitter:label1\" content=\"Est. reading time\" \/>\n\t<meta name=\"twitter:data1\" content=\"1 minute\" \/>\n<script type=\"application\/ld+json\" class=\"yoast-schema-graph\">{\"@context\":\"https:\/\/schema.org\",\"@graph\":[{\"@type\":\"WebPage\",\"@id\":\"https:\/\/cuciroma.com\/prodotto\/juki-hzl-353z\/\",\"url\":\"https:\/\/cuciroma.com\/prodotto\/juki-hzl-353z\/\",\"name\":\"Juki HZL-353Z + Omaggio Kit 15 piedini e Set di cucito - Cuciroma | Macchine da cucire e accessori per il ricamo\",\"isPartOf\":{\"@id\":\"https:\/\/cuciroma.com\/#website\"},\"primaryImageOfPage\":{\"@id\":\"https:\/\/cuciroma.com\/prodotto\/juki-hzl-353z\/#primaryimage\"},\"image\":{\"@id\":\"https:\/\/cuciroma.com\/prodotto\/juki-hzl-353z\/#primaryimage\"},\"thumbnailUrl\":\"https:\/\/cuciroma.com\/wp-content\/uploads\/2015\/07\/Juki-HZL-353-b.jpg\",\"datePublished\":\"2015-07-04T10:59:51+00:00\",\"dateModified\":\"2025-05-02T07:05:26+00:00\",\"description\":\"La Juki HZL-353Z \u00e8 una macchina per cucire meccanica con sistema rotativo, completa di 21 punti sia utili che elastici, esegue asole in un solo tempo\",\"breadcrumb\":{\"@id\":\"https:\/\/cuciroma.com\/prodotto\/juki-hzl-353z\/#breadcrumb\"},\"inLanguage\":\"en-US\",\"potentialAction\":[{\"@type\":\"ReadAction\",\"target\":[\"https:\/\/cuciroma.com\/prodotto\/juki-hzl-353z\/\"]}]},{\"@type\":\"ImageObject\",\"inLanguage\":\"en-US\",\"@id\":\"https:\/\/cuciroma.com\/prodotto\/juki-hzl-353z\/#primaryimage\",\"url\":\"https:\/\/cuciroma.com\/wp-content\/uploads\/2015\/07\/Juki-HZL-353-b.jpg\",\"contentUrl\":\"https:\/\/cuciroma.com\/wp-content\/uploads\/2015\/07\/Juki-HZL-353-b.jpg\",\"width\":700,\"height\":573},{\"@type\":\"BreadcrumbList\",\"@id\":\"https:\/\/cuciroma.com\/prodotto\/juki-hzl-353z\/#breadcrumb\",\"itemListElement\":[{\"@type\":\"ListItem\",\"position\":1,\"name\":\"Shop On line\",\"item\":\"https:\/\/cuciroma.com\/shop\/\"},{\"@type\":\"ListItem\",\"position\":2,\"name\":\"Juki HZL-353Z + Omaggio Kit 15 piedini e Set di cucito\"}]},{\"@type\":\"WebSite\",\"@id\":\"https:\/\/cuciroma.com\/#website\",\"url\":\"https:\/\/cuciroma.com\/\",\"name\":\"Cuciroma | Macchine da cucire e accessori per il ricamo\",\"description\":\"Rivenditore e Assistenza autorizzata Macchine da Cucire Professionali\",\"publisher\":{\"@id\":\"https:\/\/cuciroma.com\/#organization\"},\"potentialAction\":[{\"@type\":\"SearchAction\",\"target\":{\"@type\":\"EntryPoint\",\"urlTemplate\":\"https:\/\/cuciroma.com\/?s={search_term_string}\"},\"query-input\":{\"@type\":\"PropertyValueSpecification\",\"valueRequired\":true,\"valueName\":\"search_term_string\"}}],\"inLanguage\":\"en-US\"},{\"@type\":\"Organization\",\"@id\":\"https:\/\/cuciroma.com\/#organization\",\"name\":\"Cuciroma\",\"url\":\"https:\/\/cuciroma.com\/\",\"logo\":{\"@type\":\"ImageObject\",\"inLanguage\":\"en-US\",\"@id\":\"https:\/\/cuciroma.com\/#\/schema\/logo\/image\/\",\"url\":\"https:\/\/cuciroma.com\/wp-content\/uploads\/2020\/07\/logo-cuciroma.png\",\"contentUrl\":\"https:\/\/cuciroma.com\/wp-content\/uploads\/2020\/07\/logo-cuciroma.png\",\"width\":565,\"height\":159,\"caption\":\"Cuciroma\"},\"image\":{\"@id\":\"https:\/\/cuciroma.com\/#\/schema\/logo\/image\/\"},\"sameAs\":[\"https:\/\/www.facebook.com\/cuciroma\/\",\"https:\/\/www.instagram.com\/cuciroma\/\"]}]}<\/script>\n<!-- \/ Yoast SEO plugin. -->","yoast_head_json":{"title":"Juki HZL-353Z + Omaggio Kit 15 piedini e Set di cucito - Cuciroma | Macchine da cucire e accessori per il ricamo","description":"La Juki HZL-353Z \u00e8 una macchina per cucire meccanica con sistema rotativo, completa di 21 punti sia utili che elastici, esegue asole in un solo tempo","robots":{"index":"index","follow":"follow","max-snippet":"max-snippet:-1","max-image-preview":"max-image-preview:large","max-video-preview":"max-video-preview:-1"},"canonical":"https:\/\/cuciroma.com\/prodotto\/juki-hzl-353z\/","og_locale":"en_US","og_type":"article","og_title":"Juki HZL-353Z + Omaggio Kit 15 piedini e Set di cucito - Cuciroma | Macchine da cucire e accessori per il ricamo","og_description":"La Juki HZL-353Z \u00e8 una macchina per cucire meccanica con sistema rotativo, completa di 21 punti sia utili che elastici, esegue asole in un solo tempo","og_url":"https:\/\/cuciroma.com\/prodotto\/juki-hzl-353z\/","og_site_name":"Cuciroma | Macchine da cucire e accessori per il ricamo","article_publisher":"https:\/\/www.facebook.com\/cuciroma\/","article_modified_time":"2025-05-02T07:05:26+00:00","og_image":[{"width":700,"height":573,"url":"https:\/\/cuciroma.com\/wp-content\/uploads\/2015\/07\/Juki-HZL-353-b.jpg","type":"image\/jpeg"}],"twitter_card":"summary_large_image","twitter_misc":{"Est. reading time":"1 minute"},"schema":{"@context":"https:\/\/schema.org","@graph":[{"@type":"WebPage","@id":"https:\/\/cuciroma.com\/prodotto\/juki-hzl-353z\/","url":"https:\/\/cuciroma.com\/prodotto\/juki-hzl-353z\/","name":"Juki HZL-353Z + Omaggio Kit 15 piedini e Set di cucito - Cuciroma | Macchine da cucire e accessori per il ricamo","isPartOf":{"@id":"https:\/\/cuciroma.com\/#website"},"primaryImageOfPage":{"@id":"https:\/\/cuciroma.com\/prodotto\/juki-hzl-353z\/#primaryimage"},"image":{"@id":"https:\/\/cuciroma.com\/prodotto\/juki-hzl-353z\/#primaryimage"},"thumbnailUrl":"https:\/\/cuciroma.com\/wp-content\/uploads\/2015\/07\/Juki-HZL-353-b.jpg","datePublished":"2015-07-04T10:59:51+00:00","dateModified":"2025-05-02T07:05:26+00:00","description":"La Juki HZL-353Z \u00e8 una macchina per cucire meccanica con sistema rotativo, completa di 21 punti sia utili che elastici, esegue asole in un solo tempo","breadcrumb":{"@id":"https:\/\/cuciroma.com\/prodotto\/juki-hzl-353z\/#breadcrumb"},"inLanguage":"en-US","potentialAction":[{"@type":"ReadAction","target":["https:\/\/cuciroma.com\/prodotto\/juki-hzl-353z\/"]}]},{"@type":"ImageObject","inLanguage":"en-US","@id":"https:\/\/cuciroma.com\/prodotto\/juki-hzl-353z\/#primaryimage","url":"https:\/\/cuciroma.com\/wp-content\/uploads\/2015\/07\/Juki-HZL-353-b.jpg","contentUrl":"https:\/\/cuciroma.com\/wp-content\/uploads\/2015\/07\/Juki-HZL-353-b.jpg","width":700,"height":573},{"@type":"BreadcrumbList","@id":"https:\/\/cuciroma.com\/prodotto\/juki-hzl-353z\/#breadcrumb","itemListElement":[{"@type":"ListItem","position":1,"name":"Shop On line","item":"https:\/\/cuciroma.com\/shop\/"},{"@type":"ListItem","position":2,"name":"Juki HZL-353Z + Omaggio Kit 15 piedini e Set di cucito"}]},{"@type":"WebSite","@id":"https:\/\/cuciroma.com\/#website","url":"https:\/\/cuciroma.com\/","name":"Cuciroma | Macchine da cucire e accessori per il ricamo","description":"Rivenditore e Assistenza autorizzata Macchine da Cucire Professionali","publisher":{"@id":"https:\/\/cuciroma.com\/#organization"},"potentialAction":[{"@type":"SearchAction","target":{"@type":"EntryPoint","urlTemplate":"https:\/\/cuciroma.com\/?s={search_term_string}"},"query-input":{"@type":"PropertyValueSpecification","valueRequired":true,"valueName":"search_term_string"}}],"inLanguage":"en-US"},{"@type":"Organization","@id":"https:\/\/cuciroma.com\/#organization","name":"Cuciroma","url":"https:\/\/cuciroma.com\/","logo":{"@type":"ImageObject","inLanguage":"en-US","@id":"https:\/\/cuciroma.com\/#\/schema\/logo\/image\/","url":"https:\/\/cuciroma.com\/wp-content\/uploads\/2020\/07\/logo-cuciroma.png","contentUrl":"https:\/\/cuciroma.com\/wp-content\/uploads\/2020\/07\/logo-cuciroma.png","width":565,"height":159,"caption":"Cuciroma"},"image":{"@id":"https:\/\/cuciroma.com\/#\/schema\/logo\/image\/"},"sameAs":["https:\/\/www.facebook.com\/cuciroma\/","https:\/\/www.instagram.com\/cuciroma\/"]}]}},"df_price":359,"df_sale_price":"","df_regular_price":359,"df_image_link":"https:\/\/cuciroma.com\/wp-content\/uploads\/2015\/07\/Juki-HZL-353-b-300x246.jpg","_links":{"self":[{"href":"https:\/\/cuciroma.com\/en\/wp-json\/wp\/v2\/product\/6738","targetHints":{"allow":["GET"]}}],"collection":[{"href":"https:\/\/cuciroma.com\/en\/wp-json\/wp\/v2\/product"}],"about":[{"href":"https:\/\/cuciroma.com\/en\/wp-json\/wp\/v2\/types\/product"}],"replies":[{"embeddable":true,"href":"https:\/\/cuciroma.com\/en\/wp-json\/wp\/v2\/comments?post=6738"}],"wp:featuredmedia":[{"embeddable":true,"href":"https:\/\/cuciroma.com\/en\/wp-json\/wp\/v2\/media\/34653"}],"wp:attachment":[{"href":"https:\/\/cuciroma.com\/en\/wp-json\/wp\/v2\/media?parent=6738"}],"wp:term":[{"taxonomy":"product_brand","embeddable":true,"href":"https:\/\/cuciroma.com\/en\/wp-json\/wp\/v2\/product_brand?post=6738"},{"taxonomy":"product_cat","embeddable":true,"href":"https:\/\/cuciroma.com\/en\/wp-json\/wp\/v2\/product_cat?post=6738"},{"taxonomy":"product_tag","embeddable":true,"href":"https:\/\/cuciroma.com\/en\/wp-json\/wp\/v2\/product_tag?post=6738"}],"curies":[{"name":"wp","href":"https:\/\/api.w.org\/{rel}","templated":true}]}}