{"id":6734,"date":"2015-07-04T18:40:09","date_gmt":"2015-07-04T16:40:09","guid":{"rendered":"https:\/\/cuciroma.com\/prodotto\/juki-hzl-355z-2\/"},"modified":"2025-02-19T19:08:34","modified_gmt":"2025-02-19T18:08:34","slug":"juki-hzl-355z","status":"publish","type":"product","link":"https:\/\/cuciroma.com\/en\/prodotto\/juki-hzl-355z\/","title":{"rendered":"Juki HZL-355Z + Omaggio Kit 15 piedini e set di cucito"},"content":{"rendered":"<p>La Juki HZL-355Z \u00e8 una macchina per cucire meccanica con sistema rotativo, scopri la sua semplicit\u00e0 con un unico selettore potrai selezionare i suoi 26 punti,che sono sia punti utili che elastici per pemetterti di cucire al meglio i tessuti sintetici, se vuoi eseguire asole sar\u00e0 un gioco da ragazzi basta impostarla inserire il bottone nell&#8217;apposito piedino che troverai in dotazione ed eseguirai asole perfette in un solo tempo, con l&#8217;infila ago incorporato vedrai che infilare l&#8217;ago non sar\u00e0 pi\u00f9 un problema, il zig-zag pu\u00f2 essere regolato fino a 7mm mentre la lunghezza del punto fino a 4mm, la pressione del piedino in questa macchina pu\u00f2 essere regolata in modo da poter cucire su qualsiasi tipo di tessuto sia leggero che pesante, con la 355Z potrai disinnestare quando vuoi il trasporto cosi potrai realizzare quilting e rammendi a tuo piacimento.<\/p>\n<p><strong><span style=\"color: #800000;\">Specifiche:<\/span><\/strong><\/p>\n<p>&#8211; 26 Punti utili e elastici<\/p>\n<p>&#8211; Asole automatiche in un solo tempo<\/p>\n<p>&#8211; Infila ago automatico<\/p>\n<p>&#8211; Zig-zag regolabile fino a 7mm<\/p>\n<p>&#8211; Larghezza punto fino a 4mm<\/p>\n<p>&#8211; Pressione regolabile del piedino<\/p>\n<p>&#8211; Disinnesto del trasporto<\/p>\n<p>&#8211; Valigia rigida<\/p>\n<p>&#8211; Luce a led<\/p>\n<p><strong><span style=\"color: #800000;\">Accessori in dotazione:<\/span><\/strong><\/p>\n<p>&#8211; Piedino standard<br \/>\n&#8211; Piedino asolatore<br \/>\n&#8211; 3 aghi<br \/>\n&#8211; 3 Spoline<br \/>\n&#8211; Giravite piccolo<br \/>\n&#8211; Giravite grande<br \/>\n&#8211; Taglia-asole-Spazzolino<br \/>\n&#8211; 2\u00b0 Portarocchetto per cucire con il doppio ago<br \/>\n&#8211; 2 feltrini<br \/>\n&#8211; Fermarocchetto<br \/>\n&#8211; Custodia rigida<\/p>\n","protected":false},"excerpt":{"rendered":"<p>La Juki HZL-355Z \u00e8 una macchina per cucire meccanica con sistema rotativo, scopri la sua semplicit\u00e0 con un unico selettore potrai selezionare i suoi 26 punti,che sono sia punti utili che elastici per pemetterti di cucire al meglio i tessuti sintetici, se vuoi eseguire asole sar\u00e0 un gioco da ragazzi basta impostarla inserire il bottone nell&#8217;apposito piedino che troverai in dotazione ed eseguirai asole perfette in un solo tempo<\/p>\n","protected":false},"featured_media":8351,"comment_status":"closed","ping_status":"closed","template":"","meta":[],"product_brand":[],"product_cat":[201],"product_tag":[],"class_list":{"0":"post-6734","1":"product","2":"type-product","3":"status-publish","4":"has-post-thumbnail","6":"product_cat-juki-meccaniche-en","7":"pa_trovaprezzi-pubblicato-en","9":"first","10":"instock","11":"taxable","12":"shipping-taxable","13":"purchasable","14":"product-type-simple"},"yoast_head":"<!-- This site is optimized with the Yoast SEO plugin v27.2 - https:\/\/yoast.com\/product\/yoast-seo-wordpress\/ -->\n<title>Juki HZL-355Z + Omaggio Kit 15 piedini e set di cucito - Cuciroma | Macchine da cucire e accessori per il ricamo<\/title>\n<meta name=\"robots\" content=\"index, follow, max-snippet:-1, max-image-preview:large, max-video-preview:-1\" \/>\n<link rel=\"canonical\" href=\"https:\/\/cuciroma.com\/en\/prodotto\/juki-hzl-355z\/\" \/>\n<meta property=\"og:locale\" content=\"en_US\" \/>\n<meta property=\"og:type\" content=\"article\" \/>\n<meta property=\"og:title\" content=\"Juki HZL-355Z + Omaggio Kit 15 piedini e set di cucito - Cuciroma | Macchine da cucire e accessori per il ricamo\" \/>\n<meta property=\"og:description\" content=\"La Juki HZL-355Z \u00e8 una macchina per cucire meccanica con sistema rotativo, scopri la sua semplicit\u00e0 con un unico selettore potrai selezionare i suoi 26 punti,che sono sia punti utili che elastici per pemetterti di cucire al meglio i tessuti sintetici, se vuoi eseguire asole sar\u00e0 un gioco da ragazzi basta impostarla inserire il bottone nell&#039;apposito piedino che troverai in dotazione ed eseguirai asole perfette in un solo tempo\" \/>\n<meta property=\"og:url\" content=\"https:\/\/cuciroma.com\/en\/prodotto\/juki-hzl-355z\/\" \/>\n<meta property=\"og:site_name\" content=\"Cuciroma | Macchine da cucire e accessori per il ricamo\" \/>\n<meta property=\"article:publisher\" content=\"https:\/\/www.facebook.com\/cuciroma\/\" \/>\n<meta property=\"article:modified_time\" content=\"2025-02-19T18:08:34+00:00\" \/>\n<meta property=\"og:image\" content=\"https:\/\/cuciroma.com\/wp-content\/uploads\/2015\/07\/juki-355az.jpg\" \/>\n\t<meta property=\"og:image:width\" content=\"295\" \/>\n\t<meta property=\"og:image:height\" content=\"350\" \/>\n\t<meta property=\"og:image:type\" content=\"image\/jpeg\" \/>\n<meta name=\"twitter:card\" content=\"summary_large_image\" \/>\n<meta name=\"twitter:label1\" content=\"Est. reading time\" \/>\n\t<meta name=\"twitter:data1\" content=\"1 minute\" \/>\n<script type=\"application\/ld+json\" class=\"yoast-schema-graph\">{\"@context\":\"https:\/\/schema.org\",\"@graph\":[{\"@type\":\"WebPage\",\"@id\":\"https:\/\/cuciroma.com\/en\/prodotto\/juki-hzl-355z\/\",\"url\":\"https:\/\/cuciroma.com\/en\/prodotto\/juki-hzl-355z\/\",\"name\":\"Juki HZL-355Z + Omaggio Kit 15 piedini e set di cucito - Cuciroma | Macchine da cucire e accessori per il ricamo\",\"isPartOf\":{\"@id\":\"https:\/\/cuciroma.com\/#website\"},\"primaryImageOfPage\":{\"@id\":\"https:\/\/cuciroma.com\/en\/prodotto\/juki-hzl-355z\/#primaryimage\"},\"image\":{\"@id\":\"https:\/\/cuciroma.com\/en\/prodotto\/juki-hzl-355z\/#primaryimage\"},\"thumbnailUrl\":\"https:\/\/cuciroma.com\/wp-content\/uploads\/2015\/07\/juki-355az.jpg\",\"datePublished\":\"2015-07-04T16:40:09+00:00\",\"dateModified\":\"2025-02-19T18:08:34+00:00\",\"breadcrumb\":{\"@id\":\"https:\/\/cuciroma.com\/en\/prodotto\/juki-hzl-355z\/#breadcrumb\"},\"inLanguage\":\"en-US\",\"potentialAction\":[{\"@type\":\"ReadAction\",\"target\":[\"https:\/\/cuciroma.com\/en\/prodotto\/juki-hzl-355z\/\"]}]},{\"@type\":\"ImageObject\",\"inLanguage\":\"en-US\",\"@id\":\"https:\/\/cuciroma.com\/en\/prodotto\/juki-hzl-355z\/#primaryimage\",\"url\":\"https:\/\/cuciroma.com\/wp-content\/uploads\/2015\/07\/juki-355az.jpg\",\"contentUrl\":\"https:\/\/cuciroma.com\/wp-content\/uploads\/2015\/07\/juki-355az.jpg\",\"width\":295,\"height\":350},{\"@type\":\"BreadcrumbList\",\"@id\":\"https:\/\/cuciroma.com\/en\/prodotto\/juki-hzl-355z\/#breadcrumb\",\"itemListElement\":[{\"@type\":\"ListItem\",\"position\":1,\"name\":\"Shop On line\",\"item\":\"https:\/\/cuciroma.com\/shop\/\"},{\"@type\":\"ListItem\",\"position\":2,\"name\":\"Juki HZL-355Z + Omaggio Kit 15 piedini e set di cucito\"}]},{\"@type\":\"WebSite\",\"@id\":\"https:\/\/cuciroma.com\/#website\",\"url\":\"https:\/\/cuciroma.com\/\",\"name\":\"Cuciroma | Macchine da cucire e accessori per il ricamo\",\"description\":\"Rivenditore e Assistenza autorizzata Macchine da Cucire Professionali\",\"publisher\":{\"@id\":\"https:\/\/cuciroma.com\/#organization\"},\"potentialAction\":[{\"@type\":\"SearchAction\",\"target\":{\"@type\":\"EntryPoint\",\"urlTemplate\":\"https:\/\/cuciroma.com\/?s={search_term_string}\"},\"query-input\":{\"@type\":\"PropertyValueSpecification\",\"valueRequired\":true,\"valueName\":\"search_term_string\"}}],\"inLanguage\":\"en-US\"},{\"@type\":\"Organization\",\"@id\":\"https:\/\/cuciroma.com\/#organization\",\"name\":\"Cuciroma\",\"url\":\"https:\/\/cuciroma.com\/\",\"logo\":{\"@type\":\"ImageObject\",\"inLanguage\":\"en-US\",\"@id\":\"https:\/\/cuciroma.com\/#\/schema\/logo\/image\/\",\"url\":\"https:\/\/cuciroma.com\/wp-content\/uploads\/2020\/07\/logo-cuciroma.png\",\"contentUrl\":\"https:\/\/cuciroma.com\/wp-content\/uploads\/2020\/07\/logo-cuciroma.png\",\"width\":565,\"height\":159,\"caption\":\"Cuciroma\"},\"image\":{\"@id\":\"https:\/\/cuciroma.com\/#\/schema\/logo\/image\/\"},\"sameAs\":[\"https:\/\/www.facebook.com\/cuciroma\/\",\"https:\/\/www.instagram.com\/cuciroma\/\"]}]}<\/script>\n<!-- \/ Yoast SEO plugin. -->","yoast_head_json":{"title":"Juki HZL-355Z + Omaggio Kit 15 piedini e set di cucito - Cuciroma | Macchine da cucire e accessori per il ricamo","robots":{"index":"index","follow":"follow","max-snippet":"max-snippet:-1","max-image-preview":"max-image-preview:large","max-video-preview":"max-video-preview:-1"},"canonical":"https:\/\/cuciroma.com\/en\/prodotto\/juki-hzl-355z\/","og_locale":"en_US","og_type":"article","og_title":"Juki HZL-355Z + Omaggio Kit 15 piedini e set di cucito - Cuciroma | Macchine da cucire e accessori per il ricamo","og_description":"La Juki HZL-355Z \u00e8 una macchina per cucire meccanica con sistema rotativo, scopri la sua semplicit\u00e0 con un unico selettore potrai selezionare i suoi 26 punti,che sono sia punti utili che elastici per pemetterti di cucire al meglio i tessuti sintetici, se vuoi eseguire asole sar\u00e0 un gioco da ragazzi basta impostarla inserire il bottone nell'apposito piedino che troverai in dotazione ed eseguirai asole perfette in un solo tempo","og_url":"https:\/\/cuciroma.com\/en\/prodotto\/juki-hzl-355z\/","og_site_name":"Cuciroma | Macchine da cucire e accessori per il ricamo","article_publisher":"https:\/\/www.facebook.com\/cuciroma\/","article_modified_time":"2025-02-19T18:08:34+00:00","og_image":[{"width":295,"height":350,"url":"https:\/\/cuciroma.com\/wp-content\/uploads\/2015\/07\/juki-355az.jpg","type":"image\/jpeg"}],"twitter_card":"summary_large_image","twitter_misc":{"Est. reading time":"1 minute"},"schema":{"@context":"https:\/\/schema.org","@graph":[{"@type":"WebPage","@id":"https:\/\/cuciroma.com\/en\/prodotto\/juki-hzl-355z\/","url":"https:\/\/cuciroma.com\/en\/prodotto\/juki-hzl-355z\/","name":"Juki HZL-355Z + Omaggio Kit 15 piedini e set di cucito - Cuciroma | Macchine da cucire e accessori per il ricamo","isPartOf":{"@id":"https:\/\/cuciroma.com\/#website"},"primaryImageOfPage":{"@id":"https:\/\/cuciroma.com\/en\/prodotto\/juki-hzl-355z\/#primaryimage"},"image":{"@id":"https:\/\/cuciroma.com\/en\/prodotto\/juki-hzl-355z\/#primaryimage"},"thumbnailUrl":"https:\/\/cuciroma.com\/wp-content\/uploads\/2015\/07\/juki-355az.jpg","datePublished":"2015-07-04T16:40:09+00:00","dateModified":"2025-02-19T18:08:34+00:00","breadcrumb":{"@id":"https:\/\/cuciroma.com\/en\/prodotto\/juki-hzl-355z\/#breadcrumb"},"inLanguage":"en-US","potentialAction":[{"@type":"ReadAction","target":["https:\/\/cuciroma.com\/en\/prodotto\/juki-hzl-355z\/"]}]},{"@type":"ImageObject","inLanguage":"en-US","@id":"https:\/\/cuciroma.com\/en\/prodotto\/juki-hzl-355z\/#primaryimage","url":"https:\/\/cuciroma.com\/wp-content\/uploads\/2015\/07\/juki-355az.jpg","contentUrl":"https:\/\/cuciroma.com\/wp-content\/uploads\/2015\/07\/juki-355az.jpg","width":295,"height":350},{"@type":"BreadcrumbList","@id":"https:\/\/cuciroma.com\/en\/prodotto\/juki-hzl-355z\/#breadcrumb","itemListElement":[{"@type":"ListItem","position":1,"name":"Shop On line","item":"https:\/\/cuciroma.com\/shop\/"},{"@type":"ListItem","position":2,"name":"Juki HZL-355Z + Omaggio Kit 15 piedini e set di cucito"}]},{"@type":"WebSite","@id":"https:\/\/cuciroma.com\/#website","url":"https:\/\/cuciroma.com\/","name":"Cuciroma | Macchine da cucire e accessori per il ricamo","description":"Rivenditore e Assistenza autorizzata Macchine da Cucire Professionali","publisher":{"@id":"https:\/\/cuciroma.com\/#organization"},"potentialAction":[{"@type":"SearchAction","target":{"@type":"EntryPoint","urlTemplate":"https:\/\/cuciroma.com\/?s={search_term_string}"},"query-input":{"@type":"PropertyValueSpecification","valueRequired":true,"valueName":"search_term_string"}}],"inLanguage":"en-US"},{"@type":"Organization","@id":"https:\/\/cuciroma.com\/#organization","name":"Cuciroma","url":"https:\/\/cuciroma.com\/","logo":{"@type":"ImageObject","inLanguage":"en-US","@id":"https:\/\/cuciroma.com\/#\/schema\/logo\/image\/","url":"https:\/\/cuciroma.com\/wp-content\/uploads\/2020\/07\/logo-cuciroma.png","contentUrl":"https:\/\/cuciroma.com\/wp-content\/uploads\/2020\/07\/logo-cuciroma.png","width":565,"height":159,"caption":"Cuciroma"},"image":{"@id":"https:\/\/cuciroma.com\/#\/schema\/logo\/image\/"},"sameAs":["https:\/\/www.facebook.com\/cuciroma\/","https:\/\/www.instagram.com\/cuciroma\/"]}]}},"df_price":411,"df_sale_price":"","df_regular_price":411,"df_image_link":"https:\/\/cuciroma.com\/wp-content\/uploads\/2015\/07\/juki-355az.jpg","_links":{"self":[{"href":"https:\/\/cuciroma.com\/en\/wp-json\/wp\/v2\/product\/6734","targetHints":{"allow":["GET"]}}],"collection":[{"href":"https:\/\/cuciroma.com\/en\/wp-json\/wp\/v2\/product"}],"about":[{"href":"https:\/\/cuciroma.com\/en\/wp-json\/wp\/v2\/types\/product"}],"replies":[{"embeddable":true,"href":"https:\/\/cuciroma.com\/en\/wp-json\/wp\/v2\/comments?post=6734"}],"wp:featuredmedia":[{"embeddable":true,"href":"https:\/\/cuciroma.com\/en\/wp-json\/wp\/v2\/media\/8351"}],"wp:attachment":[{"href":"https:\/\/cuciroma.com\/en\/wp-json\/wp\/v2\/media?parent=6734"}],"wp:term":[{"taxonomy":"product_brand","embeddable":true,"href":"https:\/\/cuciroma.com\/en\/wp-json\/wp\/v2\/product_brand?post=6734"},{"taxonomy":"product_cat","embeddable":true,"href":"https:\/\/cuciroma.com\/en\/wp-json\/wp\/v2\/product_cat?post=6734"},{"taxonomy":"product_tag","embeddable":true,"href":"https:\/\/cuciroma.com\/en\/wp-json\/wp\/v2\/product_tag?post=6734"}],"curies":[{"name":"wp","href":"https:\/\/api.w.org\/{rel}","templated":true}]}}