{"id":6712,"date":"2015-07-07T18:19:28","date_gmt":"2015-07-07T16:19:28","guid":{"rendered":"https:\/\/cuciroma.com\/prodotto\/juki-hzl-g210-2\/"},"modified":"2019-08-31T12:50:31","modified_gmt":"2019-08-31T10:50:31","slug":"juki-hzl-g210","status":"publish","type":"product","link":"https:\/\/cuciroma.com\/en\/prodotto\/juki-hzl-g210\/","title":{"rendered":"Juki HZL-G210"},"content":{"rendered":"<p><strong><span id=\"result_box\" class=\"\" lang=\"it\" style=\"color: #800000;\" tabindex=\"-1\"><\/span>\u00a0 La Juki HZL-G210 elettronica, a differenza della sorella minore G110 \u00e8 corredata del\u00a0rasafilo automatico, il crochet \u00e8 rotativo,180 sono i punti in dotazione utili,elastici, e decorativi. Potrai personalizzare i tuoi abiti con 1 alfabeto e 1 memoria, le asole sono 8 di varie misure modello e grandezza, si possono eseguire automaticamente grazie al piedino in dotazione, baster\u00e0 inserire il bottone nel suo alloggiamento, e in un attimo realizzerete asole grandi come il bottone che \u00e8 stato appena posizionato. Il display ti permette di selezionare con facilit\u00e0 tutti i punti, la lunghezza e l&#8217;ampiezza del zig zag sono regolabili, basta selezionare un tasto e ruotare un cursore, premendo nuovamente il tasto si potr\u00e0 tornare alla posizione iniziale.<\/strong><\/p>\n<p><strong>Infilatura dell&#8217;ago in pochi passaggi senza sforzare la vista, di grande aiuto il tasto per l\u2019affrancatura automatica che permetter\u00e0 di fermare il punto all\u2019inizio e alla fine della cucitura.<\/strong><\/p>\n<div id=\"tab-product_editor_4144_tab\" class=\"tab-pane active\">\n<p><strong><span style=\"color: #800000;\">Specifiche:<\/span><br \/>\n<\/strong><\/p>\n<p><strong>&#8211; Rasafilo Automatico<\/strong><\/p>\n<p><strong>\u2013 180 punti utili,elastici e decorativi.<\/strong><\/p>\n<p><strong>\u2013 8 asole automatiche in un tempo di varie forme.<\/strong><\/p>\n<p><strong>\u2013 1 Alfabeto<\/strong><\/p>\n<p><strong>\u2013 1 Memoria<\/strong><\/p>\n<p><strong>\u2013 Display Lcd<\/strong><\/p>\n<p><strong>\u2013 Infila ago automatico<\/strong><\/p>\n<p><strong>\u2013 Lunghezza del punto fino a 5mm<\/strong><\/p>\n<p><strong>\u2013 Ampiezza zig-zag fino a 7mm<\/strong><\/p>\n<p><strong>\u2013 37 posizioni dell\u2019ago<\/strong><\/p>\n<p><strong>\u2013 Griffa a 7 ranghi<\/strong><\/p>\n<p><strong>\u2013 Affrancatura automatica all\u2019inizio e alla fine della cucitura.<\/strong><\/p>\n<p><strong>\u2013 Illuminazione a Led<\/strong><\/p>\n<p><strong>\u2013 Disinnesto griffe<\/strong><\/p>\n<p><strong>\u2013 Ampio piano lavoro<\/strong><\/p>\n<p><strong>\u2013 Crochet rotativo<\/strong><\/p>\n<p><strong>\u2013 Braccio libero per cuciture tubolari<\/strong><\/p>\n<p><strong>\u2013 Velocit\u00e0 di cucitura 900\/750 punti al minuto<\/strong><\/p>\n<p><strong><span style=\"color: #800000;\">Accessori in dotazione:<\/span><br \/>\n<\/strong><\/p>\n<p><strong>\u2013 Piedini a corredo<\/strong><\/p>\n<p><strong>\u2013 Bobbine<\/strong><\/p>\n<p><strong>\u2013 Aghi<\/strong><\/p>\n<p><strong>\u2013 Valigia rigida<\/strong><\/p>\n<p><strong>\u2013 Libretto istruzione in Italiano<\/strong><\/p>\n<p><strong>\u2013 Pedale elettrico<\/strong><\/p>\n<\/div>\n","protected":false},"excerpt":{"rendered":"<p><strong> La Juki HZL-G210 elettronica, a differenza della sorella minore G110 \u00e8 corredata del\u00a0rasafilo automatico, il crochet \u00e8 rotativo,180 sono i punti in dotazione utili,elastici, e decorativi. Potrai personalizzare i tuoi abiti con 1 alfabeto e 1 memoria, le asole sono 8 di varie misure modello e grandezza, si possono eseguire automaticamente grazie al piedino in dotazione, baster\u00e0 inserire il bottone nel suo alloggiamento, e in un attimo realizzerete asole grandi come il bottone che \u00e8 stato appena posizionato<\/strong><\/p>\n","protected":false},"featured_media":10459,"comment_status":"closed","ping_status":"closed","template":"","meta":[],"product_brand":[],"product_cat":[199],"product_tag":[],"class_list":{"0":"post-6712","1":"product","2":"type-product","3":"status-publish","4":"has-post-thumbnail","6":"product_cat-juki-elettroniche-en","7":"pa_trovaprezzi-pubblicato","9":"first","10":"instock","11":"taxable","12":"shipping-taxable","13":"purchasable","14":"product-type-simple"},"yoast_head":"<!-- This site is optimized with the Yoast SEO plugin v27.2 - https:\/\/yoast.com\/product\/yoast-seo-wordpress\/ -->\n<title>Juki HZL-G210 - Cuciroma | Macchine da cucire e accessori per il ricamo<\/title>\n<meta name=\"robots\" content=\"index, follow, max-snippet:-1, max-image-preview:large, max-video-preview:-1\" \/>\n<link rel=\"canonical\" href=\"https:\/\/cuciroma.com\/en\/prodotto\/juki-hzl-g210\/\" \/>\n<meta property=\"og:locale\" content=\"en_US\" \/>\n<meta property=\"og:type\" content=\"article\" \/>\n<meta property=\"og:title\" content=\"Juki HZL-G210 - Cuciroma | Macchine da cucire e accessori per il ricamo\" \/>\n<meta property=\"og:description\" content=\"La Juki HZL-G210 elettronica, a differenza della sorella minore G110 \u00e8 corredata del\u00a0rasafilo automatico, il crochet \u00e8 rotativo,180 sono i punti in dotazione utili,elastici, e decorativi. Potrai personalizzare i tuoi abiti con 1 alfabeto e 1 memoria, le asole sono 8 di varie misure modello e grandezza, si possono eseguire automaticamente grazie al piedino in dotazione, baster\u00e0 inserire il bottone nel suo alloggiamento, e in un attimo realizzerete asole grandi come il bottone che \u00e8 stato appena posizionato\" \/>\n<meta property=\"og:url\" content=\"https:\/\/cuciroma.com\/en\/prodotto\/juki-hzl-g210\/\" \/>\n<meta property=\"og:site_name\" content=\"Cuciroma | Macchine da cucire e accessori per il ricamo\" \/>\n<meta property=\"article:publisher\" content=\"https:\/\/www.facebook.com\/cuciroma\/\" \/>\n<meta property=\"article:modified_time\" content=\"2019-08-31T10:50:31+00:00\" \/>\n<meta property=\"og:image\" content=\"https:\/\/cuciroma.com\/wp-content\/uploads\/2015\/07\/juki-g-210.jpg\" \/>\n\t<meta property=\"og:image:width\" content=\"600\" \/>\n\t<meta property=\"og:image:height\" content=\"536\" \/>\n\t<meta property=\"og:image:type\" content=\"image\/jpeg\" \/>\n<meta name=\"twitter:card\" content=\"summary_large_image\" \/>\n<meta name=\"twitter:label1\" content=\"Est. reading time\" \/>\n\t<meta name=\"twitter:data1\" content=\"1 minute\" \/>\n<script type=\"application\/ld+json\" class=\"yoast-schema-graph\">{\"@context\":\"https:\/\/schema.org\",\"@graph\":[{\"@type\":\"WebPage\",\"@id\":\"https:\/\/cuciroma.com\/en\/prodotto\/juki-hzl-g210\/\",\"url\":\"https:\/\/cuciroma.com\/en\/prodotto\/juki-hzl-g210\/\",\"name\":\"Juki HZL-G210 - Cuciroma | Macchine da cucire e accessori per il ricamo\",\"isPartOf\":{\"@id\":\"https:\/\/cuciroma.com\/#website\"},\"primaryImageOfPage\":{\"@id\":\"https:\/\/cuciroma.com\/en\/prodotto\/juki-hzl-g210\/#primaryimage\"},\"image\":{\"@id\":\"https:\/\/cuciroma.com\/en\/prodotto\/juki-hzl-g210\/#primaryimage\"},\"thumbnailUrl\":\"https:\/\/cuciroma.com\/wp-content\/uploads\/2015\/07\/juki-g-210.jpg\",\"datePublished\":\"2015-07-07T16:19:28+00:00\",\"dateModified\":\"2019-08-31T10:50:31+00:00\",\"breadcrumb\":{\"@id\":\"https:\/\/cuciroma.com\/en\/prodotto\/juki-hzl-g210\/#breadcrumb\"},\"inLanguage\":\"en-US\",\"potentialAction\":[{\"@type\":\"ReadAction\",\"target\":[\"https:\/\/cuciroma.com\/en\/prodotto\/juki-hzl-g210\/\"]}]},{\"@type\":\"ImageObject\",\"inLanguage\":\"en-US\",\"@id\":\"https:\/\/cuciroma.com\/en\/prodotto\/juki-hzl-g210\/#primaryimage\",\"url\":\"https:\/\/cuciroma.com\/wp-content\/uploads\/2015\/07\/juki-g-210.jpg\",\"contentUrl\":\"https:\/\/cuciroma.com\/wp-content\/uploads\/2015\/07\/juki-g-210.jpg\",\"width\":600,\"height\":536},{\"@type\":\"BreadcrumbList\",\"@id\":\"https:\/\/cuciroma.com\/en\/prodotto\/juki-hzl-g210\/#breadcrumb\",\"itemListElement\":[{\"@type\":\"ListItem\",\"position\":1,\"name\":\"Shop On line\",\"item\":\"https:\/\/cuciroma.com\/shop\/\"},{\"@type\":\"ListItem\",\"position\":2,\"name\":\"Juki HZL-G210\"}]},{\"@type\":\"WebSite\",\"@id\":\"https:\/\/cuciroma.com\/#website\",\"url\":\"https:\/\/cuciroma.com\/\",\"name\":\"Cuciroma | Macchine da cucire e accessori per il ricamo\",\"description\":\"Rivenditore e Assistenza autorizzata Macchine da Cucire Professionali\",\"publisher\":{\"@id\":\"https:\/\/cuciroma.com\/#organization\"},\"potentialAction\":[{\"@type\":\"SearchAction\",\"target\":{\"@type\":\"EntryPoint\",\"urlTemplate\":\"https:\/\/cuciroma.com\/?s={search_term_string}\"},\"query-input\":{\"@type\":\"PropertyValueSpecification\",\"valueRequired\":true,\"valueName\":\"search_term_string\"}}],\"inLanguage\":\"en-US\"},{\"@type\":\"Organization\",\"@id\":\"https:\/\/cuciroma.com\/#organization\",\"name\":\"Cuciroma\",\"url\":\"https:\/\/cuciroma.com\/\",\"logo\":{\"@type\":\"ImageObject\",\"inLanguage\":\"en-US\",\"@id\":\"https:\/\/cuciroma.com\/#\/schema\/logo\/image\/\",\"url\":\"https:\/\/cuciroma.com\/wp-content\/uploads\/2020\/07\/logo-cuciroma.png\",\"contentUrl\":\"https:\/\/cuciroma.com\/wp-content\/uploads\/2020\/07\/logo-cuciroma.png\",\"width\":565,\"height\":159,\"caption\":\"Cuciroma\"},\"image\":{\"@id\":\"https:\/\/cuciroma.com\/#\/schema\/logo\/image\/\"},\"sameAs\":[\"https:\/\/www.facebook.com\/cuciroma\/\",\"https:\/\/www.instagram.com\/cuciroma\/\"]}]}<\/script>\n<!-- \/ Yoast SEO plugin. -->","yoast_head_json":{"title":"Juki HZL-G210 - Cuciroma | Macchine da cucire e accessori per il ricamo","robots":{"index":"index","follow":"follow","max-snippet":"max-snippet:-1","max-image-preview":"max-image-preview:large","max-video-preview":"max-video-preview:-1"},"canonical":"https:\/\/cuciroma.com\/en\/prodotto\/juki-hzl-g210\/","og_locale":"en_US","og_type":"article","og_title":"Juki HZL-G210 - Cuciroma | Macchine da cucire e accessori per il ricamo","og_description":"La Juki HZL-G210 elettronica, a differenza della sorella minore G110 \u00e8 corredata del\u00a0rasafilo automatico, il crochet \u00e8 rotativo,180 sono i punti in dotazione utili,elastici, e decorativi. Potrai personalizzare i tuoi abiti con 1 alfabeto e 1 memoria, le asole sono 8 di varie misure modello e grandezza, si possono eseguire automaticamente grazie al piedino in dotazione, baster\u00e0 inserire il bottone nel suo alloggiamento, e in un attimo realizzerete asole grandi come il bottone che \u00e8 stato appena posizionato","og_url":"https:\/\/cuciroma.com\/en\/prodotto\/juki-hzl-g210\/","og_site_name":"Cuciroma | Macchine da cucire e accessori per il ricamo","article_publisher":"https:\/\/www.facebook.com\/cuciroma\/","article_modified_time":"2019-08-31T10:50:31+00:00","og_image":[{"width":600,"height":536,"url":"https:\/\/cuciroma.com\/wp-content\/uploads\/2015\/07\/juki-g-210.jpg","type":"image\/jpeg"}],"twitter_card":"summary_large_image","twitter_misc":{"Est. reading time":"1 minute"},"schema":{"@context":"https:\/\/schema.org","@graph":[{"@type":"WebPage","@id":"https:\/\/cuciroma.com\/en\/prodotto\/juki-hzl-g210\/","url":"https:\/\/cuciroma.com\/en\/prodotto\/juki-hzl-g210\/","name":"Juki HZL-G210 - Cuciroma | Macchine da cucire e accessori per il ricamo","isPartOf":{"@id":"https:\/\/cuciroma.com\/#website"},"primaryImageOfPage":{"@id":"https:\/\/cuciroma.com\/en\/prodotto\/juki-hzl-g210\/#primaryimage"},"image":{"@id":"https:\/\/cuciroma.com\/en\/prodotto\/juki-hzl-g210\/#primaryimage"},"thumbnailUrl":"https:\/\/cuciroma.com\/wp-content\/uploads\/2015\/07\/juki-g-210.jpg","datePublished":"2015-07-07T16:19:28+00:00","dateModified":"2019-08-31T10:50:31+00:00","breadcrumb":{"@id":"https:\/\/cuciroma.com\/en\/prodotto\/juki-hzl-g210\/#breadcrumb"},"inLanguage":"en-US","potentialAction":[{"@type":"ReadAction","target":["https:\/\/cuciroma.com\/en\/prodotto\/juki-hzl-g210\/"]}]},{"@type":"ImageObject","inLanguage":"en-US","@id":"https:\/\/cuciroma.com\/en\/prodotto\/juki-hzl-g210\/#primaryimage","url":"https:\/\/cuciroma.com\/wp-content\/uploads\/2015\/07\/juki-g-210.jpg","contentUrl":"https:\/\/cuciroma.com\/wp-content\/uploads\/2015\/07\/juki-g-210.jpg","width":600,"height":536},{"@type":"BreadcrumbList","@id":"https:\/\/cuciroma.com\/en\/prodotto\/juki-hzl-g210\/#breadcrumb","itemListElement":[{"@type":"ListItem","position":1,"name":"Shop On line","item":"https:\/\/cuciroma.com\/shop\/"},{"@type":"ListItem","position":2,"name":"Juki HZL-G210"}]},{"@type":"WebSite","@id":"https:\/\/cuciroma.com\/#website","url":"https:\/\/cuciroma.com\/","name":"Cuciroma | Macchine da cucire e accessori per il ricamo","description":"Rivenditore e Assistenza autorizzata Macchine da Cucire Professionali","publisher":{"@id":"https:\/\/cuciroma.com\/#organization"},"potentialAction":[{"@type":"SearchAction","target":{"@type":"EntryPoint","urlTemplate":"https:\/\/cuciroma.com\/?s={search_term_string}"},"query-input":{"@type":"PropertyValueSpecification","valueRequired":true,"valueName":"search_term_string"}}],"inLanguage":"en-US"},{"@type":"Organization","@id":"https:\/\/cuciroma.com\/#organization","name":"Cuciroma","url":"https:\/\/cuciroma.com\/","logo":{"@type":"ImageObject","inLanguage":"en-US","@id":"https:\/\/cuciroma.com\/#\/schema\/logo\/image\/","url":"https:\/\/cuciroma.com\/wp-content\/uploads\/2020\/07\/logo-cuciroma.png","contentUrl":"https:\/\/cuciroma.com\/wp-content\/uploads\/2020\/07\/logo-cuciroma.png","width":565,"height":159,"caption":"Cuciroma"},"image":{"@id":"https:\/\/cuciroma.com\/#\/schema\/logo\/image\/"},"sameAs":["https:\/\/www.facebook.com\/cuciroma\/","https:\/\/www.instagram.com\/cuciroma\/"]}]}},"df_price":639,"df_sale_price":"","df_regular_price":639,"df_image_link":"https:\/\/cuciroma.com\/wp-content\/uploads\/2015\/07\/juki-g-210-300x268.jpg","_links":{"self":[{"href":"https:\/\/cuciroma.com\/en\/wp-json\/wp\/v2\/product\/6712","targetHints":{"allow":["GET"]}}],"collection":[{"href":"https:\/\/cuciroma.com\/en\/wp-json\/wp\/v2\/product"}],"about":[{"href":"https:\/\/cuciroma.com\/en\/wp-json\/wp\/v2\/types\/product"}],"replies":[{"embeddable":true,"href":"https:\/\/cuciroma.com\/en\/wp-json\/wp\/v2\/comments?post=6712"}],"wp:featuredmedia":[{"embeddable":true,"href":"https:\/\/cuciroma.com\/en\/wp-json\/wp\/v2\/media\/10459"}],"wp:attachment":[{"href":"https:\/\/cuciroma.com\/en\/wp-json\/wp\/v2\/media?parent=6712"}],"wp:term":[{"taxonomy":"product_brand","embeddable":true,"href":"https:\/\/cuciroma.com\/en\/wp-json\/wp\/v2\/product_brand?post=6712"},{"taxonomy":"product_cat","embeddable":true,"href":"https:\/\/cuciroma.com\/en\/wp-json\/wp\/v2\/product_cat?post=6712"},{"taxonomy":"product_tag","embeddable":true,"href":"https:\/\/cuciroma.com\/en\/wp-json\/wp\/v2\/product_tag?post=6712"}],"curies":[{"name":"wp","href":"https:\/\/api.w.org\/{rel}","templated":true}]}}