{"id":6683,"date":"2015-07-10T17:06:24","date_gmt":"2015-07-10T15:06:24","guid":{"rendered":"https:\/\/cuciroma.com\/prodotto\/juki-mo-654de-2\/"},"modified":"2025-09-17T15:01:05","modified_gmt":"2025-09-17T13:01:05","slug":"juki-mo-654de","status":"publish","type":"product","link":"https:\/\/cuciroma.com\/en\/prodotto\/juki-mo-654de\/","title":{"rendered":"Juki MO-654DE"},"content":{"rendered":"<p>Con questa Tagliacuce domestica Juki, avrete la possibilit\u00e0 di espandere e migliorare le vostre capacit\u00e0 di cucito. Creare nuovi modelli seguendo le ultime tendenze della moda o decorare i vostri articoli casalinghi, sar\u00e0 semplice con la macchina MO-654DE\u00a0a quattro fili.<\/p>\n<p>Il trasporto differenziale e il piedino per orlo rollato in automatico, permettono di coprire la maggior parte delle operazioni di cucitura.\u00a0Questa linea di macchine per surfilo sono ideali per l&#8217;uso quotidiano<br \/>\nsui vari tessuti, utilizzando anche fili decorativi con piedini opzionali.\u00a0Aggiungete la tecnologia del surfilo Juki alle vostre conoscenze del cucito e scoprirete un mondo infinito di possibilit\u00e0.\u00a0Indice ampiezza rifilatura: Posto sul coperchio di protezione del coltello rifilatore, permette di stabilire l&#8217;ampiezza della rifilatura.<\/p>\n<p>Infilaura crochet inferiore: Il problema dell&#8217;infilatura del crochet \u00e8 stato risolto con uno speciale sistema d&#8217;infilatura automatica.<\/p>\n<p>Orlo automatico arrotolato: Facilmente e rapidamente realizzabile, grazie ad una levetta posizionata in prossimit\u00e0 della placca, attivabile con un semplice tocco, non \u00e8 necessario cambiare il piedino o la placca.<\/p>\n<p>Passafili contraddistinti per colore: Permettono una infilatura facile e corretta. Speciali passaggi guidano e garantiscono una giusta tensione del filo, per ottenere una ottima cucitura.<\/p>\n<p>Piedino multifunzione: Equipaggiato con una guida regolabile, pu\u00f2 essere usato per applicare elastici e nastri.<\/p>\n<div data-canvas-width=\"46.46846161616161\">\n<div data-canvas-width=\"67.15680227272728\">\n<div class=\"textLayer\">\n<div data-canvas-width=\"13.036800000000001\">\n<div data-canvas-width=\"46.46846161616161\">\n<div data-canvas-width=\"67.15680227272728\">\n<div class=\"textLayer\">\n<div data-canvas-width=\"13.036800000000001\">\n<p>Manopola di regolazione coltello inferiore: Serve per regolare velocemente il coltello inferiore in modo di avere la giusta quantit\u00e0\u00a0di tessuto per ottenere ottime cuciture e perfetti bordi arrotolati.<br \/>\nSpeciale sistema di taglio: Azionato da un apposito meccanismo,\u00a0permette di tagliare facilmente tutti i tessuti, dai pi\u00f9 leggeri ai pi\u00f9 pesanti.\u00a0Crochet superiore e inferiore:Particolarmente resistenti e adatti per\u00a0realizzare i lavori pi\u00f9 difficili e utilizzare una variet\u00e0 infinita di filati\u00a0decorativi.\u00a0Rifilatura crochet della catenella: Per eseguire l&#8217;infilatura, prermere il tasto posto sulla leva; Il crochet si abbassa facilitando l&#8217;inserimento del filo.<\/p>\n<p><span style=\"color: #800000;\"><strong>Accessori in dotazione:<\/strong><\/span><\/p>\n<p>&#8211; Velocit\u00e0 di cucitura massimo 1,500 giri\/min.<br \/>\n&#8211; Numero di fili 2\/3\/4 fili<br \/>\n&#8211; Ampiezza sopraggitto Ago sinistro 6 mm\/Ago destro 4mm Orlo Rollato 2mm<br \/>\n&#8211; Lunghezza del punto 1 &#8211; 4 mm (Standard: 2.5\u00a0mm) \/Orlo Rollato 1 &#8211; 1.5 mm<br \/>\n&#8211; Trasporto Differenziale 0.7 &#8211; 2.0 Rapporto<br \/>\n&#8211; Tensione Manopola di Tipo Industriale\/ 1\u00a0Rotazione<br \/>\n&#8211; Guida orlatrice per bordo arrotolato Ago destro\u00a0(Stretto) o ago sinistro(Largo) \/ 2 o 3 Fili<br \/>\n&#8211; Punto piatto Ago destro o ago sinistro\/ 2 o 3\u00a0fili<br \/>\n&#8211; Piedino di Tipo Universale Bordi , nastri , applicazioni di elastici stretti<br \/>\n&#8211; Alzata piedino premistoffa 5 mm<br \/>\n&#8211; Dimensioni 270 mm(larghezza) x 345 mm\u00a0(profondit\u00e0) x 295mm (altezza) Peso7 Kg<\/p>\n<\/div>\n<\/div>\n<\/div>\n<\/div>\n<\/div>\n<div data-canvas-width=\"70.80853333333334\"><\/div>\n<\/div>\n<p><strong><span style=\"color: #800000;\">Accessori in dotazione:<\/span><\/strong><span id=\"result_box\" class=\"\" lang=\"it\" tabindex=\"-1\"><\/span><\/p>\n<p><span id=\"result_box\" class=\"\" lang=\"it\" tabindex=\"-1\">&#8211; Reostato<br \/>\n&#8211; C<span class=\"hps\">oltello<\/span><br \/>\n&#8211; <span class=\"hps\">Convertitore<\/span> <span class=\"hps\">2\/3<\/span> <span class=\"hps\">filo<\/span><br \/>\n&#8211; Porta rocche<br \/>\n&#8211; P<span class=\"hps\">inzetta<\/span><br \/>\n&#8211; S<span class=\"hps\">pazzola di pulizia<\/span><br \/>\n<span class=\"hps\">&#8211; Infila ago<\/span><br \/>\n&#8211; 1 <span class=\"hps\">scatola<\/span> <span class=\"hps\">aghi<\/span><br \/>\n&#8211; <span class=\"hps\">Piccolo \/ grande<\/span> <span class=\"hps\">cacciavite<\/span><br \/>\n&#8211; O<span class=\"hps\">liatore<\/span><br \/>\n&#8211; B<span class=\"hps\">orsa per accessori<\/span><br \/>\n&#8211; C<span class=\"hps\">opertina antipolvere<\/span><br \/>\n&#8211; <span class=\"hps\">Manuale D&#8217;Istruzioni<\/span><\/span><\/p>\n<\/div>\n<div data-canvas-width=\"67.15680227272728\"><\/div>\n<div data-canvas-width=\"69.28512196969699\">\n<div data-canvas-width=\"16.722829545454548\">\n<div data-canvas-width=\"57.922225\"><strong>\u00a0<\/strong><\/div>\n<\/div>\n<\/div>\n<\/div>\n","protected":false},"excerpt":{"rendered":"<p>GARANZIA DI 5 ANNI CON RITIRO E CONSEGNA GRATUITI. Con questa Tagliacuce domestica Juki, avrete la possibilit\u00e0 di espandere e migliorare le vostre capacit\u00e0 di cucito. Creare nuovi modelli seguendo le ultime tendenze della moda o decorare i vostri articoli casalinghi, sar\u00e0 semplice con la macchina MO-654DE\u00a0a quattro fili.<\/p>\n","protected":false},"featured_media":10446,"comment_status":"closed","ping_status":"closed","template":"","meta":[],"product_brand":[],"product_cat":[198],"product_tag":[],"class_list":{"0":"post-6683","1":"product","2":"type-product","3":"status-publish","4":"has-post-thumbnail","6":"product_cat-juki-tagliacuci-en","7":"pa_trovaprezzi-pubblicato-en","9":"first","10":"instock","11":"taxable","12":"shipping-taxable","13":"purchasable","14":"product-type-simple"},"yoast_head":"<!-- This site is optimized with the Yoast SEO plugin v27.2 - https:\/\/yoast.com\/product\/yoast-seo-wordpress\/ -->\n<title>Juki MO-654DE - Cuciroma | Macchine da cucire e accessori per il ricamo<\/title>\n<meta name=\"description\" content=\"Con questa Tagliacuce domestica Juki, avrete la possibilit\u00e0 di espandere e migliorare le vostre capacit\u00e0 di cucito. Creare nuovi modelli seguendo le ultime\" \/>\n<meta name=\"robots\" content=\"index, follow, max-snippet:-1, max-image-preview:large, max-video-preview:-1\" \/>\n<link rel=\"canonical\" href=\"https:\/\/cuciroma.com\/en\/prodotto\/juki-mo-654de\/\" \/>\n<meta property=\"og:locale\" content=\"en_US\" \/>\n<meta property=\"og:type\" content=\"article\" \/>\n<meta property=\"og:title\" content=\"Juki MO-654DE - Cuciroma | Macchine da cucire e accessori per il ricamo\" \/>\n<meta property=\"og:description\" content=\"Con questa Tagliacuce domestica Juki, avrete la possibilit\u00e0 di espandere e migliorare le vostre capacit\u00e0 di cucito. Creare nuovi modelli seguendo le ultime\" \/>\n<meta property=\"og:url\" content=\"https:\/\/cuciroma.com\/en\/prodotto\/juki-mo-654de\/\" \/>\n<meta property=\"og:site_name\" content=\"Cuciroma | Macchine da cucire e accessori per il ricamo\" \/>\n<meta property=\"article:publisher\" content=\"https:\/\/www.facebook.com\/cuciroma\/\" \/>\n<meta property=\"article:modified_time\" content=\"2025-09-17T13:01:05+00:00\" \/>\n<meta property=\"og:image\" content=\"https:\/\/cuciroma.com\/wp-content\/uploads\/2015\/07\/juki-mo-654de.jpg\" \/>\n\t<meta property=\"og:image:width\" content=\"703\" \/>\n\t<meta property=\"og:image:height\" content=\"768\" \/>\n\t<meta property=\"og:image:type\" content=\"image\/jpeg\" \/>\n<meta name=\"twitter:card\" content=\"summary_large_image\" \/>\n<meta name=\"twitter:label1\" content=\"Est. reading time\" \/>\n\t<meta name=\"twitter:data1\" content=\"2 minutes\" \/>\n<script type=\"application\/ld+json\" class=\"yoast-schema-graph\">{\"@context\":\"https:\/\/schema.org\",\"@graph\":[{\"@type\":\"WebPage\",\"@id\":\"https:\/\/cuciroma.com\/en\/prodotto\/juki-mo-654de\/\",\"url\":\"https:\/\/cuciroma.com\/en\/prodotto\/juki-mo-654de\/\",\"name\":\"Juki MO-654DE - Cuciroma | Macchine da cucire e accessori per il ricamo\",\"isPartOf\":{\"@id\":\"https:\/\/cuciroma.com\/#website\"},\"primaryImageOfPage\":{\"@id\":\"https:\/\/cuciroma.com\/en\/prodotto\/juki-mo-654de\/#primaryimage\"},\"image\":{\"@id\":\"https:\/\/cuciroma.com\/en\/prodotto\/juki-mo-654de\/#primaryimage\"},\"thumbnailUrl\":\"https:\/\/cuciroma.com\/wp-content\/uploads\/2015\/07\/juki-mo-654de.jpg\",\"datePublished\":\"2015-07-10T15:06:24+00:00\",\"dateModified\":\"2025-09-17T13:01:05+00:00\",\"description\":\"Con questa Tagliacuce domestica Juki, avrete la possibilit\u00e0 di espandere e migliorare le vostre capacit\u00e0 di cucito. Creare nuovi modelli seguendo le ultime\",\"breadcrumb\":{\"@id\":\"https:\/\/cuciroma.com\/en\/prodotto\/juki-mo-654de\/#breadcrumb\"},\"inLanguage\":\"en-US\",\"potentialAction\":[{\"@type\":\"ReadAction\",\"target\":[\"https:\/\/cuciroma.com\/en\/prodotto\/juki-mo-654de\/\"]}]},{\"@type\":\"ImageObject\",\"inLanguage\":\"en-US\",\"@id\":\"https:\/\/cuciroma.com\/en\/prodotto\/juki-mo-654de\/#primaryimage\",\"url\":\"https:\/\/cuciroma.com\/wp-content\/uploads\/2015\/07\/juki-mo-654de.jpg\",\"contentUrl\":\"https:\/\/cuciroma.com\/wp-content\/uploads\/2015\/07\/juki-mo-654de.jpg\",\"width\":703,\"height\":768},{\"@type\":\"BreadcrumbList\",\"@id\":\"https:\/\/cuciroma.com\/en\/prodotto\/juki-mo-654de\/#breadcrumb\",\"itemListElement\":[{\"@type\":\"ListItem\",\"position\":1,\"name\":\"Shop On line\",\"item\":\"https:\/\/cuciroma.com\/shop\/\"},{\"@type\":\"ListItem\",\"position\":2,\"name\":\"Juki MO-654DE\"}]},{\"@type\":\"WebSite\",\"@id\":\"https:\/\/cuciroma.com\/#website\",\"url\":\"https:\/\/cuciroma.com\/\",\"name\":\"Cuciroma | Macchine da cucire e accessori per il ricamo\",\"description\":\"Rivenditore e Assistenza autorizzata Macchine da Cucire Professionali\",\"publisher\":{\"@id\":\"https:\/\/cuciroma.com\/#organization\"},\"potentialAction\":[{\"@type\":\"SearchAction\",\"target\":{\"@type\":\"EntryPoint\",\"urlTemplate\":\"https:\/\/cuciroma.com\/?s={search_term_string}\"},\"query-input\":{\"@type\":\"PropertyValueSpecification\",\"valueRequired\":true,\"valueName\":\"search_term_string\"}}],\"inLanguage\":\"en-US\"},{\"@type\":\"Organization\",\"@id\":\"https:\/\/cuciroma.com\/#organization\",\"name\":\"Cuciroma\",\"url\":\"https:\/\/cuciroma.com\/\",\"logo\":{\"@type\":\"ImageObject\",\"inLanguage\":\"en-US\",\"@id\":\"https:\/\/cuciroma.com\/#\/schema\/logo\/image\/\",\"url\":\"https:\/\/cuciroma.com\/wp-content\/uploads\/2020\/07\/logo-cuciroma.png\",\"contentUrl\":\"https:\/\/cuciroma.com\/wp-content\/uploads\/2020\/07\/logo-cuciroma.png\",\"width\":565,\"height\":159,\"caption\":\"Cuciroma\"},\"image\":{\"@id\":\"https:\/\/cuciroma.com\/#\/schema\/logo\/image\/\"},\"sameAs\":[\"https:\/\/www.facebook.com\/cuciroma\/\",\"https:\/\/www.instagram.com\/cuciroma\/\"]}]}<\/script>\n<!-- \/ Yoast SEO plugin. -->","yoast_head_json":{"title":"Juki MO-654DE - Cuciroma | Macchine da cucire e accessori per il ricamo","description":"Con questa Tagliacuce domestica Juki, avrete la possibilit\u00e0 di espandere e migliorare le vostre capacit\u00e0 di cucito. Creare nuovi modelli seguendo le ultime","robots":{"index":"index","follow":"follow","max-snippet":"max-snippet:-1","max-image-preview":"max-image-preview:large","max-video-preview":"max-video-preview:-1"},"canonical":"https:\/\/cuciroma.com\/en\/prodotto\/juki-mo-654de\/","og_locale":"en_US","og_type":"article","og_title":"Juki MO-654DE - Cuciroma | Macchine da cucire e accessori per il ricamo","og_description":"Con questa Tagliacuce domestica Juki, avrete la possibilit\u00e0 di espandere e migliorare le vostre capacit\u00e0 di cucito. Creare nuovi modelli seguendo le ultime","og_url":"https:\/\/cuciroma.com\/en\/prodotto\/juki-mo-654de\/","og_site_name":"Cuciroma | Macchine da cucire e accessori per il ricamo","article_publisher":"https:\/\/www.facebook.com\/cuciroma\/","article_modified_time":"2025-09-17T13:01:05+00:00","og_image":[{"width":703,"height":768,"url":"https:\/\/cuciroma.com\/wp-content\/uploads\/2015\/07\/juki-mo-654de.jpg","type":"image\/jpeg"}],"twitter_card":"summary_large_image","twitter_misc":{"Est. reading time":"2 minutes"},"schema":{"@context":"https:\/\/schema.org","@graph":[{"@type":"WebPage","@id":"https:\/\/cuciroma.com\/en\/prodotto\/juki-mo-654de\/","url":"https:\/\/cuciroma.com\/en\/prodotto\/juki-mo-654de\/","name":"Juki MO-654DE - Cuciroma | Macchine da cucire e accessori per il ricamo","isPartOf":{"@id":"https:\/\/cuciroma.com\/#website"},"primaryImageOfPage":{"@id":"https:\/\/cuciroma.com\/en\/prodotto\/juki-mo-654de\/#primaryimage"},"image":{"@id":"https:\/\/cuciroma.com\/en\/prodotto\/juki-mo-654de\/#primaryimage"},"thumbnailUrl":"https:\/\/cuciroma.com\/wp-content\/uploads\/2015\/07\/juki-mo-654de.jpg","datePublished":"2015-07-10T15:06:24+00:00","dateModified":"2025-09-17T13:01:05+00:00","description":"Con questa Tagliacuce domestica Juki, avrete la possibilit\u00e0 di espandere e migliorare le vostre capacit\u00e0 di cucito. Creare nuovi modelli seguendo le ultime","breadcrumb":{"@id":"https:\/\/cuciroma.com\/en\/prodotto\/juki-mo-654de\/#breadcrumb"},"inLanguage":"en-US","potentialAction":[{"@type":"ReadAction","target":["https:\/\/cuciroma.com\/en\/prodotto\/juki-mo-654de\/"]}]},{"@type":"ImageObject","inLanguage":"en-US","@id":"https:\/\/cuciroma.com\/en\/prodotto\/juki-mo-654de\/#primaryimage","url":"https:\/\/cuciroma.com\/wp-content\/uploads\/2015\/07\/juki-mo-654de.jpg","contentUrl":"https:\/\/cuciroma.com\/wp-content\/uploads\/2015\/07\/juki-mo-654de.jpg","width":703,"height":768},{"@type":"BreadcrumbList","@id":"https:\/\/cuciroma.com\/en\/prodotto\/juki-mo-654de\/#breadcrumb","itemListElement":[{"@type":"ListItem","position":1,"name":"Shop On line","item":"https:\/\/cuciroma.com\/shop\/"},{"@type":"ListItem","position":2,"name":"Juki MO-654DE"}]},{"@type":"WebSite","@id":"https:\/\/cuciroma.com\/#website","url":"https:\/\/cuciroma.com\/","name":"Cuciroma | Macchine da cucire e accessori per il ricamo","description":"Rivenditore e Assistenza autorizzata Macchine da Cucire Professionali","publisher":{"@id":"https:\/\/cuciroma.com\/#organization"},"potentialAction":[{"@type":"SearchAction","target":{"@type":"EntryPoint","urlTemplate":"https:\/\/cuciroma.com\/?s={search_term_string}"},"query-input":{"@type":"PropertyValueSpecification","valueRequired":true,"valueName":"search_term_string"}}],"inLanguage":"en-US"},{"@type":"Organization","@id":"https:\/\/cuciroma.com\/#organization","name":"Cuciroma","url":"https:\/\/cuciroma.com\/","logo":{"@type":"ImageObject","inLanguage":"en-US","@id":"https:\/\/cuciroma.com\/#\/schema\/logo\/image\/","url":"https:\/\/cuciroma.com\/wp-content\/uploads\/2020\/07\/logo-cuciroma.png","contentUrl":"https:\/\/cuciroma.com\/wp-content\/uploads\/2020\/07\/logo-cuciroma.png","width":565,"height":159,"caption":"Cuciroma"},"image":{"@id":"https:\/\/cuciroma.com\/#\/schema\/logo\/image\/"},"sameAs":["https:\/\/www.facebook.com\/cuciroma\/","https:\/\/www.instagram.com\/cuciroma\/"]}]}},"df_price":719,"df_sale_price":"","df_regular_price":719,"df_image_link":"https:\/\/cuciroma.com\/wp-content\/uploads\/2015\/07\/juki-mo-654de-300x328.jpg","_links":{"self":[{"href":"https:\/\/cuciroma.com\/en\/wp-json\/wp\/v2\/product\/6683","targetHints":{"allow":["GET"]}}],"collection":[{"href":"https:\/\/cuciroma.com\/en\/wp-json\/wp\/v2\/product"}],"about":[{"href":"https:\/\/cuciroma.com\/en\/wp-json\/wp\/v2\/types\/product"}],"replies":[{"embeddable":true,"href":"https:\/\/cuciroma.com\/en\/wp-json\/wp\/v2\/comments?post=6683"}],"wp:featuredmedia":[{"embeddable":true,"href":"https:\/\/cuciroma.com\/en\/wp-json\/wp\/v2\/media\/10446"}],"wp:attachment":[{"href":"https:\/\/cuciroma.com\/en\/wp-json\/wp\/v2\/media?parent=6683"}],"wp:term":[{"taxonomy":"product_brand","embeddable":true,"href":"https:\/\/cuciroma.com\/en\/wp-json\/wp\/v2\/product_brand?post=6683"},{"taxonomy":"product_cat","embeddable":true,"href":"https:\/\/cuciroma.com\/en\/wp-json\/wp\/v2\/product_cat?post=6683"},{"taxonomy":"product_tag","embeddable":true,"href":"https:\/\/cuciroma.com\/en\/wp-json\/wp\/v2\/product_tag?post=6683"}],"curies":[{"name":"wp","href":"https:\/\/api.w.org\/{rel}","templated":true}]}}