{"id":6677,"date":"2015-07-13T19:50:58","date_gmt":"2015-07-13T17:50:58","guid":{"rendered":"https:\/\/cuciroma.com\/prodotto\/juki-mo-50e-2\/"},"modified":"2025-05-02T09:14:35","modified_gmt":"2025-05-02T07:14:35","slug":"juki-mo-50e","status":"publish","type":"product","link":"https:\/\/cuciroma.com\/en\/prodotto\/juki-mo-50e\/","title":{"rendered":"Juki MO-50e + Omaggio 4 Rocche di Filo 10000mt"},"content":{"rendered":"<p><span id=\"result_box\" class=\"\" lang=\"it\" tabindex=\"-1\"><span class=\"hps\">MO<span class=\"atn\">&#8211;<\/span>50E \u00e8 una tagliacuci di fascia economica della Juki, progettata per coloro che sono alla ricerca di funzionalit\u00e0 avanzate a un prezzo ragionevole. Viene ben apprezzata dagli utenti che la utilizzano, questa \u00e8 una tagliacuce stabile poco rumorosa, \u00e8 particolarmente consigliabile ad una clientela che ne far\u00e0 un utilizzo casalingo. Per coloro che non hanno sentito parlare di Juki, Juki \u00e8 un produttore giapponese di macchine per cucire e tagliacuci industriali.<\/span><\/span><\/p>\n<p>La\u00a0tagliacuci Juki\u00a0MO50E cuce\u00a0con 1 o 2 aghi e 3 o 4 fili in base alla lavorazione che si andr\u00e0 ad eseguire. L&#8217;infilatura della macchina che di solito \u00e8 molto scomoda su prodotti di questa fascia questo \u00e8 facilitata dal sistema automatico che permette di infilare il crochet inferiore semplicemente alzando una leva. Il coltello superiore \u00e8 disinnestabile, mentre quello inferiore \u00e8 facilmente regolabile in modo da registrare la larghezza del taglio, \u00e8 corredata del raccogli-ritagli,come il trasporto differenziale e la regolazione della lunghezza del punto. La luce Led illumina l&#8217;area di lavoro in maniera uniforme permettendo una lavorazione ottimale.<\/p>\n<p>&nbsp;<\/p>\n<p><strong><span style=\"color: #800000;\">Caratteristiche Tecniche:<\/span><\/strong><\/p>\n<p>&nbsp;<\/p>\n<p><strong>Trasporto Differenziale Regolabile<\/strong><br \/>\nFacilmente manovrabile tramite un apposito selettore discolato sul lato sinistro esterno della macchina.<\/p>\n<p><strong>Orlo Rollato Automatico<\/strong><br \/>\nFacilmente e rapidamente realizzabile, grazie ad una levetta posizionata in prossimit\u00e0 della placca, attivabile con un semplice tocco. Non \u00e8 necessario cambiare il piedino o la placca.<\/p>\n<p><strong>Infilatura Automatica del Crochet Inferiore<\/strong><br \/>\nPermette una facile infilatura in pochi secondi, basta alzare la levetta ed il filo si infila automaticamente.<\/p>\n<p><strong>Coltello Superiore Retraibile<\/strong><br \/>\nSpostando il coltello superiore l&#8217;infilatura dell&#8217;ago diviene molto pi\u00f9 agevole e sicura.<\/p>\n<p><strong>Coltello Inferiore Regolabile<\/strong><br \/>\nPermette di regolare velocemente il coltello inferiore in modo da avere la giusta quantit\u00e0 di tessuto per ottenere ottime cuciture e perfetti bordi arrotolati.<\/p>\n<p><strong>Passafili Colorati in Linea<\/strong><br \/>\nPermettono una pi\u00f9 facile infilatura e garantiscono un passaggio efficace del filo.<\/p>\n<p><strong>Lunghezza Punto Regolabile<\/strong><br \/>\nLa manopola si trova sul lato destro della macchina con una scelta da 1 a 4 mm.<\/p>\n<p>&nbsp;<\/p>\n","protected":false},"excerpt":{"rendered":"<p>La\u00a0tagliacuci Juki\u00a0MO50E cuce\u00a0con 1 o 2 aghi e 3 o 4 fili in base alla lavorazione che si andr\u00e0 ad eseguire. L&#8217;infilatura della macchina che di solito \u00e8 molto scomoda su prodotti di questa fascia questo \u00e8 facilitata dal sistema automatico che permette di infilare il crochet inferiore semplicemente alzando una leva. Il coltello superiore \u00e8 disinnestabile, mentre quello inferiore \u00e8 facilmente regolabile in modo da registrare la larghezza del taglio, \u00e8 corredata del raccogli-ritagli,come il trasporto differenziale e la regolazione della lunghezza del punto. La luce Led illumina l&#8217;area di lavoro in maniera uniforme permettendo una lavorazione ottimale.<\/p>\n","protected":false},"featured_media":10442,"comment_status":"closed","ping_status":"closed","template":"","meta":[],"product_brand":[],"product_cat":[198],"product_tag":[],"class_list":{"0":"post-6677","1":"product","2":"type-product","3":"status-publish","4":"has-post-thumbnail","6":"product_cat-juki-tagliacuci-en","7":"pa_trovaprezzi-pubblicato-en","9":"first","10":"instock","11":"taxable","12":"shipping-taxable","13":"purchasable","14":"product-type-simple"},"yoast_head":"<!-- This site is optimized with the Yoast SEO plugin v27.2 - https:\/\/yoast.com\/product\/yoast-seo-wordpress\/ -->\n<title>Juki MO-50e + Omaggio 4 Rocche di Filo 10000mt - Cuciroma | Macchine da cucire e accessori per il ricamo<\/title>\n<meta name=\"robots\" content=\"index, follow, max-snippet:-1, max-image-preview:large, max-video-preview:-1\" \/>\n<link rel=\"canonical\" href=\"https:\/\/cuciroma.com\/prodotto\/juki-mo-50e\/\" \/>\n<meta property=\"og:locale\" content=\"en_US\" \/>\n<meta property=\"og:type\" content=\"article\" \/>\n<meta property=\"og:title\" content=\"Juki MO-50e + Omaggio 4 Rocche di Filo 10000mt - Cuciroma | Macchine da cucire e accessori per il ricamo\" \/>\n<meta property=\"og:description\" content=\"La\u00a0tagliacuci Juki\u00a0MO50E cuce\u00a0con 1 o 2 aghi e 3 o 4 fili in base alla lavorazione che si andr\u00e0 ad eseguire. L&#039;infilatura della macchina che di solito \u00e8 molto scomoda su prodotti di questa fascia questo \u00e8 facilitata dal sistema automatico che permette di infilare il crochet inferiore semplicemente alzando una leva. Il coltello superiore \u00e8 disinnestabile, mentre quello inferiore \u00e8 facilmente regolabile in modo da registrare la larghezza del taglio, \u00e8 corredata del raccogli-ritagli,come il trasporto differenziale e la regolazione della lunghezza del punto. La luce Led illumina l&#039;area di lavoro in maniera uniforme permettendo una lavorazione ottimale.\" \/>\n<meta property=\"og:url\" content=\"https:\/\/cuciroma.com\/prodotto\/juki-mo-50e\/\" \/>\n<meta property=\"og:site_name\" content=\"Cuciroma | Macchine da cucire e accessori per il ricamo\" \/>\n<meta property=\"article:publisher\" content=\"https:\/\/www.facebook.com\/cuciroma\/\" \/>\n<meta property=\"article:modified_time\" content=\"2025-05-02T07:14:35+00:00\" \/>\n<meta property=\"og:image\" content=\"https:\/\/cuciroma.com\/wp-content\/uploads\/2015\/07\/juko-mo-50e.jpg\" \/>\n\t<meta property=\"og:image:width\" content=\"500\" \/>\n\t<meta property=\"og:image:height\" content=\"500\" \/>\n\t<meta property=\"og:image:type\" content=\"image\/jpeg\" \/>\n<meta name=\"twitter:card\" content=\"summary_large_image\" \/>\n<meta name=\"twitter:label1\" content=\"Est. reading time\" \/>\n\t<meta name=\"twitter:data1\" content=\"2 minutes\" \/>\n<script type=\"application\/ld+json\" class=\"yoast-schema-graph\">{\"@context\":\"https:\/\/schema.org\",\"@graph\":[{\"@type\":\"WebPage\",\"@id\":\"https:\/\/cuciroma.com\/prodotto\/juki-mo-50e\/\",\"url\":\"https:\/\/cuciroma.com\/prodotto\/juki-mo-50e\/\",\"name\":\"Juki MO-50e + Omaggio 4 Rocche di Filo 10000mt - Cuciroma | Macchine da cucire e accessori per il ricamo\",\"isPartOf\":{\"@id\":\"https:\/\/cuciroma.com\/#website\"},\"primaryImageOfPage\":{\"@id\":\"https:\/\/cuciroma.com\/prodotto\/juki-mo-50e\/#primaryimage\"},\"image\":{\"@id\":\"https:\/\/cuciroma.com\/prodotto\/juki-mo-50e\/#primaryimage\"},\"thumbnailUrl\":\"https:\/\/cuciroma.com\/wp-content\/uploads\/2015\/07\/juko-mo-50e.jpg\",\"datePublished\":\"2015-07-13T17:50:58+00:00\",\"dateModified\":\"2025-05-02T07:14:35+00:00\",\"breadcrumb\":{\"@id\":\"https:\/\/cuciroma.com\/prodotto\/juki-mo-50e\/#breadcrumb\"},\"inLanguage\":\"en-US\",\"potentialAction\":[{\"@type\":\"ReadAction\",\"target\":[\"https:\/\/cuciroma.com\/prodotto\/juki-mo-50e\/\"]}]},{\"@type\":\"ImageObject\",\"inLanguage\":\"en-US\",\"@id\":\"https:\/\/cuciroma.com\/prodotto\/juki-mo-50e\/#primaryimage\",\"url\":\"https:\/\/cuciroma.com\/wp-content\/uploads\/2015\/07\/juko-mo-50e.jpg\",\"contentUrl\":\"https:\/\/cuciroma.com\/wp-content\/uploads\/2015\/07\/juko-mo-50e.jpg\",\"width\":500,\"height\":500},{\"@type\":\"BreadcrumbList\",\"@id\":\"https:\/\/cuciroma.com\/prodotto\/juki-mo-50e\/#breadcrumb\",\"itemListElement\":[{\"@type\":\"ListItem\",\"position\":1,\"name\":\"Shop On line\",\"item\":\"https:\/\/cuciroma.com\/shop\/\"},{\"@type\":\"ListItem\",\"position\":2,\"name\":\"Juki MO-50e + Omaggio 4 Rocche di Filo 10000mt\"}]},{\"@type\":\"WebSite\",\"@id\":\"https:\/\/cuciroma.com\/#website\",\"url\":\"https:\/\/cuciroma.com\/\",\"name\":\"Cuciroma | Macchine da cucire e accessori per il ricamo\",\"description\":\"Rivenditore e Assistenza autorizzata Macchine da Cucire Professionali\",\"publisher\":{\"@id\":\"https:\/\/cuciroma.com\/#organization\"},\"potentialAction\":[{\"@type\":\"SearchAction\",\"target\":{\"@type\":\"EntryPoint\",\"urlTemplate\":\"https:\/\/cuciroma.com\/?s={search_term_string}\"},\"query-input\":{\"@type\":\"PropertyValueSpecification\",\"valueRequired\":true,\"valueName\":\"search_term_string\"}}],\"inLanguage\":\"en-US\"},{\"@type\":\"Organization\",\"@id\":\"https:\/\/cuciroma.com\/#organization\",\"name\":\"Cuciroma\",\"url\":\"https:\/\/cuciroma.com\/\",\"logo\":{\"@type\":\"ImageObject\",\"inLanguage\":\"en-US\",\"@id\":\"https:\/\/cuciroma.com\/#\/schema\/logo\/image\/\",\"url\":\"https:\/\/cuciroma.com\/wp-content\/uploads\/2020\/07\/logo-cuciroma.png\",\"contentUrl\":\"https:\/\/cuciroma.com\/wp-content\/uploads\/2020\/07\/logo-cuciroma.png\",\"width\":565,\"height\":159,\"caption\":\"Cuciroma\"},\"image\":{\"@id\":\"https:\/\/cuciroma.com\/#\/schema\/logo\/image\/\"},\"sameAs\":[\"https:\/\/www.facebook.com\/cuciroma\/\",\"https:\/\/www.instagram.com\/cuciroma\/\"]}]}<\/script>\n<!-- \/ Yoast SEO plugin. -->","yoast_head_json":{"title":"Juki MO-50e + Omaggio 4 Rocche di Filo 10000mt - Cuciroma | Macchine da cucire e accessori per il ricamo","robots":{"index":"index","follow":"follow","max-snippet":"max-snippet:-1","max-image-preview":"max-image-preview:large","max-video-preview":"max-video-preview:-1"},"canonical":"https:\/\/cuciroma.com\/prodotto\/juki-mo-50e\/","og_locale":"en_US","og_type":"article","og_title":"Juki MO-50e + Omaggio 4 Rocche di Filo 10000mt - Cuciroma | Macchine da cucire e accessori per il ricamo","og_description":"La\u00a0tagliacuci Juki\u00a0MO50E cuce\u00a0con 1 o 2 aghi e 3 o 4 fili in base alla lavorazione che si andr\u00e0 ad eseguire. L'infilatura della macchina che di solito \u00e8 molto scomoda su prodotti di questa fascia questo \u00e8 facilitata dal sistema automatico che permette di infilare il crochet inferiore semplicemente alzando una leva. Il coltello superiore \u00e8 disinnestabile, mentre quello inferiore \u00e8 facilmente regolabile in modo da registrare la larghezza del taglio, \u00e8 corredata del raccogli-ritagli,come il trasporto differenziale e la regolazione della lunghezza del punto. La luce Led illumina l'area di lavoro in maniera uniforme permettendo una lavorazione ottimale.","og_url":"https:\/\/cuciroma.com\/prodotto\/juki-mo-50e\/","og_site_name":"Cuciroma | Macchine da cucire e accessori per il ricamo","article_publisher":"https:\/\/www.facebook.com\/cuciroma\/","article_modified_time":"2025-05-02T07:14:35+00:00","og_image":[{"width":500,"height":500,"url":"https:\/\/cuciroma.com\/wp-content\/uploads\/2015\/07\/juko-mo-50e.jpg","type":"image\/jpeg"}],"twitter_card":"summary_large_image","twitter_misc":{"Est. reading time":"2 minutes"},"schema":{"@context":"https:\/\/schema.org","@graph":[{"@type":"WebPage","@id":"https:\/\/cuciroma.com\/prodotto\/juki-mo-50e\/","url":"https:\/\/cuciroma.com\/prodotto\/juki-mo-50e\/","name":"Juki MO-50e + Omaggio 4 Rocche di Filo 10000mt - Cuciroma | Macchine da cucire e accessori per il ricamo","isPartOf":{"@id":"https:\/\/cuciroma.com\/#website"},"primaryImageOfPage":{"@id":"https:\/\/cuciroma.com\/prodotto\/juki-mo-50e\/#primaryimage"},"image":{"@id":"https:\/\/cuciroma.com\/prodotto\/juki-mo-50e\/#primaryimage"},"thumbnailUrl":"https:\/\/cuciroma.com\/wp-content\/uploads\/2015\/07\/juko-mo-50e.jpg","datePublished":"2015-07-13T17:50:58+00:00","dateModified":"2025-05-02T07:14:35+00:00","breadcrumb":{"@id":"https:\/\/cuciroma.com\/prodotto\/juki-mo-50e\/#breadcrumb"},"inLanguage":"en-US","potentialAction":[{"@type":"ReadAction","target":["https:\/\/cuciroma.com\/prodotto\/juki-mo-50e\/"]}]},{"@type":"ImageObject","inLanguage":"en-US","@id":"https:\/\/cuciroma.com\/prodotto\/juki-mo-50e\/#primaryimage","url":"https:\/\/cuciroma.com\/wp-content\/uploads\/2015\/07\/juko-mo-50e.jpg","contentUrl":"https:\/\/cuciroma.com\/wp-content\/uploads\/2015\/07\/juko-mo-50e.jpg","width":500,"height":500},{"@type":"BreadcrumbList","@id":"https:\/\/cuciroma.com\/prodotto\/juki-mo-50e\/#breadcrumb","itemListElement":[{"@type":"ListItem","position":1,"name":"Shop On line","item":"https:\/\/cuciroma.com\/shop\/"},{"@type":"ListItem","position":2,"name":"Juki MO-50e + Omaggio 4 Rocche di Filo 10000mt"}]},{"@type":"WebSite","@id":"https:\/\/cuciroma.com\/#website","url":"https:\/\/cuciroma.com\/","name":"Cuciroma | Macchine da cucire e accessori per il ricamo","description":"Rivenditore e Assistenza autorizzata Macchine da Cucire Professionali","publisher":{"@id":"https:\/\/cuciroma.com\/#organization"},"potentialAction":[{"@type":"SearchAction","target":{"@type":"EntryPoint","urlTemplate":"https:\/\/cuciroma.com\/?s={search_term_string}"},"query-input":{"@type":"PropertyValueSpecification","valueRequired":true,"valueName":"search_term_string"}}],"inLanguage":"en-US"},{"@type":"Organization","@id":"https:\/\/cuciroma.com\/#organization","name":"Cuciroma","url":"https:\/\/cuciroma.com\/","logo":{"@type":"ImageObject","inLanguage":"en-US","@id":"https:\/\/cuciroma.com\/#\/schema\/logo\/image\/","url":"https:\/\/cuciroma.com\/wp-content\/uploads\/2020\/07\/logo-cuciroma.png","contentUrl":"https:\/\/cuciroma.com\/wp-content\/uploads\/2020\/07\/logo-cuciroma.png","width":565,"height":159,"caption":"Cuciroma"},"image":{"@id":"https:\/\/cuciroma.com\/#\/schema\/logo\/image\/"},"sameAs":["https:\/\/www.facebook.com\/cuciroma\/","https:\/\/www.instagram.com\/cuciroma\/"]}]}},"df_price":579,"df_sale_price":"","df_regular_price":579,"df_image_link":"https:\/\/cuciroma.com\/wp-content\/uploads\/2015\/07\/juko-mo-50e-300x300.jpg","_links":{"self":[{"href":"https:\/\/cuciroma.com\/en\/wp-json\/wp\/v2\/product\/6677","targetHints":{"allow":["GET"]}}],"collection":[{"href":"https:\/\/cuciroma.com\/en\/wp-json\/wp\/v2\/product"}],"about":[{"href":"https:\/\/cuciroma.com\/en\/wp-json\/wp\/v2\/types\/product"}],"replies":[{"embeddable":true,"href":"https:\/\/cuciroma.com\/en\/wp-json\/wp\/v2\/comments?post=6677"}],"wp:featuredmedia":[{"embeddable":true,"href":"https:\/\/cuciroma.com\/en\/wp-json\/wp\/v2\/media\/10442"}],"wp:attachment":[{"href":"https:\/\/cuciroma.com\/en\/wp-json\/wp\/v2\/media?parent=6677"}],"wp:term":[{"taxonomy":"product_brand","embeddable":true,"href":"https:\/\/cuciroma.com\/en\/wp-json\/wp\/v2\/product_brand?post=6677"},{"taxonomy":"product_cat","embeddable":true,"href":"https:\/\/cuciroma.com\/en\/wp-json\/wp\/v2\/product_cat?post=6677"},{"taxonomy":"product_tag","embeddable":true,"href":"https:\/\/cuciroma.com\/en\/wp-json\/wp\/v2\/product_tag?post=6677"}],"curies":[{"name":"wp","href":"https:\/\/api.w.org\/{rel}","templated":true}]}}