{"id":6671,"date":"2015-07-14T11:05:10","date_gmt":"2015-07-14T09:05:10","guid":{"rendered":"https:\/\/cuciroma.com\/prodotto\/juki-mo-1000-2\/"},"modified":"2024-07-26T17:14:37","modified_gmt":"2024-07-26T15:14:37","slug":"juki-mo-1000","status":"publish","type":"product","link":"https:\/\/cuciroma.com\/en\/prodotto\/juki-mo-1000\/","title":{"rendered":"Juki MO-1000"},"content":{"rendered":"<p><span id=\"result_box\" class=\"\" lang=\"it\"><span title=\"The Juki MO-1000 Overlock Serger with Air Looper Threading System is the newest top of the line serger from Juki.\">La Juki MO-1000 \u00e8 il\u00a0 top di gamma della linea di taglia-cuci della Juki. <\/span><span title=\"The Juki MO-1000 Overlock Serger with Air Looper Threading System features a push button threading system that blows a strong jet of air pushing the threads thru the loopers.\">La Juki MO-1000 Overlock utilizza un innovativo sistema\u00a0 d&#8217;infilatura ad Aria dotata di un\u00a0 pulsante che premuto, soffia un forte getto d&#8217;aria spingendo i fili attraverso i due crochet. <\/span><span title=\"The Juki MO-1000 Overlock Serger with Air Looper Threading System is the easiest serger to thread on the market.&lt;\/p&gt;&lt;br \/&gt;&lt;br \/&gt;&lt;br \/&gt; &lt;p&gt;\">La Juki MO-1000 grazie a questo meccanismo \u00e8 la tagliacuci pi\u00f9 facile da infilare sul mercato.<br \/>\n<\/span><span title=\"The New Juki MO-1000 Serger threads like a breeze with the all new air supported threading technology!\">Un altra grandissima novit\u00e0 di questo modello \u00e8 l&#8217;<\/span><span title=\"It even threads the needle with an automatic needle threader!&lt;\/p&gt;&lt;br \/&gt;&lt;br \/&gt;&lt;br \/&gt; &lt;p&gt;\u00a0\u00a0\u00a0\u00a0\">infila ago automatico!<br \/>\n<\/span><span title=\"Do you want a quality serger, that is also easy to thread?\">Volete un taglia-cuci di qualit\u00e0, che sia facile da infilare? <\/span><span title=\"Look no further.\">Non guardate oltre. <\/span><span title=\"The Juki MO-1000 achieves the superior quality of Juki professional sergers, with the effortless threading achieved my it's air supported threading feature.\">La Juki MO-1000 si avvicina di molto alla qualit\u00e0 delle taglia-cuci professionali Juki<\/span><\/span><\/p>\n<p>L&#8217;infilatura automatica vi permette con un semplice <span title=\"Featuring automatic, one touch, upper and lower looper threading, driven by an electric motor, at the press of a button.\">tocco d&#8217;infilare i crochet inferiore e superiore. <\/span><span title=\"Juki did not stop there though!\">Juki non si ferma! <\/span><span title=\"The redesigned knife system and sewing area allow for easier material handling and better capability for sewing sharp curves.\">Il sistema dei coltelli \u00e8 stato ridisegnato in modo da consentire una movimentazione dei materiali pi\u00f9 semplicemente, e migliorare la\u00a0 capacit\u00e0 di cucitura nelle curve strette. Infilatura <\/span><span title=\"Automatic needle threaders, differential feed, lay in tensions, and LED lighting complete this awesome addition to our serger lineup.&lt;\/p&gt;&lt;br \/&gt;&lt;br \/&gt;&lt;br \/&gt; &lt;p&gt;\">aghi automatica, trasporto differenziale, e illuminazione a LED completano questo modello.<\/span><\/p>\n<p><strong><span style=\"color: #800000;\">Specifiche:<\/span><\/strong><\/p>\n<p>&#8211; 1\/2 aghi<\/p>\n<p>&#8211; 2\/3\/4 fili<\/p>\n<p>&#8211; Differenziale e allunga punto<\/p>\n<p>&#8211; Placca ago con doppio indice per orlino<\/p>\n<p>&#8211; Infilatura automatica aghi<\/p>\n<p>&#8211; Infilatura elettro-pneumatica crochet superiore e inferiore<\/p>\n<p>&#8211; Luce a led<\/p>\n","protected":false},"excerpt":{"rendered":"<p><strong>\u00a0<span id=\"result_box\" class=\"\" lang=\"it\"><span title=\"The Juki MO-1000 Overlock Serger with Air Looper Threading System is the newest top of the line serger from Juki.\">La Juki MO-1000 \u00e8 il\u00a0 top di gamma della linea di taglia-cuci della Juki. <\/span><span title=\"The Juki MO-1000 Overlock Serger with Air Looper Threading System features a push button threading system that blows a strong jet of air pushing the threads thru the loopers.\">La Juki MO-1000 Overlock utilizza un innovativo sistema\u00a0 d&#8217;infilatura ad Aria dotata di un\u00a0 pulsante che premuto, soffia un forte getto d&#8217;aria spingendo i fili attraverso i due crochet. <\/span><span title=\"The Juki MO-1000 Overlock Serger with Air Looper Threading System is the easiest serger to thread on the market.&lt;\/p&gt;&lt;br \/&gt;&lt;br \/&gt;&lt;br \/&gt; &lt;p&gt;\">La Juki MO-1000 grazie a questo meccanismo \u00e8 la tagliacuci pi\u00f9 facile da infilare sul mercato.<br \/>\n<\/span><span title=\"The New Juki MO-1000 Serger threads like a breeze with the all new air supported threading technology!\">Un altra grandissima novit\u00e0 di questo modello \u00e8 l&#8217;<\/span><span title=\"It even threads the needle with an automatic needle threader!&lt;\/p&gt;&lt;br \/&gt;&lt;br \/&gt;&lt;br \/&gt; &lt;p&gt;\u00a0\u00a0\u00a0\u00a0\">infila ago automatico!<br \/>\n<\/span><span title=\"Do you want a quality serger, that is also easy to thread?\">Volete un taglia-cuci di qualit\u00e0, che sia facile da infilare? <\/span><span title=\"Look no further.\">Non guardate oltre. <\/span><span title=\"The Juki MO-1000 achieves the superior quality of Juki professional sergers, with the effortless threading achieved my it's air supported threading feature.\">La Juki MO-1000 si avvicina di molto alla qualit\u00e0 delle taglia-cuci professionali Juki<\/span><\/span><\/strong><\/p>\n","protected":false},"featured_media":10440,"comment_status":"closed","ping_status":"closed","template":"","meta":[],"product_brand":[],"product_cat":[198],"product_tag":[],"class_list":{"0":"post-6671","1":"product","2":"type-product","3":"status-publish","4":"has-post-thumbnail","6":"product_cat-juki-tagliacuci-en","7":"pa_trovaprezzi-pubblicato-en","9":"first","10":"instock","11":"taxable","12":"shipping-taxable","13":"purchasable","14":"product-type-simple"},"yoast_head":"<!-- This site is optimized with the Yoast SEO plugin v27.2 - https:\/\/yoast.com\/product\/yoast-seo-wordpress\/ -->\n<title>Juki MO-1000 - Cuciroma | Macchine da cucire e accessori per il ricamo<\/title>\n<meta name=\"robots\" content=\"index, follow, max-snippet:-1, max-image-preview:large, max-video-preview:-1\" \/>\n<link rel=\"canonical\" href=\"https:\/\/cuciroma.com\/en\/prodotto\/juki-mo-1000\/\" \/>\n<meta property=\"og:locale\" content=\"en_US\" \/>\n<meta property=\"og:type\" content=\"article\" \/>\n<meta property=\"og:title\" content=\"Juki MO-1000 - Cuciroma | Macchine da cucire e accessori per il ricamo\" \/>\n<meta property=\"og:description\" content=\"\u00a0La Juki MO-1000 \u00e8 il\u00a0 top di gamma della linea di taglia-cuci della Juki. La Juki MO-1000 Overlock utilizza un innovativo sistema\u00a0 d&#039;infilatura ad Aria dotata di un\u00a0 pulsante che premuto, soffia un forte getto d&#039;aria spingendo i fili attraverso i due crochet. La Juki MO-1000 grazie a questo meccanismo \u00e8 la tagliacuci pi\u00f9 facile da infilare sul mercato. Un altra grandissima novit\u00e0 di questo modello \u00e8 l&#039;infila ago automatico! Volete un taglia-cuci di qualit\u00e0, che sia facile da infilare? Non guardate oltre. La Juki MO-1000 si avvicina di molto alla qualit\u00e0 delle taglia-cuci professionali Juki\" \/>\n<meta property=\"og:url\" content=\"https:\/\/cuciroma.com\/en\/prodotto\/juki-mo-1000\/\" \/>\n<meta property=\"og:site_name\" content=\"Cuciroma | Macchine da cucire e accessori per il ricamo\" \/>\n<meta property=\"article:publisher\" content=\"https:\/\/www.facebook.com\/cuciroma\/\" \/>\n<meta property=\"article:modified_time\" content=\"2024-07-26T15:14:37+00:00\" \/>\n<meta property=\"og:image\" content=\"https:\/\/cuciroma.com\/wp-content\/uploads\/2015\/07\/juki-mo-1000.jpg\" \/>\n\t<meta property=\"og:image:width\" content=\"600\" \/>\n\t<meta property=\"og:image:height\" content=\"600\" \/>\n\t<meta property=\"og:image:type\" content=\"image\/jpeg\" \/>\n<meta name=\"twitter:card\" content=\"summary_large_image\" \/>\n<meta name=\"twitter:label1\" content=\"Est. reading time\" \/>\n\t<meta name=\"twitter:data1\" content=\"1 minute\" \/>\n<script type=\"application\/ld+json\" class=\"yoast-schema-graph\">{\"@context\":\"https:\/\/schema.org\",\"@graph\":[{\"@type\":\"WebPage\",\"@id\":\"https:\/\/cuciroma.com\/en\/prodotto\/juki-mo-1000\/\",\"url\":\"https:\/\/cuciroma.com\/en\/prodotto\/juki-mo-1000\/\",\"name\":\"Juki MO-1000 - Cuciroma | Macchine da cucire e accessori per il ricamo\",\"isPartOf\":{\"@id\":\"https:\/\/cuciroma.com\/#website\"},\"primaryImageOfPage\":{\"@id\":\"https:\/\/cuciroma.com\/en\/prodotto\/juki-mo-1000\/#primaryimage\"},\"image\":{\"@id\":\"https:\/\/cuciroma.com\/en\/prodotto\/juki-mo-1000\/#primaryimage\"},\"thumbnailUrl\":\"https:\/\/cuciroma.com\/wp-content\/uploads\/2015\/07\/juki-mo-1000.jpg\",\"datePublished\":\"2015-07-14T09:05:10+00:00\",\"dateModified\":\"2024-07-26T15:14:37+00:00\",\"breadcrumb\":{\"@id\":\"https:\/\/cuciroma.com\/en\/prodotto\/juki-mo-1000\/#breadcrumb\"},\"inLanguage\":\"en-US\",\"potentialAction\":[{\"@type\":\"ReadAction\",\"target\":[\"https:\/\/cuciroma.com\/en\/prodotto\/juki-mo-1000\/\"]}]},{\"@type\":\"ImageObject\",\"inLanguage\":\"en-US\",\"@id\":\"https:\/\/cuciroma.com\/en\/prodotto\/juki-mo-1000\/#primaryimage\",\"url\":\"https:\/\/cuciroma.com\/wp-content\/uploads\/2015\/07\/juki-mo-1000.jpg\",\"contentUrl\":\"https:\/\/cuciroma.com\/wp-content\/uploads\/2015\/07\/juki-mo-1000.jpg\",\"width\":600,\"height\":600},{\"@type\":\"BreadcrumbList\",\"@id\":\"https:\/\/cuciroma.com\/en\/prodotto\/juki-mo-1000\/#breadcrumb\",\"itemListElement\":[{\"@type\":\"ListItem\",\"position\":1,\"name\":\"Shop On line\",\"item\":\"https:\/\/cuciroma.com\/shop\/\"},{\"@type\":\"ListItem\",\"position\":2,\"name\":\"Juki MO-1000\"}]},{\"@type\":\"WebSite\",\"@id\":\"https:\/\/cuciroma.com\/#website\",\"url\":\"https:\/\/cuciroma.com\/\",\"name\":\"Cuciroma | Macchine da cucire e accessori per il ricamo\",\"description\":\"Rivenditore e Assistenza autorizzata Macchine da Cucire Professionali\",\"publisher\":{\"@id\":\"https:\/\/cuciroma.com\/#organization\"},\"potentialAction\":[{\"@type\":\"SearchAction\",\"target\":{\"@type\":\"EntryPoint\",\"urlTemplate\":\"https:\/\/cuciroma.com\/?s={search_term_string}\"},\"query-input\":{\"@type\":\"PropertyValueSpecification\",\"valueRequired\":true,\"valueName\":\"search_term_string\"}}],\"inLanguage\":\"en-US\"},{\"@type\":\"Organization\",\"@id\":\"https:\/\/cuciroma.com\/#organization\",\"name\":\"Cuciroma\",\"url\":\"https:\/\/cuciroma.com\/\",\"logo\":{\"@type\":\"ImageObject\",\"inLanguage\":\"en-US\",\"@id\":\"https:\/\/cuciroma.com\/#\/schema\/logo\/image\/\",\"url\":\"https:\/\/cuciroma.com\/wp-content\/uploads\/2020\/07\/logo-cuciroma.png\",\"contentUrl\":\"https:\/\/cuciroma.com\/wp-content\/uploads\/2020\/07\/logo-cuciroma.png\",\"width\":565,\"height\":159,\"caption\":\"Cuciroma\"},\"image\":{\"@id\":\"https:\/\/cuciroma.com\/#\/schema\/logo\/image\/\"},\"sameAs\":[\"https:\/\/www.facebook.com\/cuciroma\/\",\"https:\/\/www.instagram.com\/cuciroma\/\"]}]}<\/script>\n<!-- \/ Yoast SEO plugin. -->","yoast_head_json":{"title":"Juki MO-1000 - Cuciroma | Macchine da cucire e accessori per il ricamo","robots":{"index":"index","follow":"follow","max-snippet":"max-snippet:-1","max-image-preview":"max-image-preview:large","max-video-preview":"max-video-preview:-1"},"canonical":"https:\/\/cuciroma.com\/en\/prodotto\/juki-mo-1000\/","og_locale":"en_US","og_type":"article","og_title":"Juki MO-1000 - Cuciroma | Macchine da cucire e accessori per il ricamo","og_description":"\u00a0La Juki MO-1000 \u00e8 il\u00a0 top di gamma della linea di taglia-cuci della Juki. La Juki MO-1000 Overlock utilizza un innovativo sistema\u00a0 d'infilatura ad Aria dotata di un\u00a0 pulsante che premuto, soffia un forte getto d'aria spingendo i fili attraverso i due crochet. La Juki MO-1000 grazie a questo meccanismo \u00e8 la tagliacuci pi\u00f9 facile da infilare sul mercato. Un altra grandissima novit\u00e0 di questo modello \u00e8 l'infila ago automatico! Volete un taglia-cuci di qualit\u00e0, che sia facile da infilare? Non guardate oltre. La Juki MO-1000 si avvicina di molto alla qualit\u00e0 delle taglia-cuci professionali Juki","og_url":"https:\/\/cuciroma.com\/en\/prodotto\/juki-mo-1000\/","og_site_name":"Cuciroma | Macchine da cucire e accessori per il ricamo","article_publisher":"https:\/\/www.facebook.com\/cuciroma\/","article_modified_time":"2024-07-26T15:14:37+00:00","og_image":[{"width":600,"height":600,"url":"https:\/\/cuciroma.com\/wp-content\/uploads\/2015\/07\/juki-mo-1000.jpg","type":"image\/jpeg"}],"twitter_card":"summary_large_image","twitter_misc":{"Est. reading time":"1 minute"},"schema":{"@context":"https:\/\/schema.org","@graph":[{"@type":"WebPage","@id":"https:\/\/cuciroma.com\/en\/prodotto\/juki-mo-1000\/","url":"https:\/\/cuciroma.com\/en\/prodotto\/juki-mo-1000\/","name":"Juki MO-1000 - Cuciroma | Macchine da cucire e accessori per il ricamo","isPartOf":{"@id":"https:\/\/cuciroma.com\/#website"},"primaryImageOfPage":{"@id":"https:\/\/cuciroma.com\/en\/prodotto\/juki-mo-1000\/#primaryimage"},"image":{"@id":"https:\/\/cuciroma.com\/en\/prodotto\/juki-mo-1000\/#primaryimage"},"thumbnailUrl":"https:\/\/cuciroma.com\/wp-content\/uploads\/2015\/07\/juki-mo-1000.jpg","datePublished":"2015-07-14T09:05:10+00:00","dateModified":"2024-07-26T15:14:37+00:00","breadcrumb":{"@id":"https:\/\/cuciroma.com\/en\/prodotto\/juki-mo-1000\/#breadcrumb"},"inLanguage":"en-US","potentialAction":[{"@type":"ReadAction","target":["https:\/\/cuciroma.com\/en\/prodotto\/juki-mo-1000\/"]}]},{"@type":"ImageObject","inLanguage":"en-US","@id":"https:\/\/cuciroma.com\/en\/prodotto\/juki-mo-1000\/#primaryimage","url":"https:\/\/cuciroma.com\/wp-content\/uploads\/2015\/07\/juki-mo-1000.jpg","contentUrl":"https:\/\/cuciroma.com\/wp-content\/uploads\/2015\/07\/juki-mo-1000.jpg","width":600,"height":600},{"@type":"BreadcrumbList","@id":"https:\/\/cuciroma.com\/en\/prodotto\/juki-mo-1000\/#breadcrumb","itemListElement":[{"@type":"ListItem","position":1,"name":"Shop On line","item":"https:\/\/cuciroma.com\/shop\/"},{"@type":"ListItem","position":2,"name":"Juki MO-1000"}]},{"@type":"WebSite","@id":"https:\/\/cuciroma.com\/#website","url":"https:\/\/cuciroma.com\/","name":"Cuciroma | Macchine da cucire e accessori per il ricamo","description":"Rivenditore e Assistenza autorizzata Macchine da Cucire Professionali","publisher":{"@id":"https:\/\/cuciroma.com\/#organization"},"potentialAction":[{"@type":"SearchAction","target":{"@type":"EntryPoint","urlTemplate":"https:\/\/cuciroma.com\/?s={search_term_string}"},"query-input":{"@type":"PropertyValueSpecification","valueRequired":true,"valueName":"search_term_string"}}],"inLanguage":"en-US"},{"@type":"Organization","@id":"https:\/\/cuciroma.com\/#organization","name":"Cuciroma","url":"https:\/\/cuciroma.com\/","logo":{"@type":"ImageObject","inLanguage":"en-US","@id":"https:\/\/cuciroma.com\/#\/schema\/logo\/image\/","url":"https:\/\/cuciroma.com\/wp-content\/uploads\/2020\/07\/logo-cuciroma.png","contentUrl":"https:\/\/cuciroma.com\/wp-content\/uploads\/2020\/07\/logo-cuciroma.png","width":565,"height":159,"caption":"Cuciroma"},"image":{"@id":"https:\/\/cuciroma.com\/#\/schema\/logo\/image\/"},"sameAs":["https:\/\/www.facebook.com\/cuciroma\/","https:\/\/www.instagram.com\/cuciroma\/"]}]}},"df_price":1549,"df_sale_price":"","df_regular_price":1549,"df_image_link":"https:\/\/cuciroma.com\/wp-content\/uploads\/2015\/07\/juki-mo-1000-300x300.jpg","_links":{"self":[{"href":"https:\/\/cuciroma.com\/en\/wp-json\/wp\/v2\/product\/6671","targetHints":{"allow":["GET"]}}],"collection":[{"href":"https:\/\/cuciroma.com\/en\/wp-json\/wp\/v2\/product"}],"about":[{"href":"https:\/\/cuciroma.com\/en\/wp-json\/wp\/v2\/types\/product"}],"replies":[{"embeddable":true,"href":"https:\/\/cuciroma.com\/en\/wp-json\/wp\/v2\/comments?post=6671"}],"wp:featuredmedia":[{"embeddable":true,"href":"https:\/\/cuciroma.com\/en\/wp-json\/wp\/v2\/media\/10440"}],"wp:attachment":[{"href":"https:\/\/cuciroma.com\/en\/wp-json\/wp\/v2\/media?parent=6671"}],"wp:term":[{"taxonomy":"product_brand","embeddable":true,"href":"https:\/\/cuciroma.com\/en\/wp-json\/wp\/v2\/product_brand?post=6671"},{"taxonomy":"product_cat","embeddable":true,"href":"https:\/\/cuciroma.com\/en\/wp-json\/wp\/v2\/product_cat?post=6671"},{"taxonomy":"product_tag","embeddable":true,"href":"https:\/\/cuciroma.com\/en\/wp-json\/wp\/v2\/product_tag?post=6671"}],"curies":[{"name":"wp","href":"https:\/\/api.w.org\/{rel}","templated":true}]}}