{"id":6662,"date":"2015-07-14T18:34:58","date_gmt":"2015-07-14T16:34:58","guid":{"rendered":"https:\/\/cuciroma.com\/prodotto\/husqvarna-h-class-e-20-2\/"},"modified":"2024-09-12T11:09:17","modified_gmt":"2024-09-12T09:09:17","slug":"husqvarna-h-class-e-20","status":"publish","type":"product","link":"https:\/\/cuciroma.com\/en\/prodotto\/husqvarna-h-class-e-20\/","title":{"rendered":"HUSQVARNA H CLASS E 20"},"content":{"rendered":"<p><a href=\"https:\/\/cuciroma.com\/wp-content\/uploads\/2017\/09\/telefono-rosso1.jpg\"><img loading=\"lazy\" decoding=\"async\" class=\" size-full wp-image-13539 aligncenter\" src=\"https:\/\/cuciroma.com\/wp-content\/uploads\/2017\/09\/telefono-rosso1.jpg\" alt=\"telefono rosso\" width=\"131\" height=\"138\" \/><\/a><\/p>\n<p>Macchina per cucire meccanica. 32 punti facili e divertenti, tra cui i punti utili, i punti decorativi e i punti elastici. La lunghezza del punto pu\u00f2 essere regolata fino a 4mm e la larghezza fino a 5mm per darti la possibilit\u00e0 di realizzare ogni punto in maniera personalizzata e renderlo cos\u00ec unico. Il fatto di avere poi a disposizione i punti elastici ti apre l\u2019accesso alla grande quantit\u00e0 di tessuti che oggi sono in commercio, ma non solo perch\u00e9 il punto triplo, eseguito sia a zia zag che nella modalit\u00e0 lineare, d\u00e0 luogo ad un punto eclettico, utilizzabile sia per la sua robustezza che per la sua particolare bellezza. Indispensabile per modificare ed reinventare il tuo guardaroba, questa macchina ti offre anche la possibilit\u00e0 di creare il necessario per la tua casa, per la tua famiglia, per il tuo cucciolo e per tutti i tuoi regali. L\u2019infila ago incorporato poi facilit\u00e0 la messa in opera della macchina riducendo i tempi per iniziare la lavorazione. L\u2019asola viene realizzata in un unico passaggio, il che significa asole sempre perfettamente uguali, tutte, una all\u2019altra! Gli accessori poi a tua disposizione sono tanti e subito utilizzabili Ottima per le entry level ma non solo, questa macchina vi regala risultati professionali e facilmente realizzabili.<\/p>\n<p><span style=\"color: #800000;\"><strong>Specifiche:<\/strong><\/span><\/p>\n<ul>\n<li>Selezione facile dei punti<\/li>\n<li>Asola in un unico passaggio<\/li>\n<li>Infila-ago incorporato<\/li>\n<li>7 accessori extra inclusi<\/li>\n<li>Custodia morbida inclusa<\/li>\n<li>32 punti facili e divertenti, tra cui i punti utili, i punti decorativi e i punti elastici.<\/li>\n<li>La lunghezza dei punti pu\u00f2 essere regolata facilmente tra 0 e 4 mm. E la larghezza arriva fino a 5 mm.<\/li>\n<li>La pressione del piedino \u00e8 regolabile, per garantirti degli ottimi risultati su tessuti difficili.<\/li>\n<\/ul>\n<p><span style=\"color: #800000;\"><strong>Accessori in dotazione:<\/strong><\/span><\/p>\n<p>Piedino standard &#8211;\u00a0 Piedino per cerniere &#8211; Piedino per punti decorativi &#8211; Piedino per orlo invisibile &#8211; Piedino per quilt &#8211; Piedino mano libera\/rammendo &#8211; Piedino per asola &#8211; Giravite &#8211;\u00a0 Taglia asole\/pennello &#8211; Olio &#8211; Secondo porta rocchetto &#8211; Ferma<\/p>\n<p>&nbsp;<\/p>\n<p>&nbsp;<\/p>\n","protected":false},"excerpt":{"rendered":"<p>Macchina per cucire meccanica. <strong>32 punti a tua disposizione variabili fino ad una lunghezza di 4mm e ad una larghezza di 5mm<\/strong> per regalarti la possibilit\u00e0 di personalizzare ogni tuo punto.L\u2019asola viene realizzata in un solo passaggio il che significa asole tutte uguali l\u2019una all\u2019altra! Infila ago incorporato, leva retromarcia, selettori per scelta veloce e diretta del punto, tutti gli accorgimenti per rendere comodo e professionale il tuo lavoro.<\/p>\n","protected":false},"featured_media":14707,"comment_status":"closed","ping_status":"closed","template":"","meta":[],"product_brand":[],"product_cat":[195],"product_tag":[],"class_list":{"0":"post-6662","1":"product","2":"type-product","3":"status-publish","4":"has-post-thumbnail","6":"product_cat-husqvarna-viking-meccaniche-en","7":"pa_trovaprezzi-pubblicato-en","9":"first","10":"instock","11":"taxable","12":"shipping-taxable","13":"purchasable","14":"product-type-simple"},"yoast_head":"<!-- This site is optimized with the Yoast SEO plugin v27.2 - https:\/\/yoast.com\/product\/yoast-seo-wordpress\/ -->\n<title>HUSQVARNA H CLASS E 20 - Cuciroma | Macchine da cucire e accessori per il ricamo<\/title>\n<meta name=\"robots\" content=\"index, follow, max-snippet:-1, max-image-preview:large, max-video-preview:-1\" \/>\n<link rel=\"canonical\" href=\"https:\/\/cuciroma.com\/prodotto\/husqvarna-h-class-e-20\/\" \/>\n<meta property=\"og:locale\" content=\"en_US\" \/>\n<meta property=\"og:type\" content=\"article\" \/>\n<meta property=\"og:title\" content=\"HUSQVARNA H CLASS E 20 - Cuciroma | Macchine da cucire e accessori per il ricamo\" \/>\n<meta property=\"og:description\" content=\"Macchina per cucire meccanica. 32 punti a tua disposizione variabili fino ad una lunghezza di 4mm e ad una larghezza di 5mm per regalarti la possibilit\u00e0 di personalizzare ogni tuo punto.L\u2019asola viene realizzata in un solo passaggio il che significa asole tutte uguali l\u2019una all\u2019altra! Infila ago incorporato, leva retromarcia, selettori per scelta veloce e diretta del punto, tutti gli accorgimenti per rendere comodo e professionale il tuo lavoro.\" \/>\n<meta property=\"og:url\" content=\"https:\/\/cuciroma.com\/prodotto\/husqvarna-h-class-e-20\/\" \/>\n<meta property=\"og:site_name\" content=\"Cuciroma | Macchine da cucire e accessori per il ricamo\" \/>\n<meta property=\"article:publisher\" content=\"https:\/\/www.facebook.com\/cuciroma\/\" \/>\n<meta property=\"article:modified_time\" content=\"2024-09-12T09:09:17+00:00\" \/>\n<meta property=\"og:image\" content=\"https:\/\/cuciroma.com\/wp-content\/uploads\/2015\/07\/husquarna-e-20-b.jpg\" \/>\n\t<meta property=\"og:image:width\" content=\"425\" \/>\n\t<meta property=\"og:image:height\" content=\"363\" \/>\n\t<meta property=\"og:image:type\" content=\"image\/jpeg\" \/>\n<meta name=\"twitter:card\" content=\"summary_large_image\" \/>\n<meta name=\"twitter:label1\" content=\"Est. reading time\" \/>\n\t<meta name=\"twitter:data1\" content=\"2 minutes\" \/>\n<script type=\"application\/ld+json\" class=\"yoast-schema-graph\">{\"@context\":\"https:\/\/schema.org\",\"@graph\":[{\"@type\":\"WebPage\",\"@id\":\"https:\/\/cuciroma.com\/prodotto\/husqvarna-h-class-e-20\/\",\"url\":\"https:\/\/cuciroma.com\/prodotto\/husqvarna-h-class-e-20\/\",\"name\":\"HUSQVARNA H CLASS E 20 - Cuciroma | Macchine da cucire e accessori per il ricamo\",\"isPartOf\":{\"@id\":\"https:\/\/cuciroma.com\/#website\"},\"primaryImageOfPage\":{\"@id\":\"https:\/\/cuciroma.com\/prodotto\/husqvarna-h-class-e-20\/#primaryimage\"},\"image\":{\"@id\":\"https:\/\/cuciroma.com\/prodotto\/husqvarna-h-class-e-20\/#primaryimage\"},\"thumbnailUrl\":\"https:\/\/cuciroma.com\/wp-content\/uploads\/2015\/07\/husquarna-e-20-b.jpg\",\"datePublished\":\"2015-07-14T16:34:58+00:00\",\"dateModified\":\"2024-09-12T09:09:17+00:00\",\"breadcrumb\":{\"@id\":\"https:\/\/cuciroma.com\/prodotto\/husqvarna-h-class-e-20\/#breadcrumb\"},\"inLanguage\":\"en-US\",\"potentialAction\":[{\"@type\":\"ReadAction\",\"target\":[\"https:\/\/cuciroma.com\/prodotto\/husqvarna-h-class-e-20\/\"]}]},{\"@type\":\"ImageObject\",\"inLanguage\":\"en-US\",\"@id\":\"https:\/\/cuciroma.com\/prodotto\/husqvarna-h-class-e-20\/#primaryimage\",\"url\":\"https:\/\/cuciroma.com\/wp-content\/uploads\/2015\/07\/husquarna-e-20-b.jpg\",\"contentUrl\":\"https:\/\/cuciroma.com\/wp-content\/uploads\/2015\/07\/husquarna-e-20-b.jpg\",\"width\":425,\"height\":363},{\"@type\":\"BreadcrumbList\",\"@id\":\"https:\/\/cuciroma.com\/prodotto\/husqvarna-h-class-e-20\/#breadcrumb\",\"itemListElement\":[{\"@type\":\"ListItem\",\"position\":1,\"name\":\"Shop On line\",\"item\":\"https:\/\/cuciroma.com\/shop\/\"},{\"@type\":\"ListItem\",\"position\":2,\"name\":\"HUSQVARNA H CLASS E 20\"}]},{\"@type\":\"WebSite\",\"@id\":\"https:\/\/cuciroma.com\/#website\",\"url\":\"https:\/\/cuciroma.com\/\",\"name\":\"Cuciroma | Macchine da cucire e accessori per il ricamo\",\"description\":\"Rivenditore e Assistenza autorizzata Macchine da Cucire Professionali\",\"publisher\":{\"@id\":\"https:\/\/cuciroma.com\/#organization\"},\"potentialAction\":[{\"@type\":\"SearchAction\",\"target\":{\"@type\":\"EntryPoint\",\"urlTemplate\":\"https:\/\/cuciroma.com\/?s={search_term_string}\"},\"query-input\":{\"@type\":\"PropertyValueSpecification\",\"valueRequired\":true,\"valueName\":\"search_term_string\"}}],\"inLanguage\":\"en-US\"},{\"@type\":\"Organization\",\"@id\":\"https:\/\/cuciroma.com\/#organization\",\"name\":\"Cuciroma\",\"url\":\"https:\/\/cuciroma.com\/\",\"logo\":{\"@type\":\"ImageObject\",\"inLanguage\":\"en-US\",\"@id\":\"https:\/\/cuciroma.com\/#\/schema\/logo\/image\/\",\"url\":\"https:\/\/cuciroma.com\/wp-content\/uploads\/2020\/07\/logo-cuciroma.png\",\"contentUrl\":\"https:\/\/cuciroma.com\/wp-content\/uploads\/2020\/07\/logo-cuciroma.png\",\"width\":565,\"height\":159,\"caption\":\"Cuciroma\"},\"image\":{\"@id\":\"https:\/\/cuciroma.com\/#\/schema\/logo\/image\/\"},\"sameAs\":[\"https:\/\/www.facebook.com\/cuciroma\/\",\"https:\/\/www.instagram.com\/cuciroma\/\"]}]}<\/script>\n<!-- \/ Yoast SEO plugin. -->","yoast_head_json":{"title":"HUSQVARNA H CLASS E 20 - Cuciroma | Macchine da cucire e accessori per il ricamo","robots":{"index":"index","follow":"follow","max-snippet":"max-snippet:-1","max-image-preview":"max-image-preview:large","max-video-preview":"max-video-preview:-1"},"canonical":"https:\/\/cuciroma.com\/prodotto\/husqvarna-h-class-e-20\/","og_locale":"en_US","og_type":"article","og_title":"HUSQVARNA H CLASS E 20 - Cuciroma | Macchine da cucire e accessori per il ricamo","og_description":"Macchina per cucire meccanica. 32 punti a tua disposizione variabili fino ad una lunghezza di 4mm e ad una larghezza di 5mm per regalarti la possibilit\u00e0 di personalizzare ogni tuo punto.L\u2019asola viene realizzata in un solo passaggio il che significa asole tutte uguali l\u2019una all\u2019altra! Infila ago incorporato, leva retromarcia, selettori per scelta veloce e diretta del punto, tutti gli accorgimenti per rendere comodo e professionale il tuo lavoro.","og_url":"https:\/\/cuciroma.com\/prodotto\/husqvarna-h-class-e-20\/","og_site_name":"Cuciroma | Macchine da cucire e accessori per il ricamo","article_publisher":"https:\/\/www.facebook.com\/cuciroma\/","article_modified_time":"2024-09-12T09:09:17+00:00","og_image":[{"width":425,"height":363,"url":"https:\/\/cuciroma.com\/wp-content\/uploads\/2015\/07\/husquarna-e-20-b.jpg","type":"image\/jpeg"}],"twitter_card":"summary_large_image","twitter_misc":{"Est. reading time":"2 minutes"},"schema":{"@context":"https:\/\/schema.org","@graph":[{"@type":"WebPage","@id":"https:\/\/cuciroma.com\/prodotto\/husqvarna-h-class-e-20\/","url":"https:\/\/cuciroma.com\/prodotto\/husqvarna-h-class-e-20\/","name":"HUSQVARNA H CLASS E 20 - Cuciroma | Macchine da cucire e accessori per il ricamo","isPartOf":{"@id":"https:\/\/cuciroma.com\/#website"},"primaryImageOfPage":{"@id":"https:\/\/cuciroma.com\/prodotto\/husqvarna-h-class-e-20\/#primaryimage"},"image":{"@id":"https:\/\/cuciroma.com\/prodotto\/husqvarna-h-class-e-20\/#primaryimage"},"thumbnailUrl":"https:\/\/cuciroma.com\/wp-content\/uploads\/2015\/07\/husquarna-e-20-b.jpg","datePublished":"2015-07-14T16:34:58+00:00","dateModified":"2024-09-12T09:09:17+00:00","breadcrumb":{"@id":"https:\/\/cuciroma.com\/prodotto\/husqvarna-h-class-e-20\/#breadcrumb"},"inLanguage":"en-US","potentialAction":[{"@type":"ReadAction","target":["https:\/\/cuciroma.com\/prodotto\/husqvarna-h-class-e-20\/"]}]},{"@type":"ImageObject","inLanguage":"en-US","@id":"https:\/\/cuciroma.com\/prodotto\/husqvarna-h-class-e-20\/#primaryimage","url":"https:\/\/cuciroma.com\/wp-content\/uploads\/2015\/07\/husquarna-e-20-b.jpg","contentUrl":"https:\/\/cuciroma.com\/wp-content\/uploads\/2015\/07\/husquarna-e-20-b.jpg","width":425,"height":363},{"@type":"BreadcrumbList","@id":"https:\/\/cuciroma.com\/prodotto\/husqvarna-h-class-e-20\/#breadcrumb","itemListElement":[{"@type":"ListItem","position":1,"name":"Shop On line","item":"https:\/\/cuciroma.com\/shop\/"},{"@type":"ListItem","position":2,"name":"HUSQVARNA H CLASS E 20"}]},{"@type":"WebSite","@id":"https:\/\/cuciroma.com\/#website","url":"https:\/\/cuciroma.com\/","name":"Cuciroma | Macchine da cucire e accessori per il ricamo","description":"Rivenditore e Assistenza autorizzata Macchine da Cucire Professionali","publisher":{"@id":"https:\/\/cuciroma.com\/#organization"},"potentialAction":[{"@type":"SearchAction","target":{"@type":"EntryPoint","urlTemplate":"https:\/\/cuciroma.com\/?s={search_term_string}"},"query-input":{"@type":"PropertyValueSpecification","valueRequired":true,"valueName":"search_term_string"}}],"inLanguage":"en-US"},{"@type":"Organization","@id":"https:\/\/cuciroma.com\/#organization","name":"Cuciroma","url":"https:\/\/cuciroma.com\/","logo":{"@type":"ImageObject","inLanguage":"en-US","@id":"https:\/\/cuciroma.com\/#\/schema\/logo\/image\/","url":"https:\/\/cuciroma.com\/wp-content\/uploads\/2020\/07\/logo-cuciroma.png","contentUrl":"https:\/\/cuciroma.com\/wp-content\/uploads\/2020\/07\/logo-cuciroma.png","width":565,"height":159,"caption":"Cuciroma"},"image":{"@id":"https:\/\/cuciroma.com\/#\/schema\/logo\/image\/"},"sameAs":["https:\/\/www.facebook.com\/cuciroma\/","https:\/\/www.instagram.com\/cuciroma\/"]}]}},"df_price":369,"df_sale_price":"","df_regular_price":369,"df_image_link":"https:\/\/cuciroma.com\/wp-content\/uploads\/2015\/07\/husquarna-e-20-b-300x256.jpg","_links":{"self":[{"href":"https:\/\/cuciroma.com\/en\/wp-json\/wp\/v2\/product\/6662","targetHints":{"allow":["GET"]}}],"collection":[{"href":"https:\/\/cuciroma.com\/en\/wp-json\/wp\/v2\/product"}],"about":[{"href":"https:\/\/cuciroma.com\/en\/wp-json\/wp\/v2\/types\/product"}],"replies":[{"embeddable":true,"href":"https:\/\/cuciroma.com\/en\/wp-json\/wp\/v2\/comments?post=6662"}],"wp:featuredmedia":[{"embeddable":true,"href":"https:\/\/cuciroma.com\/en\/wp-json\/wp\/v2\/media\/14707"}],"wp:attachment":[{"href":"https:\/\/cuciroma.com\/en\/wp-json\/wp\/v2\/media?parent=6662"}],"wp:term":[{"taxonomy":"product_brand","embeddable":true,"href":"https:\/\/cuciroma.com\/en\/wp-json\/wp\/v2\/product_brand?post=6662"},{"taxonomy":"product_cat","embeddable":true,"href":"https:\/\/cuciroma.com\/en\/wp-json\/wp\/v2\/product_cat?post=6662"},{"taxonomy":"product_tag","embeddable":true,"href":"https:\/\/cuciroma.com\/en\/wp-json\/wp\/v2\/product_tag?post=6662"}],"curies":[{"name":"wp","href":"https:\/\/api.w.org\/{rel}","templated":true}]}}