{"id":6645,"date":"2015-07-15T12:26:56","date_gmt":"2015-07-15T10:26:56","guid":{"rendered":"https:\/\/cuciroma.com\/prodotto\/husqvarna-viking-eden-rose-250m-2\/"},"modified":"2018-05-26T19:11:54","modified_gmt":"2018-05-26T17:11:54","slug":"husqvarna-viking-eden-rose-250m","status":"publish","type":"product","link":"https:\/\/cuciroma.com\/en\/prodotto\/husqvarna-viking-eden-rose-250m\/","title":{"rendered":"Husqvarna Viking Eden Rose 250M"},"content":{"rendered":"<p><a href=\"https:\/\/cuciroma.com\/wp-content\/uploads\/2017\/09\/telefono-rosso1.jpg\"><img loading=\"lazy\" decoding=\"async\" class=\" size-full wp-image-13539 aligncenter\" src=\"https:\/\/cuciroma.com\/wp-content\/uploads\/2017\/09\/telefono-rosso1.jpg\" alt=\"telefono rosso\" width=\"131\" height=\"138\" \/><\/a><strong>La Husqvarna Viking Eden Rose 250M a diverse caratteristiche tra cui punti oltre 20 punti, decorativi, utili, elastici, dotata di un guida di cucito con relativa tabella di riferimento, dove vengono riportate le impostazione consigliate per eseguire la vostra tecnica di cucitura e il tipo di tessuto. Questa macchina \u00e8 robusta ed equilibrata per ogni tipo di creazione sartoriale, adatta per i principianti o per i pi\u00f9 esperti!<\/strong><br \/>\n<strong>Lasciatevi ispirare dalla bellezza intorno a voi. L&#8217;aspetto femminile della macchina da cucire Eden Rose 250M e le sue caratteristiche uniche vi spingeranno a realizzare i progetti migliori. La compagna di lavoro perfetta per ogni realizzazione. Facile Da Usare: Tutti i punti sono mostrati chiaramente di fronte a voi. Scegli il tuo punto semplicemente ruotando la manopola per il numero del punto selezionato.\u00a0 Infila aghi: Non pi\u00f9 alla ricerca della cruna. Lasciate all&#8217;infila ago di fare il proprio lavoro e inizierete\u00a0 a cucire!<\/strong><\/p>\n<p><strong>Asole: Perfette in un colpo solo! Larghezza delle asole possono essere regolate fino a 5 mm. Controllo della velocit\u00e0: Impostare la velocit\u00e0 minima di cucitura, cos\u00ec non c&#8217;\u00e8 rischio di andare troppo veloce. Ago alto \/ basso: Imposta l&#8217;ago in modo da fermarsi sempre fuori del tessuto, o verso il basso per far ruotare agevolmente il tessuto. Punti essenziali: 22 punti di cucitura essenziali, tra cui punti elastici, orli invisibili, coperto, e punti decorativi, oltre a un occhiello in un unico passaggio.<\/strong><\/p>\n<p><span style=\"color: #800000;\"><strong>Specifiche:<\/strong><\/span><br \/>\n<strong>&#8211; 22 punti<\/strong><br \/>\n<strong>&#8211; Asole in un solo tempo<\/strong><br \/>\n<strong>&#8211; Crochet rotativo <\/strong><br \/>\n<strong>&#8211; Tensione del filo regolabile<\/strong><br \/>\n<strong>&#8211; Pressione del piedino regolabile<\/strong><br \/>\n<strong>&#8211; Larghezza del punto regolabile a 5mm &#8211; Lunghezza punto regolabile a 4mm<\/strong><br \/>\n<strong>&#8211; Facile selezione dei punti<\/strong><br \/>\n<strong>&#8211; Infila ago<\/strong><br \/>\n<strong>&#8211; Placca di rammendo<\/strong><br \/>\n<strong>&#8211; Piedino a scatto<\/strong><br \/>\n<strong>&#8211; Controllo elettronico della velocit\u00e0<\/strong><\/p>\n<p><span style=\"color: #800000;\"><strong>Accessori in dotazione:<\/strong><\/span><br \/>\n<strong>Piedino per punti utili A &#8211; Piedino per punti decorativi B &#8211; Piedino per asole C &#8211; Piedino regolabile per orlo invisibile &#8211; Piedino per cerniere E &#8211; Piedino scorrevole H &#8211; Piedino per rifiniture J \u2013 Piedino R per asole in un unico passaggio<\/strong><\/p>\n<p>&nbsp;<\/p>\n","protected":false},"excerpt":{"rendered":"<p><strong>La Husqvarna Viking Eden Rose 250M a diverse caratteristiche tra cui punti oltre 20 punti, decorativi, utili, elastici, dotata di un guida di cucito con relativa tabella di riferimento, dove vengono riportate le impostazione consigliate per eseguire la vostra tecnica di cucitura e il tipo di tessuto. Questa macchina \u00e8 robusta ed equilibrata per ogni tipo di creazione sartoriale, adatta per i principianti o per i pi\u00f9 esperti!<\/strong><\/p>\n","protected":false},"featured_media":10396,"comment_status":"closed","ping_status":"closed","template":"","meta":[],"product_brand":[],"product_cat":[195],"product_tag":[],"class_list":{"0":"post-6645","1":"product","2":"type-product","3":"status-publish","4":"has-post-thumbnail","6":"product_cat-husqvarna-viking-meccaniche-en","7":"pa_trovaprezzi-pubblicato","9":"first","10":"instock","11":"taxable","12":"shipping-taxable","13":"purchasable","14":"product-type-simple"},"yoast_head":"<!-- This site is optimized with the Yoast SEO plugin v27.2 - https:\/\/yoast.com\/product\/yoast-seo-wordpress\/ -->\n<title>Husqvarna Viking Eden Rose 250M - Cuciroma | Macchine da cucire e accessori per il ricamo<\/title>\n<meta name=\"robots\" content=\"index, follow, max-snippet:-1, max-image-preview:large, max-video-preview:-1\" \/>\n<link rel=\"canonical\" href=\"https:\/\/cuciroma.com\/en\/prodotto\/husqvarna-viking-eden-rose-250m\/\" \/>\n<meta property=\"og:locale\" content=\"en_US\" \/>\n<meta property=\"og:type\" content=\"article\" \/>\n<meta property=\"og:title\" content=\"Husqvarna Viking Eden Rose 250M - Cuciroma | Macchine da cucire e accessori per il ricamo\" \/>\n<meta property=\"og:description\" content=\"La Husqvarna Viking Eden Rose 250M a diverse caratteristiche tra cui punti oltre 20 punti, decorativi, utili, elastici, dotata di un guida di cucito con relativa tabella di riferimento, dove vengono riportate le impostazione consigliate per eseguire la vostra tecnica di cucitura e il tipo di tessuto. Questa macchina \u00e8 robusta ed equilibrata per ogni tipo di creazione sartoriale, adatta per i principianti o per i pi\u00f9 esperti!\" \/>\n<meta property=\"og:url\" content=\"https:\/\/cuciroma.com\/en\/prodotto\/husqvarna-viking-eden-rose-250m\/\" \/>\n<meta property=\"og:site_name\" content=\"Cuciroma | Macchine da cucire e accessori per il ricamo\" \/>\n<meta property=\"article:publisher\" content=\"https:\/\/www.facebook.com\/cuciroma\/\" \/>\n<meta property=\"article:modified_time\" content=\"2018-05-26T17:11:54+00:00\" \/>\n<meta property=\"og:image\" content=\"https:\/\/cuciroma.com\/wp-content\/uploads\/2015\/07\/usq-250m.jpg\" \/>\n\t<meta property=\"og:image:width\" content=\"579\" \/>\n\t<meta property=\"og:image:height\" content=\"338\" \/>\n\t<meta property=\"og:image:type\" content=\"image\/jpeg\" \/>\n<meta name=\"twitter:card\" content=\"summary_large_image\" \/>\n<meta name=\"twitter:label1\" content=\"Est. reading time\" \/>\n\t<meta name=\"twitter:data1\" content=\"2 minutes\" \/>\n<script type=\"application\/ld+json\" class=\"yoast-schema-graph\">{\"@context\":\"https:\/\/schema.org\",\"@graph\":[{\"@type\":\"WebPage\",\"@id\":\"https:\/\/cuciroma.com\/en\/prodotto\/husqvarna-viking-eden-rose-250m\/\",\"url\":\"https:\/\/cuciroma.com\/en\/prodotto\/husqvarna-viking-eden-rose-250m\/\",\"name\":\"Husqvarna Viking Eden Rose 250M - Cuciroma | Macchine da cucire e accessori per il ricamo\",\"isPartOf\":{\"@id\":\"https:\/\/cuciroma.com\/#website\"},\"primaryImageOfPage\":{\"@id\":\"https:\/\/cuciroma.com\/en\/prodotto\/husqvarna-viking-eden-rose-250m\/#primaryimage\"},\"image\":{\"@id\":\"https:\/\/cuciroma.com\/en\/prodotto\/husqvarna-viking-eden-rose-250m\/#primaryimage\"},\"thumbnailUrl\":\"https:\/\/cuciroma.com\/wp-content\/uploads\/2015\/07\/usq-250m.jpg\",\"datePublished\":\"2015-07-15T10:26:56+00:00\",\"dateModified\":\"2018-05-26T17:11:54+00:00\",\"breadcrumb\":{\"@id\":\"https:\/\/cuciroma.com\/en\/prodotto\/husqvarna-viking-eden-rose-250m\/#breadcrumb\"},\"inLanguage\":\"en-US\",\"potentialAction\":[{\"@type\":\"ReadAction\",\"target\":[\"https:\/\/cuciroma.com\/en\/prodotto\/husqvarna-viking-eden-rose-250m\/\"]}]},{\"@type\":\"ImageObject\",\"inLanguage\":\"en-US\",\"@id\":\"https:\/\/cuciroma.com\/en\/prodotto\/husqvarna-viking-eden-rose-250m\/#primaryimage\",\"url\":\"https:\/\/cuciroma.com\/wp-content\/uploads\/2015\/07\/usq-250m.jpg\",\"contentUrl\":\"https:\/\/cuciroma.com\/wp-content\/uploads\/2015\/07\/usq-250m.jpg\",\"width\":579,\"height\":338},{\"@type\":\"BreadcrumbList\",\"@id\":\"https:\/\/cuciroma.com\/en\/prodotto\/husqvarna-viking-eden-rose-250m\/#breadcrumb\",\"itemListElement\":[{\"@type\":\"ListItem\",\"position\":1,\"name\":\"Shop On line\",\"item\":\"https:\/\/cuciroma.com\/shop\/\"},{\"@type\":\"ListItem\",\"position\":2,\"name\":\"Husqvarna Viking Eden Rose 250M\"}]},{\"@type\":\"WebSite\",\"@id\":\"https:\/\/cuciroma.com\/#website\",\"url\":\"https:\/\/cuciroma.com\/\",\"name\":\"Cuciroma | Macchine da cucire e accessori per il ricamo\",\"description\":\"Rivenditore e Assistenza autorizzata Macchine da Cucire Professionali\",\"publisher\":{\"@id\":\"https:\/\/cuciroma.com\/#organization\"},\"potentialAction\":[{\"@type\":\"SearchAction\",\"target\":{\"@type\":\"EntryPoint\",\"urlTemplate\":\"https:\/\/cuciroma.com\/?s={search_term_string}\"},\"query-input\":{\"@type\":\"PropertyValueSpecification\",\"valueRequired\":true,\"valueName\":\"search_term_string\"}}],\"inLanguage\":\"en-US\"},{\"@type\":\"Organization\",\"@id\":\"https:\/\/cuciroma.com\/#organization\",\"name\":\"Cuciroma\",\"url\":\"https:\/\/cuciroma.com\/\",\"logo\":{\"@type\":\"ImageObject\",\"inLanguage\":\"en-US\",\"@id\":\"https:\/\/cuciroma.com\/#\/schema\/logo\/image\/\",\"url\":\"https:\/\/cuciroma.com\/wp-content\/uploads\/2020\/07\/logo-cuciroma.png\",\"contentUrl\":\"https:\/\/cuciroma.com\/wp-content\/uploads\/2020\/07\/logo-cuciroma.png\",\"width\":565,\"height\":159,\"caption\":\"Cuciroma\"},\"image\":{\"@id\":\"https:\/\/cuciroma.com\/#\/schema\/logo\/image\/\"},\"sameAs\":[\"https:\/\/www.facebook.com\/cuciroma\/\",\"https:\/\/www.instagram.com\/cuciroma\/\"]}]}<\/script>\n<!-- \/ Yoast SEO plugin. -->","yoast_head_json":{"title":"Husqvarna Viking Eden Rose 250M - Cuciroma | Macchine da cucire e accessori per il ricamo","robots":{"index":"index","follow":"follow","max-snippet":"max-snippet:-1","max-image-preview":"max-image-preview:large","max-video-preview":"max-video-preview:-1"},"canonical":"https:\/\/cuciroma.com\/en\/prodotto\/husqvarna-viking-eden-rose-250m\/","og_locale":"en_US","og_type":"article","og_title":"Husqvarna Viking Eden Rose 250M - Cuciroma | Macchine da cucire e accessori per il ricamo","og_description":"La Husqvarna Viking Eden Rose 250M a diverse caratteristiche tra cui punti oltre 20 punti, decorativi, utili, elastici, dotata di un guida di cucito con relativa tabella di riferimento, dove vengono riportate le impostazione consigliate per eseguire la vostra tecnica di cucitura e il tipo di tessuto. Questa macchina \u00e8 robusta ed equilibrata per ogni tipo di creazione sartoriale, adatta per i principianti o per i pi\u00f9 esperti!","og_url":"https:\/\/cuciroma.com\/en\/prodotto\/husqvarna-viking-eden-rose-250m\/","og_site_name":"Cuciroma | Macchine da cucire e accessori per il ricamo","article_publisher":"https:\/\/www.facebook.com\/cuciroma\/","article_modified_time":"2018-05-26T17:11:54+00:00","og_image":[{"width":579,"height":338,"url":"https:\/\/cuciroma.com\/wp-content\/uploads\/2015\/07\/usq-250m.jpg","type":"image\/jpeg"}],"twitter_card":"summary_large_image","twitter_misc":{"Est. reading time":"2 minutes"},"schema":{"@context":"https:\/\/schema.org","@graph":[{"@type":"WebPage","@id":"https:\/\/cuciroma.com\/en\/prodotto\/husqvarna-viking-eden-rose-250m\/","url":"https:\/\/cuciroma.com\/en\/prodotto\/husqvarna-viking-eden-rose-250m\/","name":"Husqvarna Viking Eden Rose 250M - Cuciroma | Macchine da cucire e accessori per il ricamo","isPartOf":{"@id":"https:\/\/cuciroma.com\/#website"},"primaryImageOfPage":{"@id":"https:\/\/cuciroma.com\/en\/prodotto\/husqvarna-viking-eden-rose-250m\/#primaryimage"},"image":{"@id":"https:\/\/cuciroma.com\/en\/prodotto\/husqvarna-viking-eden-rose-250m\/#primaryimage"},"thumbnailUrl":"https:\/\/cuciroma.com\/wp-content\/uploads\/2015\/07\/usq-250m.jpg","datePublished":"2015-07-15T10:26:56+00:00","dateModified":"2018-05-26T17:11:54+00:00","breadcrumb":{"@id":"https:\/\/cuciroma.com\/en\/prodotto\/husqvarna-viking-eden-rose-250m\/#breadcrumb"},"inLanguage":"en-US","potentialAction":[{"@type":"ReadAction","target":["https:\/\/cuciroma.com\/en\/prodotto\/husqvarna-viking-eden-rose-250m\/"]}]},{"@type":"ImageObject","inLanguage":"en-US","@id":"https:\/\/cuciroma.com\/en\/prodotto\/husqvarna-viking-eden-rose-250m\/#primaryimage","url":"https:\/\/cuciroma.com\/wp-content\/uploads\/2015\/07\/usq-250m.jpg","contentUrl":"https:\/\/cuciroma.com\/wp-content\/uploads\/2015\/07\/usq-250m.jpg","width":579,"height":338},{"@type":"BreadcrumbList","@id":"https:\/\/cuciroma.com\/en\/prodotto\/husqvarna-viking-eden-rose-250m\/#breadcrumb","itemListElement":[{"@type":"ListItem","position":1,"name":"Shop On line","item":"https:\/\/cuciroma.com\/shop\/"},{"@type":"ListItem","position":2,"name":"Husqvarna Viking Eden Rose 250M"}]},{"@type":"WebSite","@id":"https:\/\/cuciroma.com\/#website","url":"https:\/\/cuciroma.com\/","name":"Cuciroma | Macchine da cucire e accessori per il ricamo","description":"Rivenditore e Assistenza autorizzata Macchine da Cucire Professionali","publisher":{"@id":"https:\/\/cuciroma.com\/#organization"},"potentialAction":[{"@type":"SearchAction","target":{"@type":"EntryPoint","urlTemplate":"https:\/\/cuciroma.com\/?s={search_term_string}"},"query-input":{"@type":"PropertyValueSpecification","valueRequired":true,"valueName":"search_term_string"}}],"inLanguage":"en-US"},{"@type":"Organization","@id":"https:\/\/cuciroma.com\/#organization","name":"Cuciroma","url":"https:\/\/cuciroma.com\/","logo":{"@type":"ImageObject","inLanguage":"en-US","@id":"https:\/\/cuciroma.com\/#\/schema\/logo\/image\/","url":"https:\/\/cuciroma.com\/wp-content\/uploads\/2020\/07\/logo-cuciroma.png","contentUrl":"https:\/\/cuciroma.com\/wp-content\/uploads\/2020\/07\/logo-cuciroma.png","width":565,"height":159,"caption":"Cuciroma"},"image":{"@id":"https:\/\/cuciroma.com\/#\/schema\/logo\/image\/"},"sameAs":["https:\/\/www.facebook.com\/cuciroma\/","https:\/\/www.instagram.com\/cuciroma\/"]}]}},"df_price":448,"df_sale_price":"","df_regular_price":448,"df_image_link":"https:\/\/cuciroma.com\/wp-content\/uploads\/2015\/07\/usq-250m-300x175.jpg","_links":{"self":[{"href":"https:\/\/cuciroma.com\/en\/wp-json\/wp\/v2\/product\/6645","targetHints":{"allow":["GET"]}}],"collection":[{"href":"https:\/\/cuciroma.com\/en\/wp-json\/wp\/v2\/product"}],"about":[{"href":"https:\/\/cuciroma.com\/en\/wp-json\/wp\/v2\/types\/product"}],"replies":[{"embeddable":true,"href":"https:\/\/cuciroma.com\/en\/wp-json\/wp\/v2\/comments?post=6645"}],"wp:featuredmedia":[{"embeddable":true,"href":"https:\/\/cuciroma.com\/en\/wp-json\/wp\/v2\/media\/10396"}],"wp:attachment":[{"href":"https:\/\/cuciroma.com\/en\/wp-json\/wp\/v2\/media?parent=6645"}],"wp:term":[{"taxonomy":"product_brand","embeddable":true,"href":"https:\/\/cuciroma.com\/en\/wp-json\/wp\/v2\/product_brand?post=6645"},{"taxonomy":"product_cat","embeddable":true,"href":"https:\/\/cuciroma.com\/en\/wp-json\/wp\/v2\/product_cat?post=6645"},{"taxonomy":"product_tag","embeddable":true,"href":"https:\/\/cuciroma.com\/en\/wp-json\/wp\/v2\/product_tag?post=6645"}],"curies":[{"name":"wp","href":"https:\/\/api.w.org\/{rel}","templated":true}]}}