{"id":6641,"date":"2015-07-16T12:54:55","date_gmt":"2015-07-16T10:54:55","guid":{"rendered":"https:\/\/cuciroma.com\/prodotto\/husqvarna-viking-eden-rose-250c-2\/"},"modified":"2016-09-26T11:50:52","modified_gmt":"2016-09-26T09:50:52","slug":"husqvarna-viking-eden-rose-250c","status":"publish","type":"product","link":"https:\/\/cuciroma.com\/en\/prodotto\/husqvarna-viking-eden-rose-250c\/","title":{"rendered":"Husqvarna Viking Eden Rose 250C"},"content":{"rendered":"<p><span id=\"result_box\" class=\"\" lang=\"it\" tabindex=\"-1\"><strong><span title=\"The EDEN ROSE\u2122 250C computerized sewing machine is designed to meet the expectations of a modern sewer with highly regarded, classic features.\"><span title=\"Imagine a sewing machine compact enough to whisk away to a sewing class or fit in your book shelf.&lt;br \/&gt;&lt;br \/&gt;&lt;br \/&gt;&lt;br \/&gt;&lt;br \/&gt;&lt;br \/&gt;&lt;br \/&gt;&lt;br \/&gt;\n\">\u00a0<\/span>La macchina per cucire computerizzata Eden Rose 250C \u00e8 stata progettata per soddisfare le aspettative di una clientela esigente. <\/span><span title=\"Be inspired by the beauty around you.\">Lasciatevi ispirare dal<\/span><span title=\"The romantic, feminine appearance of the EDEN ROSE\u2122 250C sewing machine and its unique features will inspire you to create your best projects.&lt;br \/&gt;&lt;br \/&gt;&lt;br \/&gt;&lt;br \/&gt;&lt;br \/&gt;&lt;br \/&gt;&lt;br \/&gt;\n\">l&#8217;aspetto femminile della macchina da cucire Eden Rose 250C e le sue caratteristiche uniche vi spingeranno a creare i progetti migliori.<br \/>\n<\/span><span title=\"Large Extended Sewing Surface&lt;br \/&gt;&lt;br \/&gt;&lt;br \/&gt;&lt;br \/&gt;&lt;br \/&gt;&lt;br \/&gt;&lt;br \/&gt;\n\">Grande \u00e8 il piano di lavoro<br \/>\n<\/span><span title=\"Sew large quilts, home dec projects, and garments easily.\">Cucire grandi trapunte sar\u00e0 pi\u00f9 facile, la <\/span><span title=\"Enjoy the large area to the right of the needle, nearly 10&quot; (250 mm), for wonderful ease of sewing.&lt;br \/&gt;&lt;br \/&gt;&lt;br \/&gt;&lt;br \/&gt;&lt;br \/&gt;&lt;br \/&gt;&lt;br \/&gt;\n\">grande area a destra dell&#8217;ago, quasi 10 &#8220;(250 mm), semplificher\u00e0 la tua cucitura.<br \/>\n<\/span><span title=\"Exclusive Sensor System\u2122&lt;br \/&gt;&lt;br \/&gt;&lt;br \/&gt;&lt;br \/&gt;&lt;br \/&gt;&lt;br \/&gt;&lt;br \/&gt;\n\">Esclusivo Sensor System<br \/>\n<\/span><span title=\"Continuously senses and adjusts automatically for perfect feeding of any fabric thickness.\">Rileva continuamente,e viene regolato automaticamente il trasporto su qualsiasi tipo di spessore del tessuto. <\/span><span title=\"The Sensor Foot also raises and lowers automatically for ultimate control.&lt;br \/&gt;&lt;br \/&gt;&lt;br \/&gt;&lt;br \/&gt;&lt;br \/&gt;&lt;br \/&gt;&lt;br \/&gt;\n\">Il sensore aumenta e abbassa automaticamente il piedino per il risultato finale.<br \/>\n<\/span><span title=\"Exclusive Sewing Advisor\u00ae&lt;br \/&gt;&lt;br \/&gt;&lt;br \/&gt;&lt;br \/&gt;&lt;br \/&gt;&lt;br \/&gt;&lt;br \/&gt;\n\">Guida del cucito<br \/>\n<\/span><span title=\"Select your type of fabric and sewing technique and the Exclusive SEWING ADVISOR\u00ae feature instantly sets everything for you: stitch, stitch width, stitch length, thread tension, and foot pressure.&lt;br \/&gt;&lt;br \/&gt;&lt;br \/&gt;&lt;br \/&gt;&lt;br \/&gt;&lt;br \/&gt;&lt;br \/&gt;\n\">Selezionare il tipo di tessuto e la tecnica di cucito che dovrete realizzare cosi la esclusiva funzione Sewing Advisor imposta istantaneamente tutto per voi: punto, larghezza, lunghezza punto, tensione del filo, e la pressione del piede.<br \/>\n<\/span><span title=\"145 Stitches Plus Lettering&lt;br \/&gt;&lt;br \/&gt;&lt;br \/&gt;&lt;br \/&gt;&lt;br \/&gt;&lt;br \/&gt;&lt;br \/&gt;\n\">145 Punti<br \/>\n<\/span><span title=\"145 beautiful stitches for endless creative opportunities including 7 mm stitch width.\">145 bellissimi punti per infinite possibilit\u00e0 creative, tra cui 7 millimetri\u00a0 la larghezza del punto. <\/span><span title=\"There are also 4 built-in fonts for personalizing, labeling and dating your sewing projects.&lt;br \/&gt;&lt;br \/&gt;&lt;br \/&gt;&lt;br \/&gt;&lt;br \/&gt;&lt;br \/&gt;&lt;br \/&gt;\n\">Ci sono anche 4 font incorporati per personalizzare,\u00a0 i vostri progetti di cucito.<br \/>\n<\/span><span title=\"LCD Screen&lt;br \/&gt;&lt;br \/&gt;&lt;br \/&gt;&lt;br \/&gt;&lt;br \/&gt;&lt;br \/&gt;&lt;br \/&gt;\n\">Schermo LCD<br \/>\n<\/span><span title=\"You can view your selections, options and stitch information on screen.\">\u00c8 possibile visualizzare le selezioni, opzioni e le informazioni saranno sullo schermo. <\/span><span title=\"All stitches are shown in real size and their display changes as you change the length &amp; width settings, helping you to see exactly how your stitch will look before you sew!&lt;br \/&gt;&lt;br \/&gt;&lt;br \/&gt;&lt;br \/&gt;&lt;br \/&gt;&lt;br \/&gt;&lt;br \/&gt;\n\">Tutti i punti sono mostrati in dimensioni reali e il display cambia come si modificano le impostazioni di lunghezza e larghezza, vi aiuta a vedere esattamente come il vostro punto apparir\u00e0 prima di cucire!<br \/>\n<\/span><span title=\"Automatic Buttonholes&lt;br \/&gt;&lt;br \/&gt;&lt;br \/&gt;&lt;br \/&gt;&lt;br \/&gt;&lt;br \/&gt;&lt;br \/&gt;\n\">Asole automatiche<br \/>\n<\/span><span title=\"The Perfectly Balanced Buttonholes (PBB) and the Exclusive Sensor One-Step Buttonhole Foot automatically sews perfect one-step buttonholes every time.&lt;br \/&gt;&lt;br \/&gt;&lt;br \/&gt;&lt;br \/&gt;&lt;br \/&gt;&lt;br \/&gt;&lt;br \/&gt;\n\">Le asole saranno perfettamente bilanciate (PBB) e l&#8217;esclusivo Sensor One-Step cuce automaticamente perfette asole in una sola operazione.<br \/>\n<\/span><span title=\"Convenient Computerized Features&lt;br \/&gt;&lt;br \/&gt;&lt;br \/&gt;&lt;br \/&gt;&lt;br \/&gt;&lt;br \/&gt;&lt;br \/&gt;\n\">Comode Caratteristiche computerizzate<br \/>\n<\/span><span title=\"Quick access to your Presser Foot Up\/Down, Needle Up\/Down, Stitch Tie-Off, Speed Control, and reverse buttons.&lt;br \/&gt;&lt;br \/&gt;&lt;br \/&gt;&lt;br \/&gt;&lt;br \/&gt;&lt;br \/&gt;&lt;br \/&gt;\n\">Accesso rapido al vostro piedino su \/ gi\u00f9, Ago su \/ gi\u00f9, controllo di velocit\u00e0, e pulsanti retromarcia.<br \/>\n<\/span><span title=\"Built-In Needle Threader&lt;br \/&gt;&lt;br \/&gt;&lt;br \/&gt;&lt;br \/&gt;&lt;br \/&gt;&lt;br \/&gt;&lt;br \/&gt;\n\">Infila aghi<br \/>\n<\/span><span title=\"No more searching for the needle\u2019s eye.\">Non pi\u00f9 alla ricerca della cruna. <\/span><\/strong><span title=\"Let the needle threader do the work and start sewing!&lt;br \/&gt;&lt;br \/&gt;&lt;br \/&gt;&lt;br \/&gt;&lt;br \/&gt;&lt;br \/&gt;&lt;br \/&gt;\n\"><strong>Lasciate che l&#8217;infila ago esegua il proprio lavoro e inizierai a cucire!<\/strong><br \/>\n<\/span><\/span><\/p>\n<p><strong><span style=\"color: #800000;\">Caratteristiche Tecniche:<\/span><br \/>\n&#8211; Exclusive SEwiNg ADviSOR<br \/>\nDisplay grafico<br \/>\n&#8211; Selezione semplificata dei punti<br \/>\n145 Punti utili, speciali e decorativi<br \/>\n&#8211; Font programmabili<br \/>\n4: Block, Brush Line, Cirillico e Hiragana<br \/>\n&#8211; 600 Tutti i punti (incluso punti, lettere, caratteri,<br \/>\n&#8211; Stili asole<br \/>\n7 + Occhiello + Programma Applicazione bottoni<br \/>\n&#8211; Menu i miei punti<br \/>\n15 memorie permanenti, 40 punti o lettere<br \/>\n&#8211; Tecnologia Exclusive Sensor System<br \/>\n&#8211; Leva alzapiedino<br \/>\nAutomatico<br \/>\n&#8211; Tensione filo regolabile<br \/>\n&#8211; Pressione del piedino regolabile<br \/>\n&#8211; lluminazione<br \/>\nDoppie luci<br \/>\n&#8211; 29 Posizioni ago<br \/>\n&#8211; Piedini a scatto inclusi<br \/>\n9 + Kit piedino<br \/>\n&#8211; Asole in un unico passaggio<br \/>\nEsclusivo piedino sensore per asole in un unico passaggio<br \/>\n&#8211; PBB (asole perfettamente bilanciate)<br \/>\n&#8211; Cucito a mano libera 2 modi<br \/>\n&#8211; Specchiatura in verticale<br \/>\n&#8211; Regolazione punto; Larghezza, lunghezza<br \/>\n&#8211; Larghezza del punto 7 mm<br \/>\n&#8211; Lunghezza del punto 6 mm<br \/>\nSicurezza ago doppio e Sicurezza larghezza &#8211; Funzione FiX<br \/>\n&#8211; Funzione STOP<br \/>\n&#8211; Arresto ago Su\/gi\u00f9<br \/>\n&#8211; Controllo elettronico velocit\u00e0<br \/>\n&#8211; Retromarcia<br \/>\nMomentanea e permanente<br \/>\n&#8211; Infila-ago incorporato<br \/>\n&#8211; Caricamento della bobina dall&#8217;ago<br \/>\n&#8211; Area di lavoro 250 mm<br \/>\n&#8211; Doppie guide lunghe sulla piastrina<br \/>\n&#8211; Menu impostazione<br \/>\n&#8211; Lingue 12<br \/>\n&#8211; Box accessori scorrevole<br \/>\n&#8211; Portaspoletta incorporato<br \/>\n&#8211; Bobina anti-inceppamento<br \/>\n<\/strong><\/p>\n","protected":false},"excerpt":{"rendered":"<p><span id=\"result_box\" class=\"\" lang=\"it\" tabindex=\"-1\"><strong><span title=\"The EDEN ROSE\u2122 250C computerized sewing machine is designed to meet the expectations of a modern sewer with highly regarded, classic features.\">SPEDIZIONE GRATUITA CON 5 ANNI DI GARANZIA&#8230;&#8230;La macchina per cucire computerizzata Eden Rose 250C \u00e8 stata progettata per soddisfare le aspettative di una clientela esigente. <\/span><span title=\"Be inspired by the beauty around you.\">Lasciatevi ispirare dal<\/span><span title=\"The romantic, feminine appearance of the EDEN ROSE\u2122 250C sewing machine and its unique features will inspire you to create your best projects.&lt;br \/&gt;&lt;br \/&gt;&lt;br \/&gt;&lt;br \/&gt;&lt;br \/&gt;&lt;br \/&gt;&lt;br \/&gt;\n\">l&#8217;aspetto femminile della macchina da cucire Eden Rose 250C e le sue caratteristiche uniche vi spingeranno a creare i progetti migliori.<br \/>\n<\/span><span title=\"Large Extended Sewing Surface&lt;br \/&gt;&lt;br \/&gt;&lt;br \/&gt;&lt;br \/&gt;&lt;br \/&gt;&lt;br \/&gt;&lt;br \/&gt;\n\">Grande \u00e8 il piano di lavoro<br \/>\n<\/span><span title=\"Sew large quilts, home dec projects, and garments easily.\">Cucire grandi trapunte sar\u00e0 pi\u00f9 facile, la <\/span><span title=\"Enjoy the large area to the right of the needle, nearly 10&quot; (250 mm), for wonderful ease of sewing.&lt;br \/&gt;&lt;br \/&gt;&lt;br \/&gt;&lt;br \/&gt;&lt;br \/&gt;&lt;br \/&gt;&lt;br \/&gt;\n\">grande area a destra dell&#8217;ago, quasi 10 &#8220;(250 mm), semplificher\u00e0 la tua cucitura.<\/span><\/strong><\/span><\/p>\n","protected":false},"featured_media":10390,"comment_status":"closed","ping_status":"closed","template":"","meta":[],"product_brand":[],"product_cat":[194],"product_tag":[],"class_list":{"0":"post-6641","1":"product","2":"type-product","3":"status-publish","4":"has-post-thumbnail","6":"product_cat-husqvarna-viking-elettroniche-en","7":"pa_trovaprezzi-pubblicato","9":"first","10":"instock","11":"taxable","12":"shipping-taxable","13":"purchasable","14":"product-type-simple"},"yoast_head":"<!-- This site is optimized with the Yoast SEO plugin v27.2 - https:\/\/yoast.com\/product\/yoast-seo-wordpress\/ -->\n<title>Husqvarna Viking Eden Rose 250C - Cuciroma | Macchine da cucire e accessori per il ricamo<\/title>\n<meta name=\"robots\" content=\"index, follow, max-snippet:-1, max-image-preview:large, max-video-preview:-1\" \/>\n<link rel=\"canonical\" href=\"https:\/\/cuciroma.com\/en\/prodotto\/husqvarna-viking-eden-rose-250c\/\" \/>\n<meta property=\"og:locale\" content=\"en_US\" \/>\n<meta property=\"og:type\" content=\"article\" \/>\n<meta property=\"og:title\" content=\"Husqvarna Viking Eden Rose 250C - Cuciroma | Macchine da cucire e accessori per il ricamo\" \/>\n<meta property=\"og:description\" content=\"SPEDIZIONE GRATUITA CON 5 ANNI DI GARANZIA......La macchina per cucire computerizzata Eden Rose 250C \u00e8 stata progettata per soddisfare le aspettative di una clientela esigente. Lasciatevi ispirare dall&#039;aspetto femminile della macchina da cucire Eden Rose 250C e le sue caratteristiche uniche vi spingeranno a creare i progetti migliori. Grande \u00e8 il piano di lavoro Cucire grandi trapunte sar\u00e0 pi\u00f9 facile, la grande area a destra dell&#039;ago, quasi 10 &quot;(250 mm), semplificher\u00e0 la tua cucitura.\" \/>\n<meta property=\"og:url\" content=\"https:\/\/cuciroma.com\/en\/prodotto\/husqvarna-viking-eden-rose-250c\/\" \/>\n<meta property=\"og:site_name\" content=\"Cuciroma | Macchine da cucire e accessori per il ricamo\" \/>\n<meta property=\"article:publisher\" content=\"https:\/\/www.facebook.com\/cuciroma\/\" \/>\n<meta property=\"article:modified_time\" content=\"2016-09-26T09:50:52+00:00\" \/>\n<meta property=\"og:image\" content=\"https:\/\/cuciroma.com\/wp-content\/uploads\/2015\/07\/usq-250c.jpg\" \/>\n\t<meta property=\"og:image:width\" content=\"579\" \/>\n\t<meta property=\"og:image:height\" content=\"338\" \/>\n\t<meta property=\"og:image:type\" content=\"image\/jpeg\" \/>\n<meta name=\"twitter:card\" content=\"summary_large_image\" \/>\n<meta name=\"twitter:label1\" content=\"Est. reading time\" \/>\n\t<meta name=\"twitter:data1\" content=\"2 minutes\" \/>\n<script type=\"application\/ld+json\" class=\"yoast-schema-graph\">{\"@context\":\"https:\/\/schema.org\",\"@graph\":[{\"@type\":\"WebPage\",\"@id\":\"https:\/\/cuciroma.com\/en\/prodotto\/husqvarna-viking-eden-rose-250c\/\",\"url\":\"https:\/\/cuciroma.com\/en\/prodotto\/husqvarna-viking-eden-rose-250c\/\",\"name\":\"Husqvarna Viking Eden Rose 250C - Cuciroma | Macchine da cucire e accessori per il ricamo\",\"isPartOf\":{\"@id\":\"https:\/\/cuciroma.com\/#website\"},\"primaryImageOfPage\":{\"@id\":\"https:\/\/cuciroma.com\/en\/prodotto\/husqvarna-viking-eden-rose-250c\/#primaryimage\"},\"image\":{\"@id\":\"https:\/\/cuciroma.com\/en\/prodotto\/husqvarna-viking-eden-rose-250c\/#primaryimage\"},\"thumbnailUrl\":\"https:\/\/cuciroma.com\/wp-content\/uploads\/2015\/07\/usq-250c.jpg\",\"datePublished\":\"2015-07-16T10:54:55+00:00\",\"dateModified\":\"2016-09-26T09:50:52+00:00\",\"breadcrumb\":{\"@id\":\"https:\/\/cuciroma.com\/en\/prodotto\/husqvarna-viking-eden-rose-250c\/#breadcrumb\"},\"inLanguage\":\"en-US\",\"potentialAction\":[{\"@type\":\"ReadAction\",\"target\":[\"https:\/\/cuciroma.com\/en\/prodotto\/husqvarna-viking-eden-rose-250c\/\"]}]},{\"@type\":\"ImageObject\",\"inLanguage\":\"en-US\",\"@id\":\"https:\/\/cuciroma.com\/en\/prodotto\/husqvarna-viking-eden-rose-250c\/#primaryimage\",\"url\":\"https:\/\/cuciroma.com\/wp-content\/uploads\/2015\/07\/usq-250c.jpg\",\"contentUrl\":\"https:\/\/cuciroma.com\/wp-content\/uploads\/2015\/07\/usq-250c.jpg\",\"width\":579,\"height\":338},{\"@type\":\"BreadcrumbList\",\"@id\":\"https:\/\/cuciroma.com\/en\/prodotto\/husqvarna-viking-eden-rose-250c\/#breadcrumb\",\"itemListElement\":[{\"@type\":\"ListItem\",\"position\":1,\"name\":\"Shop On line\",\"item\":\"https:\/\/cuciroma.com\/shop\/\"},{\"@type\":\"ListItem\",\"position\":2,\"name\":\"Husqvarna Viking Eden Rose 250C\"}]},{\"@type\":\"WebSite\",\"@id\":\"https:\/\/cuciroma.com\/#website\",\"url\":\"https:\/\/cuciroma.com\/\",\"name\":\"Cuciroma | Macchine da cucire e accessori per il ricamo\",\"description\":\"Rivenditore e Assistenza autorizzata Macchine da Cucire Professionali\",\"publisher\":{\"@id\":\"https:\/\/cuciroma.com\/#organization\"},\"potentialAction\":[{\"@type\":\"SearchAction\",\"target\":{\"@type\":\"EntryPoint\",\"urlTemplate\":\"https:\/\/cuciroma.com\/?s={search_term_string}\"},\"query-input\":{\"@type\":\"PropertyValueSpecification\",\"valueRequired\":true,\"valueName\":\"search_term_string\"}}],\"inLanguage\":\"en-US\"},{\"@type\":\"Organization\",\"@id\":\"https:\/\/cuciroma.com\/#organization\",\"name\":\"Cuciroma\",\"url\":\"https:\/\/cuciroma.com\/\",\"logo\":{\"@type\":\"ImageObject\",\"inLanguage\":\"en-US\",\"@id\":\"https:\/\/cuciroma.com\/#\/schema\/logo\/image\/\",\"url\":\"https:\/\/cuciroma.com\/wp-content\/uploads\/2020\/07\/logo-cuciroma.png\",\"contentUrl\":\"https:\/\/cuciroma.com\/wp-content\/uploads\/2020\/07\/logo-cuciroma.png\",\"width\":565,\"height\":159,\"caption\":\"Cuciroma\"},\"image\":{\"@id\":\"https:\/\/cuciroma.com\/#\/schema\/logo\/image\/\"},\"sameAs\":[\"https:\/\/www.facebook.com\/cuciroma\/\",\"https:\/\/www.instagram.com\/cuciroma\/\"]}]}<\/script>\n<!-- \/ Yoast SEO plugin. -->","yoast_head_json":{"title":"Husqvarna Viking Eden Rose 250C - Cuciroma | Macchine da cucire e accessori per il ricamo","robots":{"index":"index","follow":"follow","max-snippet":"max-snippet:-1","max-image-preview":"max-image-preview:large","max-video-preview":"max-video-preview:-1"},"canonical":"https:\/\/cuciroma.com\/en\/prodotto\/husqvarna-viking-eden-rose-250c\/","og_locale":"en_US","og_type":"article","og_title":"Husqvarna Viking Eden Rose 250C - Cuciroma | Macchine da cucire e accessori per il ricamo","og_description":"SPEDIZIONE GRATUITA CON 5 ANNI DI GARANZIA......La macchina per cucire computerizzata Eden Rose 250C \u00e8 stata progettata per soddisfare le aspettative di una clientela esigente. Lasciatevi ispirare dall'aspetto femminile della macchina da cucire Eden Rose 250C e le sue caratteristiche uniche vi spingeranno a creare i progetti migliori. Grande \u00e8 il piano di lavoro Cucire grandi trapunte sar\u00e0 pi\u00f9 facile, la grande area a destra dell'ago, quasi 10 \"(250 mm), semplificher\u00e0 la tua cucitura.","og_url":"https:\/\/cuciroma.com\/en\/prodotto\/husqvarna-viking-eden-rose-250c\/","og_site_name":"Cuciroma | Macchine da cucire e accessori per il ricamo","article_publisher":"https:\/\/www.facebook.com\/cuciroma\/","article_modified_time":"2016-09-26T09:50:52+00:00","og_image":[{"width":579,"height":338,"url":"https:\/\/cuciroma.com\/wp-content\/uploads\/2015\/07\/usq-250c.jpg","type":"image\/jpeg"}],"twitter_card":"summary_large_image","twitter_misc":{"Est. reading time":"2 minutes"},"schema":{"@context":"https:\/\/schema.org","@graph":[{"@type":"WebPage","@id":"https:\/\/cuciroma.com\/en\/prodotto\/husqvarna-viking-eden-rose-250c\/","url":"https:\/\/cuciroma.com\/en\/prodotto\/husqvarna-viking-eden-rose-250c\/","name":"Husqvarna Viking Eden Rose 250C - Cuciroma | Macchine da cucire e accessori per il ricamo","isPartOf":{"@id":"https:\/\/cuciroma.com\/#website"},"primaryImageOfPage":{"@id":"https:\/\/cuciroma.com\/en\/prodotto\/husqvarna-viking-eden-rose-250c\/#primaryimage"},"image":{"@id":"https:\/\/cuciroma.com\/en\/prodotto\/husqvarna-viking-eden-rose-250c\/#primaryimage"},"thumbnailUrl":"https:\/\/cuciroma.com\/wp-content\/uploads\/2015\/07\/usq-250c.jpg","datePublished":"2015-07-16T10:54:55+00:00","dateModified":"2016-09-26T09:50:52+00:00","breadcrumb":{"@id":"https:\/\/cuciroma.com\/en\/prodotto\/husqvarna-viking-eden-rose-250c\/#breadcrumb"},"inLanguage":"en-US","potentialAction":[{"@type":"ReadAction","target":["https:\/\/cuciroma.com\/en\/prodotto\/husqvarna-viking-eden-rose-250c\/"]}]},{"@type":"ImageObject","inLanguage":"en-US","@id":"https:\/\/cuciroma.com\/en\/prodotto\/husqvarna-viking-eden-rose-250c\/#primaryimage","url":"https:\/\/cuciroma.com\/wp-content\/uploads\/2015\/07\/usq-250c.jpg","contentUrl":"https:\/\/cuciroma.com\/wp-content\/uploads\/2015\/07\/usq-250c.jpg","width":579,"height":338},{"@type":"BreadcrumbList","@id":"https:\/\/cuciroma.com\/en\/prodotto\/husqvarna-viking-eden-rose-250c\/#breadcrumb","itemListElement":[{"@type":"ListItem","position":1,"name":"Shop On line","item":"https:\/\/cuciroma.com\/shop\/"},{"@type":"ListItem","position":2,"name":"Husqvarna Viking Eden Rose 250C"}]},{"@type":"WebSite","@id":"https:\/\/cuciroma.com\/#website","url":"https:\/\/cuciroma.com\/","name":"Cuciroma | Macchine da cucire e accessori per il ricamo","description":"Rivenditore e Assistenza autorizzata Macchine da Cucire Professionali","publisher":{"@id":"https:\/\/cuciroma.com\/#organization"},"potentialAction":[{"@type":"SearchAction","target":{"@type":"EntryPoint","urlTemplate":"https:\/\/cuciroma.com\/?s={search_term_string}"},"query-input":{"@type":"PropertyValueSpecification","valueRequired":true,"valueName":"search_term_string"}}],"inLanguage":"en-US"},{"@type":"Organization","@id":"https:\/\/cuciroma.com\/#organization","name":"Cuciroma","url":"https:\/\/cuciroma.com\/","logo":{"@type":"ImageObject","inLanguage":"en-US","@id":"https:\/\/cuciroma.com\/#\/schema\/logo\/image\/","url":"https:\/\/cuciroma.com\/wp-content\/uploads\/2020\/07\/logo-cuciroma.png","contentUrl":"https:\/\/cuciroma.com\/wp-content\/uploads\/2020\/07\/logo-cuciroma.png","width":565,"height":159,"caption":"Cuciroma"},"image":{"@id":"https:\/\/cuciroma.com\/#\/schema\/logo\/image\/"},"sameAs":["https:\/\/www.facebook.com\/cuciroma\/","https:\/\/www.instagram.com\/cuciroma\/"]}]}},"df_price":669,"df_sale_price":"","df_regular_price":669,"df_image_link":"https:\/\/cuciroma.com\/wp-content\/uploads\/2015\/07\/usq-250c-300x175.jpg","_links":{"self":[{"href":"https:\/\/cuciroma.com\/en\/wp-json\/wp\/v2\/product\/6641","targetHints":{"allow":["GET"]}}],"collection":[{"href":"https:\/\/cuciroma.com\/en\/wp-json\/wp\/v2\/product"}],"about":[{"href":"https:\/\/cuciroma.com\/en\/wp-json\/wp\/v2\/types\/product"}],"replies":[{"embeddable":true,"href":"https:\/\/cuciroma.com\/en\/wp-json\/wp\/v2\/comments?post=6641"}],"wp:featuredmedia":[{"embeddable":true,"href":"https:\/\/cuciroma.com\/en\/wp-json\/wp\/v2\/media\/10390"}],"wp:attachment":[{"href":"https:\/\/cuciroma.com\/en\/wp-json\/wp\/v2\/media?parent=6641"}],"wp:term":[{"taxonomy":"product_brand","embeddable":true,"href":"https:\/\/cuciroma.com\/en\/wp-json\/wp\/v2\/product_brand?post=6641"},{"taxonomy":"product_cat","embeddable":true,"href":"https:\/\/cuciroma.com\/en\/wp-json\/wp\/v2\/product_cat?post=6641"},{"taxonomy":"product_tag","embeddable":true,"href":"https:\/\/cuciroma.com\/en\/wp-json\/wp\/v2\/product_tag?post=6641"}],"curies":[{"name":"wp","href":"https:\/\/api.w.org\/{rel}","templated":true}]}}