{"id":6634,"date":"2015-07-16T18:58:31","date_gmt":"2015-07-16T16:58:31","guid":{"rendered":"https:\/\/cuciroma.com\/prodotto\/husqvarna-viking-sapphire-960-2\/"},"modified":"2019-05-11T18:29:46","modified_gmt":"2019-05-11T16:29:46","slug":"husqvarna-viking-sapphire-960","status":"publish","type":"product","link":"https:\/\/cuciroma.com\/en\/prodotto\/husqvarna-viking-sapphire-960\/","title":{"rendered":"Husqvarna Viking Sapphire 965Q"},"content":{"rendered":"<p><a href=\"https:\/\/cuciroma.com\/wp-content\/uploads\/2017\/09\/telefono-rosso1.jpg\"><img loading=\"lazy\" decoding=\"async\" class=\" size-full wp-image-13539 aligncenter\" src=\"https:\/\/cuciroma.com\/wp-content\/uploads\/2017\/09\/telefono-rosso1.jpg\" alt=\"telefono rosso\" width=\"131\" height=\"138\" \/><\/a><strong>La nostra macchina pi\u00f9 importante della linea di macchine per cucire, SAPPHIRE\u2122 965Q, offre talmente tante caratteristiche che ti aiuteranno e guideranno durante la tua esperienza di cucito. In cima a queste c&#8217;\u00e8 uno schermo touch screen dai colori vivaci completamente interattivo. Usa la stilo e naviga tra i diversi menu e funzioni. Non \u00e8 mai stato cos&#8217; semplice! La maggior parte delle impostazioni vengono eseguite dalla macchina stessa e si basano sul tipo di tessuto e di punto che si stanno utilizzando. Tutto ci\u00f2 che dovete fare \u00e8 concentrarsi su quello che pi\u00f9 amate! Il cucito! <\/strong><\/p>\n<div class=\"text-box\">\n<h4><span style=\"color: #800000;\"><strong>Cucito con movimento laterale<\/strong><\/span><\/h4>\n<p><strong>Il cucito con movimento laterale (Side-Motion) \u2013 permette di cucire bellissimi punti decorativi fino a 36mm di larghezza.<\/strong><\/p>\n<div class=\"text-box\">\n<h4><span style=\"color: #800000;\"><strong>Punti dimensionali<\/strong><\/span><\/h4>\n<p><strong>Punti dimensionali \u2013 una tecnica di punti brevettati, crea punti a cui si aggiunge del tessuto per ottenere un&#8217;effetto tridimensionale unico. 8 nuovi punti con molte opportunit\u00e0 creative.<\/strong><\/p>\n<div class=\"text-box\">\n<h4><span style=\"color: #800000;\"><strong>Schermo a colori touch screen<\/strong><\/span><\/h4>\n<p><strong>Schermo a colori touch screen interattivo\u00a0(con stilo inclusa). Per visualizzare i punti in grandezza reale e avere tutte le informazioni che servono direttamente sullo schermo.<\/strong><\/p>\n<div class=\"text-box\">\n<h4><span style=\"color: #800000;\"><strong>Tecnologia EXCLUSIVE SENSOR SYSTEM\u2122<\/strong><\/span><\/h4>\n<p><strong>La tecnologia EXCLUSIVE SENSOR SYSTEM\u2122 \u2013 rileva automaticamente e in continuo lo spessore del tessuto per ottenere un trasporto perfetto.<\/strong><\/p>\n<div class=\"text-box\">\n<h4><span style=\"color: #800000;\"><strong>Funzione EXCLUSIVE SEWING ADVISOR\u00ae<\/strong><\/span><\/h4>\n<p><strong>Funzione EXCLUSIVE SEWING ADVISOR\u00ae \u2013 seleziona il tipo di tessuto e la tecnica di cucito e la funzione Exclusive SEWING ADVISOR\u00ae imposter\u00e0 immediatamente il punto pi\u00f9 adatto, l&#8217;ampiezza punto, la lunghezza punto, la tensione del filo, la pressione del piedino, e la velocit\u00e0 di cuciturai. Il punto viene visualizzato sullo schermo, con il piedino raccomandato e l&#8217;ago della corretta dimensione.<\/strong><\/p>\n<\/div>\n<\/div>\n<\/div>\n<\/div>\n<\/div>\n<h4><strong><span id=\"p_lt_zoneMain_plcMain_p_lt_PrimaryZone_WebPartZone6_WebPartZone6_zone_WebPartZone9_WebPartZone9_zone_UniversalDocumentViewer4_repElem_ctl00_ctl00_lblBoxAccessories\"><span style=\"color: #800000;\">Accessori in dotazione<\/span><br \/>\n<\/span><\/strong><\/h4>\n<div class=\"text\"><strong>Piedini:\u00a0Piedino per punti utili A,Piedino per punti decorativi B, Piedino per asole C, Piedino per orlo invisibile D, Piedino per cerniera E, Piedino scorrevole H, Piedino per rifiniture J, Piedino per trapuntare 1\/4&#8243;\u00a0P, Piedino trasparente aperto, Piedino per ricamare\/rammendare R, Piedino sensore per asole,\u00a0piedino per trasporto laterale S, piedino con sensore per occhielli ad un tempo, solette scorrevoli adesive.\u00a0\u00a0Altri: Stilo, retine (2), feltrini (2), cacciavite, taglia asole, pennello, guida per bordi\/quilt, 2 ferma spola, largo (1 inserito sulla macchina) ed uno piccolo. Attrezzo multi uso, 6 bobine (1 inserita sulla macchina), pennarello PICTOGRAM\u2122, placca ago punto diritto, valigia rigida (sulla macchina), pedale, cavo alimentazione, aghi, filo, panno in microfibra.<\/strong><\/div>\n","protected":false},"excerpt":{"rendered":"<p><strong>La nostra macchina pi\u00f9 importante della linea di macchine per cucire, SAPPHIRE\u2122 965Q, offre talmente tante caratteristiche che ti aiuteranno e guideranno durante la tua esperienza di cucito. In cima a queste c&#8217;\u00e8 uno schermo touch screen dai colori vivaci completamente interattivo<\/strong><\/p>\n","protected":false},"featured_media":17026,"comment_status":"closed","ping_status":"closed","template":"","meta":[],"product_brand":[],"product_cat":[194],"product_tag":[],"class_list":{"0":"post-6634","1":"product","2":"type-product","3":"status-publish","4":"has-post-thumbnail","6":"product_cat-husqvarna-viking-elettroniche-en","7":"pa_trovaprezzi-pubblicato","9":"first","10":"instock","11":"taxable","12":"shipping-taxable","13":"product-type-simple"},"yoast_head":"<!-- This site is optimized with the Yoast SEO plugin v27.2 - https:\/\/yoast.com\/product\/yoast-seo-wordpress\/ -->\n<title>Husqvarna Viking Sapphire 965Q - Cuciroma | Macchine da cucire e accessori per il ricamo<\/title>\n<meta name=\"description\" content=\"La nostra macchina pi\u00f9 importante della linea di macchine per cucire, SAPPHIRE\u2122 965Q, offre talmente tante caratteristiche che.... Ti offriamo un supersconto...\" \/>\n<meta name=\"robots\" content=\"index, follow, max-snippet:-1, max-image-preview:large, max-video-preview:-1\" \/>\n<link rel=\"canonical\" href=\"https:\/\/cuciroma.com\/prodotto\/husqvarna-viking-sapphire-960\/\" \/>\n<meta property=\"og:locale\" content=\"en_US\" \/>\n<meta property=\"og:type\" content=\"article\" \/>\n<meta property=\"og:title\" content=\"Husqvarna Viking Sapphire 965Q - Cuciroma | Macchine da cucire e accessori per il ricamo\" \/>\n<meta property=\"og:description\" content=\"La nostra macchina pi\u00f9 importante della linea di macchine per cucire, SAPPHIRE\u2122 965Q, offre talmente tante caratteristiche che.... Ti offriamo un supersconto...\" \/>\n<meta property=\"og:url\" content=\"https:\/\/cuciroma.com\/prodotto\/husqvarna-viking-sapphire-960\/\" \/>\n<meta property=\"og:site_name\" content=\"Cuciroma | Macchine da cucire e accessori per il ricamo\" \/>\n<meta property=\"article:publisher\" content=\"https:\/\/www.facebook.com\/cuciroma\/\" \/>\n<meta property=\"article:modified_time\" content=\"2019-05-11T16:29:46+00:00\" \/>\n<meta property=\"og:image\" content=\"https:\/\/cuciroma.com\/wp-content\/uploads\/2015\/07\/husqvarna-sapphire-965q.jpg\" \/>\n\t<meta property=\"og:image:width\" content=\"425\" \/>\n\t<meta property=\"og:image:height\" content=\"425\" \/>\n\t<meta property=\"og:image:type\" content=\"image\/jpeg\" \/>\n<meta name=\"twitter:card\" content=\"summary_large_image\" \/>\n<meta name=\"twitter:label1\" content=\"Est. reading time\" \/>\n\t<meta name=\"twitter:data1\" content=\"2 minutes\" \/>\n<script type=\"application\/ld+json\" class=\"yoast-schema-graph\">{\"@context\":\"https:\/\/schema.org\",\"@graph\":[{\"@type\":\"WebPage\",\"@id\":\"https:\/\/cuciroma.com\/prodotto\/husqvarna-viking-sapphire-960\/\",\"url\":\"https:\/\/cuciroma.com\/prodotto\/husqvarna-viking-sapphire-960\/\",\"name\":\"Husqvarna Viking Sapphire 965Q - Cuciroma | Macchine da cucire e accessori per il ricamo\",\"isPartOf\":{\"@id\":\"https:\/\/cuciroma.com\/#website\"},\"primaryImageOfPage\":{\"@id\":\"https:\/\/cuciroma.com\/prodotto\/husqvarna-viking-sapphire-960\/#primaryimage\"},\"image\":{\"@id\":\"https:\/\/cuciroma.com\/prodotto\/husqvarna-viking-sapphire-960\/#primaryimage\"},\"thumbnailUrl\":\"https:\/\/cuciroma.com\/wp-content\/uploads\/2015\/07\/husqvarna-sapphire-965q.jpg\",\"datePublished\":\"2015-07-16T16:58:31+00:00\",\"dateModified\":\"2019-05-11T16:29:46+00:00\",\"description\":\"La nostra macchina pi\u00f9 importante della linea di macchine per cucire, SAPPHIRE\u2122 965Q, offre talmente tante caratteristiche che.... Ti offriamo un supersconto...\",\"breadcrumb\":{\"@id\":\"https:\/\/cuciroma.com\/prodotto\/husqvarna-viking-sapphire-960\/#breadcrumb\"},\"inLanguage\":\"en-US\",\"potentialAction\":[{\"@type\":\"ReadAction\",\"target\":[\"https:\/\/cuciroma.com\/prodotto\/husqvarna-viking-sapphire-960\/\"]}]},{\"@type\":\"ImageObject\",\"inLanguage\":\"en-US\",\"@id\":\"https:\/\/cuciroma.com\/prodotto\/husqvarna-viking-sapphire-960\/#primaryimage\",\"url\":\"https:\/\/cuciroma.com\/wp-content\/uploads\/2015\/07\/husqvarna-sapphire-965q.jpg\",\"contentUrl\":\"https:\/\/cuciroma.com\/wp-content\/uploads\/2015\/07\/husqvarna-sapphire-965q.jpg\",\"width\":425,\"height\":425},{\"@type\":\"BreadcrumbList\",\"@id\":\"https:\/\/cuciroma.com\/prodotto\/husqvarna-viking-sapphire-960\/#breadcrumb\",\"itemListElement\":[{\"@type\":\"ListItem\",\"position\":1,\"name\":\"Shop On line\",\"item\":\"https:\/\/cuciroma.com\/shop\/\"},{\"@type\":\"ListItem\",\"position\":2,\"name\":\"Husqvarna Viking Sapphire 965Q\"}]},{\"@type\":\"WebSite\",\"@id\":\"https:\/\/cuciroma.com\/#website\",\"url\":\"https:\/\/cuciroma.com\/\",\"name\":\"Cuciroma | Macchine da cucire e accessori per il ricamo\",\"description\":\"Rivenditore e Assistenza autorizzata Macchine da Cucire Professionali\",\"publisher\":{\"@id\":\"https:\/\/cuciroma.com\/#organization\"},\"potentialAction\":[{\"@type\":\"SearchAction\",\"target\":{\"@type\":\"EntryPoint\",\"urlTemplate\":\"https:\/\/cuciroma.com\/?s={search_term_string}\"},\"query-input\":{\"@type\":\"PropertyValueSpecification\",\"valueRequired\":true,\"valueName\":\"search_term_string\"}}],\"inLanguage\":\"en-US\"},{\"@type\":\"Organization\",\"@id\":\"https:\/\/cuciroma.com\/#organization\",\"name\":\"Cuciroma\",\"url\":\"https:\/\/cuciroma.com\/\",\"logo\":{\"@type\":\"ImageObject\",\"inLanguage\":\"en-US\",\"@id\":\"https:\/\/cuciroma.com\/#\/schema\/logo\/image\/\",\"url\":\"https:\/\/cuciroma.com\/wp-content\/uploads\/2020\/07\/logo-cuciroma.png\",\"contentUrl\":\"https:\/\/cuciroma.com\/wp-content\/uploads\/2020\/07\/logo-cuciroma.png\",\"width\":565,\"height\":159,\"caption\":\"Cuciroma\"},\"image\":{\"@id\":\"https:\/\/cuciroma.com\/#\/schema\/logo\/image\/\"},\"sameAs\":[\"https:\/\/www.facebook.com\/cuciroma\/\",\"https:\/\/www.instagram.com\/cuciroma\/\"]}]}<\/script>\n<!-- \/ Yoast SEO plugin. -->","yoast_head_json":{"title":"Husqvarna Viking Sapphire 965Q - Cuciroma | Macchine da cucire e accessori per il ricamo","description":"La nostra macchina pi\u00f9 importante della linea di macchine per cucire, SAPPHIRE\u2122 965Q, offre talmente tante caratteristiche che.... Ti offriamo un supersconto...","robots":{"index":"index","follow":"follow","max-snippet":"max-snippet:-1","max-image-preview":"max-image-preview:large","max-video-preview":"max-video-preview:-1"},"canonical":"https:\/\/cuciroma.com\/prodotto\/husqvarna-viking-sapphire-960\/","og_locale":"en_US","og_type":"article","og_title":"Husqvarna Viking Sapphire 965Q - Cuciroma | Macchine da cucire e accessori per il ricamo","og_description":"La nostra macchina pi\u00f9 importante della linea di macchine per cucire, SAPPHIRE\u2122 965Q, offre talmente tante caratteristiche che.... Ti offriamo un supersconto...","og_url":"https:\/\/cuciroma.com\/prodotto\/husqvarna-viking-sapphire-960\/","og_site_name":"Cuciroma | Macchine da cucire e accessori per il ricamo","article_publisher":"https:\/\/www.facebook.com\/cuciroma\/","article_modified_time":"2019-05-11T16:29:46+00:00","og_image":[{"width":425,"height":425,"url":"https:\/\/cuciroma.com\/wp-content\/uploads\/2015\/07\/husqvarna-sapphire-965q.jpg","type":"image\/jpeg"}],"twitter_card":"summary_large_image","twitter_misc":{"Est. reading time":"2 minutes"},"schema":{"@context":"https:\/\/schema.org","@graph":[{"@type":"WebPage","@id":"https:\/\/cuciroma.com\/prodotto\/husqvarna-viking-sapphire-960\/","url":"https:\/\/cuciroma.com\/prodotto\/husqvarna-viking-sapphire-960\/","name":"Husqvarna Viking Sapphire 965Q - Cuciroma | Macchine da cucire e accessori per il ricamo","isPartOf":{"@id":"https:\/\/cuciroma.com\/#website"},"primaryImageOfPage":{"@id":"https:\/\/cuciroma.com\/prodotto\/husqvarna-viking-sapphire-960\/#primaryimage"},"image":{"@id":"https:\/\/cuciroma.com\/prodotto\/husqvarna-viking-sapphire-960\/#primaryimage"},"thumbnailUrl":"https:\/\/cuciroma.com\/wp-content\/uploads\/2015\/07\/husqvarna-sapphire-965q.jpg","datePublished":"2015-07-16T16:58:31+00:00","dateModified":"2019-05-11T16:29:46+00:00","description":"La nostra macchina pi\u00f9 importante della linea di macchine per cucire, SAPPHIRE\u2122 965Q, offre talmente tante caratteristiche che.... Ti offriamo un supersconto...","breadcrumb":{"@id":"https:\/\/cuciroma.com\/prodotto\/husqvarna-viking-sapphire-960\/#breadcrumb"},"inLanguage":"en-US","potentialAction":[{"@type":"ReadAction","target":["https:\/\/cuciroma.com\/prodotto\/husqvarna-viking-sapphire-960\/"]}]},{"@type":"ImageObject","inLanguage":"en-US","@id":"https:\/\/cuciroma.com\/prodotto\/husqvarna-viking-sapphire-960\/#primaryimage","url":"https:\/\/cuciroma.com\/wp-content\/uploads\/2015\/07\/husqvarna-sapphire-965q.jpg","contentUrl":"https:\/\/cuciroma.com\/wp-content\/uploads\/2015\/07\/husqvarna-sapphire-965q.jpg","width":425,"height":425},{"@type":"BreadcrumbList","@id":"https:\/\/cuciroma.com\/prodotto\/husqvarna-viking-sapphire-960\/#breadcrumb","itemListElement":[{"@type":"ListItem","position":1,"name":"Shop On line","item":"https:\/\/cuciroma.com\/shop\/"},{"@type":"ListItem","position":2,"name":"Husqvarna Viking Sapphire 965Q"}]},{"@type":"WebSite","@id":"https:\/\/cuciroma.com\/#website","url":"https:\/\/cuciroma.com\/","name":"Cuciroma | Macchine da cucire e accessori per il ricamo","description":"Rivenditore e Assistenza autorizzata Macchine da Cucire Professionali","publisher":{"@id":"https:\/\/cuciroma.com\/#organization"},"potentialAction":[{"@type":"SearchAction","target":{"@type":"EntryPoint","urlTemplate":"https:\/\/cuciroma.com\/?s={search_term_string}"},"query-input":{"@type":"PropertyValueSpecification","valueRequired":true,"valueName":"search_term_string"}}],"inLanguage":"en-US"},{"@type":"Organization","@id":"https:\/\/cuciroma.com\/#organization","name":"Cuciroma","url":"https:\/\/cuciroma.com\/","logo":{"@type":"ImageObject","inLanguage":"en-US","@id":"https:\/\/cuciroma.com\/#\/schema\/logo\/image\/","url":"https:\/\/cuciroma.com\/wp-content\/uploads\/2020\/07\/logo-cuciroma.png","contentUrl":"https:\/\/cuciroma.com\/wp-content\/uploads\/2020\/07\/logo-cuciroma.png","width":565,"height":159,"caption":"Cuciroma"},"image":{"@id":"https:\/\/cuciroma.com\/#\/schema\/logo\/image\/"},"sameAs":["https:\/\/www.facebook.com\/cuciroma\/","https:\/\/www.instagram.com\/cuciroma\/"]}]}},"df_price":"","df_sale_price":"","df_regular_price":"","df_image_link":"https:\/\/cuciroma.com\/wp-content\/uploads\/2015\/07\/husqvarna-sapphire-965q-300x300.jpg","_links":{"self":[{"href":"https:\/\/cuciroma.com\/en\/wp-json\/wp\/v2\/product\/6634","targetHints":{"allow":["GET"]}}],"collection":[{"href":"https:\/\/cuciroma.com\/en\/wp-json\/wp\/v2\/product"}],"about":[{"href":"https:\/\/cuciroma.com\/en\/wp-json\/wp\/v2\/types\/product"}],"replies":[{"embeddable":true,"href":"https:\/\/cuciroma.com\/en\/wp-json\/wp\/v2\/comments?post=6634"}],"wp:featuredmedia":[{"embeddable":true,"href":"https:\/\/cuciroma.com\/en\/wp-json\/wp\/v2\/media\/17026"}],"wp:attachment":[{"href":"https:\/\/cuciroma.com\/en\/wp-json\/wp\/v2\/media?parent=6634"}],"wp:term":[{"taxonomy":"product_brand","embeddable":true,"href":"https:\/\/cuciroma.com\/en\/wp-json\/wp\/v2\/product_brand?post=6634"},{"taxonomy":"product_cat","embeddable":true,"href":"https:\/\/cuciroma.com\/en\/wp-json\/wp\/v2\/product_cat?post=6634"},{"taxonomy":"product_tag","embeddable":true,"href":"https:\/\/cuciroma.com\/en\/wp-json\/wp\/v2\/product_tag?post=6634"}],"curies":[{"name":"wp","href":"https:\/\/api.w.org\/{rel}","templated":true}]}}