{"id":6624,"date":"2015-07-17T11:16:30","date_gmt":"2015-07-17T09:16:30","guid":{"rendered":"https:\/\/cuciroma.com\/prodotto\/husqvarna-viking-designer-topaz-30-2\/"},"modified":"2019-05-13T08:57:21","modified_gmt":"2019-05-13T06:57:21","slug":"husqvarna-viking-designer-topaz-30","status":"publish","type":"product","link":"https:\/\/cuciroma.com\/en\/prodotto\/husqvarna-viking-designer-topaz-30\/","title":{"rendered":"Husqvarna Viking Designer Topaz 30"},"content":{"rendered":"<p><strong>Macchina per cucire e ricamare. 163 punti utili e 5 tipi di alfabeto pronti per te e facilmente selezionabili grazie al fantastico Graphic Display, lo schermo interattivo dove puoi vedere immediatamente il punto selezionato in misura reale insieme al piedino e alla dimensione\/tipo di ago consigliati e con accanto tutte le altre informazioni necessarie per portare a compimento il tuo lavoro in maniera professionale e veloce. Semplicemente perfetto l\u2019 Exclusive Sensor System che rileva lo spessore del lavoro e ti regala un trasporto uniforme su ogni materiale o su pi\u00f9 strati di tessuto e imbottitura. La posizione perno del piedino: la posizione Pivot, rileva lo spessore del tessuto e permette di ruotare il lavoro.<\/strong><br \/>\n<strong>L&#8217;esclusiva funzione Sewing advisor, la Guida al Cucito , rende perfetto il tuo cucito impostando automaticamente il punto migliore e la relativa lunghezza, larghezza, tensione filo e velocit\u00e0 di cucito. La rilevante superficie di cucito poi garantisce maggiore spazio per i progetti pi\u00f9 grandi. Anche la area di ricamo \u00e8 incredibilmente ampia e permette di realizzare spettacolari disegni senza dover reinfilare il tessuto nel telaio. Centinaia di punti mozzafiato sono l\u00ec ad attenderti per costruire insieme le tue grandi idee. La macchina per cucire e ricamare Designer Topaz 30 dispone di 100 disegni inclusi, ma puoi salvarne a migliaia sull\u2019USB Embroidery Stick Husqvarna Viking da 1 GB. Puoi inoltre convertire qualunque carattere True Type presente sul tuo computer in carattere di ricamo con il software 4D Quickfont Husqvarna Viking in dotazione.<\/strong><\/p>\n<p><strong><span style=\"color: #800000;\">Specifiche:<\/span><\/strong><\/p>\n<p><strong>Esclusivo Sewing Advisor &#8220;Guida del cucito&#8221;<\/strong><br \/>\n<strong>&#8211; Superficie di cucito estesa:250mm<\/strong><br \/>\n<strong>&#8211; Graphic Display,Tagliafilo selettivo<\/strong><br \/>\n<strong>&#8211; Motorino caricamento bobina separato<\/strong><br \/>\n<strong>&#8211; Luce doppia<\/strong><br \/>\n<strong>&#8211; Linee guida piastrina punto doppie prolungate-40mm a entrambi i lati dell&#8217;ago<\/strong><br \/>\n<strong>&#8211; Regolazione elettronica automatica del filo<\/strong><br \/>\n<strong>&#8211; Sensore filo bobina<\/strong><br \/>\n<strong>&#8211; Asole perfettamente bilanciate (7 stili)<\/strong><br \/>\n<strong>&#8211; Piedino sensore per asole in un unico passaggio<\/strong><br \/>\n<strong>&#8211; Posizionamento del punto<\/strong><br \/>\n<strong>&#8211; Piedino a scatto:11<\/strong><br \/>\n<strong>&#8211; Infila-ago incorporato<\/strong><br \/>\n<strong>&#8211; Programma punti,lettere e numeri<\/strong><br \/>\n<strong>&#8211; Memorie personali,salva in &#8220;I miei punti&#8221;:20 memorie,800 punti in totale<\/strong><br \/>\n<strong>&#8211; Funzione Fix<\/strong><br \/>\n<strong>&#8211; Funzione Stop,Tasto Start\/Stop,Arresto ago su\/gi\u00f9<\/strong><br \/>\n<strong>&#8211; Inversione istantanea e permanente<\/strong><br \/>\n<strong>&#8211; Caricamento bobina attraverso l&#8217;ago<\/strong><br \/>\n<strong>&#8211; Comando elettronico velocit\u00e0:5 velocit\u00e0<\/strong><br \/>\n<strong>&#8211; Riavvia punto,Specchia immagine in orizzontale,Specchia immagine in verticale<\/strong><br \/>\n<strong>&#8211; Funzione Cucitura a mano libera con ogni punto<\/strong><\/p>\n<p><strong><span style=\"color: #800000;\">Caratteristiche del ricamo<\/span><\/strong><\/p>\n<p><strong>&#8211; Ampia superficie di ricamo:360x200mm <\/strong><br \/>\n<strong>&#8211; Disegni di ricamo inclusi:100<\/strong><br \/>\n<strong>&#8211; Modifica disegni<\/strong><br \/>\n<strong>&#8211; Salto automatico del punto durante il salta punto<\/strong><br \/>\n<strong>&#8211; Software di ricamo 4D Quickfont<\/strong><br \/>\n<strong>&#8211; Software di ricamo 4D Organizer,USB Embroidery Stick <\/strong><\/p>\n<p><strong><span style=\"color: #800000;\">Punti<\/span><\/strong><br \/>\n<strong>&#8211; 163,Punti per quilt<\/strong><br \/>\n<strong>&#8211; Punti decorativi, e 5 Alfabeti programmabili<\/strong><br \/>\n<strong>&#8211; Progettata e realizzata in Svezia<\/strong><\/p>\n","protected":false},"excerpt":{"rendered":"<p><strong>Macchina per cucire e ricamare. 163 punti utili e 5 tipi di alfabeto pronti per te e facilmente selezionabili grazie al fantastico Graphic Display, lo schermo interattivo dove puoi vedere immediatamente il punto selezionato in misura reale insieme al piedino e alla dimensione\/tipo di ago consigliati e con accanto tutte le altre informazioni necessarie per portare a compimento il tuo lavoro in maniera professionale e veloce. Semplicemente perfetto l\u2019 Exclusive Sensor System che rileva lo spessore del lavoro e ti regala un trasporto uniforme su ogni materiale o su pi\u00f9 strati di tessuto e imbottitura.<\/strong><\/p>\n","protected":false},"featured_media":10417,"comment_status":"closed","ping_status":"closed","template":"","meta":[],"product_brand":[],"product_cat":[193],"product_tag":[],"class_list":{"0":"post-6624","1":"product","2":"type-product","3":"status-publish","4":"has-post-thumbnail","6":"product_cat-husqvarna-viking-ricamatrici-en","7":"pa_trovaprezzi-pubblicato","9":"first","10":"instock","11":"taxable","12":"shipping-taxable","13":"purchasable","14":"product-type-simple"},"yoast_head":"<!-- This site is optimized with the Yoast SEO plugin v27.2 - https:\/\/yoast.com\/product\/yoast-seo-wordpress\/ -->\n<title>Husqvarna Viking Designer Topaz 30 - Cuciroma | Macchine da cucire e accessori per il ricamo<\/title>\n<meta name=\"robots\" content=\"index, follow, max-snippet:-1, max-image-preview:large, max-video-preview:-1\" \/>\n<link rel=\"canonical\" href=\"https:\/\/cuciroma.com\/en\/prodotto\/husqvarna-viking-designer-topaz-30\/\" \/>\n<meta property=\"og:locale\" content=\"en_US\" \/>\n<meta property=\"og:type\" content=\"article\" \/>\n<meta property=\"og:title\" content=\"Husqvarna Viking Designer Topaz 30 - Cuciroma | Macchine da cucire e accessori per il ricamo\" \/>\n<meta property=\"og:description\" content=\"Macchina per cucire e ricamare. 163 punti utili e 5 tipi di alfabeto pronti per te e facilmente selezionabili grazie al fantastico Graphic Display, lo schermo interattivo dove puoi vedere immediatamente il punto selezionato in misura reale insieme al piedino e alla dimensione\/tipo di ago consigliati e con accanto tutte le altre informazioni necessarie per portare a compimento il tuo lavoro in maniera professionale e veloce. Semplicemente perfetto l\u2019 Exclusive Sensor System che rileva lo spessore del lavoro e ti regala un trasporto uniforme su ogni materiale o su pi\u00f9 strati di tessuto e imbottitura.\" \/>\n<meta property=\"og:url\" content=\"https:\/\/cuciroma.com\/en\/prodotto\/husqvarna-viking-designer-topaz-30\/\" \/>\n<meta property=\"og:site_name\" content=\"Cuciroma | Macchine da cucire e accessori per il ricamo\" \/>\n<meta property=\"article:publisher\" content=\"https:\/\/www.facebook.com\/cuciroma\/\" \/>\n<meta property=\"article:modified_time\" content=\"2019-05-13T06:57:21+00:00\" \/>\n<meta property=\"og:image\" content=\"https:\/\/cuciroma.com\/wp-content\/uploads\/2015\/07\/usq-topaz-301.jpg\" \/>\n\t<meta property=\"og:image:width\" content=\"600\" \/>\n\t<meta property=\"og:image:height\" content=\"600\" \/>\n\t<meta property=\"og:image:type\" content=\"image\/jpeg\" \/>\n<meta name=\"twitter:card\" content=\"summary_large_image\" \/>\n<meta name=\"twitter:label1\" content=\"Est. reading time\" \/>\n\t<meta name=\"twitter:data1\" content=\"2 minutes\" \/>\n<script type=\"application\/ld+json\" class=\"yoast-schema-graph\">{\"@context\":\"https:\/\/schema.org\",\"@graph\":[{\"@type\":\"WebPage\",\"@id\":\"https:\/\/cuciroma.com\/en\/prodotto\/husqvarna-viking-designer-topaz-30\/\",\"url\":\"https:\/\/cuciroma.com\/en\/prodotto\/husqvarna-viking-designer-topaz-30\/\",\"name\":\"Husqvarna Viking Designer Topaz 30 - Cuciroma | Macchine da cucire e accessori per il ricamo\",\"isPartOf\":{\"@id\":\"https:\/\/cuciroma.com\/#website\"},\"primaryImageOfPage\":{\"@id\":\"https:\/\/cuciroma.com\/en\/prodotto\/husqvarna-viking-designer-topaz-30\/#primaryimage\"},\"image\":{\"@id\":\"https:\/\/cuciroma.com\/en\/prodotto\/husqvarna-viking-designer-topaz-30\/#primaryimage\"},\"thumbnailUrl\":\"https:\/\/cuciroma.com\/wp-content\/uploads\/2015\/07\/usq-topaz-301.jpg\",\"datePublished\":\"2015-07-17T09:16:30+00:00\",\"dateModified\":\"2019-05-13T06:57:21+00:00\",\"breadcrumb\":{\"@id\":\"https:\/\/cuciroma.com\/en\/prodotto\/husqvarna-viking-designer-topaz-30\/#breadcrumb\"},\"inLanguage\":\"en-US\",\"potentialAction\":[{\"@type\":\"ReadAction\",\"target\":[\"https:\/\/cuciroma.com\/en\/prodotto\/husqvarna-viking-designer-topaz-30\/\"]}]},{\"@type\":\"ImageObject\",\"inLanguage\":\"en-US\",\"@id\":\"https:\/\/cuciroma.com\/en\/prodotto\/husqvarna-viking-designer-topaz-30\/#primaryimage\",\"url\":\"https:\/\/cuciroma.com\/wp-content\/uploads\/2015\/07\/usq-topaz-301.jpg\",\"contentUrl\":\"https:\/\/cuciroma.com\/wp-content\/uploads\/2015\/07\/usq-topaz-301.jpg\",\"width\":600,\"height\":600},{\"@type\":\"BreadcrumbList\",\"@id\":\"https:\/\/cuciroma.com\/en\/prodotto\/husqvarna-viking-designer-topaz-30\/#breadcrumb\",\"itemListElement\":[{\"@type\":\"ListItem\",\"position\":1,\"name\":\"Shop On line\",\"item\":\"https:\/\/cuciroma.com\/shop\/\"},{\"@type\":\"ListItem\",\"position\":2,\"name\":\"Husqvarna Viking Designer Topaz 30\"}]},{\"@type\":\"WebSite\",\"@id\":\"https:\/\/cuciroma.com\/#website\",\"url\":\"https:\/\/cuciroma.com\/\",\"name\":\"Cuciroma | Macchine da cucire e accessori per il ricamo\",\"description\":\"Rivenditore e Assistenza autorizzata Macchine da Cucire Professionali\",\"publisher\":{\"@id\":\"https:\/\/cuciroma.com\/#organization\"},\"potentialAction\":[{\"@type\":\"SearchAction\",\"target\":{\"@type\":\"EntryPoint\",\"urlTemplate\":\"https:\/\/cuciroma.com\/?s={search_term_string}\"},\"query-input\":{\"@type\":\"PropertyValueSpecification\",\"valueRequired\":true,\"valueName\":\"search_term_string\"}}],\"inLanguage\":\"en-US\"},{\"@type\":\"Organization\",\"@id\":\"https:\/\/cuciroma.com\/#organization\",\"name\":\"Cuciroma\",\"url\":\"https:\/\/cuciroma.com\/\",\"logo\":{\"@type\":\"ImageObject\",\"inLanguage\":\"en-US\",\"@id\":\"https:\/\/cuciroma.com\/#\/schema\/logo\/image\/\",\"url\":\"https:\/\/cuciroma.com\/wp-content\/uploads\/2020\/07\/logo-cuciroma.png\",\"contentUrl\":\"https:\/\/cuciroma.com\/wp-content\/uploads\/2020\/07\/logo-cuciroma.png\",\"width\":565,\"height\":159,\"caption\":\"Cuciroma\"},\"image\":{\"@id\":\"https:\/\/cuciroma.com\/#\/schema\/logo\/image\/\"},\"sameAs\":[\"https:\/\/www.facebook.com\/cuciroma\/\",\"https:\/\/www.instagram.com\/cuciroma\/\"]}]}<\/script>\n<!-- \/ Yoast SEO plugin. -->","yoast_head_json":{"title":"Husqvarna Viking Designer Topaz 30 - Cuciroma | Macchine da cucire e accessori per il ricamo","robots":{"index":"index","follow":"follow","max-snippet":"max-snippet:-1","max-image-preview":"max-image-preview:large","max-video-preview":"max-video-preview:-1"},"canonical":"https:\/\/cuciroma.com\/en\/prodotto\/husqvarna-viking-designer-topaz-30\/","og_locale":"en_US","og_type":"article","og_title":"Husqvarna Viking Designer Topaz 30 - Cuciroma | Macchine da cucire e accessori per il ricamo","og_description":"Macchina per cucire e ricamare. 163 punti utili e 5 tipi di alfabeto pronti per te e facilmente selezionabili grazie al fantastico Graphic Display, lo schermo interattivo dove puoi vedere immediatamente il punto selezionato in misura reale insieme al piedino e alla dimensione\/tipo di ago consigliati e con accanto tutte le altre informazioni necessarie per portare a compimento il tuo lavoro in maniera professionale e veloce. Semplicemente perfetto l\u2019 Exclusive Sensor System che rileva lo spessore del lavoro e ti regala un trasporto uniforme su ogni materiale o su pi\u00f9 strati di tessuto e imbottitura.","og_url":"https:\/\/cuciroma.com\/en\/prodotto\/husqvarna-viking-designer-topaz-30\/","og_site_name":"Cuciroma | Macchine da cucire e accessori per il ricamo","article_publisher":"https:\/\/www.facebook.com\/cuciroma\/","article_modified_time":"2019-05-13T06:57:21+00:00","og_image":[{"width":600,"height":600,"url":"https:\/\/cuciroma.com\/wp-content\/uploads\/2015\/07\/usq-topaz-301.jpg","type":"image\/jpeg"}],"twitter_card":"summary_large_image","twitter_misc":{"Est. reading time":"2 minutes"},"schema":{"@context":"https:\/\/schema.org","@graph":[{"@type":"WebPage","@id":"https:\/\/cuciroma.com\/en\/prodotto\/husqvarna-viking-designer-topaz-30\/","url":"https:\/\/cuciroma.com\/en\/prodotto\/husqvarna-viking-designer-topaz-30\/","name":"Husqvarna Viking Designer Topaz 30 - Cuciroma | Macchine da cucire e accessori per il ricamo","isPartOf":{"@id":"https:\/\/cuciroma.com\/#website"},"primaryImageOfPage":{"@id":"https:\/\/cuciroma.com\/en\/prodotto\/husqvarna-viking-designer-topaz-30\/#primaryimage"},"image":{"@id":"https:\/\/cuciroma.com\/en\/prodotto\/husqvarna-viking-designer-topaz-30\/#primaryimage"},"thumbnailUrl":"https:\/\/cuciroma.com\/wp-content\/uploads\/2015\/07\/usq-topaz-301.jpg","datePublished":"2015-07-17T09:16:30+00:00","dateModified":"2019-05-13T06:57:21+00:00","breadcrumb":{"@id":"https:\/\/cuciroma.com\/en\/prodotto\/husqvarna-viking-designer-topaz-30\/#breadcrumb"},"inLanguage":"en-US","potentialAction":[{"@type":"ReadAction","target":["https:\/\/cuciroma.com\/en\/prodotto\/husqvarna-viking-designer-topaz-30\/"]}]},{"@type":"ImageObject","inLanguage":"en-US","@id":"https:\/\/cuciroma.com\/en\/prodotto\/husqvarna-viking-designer-topaz-30\/#primaryimage","url":"https:\/\/cuciroma.com\/wp-content\/uploads\/2015\/07\/usq-topaz-301.jpg","contentUrl":"https:\/\/cuciroma.com\/wp-content\/uploads\/2015\/07\/usq-topaz-301.jpg","width":600,"height":600},{"@type":"BreadcrumbList","@id":"https:\/\/cuciroma.com\/en\/prodotto\/husqvarna-viking-designer-topaz-30\/#breadcrumb","itemListElement":[{"@type":"ListItem","position":1,"name":"Shop On line","item":"https:\/\/cuciroma.com\/shop\/"},{"@type":"ListItem","position":2,"name":"Husqvarna Viking Designer Topaz 30"}]},{"@type":"WebSite","@id":"https:\/\/cuciroma.com\/#website","url":"https:\/\/cuciroma.com\/","name":"Cuciroma | Macchine da cucire e accessori per il ricamo","description":"Rivenditore e Assistenza autorizzata Macchine da Cucire Professionali","publisher":{"@id":"https:\/\/cuciroma.com\/#organization"},"potentialAction":[{"@type":"SearchAction","target":{"@type":"EntryPoint","urlTemplate":"https:\/\/cuciroma.com\/?s={search_term_string}"},"query-input":{"@type":"PropertyValueSpecification","valueRequired":true,"valueName":"search_term_string"}}],"inLanguage":"en-US"},{"@type":"Organization","@id":"https:\/\/cuciroma.com\/#organization","name":"Cuciroma","url":"https:\/\/cuciroma.com\/","logo":{"@type":"ImageObject","inLanguage":"en-US","@id":"https:\/\/cuciroma.com\/#\/schema\/logo\/image\/","url":"https:\/\/cuciroma.com\/wp-content\/uploads\/2020\/07\/logo-cuciroma.png","contentUrl":"https:\/\/cuciroma.com\/wp-content\/uploads\/2020\/07\/logo-cuciroma.png","width":565,"height":159,"caption":"Cuciroma"},"image":{"@id":"https:\/\/cuciroma.com\/#\/schema\/logo\/image\/"},"sameAs":["https:\/\/www.facebook.com\/cuciroma\/","https:\/\/www.instagram.com\/cuciroma\/"]}]}},"df_price":1899,"df_sale_price":"","df_regular_price":1899,"df_image_link":"https:\/\/cuciroma.com\/wp-content\/uploads\/2015\/07\/usq-topaz-301-300x300.jpg","_links":{"self":[{"href":"https:\/\/cuciroma.com\/en\/wp-json\/wp\/v2\/product\/6624","targetHints":{"allow":["GET"]}}],"collection":[{"href":"https:\/\/cuciroma.com\/en\/wp-json\/wp\/v2\/product"}],"about":[{"href":"https:\/\/cuciroma.com\/en\/wp-json\/wp\/v2\/types\/product"}],"replies":[{"embeddable":true,"href":"https:\/\/cuciroma.com\/en\/wp-json\/wp\/v2\/comments?post=6624"}],"wp:featuredmedia":[{"embeddable":true,"href":"https:\/\/cuciroma.com\/en\/wp-json\/wp\/v2\/media\/10417"}],"wp:attachment":[{"href":"https:\/\/cuciroma.com\/en\/wp-json\/wp\/v2\/media?parent=6624"}],"wp:term":[{"taxonomy":"product_brand","embeddable":true,"href":"https:\/\/cuciroma.com\/en\/wp-json\/wp\/v2\/product_brand?post=6624"},{"taxonomy":"product_cat","embeddable":true,"href":"https:\/\/cuciroma.com\/en\/wp-json\/wp\/v2\/product_cat?post=6624"},{"taxonomy":"product_tag","embeddable":true,"href":"https:\/\/cuciroma.com\/en\/wp-json\/wp\/v2\/product_tag?post=6624"}],"curies":[{"name":"wp","href":"https:\/\/api.w.org\/{rel}","templated":true}]}}