{"id":6618,"date":"2015-07-17T19:44:27","date_gmt":"2015-07-17T17:44:27","guid":{"rendered":"https:\/\/cuciroma.com\/prodotto\/husqvarna-viking-designer-topaz-25-2\/"},"modified":"2026-01-03T12:53:19","modified_gmt":"2026-01-03T11:53:19","slug":"husqvarna-viking-designer-topaz-25","status":"publish","type":"product","link":"https:\/\/cuciroma.com\/en\/prodotto\/husqvarna-viking-designer-topaz-25\/","title":{"rendered":"Husqvarna Viking Designer Topaz 25"},"content":{"rendered":"<p><strong>\u00a0Macchina per cucire e ricamare. Pronta a seguirti in ogni avventura anche la pi\u00f9 spericolata. 160 punti inclusi punti da 7 mm, punti utili, punti Quilt, punti decorativi e 3 alfabeti programmabili. Tutto a disposizione per decorare il tuo mondo nel modo pi\u00f9 facile, divertente e veloce. L\u2019 Infila ago incorporato \u00e8 una creazione fantastica, ma l\u2019 Exclusive Sensor System che rileva lo spessore del tessuto per un trasporto preciso, non \u00e8 assolutamente da meno. Il Sewing\u00a0 Advisor poi che ottimizza il cucito selezionando le impostazioni migliori \u00e8 una creazione irrinunciabile. Il taglia filo automatico che taglia istantaneamente il filo superiore e quello della bobina in un attimo, consegna il lavoro finito e pulito. Un sensore ti avvisa ogni volta che il filo dall\u2019ago e della bobina stanno per terminare. Consigliata per il quilting grazie alla generosa superficie di cucito (250 mm), questa macchina ha un ulteriore asso nella manica. Il Ricamo. 75 disegni di ricamo inclusi e 1 alfabeto in 3 diverse misure. La superficie di lavoro permette spazio per i grandi progetti, i ricami grandi sono inoltre veloci e semplici da eseguire grazie all&#8217;elevata velocit\u00e0 di ricamo e il telaio in dotazione raggiunge le dimensioni di 240x150mm. In dotazione anche la la USB Embroidery Stick Husqvarna Viking da 1 GB, gli aggiornamenti Internet assicurano poi che la Designer Topaz 25 sia sempre aggiornata all&#8217;ultima versione disponibile, tanti gli accessori e i piedini a corredo di questa macchina, compreso il piedino sensore per asole ad un tempo che ti permette di realizzare asole tutte uguali e tutte diverse per le diverse tipologie di capi e tessuti.<\/strong><\/p>\n<p><strong>Grande \u00e8 il piano di lavoro<\/strong><br \/>\n<strong> Cucire facilmente grandi trapunte, usufruire della grande area a destra dell&#8217;ago, quasi 200 mm.<\/strong><\/p>\n<p><strong>Schermo LCD<\/strong><br \/>\n<strong> \u00c8 possibile visualizzare le informazioni e selezionarle sullo schermo. Tutti i punti sono mostrati in dimensioni reali, e nel display si vede quando si effettuano le modifiche delle impostazioni di lunghezza e larghezza, vi aiuter\u00e0\u00a0 a vedere esattamente come il vostro punto apparir\u00e0 prima di cucire!<\/strong><\/p>\n<p><strong>Cucito esclusivo<\/strong><br \/>\n<strong> Seleziona il tipo di tessuto e tecnica di cucito e la esclusiva funzione Sewing Advisor imposta istantaneamente tutto per voi : punto , larghezza , lunghezza punto , tensione del filo , e la pressione del piedino.<\/strong><\/p>\n<p><strong>Disegni di ricamo bellissimi<\/strong><br \/>\n<strong> Inizia subito a ricamare. La Topaz 25 dispone di 75 disegni inclusi nella macchina, pi\u00f9 un carattere di ricamo in 3 diverse misure<\/strong><\/p>\n<p><strong>Grande area ricamo<\/strong><br \/>\n<strong> \u00c8 possibile creare e ricamare disegni fino a 240 x 150 mm.<\/strong><\/p>\n<p><strong>Porta USB<\/strong><br \/>\n<strong> Salva migliaia di disegni sulla\u00a0 pennetta USB di un 1 GB in dotazione. Comodamente trasferisci i disegni dal e verso il computer. \u00c8 anche possibile aggiornare la macchina con l&#8217;ultimo software via Internet, in modo che la macchina \u00e8 sempre aggiornata con le pi\u00f9 recenti caratteristiche.<\/strong><\/p>\n<p><strong>160 Punti per infinite possibilit\u00e0 creative, tra cui 7 millimetri di larghezza del punto. Ci sono anche 3 font incorporati per personalizzare, con iniziali e scritte i vostri progetti di cucito.<\/strong><\/p>\n<p><strong>Sensor System Exclusive rileva continuamente e si regola automaticamente per un perfetto trasporto su qualsiasi spessore del tessuto.<\/strong><\/p>\n<div id=\"gt-res-content\" class=\"almost_half_cell\">\n<div dir=\"ltr\"><strong><span class=\"\" lang=\"it\"><span class=\"hps\">Le tensioni<\/span> <span class=\"hps\">automatiche<\/span> regolano <span class=\"hps\">qualsiasi<\/span> <span class=\"hps\">tipo di punto<\/span> <span class=\"hps\">senza la necessit\u00e0<\/span> <span class=\"hps\">di modificare<\/span> <span class=\"hps\">la tensione<\/span> <span class=\"hps\">del filo<\/span>. <span class=\"hps\">Tensione del filo<\/span> <span class=\"hps\">dell&#8217;ago<\/span> <span class=\"hps\">\u00e8 impostato<\/span> <span class=\"hps\">elettronicamente<\/span> <span class=\"hps\">per<\/span> <span class=\"hps\">ogni punto<\/span>!<\/span><\/strong><strong><span class=\"hps\">Taglierina automatica il<\/span> <span class=\"hps\">filo viene<\/span> <span class=\"hps\">tagliato<\/span> <span class=\"hps\">automaticamente<\/span> sia il <span class=\"hps\">filo<\/span> <span class=\"hps\">superiore e quello inferiore della bobina<\/span>, una volta pescato il <span class=\"hps\">filo<\/span> <span class=\"hps\">finisce<\/span> <span class=\"hps\">al lato<\/span> <span class=\"hps\">posteriore del<\/span> <span class=\"hps\">tessuto<\/span>.<\/strong><strong><span class=\"hps\">Tre<\/span> <span class=\"hps\">luci LED<\/span> <span class=\"hps\">illuminano la<\/span> <span class=\"hps\">zona dell&#8217;ago<\/span> <span class=\"hps\">e la superficie<\/span> <span class=\"hps\">di cucito<\/span> <span class=\"hps\">per rendere un <\/span>piano di lavoro luminoso che permette di <span class=\"hps\"> ridurre<\/span> <span class=\"hps\">l&#8217;affaticamento degli occhi<\/span>.<span class=\"hps\"><br \/>\n<\/span><\/strong><\/div>\n<\/div>\n<p><strong><span class=\"hps\">Si accede rapidamente al<\/span> <span class=\"hps\">Taglia-filo<\/span>, <span class=\"hps\">Start \/ Stop<\/span>, <span class=\"hps\">piedino<\/span> Su<span class=\"hps\"> \/ Giu<\/span>, <span class=\"hps\">Ago<\/span> S<span class=\"hps\">u \/ Gi\u00f9<\/span>.<\/strong><\/p>\n<div id=\"gt-res-content\" class=\"almost_half_cell\">\n<div dir=\"ltr\"><strong><span class=\"\" lang=\"it\"><span class=\"\" lang=\"it\"><span class=\"hps\">Infila aghi<\/span> <span class=\"hps\">Non pi\u00f9 alla ricerca<\/span> <span class=\"hps\">per<\/span> <span class=\"hps\">la cruna<\/span>. <span class=\"hps\">Lasciate che l&#8217;<\/span><span class=\"hps\">infila ago<\/span> possa eseguire\u00a0<span class=\"hps\"> il lavoro<\/span> <span class=\"hps\">e<\/span> <span class=\"hps\">iniziare a cucire<\/span>!<\/span><\/span><\/strong><\/div>\n<\/div>\n","protected":false},"excerpt":{"rendered":"<p><strong>\u00a0Macchina per cucire e ricamare. Pronta a seguirti in ogni avventura anche la pi\u00f9 spericolata. 160 punti inclusi punti da 7 mm, punti utili, punti Quilt, punti decorativi e 3 alfabeti programmabili. Tutto a disposizione per decorare il tuo mondo nel modo pi\u00f9 facile, divertente e veloce. L\u2019 Infila ago incorporato \u00e8 una creazione fantastica, ma l\u2019 Exclusive Sensor System che rileva lo spessore del tessuto per un trasporto preciso, non \u00e8 assolutamente da meno.<\/strong><\/p>\n","protected":false},"featured_media":10413,"comment_status":"closed","ping_status":"closed","template":"","meta":[],"product_brand":[],"product_cat":[193],"product_tag":[],"class_list":{"0":"post-6618","1":"product","2":"type-product","3":"status-publish","4":"has-post-thumbnail","6":"product_cat-husqvarna-viking-ricamatrici-en","7":"pa_trovaprezzi-pubblicato-en","9":"first","10":"instock","11":"taxable","12":"shipping-taxable","13":"purchasable","14":"product-type-simple"},"yoast_head":"<!-- This site is optimized with the Yoast SEO plugin v27.2 - https:\/\/yoast.com\/product\/yoast-seo-wordpress\/ -->\n<title>Husqvarna Viking Designer Topaz 25 - Cuciroma | Macchine da cucire e accessori per il ricamo<\/title>\n<meta name=\"robots\" content=\"index, follow, max-snippet:-1, max-image-preview:large, max-video-preview:-1\" \/>\n<link rel=\"canonical\" href=\"https:\/\/cuciroma.com\/en\/prodotto\/husqvarna-viking-designer-topaz-25\/\" \/>\n<meta property=\"og:locale\" content=\"en_US\" \/>\n<meta property=\"og:type\" content=\"article\" \/>\n<meta property=\"og:title\" content=\"Husqvarna Viking Designer Topaz 25 - Cuciroma | Macchine da cucire e accessori per il ricamo\" \/>\n<meta property=\"og:description\" content=\"\u00a0Macchina per cucire e ricamare. Pronta a seguirti in ogni avventura anche la pi\u00f9 spericolata. 160 punti inclusi punti da 7 mm, punti utili, punti Quilt, punti decorativi e 3 alfabeti programmabili. Tutto a disposizione per decorare il tuo mondo nel modo pi\u00f9 facile, divertente e veloce. L\u2019 Infila ago incorporato \u00e8 una creazione fantastica, ma l\u2019 Exclusive Sensor System che rileva lo spessore del tessuto per un trasporto preciso, non \u00e8 assolutamente da meno.\" \/>\n<meta property=\"og:url\" content=\"https:\/\/cuciroma.com\/en\/prodotto\/husqvarna-viking-designer-topaz-25\/\" \/>\n<meta property=\"og:site_name\" content=\"Cuciroma | Macchine da cucire e accessori per il ricamo\" \/>\n<meta property=\"article:publisher\" content=\"https:\/\/www.facebook.com\/cuciroma\/\" \/>\n<meta property=\"article:modified_time\" content=\"2026-01-03T11:53:19+00:00\" \/>\n<meta property=\"og:image\" content=\"https:\/\/cuciroma.com\/wp-content\/uploads\/2015\/07\/usq-topaz-25.jpg\" \/>\n\t<meta property=\"og:image:width\" content=\"294\" \/>\n\t<meta property=\"og:image:height\" content=\"171\" \/>\n\t<meta property=\"og:image:type\" content=\"image\/jpeg\" \/>\n<meta name=\"twitter:card\" content=\"summary_large_image\" \/>\n<meta name=\"twitter:label1\" content=\"Est. reading time\" \/>\n\t<meta name=\"twitter:data1\" content=\"3 minutes\" \/>\n<script type=\"application\/ld+json\" class=\"yoast-schema-graph\">{\"@context\":\"https:\/\/schema.org\",\"@graph\":[{\"@type\":\"WebPage\",\"@id\":\"https:\/\/cuciroma.com\/en\/prodotto\/husqvarna-viking-designer-topaz-25\/\",\"url\":\"https:\/\/cuciroma.com\/en\/prodotto\/husqvarna-viking-designer-topaz-25\/\",\"name\":\"Husqvarna Viking Designer Topaz 25 - Cuciroma | Macchine da cucire e accessori per il ricamo\",\"isPartOf\":{\"@id\":\"https:\/\/cuciroma.com\/#website\"},\"primaryImageOfPage\":{\"@id\":\"https:\/\/cuciroma.com\/en\/prodotto\/husqvarna-viking-designer-topaz-25\/#primaryimage\"},\"image\":{\"@id\":\"https:\/\/cuciroma.com\/en\/prodotto\/husqvarna-viking-designer-topaz-25\/#primaryimage\"},\"thumbnailUrl\":\"https:\/\/cuciroma.com\/wp-content\/uploads\/2015\/07\/usq-topaz-25.jpg\",\"datePublished\":\"2015-07-17T17:44:27+00:00\",\"dateModified\":\"2026-01-03T11:53:19+00:00\",\"breadcrumb\":{\"@id\":\"https:\/\/cuciroma.com\/en\/prodotto\/husqvarna-viking-designer-topaz-25\/#breadcrumb\"},\"inLanguage\":\"en-US\",\"potentialAction\":[{\"@type\":\"ReadAction\",\"target\":[\"https:\/\/cuciroma.com\/en\/prodotto\/husqvarna-viking-designer-topaz-25\/\"]}]},{\"@type\":\"ImageObject\",\"inLanguage\":\"en-US\",\"@id\":\"https:\/\/cuciroma.com\/en\/prodotto\/husqvarna-viking-designer-topaz-25\/#primaryimage\",\"url\":\"https:\/\/cuciroma.com\/wp-content\/uploads\/2015\/07\/usq-topaz-25.jpg\",\"contentUrl\":\"https:\/\/cuciroma.com\/wp-content\/uploads\/2015\/07\/usq-topaz-25.jpg\",\"width\":294,\"height\":171},{\"@type\":\"BreadcrumbList\",\"@id\":\"https:\/\/cuciroma.com\/en\/prodotto\/husqvarna-viking-designer-topaz-25\/#breadcrumb\",\"itemListElement\":[{\"@type\":\"ListItem\",\"position\":1,\"name\":\"Shop On line\",\"item\":\"https:\/\/cuciroma.com\/shop\/\"},{\"@type\":\"ListItem\",\"position\":2,\"name\":\"Husqvarna Viking Designer Topaz 25\"}]},{\"@type\":\"WebSite\",\"@id\":\"https:\/\/cuciroma.com\/#website\",\"url\":\"https:\/\/cuciroma.com\/\",\"name\":\"Cuciroma | Macchine da cucire e accessori per il ricamo\",\"description\":\"Rivenditore e Assistenza autorizzata Macchine da Cucire Professionali\",\"publisher\":{\"@id\":\"https:\/\/cuciroma.com\/#organization\"},\"potentialAction\":[{\"@type\":\"SearchAction\",\"target\":{\"@type\":\"EntryPoint\",\"urlTemplate\":\"https:\/\/cuciroma.com\/?s={search_term_string}\"},\"query-input\":{\"@type\":\"PropertyValueSpecification\",\"valueRequired\":true,\"valueName\":\"search_term_string\"}}],\"inLanguage\":\"en-US\"},{\"@type\":\"Organization\",\"@id\":\"https:\/\/cuciroma.com\/#organization\",\"name\":\"Cuciroma\",\"url\":\"https:\/\/cuciroma.com\/\",\"logo\":{\"@type\":\"ImageObject\",\"inLanguage\":\"en-US\",\"@id\":\"https:\/\/cuciroma.com\/#\/schema\/logo\/image\/\",\"url\":\"https:\/\/cuciroma.com\/wp-content\/uploads\/2020\/07\/logo-cuciroma.png\",\"contentUrl\":\"https:\/\/cuciroma.com\/wp-content\/uploads\/2020\/07\/logo-cuciroma.png\",\"width\":565,\"height\":159,\"caption\":\"Cuciroma\"},\"image\":{\"@id\":\"https:\/\/cuciroma.com\/#\/schema\/logo\/image\/\"},\"sameAs\":[\"https:\/\/www.facebook.com\/cuciroma\/\",\"https:\/\/www.instagram.com\/cuciroma\/\"]}]}<\/script>\n<!-- \/ Yoast SEO plugin. -->","yoast_head_json":{"title":"Husqvarna Viking Designer Topaz 25 - Cuciroma | Macchine da cucire e accessori per il ricamo","robots":{"index":"index","follow":"follow","max-snippet":"max-snippet:-1","max-image-preview":"max-image-preview:large","max-video-preview":"max-video-preview:-1"},"canonical":"https:\/\/cuciroma.com\/en\/prodotto\/husqvarna-viking-designer-topaz-25\/","og_locale":"en_US","og_type":"article","og_title":"Husqvarna Viking Designer Topaz 25 - Cuciroma | Macchine da cucire e accessori per il ricamo","og_description":"\u00a0Macchina per cucire e ricamare. Pronta a seguirti in ogni avventura anche la pi\u00f9 spericolata. 160 punti inclusi punti da 7 mm, punti utili, punti Quilt, punti decorativi e 3 alfabeti programmabili. Tutto a disposizione per decorare il tuo mondo nel modo pi\u00f9 facile, divertente e veloce. L\u2019 Infila ago incorporato \u00e8 una creazione fantastica, ma l\u2019 Exclusive Sensor System che rileva lo spessore del tessuto per un trasporto preciso, non \u00e8 assolutamente da meno.","og_url":"https:\/\/cuciroma.com\/en\/prodotto\/husqvarna-viking-designer-topaz-25\/","og_site_name":"Cuciroma | Macchine da cucire e accessori per il ricamo","article_publisher":"https:\/\/www.facebook.com\/cuciroma\/","article_modified_time":"2026-01-03T11:53:19+00:00","og_image":[{"width":294,"height":171,"url":"https:\/\/cuciroma.com\/wp-content\/uploads\/2015\/07\/usq-topaz-25.jpg","type":"image\/jpeg"}],"twitter_card":"summary_large_image","twitter_misc":{"Est. reading time":"3 minutes"},"schema":{"@context":"https:\/\/schema.org","@graph":[{"@type":"WebPage","@id":"https:\/\/cuciroma.com\/en\/prodotto\/husqvarna-viking-designer-topaz-25\/","url":"https:\/\/cuciroma.com\/en\/prodotto\/husqvarna-viking-designer-topaz-25\/","name":"Husqvarna Viking Designer Topaz 25 - Cuciroma | Macchine da cucire e accessori per il ricamo","isPartOf":{"@id":"https:\/\/cuciroma.com\/#website"},"primaryImageOfPage":{"@id":"https:\/\/cuciroma.com\/en\/prodotto\/husqvarna-viking-designer-topaz-25\/#primaryimage"},"image":{"@id":"https:\/\/cuciroma.com\/en\/prodotto\/husqvarna-viking-designer-topaz-25\/#primaryimage"},"thumbnailUrl":"https:\/\/cuciroma.com\/wp-content\/uploads\/2015\/07\/usq-topaz-25.jpg","datePublished":"2015-07-17T17:44:27+00:00","dateModified":"2026-01-03T11:53:19+00:00","breadcrumb":{"@id":"https:\/\/cuciroma.com\/en\/prodotto\/husqvarna-viking-designer-topaz-25\/#breadcrumb"},"inLanguage":"en-US","potentialAction":[{"@type":"ReadAction","target":["https:\/\/cuciroma.com\/en\/prodotto\/husqvarna-viking-designer-topaz-25\/"]}]},{"@type":"ImageObject","inLanguage":"en-US","@id":"https:\/\/cuciroma.com\/en\/prodotto\/husqvarna-viking-designer-topaz-25\/#primaryimage","url":"https:\/\/cuciroma.com\/wp-content\/uploads\/2015\/07\/usq-topaz-25.jpg","contentUrl":"https:\/\/cuciroma.com\/wp-content\/uploads\/2015\/07\/usq-topaz-25.jpg","width":294,"height":171},{"@type":"BreadcrumbList","@id":"https:\/\/cuciroma.com\/en\/prodotto\/husqvarna-viking-designer-topaz-25\/#breadcrumb","itemListElement":[{"@type":"ListItem","position":1,"name":"Shop On line","item":"https:\/\/cuciroma.com\/shop\/"},{"@type":"ListItem","position":2,"name":"Husqvarna Viking Designer Topaz 25"}]},{"@type":"WebSite","@id":"https:\/\/cuciroma.com\/#website","url":"https:\/\/cuciroma.com\/","name":"Cuciroma | Macchine da cucire e accessori per il ricamo","description":"Rivenditore e Assistenza autorizzata Macchine da Cucire Professionali","publisher":{"@id":"https:\/\/cuciroma.com\/#organization"},"potentialAction":[{"@type":"SearchAction","target":{"@type":"EntryPoint","urlTemplate":"https:\/\/cuciroma.com\/?s={search_term_string}"},"query-input":{"@type":"PropertyValueSpecification","valueRequired":true,"valueName":"search_term_string"}}],"inLanguage":"en-US"},{"@type":"Organization","@id":"https:\/\/cuciroma.com\/#organization","name":"Cuciroma","url":"https:\/\/cuciroma.com\/","logo":{"@type":"ImageObject","inLanguage":"en-US","@id":"https:\/\/cuciroma.com\/#\/schema\/logo\/image\/","url":"https:\/\/cuciroma.com\/wp-content\/uploads\/2020\/07\/logo-cuciroma.png","contentUrl":"https:\/\/cuciroma.com\/wp-content\/uploads\/2020\/07\/logo-cuciroma.png","width":565,"height":159,"caption":"Cuciroma"},"image":{"@id":"https:\/\/cuciroma.com\/#\/schema\/logo\/image\/"},"sameAs":["https:\/\/www.facebook.com\/cuciroma\/","https:\/\/www.instagram.com\/cuciroma\/"]}]}},"df_price":1450,"df_sale_price":"","df_regular_price":1450,"df_image_link":"https:\/\/cuciroma.com\/wp-content\/uploads\/2015\/07\/usq-topaz-25.jpg","_links":{"self":[{"href":"https:\/\/cuciroma.com\/en\/wp-json\/wp\/v2\/product\/6618","targetHints":{"allow":["GET"]}}],"collection":[{"href":"https:\/\/cuciroma.com\/en\/wp-json\/wp\/v2\/product"}],"about":[{"href":"https:\/\/cuciroma.com\/en\/wp-json\/wp\/v2\/types\/product"}],"replies":[{"embeddable":true,"href":"https:\/\/cuciroma.com\/en\/wp-json\/wp\/v2\/comments?post=6618"}],"wp:featuredmedia":[{"embeddable":true,"href":"https:\/\/cuciroma.com\/en\/wp-json\/wp\/v2\/media\/10413"}],"wp:attachment":[{"href":"https:\/\/cuciroma.com\/en\/wp-json\/wp\/v2\/media?parent=6618"}],"wp:term":[{"taxonomy":"product_brand","embeddable":true,"href":"https:\/\/cuciroma.com\/en\/wp-json\/wp\/v2\/product_brand?post=6618"},{"taxonomy":"product_cat","embeddable":true,"href":"https:\/\/cuciroma.com\/en\/wp-json\/wp\/v2\/product_cat?post=6618"},{"taxonomy":"product_tag","embeddable":true,"href":"https:\/\/cuciroma.com\/en\/wp-json\/wp\/v2\/product_tag?post=6618"}],"curies":[{"name":"wp","href":"https:\/\/api.w.org\/{rel}","templated":true}]}}