{"id":6585,"date":"2015-07-22T19:57:27","date_gmt":"2015-07-22T17:57:27","guid":{"rendered":"https:\/\/cuciroma.com\/prodotto\/singer-heavy-duty-4411-2\/"},"modified":"2025-06-19T17:01:34","modified_gmt":"2025-06-19T15:01:34","slug":"singer-heavy-duty-4411","status":"publish","type":"product","link":"https:\/\/cuciroma.com\/en\/prodotto\/singer-heavy-duty-4411\/","title":{"rendered":"Singer Heavy Duty 4411  + Set cucito"},"content":{"rendered":"<p>Macchina per cucire meccanica. 11 punti a tua disposizione tra punti utili, decorativi. Semplicissima da utilizzare ed eclettica per qualsiasi tipologia di tessuto e per ogni progetto che la tua fantasia inventa. La lunghezza del punto \u00e8 regolabile per adeguarla perfettamente alla tipologia di tessuto che si sta lavorando. Modificabile anche la larghezza del punto per passare dallo Zig Zag pi\u00f9 piccolino e delicato al pi\u00f9 robusto e marcato. Grazie all\u2019occhiellatore automatico puoi realizzare l\u2019asola in 4 tempi. Perfetta, veloce e senza difficolt\u00e0. La struttura interna di questa macchina in metallo robusto e il basamento in acciaio inox, la rendono all&#8217;altezza della grande velocit\u00e0 che la macchina pu\u00f2 raggiungere. 1.100 punti al minuto \u00e8 il suo record e pu\u00f2 cucire su qualsiasi materiale per risultati rapidi e professionali. Comodo l\u2019alloggiamento della bobina con una copertura chiara e trasparente per verificare anche durante la cucitura l\u2019alimentazione del filo della bobina. Il piedino completamente regolabile \u00e8 di grande aiuto nella lavorazione dei diversi spessori di tessuto mentre le differenti posizioni che l\u2019ago pu\u00f2 assumere sono di grande aiuto soprattutto per le impunture. Funzionale il braccio libero che permette la lavorazione sui capi pi\u00f9 angusti come polsini e orli e che nel contempo funge anche da vano portaccessori. Comoda la maniglia di trasporto che ti permette di portarla comodamente dietro in caso di lavori esterni o corsi.<\/p>\n<div id=\"gt-res-content\" class=\"almost_half_cell\">\n<div dir=\"ltr\">\n<p><span style=\"color: #800000;\">Specifiche:<\/span><\/p>\n<p>&#8211; 11 Punti incorporati<\/p>\n<p>&#8211; 9 punti di base, 1 Punti decorativi 1 asola<\/p>\n<p>&#8211; 1.100 punti al minuto<\/p>\n<p>&#8211; Pianale in acciaio<\/p>\n<p>&#8211; Asole Automatiche in 4 tempi<\/p>\n<p>&#8211; Piedini a scatto<\/p>\n<p>&#8211; Braccio libero<\/p>\n<p>&#8211; Alzata extra del piedino<\/p>\n<p>&#8211; Regolabile la pressione del piedino<\/p>\n<p>&#8211; Larghezza punto fino a 6mm<\/p>\n<p>&#8211; Tre Posizione ago<\/p>\n<p>&#8211; Inversione automatica (retromarcia)<\/p>\n<p>&#8211; Regolabile Lunghezza punto &amp; Larghezza<\/p>\n<p>&nbsp;<\/p>\n<p><span style=\"color: #800000;\">Accessori in dotazione:<\/span><\/p>\n<p>Piedino standard &#8211; Piedino per cerniere &#8211;\u00a0 Piedino per asole &#8211; Piedino per attaccare i bottoni &#8211; Guida Quilting &#8211; Aghi &#8211; Cacciavite &#8211; Copertura antipolvere &#8211; Reostato<\/p>\n<\/div>\n<\/div>\n","protected":false},"excerpt":{"rendered":"<p>Macchina per cucire meccanica. 11 punti a tua disposizione tra punti utili, decorativi. Semplicissima da utilizzare ed eclettica per qualsiasi tipologia di tessuto e per ogni progetto che la tua fantasia inventa. La lunghezza del punto \u00e8 regolabile per adeguarla perfettamente alla tipologia di tessuto che si sta lavorando. Modificabile anche la larghezza del punto per passare dallo Zig Zag pi\u00f9 piccolino e delicato al pi\u00f9 robusto e marcato.<\/p>\n","protected":false},"featured_media":10376,"comment_status":"closed","ping_status":"closed","template":"","meta":[],"product_brand":[],"product_cat":[190],"product_tag":[],"class_list":{"0":"post-6585","1":"product","2":"type-product","3":"status-publish","4":"has-post-thumbnail","6":"product_cat-singer-meccaniche-en","7":"pa_trovaprezzi-pubblicato-en","9":"first","10":"instock","11":"taxable","12":"shipping-taxable","13":"purchasable","14":"product-type-simple"},"yoast_head":"<!-- This site is optimized with the Yoast SEO plugin v27.2 - https:\/\/yoast.com\/product\/yoast-seo-wordpress\/ -->\n<title>Singer Heavy Duty 4411 + Set cucito - Cuciroma | Macchine da cucire e accessori per il ricamo<\/title>\n<meta name=\"description\" content=\"Macchina per cucire meccanica.11 punti a tua disposizione, utili e decorativi. Semplicissima da utilizzare ed eclettica per qualsiasi tipologia di tessuto.\" \/>\n<meta name=\"robots\" content=\"index, follow, max-snippet:-1, max-image-preview:large, max-video-preview:-1\" \/>\n<link rel=\"canonical\" href=\"https:\/\/cuciroma.com\/prodotto\/singer-heavy-duty-4411\/\" \/>\n<meta property=\"og:locale\" content=\"en_US\" \/>\n<meta property=\"og:type\" content=\"article\" \/>\n<meta property=\"og:title\" content=\"Singer Heavy Duty 4411 + Set cucito - Cuciroma | Macchine da cucire e accessori per il ricamo\" \/>\n<meta property=\"og:description\" content=\"Macchina per cucire meccanica.11 punti a tua disposizione, utili e decorativi. Semplicissima da utilizzare ed eclettica per qualsiasi tipologia di tessuto.\" \/>\n<meta property=\"og:url\" content=\"https:\/\/cuciroma.com\/prodotto\/singer-heavy-duty-4411\/\" \/>\n<meta property=\"og:site_name\" content=\"Cuciroma | Macchine da cucire e accessori per il ricamo\" \/>\n<meta property=\"article:publisher\" content=\"https:\/\/www.facebook.com\/cuciroma\/\" \/>\n<meta property=\"article:modified_time\" content=\"2025-06-19T15:01:34+00:00\" \/>\n<meta property=\"og:image\" content=\"https:\/\/cuciroma.com\/wp-content\/uploads\/2015\/07\/singer-4411.jpg\" \/>\n\t<meta property=\"og:image:width\" content=\"640\" \/>\n\t<meta property=\"og:image:height\" content=\"475\" \/>\n\t<meta property=\"og:image:type\" content=\"image\/jpeg\" \/>\n<meta name=\"twitter:card\" content=\"summary_large_image\" \/>\n<meta name=\"twitter:label1\" content=\"Est. reading time\" \/>\n\t<meta name=\"twitter:data1\" content=\"2 minutes\" \/>\n<script type=\"application\/ld+json\" class=\"yoast-schema-graph\">{\"@context\":\"https:\/\/schema.org\",\"@graph\":[{\"@type\":\"WebPage\",\"@id\":\"https:\/\/cuciroma.com\/prodotto\/singer-heavy-duty-4411\/\",\"url\":\"https:\/\/cuciroma.com\/prodotto\/singer-heavy-duty-4411\/\",\"name\":\"Singer Heavy Duty 4411 + Set cucito - Cuciroma | Macchine da cucire e accessori per il ricamo\",\"isPartOf\":{\"@id\":\"https:\/\/cuciroma.com\/#website\"},\"primaryImageOfPage\":{\"@id\":\"https:\/\/cuciroma.com\/prodotto\/singer-heavy-duty-4411\/#primaryimage\"},\"image\":{\"@id\":\"https:\/\/cuciroma.com\/prodotto\/singer-heavy-duty-4411\/#primaryimage\"},\"thumbnailUrl\":\"https:\/\/cuciroma.com\/wp-content\/uploads\/2015\/07\/singer-4411.jpg\",\"datePublished\":\"2015-07-22T17:57:27+00:00\",\"dateModified\":\"2025-06-19T15:01:34+00:00\",\"description\":\"Macchina per cucire meccanica.11 punti a tua disposizione, utili e decorativi. Semplicissima da utilizzare ed eclettica per qualsiasi tipologia di tessuto.\",\"breadcrumb\":{\"@id\":\"https:\/\/cuciroma.com\/prodotto\/singer-heavy-duty-4411\/#breadcrumb\"},\"inLanguage\":\"en-US\",\"potentialAction\":[{\"@type\":\"ReadAction\",\"target\":[\"https:\/\/cuciroma.com\/prodotto\/singer-heavy-duty-4411\/\"]}]},{\"@type\":\"ImageObject\",\"inLanguage\":\"en-US\",\"@id\":\"https:\/\/cuciroma.com\/prodotto\/singer-heavy-duty-4411\/#primaryimage\",\"url\":\"https:\/\/cuciroma.com\/wp-content\/uploads\/2015\/07\/singer-4411.jpg\",\"contentUrl\":\"https:\/\/cuciroma.com\/wp-content\/uploads\/2015\/07\/singer-4411.jpg\",\"width\":640,\"height\":475},{\"@type\":\"BreadcrumbList\",\"@id\":\"https:\/\/cuciroma.com\/prodotto\/singer-heavy-duty-4411\/#breadcrumb\",\"itemListElement\":[{\"@type\":\"ListItem\",\"position\":1,\"name\":\"Shop On line\",\"item\":\"https:\/\/cuciroma.com\/shop\/\"},{\"@type\":\"ListItem\",\"position\":2,\"name\":\"Singer Heavy Duty 4411 + Set cucito\"}]},{\"@type\":\"WebSite\",\"@id\":\"https:\/\/cuciroma.com\/#website\",\"url\":\"https:\/\/cuciroma.com\/\",\"name\":\"Cuciroma | Macchine da cucire e accessori per il ricamo\",\"description\":\"Rivenditore e Assistenza autorizzata Macchine da Cucire Professionali\",\"publisher\":{\"@id\":\"https:\/\/cuciroma.com\/#organization\"},\"potentialAction\":[{\"@type\":\"SearchAction\",\"target\":{\"@type\":\"EntryPoint\",\"urlTemplate\":\"https:\/\/cuciroma.com\/?s={search_term_string}\"},\"query-input\":{\"@type\":\"PropertyValueSpecification\",\"valueRequired\":true,\"valueName\":\"search_term_string\"}}],\"inLanguage\":\"en-US\"},{\"@type\":\"Organization\",\"@id\":\"https:\/\/cuciroma.com\/#organization\",\"name\":\"Cuciroma\",\"url\":\"https:\/\/cuciroma.com\/\",\"logo\":{\"@type\":\"ImageObject\",\"inLanguage\":\"en-US\",\"@id\":\"https:\/\/cuciroma.com\/#\/schema\/logo\/image\/\",\"url\":\"https:\/\/cuciroma.com\/wp-content\/uploads\/2020\/07\/logo-cuciroma.png\",\"contentUrl\":\"https:\/\/cuciroma.com\/wp-content\/uploads\/2020\/07\/logo-cuciroma.png\",\"width\":565,\"height\":159,\"caption\":\"Cuciroma\"},\"image\":{\"@id\":\"https:\/\/cuciroma.com\/#\/schema\/logo\/image\/\"},\"sameAs\":[\"https:\/\/www.facebook.com\/cuciroma\/\",\"https:\/\/www.instagram.com\/cuciroma\/\"]}]}<\/script>\n<!-- \/ Yoast SEO plugin. -->","yoast_head_json":{"title":"Singer Heavy Duty 4411 + Set cucito - Cuciroma | Macchine da cucire e accessori per il ricamo","description":"Macchina per cucire meccanica.11 punti a tua disposizione, utili e decorativi. Semplicissima da utilizzare ed eclettica per qualsiasi tipologia di tessuto.","robots":{"index":"index","follow":"follow","max-snippet":"max-snippet:-1","max-image-preview":"max-image-preview:large","max-video-preview":"max-video-preview:-1"},"canonical":"https:\/\/cuciroma.com\/prodotto\/singer-heavy-duty-4411\/","og_locale":"en_US","og_type":"article","og_title":"Singer Heavy Duty 4411 + Set cucito - Cuciroma | Macchine da cucire e accessori per il ricamo","og_description":"Macchina per cucire meccanica.11 punti a tua disposizione, utili e decorativi. Semplicissima da utilizzare ed eclettica per qualsiasi tipologia di tessuto.","og_url":"https:\/\/cuciroma.com\/prodotto\/singer-heavy-duty-4411\/","og_site_name":"Cuciroma | Macchine da cucire e accessori per il ricamo","article_publisher":"https:\/\/www.facebook.com\/cuciroma\/","article_modified_time":"2025-06-19T15:01:34+00:00","og_image":[{"width":640,"height":475,"url":"https:\/\/cuciroma.com\/wp-content\/uploads\/2015\/07\/singer-4411.jpg","type":"image\/jpeg"}],"twitter_card":"summary_large_image","twitter_misc":{"Est. reading time":"2 minutes"},"schema":{"@context":"https:\/\/schema.org","@graph":[{"@type":"WebPage","@id":"https:\/\/cuciroma.com\/prodotto\/singer-heavy-duty-4411\/","url":"https:\/\/cuciroma.com\/prodotto\/singer-heavy-duty-4411\/","name":"Singer Heavy Duty 4411 + Set cucito - Cuciroma | Macchine da cucire e accessori per il ricamo","isPartOf":{"@id":"https:\/\/cuciroma.com\/#website"},"primaryImageOfPage":{"@id":"https:\/\/cuciroma.com\/prodotto\/singer-heavy-duty-4411\/#primaryimage"},"image":{"@id":"https:\/\/cuciroma.com\/prodotto\/singer-heavy-duty-4411\/#primaryimage"},"thumbnailUrl":"https:\/\/cuciroma.com\/wp-content\/uploads\/2015\/07\/singer-4411.jpg","datePublished":"2015-07-22T17:57:27+00:00","dateModified":"2025-06-19T15:01:34+00:00","description":"Macchina per cucire meccanica.11 punti a tua disposizione, utili e decorativi. Semplicissima da utilizzare ed eclettica per qualsiasi tipologia di tessuto.","breadcrumb":{"@id":"https:\/\/cuciroma.com\/prodotto\/singer-heavy-duty-4411\/#breadcrumb"},"inLanguage":"en-US","potentialAction":[{"@type":"ReadAction","target":["https:\/\/cuciroma.com\/prodotto\/singer-heavy-duty-4411\/"]}]},{"@type":"ImageObject","inLanguage":"en-US","@id":"https:\/\/cuciroma.com\/prodotto\/singer-heavy-duty-4411\/#primaryimage","url":"https:\/\/cuciroma.com\/wp-content\/uploads\/2015\/07\/singer-4411.jpg","contentUrl":"https:\/\/cuciroma.com\/wp-content\/uploads\/2015\/07\/singer-4411.jpg","width":640,"height":475},{"@type":"BreadcrumbList","@id":"https:\/\/cuciroma.com\/prodotto\/singer-heavy-duty-4411\/#breadcrumb","itemListElement":[{"@type":"ListItem","position":1,"name":"Shop On line","item":"https:\/\/cuciroma.com\/shop\/"},{"@type":"ListItem","position":2,"name":"Singer Heavy Duty 4411 + Set cucito"}]},{"@type":"WebSite","@id":"https:\/\/cuciroma.com\/#website","url":"https:\/\/cuciroma.com\/","name":"Cuciroma | Macchine da cucire e accessori per il ricamo","description":"Rivenditore e Assistenza autorizzata Macchine da Cucire Professionali","publisher":{"@id":"https:\/\/cuciroma.com\/#organization"},"potentialAction":[{"@type":"SearchAction","target":{"@type":"EntryPoint","urlTemplate":"https:\/\/cuciroma.com\/?s={search_term_string}"},"query-input":{"@type":"PropertyValueSpecification","valueRequired":true,"valueName":"search_term_string"}}],"inLanguage":"en-US"},{"@type":"Organization","@id":"https:\/\/cuciroma.com\/#organization","name":"Cuciroma","url":"https:\/\/cuciroma.com\/","logo":{"@type":"ImageObject","inLanguage":"en-US","@id":"https:\/\/cuciroma.com\/#\/schema\/logo\/image\/","url":"https:\/\/cuciroma.com\/wp-content\/uploads\/2020\/07\/logo-cuciroma.png","contentUrl":"https:\/\/cuciroma.com\/wp-content\/uploads\/2020\/07\/logo-cuciroma.png","width":565,"height":159,"caption":"Cuciroma"},"image":{"@id":"https:\/\/cuciroma.com\/#\/schema\/logo\/image\/"},"sameAs":["https:\/\/www.facebook.com\/cuciroma\/","https:\/\/www.instagram.com\/cuciroma\/"]}]}},"df_price":227,"df_sale_price":"","df_regular_price":227,"df_image_link":"https:\/\/cuciroma.com\/wp-content\/uploads\/2015\/07\/singer-4411-300x223.jpg","_links":{"self":[{"href":"https:\/\/cuciroma.com\/en\/wp-json\/wp\/v2\/product\/6585","targetHints":{"allow":["GET"]}}],"collection":[{"href":"https:\/\/cuciroma.com\/en\/wp-json\/wp\/v2\/product"}],"about":[{"href":"https:\/\/cuciroma.com\/en\/wp-json\/wp\/v2\/types\/product"}],"replies":[{"embeddable":true,"href":"https:\/\/cuciroma.com\/en\/wp-json\/wp\/v2\/comments?post=6585"}],"wp:featuredmedia":[{"embeddable":true,"href":"https:\/\/cuciroma.com\/en\/wp-json\/wp\/v2\/media\/10376"}],"wp:attachment":[{"href":"https:\/\/cuciroma.com\/en\/wp-json\/wp\/v2\/media?parent=6585"}],"wp:term":[{"taxonomy":"product_brand","embeddable":true,"href":"https:\/\/cuciroma.com\/en\/wp-json\/wp\/v2\/product_brand?post=6585"},{"taxonomy":"product_cat","embeddable":true,"href":"https:\/\/cuciroma.com\/en\/wp-json\/wp\/v2\/product_cat?post=6585"},{"taxonomy":"product_tag","embeddable":true,"href":"https:\/\/cuciroma.com\/en\/wp-json\/wp\/v2\/product_tag?post=6585"}],"curies":[{"name":"wp","href":"https:\/\/api.w.org\/{rel}","templated":true}]}}