{"id":6573,"date":"2015-07-23T18:47:06","date_gmt":"2015-07-23T16:47:06","guid":{"rendered":"https:\/\/cuciroma.com\/prodotto\/singer-talent-3323-2\/"},"modified":"2021-04-24T17:13:40","modified_gmt":"2021-04-24T15:13:40","slug":"singer-talent-3323","status":"publish","type":"product","link":"https:\/\/cuciroma.com\/en\/prodotto\/singer-talent-3323\/","title":{"rendered":"Singer Talent 3323"},"content":{"rendered":"<p><a href=\"https:\/\/cuciroma.com\/wp-content\/uploads\/2017\/09\/telefono-rosso1.jpg\"><img loading=\"lazy\" decoding=\"async\" class=\" size-full wp-image-13539 aligncenter\" src=\"https:\/\/cuciroma.com\/wp-content\/uploads\/2017\/09\/telefono-rosso1.jpg\" alt=\"telefono rosso\" width=\"131\" height=\"138\" \/><\/a><\/p>\n<div data-canvas-width=\"337.6249532357682\">\n<div data-canvas-width=\"142.36661961448706\">\n<p>Macchina per cucire meccanica. 23 Punti incorporati: 6 di base, 12 Decorativi, 4 Stretch. Molto elegante la linea e facilissimo il suo uso. I punti sono facilmente selezionabili e realizzabili su tutti i tuoi capi. Regolabile sia la larghezza del punto che la sua lunghezza per creare punti sempre nuovi e personalizzati. Completamente automatico il procedimento per la realizzazione dell\u2019asola ad 1-Step. Copertura trasparente della bobina che rende facilmente monitorabile l\u2019alimentazione del filo. Comodo l\u2019infila aghi automatico che porta ad un grande risparmio di tempo evitando frustrazione o affaticamento degli occhi. Sollevamento extra del piedino per agevolare l\u2019inserimento di pi\u00f9 strati di tessuto e controllo automatico della pressione del piedino per cucire facilmente tessuti leggeri o pesanti senza la necessit\u00e0 di regolazioni pressione del piedino. La regolazione della tensione della macchina \u00e8 automatica, la posizione dell&#8217;ago pu\u00f2 essere cambiata per i singoli progetti, come ad esempio l&#8217;inserimento di cerniere e impunture,inversione automatica della cucitura da utilizzare anche per rafforzare i punti. Comodo il braccio libero che offre un facile accesso ai polsini, colletti, orli dei pantaloni e le altre aree difficili da raggiungere.<\/p>\n<p>&nbsp;<\/p>\n<p><span style=\"color: #800000;\">Specifiche:<\/span><\/p>\n<p>&#8211; Braccio libero per cuciture tubolari<\/p>\n<p>&#8211; Infila ago automatico<\/p>\n<p>&#8211; Sistema di infilatura a prova di errore<\/p>\n<p>&#8211; Porta accessori incorporato<\/p>\n<p>&#8211; Cover di protezione a corredo<\/p>\n<p>&#8211; Libretto di istruzione<\/p>\n<p>&#8211; Maniglia incorporata<\/p>\n<p>&#8211; Predisposizione al piedino taglia cuce<\/p>\n<p>&nbsp;<\/p>\n<p><span style=\"color: #800000;\">Accessori in dotazione:<\/span><\/p>\n<p>Piedino standard &#8211; Piedino per cerniere &#8211; Piedino per occhielli &#8211; Piedino per bottoni &#8211;\u00a0Guida per bordi \/ Quilting &#8211; Confezione aghi &#8211;\u00a0Bobine &#8211; Ferma rocchetto piccolo e grande &#8211; Porta rocchetto ausiliario &#8211; Placca per rammendo &#8211; Cacciavite a L &#8211; Taglia asole con spazzolino<\/p>\n<\/div>\n<\/div>\n","protected":false},"excerpt":{"rendered":"<p>Macchina per cucire meccanica. 23 Punti incorporati: 6 di base, 12 Decorativi, 4 Stretch. Molto elegante la linea e facilissimo il suo uso. I punti sono facilmente selezionabili e realizzabili su tutti i tuoi capi. Regolabile sia la larghezza del punto che la sua lunghezza per creare punti sempre nuovi e personalizzati. Completamente automatico il procedimento per la realizzazione dell\u2019asola ad 1-Step. Copertura trasparente della bobina che rende facilmente monitorabile l\u2019alimentazione del filo.<\/p>\n","protected":false},"featured_media":12211,"comment_status":"closed","ping_status":"closed","template":"","meta":[],"product_brand":[],"product_cat":[190],"product_tag":[],"class_list":{"0":"post-6573","1":"product","2":"type-product","3":"status-publish","4":"has-post-thumbnail","6":"product_cat-singer-meccaniche-en","7":"pa_trovaprezzi-pubblicato","9":"first","10":"outofstock","11":"taxable","12":"shipping-taxable","13":"product-type-simple"},"yoast_head":"<!-- This site is optimized with the Yoast SEO plugin v27.2 - https:\/\/yoast.com\/product\/yoast-seo-wordpress\/ -->\n<title>Singer Talent 3323 - Cuciroma | Macchine da cucire e accessori per il ricamo<\/title>\n<meta name=\"description\" content=\"Macchina per cucire meccanica. 23 Punti incorporati: 6 di base, 12 Decorativi, 4 Stretch. Molto elegante la linea e facilissimo il suo uso. I punti sono facilmente selezionabili e realizzabili su tutti i tuoi capi.\" \/>\n<meta name=\"robots\" content=\"index, follow, max-snippet:-1, max-image-preview:large, max-video-preview:-1\" \/>\n<link rel=\"canonical\" href=\"https:\/\/cuciroma.com\/prodotto\/singer-talent-3323\/\" \/>\n<meta property=\"og:locale\" content=\"en_US\" \/>\n<meta property=\"og:type\" content=\"article\" \/>\n<meta property=\"og:title\" content=\"Singer Talent 3323 - Cuciroma | Macchine da cucire e accessori per il ricamo\" \/>\n<meta property=\"og:description\" content=\"Macchina per cucire meccanica. 23 Punti incorporati: 6 di base, 12 Decorativi, 4 Stretch. Molto elegante la linea e facilissimo il suo uso. I punti sono facilmente selezionabili e realizzabili su tutti i tuoi capi.\" \/>\n<meta property=\"og:url\" content=\"https:\/\/cuciroma.com\/prodotto\/singer-talent-3323\/\" \/>\n<meta property=\"og:site_name\" content=\"Cuciroma | Macchine da cucire e accessori per il ricamo\" \/>\n<meta property=\"article:publisher\" content=\"https:\/\/www.facebook.com\/cuciroma\/\" \/>\n<meta property=\"article:modified_time\" content=\"2021-04-24T15:13:40+00:00\" \/>\n<meta property=\"og:image\" content=\"https:\/\/cuciroma.com\/wp-content\/uploads\/2015\/07\/singer-33231.jpg\" \/>\n\t<meta property=\"og:image:width\" content=\"850\" \/>\n\t<meta property=\"og:image:height\" content=\"569\" \/>\n\t<meta property=\"og:image:type\" content=\"image\/jpeg\" \/>\n<meta name=\"twitter:card\" content=\"summary_large_image\" \/>\n<meta name=\"twitter:label1\" content=\"Est. reading time\" \/>\n\t<meta name=\"twitter:data1\" content=\"1 minute\" \/>\n<script type=\"application\/ld+json\" class=\"yoast-schema-graph\">{\"@context\":\"https:\/\/schema.org\",\"@graph\":[{\"@type\":\"WebPage\",\"@id\":\"https:\/\/cuciroma.com\/prodotto\/singer-talent-3323\/\",\"url\":\"https:\/\/cuciroma.com\/prodotto\/singer-talent-3323\/\",\"name\":\"Singer Talent 3323 - Cuciroma | Macchine da cucire e accessori per il ricamo\",\"isPartOf\":{\"@id\":\"https:\/\/cuciroma.com\/#website\"},\"primaryImageOfPage\":{\"@id\":\"https:\/\/cuciroma.com\/prodotto\/singer-talent-3323\/#primaryimage\"},\"image\":{\"@id\":\"https:\/\/cuciroma.com\/prodotto\/singer-talent-3323\/#primaryimage\"},\"thumbnailUrl\":\"https:\/\/cuciroma.com\/wp-content\/uploads\/2015\/07\/singer-33231.jpg\",\"datePublished\":\"2015-07-23T16:47:06+00:00\",\"dateModified\":\"2021-04-24T15:13:40+00:00\",\"description\":\"Macchina per cucire meccanica. 23 Punti incorporati: 6 di base, 12 Decorativi, 4 Stretch. Molto elegante la linea e facilissimo il suo uso. I punti sono facilmente selezionabili e realizzabili su tutti i tuoi capi.\",\"breadcrumb\":{\"@id\":\"https:\/\/cuciroma.com\/prodotto\/singer-talent-3323\/#breadcrumb\"},\"inLanguage\":\"en-US\",\"potentialAction\":[{\"@type\":\"ReadAction\",\"target\":[\"https:\/\/cuciroma.com\/prodotto\/singer-talent-3323\/\"]}]},{\"@type\":\"ImageObject\",\"inLanguage\":\"en-US\",\"@id\":\"https:\/\/cuciroma.com\/prodotto\/singer-talent-3323\/#primaryimage\",\"url\":\"https:\/\/cuciroma.com\/wp-content\/uploads\/2015\/07\/singer-33231.jpg\",\"contentUrl\":\"https:\/\/cuciroma.com\/wp-content\/uploads\/2015\/07\/singer-33231.jpg\",\"width\":850,\"height\":569},{\"@type\":\"BreadcrumbList\",\"@id\":\"https:\/\/cuciroma.com\/prodotto\/singer-talent-3323\/#breadcrumb\",\"itemListElement\":[{\"@type\":\"ListItem\",\"position\":1,\"name\":\"Shop On line\",\"item\":\"https:\/\/cuciroma.com\/shop\/\"},{\"@type\":\"ListItem\",\"position\":2,\"name\":\"Singer Talent 3323\"}]},{\"@type\":\"WebSite\",\"@id\":\"https:\/\/cuciroma.com\/#website\",\"url\":\"https:\/\/cuciroma.com\/\",\"name\":\"Cuciroma | Macchine da cucire e accessori per il ricamo\",\"description\":\"Rivenditore e Assistenza autorizzata Macchine da Cucire Professionali\",\"publisher\":{\"@id\":\"https:\/\/cuciroma.com\/#organization\"},\"potentialAction\":[{\"@type\":\"SearchAction\",\"target\":{\"@type\":\"EntryPoint\",\"urlTemplate\":\"https:\/\/cuciroma.com\/?s={search_term_string}\"},\"query-input\":{\"@type\":\"PropertyValueSpecification\",\"valueRequired\":true,\"valueName\":\"search_term_string\"}}],\"inLanguage\":\"en-US\"},{\"@type\":\"Organization\",\"@id\":\"https:\/\/cuciroma.com\/#organization\",\"name\":\"Cuciroma\",\"url\":\"https:\/\/cuciroma.com\/\",\"logo\":{\"@type\":\"ImageObject\",\"inLanguage\":\"en-US\",\"@id\":\"https:\/\/cuciroma.com\/#\/schema\/logo\/image\/\",\"url\":\"https:\/\/cuciroma.com\/wp-content\/uploads\/2020\/07\/logo-cuciroma.png\",\"contentUrl\":\"https:\/\/cuciroma.com\/wp-content\/uploads\/2020\/07\/logo-cuciroma.png\",\"width\":565,\"height\":159,\"caption\":\"Cuciroma\"},\"image\":{\"@id\":\"https:\/\/cuciroma.com\/#\/schema\/logo\/image\/\"},\"sameAs\":[\"https:\/\/www.facebook.com\/cuciroma\/\",\"https:\/\/www.instagram.com\/cuciroma\/\"]}]}<\/script>\n<!-- \/ Yoast SEO plugin. -->","yoast_head_json":{"title":"Singer Talent 3323 - Cuciroma | Macchine da cucire e accessori per il ricamo","description":"Macchina per cucire meccanica. 23 Punti incorporati: 6 di base, 12 Decorativi, 4 Stretch. Molto elegante la linea e facilissimo il suo uso. I punti sono facilmente selezionabili e realizzabili su tutti i tuoi capi.","robots":{"index":"index","follow":"follow","max-snippet":"max-snippet:-1","max-image-preview":"max-image-preview:large","max-video-preview":"max-video-preview:-1"},"canonical":"https:\/\/cuciroma.com\/prodotto\/singer-talent-3323\/","og_locale":"en_US","og_type":"article","og_title":"Singer Talent 3323 - Cuciroma | Macchine da cucire e accessori per il ricamo","og_description":"Macchina per cucire meccanica. 23 Punti incorporati: 6 di base, 12 Decorativi, 4 Stretch. Molto elegante la linea e facilissimo il suo uso. I punti sono facilmente selezionabili e realizzabili su tutti i tuoi capi.","og_url":"https:\/\/cuciroma.com\/prodotto\/singer-talent-3323\/","og_site_name":"Cuciroma | Macchine da cucire e accessori per il ricamo","article_publisher":"https:\/\/www.facebook.com\/cuciroma\/","article_modified_time":"2021-04-24T15:13:40+00:00","og_image":[{"width":850,"height":569,"url":"https:\/\/cuciroma.com\/wp-content\/uploads\/2015\/07\/singer-33231.jpg","type":"image\/jpeg"}],"twitter_card":"summary_large_image","twitter_misc":{"Est. reading time":"1 minute"},"schema":{"@context":"https:\/\/schema.org","@graph":[{"@type":"WebPage","@id":"https:\/\/cuciroma.com\/prodotto\/singer-talent-3323\/","url":"https:\/\/cuciroma.com\/prodotto\/singer-talent-3323\/","name":"Singer Talent 3323 - Cuciroma | Macchine da cucire e accessori per il ricamo","isPartOf":{"@id":"https:\/\/cuciroma.com\/#website"},"primaryImageOfPage":{"@id":"https:\/\/cuciroma.com\/prodotto\/singer-talent-3323\/#primaryimage"},"image":{"@id":"https:\/\/cuciroma.com\/prodotto\/singer-talent-3323\/#primaryimage"},"thumbnailUrl":"https:\/\/cuciroma.com\/wp-content\/uploads\/2015\/07\/singer-33231.jpg","datePublished":"2015-07-23T16:47:06+00:00","dateModified":"2021-04-24T15:13:40+00:00","description":"Macchina per cucire meccanica. 23 Punti incorporati: 6 di base, 12 Decorativi, 4 Stretch. Molto elegante la linea e facilissimo il suo uso. I punti sono facilmente selezionabili e realizzabili su tutti i tuoi capi.","breadcrumb":{"@id":"https:\/\/cuciroma.com\/prodotto\/singer-talent-3323\/#breadcrumb"},"inLanguage":"en-US","potentialAction":[{"@type":"ReadAction","target":["https:\/\/cuciroma.com\/prodotto\/singer-talent-3323\/"]}]},{"@type":"ImageObject","inLanguage":"en-US","@id":"https:\/\/cuciroma.com\/prodotto\/singer-talent-3323\/#primaryimage","url":"https:\/\/cuciroma.com\/wp-content\/uploads\/2015\/07\/singer-33231.jpg","contentUrl":"https:\/\/cuciroma.com\/wp-content\/uploads\/2015\/07\/singer-33231.jpg","width":850,"height":569},{"@type":"BreadcrumbList","@id":"https:\/\/cuciroma.com\/prodotto\/singer-talent-3323\/#breadcrumb","itemListElement":[{"@type":"ListItem","position":1,"name":"Shop On line","item":"https:\/\/cuciroma.com\/shop\/"},{"@type":"ListItem","position":2,"name":"Singer Talent 3323"}]},{"@type":"WebSite","@id":"https:\/\/cuciroma.com\/#website","url":"https:\/\/cuciroma.com\/","name":"Cuciroma | Macchine da cucire e accessori per il ricamo","description":"Rivenditore e Assistenza autorizzata Macchine da Cucire Professionali","publisher":{"@id":"https:\/\/cuciroma.com\/#organization"},"potentialAction":[{"@type":"SearchAction","target":{"@type":"EntryPoint","urlTemplate":"https:\/\/cuciroma.com\/?s={search_term_string}"},"query-input":{"@type":"PropertyValueSpecification","valueRequired":true,"valueName":"search_term_string"}}],"inLanguage":"en-US"},{"@type":"Organization","@id":"https:\/\/cuciroma.com\/#organization","name":"Cuciroma","url":"https:\/\/cuciroma.com\/","logo":{"@type":"ImageObject","inLanguage":"en-US","@id":"https:\/\/cuciroma.com\/#\/schema\/logo\/image\/","url":"https:\/\/cuciroma.com\/wp-content\/uploads\/2020\/07\/logo-cuciroma.png","contentUrl":"https:\/\/cuciroma.com\/wp-content\/uploads\/2020\/07\/logo-cuciroma.png","width":565,"height":159,"caption":"Cuciroma"},"image":{"@id":"https:\/\/cuciroma.com\/#\/schema\/logo\/image\/"},"sameAs":["https:\/\/www.facebook.com\/cuciroma\/","https:\/\/www.instagram.com\/cuciroma\/"]}]}},"df_price":"","df_sale_price":"","df_regular_price":"","df_image_link":"https:\/\/cuciroma.com\/wp-content\/uploads\/2015\/07\/singer-33231-300x201.jpg","_links":{"self":[{"href":"https:\/\/cuciroma.com\/en\/wp-json\/wp\/v2\/product\/6573","targetHints":{"allow":["GET"]}}],"collection":[{"href":"https:\/\/cuciroma.com\/en\/wp-json\/wp\/v2\/product"}],"about":[{"href":"https:\/\/cuciroma.com\/en\/wp-json\/wp\/v2\/types\/product"}],"replies":[{"embeddable":true,"href":"https:\/\/cuciroma.com\/en\/wp-json\/wp\/v2\/comments?post=6573"}],"wp:featuredmedia":[{"embeddable":true,"href":"https:\/\/cuciroma.com\/en\/wp-json\/wp\/v2\/media\/12211"}],"wp:attachment":[{"href":"https:\/\/cuciroma.com\/en\/wp-json\/wp\/v2\/media?parent=6573"}],"wp:term":[{"taxonomy":"product_brand","embeddable":true,"href":"https:\/\/cuciroma.com\/en\/wp-json\/wp\/v2\/product_brand?post=6573"},{"taxonomy":"product_cat","embeddable":true,"href":"https:\/\/cuciroma.com\/en\/wp-json\/wp\/v2\/product_cat?post=6573"},{"taxonomy":"product_tag","embeddable":true,"href":"https:\/\/cuciroma.com\/en\/wp-json\/wp\/v2\/product_tag?post=6573"}],"curies":[{"name":"wp","href":"https:\/\/api.w.org\/{rel}","templated":true}]}}