{"id":6568,"date":"2015-07-23T19:10:37","date_gmt":"2015-07-23T17:10:37","guid":{"rendered":"https:\/\/cuciroma.com\/prodotto\/singer-tradition-2259-2\/"},"modified":"2021-01-14T10:21:41","modified_gmt":"2021-01-14T09:21:41","slug":"singer-tradition-2259","status":"publish","type":"product","link":"https:\/\/cuciroma.com\/en\/prodotto\/singer-tradition-2259\/","title":{"rendered":"Singer Tradition 2259"},"content":{"rendered":"<p><a href=\"https:\/\/cuciroma.com\/wp-content\/uploads\/2017\/09\/telefono-rosso1.jpg\"><img loading=\"lazy\" decoding=\"async\" class=\" size-full wp-image-13539 aligncenter\" src=\"https:\/\/cuciroma.com\/wp-content\/uploads\/2017\/09\/telefono-rosso1.jpg\" alt=\"telefono rosso\" width=\"131\" height=\"138\" \/><\/a>Macchina per cucire meccanica. 18 punti tra utili, elastici e decorativi a vostra totale disposizione per tutti i progetti creativi con cui vi confronterete. Asola automatica in 4 fasi precisa e finita. Macchina idonea a chi si accinge per la prima volta nell\u2019 ambito del cucito. I comandi per la scelta dei punti e dei parametri di cucitura sono a portata di mano sul frontale della macchina, agevoli da usare e tutti regolabili in lunghezza e larghezza. Variazione della posizione dell&#8217;ago adattabile ai singoli progetti, tra cui l&#8217;inserimento di cerniere e impunture. Infilatura semplice e rapida, basta seguire le frecce sulla macchina. Braccio libero che consente di eseguire cuciture tubolari quali maniche, polsini, pantaloni. La barra dell\u2019ago si disinserisce automaticamente quando si avvolge la bobina. Alzata extra del piedino per l\u2019inserimento di tessuti pi\u00f9 spessi ed ingombranti. Selettore per la retromarcia per eseguire impunture rinforzate e rammendi decorativi e non. Leggera, forte e poliedrico, una macchina per cucire completa e preziosa per tutti i vostri lavori, dar\u00e0 spazio alla vostra fantasia perch\u00e9 oltre a essere semplice da usare \u00e8 facile da riporre, la macchina infatti ha una pratica maniglia che ne favorisce il trasporto.<\/p>\n<p><span style=\"color: #800000;\">Specifiche:<\/span><\/p>\n<p>&#8211; 18 punti tra utili, decorativi, stretch<br \/>\n&#8211; Asole in 4 tempi<br \/>\n&#8211; Braccio libero<br \/>\n&#8211; Selettore lunghezza punto<br \/>\n&#8211; Selettore zig zag<br \/>\n&#8211; zig zag triplo<br \/>\n&#8211; Punto invisibile<\/p>\n<p><span style=\"color: #800000;\">Accessori in dotazione:<\/span><\/p>\n<p>Bobine &#8211; Aghi &#8211; Ferma rocchetto piccolo e grande &#8211; Porta rocchetto ausiliario &#8211; Taglia asole &#8211; Piedino per asole &#8211; Piedino per cerniere &#8211; Piedino per punto invisibile &#8211; Manuale istruzioni &#8211; Reostato elettrico (Pedale) &#8211; Libretto d&#8217;istruzione in italiano<\/p>\n","protected":false},"excerpt":{"rendered":"<p>OMAGGIO PIEDINO TAGLIACUCI Macchina per cucire meccanica. 18 punti tra utili, elastici e decorativi a vostra totale disposizione per tutti i progetti creativi con cui vi confronterete. Asola automatica in 4 fasi precisa e finita. Macchina idonea a chi si accinge per la prima volta nell\u2019 ambito del cucito. I comandi per la scelta dei punti e dei parametri di cucitura sono a portata di mano sul frontale della macchina, agevoli da usare e tutti regolabili in lunghezza e larghezza. Variazione della posizione dell&#8217;ago adattabile ai singoli progetti<\/p>\n","protected":false},"featured_media":10370,"comment_status":"closed","ping_status":"closed","template":"","meta":[],"product_brand":[],"product_cat":[190],"product_tag":[],"class_list":{"0":"post-6568","1":"product","2":"type-product","3":"status-publish","4":"has-post-thumbnail","6":"product_cat-singer-meccaniche-en","7":"pa_trovaprezzi-pubblicato","9":"first","10":"outofstock","11":"taxable","12":"shipping-taxable","13":"purchasable","14":"product-type-simple"},"yoast_head":"<!-- This site is optimized with the Yoast SEO plugin v27.2 - https:\/\/yoast.com\/product\/yoast-seo-wordpress\/ -->\n<title>Singer Tradition 2259 - Cuciroma | Macchine da cucire e accessori per il ricamo<\/title>\n<meta name=\"robots\" content=\"index, follow, max-snippet:-1, max-image-preview:large, max-video-preview:-1\" \/>\n<link rel=\"canonical\" href=\"https:\/\/cuciroma.com\/prodotto\/singer-tradition-2259\/\" \/>\n<meta property=\"og:locale\" content=\"en_US\" \/>\n<meta property=\"og:type\" content=\"article\" \/>\n<meta property=\"og:title\" content=\"Singer Tradition 2259 - Cuciroma | Macchine da cucire e accessori per il ricamo\" \/>\n<meta property=\"og:description\" content=\"OMAGGIO PIEDINO TAGLIACUCI Macchina per cucire meccanica. 18 punti tra utili, elastici e decorativi a vostra totale disposizione per tutti i progetti creativi con cui vi confronterete. Asola automatica in 4 fasi precisa e finita. Macchina idonea a chi si accinge per la prima volta nell\u2019 ambito del cucito. I comandi per la scelta dei punti e dei parametri di cucitura sono a portata di mano sul frontale della macchina, agevoli da usare e tutti regolabili in lunghezza e larghezza. Variazione della posizione dell&#039;ago adattabile ai singoli progetti\" \/>\n<meta property=\"og:url\" content=\"https:\/\/cuciroma.com\/prodotto\/singer-tradition-2259\/\" \/>\n<meta property=\"og:site_name\" content=\"Cuciroma | Macchine da cucire e accessori per il ricamo\" \/>\n<meta property=\"article:publisher\" content=\"https:\/\/www.facebook.com\/cuciroma\/\" \/>\n<meta property=\"article:modified_time\" content=\"2021-01-14T09:21:41+00:00\" \/>\n<meta property=\"og:image\" content=\"https:\/\/cuciroma.com\/wp-content\/uploads\/2015\/07\/singer-2259.jpg\" \/>\n\t<meta property=\"og:image:width\" content=\"754\" \/>\n\t<meta property=\"og:image:height\" content=\"600\" \/>\n\t<meta property=\"og:image:type\" content=\"image\/jpeg\" \/>\n<meta name=\"twitter:card\" content=\"summary_large_image\" \/>\n<meta name=\"twitter:label1\" content=\"Est. reading time\" \/>\n\t<meta name=\"twitter:data1\" content=\"1 minute\" \/>\n<script type=\"application\/ld+json\" class=\"yoast-schema-graph\">{\"@context\":\"https:\/\/schema.org\",\"@graph\":[{\"@type\":\"WebPage\",\"@id\":\"https:\/\/cuciroma.com\/prodotto\/singer-tradition-2259\/\",\"url\":\"https:\/\/cuciroma.com\/prodotto\/singer-tradition-2259\/\",\"name\":\"Singer Tradition 2259 - Cuciroma | Macchine da cucire e accessori per il ricamo\",\"isPartOf\":{\"@id\":\"https:\/\/cuciroma.com\/#website\"},\"primaryImageOfPage\":{\"@id\":\"https:\/\/cuciroma.com\/prodotto\/singer-tradition-2259\/#primaryimage\"},\"image\":{\"@id\":\"https:\/\/cuciroma.com\/prodotto\/singer-tradition-2259\/#primaryimage\"},\"thumbnailUrl\":\"https:\/\/cuciroma.com\/wp-content\/uploads\/2015\/07\/singer-2259.jpg\",\"datePublished\":\"2015-07-23T17:10:37+00:00\",\"dateModified\":\"2021-01-14T09:21:41+00:00\",\"breadcrumb\":{\"@id\":\"https:\/\/cuciroma.com\/prodotto\/singer-tradition-2259\/#breadcrumb\"},\"inLanguage\":\"en-US\",\"potentialAction\":[{\"@type\":\"ReadAction\",\"target\":[\"https:\/\/cuciroma.com\/prodotto\/singer-tradition-2259\/\"]}]},{\"@type\":\"ImageObject\",\"inLanguage\":\"en-US\",\"@id\":\"https:\/\/cuciroma.com\/prodotto\/singer-tradition-2259\/#primaryimage\",\"url\":\"https:\/\/cuciroma.com\/wp-content\/uploads\/2015\/07\/singer-2259.jpg\",\"contentUrl\":\"https:\/\/cuciroma.com\/wp-content\/uploads\/2015\/07\/singer-2259.jpg\",\"width\":754,\"height\":600},{\"@type\":\"BreadcrumbList\",\"@id\":\"https:\/\/cuciroma.com\/prodotto\/singer-tradition-2259\/#breadcrumb\",\"itemListElement\":[{\"@type\":\"ListItem\",\"position\":1,\"name\":\"Shop On line\",\"item\":\"https:\/\/cuciroma.com\/shop\/\"},{\"@type\":\"ListItem\",\"position\":2,\"name\":\"Singer Tradition 2259\"}]},{\"@type\":\"WebSite\",\"@id\":\"https:\/\/cuciroma.com\/#website\",\"url\":\"https:\/\/cuciroma.com\/\",\"name\":\"Cuciroma | Macchine da cucire e accessori per il ricamo\",\"description\":\"Rivenditore e Assistenza autorizzata Macchine da Cucire Professionali\",\"publisher\":{\"@id\":\"https:\/\/cuciroma.com\/#organization\"},\"potentialAction\":[{\"@type\":\"SearchAction\",\"target\":{\"@type\":\"EntryPoint\",\"urlTemplate\":\"https:\/\/cuciroma.com\/?s={search_term_string}\"},\"query-input\":{\"@type\":\"PropertyValueSpecification\",\"valueRequired\":true,\"valueName\":\"search_term_string\"}}],\"inLanguage\":\"en-US\"},{\"@type\":\"Organization\",\"@id\":\"https:\/\/cuciroma.com\/#organization\",\"name\":\"Cuciroma\",\"url\":\"https:\/\/cuciroma.com\/\",\"logo\":{\"@type\":\"ImageObject\",\"inLanguage\":\"en-US\",\"@id\":\"https:\/\/cuciroma.com\/#\/schema\/logo\/image\/\",\"url\":\"https:\/\/cuciroma.com\/wp-content\/uploads\/2020\/07\/logo-cuciroma.png\",\"contentUrl\":\"https:\/\/cuciroma.com\/wp-content\/uploads\/2020\/07\/logo-cuciroma.png\",\"width\":565,\"height\":159,\"caption\":\"Cuciroma\"},\"image\":{\"@id\":\"https:\/\/cuciroma.com\/#\/schema\/logo\/image\/\"},\"sameAs\":[\"https:\/\/www.facebook.com\/cuciroma\/\",\"https:\/\/www.instagram.com\/cuciroma\/\"]}]}<\/script>\n<!-- \/ Yoast SEO plugin. -->","yoast_head_json":{"title":"Singer Tradition 2259 - Cuciroma | Macchine da cucire e accessori per il ricamo","robots":{"index":"index","follow":"follow","max-snippet":"max-snippet:-1","max-image-preview":"max-image-preview:large","max-video-preview":"max-video-preview:-1"},"canonical":"https:\/\/cuciroma.com\/prodotto\/singer-tradition-2259\/","og_locale":"en_US","og_type":"article","og_title":"Singer Tradition 2259 - Cuciroma | Macchine da cucire e accessori per il ricamo","og_description":"OMAGGIO PIEDINO TAGLIACUCI Macchina per cucire meccanica. 18 punti tra utili, elastici e decorativi a vostra totale disposizione per tutti i progetti creativi con cui vi confronterete. Asola automatica in 4 fasi precisa e finita. Macchina idonea a chi si accinge per la prima volta nell\u2019 ambito del cucito. I comandi per la scelta dei punti e dei parametri di cucitura sono a portata di mano sul frontale della macchina, agevoli da usare e tutti regolabili in lunghezza e larghezza. Variazione della posizione dell'ago adattabile ai singoli progetti","og_url":"https:\/\/cuciroma.com\/prodotto\/singer-tradition-2259\/","og_site_name":"Cuciroma | Macchine da cucire e accessori per il ricamo","article_publisher":"https:\/\/www.facebook.com\/cuciroma\/","article_modified_time":"2021-01-14T09:21:41+00:00","og_image":[{"width":754,"height":600,"url":"https:\/\/cuciroma.com\/wp-content\/uploads\/2015\/07\/singer-2259.jpg","type":"image\/jpeg"}],"twitter_card":"summary_large_image","twitter_misc":{"Est. reading time":"1 minute"},"schema":{"@context":"https:\/\/schema.org","@graph":[{"@type":"WebPage","@id":"https:\/\/cuciroma.com\/prodotto\/singer-tradition-2259\/","url":"https:\/\/cuciroma.com\/prodotto\/singer-tradition-2259\/","name":"Singer Tradition 2259 - Cuciroma | Macchine da cucire e accessori per il ricamo","isPartOf":{"@id":"https:\/\/cuciroma.com\/#website"},"primaryImageOfPage":{"@id":"https:\/\/cuciroma.com\/prodotto\/singer-tradition-2259\/#primaryimage"},"image":{"@id":"https:\/\/cuciroma.com\/prodotto\/singer-tradition-2259\/#primaryimage"},"thumbnailUrl":"https:\/\/cuciroma.com\/wp-content\/uploads\/2015\/07\/singer-2259.jpg","datePublished":"2015-07-23T17:10:37+00:00","dateModified":"2021-01-14T09:21:41+00:00","breadcrumb":{"@id":"https:\/\/cuciroma.com\/prodotto\/singer-tradition-2259\/#breadcrumb"},"inLanguage":"en-US","potentialAction":[{"@type":"ReadAction","target":["https:\/\/cuciroma.com\/prodotto\/singer-tradition-2259\/"]}]},{"@type":"ImageObject","inLanguage":"en-US","@id":"https:\/\/cuciroma.com\/prodotto\/singer-tradition-2259\/#primaryimage","url":"https:\/\/cuciroma.com\/wp-content\/uploads\/2015\/07\/singer-2259.jpg","contentUrl":"https:\/\/cuciroma.com\/wp-content\/uploads\/2015\/07\/singer-2259.jpg","width":754,"height":600},{"@type":"BreadcrumbList","@id":"https:\/\/cuciroma.com\/prodotto\/singer-tradition-2259\/#breadcrumb","itemListElement":[{"@type":"ListItem","position":1,"name":"Shop On line","item":"https:\/\/cuciroma.com\/shop\/"},{"@type":"ListItem","position":2,"name":"Singer Tradition 2259"}]},{"@type":"WebSite","@id":"https:\/\/cuciroma.com\/#website","url":"https:\/\/cuciroma.com\/","name":"Cuciroma | Macchine da cucire e accessori per il ricamo","description":"Rivenditore e Assistenza autorizzata Macchine da Cucire Professionali","publisher":{"@id":"https:\/\/cuciroma.com\/#organization"},"potentialAction":[{"@type":"SearchAction","target":{"@type":"EntryPoint","urlTemplate":"https:\/\/cuciroma.com\/?s={search_term_string}"},"query-input":{"@type":"PropertyValueSpecification","valueRequired":true,"valueName":"search_term_string"}}],"inLanguage":"en-US"},{"@type":"Organization","@id":"https:\/\/cuciroma.com\/#organization","name":"Cuciroma","url":"https:\/\/cuciroma.com\/","logo":{"@type":"ImageObject","inLanguage":"en-US","@id":"https:\/\/cuciroma.com\/#\/schema\/logo\/image\/","url":"https:\/\/cuciroma.com\/wp-content\/uploads\/2020\/07\/logo-cuciroma.png","contentUrl":"https:\/\/cuciroma.com\/wp-content\/uploads\/2020\/07\/logo-cuciroma.png","width":565,"height":159,"caption":"Cuciroma"},"image":{"@id":"https:\/\/cuciroma.com\/#\/schema\/logo\/image\/"},"sameAs":["https:\/\/www.facebook.com\/cuciroma\/","https:\/\/www.instagram.com\/cuciroma\/"]}]}},"df_price":159,"df_sale_price":"","df_regular_price":159,"df_image_link":"https:\/\/cuciroma.com\/wp-content\/uploads\/2015\/07\/singer-2259-300x239.jpg","_links":{"self":[{"href":"https:\/\/cuciroma.com\/en\/wp-json\/wp\/v2\/product\/6568","targetHints":{"allow":["GET"]}}],"collection":[{"href":"https:\/\/cuciroma.com\/en\/wp-json\/wp\/v2\/product"}],"about":[{"href":"https:\/\/cuciroma.com\/en\/wp-json\/wp\/v2\/types\/product"}],"replies":[{"embeddable":true,"href":"https:\/\/cuciroma.com\/en\/wp-json\/wp\/v2\/comments?post=6568"}],"wp:featuredmedia":[{"embeddable":true,"href":"https:\/\/cuciroma.com\/en\/wp-json\/wp\/v2\/media\/10370"}],"wp:attachment":[{"href":"https:\/\/cuciroma.com\/en\/wp-json\/wp\/v2\/media?parent=6568"}],"wp:term":[{"taxonomy":"product_brand","embeddable":true,"href":"https:\/\/cuciroma.com\/en\/wp-json\/wp\/v2\/product_brand?post=6568"},{"taxonomy":"product_cat","embeddable":true,"href":"https:\/\/cuciroma.com\/en\/wp-json\/wp\/v2\/product_cat?post=6568"},{"taxonomy":"product_tag","embeddable":true,"href":"https:\/\/cuciroma.com\/en\/wp-json\/wp\/v2\/product_tag?post=6568"}],"curies":[{"name":"wp","href":"https:\/\/api.w.org\/{rel}","templated":true}]}}