{"id":6563,"date":"2015-07-23T19:35:21","date_gmt":"2015-07-23T17:35:21","guid":{"rendered":"https:\/\/cuciroma.com\/prodotto\/singer-8280-2\/"},"modified":"2024-04-23T11:02:43","modified_gmt":"2024-04-23T09:02:43","slug":"singer-8280","status":"publish","type":"product","link":"https:\/\/cuciroma.com\/en\/prodotto\/singer-8280\/","title":{"rendered":"Singer 8280 + Omaggio set di cucito"},"content":{"rendered":"<p><a href=\"https:\/\/cuciroma.com\/wp-content\/uploads\/2017\/09\/telefono-rosso1.jpg\"><img loading=\"lazy\" decoding=\"async\" class=\" size-full wp-image-13539 aligncenter\" src=\"https:\/\/cuciroma.com\/wp-content\/uploads\/2017\/09\/telefono-rosso1.jpg\" alt=\"telefono rosso\" width=\"131\" height=\"138\" \/><\/a>Macchina per cucire meccanica. 14 operazioni di cucito frutto di una selezione dei punti pi\u00f9 importanti. Regolazione della lunghezza del punto per avere impunture perfette e anche proporzionate al tessuto che stai lavorando. Regolazione dell\u2019ampiezza del punto per sopraggitti, applicazioni di pizzi, cucitura bottoni, orlo invisibile, applicazione di toppe e anche solo per decorare e personalizzare il tuo lavoro. Posizionata sulla macchina anche la leva retromarcia indispensabile sia per fermare le cuciture ed evitare che si sfilino sia e soprattutto per realizzare rammendi decorativi e non. Possibilit\u00e0 anche di eseguire asole perfette in 4 tempi grazie all\u2019occhiellatore automatico . Il Piedino in dotazione \u00e8 in grado di lavorare su tutti i tessuti. Asole precise e veloci per completare i tuoi capi in maniera minuziosa e grazie anche al piedino attacca bottoni sarai in grado di finire in un attimo il tuo lavoro e di poterlo eseguire in maniera perfetta compiendo a macchina questa noiosa operazione. Il braccio libero aggiunge valore alla tua Singer perch\u00e9 \u00e8 veramente vantaggioso per poter lavorare su tessuti di dimensioni limitate e costrette quale pu\u00f2 essere un orlo o un polsino. Diversi gli accessori in dotazione con cui puoi iniziare subito a lavorare e con i quali puoi prenderti anche cura della tua macchina compresa una comodissima custodia morbida.<\/p>\n<p><span style=\"color: #800000;\">Specifiche:<\/span><\/p>\n<p>&#8211; Braccio libero<br \/>\n&#8211; 14 punti diversi<br \/>\n&#8211; Asole in 4 tempi<br \/>\n&#8211; Regolazione lunghezza punti<br \/>\n&#8211; Leva retromarcia<\/p>\n<p><span style=\"color: #800000;\">Accessori in dotazione:<\/span><\/p>\n<p>Bobine &#8211; Aghi &#8211; Ferma rocchetto piccolo e grande &#8211; Porta rocchetto ausiliario &#8211; Tagliasole &#8211; Piedino per asole &#8211; Piedino per cerniere &#8211; Piedino per orli invisibili &#8211; Manuale istruzioni &#8211; Pedale elettrico<\/p>\n","protected":false},"excerpt":{"rendered":"<p>Macchina per cucire meccanica. 14 operazioni di cucito frutto di una selezione dei punti pi\u00f9 importanti. Regolazione della lunghezza del punto per avere impunture perfette e anche proporzionate al tessuto che stai lavorando. Regolazione dell\u2019ampiezza del punto per sopraggitti, applicazioni di pizzi, cucitura bottoni, orlo invisibile, applicazione di toppe e anche solo per decorare e personalizzare il tuo lavoro. Posizionata sulla macchina anche la leva retromarcia indispensabile sia per fermare le cuciture ed evitare che si sfilino sia e soprattutto per realizzare rammendi decorativi e non.<\/p>\n","protected":false},"featured_media":10368,"comment_status":"closed","ping_status":"closed","template":"","meta":[],"product_brand":[],"product_cat":[190],"product_tag":[],"class_list":{"0":"post-6563","1":"product","2":"type-product","3":"status-publish","4":"has-post-thumbnail","6":"product_cat-singer-meccaniche-en","7":"pa_trovaprezzi-pubblicato-en","9":"first","10":"outofstock","11":"taxable","12":"shipping-taxable","13":"purchasable","14":"product-type-simple"},"yoast_head":"<!-- This site is optimized with the Yoast SEO plugin v27.2 - https:\/\/yoast.com\/product\/yoast-seo-wordpress\/ -->\n<title>Singer 8280 + Omaggio set di cucito - Cuciroma | Macchine da cucire e accessori per il ricamo<\/title>\n<meta name=\"robots\" content=\"index, follow, max-snippet:-1, max-image-preview:large, max-video-preview:-1\" \/>\n<link rel=\"canonical\" href=\"https:\/\/cuciroma.com\/prodotto\/singer-8280\/\" \/>\n<meta property=\"og:locale\" content=\"en_US\" \/>\n<meta property=\"og:type\" content=\"article\" \/>\n<meta property=\"og:title\" content=\"Singer 8280 + Omaggio set di cucito - Cuciroma | Macchine da cucire e accessori per il ricamo\" \/>\n<meta property=\"og:description\" content=\"Macchina per cucire meccanica. 14 operazioni di cucito frutto di una selezione dei punti pi\u00f9 importanti. Regolazione della lunghezza del punto per avere impunture perfette e anche proporzionate al tessuto che stai lavorando. Regolazione dell\u2019ampiezza del punto per sopraggitti, applicazioni di pizzi, cucitura bottoni, orlo invisibile, applicazione di toppe e anche solo per decorare e personalizzare il tuo lavoro. Posizionata sulla macchina anche la leva retromarcia indispensabile sia per fermare le cuciture ed evitare che si sfilino sia e soprattutto per realizzare rammendi decorativi e non.\" \/>\n<meta property=\"og:url\" content=\"https:\/\/cuciroma.com\/prodotto\/singer-8280\/\" \/>\n<meta property=\"og:site_name\" content=\"Cuciroma | Macchine da cucire e accessori per il ricamo\" \/>\n<meta property=\"article:publisher\" content=\"https:\/\/www.facebook.com\/cuciroma\/\" \/>\n<meta property=\"article:modified_time\" content=\"2024-04-23T09:02:43+00:00\" \/>\n<meta property=\"og:image\" content=\"https:\/\/cuciroma.com\/wp-content\/uploads\/2015\/07\/singer-8280.jpg\" \/>\n\t<meta property=\"og:image:width\" content=\"700\" \/>\n\t<meta property=\"og:image:height\" content=\"700\" \/>\n\t<meta property=\"og:image:type\" content=\"image\/jpeg\" \/>\n<meta name=\"twitter:card\" content=\"summary_large_image\" \/>\n<meta name=\"twitter:label1\" content=\"Est. reading time\" \/>\n\t<meta name=\"twitter:data1\" content=\"1 minute\" \/>\n<script type=\"application\/ld+json\" class=\"yoast-schema-graph\">{\"@context\":\"https:\/\/schema.org\",\"@graph\":[{\"@type\":\"WebPage\",\"@id\":\"https:\/\/cuciroma.com\/prodotto\/singer-8280\/\",\"url\":\"https:\/\/cuciroma.com\/prodotto\/singer-8280\/\",\"name\":\"Singer 8280 + Omaggio set di cucito - Cuciroma | Macchine da cucire e accessori per il ricamo\",\"isPartOf\":{\"@id\":\"https:\/\/cuciroma.com\/#website\"},\"primaryImageOfPage\":{\"@id\":\"https:\/\/cuciroma.com\/prodotto\/singer-8280\/#primaryimage\"},\"image\":{\"@id\":\"https:\/\/cuciroma.com\/prodotto\/singer-8280\/#primaryimage\"},\"thumbnailUrl\":\"https:\/\/cuciroma.com\/wp-content\/uploads\/2015\/07\/singer-8280.jpg\",\"datePublished\":\"2015-07-23T17:35:21+00:00\",\"dateModified\":\"2024-04-23T09:02:43+00:00\",\"breadcrumb\":{\"@id\":\"https:\/\/cuciroma.com\/prodotto\/singer-8280\/#breadcrumb\"},\"inLanguage\":\"en-US\",\"potentialAction\":[{\"@type\":\"ReadAction\",\"target\":[\"https:\/\/cuciroma.com\/prodotto\/singer-8280\/\"]}]},{\"@type\":\"ImageObject\",\"inLanguage\":\"en-US\",\"@id\":\"https:\/\/cuciroma.com\/prodotto\/singer-8280\/#primaryimage\",\"url\":\"https:\/\/cuciroma.com\/wp-content\/uploads\/2015\/07\/singer-8280.jpg\",\"contentUrl\":\"https:\/\/cuciroma.com\/wp-content\/uploads\/2015\/07\/singer-8280.jpg\",\"width\":700,\"height\":700},{\"@type\":\"BreadcrumbList\",\"@id\":\"https:\/\/cuciroma.com\/prodotto\/singer-8280\/#breadcrumb\",\"itemListElement\":[{\"@type\":\"ListItem\",\"position\":1,\"name\":\"Shop On line\",\"item\":\"https:\/\/cuciroma.com\/shop\/\"},{\"@type\":\"ListItem\",\"position\":2,\"name\":\"Singer 8280 + Omaggio set di cucito\"}]},{\"@type\":\"WebSite\",\"@id\":\"https:\/\/cuciroma.com\/#website\",\"url\":\"https:\/\/cuciroma.com\/\",\"name\":\"Cuciroma | Macchine da cucire e accessori per il ricamo\",\"description\":\"Rivenditore e Assistenza autorizzata Macchine da Cucire Professionali\",\"publisher\":{\"@id\":\"https:\/\/cuciroma.com\/#organization\"},\"potentialAction\":[{\"@type\":\"SearchAction\",\"target\":{\"@type\":\"EntryPoint\",\"urlTemplate\":\"https:\/\/cuciroma.com\/?s={search_term_string}\"},\"query-input\":{\"@type\":\"PropertyValueSpecification\",\"valueRequired\":true,\"valueName\":\"search_term_string\"}}],\"inLanguage\":\"en-US\"},{\"@type\":\"Organization\",\"@id\":\"https:\/\/cuciroma.com\/#organization\",\"name\":\"Cuciroma\",\"url\":\"https:\/\/cuciroma.com\/\",\"logo\":{\"@type\":\"ImageObject\",\"inLanguage\":\"en-US\",\"@id\":\"https:\/\/cuciroma.com\/#\/schema\/logo\/image\/\",\"url\":\"https:\/\/cuciroma.com\/wp-content\/uploads\/2020\/07\/logo-cuciroma.png\",\"contentUrl\":\"https:\/\/cuciroma.com\/wp-content\/uploads\/2020\/07\/logo-cuciroma.png\",\"width\":565,\"height\":159,\"caption\":\"Cuciroma\"},\"image\":{\"@id\":\"https:\/\/cuciroma.com\/#\/schema\/logo\/image\/\"},\"sameAs\":[\"https:\/\/www.facebook.com\/cuciroma\/\",\"https:\/\/www.instagram.com\/cuciroma\/\"]}]}<\/script>\n<!-- \/ Yoast SEO plugin. -->","yoast_head_json":{"title":"Singer 8280 + Omaggio set di cucito - Cuciroma | Macchine da cucire e accessori per il ricamo","robots":{"index":"index","follow":"follow","max-snippet":"max-snippet:-1","max-image-preview":"max-image-preview:large","max-video-preview":"max-video-preview:-1"},"canonical":"https:\/\/cuciroma.com\/prodotto\/singer-8280\/","og_locale":"en_US","og_type":"article","og_title":"Singer 8280 + Omaggio set di cucito - Cuciroma | Macchine da cucire e accessori per il ricamo","og_description":"Macchina per cucire meccanica. 14 operazioni di cucito frutto di una selezione dei punti pi\u00f9 importanti. Regolazione della lunghezza del punto per avere impunture perfette e anche proporzionate al tessuto che stai lavorando. Regolazione dell\u2019ampiezza del punto per sopraggitti, applicazioni di pizzi, cucitura bottoni, orlo invisibile, applicazione di toppe e anche solo per decorare e personalizzare il tuo lavoro. Posizionata sulla macchina anche la leva retromarcia indispensabile sia per fermare le cuciture ed evitare che si sfilino sia e soprattutto per realizzare rammendi decorativi e non.","og_url":"https:\/\/cuciroma.com\/prodotto\/singer-8280\/","og_site_name":"Cuciroma | Macchine da cucire e accessori per il ricamo","article_publisher":"https:\/\/www.facebook.com\/cuciroma\/","article_modified_time":"2024-04-23T09:02:43+00:00","og_image":[{"width":700,"height":700,"url":"https:\/\/cuciroma.com\/wp-content\/uploads\/2015\/07\/singer-8280.jpg","type":"image\/jpeg"}],"twitter_card":"summary_large_image","twitter_misc":{"Est. reading time":"1 minute"},"schema":{"@context":"https:\/\/schema.org","@graph":[{"@type":"WebPage","@id":"https:\/\/cuciroma.com\/prodotto\/singer-8280\/","url":"https:\/\/cuciroma.com\/prodotto\/singer-8280\/","name":"Singer 8280 + Omaggio set di cucito - Cuciroma | Macchine da cucire e accessori per il ricamo","isPartOf":{"@id":"https:\/\/cuciroma.com\/#website"},"primaryImageOfPage":{"@id":"https:\/\/cuciroma.com\/prodotto\/singer-8280\/#primaryimage"},"image":{"@id":"https:\/\/cuciroma.com\/prodotto\/singer-8280\/#primaryimage"},"thumbnailUrl":"https:\/\/cuciroma.com\/wp-content\/uploads\/2015\/07\/singer-8280.jpg","datePublished":"2015-07-23T17:35:21+00:00","dateModified":"2024-04-23T09:02:43+00:00","breadcrumb":{"@id":"https:\/\/cuciroma.com\/prodotto\/singer-8280\/#breadcrumb"},"inLanguage":"en-US","potentialAction":[{"@type":"ReadAction","target":["https:\/\/cuciroma.com\/prodotto\/singer-8280\/"]}]},{"@type":"ImageObject","inLanguage":"en-US","@id":"https:\/\/cuciroma.com\/prodotto\/singer-8280\/#primaryimage","url":"https:\/\/cuciroma.com\/wp-content\/uploads\/2015\/07\/singer-8280.jpg","contentUrl":"https:\/\/cuciroma.com\/wp-content\/uploads\/2015\/07\/singer-8280.jpg","width":700,"height":700},{"@type":"BreadcrumbList","@id":"https:\/\/cuciroma.com\/prodotto\/singer-8280\/#breadcrumb","itemListElement":[{"@type":"ListItem","position":1,"name":"Shop On line","item":"https:\/\/cuciroma.com\/shop\/"},{"@type":"ListItem","position":2,"name":"Singer 8280 + Omaggio set di cucito"}]},{"@type":"WebSite","@id":"https:\/\/cuciroma.com\/#website","url":"https:\/\/cuciroma.com\/","name":"Cuciroma | Macchine da cucire e accessori per il ricamo","description":"Rivenditore e Assistenza autorizzata Macchine da Cucire Professionali","publisher":{"@id":"https:\/\/cuciroma.com\/#organization"},"potentialAction":[{"@type":"SearchAction","target":{"@type":"EntryPoint","urlTemplate":"https:\/\/cuciroma.com\/?s={search_term_string}"},"query-input":{"@type":"PropertyValueSpecification","valueRequired":true,"valueName":"search_term_string"}}],"inLanguage":"en-US"},{"@type":"Organization","@id":"https:\/\/cuciroma.com\/#organization","name":"Cuciroma","url":"https:\/\/cuciroma.com\/","logo":{"@type":"ImageObject","inLanguage":"en-US","@id":"https:\/\/cuciroma.com\/#\/schema\/logo\/image\/","url":"https:\/\/cuciroma.com\/wp-content\/uploads\/2020\/07\/logo-cuciroma.png","contentUrl":"https:\/\/cuciroma.com\/wp-content\/uploads\/2020\/07\/logo-cuciroma.png","width":565,"height":159,"caption":"Cuciroma"},"image":{"@id":"https:\/\/cuciroma.com\/#\/schema\/logo\/image\/"},"sameAs":["https:\/\/www.facebook.com\/cuciroma\/","https:\/\/www.instagram.com\/cuciroma\/"]}]}},"df_price":139,"df_sale_price":"","df_regular_price":139,"df_image_link":"https:\/\/cuciroma.com\/wp-content\/uploads\/2015\/07\/singer-8280-300x300.jpg","_links":{"self":[{"href":"https:\/\/cuciroma.com\/en\/wp-json\/wp\/v2\/product\/6563","targetHints":{"allow":["GET"]}}],"collection":[{"href":"https:\/\/cuciroma.com\/en\/wp-json\/wp\/v2\/product"}],"about":[{"href":"https:\/\/cuciroma.com\/en\/wp-json\/wp\/v2\/types\/product"}],"replies":[{"embeddable":true,"href":"https:\/\/cuciroma.com\/en\/wp-json\/wp\/v2\/comments?post=6563"}],"wp:featuredmedia":[{"embeddable":true,"href":"https:\/\/cuciroma.com\/en\/wp-json\/wp\/v2\/media\/10368"}],"wp:attachment":[{"href":"https:\/\/cuciroma.com\/en\/wp-json\/wp\/v2\/media?parent=6563"}],"wp:term":[{"taxonomy":"product_brand","embeddable":true,"href":"https:\/\/cuciroma.com\/en\/wp-json\/wp\/v2\/product_brand?post=6563"},{"taxonomy":"product_cat","embeddable":true,"href":"https:\/\/cuciroma.com\/en\/wp-json\/wp\/v2\/product_cat?post=6563"},{"taxonomy":"product_tag","embeddable":true,"href":"https:\/\/cuciroma.com\/en\/wp-json\/wp\/v2\/product_tag?post=6563"}],"curies":[{"name":"wp","href":"https:\/\/api.w.org\/{rel}","templated":true}]}}