{"id":6546,"date":"2015-07-24T18:50:21","date_gmt":"2015-07-24T16:50:21","guid":{"rendered":"https:\/\/cuciroma.com\/prodotto\/singer-talent-3321-2\/"},"modified":"2026-01-03T11:50:17","modified_gmt":"2026-01-03T10:50:17","slug":"singer-talent-3321","status":"publish","type":"product","link":"https:\/\/cuciroma.com\/en\/prodotto\/singer-talent-3321\/","title":{"rendered":"Singer Talent 3321 + Set cucito"},"content":{"rendered":"<p><a href=\"https:\/\/cuciroma.com\/wp-content\/uploads\/2017\/09\/telefono-rosso1.jpg\"><img loading=\"lazy\" decoding=\"async\" class=\" size-full wp-image-13539 aligncenter\" src=\"https:\/\/cuciroma.com\/wp-content\/uploads\/2017\/09\/telefono-rosso1.jpg\" alt=\"telefono rosso\" width=\"131\" height=\"138\" \/><\/a>Macchina per cucire meccanica. 21motivi incorporati suddivisi in 6 Punti essenziali, 10 Punti decorativi, 4 Stretch, per eseguire tutte le lavorazioni di cui hai bisogno e su tutti i capi, tutti i progetti, casa e moda. Esecuzione delle asole con procedimento automatico e in 4 fasi per creare occhielli perfetti e finiti. La lunghezza del punto e la sua larghezza sono regolabili e personalizzabili con un semplice giro di manopola permettono la cucitura su qualunque tipo i tessuto. Utilissima la retromarcia per la realizzazione dei lavori di rammendo e soprattutto per il rinforzo dell\u2019impuntura. Utilissimo il braccio libero che offre un facile accesso ai polsini, colletti, orli dei pantaloni e le altre aree difficili da raggiungere. L\u2019infilatura guidata e facilitata , il sistema di bobina drop-in, l\u2019infila aghi automatico, sono solo alcuni degli accorgimenti studiati per te e facilitare il tuo lavoro. Il sollevamento extra del piedino \u00e8 poi molto utile quando si posizionano pi\u00f9 strati di tessuto o un tessuto ingombrante e non \u00e8 necessario regolare la pressione del piedino perch\u00e9 \u00e8 automatica. Posizione dell\u2019ago variabile per facilitare i singoli progetti, come ad esempio l&#8217;inserimento di cerniere o impunture. Possibilit\u00e0 di eseguire cuciture con l\u2019ago doppio per aggiungere un tocco decorativo ai vostri progetti di cucito. Diversi gli accessori in dotazione della macchina, compresi i piedini per cerniere, asole e bottoni ed estremamente facile la loro sostituzione.<\/p>\n<p><span style=\"color: #800000;\">Specifiche:<\/span><\/p>\n<p>&#8211; 28 operazioni di cucito<br \/>\n&#8211; Braccio libero<br \/>\n&#8211; Infila ago automatico<br \/>\n&#8211; Porta accessori<br \/>\n&#8211; Predisposizione al piedino taglia cuce.<br \/>\n&#8211; Cucitura con doppio ago<br \/>\n&#8211; Zig-zag fino a 6 mm di ampiezza<br \/>\n&#8211; Occhiellatore automatico in 4 tempi<br \/>\n&#8211; Attacca bottoni &#8211; Cucitura dritta<br \/>\n&#8211; Zig-zag<br \/>\n&#8211; Punto per rammendo e cuciture elasticizzate<br \/>\n&#8211; 10 punti elasticizzati<br \/>\n&#8211; Orlo invisibile<br \/>\n&#8211; Orlo effetto conchiglia<br \/>\n&#8211; 4 Punti decorativi<br \/>\n&#8211; 6 Punti stretch<br \/>\n&#8211; 4 Punti stretch decorativi.<\/p>\n<p><span style=\"color: #800000;\">Accessori in dotazione:<\/span><\/p>\n<p>&#8211; Piedino standard<br \/>\n&#8211; Piedino per cerniere<br \/>\n&#8211; Piedino per asole<br \/>\n&#8211; Piedino per attaccare i bottoni<br \/>\n&#8211; Guida per bordi\/quilting<br \/>\n&#8211; Aghi<br \/>\n&#8211; Ferma rocchetto piccolo e grande<br \/>\n&#8211; Porta rocchetto ausiliario<br \/>\n&#8211; Placca per rammendo<br \/>\n&#8211; Cacciavite a L<br \/>\n&#8211; Taglia asole con spazzola<br \/>\n&#8211; Custodia anti polvere<br \/>\n&#8211; Libretto di istruzioni<br \/>\n&#8211; Maniglia incorporata.<\/p>\n","protected":false},"excerpt":{"rendered":"<p>Macchina per cucire meccanica. 21motivi incorporati suddivisi in 6 Punti essenziali, 10 Punti decorativi, 4 Stretch, per eseguire tutte le lavorazioni di cui hai bisogno e su tutti i capi, tutti i progetti, casa e moda. Esecuzione delle asole con procedimento automatico e in 4 fasi per creare occhielli perfetti e finiti. La lunghezza del punto e la sua larghezza sono regolabili e personalizzabili con un semplice giro di manopola permettono la cucitura su qualunque tipo i tessuto.<\/p>\n","protected":false},"featured_media":10362,"comment_status":"closed","ping_status":"closed","template":"","meta":[],"product_brand":[],"product_cat":[190],"product_tag":[],"class_list":{"0":"post-6546","1":"product","2":"type-product","3":"status-publish","4":"has-post-thumbnail","6":"product_cat-singer-meccaniche-en","7":"pa_trovaprezzi-pubblicato-en","9":"first","10":"instock","11":"taxable","12":"shipping-taxable","13":"purchasable","14":"product-type-simple"},"yoast_head":"<!-- This site is optimized with the Yoast SEO plugin v27.2 - https:\/\/yoast.com\/product\/yoast-seo-wordpress\/ -->\n<title>Singer Talent 3321 + Set cucito - Cuciroma | Macchine da cucire e accessori per il ricamo<\/title>\n<meta name=\"robots\" content=\"index, follow, max-snippet:-1, max-image-preview:large, max-video-preview:-1\" \/>\n<link rel=\"canonical\" href=\"https:\/\/cuciroma.com\/en\/prodotto\/singer-talent-3321\/\" \/>\n<meta property=\"og:locale\" content=\"en_US\" \/>\n<meta property=\"og:type\" content=\"article\" \/>\n<meta property=\"og:title\" content=\"Singer Talent 3321 + Set cucito - Cuciroma | Macchine da cucire e accessori per il ricamo\" \/>\n<meta property=\"og:description\" content=\"Macchina per cucire meccanica. 21motivi incorporati suddivisi in 6 Punti essenziali, 10 Punti decorativi, 4 Stretch, per eseguire tutte le lavorazioni di cui hai bisogno e su tutti i capi, tutti i progetti, casa e moda. Esecuzione delle asole con procedimento automatico e in 4 fasi per creare occhielli perfetti e finiti. La lunghezza del punto e la sua larghezza sono regolabili e personalizzabili con un semplice giro di manopola permettono la cucitura su qualunque tipo i tessuto.\" \/>\n<meta property=\"og:url\" content=\"https:\/\/cuciroma.com\/en\/prodotto\/singer-talent-3321\/\" \/>\n<meta property=\"og:site_name\" content=\"Cuciroma | Macchine da cucire e accessori per il ricamo\" \/>\n<meta property=\"article:publisher\" content=\"https:\/\/www.facebook.com\/cuciroma\/\" \/>\n<meta property=\"article:modified_time\" content=\"2026-01-03T10:50:17+00:00\" \/>\n<meta property=\"og:image\" content=\"https:\/\/cuciroma.com\/wp-content\/uploads\/2015\/07\/singer-3321.jpg\" \/>\n\t<meta property=\"og:image:width\" content=\"800\" \/>\n\t<meta property=\"og:image:height\" content=\"637\" \/>\n\t<meta property=\"og:image:type\" content=\"image\/jpeg\" \/>\n<meta name=\"twitter:card\" content=\"summary_large_image\" \/>\n<meta name=\"twitter:label1\" content=\"Est. reading time\" \/>\n\t<meta name=\"twitter:data1\" content=\"2 minutes\" \/>\n<script type=\"application\/ld+json\" class=\"yoast-schema-graph\">{\"@context\":\"https:\/\/schema.org\",\"@graph\":[{\"@type\":\"WebPage\",\"@id\":\"https:\/\/cuciroma.com\/en\/prodotto\/singer-talent-3321\/\",\"url\":\"https:\/\/cuciroma.com\/en\/prodotto\/singer-talent-3321\/\",\"name\":\"Singer Talent 3321 + Set cucito - Cuciroma | Macchine da cucire e accessori per il ricamo\",\"isPartOf\":{\"@id\":\"https:\/\/cuciroma.com\/#website\"},\"primaryImageOfPage\":{\"@id\":\"https:\/\/cuciroma.com\/en\/prodotto\/singer-talent-3321\/#primaryimage\"},\"image\":{\"@id\":\"https:\/\/cuciroma.com\/en\/prodotto\/singer-talent-3321\/#primaryimage\"},\"thumbnailUrl\":\"https:\/\/cuciroma.com\/wp-content\/uploads\/2015\/07\/singer-3321.jpg\",\"datePublished\":\"2015-07-24T16:50:21+00:00\",\"dateModified\":\"2026-01-03T10:50:17+00:00\",\"breadcrumb\":{\"@id\":\"https:\/\/cuciroma.com\/en\/prodotto\/singer-talent-3321\/#breadcrumb\"},\"inLanguage\":\"en-US\",\"potentialAction\":[{\"@type\":\"ReadAction\",\"target\":[\"https:\/\/cuciroma.com\/en\/prodotto\/singer-talent-3321\/\"]}]},{\"@type\":\"ImageObject\",\"inLanguage\":\"en-US\",\"@id\":\"https:\/\/cuciroma.com\/en\/prodotto\/singer-talent-3321\/#primaryimage\",\"url\":\"https:\/\/cuciroma.com\/wp-content\/uploads\/2015\/07\/singer-3321.jpg\",\"contentUrl\":\"https:\/\/cuciroma.com\/wp-content\/uploads\/2015\/07\/singer-3321.jpg\",\"width\":800,\"height\":637},{\"@type\":\"BreadcrumbList\",\"@id\":\"https:\/\/cuciroma.com\/en\/prodotto\/singer-talent-3321\/#breadcrumb\",\"itemListElement\":[{\"@type\":\"ListItem\",\"position\":1,\"name\":\"Shop On line\",\"item\":\"https:\/\/cuciroma.com\/shop\/\"},{\"@type\":\"ListItem\",\"position\":2,\"name\":\"Singer Talent 3321 + Set cucito\"}]},{\"@type\":\"WebSite\",\"@id\":\"https:\/\/cuciroma.com\/#website\",\"url\":\"https:\/\/cuciroma.com\/\",\"name\":\"Cuciroma | Macchine da cucire e accessori per il ricamo\",\"description\":\"Rivenditore e Assistenza autorizzata Macchine da Cucire Professionali\",\"publisher\":{\"@id\":\"https:\/\/cuciroma.com\/#organization\"},\"potentialAction\":[{\"@type\":\"SearchAction\",\"target\":{\"@type\":\"EntryPoint\",\"urlTemplate\":\"https:\/\/cuciroma.com\/?s={search_term_string}\"},\"query-input\":{\"@type\":\"PropertyValueSpecification\",\"valueRequired\":true,\"valueName\":\"search_term_string\"}}],\"inLanguage\":\"en-US\"},{\"@type\":\"Organization\",\"@id\":\"https:\/\/cuciroma.com\/#organization\",\"name\":\"Cuciroma\",\"url\":\"https:\/\/cuciroma.com\/\",\"logo\":{\"@type\":\"ImageObject\",\"inLanguage\":\"en-US\",\"@id\":\"https:\/\/cuciroma.com\/#\/schema\/logo\/image\/\",\"url\":\"https:\/\/cuciroma.com\/wp-content\/uploads\/2020\/07\/logo-cuciroma.png\",\"contentUrl\":\"https:\/\/cuciroma.com\/wp-content\/uploads\/2020\/07\/logo-cuciroma.png\",\"width\":565,\"height\":159,\"caption\":\"Cuciroma\"},\"image\":{\"@id\":\"https:\/\/cuciroma.com\/#\/schema\/logo\/image\/\"},\"sameAs\":[\"https:\/\/www.facebook.com\/cuciroma\/\",\"https:\/\/www.instagram.com\/cuciroma\/\"]}]}<\/script>\n<!-- \/ Yoast SEO plugin. -->","yoast_head_json":{"title":"Singer Talent 3321 + Set cucito - Cuciroma | Macchine da cucire e accessori per il ricamo","robots":{"index":"index","follow":"follow","max-snippet":"max-snippet:-1","max-image-preview":"max-image-preview:large","max-video-preview":"max-video-preview:-1"},"canonical":"https:\/\/cuciroma.com\/en\/prodotto\/singer-talent-3321\/","og_locale":"en_US","og_type":"article","og_title":"Singer Talent 3321 + Set cucito - Cuciroma | Macchine da cucire e accessori per il ricamo","og_description":"Macchina per cucire meccanica. 21motivi incorporati suddivisi in 6 Punti essenziali, 10 Punti decorativi, 4 Stretch, per eseguire tutte le lavorazioni di cui hai bisogno e su tutti i capi, tutti i progetti, casa e moda. Esecuzione delle asole con procedimento automatico e in 4 fasi per creare occhielli perfetti e finiti. La lunghezza del punto e la sua larghezza sono regolabili e personalizzabili con un semplice giro di manopola permettono la cucitura su qualunque tipo i tessuto.","og_url":"https:\/\/cuciroma.com\/en\/prodotto\/singer-talent-3321\/","og_site_name":"Cuciroma | Macchine da cucire e accessori per il ricamo","article_publisher":"https:\/\/www.facebook.com\/cuciroma\/","article_modified_time":"2026-01-03T10:50:17+00:00","og_image":[{"width":800,"height":637,"url":"https:\/\/cuciroma.com\/wp-content\/uploads\/2015\/07\/singer-3321.jpg","type":"image\/jpeg"}],"twitter_card":"summary_large_image","twitter_misc":{"Est. reading time":"2 minutes"},"schema":{"@context":"https:\/\/schema.org","@graph":[{"@type":"WebPage","@id":"https:\/\/cuciroma.com\/en\/prodotto\/singer-talent-3321\/","url":"https:\/\/cuciroma.com\/en\/prodotto\/singer-talent-3321\/","name":"Singer Talent 3321 + Set cucito - Cuciroma | Macchine da cucire e accessori per il ricamo","isPartOf":{"@id":"https:\/\/cuciroma.com\/#website"},"primaryImageOfPage":{"@id":"https:\/\/cuciroma.com\/en\/prodotto\/singer-talent-3321\/#primaryimage"},"image":{"@id":"https:\/\/cuciroma.com\/en\/prodotto\/singer-talent-3321\/#primaryimage"},"thumbnailUrl":"https:\/\/cuciroma.com\/wp-content\/uploads\/2015\/07\/singer-3321.jpg","datePublished":"2015-07-24T16:50:21+00:00","dateModified":"2026-01-03T10:50:17+00:00","breadcrumb":{"@id":"https:\/\/cuciroma.com\/en\/prodotto\/singer-talent-3321\/#breadcrumb"},"inLanguage":"en-US","potentialAction":[{"@type":"ReadAction","target":["https:\/\/cuciroma.com\/en\/prodotto\/singer-talent-3321\/"]}]},{"@type":"ImageObject","inLanguage":"en-US","@id":"https:\/\/cuciroma.com\/en\/prodotto\/singer-talent-3321\/#primaryimage","url":"https:\/\/cuciroma.com\/wp-content\/uploads\/2015\/07\/singer-3321.jpg","contentUrl":"https:\/\/cuciroma.com\/wp-content\/uploads\/2015\/07\/singer-3321.jpg","width":800,"height":637},{"@type":"BreadcrumbList","@id":"https:\/\/cuciroma.com\/en\/prodotto\/singer-talent-3321\/#breadcrumb","itemListElement":[{"@type":"ListItem","position":1,"name":"Shop On line","item":"https:\/\/cuciroma.com\/shop\/"},{"@type":"ListItem","position":2,"name":"Singer Talent 3321 + Set cucito"}]},{"@type":"WebSite","@id":"https:\/\/cuciroma.com\/#website","url":"https:\/\/cuciroma.com\/","name":"Cuciroma | Macchine da cucire e accessori per il ricamo","description":"Rivenditore e Assistenza autorizzata Macchine da Cucire Professionali","publisher":{"@id":"https:\/\/cuciroma.com\/#organization"},"potentialAction":[{"@type":"SearchAction","target":{"@type":"EntryPoint","urlTemplate":"https:\/\/cuciroma.com\/?s={search_term_string}"},"query-input":{"@type":"PropertyValueSpecification","valueRequired":true,"valueName":"search_term_string"}}],"inLanguage":"en-US"},{"@type":"Organization","@id":"https:\/\/cuciroma.com\/#organization","name":"Cuciroma","url":"https:\/\/cuciroma.com\/","logo":{"@type":"ImageObject","inLanguage":"en-US","@id":"https:\/\/cuciroma.com\/#\/schema\/logo\/image\/","url":"https:\/\/cuciroma.com\/wp-content\/uploads\/2020\/07\/logo-cuciroma.png","contentUrl":"https:\/\/cuciroma.com\/wp-content\/uploads\/2020\/07\/logo-cuciroma.png","width":565,"height":159,"caption":"Cuciroma"},"image":{"@id":"https:\/\/cuciroma.com\/#\/schema\/logo\/image\/"},"sameAs":["https:\/\/www.facebook.com\/cuciroma\/","https:\/\/www.instagram.com\/cuciroma\/"]}]}},"df_price":185,"df_sale_price":"","df_regular_price":185,"df_image_link":"https:\/\/cuciroma.com\/wp-content\/uploads\/2015\/07\/singer-3321-300x239.jpg","_links":{"self":[{"href":"https:\/\/cuciroma.com\/en\/wp-json\/wp\/v2\/product\/6546","targetHints":{"allow":["GET"]}}],"collection":[{"href":"https:\/\/cuciroma.com\/en\/wp-json\/wp\/v2\/product"}],"about":[{"href":"https:\/\/cuciroma.com\/en\/wp-json\/wp\/v2\/types\/product"}],"replies":[{"embeddable":true,"href":"https:\/\/cuciroma.com\/en\/wp-json\/wp\/v2\/comments?post=6546"}],"wp:featuredmedia":[{"embeddable":true,"href":"https:\/\/cuciroma.com\/en\/wp-json\/wp\/v2\/media\/10362"}],"wp:attachment":[{"href":"https:\/\/cuciroma.com\/en\/wp-json\/wp\/v2\/media?parent=6546"}],"wp:term":[{"taxonomy":"product_brand","embeddable":true,"href":"https:\/\/cuciroma.com\/en\/wp-json\/wp\/v2\/product_brand?post=6546"},{"taxonomy":"product_cat","embeddable":true,"href":"https:\/\/cuciroma.com\/en\/wp-json\/wp\/v2\/product_cat?post=6546"},{"taxonomy":"product_tag","embeddable":true,"href":"https:\/\/cuciroma.com\/en\/wp-json\/wp\/v2\/product_tag?post=6546"}],"curies":[{"name":"wp","href":"https:\/\/api.w.org\/{rel}","templated":true}]}}