{"id":6530,"date":"2015-07-25T19:40:21","date_gmt":"2015-07-25T17:40:21","guid":{"rendered":"https:\/\/cuciroma.com\/prodotto\/singer-7256-2\/"},"modified":"2021-04-07T13:56:06","modified_gmt":"2021-04-07T11:56:06","slug":"singer-7256","status":"publish","type":"product","link":"https:\/\/cuciroma.com\/en\/prodotto\/singer-7256\/","title":{"rendered":"Singer Fashion Mate 7256"},"content":{"rendered":"<p><a href=\"https:\/\/cuciroma.com\/wp-content\/uploads\/2017\/09\/telefono-rosso1.jpg\"><img loading=\"lazy\" decoding=\"async\" class=\" size-full wp-image-13539 aligncenter\" src=\"https:\/\/cuciroma.com\/wp-content\/uploads\/2017\/09\/telefono-rosso1.jpg\" alt=\"telefono rosso\" width=\"131\" height=\"138\" \/><\/a><\/p>\n<p><strong>Macchina per cucire elettronica. Vanta 70 punti di facile selezione e completamente variabili sia nella lunghezza che nella larghezza. Perfetta anche per le principianti perch\u00e9 le impostazioni sono fissate automaticamente, anche quelle della tensione cos\u00ec il punto viene realizzato esattamente uguale a quello visibile sul pannello. La grande variet\u00e0 di punti la rende adeguata a tutto il cucito relativo alla moda, il quilting, la casa, per cuciture di servizio o per quelle decorative che esaltano il tuo estro. Tra le caratteristiche essenziali per un lavoro professionale e nel contempo divertente e rilassante, infilatura guidata, l\u2019infila ago automatico, la splendida illuminazione a prova di ombra, il braccio libero, la sostituzione dei piedini senza pi\u00f9 necessit\u00e0 nel cacciavite, impunture con funzione rinforzo, velocit\u00e0 di cucitura di 750 punti al minuto. Alzata extra del piedino e pressione automatica del piedino che esercitata sul tessuto riesce a mantenere un trasporto ottimale sia sul Jeans pesante che sui tessuti pi\u00f9 leggeri senza apportare regolazioni. Sicuro \u00e8 anche il caricamento della bobina sia perch\u00e9 la barra dell\u2019ago si disinnesta automaticamente sia perch\u00e8 la bobina si ferma da sola quando \u00e8 completamente piena. Possibilit\u00e0 di 13 posizioni dell&#8217;ago da cambiare per sostenere i singoli progetti e possibilit\u00e0 di cuciture con l\u2019ago gemello.<\/strong><\/p>\n<p><strong><span style=\"color: #800000;\">Specifiche:<\/span><\/strong><\/p>\n<div data-canvas-width=\"126.57195632518035\"><strong>&#8211; Schermo LCD<\/strong><\/div>\n<div data-canvas-width=\"134.20991920687229\"><strong>&#8211; 70 punti inclusi<\/strong><\/div>\n<div data-canvas-width=\"278.6693764259448\"><strong>&#8211; 6 occhielli automatici ad 1 tempo<\/strong><\/div>\n<div data-canvas-width=\"148.09061990053254\"><strong>&#8211; Infila ago automatico<\/strong><\/div>\n<div data-canvas-width=\"294.73235222865986\"><strong>&#8211; Regolazione lunghezza ed ampiezza<\/strong><\/div>\n<div data-canvas-width=\"46.40017731875606\"><strong>punto<\/strong><\/div>\n<div data-canvas-width=\"271.99733859252296\"><strong>&#8211; Sistema illuminazione a luci LED<\/strong><\/div>\n<div data-canvas-width=\"178.59059767470796\"><strong>&#8211; Tensione automatica<\/strong><\/div>\n<div data-canvas-width=\"306.1123802973539\"><strong>&#8211; Possibilit\u00e0 di cucire con ago gemello<\/strong><\/div>\n<div data-canvas-width=\"160.0036954958647\"><strong>&#8211; 13 posizioni d\u2019ago<\/strong><\/div>\n<div data-canvas-width=\"279.6388789743937\"><strong>&#8211; Pressione automatica del piedino<\/strong><\/div>\n<div data-canvas-width=\"62.60625312862228\"><strong>&#8211; Bobina a scatto con inserimento dall\u2019alto<\/strong><\/div>\n<div data-canvas-width=\"261.390050562445\"><strong>&#8211; Copertina morbid<\/strong><\/div>\n<div data-canvas-width=\"152.09384260058556\"><strong>&#8211; Tasto retromarcia<\/strong><\/div>\n<div data-canvas-width=\"152.09384260058556\"><\/div>\n<div class=\"textLayer\"><strong><span style=\"color: #800000;\">Accessori in dotazione:<\/span><\/strong><\/p>\n<div data-canvas-width=\"261.390050562445\"><strong>&#8211; Copertina morbida <\/strong><\/div>\n<div data-canvas-width=\"152.09384260058556\"><strong>&#8211; Tasto retromarcia<\/strong><\/div>\n<div data-canvas-width=\"149.4357599677532\"><strong>&#8211; Piedino standard<\/strong><\/div>\n<div data-canvas-width=\"174.2421462074027\"><strong>&#8211; Piedino per cerniere lampo<\/strong><\/div>\n<div data-canvas-width=\"174.9039837404767\"><strong>&#8211; Piedino per asole<\/strong><\/div>\n<div data-canvas-width=\"202.09298509919273\"><strong>&#8211; Piedino punti decorativi<\/strong><\/div>\n<div data-canvas-width=\"182.1841966042908\"><strong>&#8211; Piedino orlo invisibile<\/strong><\/div>\n<div data-canvas-width=\"233.59287417333667\"><strong>&#8211; Placca ricamo e rammendo<\/strong><\/div>\n<div data-canvas-width=\"162.63315812726677\"><strong>&#8211; Confezione di aghi<\/strong><\/div>\n<div data-canvas-width=\"70.56619102640424\"><strong>&#8211; Bobine<\/strong><\/div>\n<div data-canvas-width=\"163.6742106792913\"><strong>&#8211; Ferma rocchetti (3)<\/strong><\/div>\n<div data-canvas-width=\"221.608248574429\"><strong>&#8211; Porta rocchetto ausiliario<\/strong><\/div>\n<div data-canvas-width=\"221.608248574429\"><strong>&#8211; Cacciavite <\/strong><\/div>\n<div data-canvas-width=\"50.99726504848632\"><strong>&#8211; Taglia asole\/con spazzolino<\/strong><\/div>\n<\/div>\n<div data-canvas-width=\"50.99726504848632\"><\/div>\n<div data-canvas-width=\"50.99726504848632\"><strong><span style=\"color: #800000;\">GARANZIA DI 2 ANNI<\/span><\/strong><\/div>\n","protected":false},"excerpt":{"rendered":"<p><strong>Macchina per cucire elettronica. Vanta 70 punti di facile selezione e completamente variabili sia nella lunghezza che nella larghezza. Perfetta anche per le principianti perch\u00e9 le impostazioni sono fissate automaticamente, anche quelle della tensione cos\u00ec il punto viene realizzato esattamente uguale a quello visibile sul pannello. La grande variet\u00e0 di punti la rende adeguata a tutto il cucito relativo alla moda, il quilting, la casa, per cuciture di servizio o per quelle decorative che esaltano il tuo estro. <\/strong><\/p>\n","protected":false},"featured_media":10354,"comment_status":"closed","ping_status":"closed","template":"","meta":[],"product_brand":[],"product_cat":[189],"product_tag":[],"class_list":{"0":"post-6530","1":"product","2":"type-product","3":"status-publish","4":"has-post-thumbnail","6":"product_cat-singer-elettroniche-en","7":"pa_trovaprezzi-pubblicato","9":"first","10":"outofstock","11":"taxable","12":"shipping-taxable","13":"product-type-simple"},"yoast_head":"<!-- This site is optimized with the Yoast SEO plugin v27.2 - https:\/\/yoast.com\/product\/yoast-seo-wordpress\/ -->\n<title>Singer Fashion Mate 7256 - Cuciroma | Macchine da cucire e accessori per il ricamo<\/title>\n<meta name=\"robots\" content=\"index, follow, max-snippet:-1, max-image-preview:large, max-video-preview:-1\" \/>\n<link rel=\"canonical\" href=\"https:\/\/cuciroma.com\/prodotto\/singer-7256\/\" \/>\n<meta property=\"og:locale\" content=\"en_US\" \/>\n<meta property=\"og:type\" content=\"article\" \/>\n<meta property=\"og:title\" content=\"Singer Fashion Mate 7256 - Cuciroma | Macchine da cucire e accessori per il ricamo\" \/>\n<meta property=\"og:description\" content=\"Macchina per cucire elettronica. Vanta 70 punti di facile selezione e completamente variabili sia nella lunghezza che nella larghezza. Perfetta anche per le principianti perch\u00e9 le impostazioni sono fissate automaticamente, anche quelle della tensione cos\u00ec il punto viene realizzato esattamente uguale a quello visibile sul pannello. La grande variet\u00e0 di punti la rende adeguata a tutto il cucito relativo alla moda, il quilting, la casa, per cuciture di servizio o per quelle decorative che esaltano il tuo estro.\" \/>\n<meta property=\"og:url\" content=\"https:\/\/cuciroma.com\/prodotto\/singer-7256\/\" \/>\n<meta property=\"og:site_name\" content=\"Cuciroma | Macchine da cucire e accessori per il ricamo\" \/>\n<meta property=\"article:publisher\" content=\"https:\/\/www.facebook.com\/cuciroma\/\" \/>\n<meta property=\"article:modified_time\" content=\"2021-04-07T11:56:06+00:00\" \/>\n<meta property=\"og:image\" content=\"https:\/\/cuciroma.com\/wp-content\/uploads\/2015\/07\/singer-72561.jpg\" \/>\n\t<meta property=\"og:image:width\" content=\"700\" \/>\n\t<meta property=\"og:image:height\" content=\"520\" \/>\n\t<meta property=\"og:image:type\" content=\"image\/jpeg\" \/>\n<meta name=\"twitter:card\" content=\"summary_large_image\" \/>\n<meta name=\"twitter:label1\" content=\"Est. reading time\" \/>\n\t<meta name=\"twitter:data1\" content=\"2 minutes\" \/>\n<script type=\"application\/ld+json\" class=\"yoast-schema-graph\">{\"@context\":\"https:\/\/schema.org\",\"@graph\":[{\"@type\":\"WebPage\",\"@id\":\"https:\/\/cuciroma.com\/prodotto\/singer-7256\/\",\"url\":\"https:\/\/cuciroma.com\/prodotto\/singer-7256\/\",\"name\":\"Singer Fashion Mate 7256 - Cuciroma | Macchine da cucire e accessori per il ricamo\",\"isPartOf\":{\"@id\":\"https:\/\/cuciroma.com\/#website\"},\"primaryImageOfPage\":{\"@id\":\"https:\/\/cuciroma.com\/prodotto\/singer-7256\/#primaryimage\"},\"image\":{\"@id\":\"https:\/\/cuciroma.com\/prodotto\/singer-7256\/#primaryimage\"},\"thumbnailUrl\":\"https:\/\/cuciroma.com\/wp-content\/uploads\/2015\/07\/singer-72561.jpg\",\"datePublished\":\"2015-07-25T17:40:21+00:00\",\"dateModified\":\"2021-04-07T11:56:06+00:00\",\"breadcrumb\":{\"@id\":\"https:\/\/cuciroma.com\/prodotto\/singer-7256\/#breadcrumb\"},\"inLanguage\":\"en-US\",\"potentialAction\":[{\"@type\":\"ReadAction\",\"target\":[\"https:\/\/cuciroma.com\/prodotto\/singer-7256\/\"]}]},{\"@type\":\"ImageObject\",\"inLanguage\":\"en-US\",\"@id\":\"https:\/\/cuciroma.com\/prodotto\/singer-7256\/#primaryimage\",\"url\":\"https:\/\/cuciroma.com\/wp-content\/uploads\/2015\/07\/singer-72561.jpg\",\"contentUrl\":\"https:\/\/cuciroma.com\/wp-content\/uploads\/2015\/07\/singer-72561.jpg\",\"width\":700,\"height\":520},{\"@type\":\"BreadcrumbList\",\"@id\":\"https:\/\/cuciroma.com\/prodotto\/singer-7256\/#breadcrumb\",\"itemListElement\":[{\"@type\":\"ListItem\",\"position\":1,\"name\":\"Shop On line\",\"item\":\"https:\/\/cuciroma.com\/shop\/\"},{\"@type\":\"ListItem\",\"position\":2,\"name\":\"Singer Fashion Mate 7256\"}]},{\"@type\":\"WebSite\",\"@id\":\"https:\/\/cuciroma.com\/#website\",\"url\":\"https:\/\/cuciroma.com\/\",\"name\":\"Cuciroma | Macchine da cucire e accessori per il ricamo\",\"description\":\"Rivenditore e Assistenza autorizzata Macchine da Cucire Professionali\",\"publisher\":{\"@id\":\"https:\/\/cuciroma.com\/#organization\"},\"potentialAction\":[{\"@type\":\"SearchAction\",\"target\":{\"@type\":\"EntryPoint\",\"urlTemplate\":\"https:\/\/cuciroma.com\/?s={search_term_string}\"},\"query-input\":{\"@type\":\"PropertyValueSpecification\",\"valueRequired\":true,\"valueName\":\"search_term_string\"}}],\"inLanguage\":\"en-US\"},{\"@type\":\"Organization\",\"@id\":\"https:\/\/cuciroma.com\/#organization\",\"name\":\"Cuciroma\",\"url\":\"https:\/\/cuciroma.com\/\",\"logo\":{\"@type\":\"ImageObject\",\"inLanguage\":\"en-US\",\"@id\":\"https:\/\/cuciroma.com\/#\/schema\/logo\/image\/\",\"url\":\"https:\/\/cuciroma.com\/wp-content\/uploads\/2020\/07\/logo-cuciroma.png\",\"contentUrl\":\"https:\/\/cuciroma.com\/wp-content\/uploads\/2020\/07\/logo-cuciroma.png\",\"width\":565,\"height\":159,\"caption\":\"Cuciroma\"},\"image\":{\"@id\":\"https:\/\/cuciroma.com\/#\/schema\/logo\/image\/\"},\"sameAs\":[\"https:\/\/www.facebook.com\/cuciroma\/\",\"https:\/\/www.instagram.com\/cuciroma\/\"]}]}<\/script>\n<!-- \/ Yoast SEO plugin. -->","yoast_head_json":{"title":"Singer Fashion Mate 7256 - Cuciroma | Macchine da cucire e accessori per il ricamo","robots":{"index":"index","follow":"follow","max-snippet":"max-snippet:-1","max-image-preview":"max-image-preview:large","max-video-preview":"max-video-preview:-1"},"canonical":"https:\/\/cuciroma.com\/prodotto\/singer-7256\/","og_locale":"en_US","og_type":"article","og_title":"Singer Fashion Mate 7256 - Cuciroma | Macchine da cucire e accessori per il ricamo","og_description":"Macchina per cucire elettronica. Vanta 70 punti di facile selezione e completamente variabili sia nella lunghezza che nella larghezza. Perfetta anche per le principianti perch\u00e9 le impostazioni sono fissate automaticamente, anche quelle della tensione cos\u00ec il punto viene realizzato esattamente uguale a quello visibile sul pannello. La grande variet\u00e0 di punti la rende adeguata a tutto il cucito relativo alla moda, il quilting, la casa, per cuciture di servizio o per quelle decorative che esaltano il tuo estro.","og_url":"https:\/\/cuciroma.com\/prodotto\/singer-7256\/","og_site_name":"Cuciroma | Macchine da cucire e accessori per il ricamo","article_publisher":"https:\/\/www.facebook.com\/cuciroma\/","article_modified_time":"2021-04-07T11:56:06+00:00","og_image":[{"width":700,"height":520,"url":"https:\/\/cuciroma.com\/wp-content\/uploads\/2015\/07\/singer-72561.jpg","type":"image\/jpeg"}],"twitter_card":"summary_large_image","twitter_misc":{"Est. reading time":"2 minutes"},"schema":{"@context":"https:\/\/schema.org","@graph":[{"@type":"WebPage","@id":"https:\/\/cuciroma.com\/prodotto\/singer-7256\/","url":"https:\/\/cuciroma.com\/prodotto\/singer-7256\/","name":"Singer Fashion Mate 7256 - Cuciroma | Macchine da cucire e accessori per il ricamo","isPartOf":{"@id":"https:\/\/cuciroma.com\/#website"},"primaryImageOfPage":{"@id":"https:\/\/cuciroma.com\/prodotto\/singer-7256\/#primaryimage"},"image":{"@id":"https:\/\/cuciroma.com\/prodotto\/singer-7256\/#primaryimage"},"thumbnailUrl":"https:\/\/cuciroma.com\/wp-content\/uploads\/2015\/07\/singer-72561.jpg","datePublished":"2015-07-25T17:40:21+00:00","dateModified":"2021-04-07T11:56:06+00:00","breadcrumb":{"@id":"https:\/\/cuciroma.com\/prodotto\/singer-7256\/#breadcrumb"},"inLanguage":"en-US","potentialAction":[{"@type":"ReadAction","target":["https:\/\/cuciroma.com\/prodotto\/singer-7256\/"]}]},{"@type":"ImageObject","inLanguage":"en-US","@id":"https:\/\/cuciroma.com\/prodotto\/singer-7256\/#primaryimage","url":"https:\/\/cuciroma.com\/wp-content\/uploads\/2015\/07\/singer-72561.jpg","contentUrl":"https:\/\/cuciroma.com\/wp-content\/uploads\/2015\/07\/singer-72561.jpg","width":700,"height":520},{"@type":"BreadcrumbList","@id":"https:\/\/cuciroma.com\/prodotto\/singer-7256\/#breadcrumb","itemListElement":[{"@type":"ListItem","position":1,"name":"Shop On line","item":"https:\/\/cuciroma.com\/shop\/"},{"@type":"ListItem","position":2,"name":"Singer Fashion Mate 7256"}]},{"@type":"WebSite","@id":"https:\/\/cuciroma.com\/#website","url":"https:\/\/cuciroma.com\/","name":"Cuciroma | Macchine da cucire e accessori per il ricamo","description":"Rivenditore e Assistenza autorizzata Macchine da Cucire Professionali","publisher":{"@id":"https:\/\/cuciroma.com\/#organization"},"potentialAction":[{"@type":"SearchAction","target":{"@type":"EntryPoint","urlTemplate":"https:\/\/cuciroma.com\/?s={search_term_string}"},"query-input":{"@type":"PropertyValueSpecification","valueRequired":true,"valueName":"search_term_string"}}],"inLanguage":"en-US"},{"@type":"Organization","@id":"https:\/\/cuciroma.com\/#organization","name":"Cuciroma","url":"https:\/\/cuciroma.com\/","logo":{"@type":"ImageObject","inLanguage":"en-US","@id":"https:\/\/cuciroma.com\/#\/schema\/logo\/image\/","url":"https:\/\/cuciroma.com\/wp-content\/uploads\/2020\/07\/logo-cuciroma.png","contentUrl":"https:\/\/cuciroma.com\/wp-content\/uploads\/2020\/07\/logo-cuciroma.png","width":565,"height":159,"caption":"Cuciroma"},"image":{"@id":"https:\/\/cuciroma.com\/#\/schema\/logo\/image\/"},"sameAs":["https:\/\/www.facebook.com\/cuciroma\/","https:\/\/www.instagram.com\/cuciroma\/"]}]}},"df_price":"","df_sale_price":"","df_regular_price":"","df_image_link":"https:\/\/cuciroma.com\/wp-content\/uploads\/2015\/07\/singer-72561-300x223.jpg","_links":{"self":[{"href":"https:\/\/cuciroma.com\/en\/wp-json\/wp\/v2\/product\/6530","targetHints":{"allow":["GET"]}}],"collection":[{"href":"https:\/\/cuciroma.com\/en\/wp-json\/wp\/v2\/product"}],"about":[{"href":"https:\/\/cuciroma.com\/en\/wp-json\/wp\/v2\/types\/product"}],"replies":[{"embeddable":true,"href":"https:\/\/cuciroma.com\/en\/wp-json\/wp\/v2\/comments?post=6530"}],"wp:featuredmedia":[{"embeddable":true,"href":"https:\/\/cuciroma.com\/en\/wp-json\/wp\/v2\/media\/10354"}],"wp:attachment":[{"href":"https:\/\/cuciroma.com\/en\/wp-json\/wp\/v2\/media?parent=6530"}],"wp:term":[{"taxonomy":"product_brand","embeddable":true,"href":"https:\/\/cuciroma.com\/en\/wp-json\/wp\/v2\/product_brand?post=6530"},{"taxonomy":"product_cat","embeddable":true,"href":"https:\/\/cuciroma.com\/en\/wp-json\/wp\/v2\/product_cat?post=6530"},{"taxonomy":"product_tag","embeddable":true,"href":"https:\/\/cuciroma.com\/en\/wp-json\/wp\/v2\/product_tag?post=6530"}],"curies":[{"name":"wp","href":"https:\/\/api.w.org\/{rel}","templated":true}]}}