{"id":6520,"date":"2015-07-28T14:02:27","date_gmt":"2015-07-28T12:02:27","guid":{"rendered":"https:\/\/cuciroma.com\/prodotto\/singer-curvy-8770-2\/"},"modified":"2019-06-04T15:47:15","modified_gmt":"2019-06-04T13:47:15","slug":"singer-curvy-8770","status":"publish","type":"product","link":"https:\/\/cuciroma.com\/en\/prodotto\/singer-curvy-8770\/","title":{"rendered":"Singer Curvy 8770"},"content":{"rendered":"<p><a href=\"https:\/\/cuciroma.com\/wp-content\/uploads\/2017\/09\/telefono-rosso1.jpg\"><img loading=\"lazy\" decoding=\"async\" class=\" size-full wp-image-13539 aligncenter\" src=\"https:\/\/cuciroma.com\/wp-content\/uploads\/2017\/09\/telefono-rosso1.jpg\" alt=\"telefono rosso\" width=\"131\" height=\"138\" \/><\/a><\/p>\n<p><strong>Macchina per cucire elettronica. 225 punti incorporati suddivisi in essenziali e Stretch, questa tipologia di punti \u00e8 assolutamente indispensabile per tutte le operazioni di cucito, creativo o primario che sia. Affiancano questi punti, ben 207 motivi decorativi e punti alfanumerici che vanno a supportare tutta la tua creativit\u00e0 sia che sia rivolta al cucito moda, sia che sia rivolta al quilting o alla decorazione della casa. 7 Asole ad uno tempo completano poi la gamma di lavori che questa macchina mette a tua disposizione, completamente automatiche e tutte velocemente uguali. Infilatura macchina guidata e infilatura ago automatica cos\u00ec come automatiche sono le impostazioni per la lunghezza, la larghezza, l&#8217;equilibrio, la pressione piedino e la tensione. Con la memoria integrata \u00e8 poi semplice combinare modelli di punto, alfabeti e numeri per possibilit\u00e0 senza fine. Lo schermo LCD offre una visualizzazione chiara e semplice di tutti i punti selezionati e non uno ma tre lampade illuminano la superficie di cucito per una visualizzazione ottimale. E\u2019 programmabile la posizione di ago alto \/ basso caratteristica \u00e8 di vitale importanza per quilters ed \u00e8 possibile la cucitura con ago gemello che crea due file parallele di punti. Sollevamento extra del piedino e braccio libero e poi l\u2019insostituibile taglia filo.<\/strong><\/p>\n<p><strong><span style=\"color: #800000;\">Specifiche:<\/span><\/strong><\/p>\n<p><strong>&#8211; Macchina da cucire elettronica con pulsante di selezione del punto<\/strong><br \/>\n<strong>Con un semplice pressione di un pulsante si seleziona il punto e le impostazioni ottimali per la lunghezza, la larghezza, l&#8217;equilibrio, la pressione e la tensione.<\/strong><br \/>\n<strong>&#8211; Sistema con infilatura automatica dell&#8217;ago<\/strong><br \/>\n<strong>La tecnologia digitale rende filettatura un gioco da ragazzi! Basta guidare il filo direttamente dalla bobina alla zona ago attraverso un unico passaggio e infilare l&#8217;ago semplicemente premendo la leva dell&#8217;infilatura.<\/strong><br \/>\n<strong>&#8211; 3 luci a LED<\/strong><br \/>\n<strong>Non solo uno ma tre sono lampade che illuminano la superficie di cucito per una visualizzazione ottimale. Le lampadine a lunga durata (100.000 ore) evitano alla macchina di surriscaldarsi, al contrario delle lampade ad incandescenza.<\/strong><br \/>\n<strong>&#8211; 30 punti incorporati<\/strong><br \/>\n<strong>Una grande variet\u00e0 di punti per la creazione di abiti, quilting, artigianato, decorazione della casa e cucitura decorativa. 6 utili, 5 Stretch, 17 Decorativi, 2 asole.<\/strong><br \/>\n<strong>&#8211; 2 Asole automatiche in un 1 passaggio<\/strong><br \/>\n<strong>Cucito Asola \u00e8 un semplice processo one-step, che fornisce risultati affidabili in ogni momento. Ogni lato dell&#8217;asola viene eseguita nella stessa direzione, creando asole ben bilanciate.<\/strong><br \/>\n<strong>&#8211; Tensione automatica<\/strong><br \/>\n<strong>Questo sistema assicura una qualit\u00e0 del punto stabile.<\/strong><br \/>\n<strong>&#8211; Controllo automatico della pressione del piedino<\/strong><br \/>\n<strong>La quantit\u00e0 di pressione esercitata sul tessuto dal piedino contro le griffe \u00e8 automatica. Cucire dal tessuto pi\u00f9 leggero fino al Jeans pi\u00f9 pesante, senza apportare regolazioni piedino.<\/strong><br \/>\n<strong>&#8211; Alzata extra del piedino<\/strong><br \/>\n<strong>Offre pi\u00f9 spazio, necessario quando si posiziona pi\u00f9 strati di tessuto sotto il piedino<\/strong><br \/>\n<strong>&#8211; Braccio libero<\/strong><br \/>\n<strong>Fornisce risultati professionali e un facile accesso ai polsini, colli, orli dei pantaloni e altre aree difficili da raggiungere<\/strong><br \/>\n<strong>&#8211; Lunghezza e larghezza<\/strong><br \/>\n<strong>Impostazioni ottimali automatiche per lunghezza e larghezza.<\/strong><br \/>\n<strong>&#8211; Inversione automatica<\/strong><br \/>\n<strong>Spingere il tasto della retromarcia per fermare il punto, oppure rinforzare la cucitura.<\/strong><br \/>\n<strong>&#8211; Velocit\u00e0 di cucitura<\/strong><br \/>\n<strong>Con una velocit\u00e0 massima di cucitura di 750 punti al minuto, i progetti possono essere cuciti in fretta.<\/strong><br \/>\n<strong>&#8211; Caricamento automatico della bobina <\/strong><br \/>\n<strong>La barra ago si disinnesta automaticamente quando avviene l&#8217;avvolgimento della spolina.<\/strong><br \/>\n<strong>&#8211; Taglia-filo<\/strong><br \/>\n<strong>Situato sulla macchina per il taglio preciso del filo, eliminando il passaggio aggiuntivo di tagliare filo con le forbici<\/strong><br \/>\n<strong>&#8211; Piedini a scatto<\/strong><br \/>\n<strong>Cambiare facilmente piedini senza un cacciavite<\/strong><br \/>\n<strong>&#8211; Tredici posizione dell&#8217;ago<\/strong><br \/>\n<strong>La posizione dell&#8217;ago pu\u00f2 essere regolata per i singoli progetti, tra cui l&#8217;inserimento di cerniere, impunture ecc.<\/strong><\/p>\n<p><strong><span style=\"color: #800000;\">Accessori in dotazione:<\/span><\/strong><\/p>\n<p><strong>Piedino standard &#8211; Piedino per cerniere &#8211; Piedino per asole &#8211; Piedino orlatore &#8211; Piedino punto pieno &#8211; Confezione di aghi &#8211; Bobine &#8211; Cacciavite , Cuffia anti polvere &#8211; Guida rapida &#8211; Intro macchina DVD &#8211; Manuale di istruzioni &#8211; Cavo di alimentazione &#8211; Pedale<\/strong><\/p>\n","protected":false},"excerpt":{"rendered":"<p><strong>Macchina per cucire elettronica. 225 punti incorporati suddivisi in essenziali e Stretch, questa tipologia di punti \u00e8 assolutamente indispensabile per tutte le operazioni di cucito, creativo o primario che sia. Affiancano questi punti, ben 207 motivi decorativi e punti alfanumerici che vanno a supportare tutta la tua creativit\u00e0 sia che sia rivolta al cucito moda, sia che sia rivolta al quilting o alla decorazione della casa. 7 Asole ad uno tempo completano poi la gamma di lavori che questa macchina mette a tua disposizione<\/strong><\/p>\n","protected":false},"featured_media":10350,"comment_status":"closed","ping_status":"closed","template":"","meta":[],"product_brand":[],"product_cat":[189],"product_tag":[],"class_list":{"0":"post-6520","1":"product","2":"type-product","3":"status-publish","4":"has-post-thumbnail","6":"product_cat-singer-elettroniche-en","7":"pa_trovaprezzi-pubblicato","9":"first","10":"instock","11":"taxable","12":"shipping-taxable","13":"product-type-simple"},"yoast_head":"<!-- This site is optimized with the Yoast SEO plugin v27.2 - https:\/\/yoast.com\/product\/yoast-seo-wordpress\/ -->\n<title>Singer Curvy 8770 - Cuciroma | Macchine da cucire e accessori per il ricamo<\/title>\n<meta name=\"robots\" content=\"index, follow, max-snippet:-1, max-image-preview:large, max-video-preview:-1\" \/>\n<link rel=\"canonical\" href=\"https:\/\/cuciroma.com\/?post_type=product&p=5254\" \/>\n<meta property=\"og:locale\" content=\"en_US\" \/>\n<meta property=\"og:type\" content=\"article\" \/>\n<meta property=\"og:title\" content=\"Singer Curvy 8770 - Cuciroma | Macchine da cucire e accessori per il ricamo\" \/>\n<meta property=\"og:description\" content=\"Macchina per cucire elettronica. 225 punti incorporati suddivisi in essenziali e Stretch, questa tipologia di punti \u00e8 assolutamente indispensabile per tutte le operazioni di cucito, creativo o primario che sia. Affiancano questi punti, ben 207 motivi decorativi e punti alfanumerici che vanno a supportare tutta la tua creativit\u00e0 sia che sia rivolta al cucito moda, sia che sia rivolta al quilting o alla decorazione della casa. 7 Asole ad uno tempo completano poi la gamma di lavori che questa macchina mette a tua disposizione\" \/>\n<meta property=\"og:url\" content=\"https:\/\/cuciroma.com\/?post_type=product&amp;p=5254\" \/>\n<meta property=\"og:site_name\" content=\"Cuciroma | Macchine da cucire e accessori per il ricamo\" \/>\n<meta property=\"article:publisher\" content=\"https:\/\/www.facebook.com\/cuciroma\/\" \/>\n<meta property=\"article:modified_time\" content=\"2019-06-04T13:47:15+00:00\" \/>\n<meta property=\"og:image\" content=\"https:\/\/cuciroma.com\/wp-content\/uploads\/2015\/07\/singer-8770.jpg\" \/>\n\t<meta property=\"og:image:width\" content=\"896\" \/>\n\t<meta property=\"og:image:height\" content=\"680\" \/>\n\t<meta property=\"og:image:type\" content=\"image\/jpeg\" \/>\n<meta name=\"twitter:card\" content=\"summary_large_image\" \/>\n<meta name=\"twitter:label1\" content=\"Est. reading time\" \/>\n\t<meta name=\"twitter:data1\" content=\"3 minutes\" \/>\n<script type=\"application\/ld+json\" class=\"yoast-schema-graph\">{\"@context\":\"https:\/\/schema.org\",\"@graph\":[{\"@type\":\"WebPage\",\"@id\":\"https:\/\/cuciroma.com\/?post_type=product&p=5254\",\"url\":\"https:\/\/cuciroma.com\/?post_type=product&p=5254\",\"name\":\"Singer Curvy 8770 - Cuciroma | Macchine da cucire e accessori per il ricamo\",\"isPartOf\":{\"@id\":\"https:\/\/cuciroma.com\/#website\"},\"primaryImageOfPage\":{\"@id\":\"https:\/\/cuciroma.com\/?post_type=product&p=5254#primaryimage\"},\"image\":{\"@id\":\"https:\/\/cuciroma.com\/?post_type=product&p=5254#primaryimage\"},\"thumbnailUrl\":\"https:\/\/cuciroma.com\/wp-content\/uploads\/2015\/07\/singer-8770.jpg\",\"datePublished\":\"2015-07-28T12:02:27+00:00\",\"dateModified\":\"2019-06-04T13:47:15+00:00\",\"breadcrumb\":{\"@id\":\"https:\/\/cuciroma.com\/?post_type=product&p=5254#breadcrumb\"},\"inLanguage\":\"en-US\",\"potentialAction\":[{\"@type\":\"ReadAction\",\"target\":[\"https:\/\/cuciroma.com\/?post_type=product&p=5254\"]}]},{\"@type\":\"ImageObject\",\"inLanguage\":\"en-US\",\"@id\":\"https:\/\/cuciroma.com\/?post_type=product&p=5254#primaryimage\",\"url\":\"https:\/\/cuciroma.com\/wp-content\/uploads\/2015\/07\/singer-8770.jpg\",\"contentUrl\":\"https:\/\/cuciroma.com\/wp-content\/uploads\/2015\/07\/singer-8770.jpg\",\"width\":896,\"height\":680},{\"@type\":\"BreadcrumbList\",\"@id\":\"https:\/\/cuciroma.com\/?post_type=product&p=5254#breadcrumb\",\"itemListElement\":[{\"@type\":\"ListItem\",\"position\":1,\"name\":\"Shop On line\",\"item\":\"https:\/\/cuciroma.com\/shop\/\"},{\"@type\":\"ListItem\",\"position\":2,\"name\":\"Singer Curvy 8770\"}]},{\"@type\":\"WebSite\",\"@id\":\"https:\/\/cuciroma.com\/#website\",\"url\":\"https:\/\/cuciroma.com\/\",\"name\":\"Cuciroma | Macchine da cucire e accessori per il ricamo\",\"description\":\"Rivenditore e Assistenza autorizzata Macchine da Cucire Professionali\",\"publisher\":{\"@id\":\"https:\/\/cuciroma.com\/#organization\"},\"potentialAction\":[{\"@type\":\"SearchAction\",\"target\":{\"@type\":\"EntryPoint\",\"urlTemplate\":\"https:\/\/cuciroma.com\/?s={search_term_string}\"},\"query-input\":{\"@type\":\"PropertyValueSpecification\",\"valueRequired\":true,\"valueName\":\"search_term_string\"}}],\"inLanguage\":\"en-US\"},{\"@type\":\"Organization\",\"@id\":\"https:\/\/cuciroma.com\/#organization\",\"name\":\"Cuciroma\",\"url\":\"https:\/\/cuciroma.com\/\",\"logo\":{\"@type\":\"ImageObject\",\"inLanguage\":\"en-US\",\"@id\":\"https:\/\/cuciroma.com\/#\/schema\/logo\/image\/\",\"url\":\"https:\/\/cuciroma.com\/wp-content\/uploads\/2020\/07\/logo-cuciroma.png\",\"contentUrl\":\"https:\/\/cuciroma.com\/wp-content\/uploads\/2020\/07\/logo-cuciroma.png\",\"width\":565,\"height\":159,\"caption\":\"Cuciroma\"},\"image\":{\"@id\":\"https:\/\/cuciroma.com\/#\/schema\/logo\/image\/\"},\"sameAs\":[\"https:\/\/www.facebook.com\/cuciroma\/\",\"https:\/\/www.instagram.com\/cuciroma\/\"]}]}<\/script>\n<!-- \/ Yoast SEO plugin. -->","yoast_head_json":{"title":"Singer Curvy 8770 - Cuciroma | Macchine da cucire e accessori per il ricamo","robots":{"index":"index","follow":"follow","max-snippet":"max-snippet:-1","max-image-preview":"max-image-preview:large","max-video-preview":"max-video-preview:-1"},"canonical":"https:\/\/cuciroma.com\/?post_type=product&p=5254","og_locale":"en_US","og_type":"article","og_title":"Singer Curvy 8770 - Cuciroma | Macchine da cucire e accessori per il ricamo","og_description":"Macchina per cucire elettronica. 225 punti incorporati suddivisi in essenziali e Stretch, questa tipologia di punti \u00e8 assolutamente indispensabile per tutte le operazioni di cucito, creativo o primario che sia. Affiancano questi punti, ben 207 motivi decorativi e punti alfanumerici che vanno a supportare tutta la tua creativit\u00e0 sia che sia rivolta al cucito moda, sia che sia rivolta al quilting o alla decorazione della casa. 7 Asole ad uno tempo completano poi la gamma di lavori che questa macchina mette a tua disposizione","og_url":"https:\/\/cuciroma.com\/?post_type=product&p=5254","og_site_name":"Cuciroma | Macchine da cucire e accessori per il ricamo","article_publisher":"https:\/\/www.facebook.com\/cuciroma\/","article_modified_time":"2019-06-04T13:47:15+00:00","og_image":[{"width":896,"height":680,"url":"https:\/\/cuciroma.com\/wp-content\/uploads\/2015\/07\/singer-8770.jpg","type":"image\/jpeg"}],"twitter_card":"summary_large_image","twitter_misc":{"Est. reading time":"3 minutes"},"schema":{"@context":"https:\/\/schema.org","@graph":[{"@type":"WebPage","@id":"https:\/\/cuciroma.com\/?post_type=product&p=5254","url":"https:\/\/cuciroma.com\/?post_type=product&p=5254","name":"Singer Curvy 8770 - Cuciroma | Macchine da cucire e accessori per il ricamo","isPartOf":{"@id":"https:\/\/cuciroma.com\/#website"},"primaryImageOfPage":{"@id":"https:\/\/cuciroma.com\/?post_type=product&p=5254#primaryimage"},"image":{"@id":"https:\/\/cuciroma.com\/?post_type=product&p=5254#primaryimage"},"thumbnailUrl":"https:\/\/cuciroma.com\/wp-content\/uploads\/2015\/07\/singer-8770.jpg","datePublished":"2015-07-28T12:02:27+00:00","dateModified":"2019-06-04T13:47:15+00:00","breadcrumb":{"@id":"https:\/\/cuciroma.com\/?post_type=product&p=5254#breadcrumb"},"inLanguage":"en-US","potentialAction":[{"@type":"ReadAction","target":["https:\/\/cuciroma.com\/?post_type=product&p=5254"]}]},{"@type":"ImageObject","inLanguage":"en-US","@id":"https:\/\/cuciroma.com\/?post_type=product&p=5254#primaryimage","url":"https:\/\/cuciroma.com\/wp-content\/uploads\/2015\/07\/singer-8770.jpg","contentUrl":"https:\/\/cuciroma.com\/wp-content\/uploads\/2015\/07\/singer-8770.jpg","width":896,"height":680},{"@type":"BreadcrumbList","@id":"https:\/\/cuciroma.com\/?post_type=product&p=5254#breadcrumb","itemListElement":[{"@type":"ListItem","position":1,"name":"Shop On line","item":"https:\/\/cuciroma.com\/shop\/"},{"@type":"ListItem","position":2,"name":"Singer Curvy 8770"}]},{"@type":"WebSite","@id":"https:\/\/cuciroma.com\/#website","url":"https:\/\/cuciroma.com\/","name":"Cuciroma | Macchine da cucire e accessori per il ricamo","description":"Rivenditore e Assistenza autorizzata Macchine da Cucire Professionali","publisher":{"@id":"https:\/\/cuciroma.com\/#organization"},"potentialAction":[{"@type":"SearchAction","target":{"@type":"EntryPoint","urlTemplate":"https:\/\/cuciroma.com\/?s={search_term_string}"},"query-input":{"@type":"PropertyValueSpecification","valueRequired":true,"valueName":"search_term_string"}}],"inLanguage":"en-US"},{"@type":"Organization","@id":"https:\/\/cuciroma.com\/#organization","name":"Cuciroma","url":"https:\/\/cuciroma.com\/","logo":{"@type":"ImageObject","inLanguage":"en-US","@id":"https:\/\/cuciroma.com\/#\/schema\/logo\/image\/","url":"https:\/\/cuciroma.com\/wp-content\/uploads\/2020\/07\/logo-cuciroma.png","contentUrl":"https:\/\/cuciroma.com\/wp-content\/uploads\/2020\/07\/logo-cuciroma.png","width":565,"height":159,"caption":"Cuciroma"},"image":{"@id":"https:\/\/cuciroma.com\/#\/schema\/logo\/image\/"},"sameAs":["https:\/\/www.facebook.com\/cuciroma\/","https:\/\/www.instagram.com\/cuciroma\/"]}]}},"df_price":"","df_sale_price":"","df_regular_price":"","df_image_link":"https:\/\/cuciroma.com\/wp-content\/uploads\/2015\/07\/singer-8770-300x228.jpg","_links":{"self":[{"href":"https:\/\/cuciroma.com\/en\/wp-json\/wp\/v2\/product\/6520","targetHints":{"allow":["GET"]}}],"collection":[{"href":"https:\/\/cuciroma.com\/en\/wp-json\/wp\/v2\/product"}],"about":[{"href":"https:\/\/cuciroma.com\/en\/wp-json\/wp\/v2\/types\/product"}],"replies":[{"embeddable":true,"href":"https:\/\/cuciroma.com\/en\/wp-json\/wp\/v2\/comments?post=6520"}],"wp:featuredmedia":[{"embeddable":true,"href":"https:\/\/cuciroma.com\/en\/wp-json\/wp\/v2\/media\/10350"}],"wp:attachment":[{"href":"https:\/\/cuciroma.com\/en\/wp-json\/wp\/v2\/media?parent=6520"}],"wp:term":[{"taxonomy":"product_brand","embeddable":true,"href":"https:\/\/cuciroma.com\/en\/wp-json\/wp\/v2\/product_brand?post=6520"},{"taxonomy":"product_cat","embeddable":true,"href":"https:\/\/cuciroma.com\/en\/wp-json\/wp\/v2\/product_cat?post=6520"},{"taxonomy":"product_tag","embeddable":true,"href":"https:\/\/cuciroma.com\/en\/wp-json\/wp\/v2\/product_tag?post=6520"}],"curies":[{"name":"wp","href":"https:\/\/api.w.org\/{rel}","templated":true}]}}