{"id":6515,"date":"2015-07-29T12:54:25","date_gmt":"2015-07-29T10:54:25","guid":{"rendered":"https:\/\/cuciroma.com\/prodotto\/singer-one-2\/"},"modified":"2016-12-08T17:15:33","modified_gmt":"2016-12-08T16:15:33","slug":"singer-one","status":"publish","type":"product","link":"https:\/\/cuciroma.com\/en\/prodotto\/singer-one\/","title":{"rendered":"Singer One"},"content":{"rendered":"<p><strong>Macchina per cucire elettronica. 24 punti a tua disposizione e facilmente selezionabili, basta un tocco. La macchina distribuisce questa gamma di punti in 6 punti base e 4 punti stretch che rappresentano la scelta dei punti indispensabili per lavorare sui tessuti odierni. Questi punti ti saranno di grande utilit\u00e0 in tutti i tuoi lavori necessari e creativi. A questa variet\u00e0, la Singer One affianca inoltre 12 punti decorativi che ti accompagneranno ovunque vorr\u00e0 spaziare la tua fantasia. Tutti i punti sono facilmente selezionabili, basta un tocco, ma sono anche comodamente modificabili e personalizzabili in modo che si possano creare motivi sempre diversi, raffinati e moderni. Completano la gamma anche due asole realizzate in un solo step, velocissime e tutte uguali, a prova di errore e perfette. Il sistema di infilatura \u00e8 inoltre guidato e facilitato, a prova di occhiali. Il sollevamento extra del piedino permette di lavorare insieme pi\u00f9 strati di tessuto ingombrante, essenziale per il quilting ed un sensore ti avvertir\u00e0 se il piedino non \u00e8 in posizione abbassata per lavorare. Area di lavoro extra large e super illuminata come super \u00e8 anche la velocit\u00e0, 750 punti al minuto. Braccio libero e pulsante retromarcia per agevolare i tuoi progetti di lavoro.<\/strong><\/p>\n<p><span style=\"color: #800000;\"><strong>Specifiche:<\/strong><\/span><\/p>\n<p><strong>&#8211; Larghezza e lunghezza punto automatica<\/strong><br \/>\n<strong> &#8211; Placca per asole<\/strong><br \/>\n<strong> &#8211; Alfabeto incorporato<\/strong><br \/>\n<strong> &#8211; 231 punti<\/strong><br \/>\n<strong> &#8211; 6 asole automatiche in una fase<\/strong><br \/>\n<strong> &#8211; Larghezza zig-zag max 7mm<\/strong><br \/>\n<strong> &#8211; Pulsanti per la selezione diretta dei punti<\/strong><br \/>\n<strong> &#8211; Pulsante punto di rinforzo.<\/strong><br \/>\n<strong> &#8211; Rasafilo<\/strong><br \/>\n<strong> &#8211; Posizione ago su\/gi\u00f9<\/strong><br \/>\n<strong> &#8211; Controllo elettronico ago doppio<\/strong><br \/>\n<strong> &#8211; Infilatura orizzontale<\/strong><br \/>\n<strong> &#8211; Tensione del filo automatica<\/strong><br \/>\n<strong> &#8211; Velocit\u00e0 massima 750 punti al minuto<\/strong><br \/>\n<strong> &#8211; Disinnesto del trasporto utile per ricamare a mano libera<\/strong><br \/>\n<strong> &#8211; Monogrammi<\/strong><br \/>\n<strong> &#8211; Sistema di trasporto a 7 ranghi<\/strong><br \/>\n<strong> &#8211; Box accessori<\/strong><br \/>\n<strong> &#8211; Alzata piedino extra alta<\/strong><br \/>\n<strong> &#8211; Pressione piedino automatica<\/strong><br \/>\n<strong> &#8211; Braccio libero<\/strong><\/p>\n<p>&nbsp;<\/p>\n","protected":false},"excerpt":{"rendered":"<p><strong>Macchina per cucire elettronica. 24 punti a tua disposizione e facilmente selezionabili, basta un tocco. La macchina distribuisce questa gamma di punti in 6 punti base e 4 punti stretch che rappresentano la scelta dei punti indispensabili per lavorare sui tessuti odierni. Questi punti ti saranno di grande utilit\u00e0 in tutti i tuoi lavori necessari e creativi. A questa variet\u00e0, la Singer One affianca inoltre 12 punti decorativi che ti accompagneranno ovunque vorr\u00e0 spaziare la tua fantasia.<\/strong><\/p>\n","protected":false},"featured_media":10348,"comment_status":"closed","ping_status":"closed","template":"","meta":[],"product_brand":[],"product_cat":[189],"product_tag":[],"class_list":{"0":"post-6515","1":"product","2":"type-product","3":"status-publish","4":"has-post-thumbnail","6":"product_cat-singer-elettroniche-en","7":"pa_trovaprezzi-pubblicato","9":"first","10":"instock","11":"taxable","12":"shipping-taxable","13":"purchasable","14":"product-type-simple"},"yoast_head":"<!-- This site is optimized with the Yoast SEO plugin v27.2 - https:\/\/yoast.com\/product\/yoast-seo-wordpress\/ -->\n<title>Singer One - Cuciroma | Macchine da cucire e accessori per il ricamo<\/title>\n<meta name=\"robots\" content=\"index, follow, max-snippet:-1, max-image-preview:large, max-video-preview:-1\" \/>\n<link rel=\"canonical\" href=\"https:\/\/cuciroma.com\/en\/prodotto\/singer-one\/\" \/>\n<meta property=\"og:locale\" content=\"en_US\" \/>\n<meta property=\"og:type\" content=\"article\" \/>\n<meta property=\"og:title\" content=\"Singer One - Cuciroma | Macchine da cucire e accessori per il ricamo\" \/>\n<meta property=\"og:description\" content=\"Macchina per cucire elettronica. 24 punti a tua disposizione e facilmente selezionabili, basta un tocco. La macchina distribuisce questa gamma di punti in 6 punti base e 4 punti stretch che rappresentano la scelta dei punti indispensabili per lavorare sui tessuti odierni. Questi punti ti saranno di grande utilit\u00e0 in tutti i tuoi lavori necessari e creativi. A questa variet\u00e0, la Singer One affianca inoltre 12 punti decorativi che ti accompagneranno ovunque vorr\u00e0 spaziare la tua fantasia.\" \/>\n<meta property=\"og:url\" content=\"https:\/\/cuciroma.com\/en\/prodotto\/singer-one\/\" \/>\n<meta property=\"og:site_name\" content=\"Cuciroma | Macchine da cucire e accessori per il ricamo\" \/>\n<meta property=\"article:publisher\" content=\"https:\/\/www.facebook.com\/cuciroma\/\" \/>\n<meta property=\"article:modified_time\" content=\"2016-12-08T16:15:33+00:00\" \/>\n<meta property=\"og:image\" content=\"https:\/\/cuciroma.com\/wp-content\/uploads\/2015\/07\/singer-one.jpg\" \/>\n\t<meta property=\"og:image:width\" content=\"700\" \/>\n\t<meta property=\"og:image:height\" content=\"520\" \/>\n\t<meta property=\"og:image:type\" content=\"image\/jpeg\" \/>\n<meta name=\"twitter:card\" content=\"summary_large_image\" \/>\n<meta name=\"twitter:label1\" content=\"Est. reading time\" \/>\n\t<meta name=\"twitter:data1\" content=\"1 minute\" \/>\n<script type=\"application\/ld+json\" class=\"yoast-schema-graph\">{\"@context\":\"https:\/\/schema.org\",\"@graph\":[{\"@type\":\"WebPage\",\"@id\":\"https:\/\/cuciroma.com\/en\/prodotto\/singer-one\/\",\"url\":\"https:\/\/cuciroma.com\/en\/prodotto\/singer-one\/\",\"name\":\"Singer One - Cuciroma | Macchine da cucire e accessori per il ricamo\",\"isPartOf\":{\"@id\":\"https:\/\/cuciroma.com\/#website\"},\"primaryImageOfPage\":{\"@id\":\"https:\/\/cuciroma.com\/en\/prodotto\/singer-one\/#primaryimage\"},\"image\":{\"@id\":\"https:\/\/cuciroma.com\/en\/prodotto\/singer-one\/#primaryimage\"},\"thumbnailUrl\":\"https:\/\/cuciroma.com\/wp-content\/uploads\/2015\/07\/singer-one.jpg\",\"datePublished\":\"2015-07-29T10:54:25+00:00\",\"dateModified\":\"2016-12-08T16:15:33+00:00\",\"breadcrumb\":{\"@id\":\"https:\/\/cuciroma.com\/en\/prodotto\/singer-one\/#breadcrumb\"},\"inLanguage\":\"en-US\",\"potentialAction\":[{\"@type\":\"ReadAction\",\"target\":[\"https:\/\/cuciroma.com\/en\/prodotto\/singer-one\/\"]}]},{\"@type\":\"ImageObject\",\"inLanguage\":\"en-US\",\"@id\":\"https:\/\/cuciroma.com\/en\/prodotto\/singer-one\/#primaryimage\",\"url\":\"https:\/\/cuciroma.com\/wp-content\/uploads\/2015\/07\/singer-one.jpg\",\"contentUrl\":\"https:\/\/cuciroma.com\/wp-content\/uploads\/2015\/07\/singer-one.jpg\",\"width\":700,\"height\":520},{\"@type\":\"BreadcrumbList\",\"@id\":\"https:\/\/cuciroma.com\/en\/prodotto\/singer-one\/#breadcrumb\",\"itemListElement\":[{\"@type\":\"ListItem\",\"position\":1,\"name\":\"Shop On line\",\"item\":\"https:\/\/cuciroma.com\/shop\/\"},{\"@type\":\"ListItem\",\"position\":2,\"name\":\"Singer One\"}]},{\"@type\":\"WebSite\",\"@id\":\"https:\/\/cuciroma.com\/#website\",\"url\":\"https:\/\/cuciroma.com\/\",\"name\":\"Cuciroma | Macchine da cucire e accessori per il ricamo\",\"description\":\"Rivenditore e Assistenza autorizzata Macchine da Cucire Professionali\",\"publisher\":{\"@id\":\"https:\/\/cuciroma.com\/#organization\"},\"potentialAction\":[{\"@type\":\"SearchAction\",\"target\":{\"@type\":\"EntryPoint\",\"urlTemplate\":\"https:\/\/cuciroma.com\/?s={search_term_string}\"},\"query-input\":{\"@type\":\"PropertyValueSpecification\",\"valueRequired\":true,\"valueName\":\"search_term_string\"}}],\"inLanguage\":\"en-US\"},{\"@type\":\"Organization\",\"@id\":\"https:\/\/cuciroma.com\/#organization\",\"name\":\"Cuciroma\",\"url\":\"https:\/\/cuciroma.com\/\",\"logo\":{\"@type\":\"ImageObject\",\"inLanguage\":\"en-US\",\"@id\":\"https:\/\/cuciroma.com\/#\/schema\/logo\/image\/\",\"url\":\"https:\/\/cuciroma.com\/wp-content\/uploads\/2020\/07\/logo-cuciroma.png\",\"contentUrl\":\"https:\/\/cuciroma.com\/wp-content\/uploads\/2020\/07\/logo-cuciroma.png\",\"width\":565,\"height\":159,\"caption\":\"Cuciroma\"},\"image\":{\"@id\":\"https:\/\/cuciroma.com\/#\/schema\/logo\/image\/\"},\"sameAs\":[\"https:\/\/www.facebook.com\/cuciroma\/\",\"https:\/\/www.instagram.com\/cuciroma\/\"]}]}<\/script>\n<!-- \/ Yoast SEO plugin. -->","yoast_head_json":{"title":"Singer One - Cuciroma | Macchine da cucire e accessori per il ricamo","robots":{"index":"index","follow":"follow","max-snippet":"max-snippet:-1","max-image-preview":"max-image-preview:large","max-video-preview":"max-video-preview:-1"},"canonical":"https:\/\/cuciroma.com\/en\/prodotto\/singer-one\/","og_locale":"en_US","og_type":"article","og_title":"Singer One - Cuciroma | Macchine da cucire e accessori per il ricamo","og_description":"Macchina per cucire elettronica. 24 punti a tua disposizione e facilmente selezionabili, basta un tocco. La macchina distribuisce questa gamma di punti in 6 punti base e 4 punti stretch che rappresentano la scelta dei punti indispensabili per lavorare sui tessuti odierni. Questi punti ti saranno di grande utilit\u00e0 in tutti i tuoi lavori necessari e creativi. A questa variet\u00e0, la Singer One affianca inoltre 12 punti decorativi che ti accompagneranno ovunque vorr\u00e0 spaziare la tua fantasia.","og_url":"https:\/\/cuciroma.com\/en\/prodotto\/singer-one\/","og_site_name":"Cuciroma | Macchine da cucire e accessori per il ricamo","article_publisher":"https:\/\/www.facebook.com\/cuciroma\/","article_modified_time":"2016-12-08T16:15:33+00:00","og_image":[{"width":700,"height":520,"url":"https:\/\/cuciroma.com\/wp-content\/uploads\/2015\/07\/singer-one.jpg","type":"image\/jpeg"}],"twitter_card":"summary_large_image","twitter_misc":{"Est. reading time":"1 minute"},"schema":{"@context":"https:\/\/schema.org","@graph":[{"@type":"WebPage","@id":"https:\/\/cuciroma.com\/en\/prodotto\/singer-one\/","url":"https:\/\/cuciroma.com\/en\/prodotto\/singer-one\/","name":"Singer One - Cuciroma | Macchine da cucire e accessori per il ricamo","isPartOf":{"@id":"https:\/\/cuciroma.com\/#website"},"primaryImageOfPage":{"@id":"https:\/\/cuciroma.com\/en\/prodotto\/singer-one\/#primaryimage"},"image":{"@id":"https:\/\/cuciroma.com\/en\/prodotto\/singer-one\/#primaryimage"},"thumbnailUrl":"https:\/\/cuciroma.com\/wp-content\/uploads\/2015\/07\/singer-one.jpg","datePublished":"2015-07-29T10:54:25+00:00","dateModified":"2016-12-08T16:15:33+00:00","breadcrumb":{"@id":"https:\/\/cuciroma.com\/en\/prodotto\/singer-one\/#breadcrumb"},"inLanguage":"en-US","potentialAction":[{"@type":"ReadAction","target":["https:\/\/cuciroma.com\/en\/prodotto\/singer-one\/"]}]},{"@type":"ImageObject","inLanguage":"en-US","@id":"https:\/\/cuciroma.com\/en\/prodotto\/singer-one\/#primaryimage","url":"https:\/\/cuciroma.com\/wp-content\/uploads\/2015\/07\/singer-one.jpg","contentUrl":"https:\/\/cuciroma.com\/wp-content\/uploads\/2015\/07\/singer-one.jpg","width":700,"height":520},{"@type":"BreadcrumbList","@id":"https:\/\/cuciroma.com\/en\/prodotto\/singer-one\/#breadcrumb","itemListElement":[{"@type":"ListItem","position":1,"name":"Shop On line","item":"https:\/\/cuciroma.com\/shop\/"},{"@type":"ListItem","position":2,"name":"Singer One"}]},{"@type":"WebSite","@id":"https:\/\/cuciroma.com\/#website","url":"https:\/\/cuciroma.com\/","name":"Cuciroma | Macchine da cucire e accessori per il ricamo","description":"Rivenditore e Assistenza autorizzata Macchine da Cucire Professionali","publisher":{"@id":"https:\/\/cuciroma.com\/#organization"},"potentialAction":[{"@type":"SearchAction","target":{"@type":"EntryPoint","urlTemplate":"https:\/\/cuciroma.com\/?s={search_term_string}"},"query-input":{"@type":"PropertyValueSpecification","valueRequired":true,"valueName":"search_term_string"}}],"inLanguage":"en-US"},{"@type":"Organization","@id":"https:\/\/cuciroma.com\/#organization","name":"Cuciroma","url":"https:\/\/cuciroma.com\/","logo":{"@type":"ImageObject","inLanguage":"en-US","@id":"https:\/\/cuciroma.com\/#\/schema\/logo\/image\/","url":"https:\/\/cuciroma.com\/wp-content\/uploads\/2020\/07\/logo-cuciroma.png","contentUrl":"https:\/\/cuciroma.com\/wp-content\/uploads\/2020\/07\/logo-cuciroma.png","width":565,"height":159,"caption":"Cuciroma"},"image":{"@id":"https:\/\/cuciroma.com\/#\/schema\/logo\/image\/"},"sameAs":["https:\/\/www.facebook.com\/cuciroma\/","https:\/\/www.instagram.com\/cuciroma\/"]}]}},"df_price":375,"df_sale_price":"","df_regular_price":375,"df_image_link":"https:\/\/cuciroma.com\/wp-content\/uploads\/2015\/07\/singer-one-300x223.jpg","_links":{"self":[{"href":"https:\/\/cuciroma.com\/en\/wp-json\/wp\/v2\/product\/6515","targetHints":{"allow":["GET"]}}],"collection":[{"href":"https:\/\/cuciroma.com\/en\/wp-json\/wp\/v2\/product"}],"about":[{"href":"https:\/\/cuciroma.com\/en\/wp-json\/wp\/v2\/types\/product"}],"replies":[{"embeddable":true,"href":"https:\/\/cuciroma.com\/en\/wp-json\/wp\/v2\/comments?post=6515"}],"wp:featuredmedia":[{"embeddable":true,"href":"https:\/\/cuciroma.com\/en\/wp-json\/wp\/v2\/media\/10348"}],"wp:attachment":[{"href":"https:\/\/cuciroma.com\/en\/wp-json\/wp\/v2\/media?parent=6515"}],"wp:term":[{"taxonomy":"product_brand","embeddable":true,"href":"https:\/\/cuciroma.com\/en\/wp-json\/wp\/v2\/product_brand?post=6515"},{"taxonomy":"product_cat","embeddable":true,"href":"https:\/\/cuciroma.com\/en\/wp-json\/wp\/v2\/product_cat?post=6515"},{"taxonomy":"product_tag","embeddable":true,"href":"https:\/\/cuciroma.com\/en\/wp-json\/wp\/v2\/product_tag?post=6515"}],"curies":[{"name":"wp","href":"https:\/\/api.w.org\/{rel}","templated":true}]}}