{"id":6508,"date":"2015-07-30T19:06:05","date_gmt":"2015-07-30T17:06:05","guid":{"rendered":"https:\/\/cuciroma.com\/prodotto\/singer-courvy-8763-2\/"},"modified":"2021-02-10T18:05:35","modified_gmt":"2021-02-10T17:05:35","slug":"singer-courvy-8763","status":"publish","type":"product","link":"https:\/\/cuciroma.com\/en\/prodotto\/singer-courvy-8763\/","title":{"rendered":"Singer Curvy 8763"},"content":{"rendered":"<p>&nbsp;<\/p>\n<p><strong><a href=\"https:\/\/cuciroma.com\/wp-content\/uploads\/2017\/09\/telefono-rosso1.jpg\"><img loading=\"lazy\" decoding=\"async\" class=\" size-full wp-image-13539 aligncenter\" src=\"https:\/\/cuciroma.com\/wp-content\/uploads\/2017\/09\/telefono-rosso1.jpg\" alt=\"telefono rosso\" width=\"131\" height=\"138\" \/><\/a><\/strong><\/p>\n<p><strong>Macchina per cucire elettronica. 30 punti tra utili, punti elastici, punti decorativi, punti quilt, punti per orlo a giorno. 13 posizioni diverse dell\u2019ago per avere una capacit\u00e0 di punti fino a 7mm. Il punto desiderato pu\u00f2 essere velocemente selezionato tramite il tasto di scelta rapida. La lunghezza e l\u2019ampiezza del punto sono pre-impostate per una cucitura senza pensieri. Il punto selezionato verr\u00e0 eseguito sul tessuto esattamente come tu lo vedi nella tabella di selezione ma all\u2019occorrenza le impostazioni possono essere regolate elettronicamente a seconda del tessuto lavorato o del tuo estro. Due tipi di occhielli automatici sono poi a tua disposizione per rifinire in maniera compiuta tutti i tuoi lavori senza dover pi\u00f9 misurare bottoni. Veloce quindi la realizzazione dei tuoi progetti, rapida la scelta del punto, immediata l\u2019infilatura della macchina grazie al nuovo sistema SwiftSmart ed esclusivo il sistema di infilatura della bobina Drop &amp; Sew. Il piano di lavoro \u00e8 illuminato da tre luci LED che ti permettono di lavorare facilmente e senza ombre. La tensione \u00e8 regolabile e irrinunciabile il braccio libero per lavorare agevolmente su parti anguste come polsi e orli. Possibilit\u00e0 di inserimento dell\u2019ago gemello che ti permette la cucitura di copertura anche sulle magline oltre ad essere anche un bel punto di rifinitura. Comodo poi il taglia filo manuale posizionato sulla macchina che ti agevola il taglio e la rifinitura del capo in un attimo. Diversi gli accessori a tua disposizione per essere libera di cucire quello che vuoi e farlo all&#8217;istante . In dotazione i piedini pi\u00f9 gettonati , dal piedino cerniere al piedino per punto satin, da quello per gli occhielli a quello per il punto invisibile. Una macchina fantastica quindi scelta anche dalle principianti proprio perch\u00e9 non necessita di impostazioni, digiti il punto e via.<\/strong><\/p>\n<p><strong><span style=\"color: #800000;\">Specifiche:<\/span><\/strong><\/p>\n<p><strong>&#8211; Computerizzata<\/strong><br \/>\n<strong> &#8211; 30 Punti e 2 asole automatiche.<\/strong><br \/>\n<strong> &#8211; Punti stretch<\/strong><br \/>\n<strong> &#8211; Larghezza dei punti 7 mm<\/strong><br \/>\n<strong> &#8211; Tensione automatica<\/strong><br \/>\n<strong> &#8211; Extra alzata del piedino<\/strong><br \/>\n<strong> &#8211; Telaio in alluminio<\/strong><br \/>\n<strong> &#8211; Taglia filo<\/strong><br \/>\n<strong> &#8211; Reostato elettronico<\/strong><br \/>\n<strong> &#8211; Piedini a scatto <\/strong><br \/>\n<strong> &#8211; Punti decorativi<\/strong><br \/>\n<strong> &#8211; Infila ago automatico<\/strong><br \/>\n<strong> &#8211; Trasporto del tessuto a 6 punti<\/strong><br \/>\n<strong> &#8211; 3 posizioni dell&#8217;ago<\/strong><br \/>\n<strong> &#8211; 3 Luci LED <\/strong><br \/>\n<strong> &#8211; Leva abbassa griffe<\/strong><br \/>\n<strong> &#8211; Regolazione manuale e automatica della tensione<\/strong><br \/>\n<strong> &#8211; Illuminazione a led<\/strong><br \/>\n<strong> &#8211; Indicatori led<\/strong><br \/>\n<strong>&#8211; Motore elettrico con regolazione elettronica<\/strong><\/p>\n<p><strong><span style=\"color: #800000;\">Accessori in dotazione.<\/span><\/strong><\/p>\n<p><strong> &#8211; Manuale istruzioni<\/strong><br \/>\n<strong> &#8211; Aghi<\/strong><br \/>\n<strong> &#8211; Bobine<\/strong><br \/>\n<strong> &#8211; Taglia-asole<\/strong><br \/>\n<strong> &#8211; Ferma rocchetto piccolo, medio e grande<\/strong><br \/>\n<strong> &#8211; Secondo porta rocchetto<\/strong><br \/>\n<strong> &#8211; Piedino per le cerniere<\/strong><br \/>\n<strong> &#8211; Piedino per gli occhielli automatici<\/strong><br \/>\n<strong> &#8211; Piedino per i punti decorativi<\/strong><br \/>\n<strong> &#8211; Piedino per gli orli invisibili<\/strong><br \/>\n<strong> &#8211; Placca copri griffa<\/strong><br \/>\n<strong> &#8211; Cacciavite<\/strong><br \/>\n<strong> &#8211; Custodia in plastica<\/strong><br \/>\n<strong> &#8211; Pedale elettrico<\/strong><\/p>\n","protected":false},"excerpt":{"rendered":"<p><strong>Macchina per cucire elettronica. 30 punti tra utili, punti elastici, punti decorativi, punti quilt, punti per orlo a giorno. 13 posizioni diverse dell\u2019ago per avere una capacit\u00e0 di punti fino a 7mm. Il punto desiderato pu\u00f2 essere velocemente selezionato tramite il tasto di scelta rapida.<\/strong><\/p>\n","protected":false},"featured_media":10344,"comment_status":"closed","ping_status":"closed","template":"","meta":[],"product_brand":[],"product_cat":[189],"product_tag":[],"class_list":{"0":"post-6508","1":"product","2":"type-product","3":"status-publish","4":"has-post-thumbnail","6":"product_cat-singer-elettroniche-en","7":"pa_trovaprezzi-pubblicato","9":"first","10":"outofstock","11":"taxable","12":"shipping-taxable","13":"product-type-simple"},"yoast_head":"<!-- This site is optimized with the Yoast SEO plugin v27.2 - https:\/\/yoast.com\/product\/yoast-seo-wordpress\/ -->\n<title>Singer Curvy 8763 - Cuciroma | Macchine da cucire e accessori per il ricamo<\/title>\n<meta name=\"robots\" content=\"index, follow, max-snippet:-1, max-image-preview:large, max-video-preview:-1\" \/>\n<link rel=\"canonical\" href=\"https:\/\/cuciroma.com\/prodotto\/singer-courvy-8763\/\" \/>\n<meta property=\"og:locale\" content=\"en_US\" \/>\n<meta property=\"og:type\" content=\"article\" \/>\n<meta property=\"og:title\" content=\"Singer Curvy 8763 - Cuciroma | Macchine da cucire e accessori per il ricamo\" \/>\n<meta property=\"og:description\" content=\"Macchina per cucire elettronica. 30 punti tra utili, punti elastici, punti decorativi, punti quilt, punti per orlo a giorno. 13 posizioni diverse dell\u2019ago per avere una capacit\u00e0 di punti fino a 7mm. Il punto desiderato pu\u00f2 essere velocemente selezionato tramite il tasto di scelta rapida.\" \/>\n<meta property=\"og:url\" content=\"https:\/\/cuciroma.com\/prodotto\/singer-courvy-8763\/\" \/>\n<meta property=\"og:site_name\" content=\"Cuciroma | Macchine da cucire e accessori per il ricamo\" \/>\n<meta property=\"article:publisher\" content=\"https:\/\/www.facebook.com\/cuciroma\/\" \/>\n<meta property=\"article:modified_time\" content=\"2021-02-10T17:05:35+00:00\" \/>\n<meta property=\"og:image\" content=\"https:\/\/cuciroma.com\/wp-content\/uploads\/2015\/07\/singer-8763.jpg\" \/>\n\t<meta property=\"og:image:width\" content=\"800\" \/>\n\t<meta property=\"og:image:height\" content=\"524\" \/>\n\t<meta property=\"og:image:type\" content=\"image\/jpeg\" \/>\n<meta name=\"twitter:card\" content=\"summary_large_image\" \/>\n<meta name=\"twitter:label1\" content=\"Est. reading time\" \/>\n\t<meta name=\"twitter:data1\" content=\"2 minutes\" \/>\n<script type=\"application\/ld+json\" class=\"yoast-schema-graph\">{\"@context\":\"https:\/\/schema.org\",\"@graph\":[{\"@type\":\"WebPage\",\"@id\":\"https:\/\/cuciroma.com\/prodotto\/singer-courvy-8763\/\",\"url\":\"https:\/\/cuciroma.com\/prodotto\/singer-courvy-8763\/\",\"name\":\"Singer Curvy 8763 - Cuciroma | Macchine da cucire e accessori per il ricamo\",\"isPartOf\":{\"@id\":\"https:\/\/cuciroma.com\/#website\"},\"primaryImageOfPage\":{\"@id\":\"https:\/\/cuciroma.com\/prodotto\/singer-courvy-8763\/#primaryimage\"},\"image\":{\"@id\":\"https:\/\/cuciroma.com\/prodotto\/singer-courvy-8763\/#primaryimage\"},\"thumbnailUrl\":\"https:\/\/cuciroma.com\/wp-content\/uploads\/2015\/07\/singer-8763.jpg\",\"datePublished\":\"2015-07-30T17:06:05+00:00\",\"dateModified\":\"2021-02-10T17:05:35+00:00\",\"breadcrumb\":{\"@id\":\"https:\/\/cuciroma.com\/prodotto\/singer-courvy-8763\/#breadcrumb\"},\"inLanguage\":\"en-US\",\"potentialAction\":[{\"@type\":\"ReadAction\",\"target\":[\"https:\/\/cuciroma.com\/prodotto\/singer-courvy-8763\/\"]}]},{\"@type\":\"ImageObject\",\"inLanguage\":\"en-US\",\"@id\":\"https:\/\/cuciroma.com\/prodotto\/singer-courvy-8763\/#primaryimage\",\"url\":\"https:\/\/cuciroma.com\/wp-content\/uploads\/2015\/07\/singer-8763.jpg\",\"contentUrl\":\"https:\/\/cuciroma.com\/wp-content\/uploads\/2015\/07\/singer-8763.jpg\",\"width\":800,\"height\":524},{\"@type\":\"BreadcrumbList\",\"@id\":\"https:\/\/cuciroma.com\/prodotto\/singer-courvy-8763\/#breadcrumb\",\"itemListElement\":[{\"@type\":\"ListItem\",\"position\":1,\"name\":\"Shop On line\",\"item\":\"https:\/\/cuciroma.com\/shop\/\"},{\"@type\":\"ListItem\",\"position\":2,\"name\":\"Singer Curvy 8763\"}]},{\"@type\":\"WebSite\",\"@id\":\"https:\/\/cuciroma.com\/#website\",\"url\":\"https:\/\/cuciroma.com\/\",\"name\":\"Cuciroma | Macchine da cucire e accessori per il ricamo\",\"description\":\"Rivenditore e Assistenza autorizzata Macchine da Cucire Professionali\",\"publisher\":{\"@id\":\"https:\/\/cuciroma.com\/#organization\"},\"potentialAction\":[{\"@type\":\"SearchAction\",\"target\":{\"@type\":\"EntryPoint\",\"urlTemplate\":\"https:\/\/cuciroma.com\/?s={search_term_string}\"},\"query-input\":{\"@type\":\"PropertyValueSpecification\",\"valueRequired\":true,\"valueName\":\"search_term_string\"}}],\"inLanguage\":\"en-US\"},{\"@type\":\"Organization\",\"@id\":\"https:\/\/cuciroma.com\/#organization\",\"name\":\"Cuciroma\",\"url\":\"https:\/\/cuciroma.com\/\",\"logo\":{\"@type\":\"ImageObject\",\"inLanguage\":\"en-US\",\"@id\":\"https:\/\/cuciroma.com\/#\/schema\/logo\/image\/\",\"url\":\"https:\/\/cuciroma.com\/wp-content\/uploads\/2020\/07\/logo-cuciroma.png\",\"contentUrl\":\"https:\/\/cuciroma.com\/wp-content\/uploads\/2020\/07\/logo-cuciroma.png\",\"width\":565,\"height\":159,\"caption\":\"Cuciroma\"},\"image\":{\"@id\":\"https:\/\/cuciroma.com\/#\/schema\/logo\/image\/\"},\"sameAs\":[\"https:\/\/www.facebook.com\/cuciroma\/\",\"https:\/\/www.instagram.com\/cuciroma\/\"]}]}<\/script>\n<!-- \/ Yoast SEO plugin. -->","yoast_head_json":{"title":"Singer Curvy 8763 - Cuciroma | Macchine da cucire e accessori per il ricamo","robots":{"index":"index","follow":"follow","max-snippet":"max-snippet:-1","max-image-preview":"max-image-preview:large","max-video-preview":"max-video-preview:-1"},"canonical":"https:\/\/cuciroma.com\/prodotto\/singer-courvy-8763\/","og_locale":"en_US","og_type":"article","og_title":"Singer Curvy 8763 - Cuciroma | Macchine da cucire e accessori per il ricamo","og_description":"Macchina per cucire elettronica. 30 punti tra utili, punti elastici, punti decorativi, punti quilt, punti per orlo a giorno. 13 posizioni diverse dell\u2019ago per avere una capacit\u00e0 di punti fino a 7mm. Il punto desiderato pu\u00f2 essere velocemente selezionato tramite il tasto di scelta rapida.","og_url":"https:\/\/cuciroma.com\/prodotto\/singer-courvy-8763\/","og_site_name":"Cuciroma | Macchine da cucire e accessori per il ricamo","article_publisher":"https:\/\/www.facebook.com\/cuciroma\/","article_modified_time":"2021-02-10T17:05:35+00:00","og_image":[{"width":800,"height":524,"url":"https:\/\/cuciroma.com\/wp-content\/uploads\/2015\/07\/singer-8763.jpg","type":"image\/jpeg"}],"twitter_card":"summary_large_image","twitter_misc":{"Est. reading time":"2 minutes"},"schema":{"@context":"https:\/\/schema.org","@graph":[{"@type":"WebPage","@id":"https:\/\/cuciroma.com\/prodotto\/singer-courvy-8763\/","url":"https:\/\/cuciroma.com\/prodotto\/singer-courvy-8763\/","name":"Singer Curvy 8763 - Cuciroma | Macchine da cucire e accessori per il ricamo","isPartOf":{"@id":"https:\/\/cuciroma.com\/#website"},"primaryImageOfPage":{"@id":"https:\/\/cuciroma.com\/prodotto\/singer-courvy-8763\/#primaryimage"},"image":{"@id":"https:\/\/cuciroma.com\/prodotto\/singer-courvy-8763\/#primaryimage"},"thumbnailUrl":"https:\/\/cuciroma.com\/wp-content\/uploads\/2015\/07\/singer-8763.jpg","datePublished":"2015-07-30T17:06:05+00:00","dateModified":"2021-02-10T17:05:35+00:00","breadcrumb":{"@id":"https:\/\/cuciroma.com\/prodotto\/singer-courvy-8763\/#breadcrumb"},"inLanguage":"en-US","potentialAction":[{"@type":"ReadAction","target":["https:\/\/cuciroma.com\/prodotto\/singer-courvy-8763\/"]}]},{"@type":"ImageObject","inLanguage":"en-US","@id":"https:\/\/cuciroma.com\/prodotto\/singer-courvy-8763\/#primaryimage","url":"https:\/\/cuciroma.com\/wp-content\/uploads\/2015\/07\/singer-8763.jpg","contentUrl":"https:\/\/cuciroma.com\/wp-content\/uploads\/2015\/07\/singer-8763.jpg","width":800,"height":524},{"@type":"BreadcrumbList","@id":"https:\/\/cuciroma.com\/prodotto\/singer-courvy-8763\/#breadcrumb","itemListElement":[{"@type":"ListItem","position":1,"name":"Shop On line","item":"https:\/\/cuciroma.com\/shop\/"},{"@type":"ListItem","position":2,"name":"Singer Curvy 8763"}]},{"@type":"WebSite","@id":"https:\/\/cuciroma.com\/#website","url":"https:\/\/cuciroma.com\/","name":"Cuciroma | Macchine da cucire e accessori per il ricamo","description":"Rivenditore e Assistenza autorizzata Macchine da Cucire Professionali","publisher":{"@id":"https:\/\/cuciroma.com\/#organization"},"potentialAction":[{"@type":"SearchAction","target":{"@type":"EntryPoint","urlTemplate":"https:\/\/cuciroma.com\/?s={search_term_string}"},"query-input":{"@type":"PropertyValueSpecification","valueRequired":true,"valueName":"search_term_string"}}],"inLanguage":"en-US"},{"@type":"Organization","@id":"https:\/\/cuciroma.com\/#organization","name":"Cuciroma","url":"https:\/\/cuciroma.com\/","logo":{"@type":"ImageObject","inLanguage":"en-US","@id":"https:\/\/cuciroma.com\/#\/schema\/logo\/image\/","url":"https:\/\/cuciroma.com\/wp-content\/uploads\/2020\/07\/logo-cuciroma.png","contentUrl":"https:\/\/cuciroma.com\/wp-content\/uploads\/2020\/07\/logo-cuciroma.png","width":565,"height":159,"caption":"Cuciroma"},"image":{"@id":"https:\/\/cuciroma.com\/#\/schema\/logo\/image\/"},"sameAs":["https:\/\/www.facebook.com\/cuciroma\/","https:\/\/www.instagram.com\/cuciroma\/"]}]}},"df_price":"","df_sale_price":"","df_regular_price":"","df_image_link":"https:\/\/cuciroma.com\/wp-content\/uploads\/2015\/07\/singer-8763-300x197.jpg","_links":{"self":[{"href":"https:\/\/cuciroma.com\/en\/wp-json\/wp\/v2\/product\/6508","targetHints":{"allow":["GET"]}}],"collection":[{"href":"https:\/\/cuciroma.com\/en\/wp-json\/wp\/v2\/product"}],"about":[{"href":"https:\/\/cuciroma.com\/en\/wp-json\/wp\/v2\/types\/product"}],"replies":[{"embeddable":true,"href":"https:\/\/cuciroma.com\/en\/wp-json\/wp\/v2\/comments?post=6508"}],"wp:featuredmedia":[{"embeddable":true,"href":"https:\/\/cuciroma.com\/en\/wp-json\/wp\/v2\/media\/10344"}],"wp:attachment":[{"href":"https:\/\/cuciroma.com\/en\/wp-json\/wp\/v2\/media?parent=6508"}],"wp:term":[{"taxonomy":"product_brand","embeddable":true,"href":"https:\/\/cuciroma.com\/en\/wp-json\/wp\/v2\/product_brand?post=6508"},{"taxonomy":"product_cat","embeddable":true,"href":"https:\/\/cuciroma.com\/en\/wp-json\/wp\/v2\/product_cat?post=6508"},{"taxonomy":"product_tag","embeddable":true,"href":"https:\/\/cuciroma.com\/en\/wp-json\/wp\/v2\/product_tag?post=6508"}],"curies":[{"name":"wp","href":"https:\/\/api.w.org\/{rel}","templated":true}]}}