{"id":6503,"date":"2015-07-31T19:41:20","date_gmt":"2015-07-31T17:41:20","guid":{"rendered":"https:\/\/cuciroma.com\/prodotto\/singer-one-plus-2\/"},"modified":"2017-04-20T18:39:41","modified_gmt":"2017-04-20T16:39:41","slug":"singer-one-plus","status":"publish","type":"product","link":"https:\/\/cuciroma.com\/en\/prodotto\/singer-one-plus\/","title":{"rendered":"Singer One Plus"},"content":{"rendered":"<p><strong>Macchina per cucire elettronica. 231 punti incorporati di cui 7 punti essenziali e 5 punti elastici per tutti i tuoi lavori di cucito sia che riguardino la moda sia che riguardino lavori di artigianato e la casa. 212 punti decorativi invece sono tutti da dedicare alla realizzazione dei tuoi progetti creativi. Completamente automatica \u00e8 invece la realizzazione delle 6 asole 1 solo passaggio e 1 asola senza fine. Lo schermo LCD fornisce una visualizzazione chiara e semplice delle impostazioni del punto, tra cui il numero del punto selezionato, l&#8217;immagine del punto selezionato, e la larghezza e lunghezza del punto. La memoria disponibile consente di salvare e modificare combinazioni di punti per creare modelli personalizzati e disegni, monogramma compresi. Il pi\u00f9 grande risparmio di tempo \u00e8 poi concesso dal sistema di infilatura facilitata della macchina e di infilatura automatica dell\u2019ago che oltretutto \u00e8 programmabile per quanto riguarda la sua posizione di arresto. Alzata extra del piedino per quando vengono posizionati pi\u00f9 strati di tessuto ingombrante e messaggio di errore con buzzer se il piedino \u00e8 sollevato quando si inizia a cucire. Griffa di trasporto abbassabile per lavorare a mano libera e pi\u00f9 spaziosa area di lavoro essenziale per quilting o quando si lavora con altri grandi progetti. Velocit\u00e0 di cucito massima di 750 punti per minuto, pulsante di retromarcia automatica e braccio libero per un facile accesso ai polsini, colletti, orli dei pantaloni e le altre zone difficili da raggiungere.<\/strong><\/p>\n<p><span style=\"color: #800000;\"><strong>Specifiche<\/strong><\/span><\/p>\n<p><strong>&#8211; 231 punti <\/strong><br \/>\n<strong>&#8211; 1 alfabeto<\/strong><br \/>\n<strong>&#8211; Schermo Lcd<\/strong><br \/>\n<strong>&#8211; Ago su\/gi\u00f9 programmabile<\/strong><br \/>\n<strong>&#8211; Sistema di infilatura facilitato della bobina<\/strong><br \/>\n<strong>&#8211; Infila ago automatico<\/strong><br \/>\n<strong>&#8211; Ampio spazio di lavoro (374mm. a destra dell&#8217;ago)<\/strong><br \/>\n<strong>&#8211; Allungamento punti decorativi x2 e x3<\/strong><br \/>\n<strong>&#8211; Tasto Avvio\/arresto<\/strong><\/p>\n<p><span style=\"color: #800000;\"><strong>Accessori standard<\/strong><\/span><\/p>\n<p><strong>Piedino standard &#8211; Piedino per cerniere &#8211; Piedino per asole &#8211; Piedino per orlo invisibile &#8211; Piedino per punti pieni &#8211; Busta aghi &#8211; Bobine &#8211; Ferma rocchetti &#8211; Porta spola ausiliario &#8211; Cacciavite per placca ago &#8211; Taglia asole\/scucitore &#8211; Custodia anti polvere.<\/strong><\/p>\n<p><strong>\u00a0<\/strong><\/p>\n","protected":false},"excerpt":{"rendered":"<p><strong>Macchina per cucire elettronica. 231 punti incorporati di cui 7 punti essenziali e 5 punti elastici per tutti i tuoi lavori di cucito sia che riguardino la moda sia che riguardino lavori di artigianato e la casa. 212 punti decorativi invece sono tutti da dedicare alla realizzazione dei tuoi progetti creativi.<\/strong><\/p>\n","protected":false},"featured_media":10342,"comment_status":"closed","ping_status":"closed","template":"","meta":[],"product_brand":[],"product_cat":[189],"product_tag":[],"class_list":{"0":"post-6503","1":"product","2":"type-product","3":"status-publish","4":"has-post-thumbnail","6":"product_cat-singer-elettroniche-en","7":"pa_trovaprezzi-pubblicato","9":"first","10":"instock","11":"taxable","12":"shipping-taxable","13":"product-type-simple"},"yoast_head":"<!-- This site is optimized with the Yoast SEO plugin v27.2 - https:\/\/yoast.com\/product\/yoast-seo-wordpress\/ -->\n<title>Singer One Plus - Cuciroma | Macchine da cucire e accessori per il ricamo<\/title>\n<meta name=\"robots\" content=\"index, follow, max-snippet:-1, max-image-preview:large, max-video-preview:-1\" \/>\n<link rel=\"canonical\" href=\"https:\/\/cuciroma.com\/en\/prodotto\/singer-one-plus\/\" \/>\n<meta property=\"og:locale\" content=\"en_US\" \/>\n<meta property=\"og:type\" content=\"article\" \/>\n<meta property=\"og:title\" content=\"Singer One Plus - Cuciroma | Macchine da cucire e accessori per il ricamo\" \/>\n<meta property=\"og:description\" content=\"Macchina per cucire elettronica. 231 punti incorporati di cui 7 punti essenziali e 5 punti elastici per tutti i tuoi lavori di cucito sia che riguardino la moda sia che riguardino lavori di artigianato e la casa. 212 punti decorativi invece sono tutti da dedicare alla realizzazione dei tuoi progetti creativi.\" \/>\n<meta property=\"og:url\" content=\"https:\/\/cuciroma.com\/en\/prodotto\/singer-one-plus\/\" \/>\n<meta property=\"og:site_name\" content=\"Cuciroma | Macchine da cucire e accessori per il ricamo\" \/>\n<meta property=\"article:publisher\" content=\"https:\/\/www.facebook.com\/cuciroma\/\" \/>\n<meta property=\"article:modified_time\" content=\"2017-04-20T16:39:41+00:00\" \/>\n<meta property=\"og:image\" content=\"https:\/\/cuciroma.com\/wp-content\/uploads\/2015\/07\/singer-one-plus.jpg\" \/>\n\t<meta property=\"og:image:width\" content=\"700\" \/>\n\t<meta property=\"og:image:height\" content=\"700\" \/>\n\t<meta property=\"og:image:type\" content=\"image\/jpeg\" \/>\n<meta name=\"twitter:card\" content=\"summary_large_image\" \/>\n<meta name=\"twitter:label1\" content=\"Est. reading time\" \/>\n\t<meta name=\"twitter:data1\" content=\"2 minutes\" \/>\n<script type=\"application\/ld+json\" class=\"yoast-schema-graph\">{\"@context\":\"https:\/\/schema.org\",\"@graph\":[{\"@type\":\"WebPage\",\"@id\":\"https:\/\/cuciroma.com\/en\/prodotto\/singer-one-plus\/\",\"url\":\"https:\/\/cuciroma.com\/en\/prodotto\/singer-one-plus\/\",\"name\":\"Singer One Plus - Cuciroma | Macchine da cucire e accessori per il ricamo\",\"isPartOf\":{\"@id\":\"https:\/\/cuciroma.com\/#website\"},\"primaryImageOfPage\":{\"@id\":\"https:\/\/cuciroma.com\/en\/prodotto\/singer-one-plus\/#primaryimage\"},\"image\":{\"@id\":\"https:\/\/cuciroma.com\/en\/prodotto\/singer-one-plus\/#primaryimage\"},\"thumbnailUrl\":\"https:\/\/cuciroma.com\/wp-content\/uploads\/2015\/07\/singer-one-plus.jpg\",\"datePublished\":\"2015-07-31T17:41:20+00:00\",\"dateModified\":\"2017-04-20T16:39:41+00:00\",\"breadcrumb\":{\"@id\":\"https:\/\/cuciroma.com\/en\/prodotto\/singer-one-plus\/#breadcrumb\"},\"inLanguage\":\"en-US\",\"potentialAction\":[{\"@type\":\"ReadAction\",\"target\":[\"https:\/\/cuciroma.com\/en\/prodotto\/singer-one-plus\/\"]}]},{\"@type\":\"ImageObject\",\"inLanguage\":\"en-US\",\"@id\":\"https:\/\/cuciroma.com\/en\/prodotto\/singer-one-plus\/#primaryimage\",\"url\":\"https:\/\/cuciroma.com\/wp-content\/uploads\/2015\/07\/singer-one-plus.jpg\",\"contentUrl\":\"https:\/\/cuciroma.com\/wp-content\/uploads\/2015\/07\/singer-one-plus.jpg\",\"width\":700,\"height\":700},{\"@type\":\"BreadcrumbList\",\"@id\":\"https:\/\/cuciroma.com\/en\/prodotto\/singer-one-plus\/#breadcrumb\",\"itemListElement\":[{\"@type\":\"ListItem\",\"position\":1,\"name\":\"Shop On line\",\"item\":\"https:\/\/cuciroma.com\/shop\/\"},{\"@type\":\"ListItem\",\"position\":2,\"name\":\"Singer One Plus\"}]},{\"@type\":\"WebSite\",\"@id\":\"https:\/\/cuciroma.com\/#website\",\"url\":\"https:\/\/cuciroma.com\/\",\"name\":\"Cuciroma | Macchine da cucire e accessori per il ricamo\",\"description\":\"Rivenditore e Assistenza autorizzata Macchine da Cucire Professionali\",\"publisher\":{\"@id\":\"https:\/\/cuciroma.com\/#organization\"},\"potentialAction\":[{\"@type\":\"SearchAction\",\"target\":{\"@type\":\"EntryPoint\",\"urlTemplate\":\"https:\/\/cuciroma.com\/?s={search_term_string}\"},\"query-input\":{\"@type\":\"PropertyValueSpecification\",\"valueRequired\":true,\"valueName\":\"search_term_string\"}}],\"inLanguage\":\"en-US\"},{\"@type\":\"Organization\",\"@id\":\"https:\/\/cuciroma.com\/#organization\",\"name\":\"Cuciroma\",\"url\":\"https:\/\/cuciroma.com\/\",\"logo\":{\"@type\":\"ImageObject\",\"inLanguage\":\"en-US\",\"@id\":\"https:\/\/cuciroma.com\/#\/schema\/logo\/image\/\",\"url\":\"https:\/\/cuciroma.com\/wp-content\/uploads\/2020\/07\/logo-cuciroma.png\",\"contentUrl\":\"https:\/\/cuciroma.com\/wp-content\/uploads\/2020\/07\/logo-cuciroma.png\",\"width\":565,\"height\":159,\"caption\":\"Cuciroma\"},\"image\":{\"@id\":\"https:\/\/cuciroma.com\/#\/schema\/logo\/image\/\"},\"sameAs\":[\"https:\/\/www.facebook.com\/cuciroma\/\",\"https:\/\/www.instagram.com\/cuciroma\/\"]}]}<\/script>\n<!-- \/ Yoast SEO plugin. -->","yoast_head_json":{"title":"Singer One Plus - Cuciroma | Macchine da cucire e accessori per il ricamo","robots":{"index":"index","follow":"follow","max-snippet":"max-snippet:-1","max-image-preview":"max-image-preview:large","max-video-preview":"max-video-preview:-1"},"canonical":"https:\/\/cuciroma.com\/en\/prodotto\/singer-one-plus\/","og_locale":"en_US","og_type":"article","og_title":"Singer One Plus - Cuciroma | Macchine da cucire e accessori per il ricamo","og_description":"Macchina per cucire elettronica. 231 punti incorporati di cui 7 punti essenziali e 5 punti elastici per tutti i tuoi lavori di cucito sia che riguardino la moda sia che riguardino lavori di artigianato e la casa. 212 punti decorativi invece sono tutti da dedicare alla realizzazione dei tuoi progetti creativi.","og_url":"https:\/\/cuciroma.com\/en\/prodotto\/singer-one-plus\/","og_site_name":"Cuciroma | Macchine da cucire e accessori per il ricamo","article_publisher":"https:\/\/www.facebook.com\/cuciroma\/","article_modified_time":"2017-04-20T16:39:41+00:00","og_image":[{"width":700,"height":700,"url":"https:\/\/cuciroma.com\/wp-content\/uploads\/2015\/07\/singer-one-plus.jpg","type":"image\/jpeg"}],"twitter_card":"summary_large_image","twitter_misc":{"Est. reading time":"2 minutes"},"schema":{"@context":"https:\/\/schema.org","@graph":[{"@type":"WebPage","@id":"https:\/\/cuciroma.com\/en\/prodotto\/singer-one-plus\/","url":"https:\/\/cuciroma.com\/en\/prodotto\/singer-one-plus\/","name":"Singer One Plus - Cuciroma | Macchine da cucire e accessori per il ricamo","isPartOf":{"@id":"https:\/\/cuciroma.com\/#website"},"primaryImageOfPage":{"@id":"https:\/\/cuciroma.com\/en\/prodotto\/singer-one-plus\/#primaryimage"},"image":{"@id":"https:\/\/cuciroma.com\/en\/prodotto\/singer-one-plus\/#primaryimage"},"thumbnailUrl":"https:\/\/cuciroma.com\/wp-content\/uploads\/2015\/07\/singer-one-plus.jpg","datePublished":"2015-07-31T17:41:20+00:00","dateModified":"2017-04-20T16:39:41+00:00","breadcrumb":{"@id":"https:\/\/cuciroma.com\/en\/prodotto\/singer-one-plus\/#breadcrumb"},"inLanguage":"en-US","potentialAction":[{"@type":"ReadAction","target":["https:\/\/cuciroma.com\/en\/prodotto\/singer-one-plus\/"]}]},{"@type":"ImageObject","inLanguage":"en-US","@id":"https:\/\/cuciroma.com\/en\/prodotto\/singer-one-plus\/#primaryimage","url":"https:\/\/cuciroma.com\/wp-content\/uploads\/2015\/07\/singer-one-plus.jpg","contentUrl":"https:\/\/cuciroma.com\/wp-content\/uploads\/2015\/07\/singer-one-plus.jpg","width":700,"height":700},{"@type":"BreadcrumbList","@id":"https:\/\/cuciroma.com\/en\/prodotto\/singer-one-plus\/#breadcrumb","itemListElement":[{"@type":"ListItem","position":1,"name":"Shop On line","item":"https:\/\/cuciroma.com\/shop\/"},{"@type":"ListItem","position":2,"name":"Singer One Plus"}]},{"@type":"WebSite","@id":"https:\/\/cuciroma.com\/#website","url":"https:\/\/cuciroma.com\/","name":"Cuciroma | Macchine da cucire e accessori per il ricamo","description":"Rivenditore e Assistenza autorizzata Macchine da Cucire Professionali","publisher":{"@id":"https:\/\/cuciroma.com\/#organization"},"potentialAction":[{"@type":"SearchAction","target":{"@type":"EntryPoint","urlTemplate":"https:\/\/cuciroma.com\/?s={search_term_string}"},"query-input":{"@type":"PropertyValueSpecification","valueRequired":true,"valueName":"search_term_string"}}],"inLanguage":"en-US"},{"@type":"Organization","@id":"https:\/\/cuciroma.com\/#organization","name":"Cuciroma","url":"https:\/\/cuciroma.com\/","logo":{"@type":"ImageObject","inLanguage":"en-US","@id":"https:\/\/cuciroma.com\/#\/schema\/logo\/image\/","url":"https:\/\/cuciroma.com\/wp-content\/uploads\/2020\/07\/logo-cuciroma.png","contentUrl":"https:\/\/cuciroma.com\/wp-content\/uploads\/2020\/07\/logo-cuciroma.png","width":565,"height":159,"caption":"Cuciroma"},"image":{"@id":"https:\/\/cuciroma.com\/#\/schema\/logo\/image\/"},"sameAs":["https:\/\/www.facebook.com\/cuciroma\/","https:\/\/www.instagram.com\/cuciroma\/"]}]}},"df_price":"","df_sale_price":"","df_regular_price":"","df_image_link":"https:\/\/cuciroma.com\/wp-content\/uploads\/2015\/07\/singer-one-plus-300x300.jpg","_links":{"self":[{"href":"https:\/\/cuciroma.com\/en\/wp-json\/wp\/v2\/product\/6503","targetHints":{"allow":["GET"]}}],"collection":[{"href":"https:\/\/cuciroma.com\/en\/wp-json\/wp\/v2\/product"}],"about":[{"href":"https:\/\/cuciroma.com\/en\/wp-json\/wp\/v2\/types\/product"}],"replies":[{"embeddable":true,"href":"https:\/\/cuciroma.com\/en\/wp-json\/wp\/v2\/comments?post=6503"}],"wp:featuredmedia":[{"embeddable":true,"href":"https:\/\/cuciroma.com\/en\/wp-json\/wp\/v2\/media\/10342"}],"wp:attachment":[{"href":"https:\/\/cuciroma.com\/en\/wp-json\/wp\/v2\/media?parent=6503"}],"wp:term":[{"taxonomy":"product_brand","embeddable":true,"href":"https:\/\/cuciroma.com\/en\/wp-json\/wp\/v2\/product_brand?post=6503"},{"taxonomy":"product_cat","embeddable":true,"href":"https:\/\/cuciroma.com\/en\/wp-json\/wp\/v2\/product_cat?post=6503"},{"taxonomy":"product_tag","embeddable":true,"href":"https:\/\/cuciroma.com\/en\/wp-json\/wp\/v2\/product_tag?post=6503"}],"curies":[{"name":"wp","href":"https:\/\/api.w.org\/{rel}","templated":true}]}}