{"id":6498,"date":"2015-08-03T19:49:46","date_gmt":"2015-08-03T17:49:46","guid":{"rendered":"https:\/\/cuciroma.com\/prodotto\/singer-quantum-stylist-9960-2\/"},"modified":"2022-01-15T17:18:35","modified_gmt":"2022-01-15T16:18:35","slug":"singer-quantum-stylist-9960","status":"publish","type":"product","link":"https:\/\/cuciroma.com\/en\/prodotto\/singer-quantum-stylist-9960\/","title":{"rendered":"Singer Quantum Stylist 9960"},"content":{"rendered":"<p><a href=\"https:\/\/cuciroma.com\/wp-content\/uploads\/2017\/09\/telefono-rosso1.jpg\"><img loading=\"lazy\" decoding=\"async\" class=\" size-full wp-image-13539 aligncenter\" src=\"https:\/\/cuciroma.com\/wp-content\/uploads\/2017\/09\/telefono-rosso1.jpg\" alt=\"telefono rosso\" width=\"131\" height=\"138\" \/><\/a><\/p>\n<p><strong>Macchina per cucire elettronica. 100 punti utili, 34 motivi decorativi, 5 alfabeti, 13 occhielli, 8 tasti selezione rapida per i punti pi\u00f9 gettonati e 60 spazi di memoria per conquistarti irrimediabilmente. Adatta anche alle principianti che non hanno pi\u00f9 bisogno con la Quantum Stylist 9960 di dover regolare nulla, \u00e8 tutto pre impostato ed automatico per una cucitura spensierata e divertente. Le asole sono completamente automatiche, il piedino rileva il bottone e cuce un occhiello su misura , in un solo tempo ed ogni asola sar\u00e0 perfettamente uguale alla precedente. I punti pieni hanno la possibilit\u00e0 di essere allungati fino a 5 volte e fino a 2 volte i punti decorativi, funzione specchiatura e ribaltamento di alcuni punti aumentano in maniera esponenziale le capacit\u00e0 di lavoro. Il sistema di infilatura rapida: basta seguire le linee di infilatura tracciate. Infilatura dell\u2019ago automatica: non avrai pi\u00f9 bisogno di cercare la cruna dell\u2019ago! Pulsante per regolare la velocit\u00e0 di cucitura ti permette di cucire alla velocit\u00e0 necessaria a seconda del lavoro che hai impostato. Controllo costante del filo della bobina grazie alla bobina a scatto con copertura trasparente. E poi, hai la possibilit\u00e0 di creare finiture eleganti o nomi, parole, frasi intere: la memoria della macchina salver\u00e0 tutto ci\u00f2 che hai selezionato.<\/strong><\/p>\n<p><strong><span style=\"color: #800000;\">Specifiche:<\/span><\/strong><\/p>\n<div data-canvas-width=\"148.993258487395\"><strong>&#8211; Effetto specchio<\/strong><\/div>\n<div data-canvas-width=\"153.21015932773113\"><strong>&#8211; Effetto ribaltato<\/strong><\/div>\n<div data-canvas-width=\"200.18174924369748\"><strong>&#8211; Selettore ago gemello<\/strong><\/div>\n<div data-canvas-width=\"147.28502319327734\"><strong>&#8211; Allunga punto fino a 5x (per i punti pieni)<\/strong><\/div>\n<div data-canvas-width=\"190.56682487394954\"><strong>&#8211; Allunga punto fino a 2x (per i punti decorativi)<\/strong><\/div>\n<div data-canvas-width=\"272.14823798319327\"><strong>&#8211; 14 segnali visivi di allarme con effetto sonoro tra cui: sensore rottura filo superiore<\/strong><\/div>\n<div data-canvas-width=\"277.50135932773105\"><strong>&#8211; Tensione elettronica regolabile<\/strong><\/div>\n<div data-canvas-width=\"92.5531643697479\"><strong>&#8211; 2 luci LED<\/strong><\/div>\n<div data-canvas-width=\"188.68288537815124\"><strong>&#8211; 26 posizioni dell\u2019ago<\/strong><\/div>\n<div data-canvas-width=\"316.0508611764705\"><strong>&#8211; Leva alzapiedino a 2 livelli di alzata<\/strong><\/div>\n<div data-canvas-width=\"325.57988571428575\"><strong>&#8211; Braccio estraibile con porta accessori<\/strong><\/div>\n<div data-canvas-width=\"199.9084315966387\"><strong>&#8211; Infila ago automatico<\/strong><\/div>\n<div data-canvas-width=\"239.955323697479\"><strong>&#8211; Occhiellatore ad un tempo completamente automatico<\/strong><\/div>\n<div data-canvas-width=\"133.3555845378151\"><strong>&#8211; 100 punti utili<\/strong><\/div>\n<div data-canvas-width=\"183.6850769747899\"><strong>&#8211; 34 motivi decorativi<\/strong><\/div>\n<div data-canvas-width=\"103.13446184873949\"><strong>&#8211; 13 occhielli<\/strong><\/div>\n<div data-canvas-width=\"93.90803899159664\"><strong>&#8211; 5 alfabeti<\/strong><\/div>\n<div data-canvas-width=\"266.57841478991594\"><strong>&#8211; Regolazione velocit\u00e0 di cucito<\/strong><\/div>\n<div data-canvas-width=\"305.8580652100841\"><strong>&#8211; Tasto di avvio\/arresto automatico<\/strong><\/div>\n<div data-canvas-width=\"148.27091899159666\"><strong>&#8211; Tasto taglia filo<\/strong><\/div>\n<div data-canvas-width=\"92.40088739495799\"><strong>&#8211; Display LCD a 4 livelli con regolazione luminosit\u00e0<\/strong><\/div>\n<div data-canvas-width=\"177.6525660504202\"><strong>&#8211; Leva abbassa griffe<\/strong><\/div>\n<div data-canvas-width=\"213.49622319327727\"><strong>&#8211; 8 tasti selezione diretta<\/strong><\/div>\n<div data-canvas-width=\"187.19916100840334\"><strong>&#8211; 60 spazi di memoria<\/strong><\/div>\n<div data-canvas-width=\"187.19916100840334\"><\/div>\n<div data-canvas-width=\"187.19916100840334\"><strong><span style=\"color: #800000;\">Accessori Standard:<\/span><\/strong><\/div>\n<div data-canvas-width=\"187.19916100840334\">\n<div data-canvas-width=\"152.69410957983192\"><\/div>\n<div data-canvas-width=\"152.69410957983192\"><strong>&#8211; Aghi &#8211; 4 bobine (1 nella macchina) &#8211; Taglia-asole &#8211; Spazzola &#8211; Portarocchetto ausiliario con rondella di feltro &#8211; Cacciavite &#8211; Accessorio per smontare la placca ago &#8211; Fermarocchetto (gi\u00e0 installato alla consegna) &#8211; Fermarocchetto piccolo &#8211; Guidastoffa con vite &#8211; Piedino per sopraggitto &#8211; Piedino per punto<\/strong><\/div>\n<div data-canvas-width=\"138.24862117647055\"><strong>invisibile &#8211; Piedino per cerniere &#8211; Piedino orlo arrotolato &#8211; Piedino attaccabottoni &#8211; Piedino per punti decorativi &#8211; Guida per trapunto &#8211; Piedino per applicazioni aperto &#8211; Piedino per cordoncino &#8211; Piedino per patchwork &amp; trapunto a punto diritto &#8211; Piedino per ricamo e rammendo &#8211; Piedino per occhielli &#8211; Piedino universale<\/strong><\/div>\n<\/div>\n","protected":false},"excerpt":{"rendered":"<p><strong>\u00a0Macchina per cucire elettronica. 100 punti utili, 34 motivi decorativi, 5 alfabeti, 13 occhielli, 8 tasti selezione rapida per i punti pi\u00f9 gettonati e 60 spazi di memoria per conquistarti irrimediabilmente. Adatta anche alle principianti che non hanno pi\u00f9 bisogno con la Quantum Stylist 9960 di dover regolare nulla, \u00e8 tutto pre impostato ed automatico per una cucitura spensierata e divertente.<\/strong><\/p>\n","protected":false},"featured_media":10340,"comment_status":"closed","ping_status":"closed","template":"","meta":[],"product_brand":[],"product_cat":[189],"product_tag":[],"class_list":{"0":"post-6498","1":"product","2":"type-product","3":"status-publish","4":"has-post-thumbnail","6":"product_cat-singer-elettroniche-en","7":"pa_trovaprezzi-pubblicato","9":"first","10":"outofstock","11":"taxable","12":"shipping-taxable","13":"purchasable","14":"product-type-simple"},"yoast_head":"<!-- This site is optimized with the Yoast SEO plugin v27.2 - https:\/\/yoast.com\/product\/yoast-seo-wordpress\/ -->\n<title>Singer Quantum Stylist 9960 - Cuciroma | Macchine da cucire e accessori per il ricamo<\/title>\n<meta name=\"robots\" content=\"index, follow, max-snippet:-1, max-image-preview:large, max-video-preview:-1\" \/>\n<link rel=\"canonical\" href=\"https:\/\/cuciroma.com\/prodotto\/singer-quantum-stylist-9960\/\" \/>\n<meta property=\"og:locale\" content=\"en_US\" \/>\n<meta property=\"og:type\" content=\"article\" \/>\n<meta property=\"og:title\" content=\"Singer Quantum Stylist 9960 - Cuciroma | Macchine da cucire e accessori per il ricamo\" \/>\n<meta property=\"og:description\" content=\"\u00a0Macchina per cucire elettronica. 100 punti utili, 34 motivi decorativi, 5 alfabeti, 13 occhielli, 8 tasti selezione rapida per i punti pi\u00f9 gettonati e 60 spazi di memoria per conquistarti irrimediabilmente. Adatta anche alle principianti che non hanno pi\u00f9 bisogno con la Quantum Stylist 9960 di dover regolare nulla, \u00e8 tutto pre impostato ed automatico per una cucitura spensierata e divertente.\" \/>\n<meta property=\"og:url\" content=\"https:\/\/cuciroma.com\/prodotto\/singer-quantum-stylist-9960\/\" \/>\n<meta property=\"og:site_name\" content=\"Cuciroma | Macchine da cucire e accessori per il ricamo\" \/>\n<meta property=\"article:publisher\" content=\"https:\/\/www.facebook.com\/cuciroma\/\" \/>\n<meta property=\"article:modified_time\" content=\"2022-01-15T16:18:35+00:00\" \/>\n<meta property=\"og:image\" content=\"https:\/\/cuciroma.com\/wp-content\/uploads\/2015\/08\/singer-9960.jpg\" \/>\n\t<meta property=\"og:image:width\" content=\"700\" \/>\n\t<meta property=\"og:image:height\" content=\"420\" \/>\n\t<meta property=\"og:image:type\" content=\"image\/jpeg\" \/>\n<meta name=\"twitter:card\" content=\"summary_large_image\" \/>\n<meta name=\"twitter:label1\" content=\"Est. reading time\" \/>\n\t<meta name=\"twitter:data1\" content=\"2 minutes\" \/>\n<script type=\"application\/ld+json\" class=\"yoast-schema-graph\">{\"@context\":\"https:\/\/schema.org\",\"@graph\":[{\"@type\":\"WebPage\",\"@id\":\"https:\/\/cuciroma.com\/prodotto\/singer-quantum-stylist-9960\/\",\"url\":\"https:\/\/cuciroma.com\/prodotto\/singer-quantum-stylist-9960\/\",\"name\":\"Singer Quantum Stylist 9960 - Cuciroma | Macchine da cucire e accessori per il ricamo\",\"isPartOf\":{\"@id\":\"https:\/\/cuciroma.com\/#website\"},\"primaryImageOfPage\":{\"@id\":\"https:\/\/cuciroma.com\/prodotto\/singer-quantum-stylist-9960\/#primaryimage\"},\"image\":{\"@id\":\"https:\/\/cuciroma.com\/prodotto\/singer-quantum-stylist-9960\/#primaryimage\"},\"thumbnailUrl\":\"https:\/\/cuciroma.com\/wp-content\/uploads\/2015\/08\/singer-9960.jpg\",\"datePublished\":\"2015-08-03T17:49:46+00:00\",\"dateModified\":\"2022-01-15T16:18:35+00:00\",\"breadcrumb\":{\"@id\":\"https:\/\/cuciroma.com\/prodotto\/singer-quantum-stylist-9960\/#breadcrumb\"},\"inLanguage\":\"en-US\",\"potentialAction\":[{\"@type\":\"ReadAction\",\"target\":[\"https:\/\/cuciroma.com\/prodotto\/singer-quantum-stylist-9960\/\"]}]},{\"@type\":\"ImageObject\",\"inLanguage\":\"en-US\",\"@id\":\"https:\/\/cuciroma.com\/prodotto\/singer-quantum-stylist-9960\/#primaryimage\",\"url\":\"https:\/\/cuciroma.com\/wp-content\/uploads\/2015\/08\/singer-9960.jpg\",\"contentUrl\":\"https:\/\/cuciroma.com\/wp-content\/uploads\/2015\/08\/singer-9960.jpg\",\"width\":700,\"height\":420},{\"@type\":\"BreadcrumbList\",\"@id\":\"https:\/\/cuciroma.com\/prodotto\/singer-quantum-stylist-9960\/#breadcrumb\",\"itemListElement\":[{\"@type\":\"ListItem\",\"position\":1,\"name\":\"Shop On line\",\"item\":\"https:\/\/cuciroma.com\/shop\/\"},{\"@type\":\"ListItem\",\"position\":2,\"name\":\"Singer Quantum Stylist 9960\"}]},{\"@type\":\"WebSite\",\"@id\":\"https:\/\/cuciroma.com\/#website\",\"url\":\"https:\/\/cuciroma.com\/\",\"name\":\"Cuciroma | Macchine da cucire e accessori per il ricamo\",\"description\":\"Rivenditore e Assistenza autorizzata Macchine da Cucire Professionali\",\"publisher\":{\"@id\":\"https:\/\/cuciroma.com\/#organization\"},\"potentialAction\":[{\"@type\":\"SearchAction\",\"target\":{\"@type\":\"EntryPoint\",\"urlTemplate\":\"https:\/\/cuciroma.com\/?s={search_term_string}\"},\"query-input\":{\"@type\":\"PropertyValueSpecification\",\"valueRequired\":true,\"valueName\":\"search_term_string\"}}],\"inLanguage\":\"en-US\"},{\"@type\":\"Organization\",\"@id\":\"https:\/\/cuciroma.com\/#organization\",\"name\":\"Cuciroma\",\"url\":\"https:\/\/cuciroma.com\/\",\"logo\":{\"@type\":\"ImageObject\",\"inLanguage\":\"en-US\",\"@id\":\"https:\/\/cuciroma.com\/#\/schema\/logo\/image\/\",\"url\":\"https:\/\/cuciroma.com\/wp-content\/uploads\/2020\/07\/logo-cuciroma.png\",\"contentUrl\":\"https:\/\/cuciroma.com\/wp-content\/uploads\/2020\/07\/logo-cuciroma.png\",\"width\":565,\"height\":159,\"caption\":\"Cuciroma\"},\"image\":{\"@id\":\"https:\/\/cuciroma.com\/#\/schema\/logo\/image\/\"},\"sameAs\":[\"https:\/\/www.facebook.com\/cuciroma\/\",\"https:\/\/www.instagram.com\/cuciroma\/\"]}]}<\/script>\n<!-- \/ Yoast SEO plugin. -->","yoast_head_json":{"title":"Singer Quantum Stylist 9960 - Cuciroma | Macchine da cucire e accessori per il ricamo","robots":{"index":"index","follow":"follow","max-snippet":"max-snippet:-1","max-image-preview":"max-image-preview:large","max-video-preview":"max-video-preview:-1"},"canonical":"https:\/\/cuciroma.com\/prodotto\/singer-quantum-stylist-9960\/","og_locale":"en_US","og_type":"article","og_title":"Singer Quantum Stylist 9960 - Cuciroma | Macchine da cucire e accessori per il ricamo","og_description":"\u00a0Macchina per cucire elettronica. 100 punti utili, 34 motivi decorativi, 5 alfabeti, 13 occhielli, 8 tasti selezione rapida per i punti pi\u00f9 gettonati e 60 spazi di memoria per conquistarti irrimediabilmente. Adatta anche alle principianti che non hanno pi\u00f9 bisogno con la Quantum Stylist 9960 di dover regolare nulla, \u00e8 tutto pre impostato ed automatico per una cucitura spensierata e divertente.","og_url":"https:\/\/cuciroma.com\/prodotto\/singer-quantum-stylist-9960\/","og_site_name":"Cuciroma | Macchine da cucire e accessori per il ricamo","article_publisher":"https:\/\/www.facebook.com\/cuciroma\/","article_modified_time":"2022-01-15T16:18:35+00:00","og_image":[{"width":700,"height":420,"url":"https:\/\/cuciroma.com\/wp-content\/uploads\/2015\/08\/singer-9960.jpg","type":"image\/jpeg"}],"twitter_card":"summary_large_image","twitter_misc":{"Est. reading time":"2 minutes"},"schema":{"@context":"https:\/\/schema.org","@graph":[{"@type":"WebPage","@id":"https:\/\/cuciroma.com\/prodotto\/singer-quantum-stylist-9960\/","url":"https:\/\/cuciroma.com\/prodotto\/singer-quantum-stylist-9960\/","name":"Singer Quantum Stylist 9960 - Cuciroma | Macchine da cucire e accessori per il ricamo","isPartOf":{"@id":"https:\/\/cuciroma.com\/#website"},"primaryImageOfPage":{"@id":"https:\/\/cuciroma.com\/prodotto\/singer-quantum-stylist-9960\/#primaryimage"},"image":{"@id":"https:\/\/cuciroma.com\/prodotto\/singer-quantum-stylist-9960\/#primaryimage"},"thumbnailUrl":"https:\/\/cuciroma.com\/wp-content\/uploads\/2015\/08\/singer-9960.jpg","datePublished":"2015-08-03T17:49:46+00:00","dateModified":"2022-01-15T16:18:35+00:00","breadcrumb":{"@id":"https:\/\/cuciroma.com\/prodotto\/singer-quantum-stylist-9960\/#breadcrumb"},"inLanguage":"en-US","potentialAction":[{"@type":"ReadAction","target":["https:\/\/cuciroma.com\/prodotto\/singer-quantum-stylist-9960\/"]}]},{"@type":"ImageObject","inLanguage":"en-US","@id":"https:\/\/cuciroma.com\/prodotto\/singer-quantum-stylist-9960\/#primaryimage","url":"https:\/\/cuciroma.com\/wp-content\/uploads\/2015\/08\/singer-9960.jpg","contentUrl":"https:\/\/cuciroma.com\/wp-content\/uploads\/2015\/08\/singer-9960.jpg","width":700,"height":420},{"@type":"BreadcrumbList","@id":"https:\/\/cuciroma.com\/prodotto\/singer-quantum-stylist-9960\/#breadcrumb","itemListElement":[{"@type":"ListItem","position":1,"name":"Shop On line","item":"https:\/\/cuciroma.com\/shop\/"},{"@type":"ListItem","position":2,"name":"Singer Quantum Stylist 9960"}]},{"@type":"WebSite","@id":"https:\/\/cuciroma.com\/#website","url":"https:\/\/cuciroma.com\/","name":"Cuciroma | Macchine da cucire e accessori per il ricamo","description":"Rivenditore e Assistenza autorizzata Macchine da Cucire Professionali","publisher":{"@id":"https:\/\/cuciroma.com\/#organization"},"potentialAction":[{"@type":"SearchAction","target":{"@type":"EntryPoint","urlTemplate":"https:\/\/cuciroma.com\/?s={search_term_string}"},"query-input":{"@type":"PropertyValueSpecification","valueRequired":true,"valueName":"search_term_string"}}],"inLanguage":"en-US"},{"@type":"Organization","@id":"https:\/\/cuciroma.com\/#organization","name":"Cuciroma","url":"https:\/\/cuciroma.com\/","logo":{"@type":"ImageObject","inLanguage":"en-US","@id":"https:\/\/cuciroma.com\/#\/schema\/logo\/image\/","url":"https:\/\/cuciroma.com\/wp-content\/uploads\/2020\/07\/logo-cuciroma.png","contentUrl":"https:\/\/cuciroma.com\/wp-content\/uploads\/2020\/07\/logo-cuciroma.png","width":565,"height":159,"caption":"Cuciroma"},"image":{"@id":"https:\/\/cuciroma.com\/#\/schema\/logo\/image\/"},"sameAs":["https:\/\/www.facebook.com\/cuciroma\/","https:\/\/www.instagram.com\/cuciroma\/"]}]}},"df_price":689,"df_sale_price":"","df_regular_price":689,"df_image_link":"https:\/\/cuciroma.com\/wp-content\/uploads\/2015\/08\/singer-9960-300x180.jpg","_links":{"self":[{"href":"https:\/\/cuciroma.com\/en\/wp-json\/wp\/v2\/product\/6498","targetHints":{"allow":["GET"]}}],"collection":[{"href":"https:\/\/cuciroma.com\/en\/wp-json\/wp\/v2\/product"}],"about":[{"href":"https:\/\/cuciroma.com\/en\/wp-json\/wp\/v2\/types\/product"}],"replies":[{"embeddable":true,"href":"https:\/\/cuciroma.com\/en\/wp-json\/wp\/v2\/comments?post=6498"}],"wp:featuredmedia":[{"embeddable":true,"href":"https:\/\/cuciroma.com\/en\/wp-json\/wp\/v2\/media\/10340"}],"wp:attachment":[{"href":"https:\/\/cuciroma.com\/en\/wp-json\/wp\/v2\/media?parent=6498"}],"wp:term":[{"taxonomy":"product_brand","embeddable":true,"href":"https:\/\/cuciroma.com\/en\/wp-json\/wp\/v2\/product_brand?post=6498"},{"taxonomy":"product_cat","embeddable":true,"href":"https:\/\/cuciroma.com\/en\/wp-json\/wp\/v2\/product_cat?post=6498"},{"taxonomy":"product_tag","embeddable":true,"href":"https:\/\/cuciroma.com\/en\/wp-json\/wp\/v2\/product_tag?post=6498"}],"curies":[{"name":"wp","href":"https:\/\/api.w.org\/{rel}","templated":true}]}}