{"id":6476,"date":"2015-08-06T19:07:58","date_gmt":"2015-08-06T17:07:58","guid":{"rendered":"https:\/\/cuciroma.com\/prodotto\/singer-14hd854-2\/"},"modified":"2020-04-18T09:09:41","modified_gmt":"2020-04-18T07:09:41","slug":"singer-14hd854","status":"publish","type":"product","link":"https:\/\/cuciroma.com\/en\/prodotto\/singer-14hd854\/","title":{"rendered":"Singer 14HD854"},"content":{"rendered":"<p><a href=\"https:\/\/cuciroma.com\/wp-content\/uploads\/2017\/09\/telefono-rosso1.jpg\"><img loading=\"lazy\" decoding=\"async\" class=\" size-full wp-image-13539 aligncenter\" src=\"https:\/\/cuciroma.com\/wp-content\/uploads\/2017\/09\/telefono-rosso1.jpg\" alt=\"telefono rosso\" width=\"131\" height=\"138\" \/><\/a><strong><span id=\"result_box\" class=\"\" lang=\"it\" tabindex=\"-1\"><span class=\"hps\">La tagliacuce Singer 14HD854 offre 10 programmi di cucitura ad una velocit\u00e0 di1.300 punti al minuto. Questa macchina vi stupir\u00e0 per la qualit\u00e0 professionale del trasporto differenziale, le arricciature e piegature del tessuto verranno rimosse in modo da garantire un risultato ottimale. La tagliacuce dispone di 2 velocit\u00e0, e fornita di luce a led . Il suo punto luminoso costante e regolare a LED assicura una maggiore facilit\u00e0 di utilizzo con un piano di lavoro ben illuminato. Il braccio libero, sar\u00e0 in grado di cucire le maniche e polsini con facilit\u00e0. La sua struttura robusta offre una solida base di lavoro che la rende stabile senza alcuna vibrazione. Il codice colore posto in ogni passaggio dell&#8217;infilatura della tagliacuce Singer 14HD854 vi guider\u00e0 passo dopo passo. Non preoccupatevi dei tessuti pesanti perch\u00e9 il suo potente motore garantisce tagli e cuciture eccellenti per prestazioni super.<\/span><\/span><\/strong><\/p>\n<p><strong><span id=\"result_box\" class=\"\" lang=\"it\" tabindex=\"-1\"><span class=\"hps\">&#8211; Heavy Duty<\/span> <span class=\"hps\">struttura robusta<\/span><\/span><\/strong><\/p>\n<p><strong><span class=\"hps\">Struttura <\/span><span class=\"hps\">interna sufficientemente robusta in modo da contenere <\/span> <span class=\"hps\">tutti i meccanismi<\/span> bene <span class=\"hps\">allineati, e <\/span><span class=\"hps\">perfetti per<\/span> <span class=\"hps\">cucire<\/span>.<\/strong><\/p>\n<p><strong><span id=\"result_box\" class=\"\" lang=\"it\" tabindex=\"-1\"><span class=\"hps\">&#8211; Doppia <\/span>velocit\u00e0<\/span><\/strong><\/p>\n<p><strong><span class=\"hps\">Permette di cucire anche sui\u00a0 <\/span><span class=\"hps\">tessuti<\/span> <span class=\"hps\">pesanti, <\/span>nel pi\u00f9 breve tempo possibile.<br \/>\n<\/strong><\/p>\n<p><strong><span id=\"result_box\" class=\"\" lang=\"it\" tabindex=\"-1\"><span class=\"hps\">&#8211; 1.300<\/span> <span class=\"hps\">punti al minuto<\/span><\/span><\/strong><\/p>\n<p><strong><span class=\"hps\">Velocit\u00e0<\/span> <span class=\"hps\">professionale per<\/span> <span class=\"hps\">risultati pi\u00f9 rapidi<\/span>!<\/strong><\/p>\n<p><strong><span id=\"result_box\" class=\"\" lang=\"it\" tabindex=\"-1\"><span class=\"hps\">&#8211; Regolabile<\/span> <span class=\"hps\">Lunghezza <\/span><span class=\"hps\">&amp;<\/span> <span class=\"hps\">Larghezza<\/span> del punto<\/span><\/strong><\/p>\n<p><strong><span class=\"hps\">Mantenere<\/span> <span class=\"hps\">cuciture<\/span> <span class=\"hps\">forti e resistenti <\/span><span class=\"hps\">su<\/span> <span class=\"hps\">qualsiasi<\/span> <span class=\"hps\">tipo di tessuto<\/span><\/strong><\/p>\n<p><strong><span style=\"color: #800000;\">Specifiche:<\/span><\/strong><br \/>\n<strong>&#8211; Configurazione 2-3-4 fili:<\/strong><br \/>\n<strong>6 diversi tipi di punto<\/strong><br \/>\n<strong>&#8211; 1.300 Punti al Minuto:<\/strong><br \/>\n<strong>Cuce fino a 1.300 punti al minuto &#8211; Sistema di infilatura guidata dai colori:<\/strong><br \/>\n<strong>&#8211; Per infilare basta seguire il diagramma colore stampato direttamente sulla macchina<\/strong><br \/>\n<strong>&#8211; Tensione regolabile:<\/strong><br \/>\n<strong>Semplifica la regolazione della tensione quando si cuce su diversi tipi di tessuti<\/strong><br \/>\n<strong>&#8211; Trasporto differenziale:<\/strong><br \/>\n<strong>Completamente regolabile per garantire cuciture perfette su ogni tipo di tessuto, nessuna arricciatura o increspatura. Molto utile per mantenere le cuciture su tessuti elastici e tessuti di maglina sempre omogenee.<\/strong><br \/>\n<strong>&#8211; Luce a led:<\/strong><br \/>\n<strong>Vedere la vostra zona di cucito in modo pi\u00f9 chiaro.<\/strong><br \/>\n<strong>&#8211; Motore con alte prestazioni:<\/strong><br \/>\n<strong>Migliora i risultati di qualit\u00e0 su tessuti pesanti.<\/strong><br \/>\n<strong>&#8211; Doppia velocit\u00e0:<\/strong><br \/>\n<strong>Due sono le velocit\u00e0, il motore consente una elevata forza di penetrazione anche a bassa velocit\u00e0, fornendo una forza costante per cucire tessuti pi\u00f9 spessi.<\/strong><br \/>\n<strong>&#8211; Alzata extra del piedino:<\/strong><br \/>\n<strong>Permette di cucire tessuti di spessore, offre spazio aggiuntivo necessario per posizionare pi\u00f9 strati di tessuto sotto il piedino<\/strong><br \/>\n<strong>&#8211; Coltello superiore mobile:<\/strong><br \/>\n<strong>Spostare facilmente il coltello per impedire il taglio del tessuto durante la cucitura<\/strong><br \/>\n<strong>&#8211; Lunghezza punto regolabile:<\/strong><br \/>\n<strong>Senza sforzo, regolare la lunghezza di un punto con la semplice rotazione della manopola.<\/strong><br \/>\n<strong>&#8211; Braccio libero: Adatto per tutte le cuciture circolari come giromanica, polsini e progetti pi\u00f9 piccoli<\/strong><br \/>\n<strong>&#8211; Portatile:<\/strong><br \/>\n<strong>Maniglia incorporata per rendere facile il trasporto<\/strong><br \/>\n<strong><span style=\"color: #800000;\">Garanzia di 2 anni<\/span><\/strong><\/p>\n","protected":false},"excerpt":{"rendered":"<p><strong><span id=\"result_box\" class=\"\" lang=\"it\" tabindex=\"-1\"><span class=\"hps\">La tagliacuce Singer 14HD854 offre 10 programmi di cucitura ad una velocit\u00e0 di1.300 punti al minuto. Questa macchina vi stupir\u00e0 per la qualit\u00e0 professionale del trasporto differenziale, le arricciature e piegature del tessuto verranno rimosse in modo da garantire un risultato ottimale. La tagliacuce dispone di 2 velocit\u00e0, e fornita di luce a led . Il suo punto luminoso costante e regolare a LED assicura una maggiore facilit\u00e0 di utilizzo con un piano di lavoro ben illuminato<\/span><\/span><\/strong><\/p>\n","protected":false},"featured_media":10380,"comment_status":"closed","ping_status":"closed","template":"","meta":[],"product_brand":[],"product_cat":[188],"product_tag":[],"class_list":{"0":"post-6476","1":"product","2":"type-product","3":"status-publish","4":"has-post-thumbnail","6":"product_cat-singer-tagliacuci-en","7":"pa_trovaprezzi-pubblicato","9":"first","10":"instock","11":"taxable","12":"shipping-taxable","13":"product-type-simple"},"yoast_head":"<!-- This site is optimized with the Yoast SEO plugin v27.2 - https:\/\/yoast.com\/product\/yoast-seo-wordpress\/ -->\n<title>Singer 14HD854 - Cuciroma | Macchine da cucire e accessori per il ricamo<\/title>\n<meta name=\"description\" content=\"Visita il sito Cuciroma potrai acquistare ad un prezzo online incredibile la tagliacuce Singer 14HD854 a \u20ac 389,00 con spedizione gratuita, disponibilit\u00e0 immediata\" \/>\n<meta name=\"robots\" content=\"index, follow, max-snippet:-1, max-image-preview:large, max-video-preview:-1\" \/>\n<link rel=\"canonical\" href=\"https:\/\/cuciroma.com\/prodotto\/singer-14hd854\/\" \/>\n<meta property=\"og:locale\" content=\"en_US\" \/>\n<meta property=\"og:type\" content=\"article\" \/>\n<meta property=\"og:title\" content=\"Singer 14HD854 - Cuciroma | Macchine da cucire e accessori per il ricamo\" \/>\n<meta property=\"og:description\" content=\"Visita il sito Cuciroma potrai acquistare ad un prezzo online incredibile la tagliacuce Singer 14HD854 a \u20ac 389,00 con spedizione gratuita, disponibilit\u00e0 immediata\" \/>\n<meta property=\"og:url\" content=\"https:\/\/cuciroma.com\/prodotto\/singer-14hd854\/\" \/>\n<meta property=\"og:site_name\" content=\"Cuciroma | Macchine da cucire e accessori per il ricamo\" \/>\n<meta property=\"article:publisher\" content=\"https:\/\/www.facebook.com\/cuciroma\/\" \/>\n<meta property=\"article:modified_time\" content=\"2020-04-18T07:09:41+00:00\" \/>\n<meta property=\"og:image\" content=\"https:\/\/cuciroma.com\/wp-content\/uploads\/2015\/08\/singer-14-hd-854.jpg\" \/>\n\t<meta property=\"og:image:width\" content=\"720\" \/>\n\t<meta property=\"og:image:height\" content=\"720\" \/>\n\t<meta property=\"og:image:type\" content=\"image\/jpeg\" \/>\n<meta name=\"twitter:card\" content=\"summary_large_image\" \/>\n<meta name=\"twitter:label1\" content=\"Est. reading time\" \/>\n\t<meta name=\"twitter:data1\" content=\"2 minutes\" \/>\n<script type=\"application\/ld+json\" class=\"yoast-schema-graph\">{\"@context\":\"https:\/\/schema.org\",\"@graph\":[{\"@type\":\"WebPage\",\"@id\":\"https:\/\/cuciroma.com\/prodotto\/singer-14hd854\/\",\"url\":\"https:\/\/cuciroma.com\/prodotto\/singer-14hd854\/\",\"name\":\"Singer 14HD854 - Cuciroma | Macchine da cucire e accessori per il ricamo\",\"isPartOf\":{\"@id\":\"https:\/\/cuciroma.com\/#website\"},\"primaryImageOfPage\":{\"@id\":\"https:\/\/cuciroma.com\/prodotto\/singer-14hd854\/#primaryimage\"},\"image\":{\"@id\":\"https:\/\/cuciroma.com\/prodotto\/singer-14hd854\/#primaryimage\"},\"thumbnailUrl\":\"https:\/\/cuciroma.com\/wp-content\/uploads\/2015\/08\/singer-14-hd-854.jpg\",\"datePublished\":\"2015-08-06T17:07:58+00:00\",\"dateModified\":\"2020-04-18T07:09:41+00:00\",\"description\":\"Visita il sito Cuciroma potrai acquistare ad un prezzo online incredibile la tagliacuce Singer 14HD854 a \u20ac 389,00 con spedizione gratuita, disponibilit\u00e0 immediata\",\"breadcrumb\":{\"@id\":\"https:\/\/cuciroma.com\/prodotto\/singer-14hd854\/#breadcrumb\"},\"inLanguage\":\"en-US\",\"potentialAction\":[{\"@type\":\"ReadAction\",\"target\":[\"https:\/\/cuciroma.com\/prodotto\/singer-14hd854\/\"]}]},{\"@type\":\"ImageObject\",\"inLanguage\":\"en-US\",\"@id\":\"https:\/\/cuciroma.com\/prodotto\/singer-14hd854\/#primaryimage\",\"url\":\"https:\/\/cuciroma.com\/wp-content\/uploads\/2015\/08\/singer-14-hd-854.jpg\",\"contentUrl\":\"https:\/\/cuciroma.com\/wp-content\/uploads\/2015\/08\/singer-14-hd-854.jpg\",\"width\":720,\"height\":720},{\"@type\":\"BreadcrumbList\",\"@id\":\"https:\/\/cuciroma.com\/prodotto\/singer-14hd854\/#breadcrumb\",\"itemListElement\":[{\"@type\":\"ListItem\",\"position\":1,\"name\":\"Shop On line\",\"item\":\"https:\/\/cuciroma.com\/shop\/\"},{\"@type\":\"ListItem\",\"position\":2,\"name\":\"Singer 14HD854\"}]},{\"@type\":\"WebSite\",\"@id\":\"https:\/\/cuciroma.com\/#website\",\"url\":\"https:\/\/cuciroma.com\/\",\"name\":\"Cuciroma | Macchine da cucire e accessori per il ricamo\",\"description\":\"Rivenditore e Assistenza autorizzata Macchine da Cucire Professionali\",\"publisher\":{\"@id\":\"https:\/\/cuciroma.com\/#organization\"},\"potentialAction\":[{\"@type\":\"SearchAction\",\"target\":{\"@type\":\"EntryPoint\",\"urlTemplate\":\"https:\/\/cuciroma.com\/?s={search_term_string}\"},\"query-input\":{\"@type\":\"PropertyValueSpecification\",\"valueRequired\":true,\"valueName\":\"search_term_string\"}}],\"inLanguage\":\"en-US\"},{\"@type\":\"Organization\",\"@id\":\"https:\/\/cuciroma.com\/#organization\",\"name\":\"Cuciroma\",\"url\":\"https:\/\/cuciroma.com\/\",\"logo\":{\"@type\":\"ImageObject\",\"inLanguage\":\"en-US\",\"@id\":\"https:\/\/cuciroma.com\/#\/schema\/logo\/image\/\",\"url\":\"https:\/\/cuciroma.com\/wp-content\/uploads\/2020\/07\/logo-cuciroma.png\",\"contentUrl\":\"https:\/\/cuciroma.com\/wp-content\/uploads\/2020\/07\/logo-cuciroma.png\",\"width\":565,\"height\":159,\"caption\":\"Cuciroma\"},\"image\":{\"@id\":\"https:\/\/cuciroma.com\/#\/schema\/logo\/image\/\"},\"sameAs\":[\"https:\/\/www.facebook.com\/cuciroma\/\",\"https:\/\/www.instagram.com\/cuciroma\/\"]}]}<\/script>\n<!-- \/ Yoast SEO plugin. -->","yoast_head_json":{"title":"Singer 14HD854 - Cuciroma | Macchine da cucire e accessori per il ricamo","description":"Visita il sito Cuciroma potrai acquistare ad un prezzo online incredibile la tagliacuce Singer 14HD854 a \u20ac 389,00 con spedizione gratuita, disponibilit\u00e0 immediata","robots":{"index":"index","follow":"follow","max-snippet":"max-snippet:-1","max-image-preview":"max-image-preview:large","max-video-preview":"max-video-preview:-1"},"canonical":"https:\/\/cuciroma.com\/prodotto\/singer-14hd854\/","og_locale":"en_US","og_type":"article","og_title":"Singer 14HD854 - Cuciroma | Macchine da cucire e accessori per il ricamo","og_description":"Visita il sito Cuciroma potrai acquistare ad un prezzo online incredibile la tagliacuce Singer 14HD854 a \u20ac 389,00 con spedizione gratuita, disponibilit\u00e0 immediata","og_url":"https:\/\/cuciroma.com\/prodotto\/singer-14hd854\/","og_site_name":"Cuciroma | Macchine da cucire e accessori per il ricamo","article_publisher":"https:\/\/www.facebook.com\/cuciroma\/","article_modified_time":"2020-04-18T07:09:41+00:00","og_image":[{"width":720,"height":720,"url":"https:\/\/cuciroma.com\/wp-content\/uploads\/2015\/08\/singer-14-hd-854.jpg","type":"image\/jpeg"}],"twitter_card":"summary_large_image","twitter_misc":{"Est. reading time":"2 minutes"},"schema":{"@context":"https:\/\/schema.org","@graph":[{"@type":"WebPage","@id":"https:\/\/cuciroma.com\/prodotto\/singer-14hd854\/","url":"https:\/\/cuciroma.com\/prodotto\/singer-14hd854\/","name":"Singer 14HD854 - Cuciroma | Macchine da cucire e accessori per il ricamo","isPartOf":{"@id":"https:\/\/cuciroma.com\/#website"},"primaryImageOfPage":{"@id":"https:\/\/cuciroma.com\/prodotto\/singer-14hd854\/#primaryimage"},"image":{"@id":"https:\/\/cuciroma.com\/prodotto\/singer-14hd854\/#primaryimage"},"thumbnailUrl":"https:\/\/cuciroma.com\/wp-content\/uploads\/2015\/08\/singer-14-hd-854.jpg","datePublished":"2015-08-06T17:07:58+00:00","dateModified":"2020-04-18T07:09:41+00:00","description":"Visita il sito Cuciroma potrai acquistare ad un prezzo online incredibile la tagliacuce Singer 14HD854 a \u20ac 389,00 con spedizione gratuita, disponibilit\u00e0 immediata","breadcrumb":{"@id":"https:\/\/cuciroma.com\/prodotto\/singer-14hd854\/#breadcrumb"},"inLanguage":"en-US","potentialAction":[{"@type":"ReadAction","target":["https:\/\/cuciroma.com\/prodotto\/singer-14hd854\/"]}]},{"@type":"ImageObject","inLanguage":"en-US","@id":"https:\/\/cuciroma.com\/prodotto\/singer-14hd854\/#primaryimage","url":"https:\/\/cuciroma.com\/wp-content\/uploads\/2015\/08\/singer-14-hd-854.jpg","contentUrl":"https:\/\/cuciroma.com\/wp-content\/uploads\/2015\/08\/singer-14-hd-854.jpg","width":720,"height":720},{"@type":"BreadcrumbList","@id":"https:\/\/cuciroma.com\/prodotto\/singer-14hd854\/#breadcrumb","itemListElement":[{"@type":"ListItem","position":1,"name":"Shop On line","item":"https:\/\/cuciroma.com\/shop\/"},{"@type":"ListItem","position":2,"name":"Singer 14HD854"}]},{"@type":"WebSite","@id":"https:\/\/cuciroma.com\/#website","url":"https:\/\/cuciroma.com\/","name":"Cuciroma | Macchine da cucire e accessori per il ricamo","description":"Rivenditore e Assistenza autorizzata Macchine da Cucire Professionali","publisher":{"@id":"https:\/\/cuciroma.com\/#organization"},"potentialAction":[{"@type":"SearchAction","target":{"@type":"EntryPoint","urlTemplate":"https:\/\/cuciroma.com\/?s={search_term_string}"},"query-input":{"@type":"PropertyValueSpecification","valueRequired":true,"valueName":"search_term_string"}}],"inLanguage":"en-US"},{"@type":"Organization","@id":"https:\/\/cuciroma.com\/#organization","name":"Cuciroma","url":"https:\/\/cuciroma.com\/","logo":{"@type":"ImageObject","inLanguage":"en-US","@id":"https:\/\/cuciroma.com\/#\/schema\/logo\/image\/","url":"https:\/\/cuciroma.com\/wp-content\/uploads\/2020\/07\/logo-cuciroma.png","contentUrl":"https:\/\/cuciroma.com\/wp-content\/uploads\/2020\/07\/logo-cuciroma.png","width":565,"height":159,"caption":"Cuciroma"},"image":{"@id":"https:\/\/cuciroma.com\/#\/schema\/logo\/image\/"},"sameAs":["https:\/\/www.facebook.com\/cuciroma\/","https:\/\/www.instagram.com\/cuciroma\/"]}]}},"df_price":"","df_sale_price":"","df_regular_price":"","df_image_link":"https:\/\/cuciroma.com\/wp-content\/uploads\/2015\/08\/singer-14-hd-854-300x300.jpg","_links":{"self":[{"href":"https:\/\/cuciroma.com\/en\/wp-json\/wp\/v2\/product\/6476","targetHints":{"allow":["GET"]}}],"collection":[{"href":"https:\/\/cuciroma.com\/en\/wp-json\/wp\/v2\/product"}],"about":[{"href":"https:\/\/cuciroma.com\/en\/wp-json\/wp\/v2\/types\/product"}],"replies":[{"embeddable":true,"href":"https:\/\/cuciroma.com\/en\/wp-json\/wp\/v2\/comments?post=6476"}],"wp:featuredmedia":[{"embeddable":true,"href":"https:\/\/cuciroma.com\/en\/wp-json\/wp\/v2\/media\/10380"}],"wp:attachment":[{"href":"https:\/\/cuciroma.com\/en\/wp-json\/wp\/v2\/media?parent=6476"}],"wp:term":[{"taxonomy":"product_brand","embeddable":true,"href":"https:\/\/cuciroma.com\/en\/wp-json\/wp\/v2\/product_brand?post=6476"},{"taxonomy":"product_cat","embeddable":true,"href":"https:\/\/cuciroma.com\/en\/wp-json\/wp\/v2\/product_cat?post=6476"},{"taxonomy":"product_tag","embeddable":true,"href":"https:\/\/cuciroma.com\/en\/wp-json\/wp\/v2\/product_tag?post=6476"}],"curies":[{"name":"wp","href":"https:\/\/api.w.org\/{rel}","templated":true}]}}