{"id":6417,"date":"2015-09-11T10:13:46","date_gmt":"2015-09-11T08:13:46","guid":{"rendered":"https:\/\/cuciroma.com\/prodotto\/juki-87007-2\/"},"modified":"2025-01-28T17:54:20","modified_gmt":"2025-01-28T16:54:20","slug":"juki-87007","status":"publish","type":"product","link":"https:\/\/cuciroma.com\/en\/prodotto\/juki-87007\/","title":{"rendered":"Macchina per cucire industriale Juki 8700\/7 con rasafilo"},"content":{"rendered":"<p><span id=\"result_box\" class=\"\" lang=\"it\" tabindex=\"-1\"><span class=\"hps\">La<\/span> <span class=\"hps\">Juki<\/span> <span class=\"hps\">DDL<\/span><span class=\"atn\">&#8211;<\/span>8700-7 <span class=\"hps\">\u00e8<\/span> <span class=\"hps\">ora<\/span> <span class=\"hps\">dotato del<\/span>, <span class=\"hps atn\">SC-<\/span>920 <span class=\"hps\">pannello di controllo<\/span> con <span class=\"hps\">nuovo<\/span> <span class=\"hps\">servomotore<\/span> <span class=\"hps\">risparmio energetico<\/span> <span class=\"hps\">compatto<\/span>, <span class=\"hps\">e CP<\/span>-180 <span class=\"hps\">pannello operatore<\/span> <span class=\"hps\">digitale.<\/span><br \/>\n<span class=\"hps\">La macchina per cucire<\/span> <span class=\"hps\">\u00e8 dotata di<\/span> <span class=\"hps\">un meccanismo di<\/span> <span class=\"hps\">taglio del filo<\/span> <span class=\"hps\">che esegue<\/span> <span class=\"hps\">in modo rapido e<\/span> <span class=\"hps\">affidabile<\/span> <span class=\"hps\">per<\/span> <span class=\"hps\">aggiungere<\/span> <span class=\"hps\">efficienza<\/span> <span class=\"hps\">quando si cuce<\/span>.<br \/>\n<span class=\"hps\">Risponde a<\/span> <span class=\"hps\">vari tipi di materiali<\/span> <span class=\"hps\">e produce<\/span> <span class=\"hps\">cuciture<\/span> <span class=\"hps\">di qualit\u00e0 costante<\/span> e precisa.<br \/>\n<span title=\"This model inherits the desirable features from previous Juki DDL models: such as high-speed stitching performance of up to 5000 stitch per minute, ease of operation and reliability.&lt;\/p&gt;&lt;br \/&gt;&lt;br \/&gt; &lt;p&gt;\">Questo modello eredita le caratteristiche desiderabili dei precedenti modelli Juki DDL: come le prestazioni cuciture ad alta velocit\u00e0 fino a 5000 punto al minuto, facilit\u00e0 d&#8217;uso e affidabilit\u00e0.<\/span><span title=\"By thoroughly investigating and modifying the sewing mechanisms Juki have achieved low-tension sewing with flexibility that responds to various kinds of materials and produces beautiful seams of consistent quality.&lt;\/p&gt;&lt;br \/&gt;&lt;br \/&gt; &lt;p&gt;\"><br \/>\n<\/span><span title=\"Thanks to its low vibration and low noise feature;\">Grazie al suo basso livello di vibrazioni e funzione a basso rumore; <\/span><span title=\"the DDL 8700-7 head provides the operator with a comfortable working environment.\">la testa 8700-7 DDL fornisce all&#8217;operatore un ambiente di lavoro confortevole. <\/span><span title=\"In addition, the distance from the machine arm to the needle on the front of the machine head is sufficiently wide to allow easy handling of the fabrics and material.&lt;\/p&gt;&lt;br \/&gt;&lt;br \/&gt; &lt;p&gt;\">Inoltre, la distanza tra il braccio della macchina per l&#8217;ago sulla parte anteriore della testa della macchina \u00e8 sufficientemente ampia da consentire una facile manipolazione dei tessuti e materiali.<br \/>\n<\/span><br \/>\n<\/span><\/p>\n<p><strong><span style=\"color: #800000;\">Caratteristiche tecniche<\/span><\/strong><\/p>\n<p>Applicazione: Media per tutti i tessuti<br \/>\nVelocit\u00e0 massima di cucitura: 5000 punti al minuto<br \/>\nLunghezza massima del punto: 4 mm<br \/>\nCorsa della barra ago: 30,7 mm<br \/>\nAlzata del piedino premistoffa: Alzata a mano 5,5 mm con ginocchiera 13 mm<br \/>\nGriffa: 4 ranghi<br \/>\nCrochet: Crochet rotativo con lubrificazione automatica<br \/>\nLubrificazione: Automatica a vasca<br \/>\nControl box: SC-920<br \/>\nMotore integrato: Servomotore compatto 450W a basso consumo<br \/>\nTensione d\u2019alimentazione: 220\/240V<br \/>\nPotenza assorbita: 320VA<\/p>\n","protected":false},"excerpt":{"rendered":"<p>Macchina lineare con punto annodato tipo 301, trasporto a griffa, rasafilo elettromagnetico, scartafilo elettromagnetico, leva manuale per l&#8217;inversione del trasporto, fermatura elettromagnetica, ginocchiera per sollevare il piedino, lunghezza del punto max 4,0 mm, velocit\u00e0 fino a 5000 p\/min., indicata per materiale medio-leggeri.<\/p>\n","protected":false},"featured_media":10483,"comment_status":"closed","ping_status":"closed","template":"","meta":[],"product_brand":[],"product_cat":[165],"product_tag":[],"class_list":{"0":"post-6417","1":"product","2":"type-product","3":"status-publish","4":"has-post-thumbnail","6":"product_cat-juki-lineari-en","7":"pa_trovaprezzi-pubblicato-en","9":"first","10":"instock","11":"taxable","12":"shipping-taxable","13":"purchasable","14":"product-type-simple"},"yoast_head":"<!-- This site is optimized with the Yoast SEO plugin v27.2 - https:\/\/yoast.com\/product\/yoast-seo-wordpress\/ -->\n<title>Macchina per cucire industriale Juki 8700\/7 con rasafilo - Cuciroma | Macchine da cucire e accessori per il ricamo<\/title>\n<meta name=\"description\" content=\"Macchina lineare con punto annodato tipo 301, trasporto a griffa, rasafilo elettromagnetico, scartafilo elettromagnetico, adatta per tessuti medi\/leggeri\" \/>\n<meta name=\"robots\" content=\"index, follow, max-snippet:-1, max-image-preview:large, max-video-preview:-1\" \/>\n<link rel=\"canonical\" href=\"https:\/\/cuciroma.com\/prodotto\/juki-87007\/\" \/>\n<meta property=\"og:locale\" content=\"en_US\" \/>\n<meta property=\"og:type\" content=\"article\" \/>\n<meta property=\"og:title\" content=\"Macchina per cucire industriale Juki 8700\/7 con rasafilo - Cuciroma | Macchine da cucire e accessori per il ricamo\" \/>\n<meta property=\"og:description\" content=\"Macchina lineare con punto annodato tipo 301, trasporto a griffa, rasafilo elettromagnetico, scartafilo elettromagnetico, adatta per tessuti medi\/leggeri\" \/>\n<meta property=\"og:url\" content=\"https:\/\/cuciroma.com\/prodotto\/juki-87007\/\" \/>\n<meta property=\"og:site_name\" content=\"Cuciroma | Macchine da cucire e accessori per il ricamo\" \/>\n<meta property=\"article:publisher\" content=\"https:\/\/www.facebook.com\/cuciroma\/\" \/>\n<meta property=\"article:modified_time\" content=\"2025-01-28T16:54:20+00:00\" \/>\n<meta property=\"og:image\" content=\"https:\/\/cuciroma.com\/wp-content\/uploads\/2015\/09\/juki-87007.jpg\" \/>\n\t<meta property=\"og:image:width\" content=\"517\" \/>\n\t<meta property=\"og:image:height\" content=\"328\" \/>\n\t<meta property=\"og:image:type\" content=\"image\/jpeg\" \/>\n<meta name=\"twitter:card\" content=\"summary_large_image\" \/>\n<meta name=\"twitter:label1\" content=\"Est. reading time\" \/>\n\t<meta name=\"twitter:data1\" content=\"1 minute\" \/>\n<script type=\"application\/ld+json\" class=\"yoast-schema-graph\">{\"@context\":\"https:\/\/schema.org\",\"@graph\":[{\"@type\":\"WebPage\",\"@id\":\"https:\/\/cuciroma.com\/prodotto\/juki-87007\/\",\"url\":\"https:\/\/cuciroma.com\/prodotto\/juki-87007\/\",\"name\":\"Macchina per cucire industriale Juki 8700\/7 con rasafilo - Cuciroma | Macchine da cucire e accessori per il ricamo\",\"isPartOf\":{\"@id\":\"https:\/\/cuciroma.com\/#website\"},\"primaryImageOfPage\":{\"@id\":\"https:\/\/cuciroma.com\/prodotto\/juki-87007\/#primaryimage\"},\"image\":{\"@id\":\"https:\/\/cuciroma.com\/prodotto\/juki-87007\/#primaryimage\"},\"thumbnailUrl\":\"https:\/\/cuciroma.com\/wp-content\/uploads\/2015\/09\/juki-87007.jpg\",\"datePublished\":\"2015-09-11T08:13:46+00:00\",\"dateModified\":\"2025-01-28T16:54:20+00:00\",\"description\":\"Macchina lineare con punto annodato tipo 301, trasporto a griffa, rasafilo elettromagnetico, scartafilo elettromagnetico, adatta per tessuti medi\/leggeri\",\"breadcrumb\":{\"@id\":\"https:\/\/cuciroma.com\/prodotto\/juki-87007\/#breadcrumb\"},\"inLanguage\":\"en-US\",\"potentialAction\":[{\"@type\":\"ReadAction\",\"target\":[\"https:\/\/cuciroma.com\/prodotto\/juki-87007\/\"]}]},{\"@type\":\"ImageObject\",\"inLanguage\":\"en-US\",\"@id\":\"https:\/\/cuciroma.com\/prodotto\/juki-87007\/#primaryimage\",\"url\":\"https:\/\/cuciroma.com\/wp-content\/uploads\/2015\/09\/juki-87007.jpg\",\"contentUrl\":\"https:\/\/cuciroma.com\/wp-content\/uploads\/2015\/09\/juki-87007.jpg\",\"width\":517,\"height\":328},{\"@type\":\"BreadcrumbList\",\"@id\":\"https:\/\/cuciroma.com\/prodotto\/juki-87007\/#breadcrumb\",\"itemListElement\":[{\"@type\":\"ListItem\",\"position\":1,\"name\":\"Shop On line\",\"item\":\"https:\/\/cuciroma.com\/shop\/\"},{\"@type\":\"ListItem\",\"position\":2,\"name\":\"Macchina per cucire industriale Juki 8700\/7 con rasafilo\"}]},{\"@type\":\"WebSite\",\"@id\":\"https:\/\/cuciroma.com\/#website\",\"url\":\"https:\/\/cuciroma.com\/\",\"name\":\"Cuciroma | Macchine da cucire e accessori per il ricamo\",\"description\":\"Rivenditore e Assistenza autorizzata Macchine da Cucire Professionali\",\"publisher\":{\"@id\":\"https:\/\/cuciroma.com\/#organization\"},\"potentialAction\":[{\"@type\":\"SearchAction\",\"target\":{\"@type\":\"EntryPoint\",\"urlTemplate\":\"https:\/\/cuciroma.com\/?s={search_term_string}\"},\"query-input\":{\"@type\":\"PropertyValueSpecification\",\"valueRequired\":true,\"valueName\":\"search_term_string\"}}],\"inLanguage\":\"en-US\"},{\"@type\":\"Organization\",\"@id\":\"https:\/\/cuciroma.com\/#organization\",\"name\":\"Cuciroma\",\"url\":\"https:\/\/cuciroma.com\/\",\"logo\":{\"@type\":\"ImageObject\",\"inLanguage\":\"en-US\",\"@id\":\"https:\/\/cuciroma.com\/#\/schema\/logo\/image\/\",\"url\":\"https:\/\/cuciroma.com\/wp-content\/uploads\/2020\/07\/logo-cuciroma.png\",\"contentUrl\":\"https:\/\/cuciroma.com\/wp-content\/uploads\/2020\/07\/logo-cuciroma.png\",\"width\":565,\"height\":159,\"caption\":\"Cuciroma\"},\"image\":{\"@id\":\"https:\/\/cuciroma.com\/#\/schema\/logo\/image\/\"},\"sameAs\":[\"https:\/\/www.facebook.com\/cuciroma\/\",\"https:\/\/www.instagram.com\/cuciroma\/\"]}]}<\/script>\n<!-- \/ Yoast SEO plugin. -->","yoast_head_json":{"title":"Macchina per cucire industriale Juki 8700\/7 con rasafilo - Cuciroma | Macchine da cucire e accessori per il ricamo","description":"Macchina lineare con punto annodato tipo 301, trasporto a griffa, rasafilo elettromagnetico, scartafilo elettromagnetico, adatta per tessuti medi\/leggeri","robots":{"index":"index","follow":"follow","max-snippet":"max-snippet:-1","max-image-preview":"max-image-preview:large","max-video-preview":"max-video-preview:-1"},"canonical":"https:\/\/cuciroma.com\/prodotto\/juki-87007\/","og_locale":"en_US","og_type":"article","og_title":"Macchina per cucire industriale Juki 8700\/7 con rasafilo - Cuciroma | Macchine da cucire e accessori per il ricamo","og_description":"Macchina lineare con punto annodato tipo 301, trasporto a griffa, rasafilo elettromagnetico, scartafilo elettromagnetico, adatta per tessuti medi\/leggeri","og_url":"https:\/\/cuciroma.com\/prodotto\/juki-87007\/","og_site_name":"Cuciroma | Macchine da cucire e accessori per il ricamo","article_publisher":"https:\/\/www.facebook.com\/cuciroma\/","article_modified_time":"2025-01-28T16:54:20+00:00","og_image":[{"width":517,"height":328,"url":"https:\/\/cuciroma.com\/wp-content\/uploads\/2015\/09\/juki-87007.jpg","type":"image\/jpeg"}],"twitter_card":"summary_large_image","twitter_misc":{"Est. reading time":"1 minute"},"schema":{"@context":"https:\/\/schema.org","@graph":[{"@type":"WebPage","@id":"https:\/\/cuciroma.com\/prodotto\/juki-87007\/","url":"https:\/\/cuciroma.com\/prodotto\/juki-87007\/","name":"Macchina per cucire industriale Juki 8700\/7 con rasafilo - Cuciroma | Macchine da cucire e accessori per il ricamo","isPartOf":{"@id":"https:\/\/cuciroma.com\/#website"},"primaryImageOfPage":{"@id":"https:\/\/cuciroma.com\/prodotto\/juki-87007\/#primaryimage"},"image":{"@id":"https:\/\/cuciroma.com\/prodotto\/juki-87007\/#primaryimage"},"thumbnailUrl":"https:\/\/cuciroma.com\/wp-content\/uploads\/2015\/09\/juki-87007.jpg","datePublished":"2015-09-11T08:13:46+00:00","dateModified":"2025-01-28T16:54:20+00:00","description":"Macchina lineare con punto annodato tipo 301, trasporto a griffa, rasafilo elettromagnetico, scartafilo elettromagnetico, adatta per tessuti medi\/leggeri","breadcrumb":{"@id":"https:\/\/cuciroma.com\/prodotto\/juki-87007\/#breadcrumb"},"inLanguage":"en-US","potentialAction":[{"@type":"ReadAction","target":["https:\/\/cuciroma.com\/prodotto\/juki-87007\/"]}]},{"@type":"ImageObject","inLanguage":"en-US","@id":"https:\/\/cuciroma.com\/prodotto\/juki-87007\/#primaryimage","url":"https:\/\/cuciroma.com\/wp-content\/uploads\/2015\/09\/juki-87007.jpg","contentUrl":"https:\/\/cuciroma.com\/wp-content\/uploads\/2015\/09\/juki-87007.jpg","width":517,"height":328},{"@type":"BreadcrumbList","@id":"https:\/\/cuciroma.com\/prodotto\/juki-87007\/#breadcrumb","itemListElement":[{"@type":"ListItem","position":1,"name":"Shop On line","item":"https:\/\/cuciroma.com\/shop\/"},{"@type":"ListItem","position":2,"name":"Macchina per cucire industriale Juki 8700\/7 con rasafilo"}]},{"@type":"WebSite","@id":"https:\/\/cuciroma.com\/#website","url":"https:\/\/cuciroma.com\/","name":"Cuciroma | Macchine da cucire e accessori per il ricamo","description":"Rivenditore e Assistenza autorizzata Macchine da Cucire Professionali","publisher":{"@id":"https:\/\/cuciroma.com\/#organization"},"potentialAction":[{"@type":"SearchAction","target":{"@type":"EntryPoint","urlTemplate":"https:\/\/cuciroma.com\/?s={search_term_string}"},"query-input":{"@type":"PropertyValueSpecification","valueRequired":true,"valueName":"search_term_string"}}],"inLanguage":"en-US"},{"@type":"Organization","@id":"https:\/\/cuciroma.com\/#organization","name":"Cuciroma","url":"https:\/\/cuciroma.com\/","logo":{"@type":"ImageObject","inLanguage":"en-US","@id":"https:\/\/cuciroma.com\/#\/schema\/logo\/image\/","url":"https:\/\/cuciroma.com\/wp-content\/uploads\/2020\/07\/logo-cuciroma.png","contentUrl":"https:\/\/cuciroma.com\/wp-content\/uploads\/2020\/07\/logo-cuciroma.png","width":565,"height":159,"caption":"Cuciroma"},"image":{"@id":"https:\/\/cuciroma.com\/#\/schema\/logo\/image\/"},"sameAs":["https:\/\/www.facebook.com\/cuciroma\/","https:\/\/www.instagram.com\/cuciroma\/"]}]}},"df_price":1340,"df_sale_price":"","df_regular_price":1340,"df_image_link":"https:\/\/cuciroma.com\/wp-content\/uploads\/2015\/09\/juki-87007-300x190.jpg","_links":{"self":[{"href":"https:\/\/cuciroma.com\/en\/wp-json\/wp\/v2\/product\/6417","targetHints":{"allow":["GET"]}}],"collection":[{"href":"https:\/\/cuciroma.com\/en\/wp-json\/wp\/v2\/product"}],"about":[{"href":"https:\/\/cuciroma.com\/en\/wp-json\/wp\/v2\/types\/product"}],"replies":[{"embeddable":true,"href":"https:\/\/cuciroma.com\/en\/wp-json\/wp\/v2\/comments?post=6417"}],"wp:featuredmedia":[{"embeddable":true,"href":"https:\/\/cuciroma.com\/en\/wp-json\/wp\/v2\/media\/10483"}],"wp:attachment":[{"href":"https:\/\/cuciroma.com\/en\/wp-json\/wp\/v2\/media?parent=6417"}],"wp:term":[{"taxonomy":"product_brand","embeddable":true,"href":"https:\/\/cuciroma.com\/en\/wp-json\/wp\/v2\/product_brand?post=6417"},{"taxonomy":"product_cat","embeddable":true,"href":"https:\/\/cuciroma.com\/en\/wp-json\/wp\/v2\/product_cat?post=6417"},{"taxonomy":"product_tag","embeddable":true,"href":"https:\/\/cuciroma.com\/en\/wp-json\/wp\/v2\/product_tag?post=6417"}],"curies":[{"name":"wp","href":"https:\/\/api.w.org\/{rel}","templated":true}]}}