{"id":6414,"date":"2015-09-11T12:35:51","date_gmt":"2015-09-11T10:35:51","guid":{"rendered":"https:\/\/cuciroma.com\/prodotto\/juki-mo-6714s-2\/"},"modified":"2024-06-04T09:28:58","modified_gmt":"2024-06-04T07:28:58","slug":"juki-mo-6714s","status":"publish","type":"product","link":"https:\/\/cuciroma.com\/en\/prodotto\/juki-mo-6714s\/","title":{"rendered":"Juki MO-6714S"},"content":{"rendered":"<p>La Juki MO-6700S Serie \u00e8 una potente tagliacuce che esegue punto overlock \/ sicurezza in mododa offrire alla cucitura una maggiore affidabilit\u00e0, resistenza e facilit\u00e0 d&#8217;uso. Questa macchina cuce un ampia gamma di materiali sia leggeri che pesanti, eseguendo processi di finitura di alta qualit\u00e0.<\/p>\n<p>La silenziosit\u00e0 consente una maggiore durata, la macchina assicura una cucitura perfetta anche a velocit\u00e0 pi\u00f9 elevate di 7000 pm<br \/>\nOltre alla maggiore affidabilit\u00e0.<br \/>\nLa macchina viene fornita di serie con un filtro olio a cartuccia e ventola di raffreddamento per migliorare ulteriormente l&#8217;affidabilit\u00e0 e la durata nel tempo. Il funzionamento comodo \u00e8 garantito da un ampio spazio dell&#8217;area di entrata dell&#8217;ago.<\/p>\n","protected":false},"excerpt":{"rendered":"<p>La Juki MO-6700S Serie \u00e8 una potente tagliacuce che esegue punto overlock \/ sicurezza in mododa offrire alla cucitura una maggiore affidabilit\u00e0, resistenza e facilit\u00e0 d&#8217;uso. Questa macchina cuce un ampia gamma di materiali sia leggeri che pesanti, eseguendo processi di finitura di alta qualit\u00e0. La silenziosit\u00e0 consente una maggiore durata, la macchina assicura una cucitura perfetta anche a velocit\u00e0 pi\u00f9 elevate di 7000 pm Oltre alla maggiore affidabilit\u00e0. La macchina viene fornita di serie con un filtro olio a cartuccia e ventola di raffreddamento per migliorare ulteriormente l&#8217;affidabilit\u00e0 e la durata nel tempo. Il funzionamento comodo \u00e8 garantito da un ampio spazio dell&#8217;area di entrata dell&#8217;ago.<\/p>\n","protected":false},"featured_media":10481,"comment_status":"closed","ping_status":"closed","template":"","meta":[],"product_brand":[],"product_cat":[166],"product_tag":[],"class_list":{"0":"post-6414","1":"product","2":"type-product","3":"status-publish","4":"has-post-thumbnail","6":"product_cat-juki-tagliacuci-industriali-en","7":"pa_trovaprezzi-pubblicato-en","9":"first","10":"instock","11":"taxable","12":"shipping-taxable","13":"product-type-simple"},"yoast_head":"<!-- This site is optimized with the Yoast SEO plugin v27.2 - https:\/\/yoast.com\/product\/yoast-seo-wordpress\/ -->\n<title>Juki MO-6714S - Cuciroma | Macchine da cucire e accessori per il ricamo<\/title>\n<meta name=\"robots\" content=\"index, follow, max-snippet:-1, max-image-preview:large, max-video-preview:-1\" \/>\n<link rel=\"canonical\" href=\"https:\/\/cuciroma.com\/en\/prodotto\/juki-mo-6714s\/\" \/>\n<meta property=\"og:locale\" content=\"en_US\" \/>\n<meta property=\"og:type\" content=\"article\" \/>\n<meta property=\"og:title\" content=\"Juki MO-6714S - Cuciroma | Macchine da cucire e accessori per il ricamo\" \/>\n<meta property=\"og:description\" content=\"La Juki MO-6700S Serie \u00e8 una potente tagliacuce che esegue punto overlock \/ sicurezza in mododa offrire alla cucitura una maggiore affidabilit\u00e0, resistenza e facilit\u00e0 d&#039;uso. Questa macchina cuce un ampia gamma di materiali sia leggeri che pesanti, eseguendo processi di finitura di alta qualit\u00e0. La silenziosit\u00e0 consente una maggiore durata, la macchina assicura una cucitura perfetta anche a velocit\u00e0 pi\u00f9 elevate di 7000 pm Oltre alla maggiore affidabilit\u00e0. La macchina viene fornita di serie con un filtro olio a cartuccia e ventola di raffreddamento per migliorare ulteriormente l&#039;affidabilit\u00e0 e la durata nel tempo. Il funzionamento comodo \u00e8 garantito da un ampio spazio dell&#039;area di entrata dell&#039;ago.\" \/>\n<meta property=\"og:url\" content=\"https:\/\/cuciroma.com\/en\/prodotto\/juki-mo-6714s\/\" \/>\n<meta property=\"og:site_name\" content=\"Cuciroma | Macchine da cucire e accessori per il ricamo\" \/>\n<meta property=\"article:publisher\" content=\"https:\/\/www.facebook.com\/cuciroma\/\" \/>\n<meta property=\"article:modified_time\" content=\"2024-06-04T07:28:58+00:00\" \/>\n<meta property=\"og:image\" content=\"https:\/\/cuciroma.com\/wp-content\/uploads\/2015\/09\/juki-6714.jpg\" \/>\n\t<meta property=\"og:image:width\" content=\"500\" \/>\n\t<meta property=\"og:image:height\" content=\"426\" \/>\n\t<meta property=\"og:image:type\" content=\"image\/jpeg\" \/>\n<meta name=\"twitter:card\" content=\"summary_large_image\" \/>\n<meta name=\"twitter:label1\" content=\"Est. reading time\" \/>\n\t<meta name=\"twitter:data1\" content=\"1 minute\" \/>\n<script type=\"application\/ld+json\" class=\"yoast-schema-graph\">{\"@context\":\"https:\/\/schema.org\",\"@graph\":[{\"@type\":\"WebPage\",\"@id\":\"https:\/\/cuciroma.com\/en\/prodotto\/juki-mo-6714s\/\",\"url\":\"https:\/\/cuciroma.com\/en\/prodotto\/juki-mo-6714s\/\",\"name\":\"Juki MO-6714S - Cuciroma | Macchine da cucire e accessori per il ricamo\",\"isPartOf\":{\"@id\":\"https:\/\/cuciroma.com\/#website\"},\"primaryImageOfPage\":{\"@id\":\"https:\/\/cuciroma.com\/en\/prodotto\/juki-mo-6714s\/#primaryimage\"},\"image\":{\"@id\":\"https:\/\/cuciroma.com\/en\/prodotto\/juki-mo-6714s\/#primaryimage\"},\"thumbnailUrl\":\"https:\/\/cuciroma.com\/wp-content\/uploads\/2015\/09\/juki-6714.jpg\",\"datePublished\":\"2015-09-11T10:35:51+00:00\",\"dateModified\":\"2024-06-04T07:28:58+00:00\",\"breadcrumb\":{\"@id\":\"https:\/\/cuciroma.com\/en\/prodotto\/juki-mo-6714s\/#breadcrumb\"},\"inLanguage\":\"en-US\",\"potentialAction\":[{\"@type\":\"ReadAction\",\"target\":[\"https:\/\/cuciroma.com\/en\/prodotto\/juki-mo-6714s\/\"]}]},{\"@type\":\"ImageObject\",\"inLanguage\":\"en-US\",\"@id\":\"https:\/\/cuciroma.com\/en\/prodotto\/juki-mo-6714s\/#primaryimage\",\"url\":\"https:\/\/cuciroma.com\/wp-content\/uploads\/2015\/09\/juki-6714.jpg\",\"contentUrl\":\"https:\/\/cuciroma.com\/wp-content\/uploads\/2015\/09\/juki-6714.jpg\",\"width\":500,\"height\":426},{\"@type\":\"BreadcrumbList\",\"@id\":\"https:\/\/cuciroma.com\/en\/prodotto\/juki-mo-6714s\/#breadcrumb\",\"itemListElement\":[{\"@type\":\"ListItem\",\"position\":1,\"name\":\"Shop On line\",\"item\":\"https:\/\/cuciroma.com\/shop\/\"},{\"@type\":\"ListItem\",\"position\":2,\"name\":\"Juki MO-6714S\"}]},{\"@type\":\"WebSite\",\"@id\":\"https:\/\/cuciroma.com\/#website\",\"url\":\"https:\/\/cuciroma.com\/\",\"name\":\"Cuciroma | Macchine da cucire e accessori per il ricamo\",\"description\":\"Rivenditore e Assistenza autorizzata Macchine da Cucire Professionali\",\"publisher\":{\"@id\":\"https:\/\/cuciroma.com\/#organization\"},\"potentialAction\":[{\"@type\":\"SearchAction\",\"target\":{\"@type\":\"EntryPoint\",\"urlTemplate\":\"https:\/\/cuciroma.com\/?s={search_term_string}\"},\"query-input\":{\"@type\":\"PropertyValueSpecification\",\"valueRequired\":true,\"valueName\":\"search_term_string\"}}],\"inLanguage\":\"en-US\"},{\"@type\":\"Organization\",\"@id\":\"https:\/\/cuciroma.com\/#organization\",\"name\":\"Cuciroma\",\"url\":\"https:\/\/cuciroma.com\/\",\"logo\":{\"@type\":\"ImageObject\",\"inLanguage\":\"en-US\",\"@id\":\"https:\/\/cuciroma.com\/#\/schema\/logo\/image\/\",\"url\":\"https:\/\/cuciroma.com\/wp-content\/uploads\/2020\/07\/logo-cuciroma.png\",\"contentUrl\":\"https:\/\/cuciroma.com\/wp-content\/uploads\/2020\/07\/logo-cuciroma.png\",\"width\":565,\"height\":159,\"caption\":\"Cuciroma\"},\"image\":{\"@id\":\"https:\/\/cuciroma.com\/#\/schema\/logo\/image\/\"},\"sameAs\":[\"https:\/\/www.facebook.com\/cuciroma\/\",\"https:\/\/www.instagram.com\/cuciroma\/\"]}]}<\/script>\n<!-- \/ Yoast SEO plugin. -->","yoast_head_json":{"title":"Juki MO-6714S - Cuciroma | Macchine da cucire e accessori per il ricamo","robots":{"index":"index","follow":"follow","max-snippet":"max-snippet:-1","max-image-preview":"max-image-preview:large","max-video-preview":"max-video-preview:-1"},"canonical":"https:\/\/cuciroma.com\/en\/prodotto\/juki-mo-6714s\/","og_locale":"en_US","og_type":"article","og_title":"Juki MO-6714S - Cuciroma | Macchine da cucire e accessori per il ricamo","og_description":"La Juki MO-6700S Serie \u00e8 una potente tagliacuce che esegue punto overlock \/ sicurezza in mododa offrire alla cucitura una maggiore affidabilit\u00e0, resistenza e facilit\u00e0 d'uso. Questa macchina cuce un ampia gamma di materiali sia leggeri che pesanti, eseguendo processi di finitura di alta qualit\u00e0. La silenziosit\u00e0 consente una maggiore durata, la macchina assicura una cucitura perfetta anche a velocit\u00e0 pi\u00f9 elevate di 7000 pm Oltre alla maggiore affidabilit\u00e0. La macchina viene fornita di serie con un filtro olio a cartuccia e ventola di raffreddamento per migliorare ulteriormente l'affidabilit\u00e0 e la durata nel tempo. Il funzionamento comodo \u00e8 garantito da un ampio spazio dell'area di entrata dell'ago.","og_url":"https:\/\/cuciroma.com\/en\/prodotto\/juki-mo-6714s\/","og_site_name":"Cuciroma | Macchine da cucire e accessori per il ricamo","article_publisher":"https:\/\/www.facebook.com\/cuciroma\/","article_modified_time":"2024-06-04T07:28:58+00:00","og_image":[{"width":500,"height":426,"url":"https:\/\/cuciroma.com\/wp-content\/uploads\/2015\/09\/juki-6714.jpg","type":"image\/jpeg"}],"twitter_card":"summary_large_image","twitter_misc":{"Est. reading time":"1 minute"},"schema":{"@context":"https:\/\/schema.org","@graph":[{"@type":"WebPage","@id":"https:\/\/cuciroma.com\/en\/prodotto\/juki-mo-6714s\/","url":"https:\/\/cuciroma.com\/en\/prodotto\/juki-mo-6714s\/","name":"Juki MO-6714S - Cuciroma | Macchine da cucire e accessori per il ricamo","isPartOf":{"@id":"https:\/\/cuciroma.com\/#website"},"primaryImageOfPage":{"@id":"https:\/\/cuciroma.com\/en\/prodotto\/juki-mo-6714s\/#primaryimage"},"image":{"@id":"https:\/\/cuciroma.com\/en\/prodotto\/juki-mo-6714s\/#primaryimage"},"thumbnailUrl":"https:\/\/cuciroma.com\/wp-content\/uploads\/2015\/09\/juki-6714.jpg","datePublished":"2015-09-11T10:35:51+00:00","dateModified":"2024-06-04T07:28:58+00:00","breadcrumb":{"@id":"https:\/\/cuciroma.com\/en\/prodotto\/juki-mo-6714s\/#breadcrumb"},"inLanguage":"en-US","potentialAction":[{"@type":"ReadAction","target":["https:\/\/cuciroma.com\/en\/prodotto\/juki-mo-6714s\/"]}]},{"@type":"ImageObject","inLanguage":"en-US","@id":"https:\/\/cuciroma.com\/en\/prodotto\/juki-mo-6714s\/#primaryimage","url":"https:\/\/cuciroma.com\/wp-content\/uploads\/2015\/09\/juki-6714.jpg","contentUrl":"https:\/\/cuciroma.com\/wp-content\/uploads\/2015\/09\/juki-6714.jpg","width":500,"height":426},{"@type":"BreadcrumbList","@id":"https:\/\/cuciroma.com\/en\/prodotto\/juki-mo-6714s\/#breadcrumb","itemListElement":[{"@type":"ListItem","position":1,"name":"Shop On line","item":"https:\/\/cuciroma.com\/shop\/"},{"@type":"ListItem","position":2,"name":"Juki MO-6714S"}]},{"@type":"WebSite","@id":"https:\/\/cuciroma.com\/#website","url":"https:\/\/cuciroma.com\/","name":"Cuciroma | Macchine da cucire e accessori per il ricamo","description":"Rivenditore e Assistenza autorizzata Macchine da Cucire Professionali","publisher":{"@id":"https:\/\/cuciroma.com\/#organization"},"potentialAction":[{"@type":"SearchAction","target":{"@type":"EntryPoint","urlTemplate":"https:\/\/cuciroma.com\/?s={search_term_string}"},"query-input":{"@type":"PropertyValueSpecification","valueRequired":true,"valueName":"search_term_string"}}],"inLanguage":"en-US"},{"@type":"Organization","@id":"https:\/\/cuciroma.com\/#organization","name":"Cuciroma","url":"https:\/\/cuciroma.com\/","logo":{"@type":"ImageObject","inLanguage":"en-US","@id":"https:\/\/cuciroma.com\/#\/schema\/logo\/image\/","url":"https:\/\/cuciroma.com\/wp-content\/uploads\/2020\/07\/logo-cuciroma.png","contentUrl":"https:\/\/cuciroma.com\/wp-content\/uploads\/2020\/07\/logo-cuciroma.png","width":565,"height":159,"caption":"Cuciroma"},"image":{"@id":"https:\/\/cuciroma.com\/#\/schema\/logo\/image\/"},"sameAs":["https:\/\/www.facebook.com\/cuciroma\/","https:\/\/www.instagram.com\/cuciroma\/"]}]}},"df_price":"","df_sale_price":"","df_regular_price":"","df_image_link":"https:\/\/cuciroma.com\/wp-content\/uploads\/2015\/09\/juki-6714-300x256.jpg","_links":{"self":[{"href":"https:\/\/cuciroma.com\/en\/wp-json\/wp\/v2\/product\/6414","targetHints":{"allow":["GET"]}}],"collection":[{"href":"https:\/\/cuciroma.com\/en\/wp-json\/wp\/v2\/product"}],"about":[{"href":"https:\/\/cuciroma.com\/en\/wp-json\/wp\/v2\/types\/product"}],"replies":[{"embeddable":true,"href":"https:\/\/cuciroma.com\/en\/wp-json\/wp\/v2\/comments?post=6414"}],"wp:featuredmedia":[{"embeddable":true,"href":"https:\/\/cuciroma.com\/en\/wp-json\/wp\/v2\/media\/10481"}],"wp:attachment":[{"href":"https:\/\/cuciroma.com\/en\/wp-json\/wp\/v2\/media?parent=6414"}],"wp:term":[{"taxonomy":"product_brand","embeddable":true,"href":"https:\/\/cuciroma.com\/en\/wp-json\/wp\/v2\/product_brand?post=6414"},{"taxonomy":"product_cat","embeddable":true,"href":"https:\/\/cuciroma.com\/en\/wp-json\/wp\/v2\/product_cat?post=6414"},{"taxonomy":"product_tag","embeddable":true,"href":"https:\/\/cuciroma.com\/en\/wp-json\/wp\/v2\/product_tag?post=6414"}],"curies":[{"name":"wp","href":"https:\/\/api.w.org\/{rel}","templated":true}]}}