{"id":6398,"date":"2015-09-12T17:45:06","date_gmt":"2015-09-12T15:45:06","guid":{"rendered":"https:\/\/cuciroma.com\/prodotto\/comel-unika-2\/"},"modified":"2022-12-12T09:42:12","modified_gmt":"2022-12-12T08:42:12","slug":"comel-unika","status":"publish","type":"product","link":"https:\/\/cuciroma.com\/en\/prodotto\/comel-unika\/","title":{"rendered":"Comel Unika"},"content":{"rendered":"<p><strong>Ferro da stiro a vapore con caldaia, particolarmente robusto adatto sia ad uso domestico che professionale, \u00e8 un prodotto di alta affidabilit\u00e0 e sicurezza pu\u00f2 essere acceso per l&#8217;intera giornata. La caldaia \u00e8 in acciaio INOX, la scocca esterna \u00e8 stata verniciata con materiali ad alta resisteza al calore.<\/strong><\/p>\n<p><strong>\u00a0 Questa caldaia \u00e8 dotata di\u00a0 pressostato per gestire la pressione del vapore, in modo da garantire la massima sicurezza, la bobbina esterna con regolatore vapore incorporato garantiscono, qualit\u00e0, e prestazioni elevate.<\/strong><\/p>\n<p><span style=\"color: #800000;\"><strong>Unika viene interamente prodotta in ITALIA<\/strong><\/span><\/p>\n<p><strong><span style=\"color: #800000;\">Specifiche:<\/span><\/strong><\/p>\n<p><strong>Alimentazione 220 V<\/strong><br \/>\n<strong> Pressione di esercizio 2,5 BAR<\/strong><br \/>\n<strong> Resistenza caldaia 1000 W<\/strong><br \/>\n<strong> Resistenza Ferro 800 W<\/strong><br \/>\n<strong> Capacit\u00e0 caldaia 1,5 LT.<\/strong><br \/>\n<strong> Autonomia di stiro: oltre 3 ORE<\/strong><br \/>\n<strong> Peso 10 KG<\/strong><br \/>\n<strong> Dimensione 270 X 420 X 300 mm<\/strong><\/p>\n","protected":false},"excerpt":{"rendered":"<p><strong>Ferro da stiro a vapore con caldaia, particolarmente robusto adatto sia ad uso domestico che professionale, \u00e8 un prodotto di alta affidabilit\u00e0 e sicurezza pu\u00f2 essere acceso per l&#8217;intera giornata. La caldaia \u00e8 in acciaio INOX, la scocca esterna \u00e8 stata verniciata con materiali ad alta resisteza al calore.<\/strong><\/p>\n","protected":false},"featured_media":6399,"comment_status":"closed","ping_status":"closed","template":"","meta":[],"product_brand":[],"product_cat":[177,289],"product_tag":[],"class_list":{"0":"post-6398","1":"product","2":"type-product","3":"status-publish","4":"has-post-thumbnail","6":"product_cat-caldaie-da-stiro-en","7":"product_cat-comel-tavole-e-caldaie-da-stiro-en","8":"pa_trovaprezzi-pubblicato","10":"first","11":"instock","12":"taxable","13":"shipping-taxable","14":"purchasable","15":"product-type-simple"},"yoast_head":"<!-- This site is optimized with the Yoast SEO plugin v27.2 - https:\/\/yoast.com\/product\/yoast-seo-wordpress\/ -->\n<title>Comel Unika - Cuciroma | Macchine da cucire e accessori per il ricamo<\/title>\n<meta name=\"robots\" content=\"index, follow, max-snippet:-1, max-image-preview:large, max-video-preview:-1\" \/>\n<link rel=\"canonical\" href=\"https:\/\/cuciroma.com\/prodotto\/comel-unika\/\" \/>\n<meta property=\"og:locale\" content=\"en_US\" \/>\n<meta property=\"og:type\" content=\"article\" \/>\n<meta property=\"og:title\" content=\"Comel Unika - Cuciroma | Macchine da cucire e accessori per il ricamo\" \/>\n<meta property=\"og:description\" content=\"Ferro da stiro a vapore con caldaia, particolarmente robusto adatto sia ad uso domestico che professionale, \u00e8 un prodotto di alta affidabilit\u00e0 e sicurezza pu\u00f2 essere acceso per l&#039;intera giornata. La caldaia \u00e8 in acciaio INOX, la scocca esterna \u00e8 stata verniciata con materiali ad alta resisteza al calore.\" \/>\n<meta property=\"og:url\" content=\"https:\/\/cuciroma.com\/prodotto\/comel-unika\/\" \/>\n<meta property=\"og:site_name\" content=\"Cuciroma | Macchine da cucire e accessori per il ricamo\" \/>\n<meta property=\"article:publisher\" content=\"https:\/\/www.facebook.com\/cuciroma\/\" \/>\n<meta property=\"article:modified_time\" content=\"2022-12-12T08:42:12+00:00\" \/>\n<meta property=\"og:image\" content=\"https:\/\/cuciroma.com\/wp-content\/uploads\/2015\/09\/comel-unika-a.jpg\" \/>\n\t<meta property=\"og:image:width\" content=\"650\" \/>\n\t<meta property=\"og:image:height\" content=\"650\" \/>\n\t<meta property=\"og:image:type\" content=\"image\/jpeg\" \/>\n<meta name=\"twitter:card\" content=\"summary_large_image\" \/>\n<meta name=\"twitter:label1\" content=\"Est. reading time\" \/>\n\t<meta name=\"twitter:data1\" content=\"1 minute\" \/>\n<script type=\"application\/ld+json\" class=\"yoast-schema-graph\">{\"@context\":\"https:\/\/schema.org\",\"@graph\":[{\"@type\":\"WebPage\",\"@id\":\"https:\/\/cuciroma.com\/prodotto\/comel-unika\/\",\"url\":\"https:\/\/cuciroma.com\/prodotto\/comel-unika\/\",\"name\":\"Comel Unika - Cuciroma | Macchine da cucire e accessori per il ricamo\",\"isPartOf\":{\"@id\":\"https:\/\/cuciroma.com\/#website\"},\"primaryImageOfPage\":{\"@id\":\"https:\/\/cuciroma.com\/prodotto\/comel-unika\/#primaryimage\"},\"image\":{\"@id\":\"https:\/\/cuciroma.com\/prodotto\/comel-unika\/#primaryimage\"},\"thumbnailUrl\":\"https:\/\/cuciroma.com\/wp-content\/uploads\/2015\/09\/comel-unika-a.jpg\",\"datePublished\":\"2015-09-12T15:45:06+00:00\",\"dateModified\":\"2022-12-12T08:42:12+00:00\",\"breadcrumb\":{\"@id\":\"https:\/\/cuciroma.com\/prodotto\/comel-unika\/#breadcrumb\"},\"inLanguage\":\"en-US\",\"potentialAction\":[{\"@type\":\"ReadAction\",\"target\":[\"https:\/\/cuciroma.com\/prodotto\/comel-unika\/\"]}]},{\"@type\":\"ImageObject\",\"inLanguage\":\"en-US\",\"@id\":\"https:\/\/cuciroma.com\/prodotto\/comel-unika\/#primaryimage\",\"url\":\"https:\/\/cuciroma.com\/wp-content\/uploads\/2015\/09\/comel-unika-a.jpg\",\"contentUrl\":\"https:\/\/cuciroma.com\/wp-content\/uploads\/2015\/09\/comel-unika-a.jpg\",\"width\":650,\"height\":650},{\"@type\":\"BreadcrumbList\",\"@id\":\"https:\/\/cuciroma.com\/prodotto\/comel-unika\/#breadcrumb\",\"itemListElement\":[{\"@type\":\"ListItem\",\"position\":1,\"name\":\"Shop On line\",\"item\":\"https:\/\/cuciroma.com\/shop\/\"},{\"@type\":\"ListItem\",\"position\":2,\"name\":\"Comel Unika\"}]},{\"@type\":\"WebSite\",\"@id\":\"https:\/\/cuciroma.com\/#website\",\"url\":\"https:\/\/cuciroma.com\/\",\"name\":\"Cuciroma | Macchine da cucire e accessori per il ricamo\",\"description\":\"Rivenditore e Assistenza autorizzata Macchine da Cucire Professionali\",\"publisher\":{\"@id\":\"https:\/\/cuciroma.com\/#organization\"},\"potentialAction\":[{\"@type\":\"SearchAction\",\"target\":{\"@type\":\"EntryPoint\",\"urlTemplate\":\"https:\/\/cuciroma.com\/?s={search_term_string}\"},\"query-input\":{\"@type\":\"PropertyValueSpecification\",\"valueRequired\":true,\"valueName\":\"search_term_string\"}}],\"inLanguage\":\"en-US\"},{\"@type\":\"Organization\",\"@id\":\"https:\/\/cuciroma.com\/#organization\",\"name\":\"Cuciroma\",\"url\":\"https:\/\/cuciroma.com\/\",\"logo\":{\"@type\":\"ImageObject\",\"inLanguage\":\"en-US\",\"@id\":\"https:\/\/cuciroma.com\/#\/schema\/logo\/image\/\",\"url\":\"https:\/\/cuciroma.com\/wp-content\/uploads\/2020\/07\/logo-cuciroma.png\",\"contentUrl\":\"https:\/\/cuciroma.com\/wp-content\/uploads\/2020\/07\/logo-cuciroma.png\",\"width\":565,\"height\":159,\"caption\":\"Cuciroma\"},\"image\":{\"@id\":\"https:\/\/cuciroma.com\/#\/schema\/logo\/image\/\"},\"sameAs\":[\"https:\/\/www.facebook.com\/cuciroma\/\",\"https:\/\/www.instagram.com\/cuciroma\/\"]}]}<\/script>\n<!-- \/ Yoast SEO plugin. -->","yoast_head_json":{"title":"Comel Unika - Cuciroma | Macchine da cucire e accessori per il ricamo","robots":{"index":"index","follow":"follow","max-snippet":"max-snippet:-1","max-image-preview":"max-image-preview:large","max-video-preview":"max-video-preview:-1"},"canonical":"https:\/\/cuciroma.com\/prodotto\/comel-unika\/","og_locale":"en_US","og_type":"article","og_title":"Comel Unika - Cuciroma | Macchine da cucire e accessori per il ricamo","og_description":"Ferro da stiro a vapore con caldaia, particolarmente robusto adatto sia ad uso domestico che professionale, \u00e8 un prodotto di alta affidabilit\u00e0 e sicurezza pu\u00f2 essere acceso per l'intera giornata. La caldaia \u00e8 in acciaio INOX, la scocca esterna \u00e8 stata verniciata con materiali ad alta resisteza al calore.","og_url":"https:\/\/cuciroma.com\/prodotto\/comel-unika\/","og_site_name":"Cuciroma | Macchine da cucire e accessori per il ricamo","article_publisher":"https:\/\/www.facebook.com\/cuciroma\/","article_modified_time":"2022-12-12T08:42:12+00:00","og_image":[{"width":650,"height":650,"url":"https:\/\/cuciroma.com\/wp-content\/uploads\/2015\/09\/comel-unika-a.jpg","type":"image\/jpeg"}],"twitter_card":"summary_large_image","twitter_misc":{"Est. reading time":"1 minute"},"schema":{"@context":"https:\/\/schema.org","@graph":[{"@type":"WebPage","@id":"https:\/\/cuciroma.com\/prodotto\/comel-unika\/","url":"https:\/\/cuciroma.com\/prodotto\/comel-unika\/","name":"Comel Unika - Cuciroma | Macchine da cucire e accessori per il ricamo","isPartOf":{"@id":"https:\/\/cuciroma.com\/#website"},"primaryImageOfPage":{"@id":"https:\/\/cuciroma.com\/prodotto\/comel-unika\/#primaryimage"},"image":{"@id":"https:\/\/cuciroma.com\/prodotto\/comel-unika\/#primaryimage"},"thumbnailUrl":"https:\/\/cuciroma.com\/wp-content\/uploads\/2015\/09\/comel-unika-a.jpg","datePublished":"2015-09-12T15:45:06+00:00","dateModified":"2022-12-12T08:42:12+00:00","breadcrumb":{"@id":"https:\/\/cuciroma.com\/prodotto\/comel-unika\/#breadcrumb"},"inLanguage":"en-US","potentialAction":[{"@type":"ReadAction","target":["https:\/\/cuciroma.com\/prodotto\/comel-unika\/"]}]},{"@type":"ImageObject","inLanguage":"en-US","@id":"https:\/\/cuciroma.com\/prodotto\/comel-unika\/#primaryimage","url":"https:\/\/cuciroma.com\/wp-content\/uploads\/2015\/09\/comel-unika-a.jpg","contentUrl":"https:\/\/cuciroma.com\/wp-content\/uploads\/2015\/09\/comel-unika-a.jpg","width":650,"height":650},{"@type":"BreadcrumbList","@id":"https:\/\/cuciroma.com\/prodotto\/comel-unika\/#breadcrumb","itemListElement":[{"@type":"ListItem","position":1,"name":"Shop On line","item":"https:\/\/cuciroma.com\/shop\/"},{"@type":"ListItem","position":2,"name":"Comel Unika"}]},{"@type":"WebSite","@id":"https:\/\/cuciroma.com\/#website","url":"https:\/\/cuciroma.com\/","name":"Cuciroma | Macchine da cucire e accessori per il ricamo","description":"Rivenditore e Assistenza autorizzata Macchine da Cucire Professionali","publisher":{"@id":"https:\/\/cuciroma.com\/#organization"},"potentialAction":[{"@type":"SearchAction","target":{"@type":"EntryPoint","urlTemplate":"https:\/\/cuciroma.com\/?s={search_term_string}"},"query-input":{"@type":"PropertyValueSpecification","valueRequired":true,"valueName":"search_term_string"}}],"inLanguage":"en-US"},{"@type":"Organization","@id":"https:\/\/cuciroma.com\/#organization","name":"Cuciroma","url":"https:\/\/cuciroma.com\/","logo":{"@type":"ImageObject","inLanguage":"en-US","@id":"https:\/\/cuciroma.com\/#\/schema\/logo\/image\/","url":"https:\/\/cuciroma.com\/wp-content\/uploads\/2020\/07\/logo-cuciroma.png","contentUrl":"https:\/\/cuciroma.com\/wp-content\/uploads\/2020\/07\/logo-cuciroma.png","width":565,"height":159,"caption":"Cuciroma"},"image":{"@id":"https:\/\/cuciroma.com\/#\/schema\/logo\/image\/"},"sameAs":["https:\/\/www.facebook.com\/cuciroma\/","https:\/\/www.instagram.com\/cuciroma\/"]}]}},"df_price":262,"df_sale_price":"","df_regular_price":262,"df_image_link":"https:\/\/cuciroma.com\/wp-content\/uploads\/2015\/09\/comel-unika-a-300x300.jpg","_links":{"self":[{"href":"https:\/\/cuciroma.com\/en\/wp-json\/wp\/v2\/product\/6398","targetHints":{"allow":["GET"]}}],"collection":[{"href":"https:\/\/cuciroma.com\/en\/wp-json\/wp\/v2\/product"}],"about":[{"href":"https:\/\/cuciroma.com\/en\/wp-json\/wp\/v2\/types\/product"}],"replies":[{"embeddable":true,"href":"https:\/\/cuciroma.com\/en\/wp-json\/wp\/v2\/comments?post=6398"}],"wp:featuredmedia":[{"embeddable":true,"href":"https:\/\/cuciroma.com\/en\/wp-json\/wp\/v2\/media\/6399"}],"wp:attachment":[{"href":"https:\/\/cuciroma.com\/en\/wp-json\/wp\/v2\/media?parent=6398"}],"wp:term":[{"taxonomy":"product_brand","embeddable":true,"href":"https:\/\/cuciroma.com\/en\/wp-json\/wp\/v2\/product_brand?post=6398"},{"taxonomy":"product_cat","embeddable":true,"href":"https:\/\/cuciroma.com\/en\/wp-json\/wp\/v2\/product_cat?post=6398"},{"taxonomy":"product_tag","embeddable":true,"href":"https:\/\/cuciroma.com\/en\/wp-json\/wp\/v2\/product_tag?post=6398"}],"curies":[{"name":"wp","href":"https:\/\/api.w.org\/{rel}","templated":true}]}}