{"id":6350,"date":"2015-09-16T12:36:25","date_gmt":"2015-09-16T10:36:25","guid":{"rendered":"https:\/\/cuciroma.com\/prodotto\/janome-skyline-s5-2\/"},"modified":"2023-04-18T17:29:03","modified_gmt":"2023-04-18T15:29:03","slug":"janome-skyline-s5","status":"publish","type":"product","link":"https:\/\/cuciroma.com\/en\/prodotto\/janome-skyline-s5\/","title":{"rendered":"Janome Skyline S5"},"content":{"rendered":"<p><strong>La macchina elettronica Skyline S5 \u00e8 la versione pi\u00f9 completa della serie Skyline i punti sono innumerevoli come le 10 asole, 4 tipi di alfabeto di cui 1 a 9 mm, velocit\u00e0 fino a 1000 puni al minuto, display retro illuminato, pulsante start\/stop, ago alto\/basso, rasafilo manuale con la possibilit\u00e0 di renderlo automatico, larghezza del punto fino a 9 mm, infila ago automatico.<\/strong><\/p>\n<p><strong><span style=\"color: #800000;\">Specifiche:<\/span><\/strong><br \/>\n<strong> \u2022 Macchina per cucire computerizzata<\/strong><br \/>\n<strong>\u2022 Crochet rotativo<\/strong><br \/>\n<strong>\u2022 Schermo LCD touch screen<\/strong><br \/>\n<strong>\u2022 Display retroilluminato<\/strong><br \/>\n<strong>\u2022 Velocit\u00e0 1000 punti al minuto<\/strong><br \/>\n<strong>\u2022 160 punti tra utili, elastici e decorativi<\/strong><br \/>\n<strong>\u2022 10 tipi di occhielli automatici<\/strong><br \/>\n<strong>\u2022 4 tasti per la selezione diretta dei punti<\/strong><br \/>\n<strong>\u2022 4 tipi di alfabeto, di cui uno a 9 mm<\/strong><br \/>\n<strong>\u2022 Massima lunghezza del punto 5 mm<\/strong><br \/>\n<strong>\u2022 Massima larghezza del punto 9 mm<\/strong><br \/>\n<strong>\u2022 Pulsante start\/stop<\/strong><br \/>\n<strong>\u2022 Pulsanti ferma punto<\/strong><br \/>\n<strong>\u2022 Ago alto\/basso<\/strong><br \/>\n<strong>\u2022 Rasafilo manuale o automatico<\/strong><br \/>\n<strong>\u2022 Regolazione della velocit\u00e0 di cucitura<\/strong><br \/>\n<strong>\u2022 Infila ago<\/strong><br \/>\n<strong>\u2022 illuminazione a led<\/strong><br \/>\n<strong>\u2022 Braccio libero<\/strong><br \/>\n<strong>\u2022 Rasafilo sulla placca ago<\/strong><br \/>\n<strong>\u2022 Leva ginocchio<\/strong><\/p>\n<p><strong>\u00a0<\/strong><\/p>\n","protected":false},"excerpt":{"rendered":"<p><strong>La macchina elettronica Skyline S5 \u00e8 la versione pi\u00f9 completa della serie Skyline i punti sono innumerevoli come le 10 asole, 4 tipi di alfabeto di cui 1 a 9 mm, velocit\u00e0 fino a 1000 puni al minuto, display retro illuminato, pulsante start\/stop, ago alto\/basso, rasafilo manuale con la possibilit\u00e0 di renderlo automatico, larghezza del punto fino a 9 mm, infila ago automatico.<\/strong><\/p>\n<p>&nbsp;<\/p>\n","protected":false},"featured_media":10497,"comment_status":"closed","ping_status":"closed","template":"","meta":[],"product_brand":[],"product_cat":[172],"product_tag":[],"class_list":{"0":"post-6350","1":"product","2":"type-product","3":"status-publish","4":"has-post-thumbnail","6":"product_cat-janome-elettroniche-en","7":"pa_trovaprezzi-pubblicato","9":"first","10":"instock","11":"taxable","12":"shipping-taxable","13":"purchasable","14":"product-type-simple"},"yoast_head":"<!-- This site is optimized with the Yoast SEO plugin v27.2 - https:\/\/yoast.com\/product\/yoast-seo-wordpress\/ -->\n<title>Janome Skyline S5 - Cuciroma | Macchine da cucire e accessori per il ricamo<\/title>\n<meta name=\"robots\" content=\"index, follow, max-snippet:-1, max-image-preview:large, max-video-preview:-1\" \/>\n<link rel=\"canonical\" href=\"https:\/\/cuciroma.com\/prodotto\/janome-skyline-s5\/\" \/>\n<meta property=\"og:locale\" content=\"en_US\" \/>\n<meta property=\"og:type\" content=\"article\" \/>\n<meta property=\"og:title\" content=\"Janome Skyline S5 - Cuciroma | Macchine da cucire e accessori per il ricamo\" \/>\n<meta property=\"og:description\" content=\"La macchina elettronica Skyline S5 \u00e8 la versione pi\u00f9 completa della serie Skyline i punti sono innumerevoli come le 10 asole, 4 tipi di alfabeto di cui 1 a 9 mm, velocit\u00e0 fino a 1000 puni al minuto, display retro illuminato, pulsante start\/stop, ago alto\/basso, rasafilo manuale con la possibilit\u00e0 di renderlo automatico, larghezza del punto fino a 9 mm, infila ago automatico.  &nbsp;\" \/>\n<meta property=\"og:url\" content=\"https:\/\/cuciroma.com\/prodotto\/janome-skyline-s5\/\" \/>\n<meta property=\"og:site_name\" content=\"Cuciroma | Macchine da cucire e accessori per il ricamo\" \/>\n<meta property=\"article:publisher\" content=\"https:\/\/www.facebook.com\/cuciroma\/\" \/>\n<meta property=\"article:modified_time\" content=\"2023-04-18T15:29:03+00:00\" \/>\n<meta property=\"og:image\" content=\"https:\/\/cuciroma.com\/wp-content\/uploads\/2015\/09\/janome-s51.jpg\" \/>\n\t<meta property=\"og:image:width\" content=\"692\" \/>\n\t<meta property=\"og:image:height\" content=\"482\" \/>\n\t<meta property=\"og:image:type\" content=\"image\/jpeg\" \/>\n<meta name=\"twitter:card\" content=\"summary_large_image\" \/>\n<meta name=\"twitter:label1\" content=\"Est. reading time\" \/>\n\t<meta name=\"twitter:data1\" content=\"1 minute\" \/>\n<script type=\"application\/ld+json\" class=\"yoast-schema-graph\">{\"@context\":\"https:\/\/schema.org\",\"@graph\":[{\"@type\":\"WebPage\",\"@id\":\"https:\/\/cuciroma.com\/prodotto\/janome-skyline-s5\/\",\"url\":\"https:\/\/cuciroma.com\/prodotto\/janome-skyline-s5\/\",\"name\":\"Janome Skyline S5 - Cuciroma | Macchine da cucire e accessori per il ricamo\",\"isPartOf\":{\"@id\":\"https:\/\/cuciroma.com\/#website\"},\"primaryImageOfPage\":{\"@id\":\"https:\/\/cuciroma.com\/prodotto\/janome-skyline-s5\/#primaryimage\"},\"image\":{\"@id\":\"https:\/\/cuciroma.com\/prodotto\/janome-skyline-s5\/#primaryimage\"},\"thumbnailUrl\":\"https:\/\/cuciroma.com\/wp-content\/uploads\/2015\/09\/janome-s51.jpg\",\"datePublished\":\"2015-09-16T10:36:25+00:00\",\"dateModified\":\"2023-04-18T15:29:03+00:00\",\"breadcrumb\":{\"@id\":\"https:\/\/cuciroma.com\/prodotto\/janome-skyline-s5\/#breadcrumb\"},\"inLanguage\":\"en-US\",\"potentialAction\":[{\"@type\":\"ReadAction\",\"target\":[\"https:\/\/cuciroma.com\/prodotto\/janome-skyline-s5\/\"]}]},{\"@type\":\"ImageObject\",\"inLanguage\":\"en-US\",\"@id\":\"https:\/\/cuciroma.com\/prodotto\/janome-skyline-s5\/#primaryimage\",\"url\":\"https:\/\/cuciroma.com\/wp-content\/uploads\/2015\/09\/janome-s51.jpg\",\"contentUrl\":\"https:\/\/cuciroma.com\/wp-content\/uploads\/2015\/09\/janome-s51.jpg\",\"width\":692,\"height\":482},{\"@type\":\"BreadcrumbList\",\"@id\":\"https:\/\/cuciroma.com\/prodotto\/janome-skyline-s5\/#breadcrumb\",\"itemListElement\":[{\"@type\":\"ListItem\",\"position\":1,\"name\":\"Shop On line\",\"item\":\"https:\/\/cuciroma.com\/shop\/\"},{\"@type\":\"ListItem\",\"position\":2,\"name\":\"Janome Skyline S5\"}]},{\"@type\":\"WebSite\",\"@id\":\"https:\/\/cuciroma.com\/#website\",\"url\":\"https:\/\/cuciroma.com\/\",\"name\":\"Cuciroma | Macchine da cucire e accessori per il ricamo\",\"description\":\"Rivenditore e Assistenza autorizzata Macchine da Cucire Professionali\",\"publisher\":{\"@id\":\"https:\/\/cuciroma.com\/#organization\"},\"potentialAction\":[{\"@type\":\"SearchAction\",\"target\":{\"@type\":\"EntryPoint\",\"urlTemplate\":\"https:\/\/cuciroma.com\/?s={search_term_string}\"},\"query-input\":{\"@type\":\"PropertyValueSpecification\",\"valueRequired\":true,\"valueName\":\"search_term_string\"}}],\"inLanguage\":\"en-US\"},{\"@type\":\"Organization\",\"@id\":\"https:\/\/cuciroma.com\/#organization\",\"name\":\"Cuciroma\",\"url\":\"https:\/\/cuciroma.com\/\",\"logo\":{\"@type\":\"ImageObject\",\"inLanguage\":\"en-US\",\"@id\":\"https:\/\/cuciroma.com\/#\/schema\/logo\/image\/\",\"url\":\"https:\/\/cuciroma.com\/wp-content\/uploads\/2020\/07\/logo-cuciroma.png\",\"contentUrl\":\"https:\/\/cuciroma.com\/wp-content\/uploads\/2020\/07\/logo-cuciroma.png\",\"width\":565,\"height\":159,\"caption\":\"Cuciroma\"},\"image\":{\"@id\":\"https:\/\/cuciroma.com\/#\/schema\/logo\/image\/\"},\"sameAs\":[\"https:\/\/www.facebook.com\/cuciroma\/\",\"https:\/\/www.instagram.com\/cuciroma\/\"]}]}<\/script>\n<!-- \/ Yoast SEO plugin. -->","yoast_head_json":{"title":"Janome Skyline S5 - Cuciroma | Macchine da cucire e accessori per il ricamo","robots":{"index":"index","follow":"follow","max-snippet":"max-snippet:-1","max-image-preview":"max-image-preview:large","max-video-preview":"max-video-preview:-1"},"canonical":"https:\/\/cuciroma.com\/prodotto\/janome-skyline-s5\/","og_locale":"en_US","og_type":"article","og_title":"Janome Skyline S5 - Cuciroma | Macchine da cucire e accessori per il ricamo","og_description":"La macchina elettronica Skyline S5 \u00e8 la versione pi\u00f9 completa della serie Skyline i punti sono innumerevoli come le 10 asole, 4 tipi di alfabeto di cui 1 a 9 mm, velocit\u00e0 fino a 1000 puni al minuto, display retro illuminato, pulsante start\/stop, ago alto\/basso, rasafilo manuale con la possibilit\u00e0 di renderlo automatico, larghezza del punto fino a 9 mm, infila ago automatico.  &nbsp;","og_url":"https:\/\/cuciroma.com\/prodotto\/janome-skyline-s5\/","og_site_name":"Cuciroma | Macchine da cucire e accessori per il ricamo","article_publisher":"https:\/\/www.facebook.com\/cuciroma\/","article_modified_time":"2023-04-18T15:29:03+00:00","og_image":[{"width":692,"height":482,"url":"https:\/\/cuciroma.com\/wp-content\/uploads\/2015\/09\/janome-s51.jpg","type":"image\/jpeg"}],"twitter_card":"summary_large_image","twitter_misc":{"Est. reading time":"1 minute"},"schema":{"@context":"https:\/\/schema.org","@graph":[{"@type":"WebPage","@id":"https:\/\/cuciroma.com\/prodotto\/janome-skyline-s5\/","url":"https:\/\/cuciroma.com\/prodotto\/janome-skyline-s5\/","name":"Janome Skyline S5 - Cuciroma | Macchine da cucire e accessori per il ricamo","isPartOf":{"@id":"https:\/\/cuciroma.com\/#website"},"primaryImageOfPage":{"@id":"https:\/\/cuciroma.com\/prodotto\/janome-skyline-s5\/#primaryimage"},"image":{"@id":"https:\/\/cuciroma.com\/prodotto\/janome-skyline-s5\/#primaryimage"},"thumbnailUrl":"https:\/\/cuciroma.com\/wp-content\/uploads\/2015\/09\/janome-s51.jpg","datePublished":"2015-09-16T10:36:25+00:00","dateModified":"2023-04-18T15:29:03+00:00","breadcrumb":{"@id":"https:\/\/cuciroma.com\/prodotto\/janome-skyline-s5\/#breadcrumb"},"inLanguage":"en-US","potentialAction":[{"@type":"ReadAction","target":["https:\/\/cuciroma.com\/prodotto\/janome-skyline-s5\/"]}]},{"@type":"ImageObject","inLanguage":"en-US","@id":"https:\/\/cuciroma.com\/prodotto\/janome-skyline-s5\/#primaryimage","url":"https:\/\/cuciroma.com\/wp-content\/uploads\/2015\/09\/janome-s51.jpg","contentUrl":"https:\/\/cuciroma.com\/wp-content\/uploads\/2015\/09\/janome-s51.jpg","width":692,"height":482},{"@type":"BreadcrumbList","@id":"https:\/\/cuciroma.com\/prodotto\/janome-skyline-s5\/#breadcrumb","itemListElement":[{"@type":"ListItem","position":1,"name":"Shop On line","item":"https:\/\/cuciroma.com\/shop\/"},{"@type":"ListItem","position":2,"name":"Janome Skyline S5"}]},{"@type":"WebSite","@id":"https:\/\/cuciroma.com\/#website","url":"https:\/\/cuciroma.com\/","name":"Cuciroma | Macchine da cucire e accessori per il ricamo","description":"Rivenditore e Assistenza autorizzata Macchine da Cucire Professionali","publisher":{"@id":"https:\/\/cuciroma.com\/#organization"},"potentialAction":[{"@type":"SearchAction","target":{"@type":"EntryPoint","urlTemplate":"https:\/\/cuciroma.com\/?s={search_term_string}"},"query-input":{"@type":"PropertyValueSpecification","valueRequired":true,"valueName":"search_term_string"}}],"inLanguage":"en-US"},{"@type":"Organization","@id":"https:\/\/cuciroma.com\/#organization","name":"Cuciroma","url":"https:\/\/cuciroma.com\/","logo":{"@type":"ImageObject","inLanguage":"en-US","@id":"https:\/\/cuciroma.com\/#\/schema\/logo\/image\/","url":"https:\/\/cuciroma.com\/wp-content\/uploads\/2020\/07\/logo-cuciroma.png","contentUrl":"https:\/\/cuciroma.com\/wp-content\/uploads\/2020\/07\/logo-cuciroma.png","width":565,"height":159,"caption":"Cuciroma"},"image":{"@id":"https:\/\/cuciroma.com\/#\/schema\/logo\/image\/"},"sameAs":["https:\/\/www.facebook.com\/cuciroma\/","https:\/\/www.instagram.com\/cuciroma\/"]}]}},"df_price":1779,"df_sale_price":"","df_regular_price":1779,"df_image_link":"https:\/\/cuciroma.com\/wp-content\/uploads\/2015\/09\/janome-s51-300x209.jpg","_links":{"self":[{"href":"https:\/\/cuciroma.com\/en\/wp-json\/wp\/v2\/product\/6350","targetHints":{"allow":["GET"]}}],"collection":[{"href":"https:\/\/cuciroma.com\/en\/wp-json\/wp\/v2\/product"}],"about":[{"href":"https:\/\/cuciroma.com\/en\/wp-json\/wp\/v2\/types\/product"}],"replies":[{"embeddable":true,"href":"https:\/\/cuciroma.com\/en\/wp-json\/wp\/v2\/comments?post=6350"}],"wp:featuredmedia":[{"embeddable":true,"href":"https:\/\/cuciroma.com\/en\/wp-json\/wp\/v2\/media\/10497"}],"wp:attachment":[{"href":"https:\/\/cuciroma.com\/en\/wp-json\/wp\/v2\/media?parent=6350"}],"wp:term":[{"taxonomy":"product_brand","embeddable":true,"href":"https:\/\/cuciroma.com\/en\/wp-json\/wp\/v2\/product_brand?post=6350"},{"taxonomy":"product_cat","embeddable":true,"href":"https:\/\/cuciroma.com\/en\/wp-json\/wp\/v2\/product_cat?post=6350"},{"taxonomy":"product_tag","embeddable":true,"href":"https:\/\/cuciroma.com\/en\/wp-json\/wp\/v2\/product_tag?post=6350"}],"curies":[{"name":"wp","href":"https:\/\/api.w.org\/{rel}","templated":true}]}}