{"id":6341,"date":"2015-09-17T18:09:41","date_gmt":"2015-09-17T16:09:41","guid":{"rendered":"https:\/\/cuciroma.com\/prodotto\/janome-8900-qcp-2\/"},"modified":"2020-07-23T19:39:53","modified_gmt":"2020-07-23T17:39:53","slug":"janome-8900-qcp","status":"publish","type":"product","link":"https:\/\/cuciroma.com\/en\/prodotto\/janome-8900-qcp\/","title":{"rendered":"Janome 8900 QCP"},"content":{"rendered":"<p><strong>La Janome 8900 \u00e8 la compagna ideale per chi fa del cucito il proprio mestiere, le caratteristiche in grandi linee sono similari alla 8200 con l&#8217;ampliamento dei punti fino a 975 completo di alfabeti, 1000 punti al minuto \u00e8 la sua velocit\u00e0, 11 sono le asole di varie tipologie, grande novit\u00e0 \u00e8 il pedale (opzionale) per il rasafilo come le macchine industriali, ampiezza del punto pu\u00f2 arrivare fino a 9 mm, pulsante avvio\/arresto per chi vuole gestire la cucitura senza l&#8217;utilizzo del reostato, infila ago automatico.<\/strong><\/p>\n<p><strong><span style=\"color: #800000;\">Specifiche:<\/span><\/strong><\/p>\n<ul>\n<li><strong>Macchina per cucire elettronica a braccio lungo<\/strong><\/li>\n<li><strong>Crochet rotativo<\/strong><\/li>\n<li><strong>Infila ago automatico<\/strong><\/li>\n<li><strong>1000 punti al minuto<\/strong><\/li>\n<li><strong>975 tipi di punti inclusi gli alfabeti<\/strong><\/li>\n<li><strong>Ampiezza del punto di 9 mm<\/strong><\/li>\n<li><strong>11 tipi di asole automatiche<\/strong><\/li>\n<li><strong>Regola tensione automatico<\/strong><\/li>\n<li><strong>Funzione ferma punto<\/strong><\/li>\n<li><strong>Pulsante avvio\/arresto<\/strong><\/li>\n<li><strong>Possibilit\u00e0 di inserimento del doppio ago<\/strong><\/li>\n<li><strong>Uso di piedini snap on<\/strong><\/li>\n<li><strong>Funzione di ripresa<\/strong><\/li>\n<li><strong>Schermo con rotella di selezione<\/strong><\/li>\n<li><strong>Reostato con il rasafilo (accessorio opzionale)<\/strong><\/li>\n<\/ul>\n","protected":false},"excerpt":{"rendered":"<p><strong>La Janome 8900 \u00e8 la compagna ideale per chi fa del cucito il proprio mestiere, le caratteristiche in grandi linee sono similari alla 8200 con l&#8217;ampliamento dei punti fino a 975 completo di alfabeti, 1000 punti al minuto \u00e8 la sua velocit\u00e0, 11 sono le asole di varie tipologie, grande novit\u00e0 \u00e8 il pedale (opzionale) per il rasafilo come le macchine industriali, ampiezza del punto pu\u00f2 arrivare fino a 9 mm, pulsante avvio\/arresto per chi vuole gestire la cucitura senza l&#8217;utilizzo del reostato, infila ago automatico.<\/strong><\/p>\n","protected":false},"featured_media":10493,"comment_status":"closed","ping_status":"closed","template":"","meta":[],"product_brand":[],"product_cat":[172],"product_tag":[],"class_list":{"0":"post-6341","1":"product","2":"type-product","3":"status-publish","4":"has-post-thumbnail","6":"product_cat-janome-elettroniche-en","7":"pa_trovaprezzi-pubblicato","9":"first","10":"instock","11":"taxable","12":"shipping-taxable","13":"purchasable","14":"product-type-simple"},"yoast_head":"<!-- This site is optimized with the Yoast SEO plugin v27.2 - https:\/\/yoast.com\/product\/yoast-seo-wordpress\/ -->\n<title>Janome 8900 QCP - Cuciroma | Macchine da cucire e accessori per il ricamo<\/title>\n<meta name=\"robots\" content=\"index, follow, max-snippet:-1, max-image-preview:large, max-video-preview:-1\" \/>\n<link rel=\"canonical\" href=\"https:\/\/cuciroma.com\/prodotto\/janome-8900-qcp\/\" \/>\n<meta property=\"og:locale\" content=\"en_US\" \/>\n<meta property=\"og:type\" content=\"article\" \/>\n<meta property=\"og:title\" content=\"Janome 8900 QCP - Cuciroma | Macchine da cucire e accessori per il ricamo\" \/>\n<meta property=\"og:description\" content=\"La Janome 8900 \u00e8 la compagna ideale per chi fa del cucito il proprio mestiere, le caratteristiche in grandi linee sono similari alla 8200 con l&#039;ampliamento dei punti fino a 975 completo di alfabeti, 1000 punti al minuto \u00e8 la sua velocit\u00e0, 11 sono le asole di varie tipologie, grande novit\u00e0 \u00e8 il pedale (opzionale) per il rasafilo come le macchine industriali, ampiezza del punto pu\u00f2 arrivare fino a 9 mm, pulsante avvio\/arresto per chi vuole gestire la cucitura senza l&#039;utilizzo del reostato, infila ago automatico.\" \/>\n<meta property=\"og:url\" content=\"https:\/\/cuciroma.com\/prodotto\/janome-8900-qcp\/\" \/>\n<meta property=\"og:site_name\" content=\"Cuciroma | Macchine da cucire e accessori per il ricamo\" \/>\n<meta property=\"article:publisher\" content=\"https:\/\/www.facebook.com\/cuciroma\/\" \/>\n<meta property=\"article:modified_time\" content=\"2020-07-23T17:39:53+00:00\" \/>\n<meta property=\"og:image\" content=\"https:\/\/cuciroma.com\/wp-content\/uploads\/2015\/09\/janome-89001.jpg\" \/>\n\t<meta property=\"og:image:width\" content=\"800\" \/>\n\t<meta property=\"og:image:height\" content=\"492\" \/>\n\t<meta property=\"og:image:type\" content=\"image\/jpeg\" \/>\n<meta name=\"twitter:card\" content=\"summary_large_image\" \/>\n<meta name=\"twitter:label1\" content=\"Est. reading time\" \/>\n\t<meta name=\"twitter:data1\" content=\"1 minute\" \/>\n<script type=\"application\/ld+json\" class=\"yoast-schema-graph\">{\"@context\":\"https:\/\/schema.org\",\"@graph\":[{\"@type\":\"WebPage\",\"@id\":\"https:\/\/cuciroma.com\/prodotto\/janome-8900-qcp\/\",\"url\":\"https:\/\/cuciroma.com\/prodotto\/janome-8900-qcp\/\",\"name\":\"Janome 8900 QCP - Cuciroma | Macchine da cucire e accessori per il ricamo\",\"isPartOf\":{\"@id\":\"https:\/\/cuciroma.com\/#website\"},\"primaryImageOfPage\":{\"@id\":\"https:\/\/cuciroma.com\/prodotto\/janome-8900-qcp\/#primaryimage\"},\"image\":{\"@id\":\"https:\/\/cuciroma.com\/prodotto\/janome-8900-qcp\/#primaryimage\"},\"thumbnailUrl\":\"https:\/\/cuciroma.com\/wp-content\/uploads\/2015\/09\/janome-89001.jpg\",\"datePublished\":\"2015-09-17T16:09:41+00:00\",\"dateModified\":\"2020-07-23T17:39:53+00:00\",\"breadcrumb\":{\"@id\":\"https:\/\/cuciroma.com\/prodotto\/janome-8900-qcp\/#breadcrumb\"},\"inLanguage\":\"en-US\",\"potentialAction\":[{\"@type\":\"ReadAction\",\"target\":[\"https:\/\/cuciroma.com\/prodotto\/janome-8900-qcp\/\"]}]},{\"@type\":\"ImageObject\",\"inLanguage\":\"en-US\",\"@id\":\"https:\/\/cuciroma.com\/prodotto\/janome-8900-qcp\/#primaryimage\",\"url\":\"https:\/\/cuciroma.com\/wp-content\/uploads\/2015\/09\/janome-89001.jpg\",\"contentUrl\":\"https:\/\/cuciroma.com\/wp-content\/uploads\/2015\/09\/janome-89001.jpg\",\"width\":800,\"height\":492},{\"@type\":\"BreadcrumbList\",\"@id\":\"https:\/\/cuciroma.com\/prodotto\/janome-8900-qcp\/#breadcrumb\",\"itemListElement\":[{\"@type\":\"ListItem\",\"position\":1,\"name\":\"Shop On line\",\"item\":\"https:\/\/cuciroma.com\/shop\/\"},{\"@type\":\"ListItem\",\"position\":2,\"name\":\"Janome 8900 QCP\"}]},{\"@type\":\"WebSite\",\"@id\":\"https:\/\/cuciroma.com\/#website\",\"url\":\"https:\/\/cuciroma.com\/\",\"name\":\"Cuciroma | Macchine da cucire e accessori per il ricamo\",\"description\":\"Rivenditore e Assistenza autorizzata Macchine da Cucire Professionali\",\"publisher\":{\"@id\":\"https:\/\/cuciroma.com\/#organization\"},\"potentialAction\":[{\"@type\":\"SearchAction\",\"target\":{\"@type\":\"EntryPoint\",\"urlTemplate\":\"https:\/\/cuciroma.com\/?s={search_term_string}\"},\"query-input\":{\"@type\":\"PropertyValueSpecification\",\"valueRequired\":true,\"valueName\":\"search_term_string\"}}],\"inLanguage\":\"en-US\"},{\"@type\":\"Organization\",\"@id\":\"https:\/\/cuciroma.com\/#organization\",\"name\":\"Cuciroma\",\"url\":\"https:\/\/cuciroma.com\/\",\"logo\":{\"@type\":\"ImageObject\",\"inLanguage\":\"en-US\",\"@id\":\"https:\/\/cuciroma.com\/#\/schema\/logo\/image\/\",\"url\":\"https:\/\/cuciroma.com\/wp-content\/uploads\/2020\/07\/logo-cuciroma.png\",\"contentUrl\":\"https:\/\/cuciroma.com\/wp-content\/uploads\/2020\/07\/logo-cuciroma.png\",\"width\":565,\"height\":159,\"caption\":\"Cuciroma\"},\"image\":{\"@id\":\"https:\/\/cuciroma.com\/#\/schema\/logo\/image\/\"},\"sameAs\":[\"https:\/\/www.facebook.com\/cuciroma\/\",\"https:\/\/www.instagram.com\/cuciroma\/\"]}]}<\/script>\n<!-- \/ Yoast SEO plugin. -->","yoast_head_json":{"title":"Janome 8900 QCP - Cuciroma | Macchine da cucire e accessori per il ricamo","robots":{"index":"index","follow":"follow","max-snippet":"max-snippet:-1","max-image-preview":"max-image-preview:large","max-video-preview":"max-video-preview:-1"},"canonical":"https:\/\/cuciroma.com\/prodotto\/janome-8900-qcp\/","og_locale":"en_US","og_type":"article","og_title":"Janome 8900 QCP - Cuciroma | Macchine da cucire e accessori per il ricamo","og_description":"La Janome 8900 \u00e8 la compagna ideale per chi fa del cucito il proprio mestiere, le caratteristiche in grandi linee sono similari alla 8200 con l'ampliamento dei punti fino a 975 completo di alfabeti, 1000 punti al minuto \u00e8 la sua velocit\u00e0, 11 sono le asole di varie tipologie, grande novit\u00e0 \u00e8 il pedale (opzionale) per il rasafilo come le macchine industriali, ampiezza del punto pu\u00f2 arrivare fino a 9 mm, pulsante avvio\/arresto per chi vuole gestire la cucitura senza l'utilizzo del reostato, infila ago automatico.","og_url":"https:\/\/cuciroma.com\/prodotto\/janome-8900-qcp\/","og_site_name":"Cuciroma | Macchine da cucire e accessori per il ricamo","article_publisher":"https:\/\/www.facebook.com\/cuciroma\/","article_modified_time":"2020-07-23T17:39:53+00:00","og_image":[{"width":800,"height":492,"url":"https:\/\/cuciroma.com\/wp-content\/uploads\/2015\/09\/janome-89001.jpg","type":"image\/jpeg"}],"twitter_card":"summary_large_image","twitter_misc":{"Est. reading time":"1 minute"},"schema":{"@context":"https:\/\/schema.org","@graph":[{"@type":"WebPage","@id":"https:\/\/cuciroma.com\/prodotto\/janome-8900-qcp\/","url":"https:\/\/cuciroma.com\/prodotto\/janome-8900-qcp\/","name":"Janome 8900 QCP - Cuciroma | Macchine da cucire e accessori per il ricamo","isPartOf":{"@id":"https:\/\/cuciroma.com\/#website"},"primaryImageOfPage":{"@id":"https:\/\/cuciroma.com\/prodotto\/janome-8900-qcp\/#primaryimage"},"image":{"@id":"https:\/\/cuciroma.com\/prodotto\/janome-8900-qcp\/#primaryimage"},"thumbnailUrl":"https:\/\/cuciroma.com\/wp-content\/uploads\/2015\/09\/janome-89001.jpg","datePublished":"2015-09-17T16:09:41+00:00","dateModified":"2020-07-23T17:39:53+00:00","breadcrumb":{"@id":"https:\/\/cuciroma.com\/prodotto\/janome-8900-qcp\/#breadcrumb"},"inLanguage":"en-US","potentialAction":[{"@type":"ReadAction","target":["https:\/\/cuciroma.com\/prodotto\/janome-8900-qcp\/"]}]},{"@type":"ImageObject","inLanguage":"en-US","@id":"https:\/\/cuciroma.com\/prodotto\/janome-8900-qcp\/#primaryimage","url":"https:\/\/cuciroma.com\/wp-content\/uploads\/2015\/09\/janome-89001.jpg","contentUrl":"https:\/\/cuciroma.com\/wp-content\/uploads\/2015\/09\/janome-89001.jpg","width":800,"height":492},{"@type":"BreadcrumbList","@id":"https:\/\/cuciroma.com\/prodotto\/janome-8900-qcp\/#breadcrumb","itemListElement":[{"@type":"ListItem","position":1,"name":"Shop On line","item":"https:\/\/cuciroma.com\/shop\/"},{"@type":"ListItem","position":2,"name":"Janome 8900 QCP"}]},{"@type":"WebSite","@id":"https:\/\/cuciroma.com\/#website","url":"https:\/\/cuciroma.com\/","name":"Cuciroma | Macchine da cucire e accessori per il ricamo","description":"Rivenditore e Assistenza autorizzata Macchine da Cucire Professionali","publisher":{"@id":"https:\/\/cuciroma.com\/#organization"},"potentialAction":[{"@type":"SearchAction","target":{"@type":"EntryPoint","urlTemplate":"https:\/\/cuciroma.com\/?s={search_term_string}"},"query-input":{"@type":"PropertyValueSpecification","valueRequired":true,"valueName":"search_term_string"}}],"inLanguage":"en-US"},{"@type":"Organization","@id":"https:\/\/cuciroma.com\/#organization","name":"Cuciroma","url":"https:\/\/cuciroma.com\/","logo":{"@type":"ImageObject","inLanguage":"en-US","@id":"https:\/\/cuciroma.com\/#\/schema\/logo\/image\/","url":"https:\/\/cuciroma.com\/wp-content\/uploads\/2020\/07\/logo-cuciroma.png","contentUrl":"https:\/\/cuciroma.com\/wp-content\/uploads\/2020\/07\/logo-cuciroma.png","width":565,"height":159,"caption":"Cuciroma"},"image":{"@id":"https:\/\/cuciroma.com\/#\/schema\/logo\/image\/"},"sameAs":["https:\/\/www.facebook.com\/cuciroma\/","https:\/\/www.instagram.com\/cuciroma\/"]}]}},"df_price":2399,"df_sale_price":"","df_regular_price":2399,"df_image_link":"https:\/\/cuciroma.com\/wp-content\/uploads\/2015\/09\/janome-89001-300x185.jpg","_links":{"self":[{"href":"https:\/\/cuciroma.com\/en\/wp-json\/wp\/v2\/product\/6341","targetHints":{"allow":["GET"]}}],"collection":[{"href":"https:\/\/cuciroma.com\/en\/wp-json\/wp\/v2\/product"}],"about":[{"href":"https:\/\/cuciroma.com\/en\/wp-json\/wp\/v2\/types\/product"}],"replies":[{"embeddable":true,"href":"https:\/\/cuciroma.com\/en\/wp-json\/wp\/v2\/comments?post=6341"}],"wp:featuredmedia":[{"embeddable":true,"href":"https:\/\/cuciroma.com\/en\/wp-json\/wp\/v2\/media\/10493"}],"wp:attachment":[{"href":"https:\/\/cuciroma.com\/en\/wp-json\/wp\/v2\/media?parent=6341"}],"wp:term":[{"taxonomy":"product_brand","embeddable":true,"href":"https:\/\/cuciroma.com\/en\/wp-json\/wp\/v2\/product_brand?post=6341"},{"taxonomy":"product_cat","embeddable":true,"href":"https:\/\/cuciroma.com\/en\/wp-json\/wp\/v2\/product_cat?post=6341"},{"taxonomy":"product_tag","embeddable":true,"href":"https:\/\/cuciroma.com\/en\/wp-json\/wp\/v2\/product_tag?post=6341"}],"curies":[{"name":"wp","href":"https:\/\/api.w.org\/{rel}","templated":true}]}}