{"id":6269,"date":"2015-09-24T18:28:56","date_gmt":"2015-09-24T16:28:56","guid":{"rendered":"https:\/\/cuciroma.com\/prodotto\/brother-xn-1700-2\/"},"modified":"2024-05-24T17:12:57","modified_gmt":"2024-05-24T15:12:57","slug":"brother-xn-1700","status":"publish","type":"product","link":"https:\/\/cuciroma.com\/en\/prodotto\/brother-xn-1700\/","title":{"rendered":"Brother XN 1700"},"content":{"rendered":"<p><strong><span id=\"result_box\" class=\"\" lang=\"it\" style=\"color: #800000;\" tabindex=\"-1\"><span title=\"Imagine a sewing machine compact enough to whisk away to a sewing class or fit in your book shelf.&lt;br \/&gt;&lt;br \/&gt;&lt;br \/&gt;&lt;br \/&gt;&lt;br \/&gt;&lt;br \/&gt; \">VUOI UN ULTERIORE SCONTO?\u2026.CONTATTACI VIA E-MAIL, CHAT, OPPURE TELEFONICAMENTE <\/span><\/span>Macchina per cucire meccanica . Una bella selezione di 17 punti utili, elastici e decorativi a vostra totale disposizione per tutti i progetti creativi con cui vi confronterete. Grazie all\u2019asola automatica che viene realizzata in 4 fasi puoi realizzare e completare in un attimo i tuoi lavori perch\u00e9 a tua disposizione in dotazione sulla macchina c\u2019\u00e8 il piedino di posizionamento per i bottoni. Macchina idonea anche a chi si appresta ad intraprendere per la prima volta lavori nell\u2019ambito del cucito. I punti sono tutti visibili sul frontale della macchina e possono essere facilmente selezionati attraverso la comoda manopola. L\u2019infilatura \u00e8 semplice e rapida, il crochet orizzontale permette un comodo inserimento della spolina dall\u2019alto e il copri bobina trasparente ti permette di lavorare in tutta comodit\u00e0 e tranquillit\u00e0 perch\u00e9 facilmente e velocemente ispezionabile. Questa macchina \u00e8 completa di braccio libero che consente di eseguire cuciture tubolari quali maniche, polsini, pantaloni e mette a tua disposizione anche il selettore per la retromarcia per eseguire impunture rinforzate e rammendi decorativi e non. <\/strong><br \/>\n<strong>Grandissima sicurezza durante il riempimento della bobina perch\u00e9 la barra dell\u2019ago si disinserisce automaticamente. L\u2019illuminazione Led \u00e8 poi un&#8217;altra funzione irrinunciabile per lavorare in completa comodit\u00e0. Una macchina per cucire completa e preziosa per tutti i vostri lavori, dar\u00e0 spazio alla vostra fantasia perch\u00e9 oltre a essere semplice da usare \u00e8 facile da riporre.<\/strong><\/p>\n","protected":false},"excerpt":{"rendered":"<p>VUOI UN ULTERIORE SCONTO?\u2026.CONTATTACI VIA E-MAIL, CHAT, OPPURE TELEFONICAMENTE Macchina per cucire meccanica . Una bella selezione di 17 punti utili, elastici e decorativi a vostra totale disposizione per tutti i progetti creativi con cui vi confronterete. Grazie all\u2019asola automatica che viene realizzata in 4 fasi puoi realizzare e completare in un attimo i tuoi<\/p>\n","protected":false},"featured_media":10263,"comment_status":"closed","ping_status":"closed","template":"","meta":[],"product_brand":[],"product_cat":[167],"product_tag":[],"class_list":{"0":"post-6269","1":"product","2":"type-product","3":"status-publish","4":"has-post-thumbnail","6":"product_cat-brother-meccaniche-en","7":"pa_trovaprezzi-pubblicato-en","9":"first","10":"instock","11":"taxable","12":"shipping-taxable","13":"purchasable","14":"product-type-simple"},"yoast_head":"<!-- This site is optimized with the Yoast SEO plugin v27.2 - https:\/\/yoast.com\/product\/yoast-seo-wordpress\/ -->\n<title>Brother XN 1700 - Cuciroma | Macchine da cucire e accessori per il ricamo<\/title>\n<meta name=\"robots\" content=\"index, follow, max-snippet:-1, max-image-preview:large, max-video-preview:-1\" \/>\n<link rel=\"canonical\" href=\"https:\/\/cuciroma.com\/en\/prodotto\/brother-xn-1700\/\" \/>\n<meta property=\"og:locale\" content=\"en_US\" \/>\n<meta property=\"og:type\" content=\"article\" \/>\n<meta property=\"og:title\" content=\"Brother XN 1700 - Cuciroma | Macchine da cucire e accessori per il ricamo\" \/>\n<meta property=\"og:description\" content=\"VUOI UN ULTERIORE SCONTO?\u2026.CONTATTACI VIA E-MAIL, CHAT, OPPURE TELEFONICAMENTE Macchina per cucire meccanica . Una bella selezione di 17 punti utili, elastici e decorativi a vostra totale disposizione per tutti i progetti creativi con cui vi confronterete. Grazie all\u2019asola automatica che viene realizzata in 4 fasi puoi realizzare e completare in un attimo i tuoi\" \/>\n<meta property=\"og:url\" content=\"https:\/\/cuciroma.com\/en\/prodotto\/brother-xn-1700\/\" \/>\n<meta property=\"og:site_name\" content=\"Cuciroma | Macchine da cucire e accessori per il ricamo\" \/>\n<meta property=\"article:publisher\" content=\"https:\/\/www.facebook.com\/cuciroma\/\" \/>\n<meta property=\"article:modified_time\" content=\"2024-05-24T15:12:57+00:00\" \/>\n<meta property=\"og:image\" content=\"https:\/\/cuciroma.com\/wp-content\/uploads\/2015\/09\/brother-xn1700.jpg\" \/>\n\t<meta property=\"og:image:width\" content=\"640\" \/>\n\t<meta property=\"og:image:height\" content=\"640\" \/>\n\t<meta property=\"og:image:type\" content=\"image\/jpeg\" \/>\n<meta name=\"twitter:card\" content=\"summary_large_image\" \/>\n<meta name=\"twitter:label1\" content=\"Est. reading time\" \/>\n\t<meta name=\"twitter:data1\" content=\"1 minute\" \/>\n<script type=\"application\/ld+json\" class=\"yoast-schema-graph\">{\"@context\":\"https:\/\/schema.org\",\"@graph\":[{\"@type\":\"WebPage\",\"@id\":\"https:\/\/cuciroma.com\/en\/prodotto\/brother-xn-1700\/\",\"url\":\"https:\/\/cuciroma.com\/en\/prodotto\/brother-xn-1700\/\",\"name\":\"Brother XN 1700 - Cuciroma | Macchine da cucire e accessori per il ricamo\",\"isPartOf\":{\"@id\":\"https:\/\/cuciroma.com\/#website\"},\"primaryImageOfPage\":{\"@id\":\"https:\/\/cuciroma.com\/en\/prodotto\/brother-xn-1700\/#primaryimage\"},\"image\":{\"@id\":\"https:\/\/cuciroma.com\/en\/prodotto\/brother-xn-1700\/#primaryimage\"},\"thumbnailUrl\":\"https:\/\/cuciroma.com\/wp-content\/uploads\/2015\/09\/brother-xn1700.jpg\",\"datePublished\":\"2015-09-24T16:28:56+00:00\",\"dateModified\":\"2024-05-24T15:12:57+00:00\",\"breadcrumb\":{\"@id\":\"https:\/\/cuciroma.com\/en\/prodotto\/brother-xn-1700\/#breadcrumb\"},\"inLanguage\":\"en-US\",\"potentialAction\":[{\"@type\":\"ReadAction\",\"target\":[\"https:\/\/cuciroma.com\/en\/prodotto\/brother-xn-1700\/\"]}]},{\"@type\":\"ImageObject\",\"inLanguage\":\"en-US\",\"@id\":\"https:\/\/cuciroma.com\/en\/prodotto\/brother-xn-1700\/#primaryimage\",\"url\":\"https:\/\/cuciroma.com\/wp-content\/uploads\/2015\/09\/brother-xn1700.jpg\",\"contentUrl\":\"https:\/\/cuciroma.com\/wp-content\/uploads\/2015\/09\/brother-xn1700.jpg\",\"width\":640,\"height\":640},{\"@type\":\"BreadcrumbList\",\"@id\":\"https:\/\/cuciroma.com\/en\/prodotto\/brother-xn-1700\/#breadcrumb\",\"itemListElement\":[{\"@type\":\"ListItem\",\"position\":1,\"name\":\"Shop On line\",\"item\":\"https:\/\/cuciroma.com\/shop\/\"},{\"@type\":\"ListItem\",\"position\":2,\"name\":\"Brother XN 1700\"}]},{\"@type\":\"WebSite\",\"@id\":\"https:\/\/cuciroma.com\/#website\",\"url\":\"https:\/\/cuciroma.com\/\",\"name\":\"Cuciroma | Macchine da cucire e accessori per il ricamo\",\"description\":\"Rivenditore e Assistenza autorizzata Macchine da Cucire Professionali\",\"publisher\":{\"@id\":\"https:\/\/cuciroma.com\/#organization\"},\"potentialAction\":[{\"@type\":\"SearchAction\",\"target\":{\"@type\":\"EntryPoint\",\"urlTemplate\":\"https:\/\/cuciroma.com\/?s={search_term_string}\"},\"query-input\":{\"@type\":\"PropertyValueSpecification\",\"valueRequired\":true,\"valueName\":\"search_term_string\"}}],\"inLanguage\":\"en-US\"},{\"@type\":\"Organization\",\"@id\":\"https:\/\/cuciroma.com\/#organization\",\"name\":\"Cuciroma\",\"url\":\"https:\/\/cuciroma.com\/\",\"logo\":{\"@type\":\"ImageObject\",\"inLanguage\":\"en-US\",\"@id\":\"https:\/\/cuciroma.com\/#\/schema\/logo\/image\/\",\"url\":\"https:\/\/cuciroma.com\/wp-content\/uploads\/2020\/07\/logo-cuciroma.png\",\"contentUrl\":\"https:\/\/cuciroma.com\/wp-content\/uploads\/2020\/07\/logo-cuciroma.png\",\"width\":565,\"height\":159,\"caption\":\"Cuciroma\"},\"image\":{\"@id\":\"https:\/\/cuciroma.com\/#\/schema\/logo\/image\/\"},\"sameAs\":[\"https:\/\/www.facebook.com\/cuciroma\/\",\"https:\/\/www.instagram.com\/cuciroma\/\"]}]}<\/script>\n<!-- \/ Yoast SEO plugin. -->","yoast_head_json":{"title":"Brother XN 1700 - Cuciroma | Macchine da cucire e accessori per il ricamo","robots":{"index":"index","follow":"follow","max-snippet":"max-snippet:-1","max-image-preview":"max-image-preview:large","max-video-preview":"max-video-preview:-1"},"canonical":"https:\/\/cuciroma.com\/en\/prodotto\/brother-xn-1700\/","og_locale":"en_US","og_type":"article","og_title":"Brother XN 1700 - Cuciroma | Macchine da cucire e accessori per il ricamo","og_description":"VUOI UN ULTERIORE SCONTO?\u2026.CONTATTACI VIA E-MAIL, CHAT, OPPURE TELEFONICAMENTE Macchina per cucire meccanica . Una bella selezione di 17 punti utili, elastici e decorativi a vostra totale disposizione per tutti i progetti creativi con cui vi confronterete. Grazie all\u2019asola automatica che viene realizzata in 4 fasi puoi realizzare e completare in un attimo i tuoi","og_url":"https:\/\/cuciroma.com\/en\/prodotto\/brother-xn-1700\/","og_site_name":"Cuciroma | Macchine da cucire e accessori per il ricamo","article_publisher":"https:\/\/www.facebook.com\/cuciroma\/","article_modified_time":"2024-05-24T15:12:57+00:00","og_image":[{"width":640,"height":640,"url":"https:\/\/cuciroma.com\/wp-content\/uploads\/2015\/09\/brother-xn1700.jpg","type":"image\/jpeg"}],"twitter_card":"summary_large_image","twitter_misc":{"Est. reading time":"1 minute"},"schema":{"@context":"https:\/\/schema.org","@graph":[{"@type":"WebPage","@id":"https:\/\/cuciroma.com\/en\/prodotto\/brother-xn-1700\/","url":"https:\/\/cuciroma.com\/en\/prodotto\/brother-xn-1700\/","name":"Brother XN 1700 - Cuciroma | Macchine da cucire e accessori per il ricamo","isPartOf":{"@id":"https:\/\/cuciroma.com\/#website"},"primaryImageOfPage":{"@id":"https:\/\/cuciroma.com\/en\/prodotto\/brother-xn-1700\/#primaryimage"},"image":{"@id":"https:\/\/cuciroma.com\/en\/prodotto\/brother-xn-1700\/#primaryimage"},"thumbnailUrl":"https:\/\/cuciroma.com\/wp-content\/uploads\/2015\/09\/brother-xn1700.jpg","datePublished":"2015-09-24T16:28:56+00:00","dateModified":"2024-05-24T15:12:57+00:00","breadcrumb":{"@id":"https:\/\/cuciroma.com\/en\/prodotto\/brother-xn-1700\/#breadcrumb"},"inLanguage":"en-US","potentialAction":[{"@type":"ReadAction","target":["https:\/\/cuciroma.com\/en\/prodotto\/brother-xn-1700\/"]}]},{"@type":"ImageObject","inLanguage":"en-US","@id":"https:\/\/cuciroma.com\/en\/prodotto\/brother-xn-1700\/#primaryimage","url":"https:\/\/cuciroma.com\/wp-content\/uploads\/2015\/09\/brother-xn1700.jpg","contentUrl":"https:\/\/cuciroma.com\/wp-content\/uploads\/2015\/09\/brother-xn1700.jpg","width":640,"height":640},{"@type":"BreadcrumbList","@id":"https:\/\/cuciroma.com\/en\/prodotto\/brother-xn-1700\/#breadcrumb","itemListElement":[{"@type":"ListItem","position":1,"name":"Shop On line","item":"https:\/\/cuciroma.com\/shop\/"},{"@type":"ListItem","position":2,"name":"Brother XN 1700"}]},{"@type":"WebSite","@id":"https:\/\/cuciroma.com\/#website","url":"https:\/\/cuciroma.com\/","name":"Cuciroma | Macchine da cucire e accessori per il ricamo","description":"Rivenditore e Assistenza autorizzata Macchine da Cucire Professionali","publisher":{"@id":"https:\/\/cuciroma.com\/#organization"},"potentialAction":[{"@type":"SearchAction","target":{"@type":"EntryPoint","urlTemplate":"https:\/\/cuciroma.com\/?s={search_term_string}"},"query-input":{"@type":"PropertyValueSpecification","valueRequired":true,"valueName":"search_term_string"}}],"inLanguage":"en-US"},{"@type":"Organization","@id":"https:\/\/cuciroma.com\/#organization","name":"Cuciroma","url":"https:\/\/cuciroma.com\/","logo":{"@type":"ImageObject","inLanguage":"en-US","@id":"https:\/\/cuciroma.com\/#\/schema\/logo\/image\/","url":"https:\/\/cuciroma.com\/wp-content\/uploads\/2020\/07\/logo-cuciroma.png","contentUrl":"https:\/\/cuciroma.com\/wp-content\/uploads\/2020\/07\/logo-cuciroma.png","width":565,"height":159,"caption":"Cuciroma"},"image":{"@id":"https:\/\/cuciroma.com\/#\/schema\/logo\/image\/"},"sameAs":["https:\/\/www.facebook.com\/cuciroma\/","https:\/\/www.instagram.com\/cuciroma\/"]}]}},"df_price":179,"df_sale_price":"","df_regular_price":179,"df_image_link":"https:\/\/cuciroma.com\/wp-content\/uploads\/2015\/09\/brother-xn1700-300x300.jpg","_links":{"self":[{"href":"https:\/\/cuciroma.com\/en\/wp-json\/wp\/v2\/product\/6269","targetHints":{"allow":["GET"]}}],"collection":[{"href":"https:\/\/cuciroma.com\/en\/wp-json\/wp\/v2\/product"}],"about":[{"href":"https:\/\/cuciroma.com\/en\/wp-json\/wp\/v2\/types\/product"}],"replies":[{"embeddable":true,"href":"https:\/\/cuciroma.com\/en\/wp-json\/wp\/v2\/comments?post=6269"}],"wp:featuredmedia":[{"embeddable":true,"href":"https:\/\/cuciroma.com\/en\/wp-json\/wp\/v2\/media\/10263"}],"wp:attachment":[{"href":"https:\/\/cuciroma.com\/en\/wp-json\/wp\/v2\/media?parent=6269"}],"wp:term":[{"taxonomy":"product_brand","embeddable":true,"href":"https:\/\/cuciroma.com\/en\/wp-json\/wp\/v2\/product_brand?post=6269"},{"taxonomy":"product_cat","embeddable":true,"href":"https:\/\/cuciroma.com\/en\/wp-json\/wp\/v2\/product_cat?post=6269"},{"taxonomy":"product_tag","embeddable":true,"href":"https:\/\/cuciroma.com\/en\/wp-json\/wp\/v2\/product_tag?post=6269"}],"curies":[{"name":"wp","href":"https:\/\/api.w.org\/{rel}","templated":true}]}}