{"id":6251,"date":"2015-09-25T19:36:48","date_gmt":"2015-09-25T17:36:48","guid":{"rendered":"https:\/\/cuciroma.com\/prodotto\/juki-ddl-9000a-2-2\/"},"modified":"2024-06-04T09:15:43","modified_gmt":"2024-06-04T07:15:43","slug":"juki-ddl-9000a-2","status":"publish","type":"product","link":"https:\/\/cuciroma.com\/en\/prodotto\/juki-ddl-9000a-2\/","title":{"rendered":"Juki DDL-9000C-FMS"},"content":{"rendered":"<p>Grazie alla regolazione digitale in verticale l&#8217;altezza della griffa si pu\u00f2 regolare con facilit\u00e0 a seconda del materiale da cucire, migliorando cos\u00ec la qualit\u00e0 della cucitura. Il rasafilo pu\u00f2 essere azionato quindi con la griffa abbassata quando viene abilitata la funzione \u201ctaglio corto del filo\u201d. Questa funzione riduce lo spazio fra la placca d\u2019ago e il materiale, assicurando una lunghezza uniforme del filo dell&#8217;ago durante il taglio. I denti della griffa con questa funzione non fuoriescono dalla placca d&#8217;ago nel momento dell\u2019arresto della macchina con la barra d&#8217;ago nella posizione<br \/>\nalta, facilitando in tal modo il posizionamento e la rimozione del materiale dalla zona di cucitura senza danneggiare il tessuto. Sistema del trasporto con movimento elettronico verticale ed orizzontale 4 diverse regoLazioni deL trasporto seLezionabili La geometria del movimento del trasporto si pu\u00f2 modificare a seconda del materiale che si deve cucire.La creazione della cucitura Juki, da sempre impegnata nel migliorare la &#8220;qualit\u00e0 della cucitura&#8221;, vi proietta in una nuova era con un sistema di cucitura digitale di nuova generazione.<br \/>\nOggi le macchine per cucire sono regolate dall&#8217;operatore sulla base di esperienze personali e professionali, con il rischio di ottenere una cucitura qualitativamente non standardizzata. Con l&#8217;avvento del sistema di cucitura digitale della Juki DDL-9000C le diverse regolazioni della macchina sono completamente digitalizzate e vengono impostate con precisione a seconda delle diverse tipologie di materiale da cucire garantendo nel contempo una qualit\u00e0 di cucitura costante indipendentemente dall&#8217;operatore e dal materiale da cucire.<\/p>\n<p>&nbsp;<\/p>\n<p><strong><span style=\"color: #800000;\">Caratteristiche tecniche:<\/span><\/strong><\/p>\n<p>Applicazione per tessuti medio<\/p>\n<p>Lubrificazione tipo semi secco<\/p>\n<p>Velocit\u00e0 max 5000\/p<\/p>\n<p>Lunghezza del punto 5 mm<\/p>\n<p>Sistema del rasafilo rotattorio a doppio taglio<\/p>\n<p>Corsa della barra ago 30,7 mm<\/p>\n<p>Altezza della griffa 0,8 mm<\/p>\n<p>Tensione del filo attivo<\/p>\n<p>Avvolgi bobina integrato<\/p>\n<p>Dimensione della macchina 517\u00d7178mm (distanza fra il braccio della macchina e l&#8217;ago: 303 mm)<\/p>\n<p>Motore integrato<\/p>\n<p>Potenza assorbita 520 Va<\/p>\n<p>&nbsp;<\/p>\n","protected":false},"excerpt":{"rendered":"<p>Grazie alla regolazione digitale in verticale l&#8217;altezza della griffa si pu\u00f2 regolare con facilit\u00e0 a seconda del materiale da cucire, migliorando cos\u00ec la qualit\u00e0 della cucitura. Il rasafilo pu\u00f2 essere azionato quindi con la griffa abbassata quando viene abilitata la funzione \u201ctaglio corto del filo\u201d. Questa funzione riduce lo spazio fra la placca d\u2019ago e<\/p>\n","protected":false},"featured_media":38239,"comment_status":"closed","ping_status":"closed","template":"","meta":[],"product_brand":[],"product_cat":[165],"product_tag":[],"class_list":{"0":"post-6251","1":"product","2":"type-product","3":"status-publish","4":"has-post-thumbnail","6":"product_cat-juki-lineari-en","7":"pa_trovaprezzi-pubblicato-en","9":"first","10":"instock","11":"taxable","12":"shipping-taxable","13":"purchasable","14":"product-type-simple"},"yoast_head":"<!-- This site is optimized with the Yoast SEO plugin v27.2 - https:\/\/yoast.com\/product\/yoast-seo-wordpress\/ -->\n<title>Juki DDL-9000C-FMS - Cuciroma | Macchine da cucire e accessori per il ricamo<\/title>\n<meta name=\"robots\" content=\"index, follow, max-snippet:-1, max-image-preview:large, max-video-preview:-1\" \/>\n<link rel=\"canonical\" href=\"https:\/\/cuciroma.com\/en\/prodotto\/juki-ddl-9000a-2\/\" \/>\n<meta property=\"og:locale\" content=\"en_US\" \/>\n<meta property=\"og:type\" content=\"article\" \/>\n<meta property=\"og:title\" content=\"Juki DDL-9000C-FMS - Cuciroma | Macchine da cucire e accessori per il ricamo\" \/>\n<meta property=\"og:description\" content=\"Grazie alla regolazione digitale in verticale l&#8217;altezza della griffa si pu\u00f2 regolare con facilit\u00e0 a seconda del materiale da cucire, migliorando cos\u00ec la qualit\u00e0 della cucitura. Il rasafilo pu\u00f2 essere azionato quindi con la griffa abbassata quando viene abilitata la funzione \u201ctaglio corto del filo\u201d. Questa funzione riduce lo spazio fra la placca d\u2019ago e\" \/>\n<meta property=\"og:url\" content=\"https:\/\/cuciroma.com\/en\/prodotto\/juki-ddl-9000a-2\/\" \/>\n<meta property=\"og:site_name\" content=\"Cuciroma | Macchine da cucire e accessori per il ricamo\" \/>\n<meta property=\"article:publisher\" content=\"https:\/\/www.facebook.com\/cuciroma\/\" \/>\n<meta property=\"article:modified_time\" content=\"2024-06-04T07:15:43+00:00\" \/>\n<meta property=\"og:image\" content=\"https:\/\/cuciroma.com\/wp-content\/uploads\/2015\/09\/Juki-DDL-9000CFMSNB.jpg\" \/>\n\t<meta property=\"og:image:width\" content=\"750\" \/>\n\t<meta property=\"og:image:height\" content=\"476\" \/>\n\t<meta property=\"og:image:type\" content=\"image\/jpeg\" \/>\n<meta name=\"twitter:card\" content=\"summary_large_image\" \/>\n<meta name=\"twitter:label1\" content=\"Est. reading time\" \/>\n\t<meta name=\"twitter:data1\" content=\"2 minutes\" \/>\n<script type=\"application\/ld+json\" class=\"yoast-schema-graph\">{\"@context\":\"https:\/\/schema.org\",\"@graph\":[{\"@type\":\"WebPage\",\"@id\":\"https:\/\/cuciroma.com\/en\/prodotto\/juki-ddl-9000a-2\/\",\"url\":\"https:\/\/cuciroma.com\/en\/prodotto\/juki-ddl-9000a-2\/\",\"name\":\"Juki DDL-9000C-FMS - Cuciroma | Macchine da cucire e accessori per il ricamo\",\"isPartOf\":{\"@id\":\"https:\/\/cuciroma.com\/#website\"},\"primaryImageOfPage\":{\"@id\":\"https:\/\/cuciroma.com\/en\/prodotto\/juki-ddl-9000a-2\/#primaryimage\"},\"image\":{\"@id\":\"https:\/\/cuciroma.com\/en\/prodotto\/juki-ddl-9000a-2\/#primaryimage\"},\"thumbnailUrl\":\"https:\/\/cuciroma.com\/wp-content\/uploads\/2015\/09\/Juki-DDL-9000CFMSNB.jpg\",\"datePublished\":\"2015-09-25T17:36:48+00:00\",\"dateModified\":\"2024-06-04T07:15:43+00:00\",\"breadcrumb\":{\"@id\":\"https:\/\/cuciroma.com\/en\/prodotto\/juki-ddl-9000a-2\/#breadcrumb\"},\"inLanguage\":\"en-US\",\"potentialAction\":[{\"@type\":\"ReadAction\",\"target\":[\"https:\/\/cuciroma.com\/en\/prodotto\/juki-ddl-9000a-2\/\"]}]},{\"@type\":\"ImageObject\",\"inLanguage\":\"en-US\",\"@id\":\"https:\/\/cuciroma.com\/en\/prodotto\/juki-ddl-9000a-2\/#primaryimage\",\"url\":\"https:\/\/cuciroma.com\/wp-content\/uploads\/2015\/09\/Juki-DDL-9000CFMSNB.jpg\",\"contentUrl\":\"https:\/\/cuciroma.com\/wp-content\/uploads\/2015\/09\/Juki-DDL-9000CFMSNB.jpg\",\"width\":750,\"height\":476},{\"@type\":\"BreadcrumbList\",\"@id\":\"https:\/\/cuciroma.com\/en\/prodotto\/juki-ddl-9000a-2\/#breadcrumb\",\"itemListElement\":[{\"@type\":\"ListItem\",\"position\":1,\"name\":\"Shop On line\",\"item\":\"https:\/\/cuciroma.com\/shop\/\"},{\"@type\":\"ListItem\",\"position\":2,\"name\":\"Juki DDL-9000C-FMS\"}]},{\"@type\":\"WebSite\",\"@id\":\"https:\/\/cuciroma.com\/#website\",\"url\":\"https:\/\/cuciroma.com\/\",\"name\":\"Cuciroma | Macchine da cucire e accessori per il ricamo\",\"description\":\"Rivenditore e Assistenza autorizzata Macchine da Cucire Professionali\",\"publisher\":{\"@id\":\"https:\/\/cuciroma.com\/#organization\"},\"potentialAction\":[{\"@type\":\"SearchAction\",\"target\":{\"@type\":\"EntryPoint\",\"urlTemplate\":\"https:\/\/cuciroma.com\/?s={search_term_string}\"},\"query-input\":{\"@type\":\"PropertyValueSpecification\",\"valueRequired\":true,\"valueName\":\"search_term_string\"}}],\"inLanguage\":\"en-US\"},{\"@type\":\"Organization\",\"@id\":\"https:\/\/cuciroma.com\/#organization\",\"name\":\"Cuciroma\",\"url\":\"https:\/\/cuciroma.com\/\",\"logo\":{\"@type\":\"ImageObject\",\"inLanguage\":\"en-US\",\"@id\":\"https:\/\/cuciroma.com\/#\/schema\/logo\/image\/\",\"url\":\"https:\/\/cuciroma.com\/wp-content\/uploads\/2020\/07\/logo-cuciroma.png\",\"contentUrl\":\"https:\/\/cuciroma.com\/wp-content\/uploads\/2020\/07\/logo-cuciroma.png\",\"width\":565,\"height\":159,\"caption\":\"Cuciroma\"},\"image\":{\"@id\":\"https:\/\/cuciroma.com\/#\/schema\/logo\/image\/\"},\"sameAs\":[\"https:\/\/www.facebook.com\/cuciroma\/\",\"https:\/\/www.instagram.com\/cuciroma\/\"]}]}<\/script>\n<!-- \/ Yoast SEO plugin. -->","yoast_head_json":{"title":"Juki DDL-9000C-FMS - Cuciroma | Macchine da cucire e accessori per il ricamo","robots":{"index":"index","follow":"follow","max-snippet":"max-snippet:-1","max-image-preview":"max-image-preview:large","max-video-preview":"max-video-preview:-1"},"canonical":"https:\/\/cuciroma.com\/en\/prodotto\/juki-ddl-9000a-2\/","og_locale":"en_US","og_type":"article","og_title":"Juki DDL-9000C-FMS - Cuciroma | Macchine da cucire e accessori per il ricamo","og_description":"Grazie alla regolazione digitale in verticale l&#8217;altezza della griffa si pu\u00f2 regolare con facilit\u00e0 a seconda del materiale da cucire, migliorando cos\u00ec la qualit\u00e0 della cucitura. Il rasafilo pu\u00f2 essere azionato quindi con la griffa abbassata quando viene abilitata la funzione \u201ctaglio corto del filo\u201d. Questa funzione riduce lo spazio fra la placca d\u2019ago e","og_url":"https:\/\/cuciroma.com\/en\/prodotto\/juki-ddl-9000a-2\/","og_site_name":"Cuciroma | Macchine da cucire e accessori per il ricamo","article_publisher":"https:\/\/www.facebook.com\/cuciroma\/","article_modified_time":"2024-06-04T07:15:43+00:00","og_image":[{"width":750,"height":476,"url":"https:\/\/cuciroma.com\/wp-content\/uploads\/2015\/09\/Juki-DDL-9000CFMSNB.jpg","type":"image\/jpeg"}],"twitter_card":"summary_large_image","twitter_misc":{"Est. reading time":"2 minutes"},"schema":{"@context":"https:\/\/schema.org","@graph":[{"@type":"WebPage","@id":"https:\/\/cuciroma.com\/en\/prodotto\/juki-ddl-9000a-2\/","url":"https:\/\/cuciroma.com\/en\/prodotto\/juki-ddl-9000a-2\/","name":"Juki DDL-9000C-FMS - Cuciroma | Macchine da cucire e accessori per il ricamo","isPartOf":{"@id":"https:\/\/cuciroma.com\/#website"},"primaryImageOfPage":{"@id":"https:\/\/cuciroma.com\/en\/prodotto\/juki-ddl-9000a-2\/#primaryimage"},"image":{"@id":"https:\/\/cuciroma.com\/en\/prodotto\/juki-ddl-9000a-2\/#primaryimage"},"thumbnailUrl":"https:\/\/cuciroma.com\/wp-content\/uploads\/2015\/09\/Juki-DDL-9000CFMSNB.jpg","datePublished":"2015-09-25T17:36:48+00:00","dateModified":"2024-06-04T07:15:43+00:00","breadcrumb":{"@id":"https:\/\/cuciroma.com\/en\/prodotto\/juki-ddl-9000a-2\/#breadcrumb"},"inLanguage":"en-US","potentialAction":[{"@type":"ReadAction","target":["https:\/\/cuciroma.com\/en\/prodotto\/juki-ddl-9000a-2\/"]}]},{"@type":"ImageObject","inLanguage":"en-US","@id":"https:\/\/cuciroma.com\/en\/prodotto\/juki-ddl-9000a-2\/#primaryimage","url":"https:\/\/cuciroma.com\/wp-content\/uploads\/2015\/09\/Juki-DDL-9000CFMSNB.jpg","contentUrl":"https:\/\/cuciroma.com\/wp-content\/uploads\/2015\/09\/Juki-DDL-9000CFMSNB.jpg","width":750,"height":476},{"@type":"BreadcrumbList","@id":"https:\/\/cuciroma.com\/en\/prodotto\/juki-ddl-9000a-2\/#breadcrumb","itemListElement":[{"@type":"ListItem","position":1,"name":"Shop On line","item":"https:\/\/cuciroma.com\/shop\/"},{"@type":"ListItem","position":2,"name":"Juki DDL-9000C-FMS"}]},{"@type":"WebSite","@id":"https:\/\/cuciroma.com\/#website","url":"https:\/\/cuciroma.com\/","name":"Cuciroma | Macchine da cucire e accessori per il ricamo","description":"Rivenditore e Assistenza autorizzata Macchine da Cucire Professionali","publisher":{"@id":"https:\/\/cuciroma.com\/#organization"},"potentialAction":[{"@type":"SearchAction","target":{"@type":"EntryPoint","urlTemplate":"https:\/\/cuciroma.com\/?s={search_term_string}"},"query-input":{"@type":"PropertyValueSpecification","valueRequired":true,"valueName":"search_term_string"}}],"inLanguage":"en-US"},{"@type":"Organization","@id":"https:\/\/cuciroma.com\/#organization","name":"Cuciroma","url":"https:\/\/cuciroma.com\/","logo":{"@type":"ImageObject","inLanguage":"en-US","@id":"https:\/\/cuciroma.com\/#\/schema\/logo\/image\/","url":"https:\/\/cuciroma.com\/wp-content\/uploads\/2020\/07\/logo-cuciroma.png","contentUrl":"https:\/\/cuciroma.com\/wp-content\/uploads\/2020\/07\/logo-cuciroma.png","width":565,"height":159,"caption":"Cuciroma"},"image":{"@id":"https:\/\/cuciroma.com\/#\/schema\/logo\/image\/"},"sameAs":["https:\/\/www.facebook.com\/cuciroma\/","https:\/\/www.instagram.com\/cuciroma\/"]}]}},"df_price":2450,"df_sale_price":"","df_regular_price":2450,"df_image_link":"https:\/\/cuciroma.com\/wp-content\/uploads\/2015\/09\/Juki-DDL-9000CFMSNB-300x190.jpg","_links":{"self":[{"href":"https:\/\/cuciroma.com\/en\/wp-json\/wp\/v2\/product\/6251","targetHints":{"allow":["GET"]}}],"collection":[{"href":"https:\/\/cuciroma.com\/en\/wp-json\/wp\/v2\/product"}],"about":[{"href":"https:\/\/cuciroma.com\/en\/wp-json\/wp\/v2\/types\/product"}],"replies":[{"embeddable":true,"href":"https:\/\/cuciroma.com\/en\/wp-json\/wp\/v2\/comments?post=6251"}],"wp:featuredmedia":[{"embeddable":true,"href":"https:\/\/cuciroma.com\/en\/wp-json\/wp\/v2\/media\/38239"}],"wp:attachment":[{"href":"https:\/\/cuciroma.com\/en\/wp-json\/wp\/v2\/media?parent=6251"}],"wp:term":[{"taxonomy":"product_brand","embeddable":true,"href":"https:\/\/cuciroma.com\/en\/wp-json\/wp\/v2\/product_brand?post=6251"},{"taxonomy":"product_cat","embeddable":true,"href":"https:\/\/cuciroma.com\/en\/wp-json\/wp\/v2\/product_cat?post=6251"},{"taxonomy":"product_tag","embeddable":true,"href":"https:\/\/cuciroma.com\/en\/wp-json\/wp\/v2\/product_tag?post=6251"}],"curies":[{"name":"wp","href":"https:\/\/api.w.org\/{rel}","templated":true}]}}